{"id":24259,"date":"2025-04-17T09:38:04","date_gmt":"2025-04-17T06:38:04","guid":{"rendered":"https:\/\/www.skaala.com\/?page_id=24259"},"modified":"2025-08-26T11:41:33","modified_gmt":"2025-08-26T08:41:33","slug":"infopaketti-medialle","status":"publish","type":"page","link":"https:\/\/www.skaala.com\/fi\/tietoa-skaalasta\/infopaketti-medialle\/","title":{"rendered":"Tietoa ja materiaaleja medialle"},"content":{"rendered":"\n\t\t<header class=\"featured-hero article\" role=\"banner\" data-interchange=\"[https:\/\/www.skaala.com\/wp-content\/uploads\/2023\/08\/Ikkunalava-640x200.jpg, small], [https:\/\/www.skaala.com\/wp-content\/uploads\/2023\/08\/Ikkunalava-1280x400.jpg, medium], [https:\/\/www.skaala.com\/wp-content\/uploads\/2023\/08\/Ikkunalava-1440x400.jpg, large], [https:\/\/www.skaala.com\/wp-content\/uploads\/2023\/08\/Ikkunalava-1920x400.jpg, xlarge]\">\n\t\t\t\t\t<h1>Materiaalipankki medialle ja tietoa vaikuttajayhteisty\u00f6st\u00e4<\/h1>\n\t\t<\/header>\n\t\t\n\n\n<div class=\"wp-block-custom-content-area custom-wrapper alignleft has-light-blue-background-color\"><div class=\"outer-wrap\">\t\n\t<div id=\"heading-block-block_9be3ab26db145db792f901c840169357\" class=\"heading-block\">\n\t\t<h2 ><span>Etsitk\u00f6 tietoa tai haastateltavaa\u00a0ikkuna- ja oviasioissa? Ehdotatko vaikuttajayhteisty\u00f6t\u00e4? Tarvitsetko kuvia Skaalalta? Tai Skaalan logoa?<\/span><\/h2>\t<\/div>\n\n\n\n<div id=\"text-block-block_322793d362d395fec9d67c93c43e14d6\" class=\"text-block\">\n\t\t\t<p>&nbsp;<\/p>\n<p>T\u00e4lle sivulle on ker\u00e4tty materiaalia Skaalasta. Jos et l\u00f6yd\u00e4 etsim\u00e4\u00e4si, ota yhteytt\u00e4 <a href=\"mailto:markkinointi@skaala.com\">markkinointi@skaala.com<\/a>.<\/p>\n<p><strong>Asiakaspalautteet<\/strong><\/p>\n<p>T\u00e4yt\u00e4 asiakaspalautelomake sivullamme:<a href=\"https:\/\/www.skaala.com\/fi\/asiakaspalaute\/\" target=\"_blank\" rel=\"noopener\"> skaala.com\/asiakaspalaute<\/a><\/p>\n<p><strong>Ty\u00f6- tai harjoittelupaikat<\/strong><\/p>\n<p>Tutustu avoimiin ty\u00f6paikkoihin tai j\u00e4t\u00e4 avoin hakemus: <a href=\"https:\/\/www.skaala.com\/fi\/toihin-skaalalle\/\" target=\"_blank\" rel=\"noopener\">skaala.com\/toihin-skaalalle<\/a><\/p>\n<p><strong>Vaikuttajayhteisty\u00f6<\/strong><\/p>\n<p>Jos olet kiinnostunut yhteisty\u00f6st\u00e4mme kanssamme sosiaalisessa mediassa, kirjoita <a href=\"mailto:markkinointi@skaala.com\" target=\"_blank\" rel=\"noopener\">markkinointi@skaala.com<\/a> yhteisty\u00f6t\u00e4 koskevat t\u00e4rkeimm\u00e4t tiedot: sosiaalisen median k\u00e4ytt\u00e4j\u00e4nimet, seuraajam\u00e4\u00e4r\u00e4 ja ehdotuksesi yhteisty\u00f6st\u00e4.<\/p>\n<p><strong>Sponsorointi<\/strong><\/p>\n<p>Lue lis\u00e4\u00e4 Skaalan sponsoroinnin suuntaviivoista ja j\u00e4t\u00e4 hakemus: <a href=\"https:\/\/www.skaala.com\/fi\/tietoa-skaalasta\/sponsorointi\/\" target=\"_blank\" rel=\"noopener\">skaala.com\/sponsorointi\/<\/a><\/p>\n\t<\/div>\n\n<\/div><\/div>\n\n\n\n<div class=\"wp-block-custom-content-area custom-wrapper alignleft has-dark-gray-background-color\"><div class=\"outer-wrap\">\n<div class=\"wp-block-custom-inner-columns has-three-columns custom-columns\"><div class=\"outer-wrap\">\n<div class=\"wp-block-custom-custom-column custom-column\"><div class=\"inner-wrap\">\t\n\t<div id=\"heading-block-block_ed112d7353e8c785334bdbd2e7a4fef9\" class=\"heading-block\">\n\t\t<h3 ><span>Etsi oikea henkil\u00f6 tai paikka<\/span><\/h3>\t<\/div>\n\n\n\n<a href=\"https:\/\/www.skaala.com\/fi\/yhteystiedot\/?hakusana=&#038;johto=true\" \nid=\"button-block-block_f1b6ffcb389e9b316ad3bcdb044739d7\" \nclass=\"button-block button\"\ntarget=\"_blank\"\n>Johdon yhteystiedot<\/a>\n\n\n\n\n<a href=\"https:\/\/www.skaala.com\/fi\/yhteystiedot\/?hakusana=&#038;toimipaikat=true\" \nid=\"button-block-block_fea16a478434f8a7f2f651bb9ab63454\" \nclass=\"button-block button\"\ntarget=\"_blank\"\n>Toimipaikkojen yhteystiedot<\/a>\n\n<\/div><\/div>\n\n\n\n<div class=\"wp-block-custom-custom-column custom-column\"><div class=\"inner-wrap\">\t\n\t<div id=\"heading-block-block_5f858f5881f78ae2551270961953e227\" class=\"heading-block\">\n\t\t<h3 ><span>Tututu ajankohtaista-arkistoon<\/span><\/h3>\t<\/div>\n\n\n\n<a href=\"https:\/\/www.skaala.com\/fi\/ajankohtaista\/\" \nid=\"button-block-block_367c5f2369fad86571be5c3f8003022a\" \nclass=\"button-block button\"\ntarget=\"_blank\"\n>Uutisarkisto<\/a>\n\n<\/div><\/div>\n\n\n\n<div class=\"wp-block-custom-custom-column custom-column\"><div class=\"inner-wrap\">\t\n\t<div id=\"heading-block-block_5e33d92bb40efca99a1116a1b1c1091a\" class=\"heading-block\">\n\t\t<h3 ><span>Skaala somessa<\/span><\/h3>\t<\/div>\n\n\n\n<a href=\"https:\/\/www.instagram.com\/skaalaifn\/\" id=\"button-block-block_5e0e42f86224fd2509f428cee9da231a\" class=\"button-block button\" target=\"_blank\" rel=\"noopener\">Skaala Instagramissa<\/a>\n\n\n\n\n<a href=\"https:\/\/www.facebook.com\/Skaala.Suomi\/\" id=\"button-block-block_94c3d9db985c6a1d96f385a7d40c2619\" class=\"button-block button\" target=\"_blank\" rel=\"noopener\">Skaala Facebookissa<\/a>\n\n\n\n\n<a href=\"https:\/\/www.linkedin.com\/company\/10356036\/admin\/dashboard\/\" id=\"button-block-block_34ec763f41ac1e85ff944f4819895d4a\" class=\"button-block button\" target=\"_blank\" rel=\"noopener\">Skaala LinkedIniss\u00e4<\/a>\n\n<\/div><\/div>\n<\/div><\/div>\n<\/div><\/div>\n\n\n\n<div class=\"wp-block-custom-content-area custom-wrapper alignleft has-light-blue-background-color\"><div class=\"outer-wrap\">\n<div class=\"wp-block-custom-inner-columns has-three-columns custom-columns\"><div class=\"outer-wrap\">\n<div class=\"wp-block-custom-custom-column custom-column\"><div class=\"inner-wrap\">\t\n\t<div id=\"heading-block-block_80e2954f291528f8b390c75e50f8a68e\" class=\"heading-block\">\n\t\t<h3 ><span>Kuvia Skaalalta<\/span><\/h3>\t<\/div>\n\n\n\n<div id=\"text-block-block_27c2068347d21b57ece1f79e43491c74\" class=\"text-block\">\n\t\t\t<div class=\"hy-main-content-wrapper\">\n<p class=\"hy-ingress hy-ingress__common\">Media voi pyyt\u00e4\u00e4 k\u00e4ytt\u00f6\u00f6ns\u00e4 veloituksetta kuvia Skaalan toiminnasta kertovien juttuihin \u00a0L\u00e4hteen\u00e4 tulee mainita Skaala IFN Oy.<\/p>\n<\/div>\n\t<\/div>\n\n\n\n\n\n<\/div><\/div>\n\n\n\n<div class=\"wp-block-custom-custom-column custom-column\"><div class=\"inner-wrap\">\t\n\t<div id=\"heading-block-block_407ec474fa53179bdea7c4688422c9be\" class=\"heading-block\">\n\t\t<h3 ><span>Kuvaaminen Skaalan tiloissa<\/span><\/h3>\t<\/div>\n\n\n\n<div id=\"text-block-block_f227dba58231d0df4a9010b165d4e622\" class=\"text-block\">\n\t\t\t<p>Skaalan tuotantotilat eiv\u00e4t ole julkista tilaa, joten niiss\u00e4 kuvaamiseen pit\u00e4\u00e4 olla Skaalan edustajan sek\u00e4 kuvattavien henkil\u00f6iden suostumus.<\/p>\n\t<\/div>\n\n<\/div><\/div>\n\n\n\n<div class=\"wp-block-custom-custom-column custom-column\"><div class=\"inner-wrap\">\t\n\t<div id=\"heading-block-block_b9426ab20ebf985cc0c0ec9301343632\" class=\"heading-block\">\n\t\t<h3 ><span>Skaalan br\u00e4ndiohjeet<\/span><\/h3>\t<\/div>\n\n\n\n<div id=\"text-block-block_b1c279eebdb29140217748cf41a013c0\" class=\"text-block\">\n\t\t\t<p>Skaalan br\u00e4ndi ja visuaalinen ilme tukee visiotamme kasvaa halutuimmaksi br\u00e4ndiksi.<\/p>\n<p>&nbsp;<\/p>\n\t<\/div>\n\n\n\n\n<a href=\"https:\/\/www.skaala.com\/fi\/yhteystiedot\/markkinointi\/\" id=\"button-block-block_f37e2a7599ec50ed8ea3cf8b462110cb\" class=\"button-block button\" target=\"\">Tilaa br\u00e4ndiohjeet<\/a>\n\n\n\n\n<a href=\"https:\/\/www.skaala.com\/wp-content\/uploads\/2025\/07\/Skaala-logo-punainen.pdf\" id=\"button-block-block_2a6246e9c73e7dbe6c5954625660a598\" class=\"button-block button\" target=\"_blank\">Lataa Skaala-logo<\/a>\n\n<\/div><\/div>\n<\/div><\/div>\n<\/div><\/div>\n","protected":false},"excerpt":{"rendered":"","protected":false},"author":5,"featured_media":16400,"parent":148,"menu_order":0,"comment_status":"closed","ping_status":"closed","template":"","meta":{"_acf_changed":false,"inline_featured_image":false,"footnotes":""},"class_list":["post-24259","page","type-page","status-publish","has-post-thumbnail","hentry"],"acf":[],"_links":{"self":[{"href":"https:\/\/www.skaala.com\/fi\/wp-json\/wp\/v2\/pages\/24259","targetHints":{"allow":["GET"]}}],"collection":[{"href":"https:\/\/www.skaala.com\/fi\/wp-json\/wp\/v2\/pages"}],"about":[{"href":"https:\/\/www.skaala.com\/fi\/wp-json\/wp\/v2\/types\/page"}],"author":[{"embeddable":true,"href":"https:\/\/www.skaala.com\/fi\/wp-json\/wp\/v2\/users\/5"}],"replies":[{"embeddable":true,"href":"https:\/\/www.skaala.com\/fi\/wp-json\/wp\/v2\/comments?post=24259"}],"version-history":[{"count":12,"href":"https:\/\/www.skaala.com\/fi\/wp-json\/wp\/v2\/pages\/24259\/revisions"}],"predecessor-version":[{"id":25268,"href":"https:\/\/www.skaala.com\/fi\/wp-json\/wp\/v2\/pages\/24259\/revisions\/25268"}],"up":[{"embeddable":true,"href":"https:\/\/www.skaala.com\/fi\/wp-json\/wp\/v2\/pages\/148"}],"wp:featuredmedia":[{"embeddable":true,"href":"https:\/\/www.skaala.com\/fi\/wp-json\/wp\/v2\/media\/16400"}],"wp:attachment":[{"href":"https:\/\/www.skaala.com\/fi\/wp-json\/wp\/v2\/media?parent=24259"}],"curies":[{"name":"wp","href":"https:\/\/api.w.org\/{rel}","templated":true}]}}