{"id":25534,"date":"2025-09-16T11:58:47","date_gmt":"2025-09-16T08:58:47","guid":{"rendered":"https:\/\/www.skaala.com\/?page_id=25534"},"modified":"2026-03-04T11:43:43","modified_gmt":"2026-03-04T09:43:43","slug":"10x10","status":"publish","type":"page","link":"https:\/\/www.skaala.com\/fi\/ikkunat\/koot-ja-mitat\/10x10\/","title":{"rendered":"Ikkuna 10X10"},"content":{"rendered":"<div class=\"product-wrapper has-light-blue-background-color\">\n\t<div class=\"featured-product-block\">\n\n\t\t<div class=\"featured-product\">\n\t\t\t<div class=\"grid-item\">\n\t\t\t\t\t\t\t\t\t<img decoding=\"async\" width=\"293\" height=\"300\" src=\"https:\/\/www.skaala.com\/wp-content\/uploads\/2025\/10\/Nayttokuva-2025-10-08-kello-8.22.28-293x300.png\" class=\"featured-item--image\" alt=\"ikkuna 10x10 tai 100x100 cm tai 1000x1000 mm\" srcset=\"https:\/\/www.skaala.com\/wp-content\/uploads\/2025\/10\/Nayttokuva-2025-10-08-kello-8.22.28-293x300.png 293w, https:\/\/www.skaala.com\/wp-content\/uploads\/2025\/10\/Nayttokuva-2025-10-08-kello-8.22.28-101x103.png 101w, https:\/\/www.skaala.com\/wp-content\/uploads\/2025\/10\/Nayttokuva-2025-10-08-kello-8.22.28-24x24.png 24w, https:\/\/www.skaala.com\/wp-content\/uploads\/2025\/10\/Nayttokuva-2025-10-08-kello-8.22.28-48x48.png 48w, https:\/\/www.skaala.com\/wp-content\/uploads\/2025\/10\/Nayttokuva-2025-10-08-kello-8.22.28.png 596w\" sizes=\"(max-width: 639px) 98vw, (max-width: 1199px) 64vw, 293px\" \/>\t\t\t\t\t\t\t<\/div>\n\t\t\t<div class=\"grid-item product-info\">\n\t\t\t\t<h1>Ikkuna 10X10 \u2013 Tyylik\u00e4s ikkuna Skaalalta<\/h1>\n\t\t\t\t<div class=\"product-description\" style=\"margin: 24px 0;\">\n\t\t\t\t\t<p><p>Ikkuna 10X10 (eli 100X100 cm tai 1000X1000 mm) on monik\u00e4ytt\u00f6inen valinta, joka tuo luonnonvalon osaksi kotisi arkea. Skaalan mittatilausikkunat valmistetaan Suomessa, ja niihin voidaan yhdist\u00e4\u00e4 kaikki tarvitsemasi ominaisuudet. Jokainen ikkuna on suunniteltu kest\u00e4m\u00e4\u00e4n aikaa, k\u00e4ytt\u00f6\u00e4 ja pohjoisen vaihtelevia s\u00e4\u00e4oloja. Oman tehtaamme ansiosta saat meilt\u00e4 kaikki tarvitsemasi ikkunoiden koot mittatilauksena!<\/p>\n<\/p>\n\t\t\t\t<\/div>\n\t\t\t\t\t\t\t\t\t<a class=\"button\" href=\"https:\/\/skaala.ikkunaverkkokauppa.fi\/product\/show\/486\" target=\"\" rel=\"noopener\">Verkkokauppa \u2013 osta ikkunat netist\u00e4<\/a>\n\t\t\t\t\t\t\t<\/div>\n\t\t<\/div>\n\n\t<\/div>\n<\/div>\n\n\n\n<div class=\"wp-block-custom-content-area custom-wrapper has-dark-gray-background-color\">\n\t<div class=\"outer-wrap\">\n\n\t\t\n\t\t<div class=\"product-card-cols\">\n\t\t\t<div>\n\t\t\t\t<p><h2>Tilaa 100X100cm ikkuna suoraan Ylih\u00e4rm\u00e4n tehtaalta<\/h2>\n<p>Kaikki Skaalan ikkunat, valmistetaan Suomessa omalla tehtaallamme. Pitk\u00e4 kokemus, vastuullinen valmistus ja palkittu tuotekehitys takaavat, ett\u00e4 saat tuotteen, johon voit luottaa vuosikymmeniksi eteenp\u00e4in. Meilt\u00e4 saat asiantuntevan palvelun ja kotimaisen laadun.<\/p>\n<p>&nbsp;<\/p>\n<p>Kun etsit ikkunaa, joka yhdist\u00e4\u00e4 turvallisuuden, n\u00e4k\u00f6suojan ja energiatehokkuuden, valitse Skaalan ikkuna 10X10. Jos et ole varma, mink\u00e4 kokoisen ikkunan tarvitset, siantuntijamme auttavat sinua mielell\u00e4\u00e4n!<\/p>\n<\/p>\n\t\t\t<\/div>\n\t\t\t<div>\n\t\t\t\t<p><p><script type=\"text\/javascript\" async src=\"https:\/\/bot.leadoo.com\/bot\/inpage.js?code=10a190a591cb800a#seamless\"><\/script><\/p>\n<\/p>\n\t\t\t<\/div>\n\t\t<\/div>\n\n\t<\/div>\n<\/div>\n\n\n\n<div class=\"wp-block-custom-content-area custom-wrapper aligncenter has-light-blue-background-color\">\n\t<div class=\"outer-wrap\">\n\n\t\t<div class=\"window-doors-listing\">\n\t\t\t<h2 class=\"introduction-title\">Ikkunoiden puuosien v\u00e4rivaihtoehdot<\/h2>\n\t\t\t<div>\n\t\t\t\t<p>Skaalan mallistosta l\u00f6yd\u00e4t laajan s\u00e4vyvalikoiman, joka sopii niin perinteiseen puutaloon kuin moderniin kivitaloon. Voit valita eri s\u00e4vyt sis\u00e4- ja ulkopuolelle, jolloin sis\u00e4puoli sulautuu sisustukseen. <strong>Valitse jokin suosituimmista s\u00e4vyist\u00e4mme tai <a href=\"https:\/\/www.skaala.com\/fi\/ikkunat\/ikkunoiden-varivaihtoehdot\/\">tutustu kaikkiin v\u00e4reihin<\/a>.<\/strong><\/p>\n\t\t\t<\/div>\n\t\t\t\t\t\t\t<div class=\"window-doors-listing-grid\">\n\t\t\t\t\t\t\t\t\t\t\t<div class=\"window-doors-listing--item\">\n\t\t\t\t\t\t\t\t\t\t\t\t\t\t\t\t\t\t\t\t\t\t<img decoding=\"async\" width=\"2000\" height=\"1126\" src=\"https:\/\/www.skaala.com\/wp-content\/uploads\/2024\/10\/Valkolakka.jpg\" class=\"featured-item\" alt=\"\" srcset=\"https:\/\/www.skaala.com\/wp-content\/uploads\/2024\/10\/Valkolakka.jpg 2000w, https:\/\/www.skaala.com\/wp-content\/uploads\/2024\/10\/Valkolakka-300x169.jpg 300w, https:\/\/www.skaala.com\/wp-content\/uploads\/2024\/10\/Valkolakka-1024x577.jpg 1024w, https:\/\/www.skaala.com\/wp-content\/uploads\/2024\/10\/Valkolakka-768x432.jpg 768w, https:\/\/www.skaala.com\/wp-content\/uploads\/2024\/10\/Valkolakka-101x57.jpg 101w, https:\/\/www.skaala.com\/wp-content\/uploads\/2024\/10\/Valkolakka-1536x865.jpg 1536w, https:\/\/www.skaala.com\/wp-content\/uploads\/2024\/10\/Valkolakka-640x360.jpg 640w, https:\/\/www.skaala.com\/wp-content\/uploads\/2024\/10\/Valkolakka-1200x676.jpg 1200w, https:\/\/www.skaala.com\/wp-content\/uploads\/2024\/10\/Valkolakka-1920x1081.jpg 1920w\" sizes=\"(max-width: 639px) 98vw, (max-width: 1199px) 64vw, 770px\" \/>\t\t\t\t\t\t\t\t\t\t\t\t\t\t\t\t\t\t\t\t<\/div>\n\t\t\t\t\t\t\t\t\t\t\t<div class=\"window-doors-listing--item\">\n\t\t\t\t\t\t\t\t\t\t\t\t\t\t\t\t\t\t\t\t\t\t<img decoding=\"async\" width=\"2000\" height=\"1141\" src=\"https:\/\/www.skaala.com\/wp-content\/uploads\/2024\/10\/Kirkaslakka-1.jpg\" class=\"featured-item\" alt=\"\" srcset=\"https:\/\/www.skaala.com\/wp-content\/uploads\/2024\/10\/Kirkaslakka-1.jpg 2000w, https:\/\/www.skaala.com\/wp-content\/uploads\/2024\/10\/Kirkaslakka-1-300x171.jpg 300w, https:\/\/www.skaala.com\/wp-content\/uploads\/2024\/10\/Kirkaslakka-1-1024x584.jpg 1024w, https:\/\/www.skaala.com\/wp-content\/uploads\/2024\/10\/Kirkaslakka-1-768x438.jpg 768w, https:\/\/www.skaala.com\/wp-content\/uploads\/2024\/10\/Kirkaslakka-1-101x58.jpg 101w, https:\/\/www.skaala.com\/wp-content\/uploads\/2024\/10\/Kirkaslakka-1-1536x876.jpg 1536w, https:\/\/www.skaala.com\/wp-content\/uploads\/2024\/10\/Kirkaslakka-1-640x365.jpg 640w, https:\/\/www.skaala.com\/wp-content\/uploads\/2024\/10\/Kirkaslakka-1-1200x685.jpg 1200w, https:\/\/www.skaala.com\/wp-content\/uploads\/2024\/10\/Kirkaslakka-1-1920x1095.jpg 1920w\" sizes=\"(max-width: 639px) 98vw, (max-width: 1199px) 64vw, 770px\" \/>\t\t\t\t\t\t\t\t\t\t\t\t\t\t\t\t\t\t\t\t<\/div>\n\t\t\t\t\t\t\t\t\t\t\t<div class=\"window-doors-listing--item\">\n\t\t\t\t\t\t\t\t\t\t\t\t\t\t\t\t\t\t\t\t\t\t<img decoding=\"async\" width=\"2000\" height=\"1144\" src=\"https:\/\/www.skaala.com\/wp-content\/uploads\/2024\/10\/Tammi.jpg\" class=\"featured-item\" alt=\"\" srcset=\"https:\/\/www.skaala.com\/wp-content\/uploads\/2024\/10\/Tammi.jpg 2000w, https:\/\/www.skaala.com\/wp-content\/uploads\/2024\/10\/Tammi-300x172.jpg 300w, https:\/\/www.skaala.com\/wp-content\/uploads\/2024\/10\/Tammi-1024x586.jpg 1024w, https:\/\/www.skaala.com\/wp-content\/uploads\/2024\/10\/Tammi-768x439.jpg 768w, https:\/\/www.skaala.com\/wp-content\/uploads\/2024\/10\/Tammi-101x58.jpg 101w, https:\/\/www.skaala.com\/wp-content\/uploads\/2024\/10\/Tammi-1536x879.jpg 1536w, https:\/\/www.skaala.com\/wp-content\/uploads\/2024\/10\/Tammi-640x366.jpg 640w, https:\/\/www.skaala.com\/wp-content\/uploads\/2024\/10\/Tammi-1200x686.jpg 1200w, https:\/\/www.skaala.com\/wp-content\/uploads\/2024\/10\/Tammi-1920x1098.jpg 1920w\" sizes=\"(max-width: 639px) 98vw, (max-width: 1199px) 64vw, 770px\" \/>\t\t\t\t\t\t\t\t\t\t\t\t\t\t\t\t\t\t\t\t<\/div>\n\t\t\t\t\t\t\t\t\t\t\t<div class=\"window-doors-listing--item\">\n\t\t\t\t\t\t\t\t\t\t\t\t\t\t\t\t\t\t\t\t\t\t<img decoding=\"async\" width=\"2000\" height=\"1076\" src=\"https:\/\/www.skaala.com\/wp-content\/uploads\/2024\/10\/Black-effect.jpg\" class=\"featured-item\" alt=\"\" srcset=\"https:\/\/www.skaala.com\/wp-content\/uploads\/2024\/10\/Black-effect.jpg 2000w, https:\/\/www.skaala.com\/wp-content\/uploads\/2024\/10\/Black-effect-300x161.jpg 300w, https:\/\/www.skaala.com\/wp-content\/uploads\/2024\/10\/Black-effect-1024x551.jpg 1024w, https:\/\/www.skaala.com\/wp-content\/uploads\/2024\/10\/Black-effect-768x413.jpg 768w, https:\/\/www.skaala.com\/wp-content\/uploads\/2024\/10\/Black-effect-101x54.jpg 101w, https:\/\/www.skaala.com\/wp-content\/uploads\/2024\/10\/Black-effect-1536x826.jpg 1536w, https:\/\/www.skaala.com\/wp-content\/uploads\/2024\/10\/Black-effect-640x344.jpg 640w, https:\/\/www.skaala.com\/wp-content\/uploads\/2024\/10\/Black-effect-1200x646.jpg 1200w, https:\/\/www.skaala.com\/wp-content\/uploads\/2024\/10\/Black-effect-1920x1033.jpg 1920w\" sizes=\"(max-width: 639px) 98vw, (max-width: 1199px) 64vw, 770px\" \/>\t\t\t\t\t\t\t\t\t\t\t\t\t\t\t\t\t\t\t\t<\/div>\n\t\t\t\t\t\t\t\t\t<\/div>\n\t\t\t\t\t<\/div>\n\n\t<\/div>\n<\/div>\n\n\n\n<div class=\"wp-block-custom-content-area custom-wrapper aligncenter has-light-blue-background-color\">\n\t<div class=\"outer-wrap\">\n\n\t\t<div class=\"window-doors-listing\">\n\t\t\t<h2 class=\"introduction-title\">Alumiinipintojen v\u00e4rit ikkunoihin<\/h2>\n\t\t\t<div>\n\t\t\t\t<p>Ikkunoiden alumiinipinnat kest\u00e4v\u00e4t hyvin pohjoisen s\u00e4\u00e4vaihteluja l\u00e4hes huoltovapaasti. Ulkov\u00e4ri m\u00e4\u00e4r\u00e4ytyy useimmiten rakennusluvan mukaan, joten se kannattaa tarkistaa jo suunnitteluvaiheessa. <\/p>\n\t\t\t<\/div>\n\t\t\t\t\t\t\t<div class=\"window-doors-listing-grid\">\n\t\t\t\t\t\t\t\t\t\t\t<div class=\"window-doors-listing--item\">\n\t\t\t\t\t\t\t\t\t\t\t\t\t\t\t\t\t\t\t\t\t\t<img decoding=\"async\" width=\"1640\" height=\"924\" src=\"https:\/\/www.skaala.com\/wp-content\/uploads\/2025\/06\/Tummanharmaa-RAL-7024-1.jpg\" class=\"featured-item\" alt=\"ikkunan v\u00e4ri Tummanharmaa RAL 7024\" srcset=\"https:\/\/www.skaala.com\/wp-content\/uploads\/2025\/06\/Tummanharmaa-RAL-7024-1.jpg 1640w, https:\/\/www.skaala.com\/wp-content\/uploads\/2025\/06\/Tummanharmaa-RAL-7024-1-300x169.jpg 300w, https:\/\/www.skaala.com\/wp-content\/uploads\/2025\/06\/Tummanharmaa-RAL-7024-1-1024x577.jpg 1024w, https:\/\/www.skaala.com\/wp-content\/uploads\/2025\/06\/Tummanharmaa-RAL-7024-1-768x433.jpg 768w, https:\/\/www.skaala.com\/wp-content\/uploads\/2025\/06\/Tummanharmaa-RAL-7024-1-101x57.jpg 101w, https:\/\/www.skaala.com\/wp-content\/uploads\/2025\/06\/Tummanharmaa-RAL-7024-1-1536x865.jpg 1536w, https:\/\/www.skaala.com\/wp-content\/uploads\/2025\/06\/Tummanharmaa-RAL-7024-1-640x361.jpg 640w, https:\/\/www.skaala.com\/wp-content\/uploads\/2025\/06\/Tummanharmaa-RAL-7024-1-1200x676.jpg 1200w\" sizes=\"(max-width: 639px) 98vw, (max-width: 1199px) 64vw, 770px\" \/>\t\t\t\t\t\t\t\t\t\t\t\t\t\t\t\t\t\t\t\t<\/div>\n\t\t\t\t\t\t\t\t\t\t\t<div class=\"window-doors-listing--item\">\n\t\t\t\t\t\t\t\t\t\t\t\t\t\t\t\t\t\t\t\t\t\t<img decoding=\"async\" width=\"1640\" height=\"924\" src=\"https:\/\/www.skaala.com\/wp-content\/uploads\/2025\/12\/Valkoinen-RAL-9010-1-reunustettu.png\" class=\"featured-item\" alt=\"\" srcset=\"https:\/\/www.skaala.com\/wp-content\/uploads\/2025\/12\/Valkoinen-RAL-9010-1-reunustettu.png 1640w, https:\/\/www.skaala.com\/wp-content\/uploads\/2025\/12\/Valkoinen-RAL-9010-1-reunustettu-300x169.png 300w, https:\/\/www.skaala.com\/wp-content\/uploads\/2025\/12\/Valkoinen-RAL-9010-1-reunustettu-1024x577.png 1024w, https:\/\/www.skaala.com\/wp-content\/uploads\/2025\/12\/Valkoinen-RAL-9010-1-reunustettu-768x433.png 768w, https:\/\/www.skaala.com\/wp-content\/uploads\/2025\/12\/Valkoinen-RAL-9010-1-reunustettu-101x57.png 101w, https:\/\/www.skaala.com\/wp-content\/uploads\/2025\/12\/Valkoinen-RAL-9010-1-reunustettu-1536x865.png 1536w, https:\/\/www.skaala.com\/wp-content\/uploads\/2025\/12\/Valkoinen-RAL-9010-1-reunustettu-640x361.png 640w, https:\/\/www.skaala.com\/wp-content\/uploads\/2025\/12\/Valkoinen-RAL-9010-1-reunustettu-1200x676.png 1200w\" sizes=\"(max-width: 639px) 98vw, (max-width: 1199px) 64vw, 770px\" \/>\t\t\t\t\t\t\t\t\t\t\t\t\t\t\t\t\t\t\t\t<\/div>\n\t\t\t\t\t\t\t\t\t\t\t<div class=\"window-doors-listing--item\">\n\t\t\t\t\t\t\t\t\t\t\t\t\t\t\t\t\t\t\t\t\t\t<img decoding=\"async\" width=\"1640\" height=\"924\" src=\"https:\/\/www.skaala.com\/wp-content\/uploads\/2025\/06\/Ruskea-RR-32.jpg\" class=\"featured-item\" alt=\"Ikkunan v\u00e4ri Ruskea RR 32\" srcset=\"https:\/\/www.skaala.com\/wp-content\/uploads\/2025\/06\/Ruskea-RR-32.jpg 1640w, https:\/\/www.skaala.com\/wp-content\/uploads\/2025\/06\/Ruskea-RR-32-300x169.jpg 300w, https:\/\/www.skaala.com\/wp-content\/uploads\/2025\/06\/Ruskea-RR-32-1024x577.jpg 1024w, https:\/\/www.skaala.com\/wp-content\/uploads\/2025\/06\/Ruskea-RR-32-768x433.jpg 768w, https:\/\/www.skaala.com\/wp-content\/uploads\/2025\/06\/Ruskea-RR-32-101x57.jpg 101w, https:\/\/www.skaala.com\/wp-content\/uploads\/2025\/06\/Ruskea-RR-32-1536x865.jpg 1536w, https:\/\/www.skaala.com\/wp-content\/uploads\/2025\/06\/Ruskea-RR-32-640x361.jpg 640w, https:\/\/www.skaala.com\/wp-content\/uploads\/2025\/06\/Ruskea-RR-32-1200x676.jpg 1200w\" sizes=\"(max-width: 639px) 98vw, (max-width: 1199px) 64vw, 770px\" \/>\t\t\t\t\t\t\t\t\t\t\t\t\t\t\t\t\t\t\t\t<\/div>\n\t\t\t\t\t\t\t\t\t\t\t<div class=\"window-doors-listing--item\">\n\t\t\t\t\t\t\t\t\t\t\t\t\t\t\t\t\t\t\t\t\t\t<img decoding=\"async\" width=\"1640\" height=\"924\" src=\"https:\/\/www.skaala.com\/wp-content\/uploads\/2025\/06\/Musta-RAL-9005.jpg\" class=\"featured-item\" alt=\"Ikkunan v\u00e4ri Musta RAL 9005\" srcset=\"https:\/\/www.skaala.com\/wp-content\/uploads\/2025\/06\/Musta-RAL-9005.jpg 1640w, https:\/\/www.skaala.com\/wp-content\/uploads\/2025\/06\/Musta-RAL-9005-300x169.jpg 300w, https:\/\/www.skaala.com\/wp-content\/uploads\/2025\/06\/Musta-RAL-9005-1024x577.jpg 1024w, https:\/\/www.skaala.com\/wp-content\/uploads\/2025\/06\/Musta-RAL-9005-768x433.jpg 768w, https:\/\/www.skaala.com\/wp-content\/uploads\/2025\/06\/Musta-RAL-9005-101x57.jpg 101w, https:\/\/www.skaala.com\/wp-content\/uploads\/2025\/06\/Musta-RAL-9005-1536x865.jpg 1536w, https:\/\/www.skaala.com\/wp-content\/uploads\/2025\/06\/Musta-RAL-9005-640x361.jpg 640w, https:\/\/www.skaala.com\/wp-content\/uploads\/2025\/06\/Musta-RAL-9005-1200x676.jpg 1200w\" sizes=\"(max-width: 639px) 98vw, (max-width: 1199px) 64vw, 770px\" \/>\t\t\t\t\t\t\t\t\t\t\t\t\t\t\t\t\t\t\t\t<\/div>\n\t\t\t\t\t\t\t\t\t<\/div>\n\t\t\t\t\t<\/div>\n\n\t<\/div>\n<\/div>\n\n\n\n\n<div class=\"wp-block-custom-content-area custom-wrapper aligncenter has-light-blue-background-color\"><div class=\"outer-wrap\">\n<a href=\"https:\/\/www.skaala.com\/fi\/ikkunat\/ikkunoiden-varivaihtoehdot\/\" id=\"button-block-block_f14c2a36356b311d2d39dea719e92445\" class=\"button-block button\" target=\"\">Katso kaikki v\u00e4rivaihtoehdot<\/a>\n\n<\/div><\/div>\n\n\n<div class=\"wp-block-custom-content-area custom-wrapper has-dark-gray-background-color\">\n\t<div class=\"outer-wrap\">\n\n\t\t\n\t\t<div class=\"product-card-cols\">\n\t\t\t<div>\n\t\t\t\t<p><h3>Turvalasit ja n\u00e4k\u00f6suoja tarpeen mukaan<\/h3>\n<p>Skaalan laajasta lasivalikoimasta l\u00f6yd\u00e4t ratkaisun jokaiseen tilaan ja tyyliin. Ikkuna 10X10 koossa voidaan varustaa esimerkiksi:<\/p>\n<ul>\n<li>turvalasilla, joka ehk\u00e4isee rikkoutumista<\/li>\n<li>huurtumattomalla lasilla, joka est\u00e4\u00e4 lasin huurtumisen syksyisin ja kev\u00e4isin.<\/li>\n<li>aurinkosuojalasilla, joka est\u00e4\u00e4 suoran paahteen kotiisi.<\/li>\n<\/ul>\n<p>N\u00e4in saat ikkunan, joka palvelee t\u00e4ydellisesti tarpeitasi, olipa kyseess\u00e4 olohuone, eteinen tai vapaa-ajan asunto.<\/p>\n<\/p>\n\t\t\t<\/div>\n\t\t\t<div>\n\t\t\t\t<p><h3>Energiatehokas vaihtoehto<\/h3>\n<p>Ikkuna 10X10 koossa on suunniteltu energiatehokkaaksi. Skaalan ikkunoilla voit saavuttaa jopa 70 % s\u00e4\u00e4st\u00f6\u00e4 energiankulutuksessa verrattuna vanhoihin ikkunoihin. Tiivis rakenne ja laadukkaat eristyslasit pit\u00e4v\u00e4t l\u00e4mm\u00f6n sis\u00e4ll\u00e4 ja vedon ulkona. Hyv\u00e4 eristys n\u00e4kyy siis sek\u00e4 asumismukavuudessa ett\u00e4 l\u00e4mmityslaskussa.<\/p>\n<\/p>\n\t\t\t<\/div>\n\t\t<\/div>\n\n\t<\/div>\n<\/div>\n\n","protected":false},"excerpt":{"rendered":"","protected":false},"author":1828,"featured_media":25815,"parent":26396,"menu_order":0,"comment_status":"closed","ping_status":"closed","template":"page-templates\/door-window-template.php","meta":{"_acf_changed":false,"inline_featured_image":false,"footnotes":""},"class_list":["post-25534","page","type-page","status-publish","has-post-thumbnail","hentry"],"acf":[],"_links":{"self":[{"href":"https:\/\/www.skaala.com\/fi\/wp-json\/wp\/v2\/pages\/25534","targetHints":{"allow":["GET"]}}],"collection":[{"href":"https:\/\/www.skaala.com\/fi\/wp-json\/wp\/v2\/pages"}],"about":[{"href":"https:\/\/www.skaala.com\/fi\/wp-json\/wp\/v2\/types\/page"}],"author":[{"embeddable":true,"href":"https:\/\/www.skaala.com\/fi\/wp-json\/wp\/v2\/users\/1828"}],"replies":[{"embeddable":true,"href":"https:\/\/www.skaala.com\/fi\/wp-json\/wp\/v2\/comments?post=25534"}],"version-history":[{"count":8,"href":"https:\/\/www.skaala.com\/fi\/wp-json\/wp\/v2\/pages\/25534\/revisions"}],"predecessor-version":[{"id":27593,"href":"https:\/\/www.skaala.com\/fi\/wp-json\/wp\/v2\/pages\/25534\/revisions\/27593"}],"up":[{"embeddable":true,"href":"https:\/\/www.skaala.com\/fi\/wp-json\/wp\/v2\/pages\/26396"}],"wp:featuredmedia":[{"embeddable":true,"href":"https:\/\/www.skaala.com\/fi\/wp-json\/wp\/v2\/media\/25815"}],"wp:attachment":[{"href":"https:\/\/www.skaala.com\/fi\/wp-json\/wp\/v2\/media?parent=25534"}],"curies":[{"name":"wp","href":"https:\/\/api.w.org\/{rel}","templated":true}]}}