{"id":25608,"date":"2025-09-16T17:21:11","date_gmt":"2025-09-16T14:21:11","guid":{"rendered":"https:\/\/www.skaala.com\/?page_id=25608"},"modified":"2025-12-23T10:48:40","modified_gmt":"2025-12-23T08:48:40","slug":"korkeat-ikkunat","status":"publish","type":"page","link":"https:\/\/www.skaala.com\/fi\/ikkunat\/koot-ja-mitat\/korkeat-ikkunat\/","title":{"rendered":"Korkeat ikkunat"},"content":{"rendered":"<div class=\"product-wrapper has-light-blue-background-color\">\n\t<div class=\"featured-product-block\">\n\n\t\t<div class=\"featured-product\">\n\t\t\t<div class=\"grid-item\">\n\t\t\t\t\t\t\t\t\t<img decoding=\"async\" width=\"225\" height=\"300\" src=\"https:\/\/www.skaala.com\/wp-content\/uploads\/2025\/12\/kiintea-ikkuna-talvimaisema-225x300.jpg\" class=\"featured-item--image\" alt=\"\" srcset=\"https:\/\/www.skaala.com\/wp-content\/uploads\/2025\/12\/kiintea-ikkuna-talvimaisema-225x300.jpg 225w, https:\/\/www.skaala.com\/wp-content\/uploads\/2025\/12\/kiintea-ikkuna-talvimaisema-768x1024.jpg 768w, https:\/\/www.skaala.com\/wp-content\/uploads\/2025\/12\/kiintea-ikkuna-talvimaisema-101x135.jpg 101w, https:\/\/www.skaala.com\/wp-content\/uploads\/2025\/12\/kiintea-ikkuna-talvimaisema-1152x1536.jpg 1152w, https:\/\/www.skaala.com\/wp-content\/uploads\/2025\/12\/kiintea-ikkuna-talvimaisema-1536x2048.jpg 1536w, https:\/\/www.skaala.com\/wp-content\/uploads\/2025\/12\/kiintea-ikkuna-talvimaisema-640x853.jpg 640w, https:\/\/www.skaala.com\/wp-content\/uploads\/2025\/12\/kiintea-ikkuna-talvimaisema-1024x1365.jpg 1024w, https:\/\/www.skaala.com\/wp-content\/uploads\/2025\/12\/kiintea-ikkuna-talvimaisema-1200x1600.jpg 1200w, https:\/\/www.skaala.com\/wp-content\/uploads\/2025\/12\/kiintea-ikkuna-talvimaisema-scaled.jpg 1920w\" sizes=\"(max-width: 639px) 98vw, (max-width: 1199px) 64vw, 225px\" \/>\t\t\t\t\t\t\t<\/div>\n\t\t\t<div class=\"grid-item product-info\">\n\t\t\t\t<h1>Korkeat ikkunat<\/h1>\n\t\t\t\t<div class=\"product-description\" style=\"margin: 24px 0;\">\n\t\t\t\t\t<p><p><span class=\"TextRun SCXW7489240 BCX0\" lang=\"FI-FI\" xml:lang=\"FI-FI\" data-contrast=\"auto\"><span class=\"NormalTextRun SCXW7489240 BCX0\">Etsitk\u00f6 ikkunaa, joka tuo valoa\u00a0<\/span><span class=\"NormalTextRun SCXW7489240 BCX0\">kotiisi\u00a0<\/span><span class=\"NormalTextRun SCXW7489240 BCX0\">lattiasta kattoon? Skaalan ikkunat tekev\u00e4t huoneesta avaramman ja avaavat n\u00e4kym\u00e4t upeasti my\u00f6s korkeammissa sis\u00e4tiloissa. Valmistamme korkeat mittatilausikkunamme tehtaallamme\u00a0<\/span><span class=\"NormalTextRun SCXW7489240 BCX0\">Etel\u00e4-Pohjanmaalla<\/span><span class=\"NormalTextRun SCXW7489240 BCX0\">. Saat siis juuri oikean kokoiset, Avainlippu-merkityt ja energiatehokkaat ikkunat juuri oikeassa koossa.<\/span><\/span><span class=\"EOP SCXW7489240 BCX0\" data-ccp-props=\"{}\">\u00a0<\/span><\/p>\n<p>&nbsp;<\/p>\n<\/p>\n\t\t\t\t<\/div>\n\t\t\t\t\t\t\t\t\t<a class=\"button\" href=\"https:\/\/www.skaala.com\/fi\/verkkokauppa\/\" target=\"\">Verkkokauppa \u2013 ovet ja ikkunat netist\u00e4<\/a>\n\t\t\t\t\t\t\t<\/div>\n\t\t<\/div>\n\n\t<\/div>\n<\/div>\n\n\n\n<div class=\"wp-block-custom-content-area custom-wrapper aligncenter has-light-blue-background-color\">\n\t<div class=\"outer-wrap\">\n\n\t\t<div class=\"window-doors-listing\">\n\t\t\t<h2 class=\"introduction-title\">Korkeiden ikkunoiden kokovaihtoehdot<\/h2>\n\t\t\t<div>\n\t\t\t\t<p>Korkeat ikkunat sopivat t\u00e4ydellisesti avaraan olohuoneeseen, ruokailutilaan tai portaikkoon, kun haluat tilaan mahdollisimman paljon luonnonvaloa. Valitse ikkunasi leveys ja korkeus sek\u00e4 haluamasi malli, v\u00e4ri ja k\u00e4ytt\u00f6\u00e4 helpottavat lis\u00e4varusteet. <strong>Valmistamme ikkunoita my\u00f6s mittatilausty\u00f6n\u00e4 haluamassasi koossa.<\/strong><\/p>\n\t\t\t<\/div>\n\t\t\t\t\t\t\t<div class=\"window-doors-listing-grid\">\n\t\t\t\t\t\t\t\t\t\t\t<div class=\"window-doors-listing--item\">\n\t\t\t\t\t\t\t\t\t\t\t\t\t\t\t\t\t\t\t\t\t\t\t\t\t\t\t\t\t<div class=\"button-wrap\">\n\t\t\t\t\t\t\t\t\t<a class=\"button\" href=\"https:\/\/www.skaala.com\/fi\/ikkunat\/10x12\/\" target=\"\">Ikkuna 10X12<\/a>\n\t\t\t\t\t\t\t\t<\/div>\n\t\t\t\t\t\t\t\t\t\t\t\t\t<\/div>\n\t\t\t\t\t\t\t\t\t\t\t<div class=\"window-doors-listing--item\">\n\t\t\t\t\t\t\t\t\t\t\t\t\t\t\t\t\t\t\t\t\t\t\t\t\t\t\t\t\t<div class=\"button-wrap\">\n\t\t\t\t\t\t\t\t\t<a class=\"button\" href=\"https:\/\/www.skaala.com\/fi\/ikkunat\/koot-ja-mitat\/9x12\/\" target=\"\">Ikkuna 9X12<\/a>\n\t\t\t\t\t\t\t\t<\/div>\n\t\t\t\t\t\t\t\t\t\t\t\t\t<\/div>\n\t\t\t\t\t\t\t\t\t\t\t<div class=\"window-doors-listing--item\">\n\t\t\t\t\t\t\t\t\t\t\t\t\t\t\t\t\t\t\t\t\t\t\t\t\t\t\t\t\t<div class=\"button-wrap\">\n\t\t\t\t\t\t\t\t\t<a class=\"button\" href=\"https:\/\/www.skaala.com\/fi\/ikkunat\/koot-ja-mitat\/6x9\/\" target=\"\">Ikkuna 6X9<\/a>\n\t\t\t\t\t\t\t\t<\/div>\n\t\t\t\t\t\t\t\t\t\t\t\t\t<\/div>\n\t\t\t\t\t\t\t\t\t\t\t<div class=\"window-doors-listing--item\">\n\t\t\t\t\t\t\t\t\t\t\t\t\t\t\t\t\t\t\t\t\t\t\t\t\t\t\t\t\t<div class=\"button-wrap\">\n\t\t\t\t\t\t\t\t\t<a class=\"button\" href=\"https:\/\/www.skaala.com\/fi\/ikkunat\/koot-ja-mitat\/6x12\/\" target=\"\">Ikkuna 6X12<\/a>\n\t\t\t\t\t\t\t\t<\/div>\n\t\t\t\t\t\t\t\t\t\t\t\t\t<\/div>\n\t\t\t\t\t\t\t\t\t<\/div>\n\t\t\t\t\t<\/div>\n\n\t<\/div>\n<\/div>\n\n\n\n<div class=\"wp-block-custom-content-area custom-wrapper has-dark-gray-background-color\">\n\t<div class=\"outer-wrap\">\n\n\t\t\n\t\t<div class=\"product-card-cols\">\n\t\t\t<div>\n\t\t\t\t<p><h3>Korkeat ikkunat mittatilauksella<\/h3>\n<p>Skaalalla jokainen ikkuna valmistetaan mittatilausty\u00f6n\u00e4 sinun kohteeseesi sopivaksi. Valmistamme ikkunamme Skaalan tehtaalla Ylih\u00e4rm\u00e4ss\u00e4, ja ikkunoiden kotimaisesta laadusta kertoo Avainlippu-merkki sek\u00e4 kattava takuu.<\/p>\n<\/p>\n\t\t\t<\/div>\n\t\t\t<div>\n\t\t\t\t<p><p><script type=\"text\/javascript\" async src=\"https:\/\/bot.leadoo.com\/bot\/inpage.js?code=10a190a591cb800a#seamless\"><span data-mce-type=\"bookmark\" style=\"display: inline-block; width: 0px; overflow: hidden; line-height: 0;\" class=\"mce_SELRES_start\">\ufeff<\/span><\/script><\/p>\n<\/p>\n\t\t\t<\/div>\n\t\t<\/div>\n\n\t<\/div>\n<\/div>\n\n\n\n<div class=\"product-wrapper has-light-blue-background-color\">\n\t<div class=\"featured-product-block window-image-content\">\n\n\t\t<div class=\"featured-product\">\n\t\t\t<div class=\"grid-item\">\n\t\t\t\t\t\t\t\t\t<img decoding=\"async\" width=\"300\" height=\"200\" src=\"https:\/\/www.skaala.com\/wp-content\/uploads\/2025\/12\/Skaala-kapea-Aava-ikkuna-300x200.jpg\" class=\"featured-item--image\" alt=\"\" srcset=\"https:\/\/www.skaala.com\/wp-content\/uploads\/2025\/12\/Skaala-kapea-Aava-ikkuna-300x200.jpg 300w, https:\/\/www.skaala.com\/wp-content\/uploads\/2025\/12\/Skaala-kapea-Aava-ikkuna-1024x683.jpg 1024w, https:\/\/www.skaala.com\/wp-content\/uploads\/2025\/12\/Skaala-kapea-Aava-ikkuna-768x512.jpg 768w, https:\/\/www.skaala.com\/wp-content\/uploads\/2025\/12\/Skaala-kapea-Aava-ikkuna-101x67.jpg 101w, https:\/\/www.skaala.com\/wp-content\/uploads\/2025\/12\/Skaala-kapea-Aava-ikkuna-1536x1024.jpg 1536w, https:\/\/www.skaala.com\/wp-content\/uploads\/2025\/12\/Skaala-kapea-Aava-ikkuna-2048x1365.jpg 2048w, https:\/\/www.skaala.com\/wp-content\/uploads\/2025\/12\/Skaala-kapea-Aava-ikkuna-640x427.jpg 640w, https:\/\/www.skaala.com\/wp-content\/uploads\/2025\/12\/Skaala-kapea-Aava-ikkuna-1200x800.jpg 1200w, https:\/\/www.skaala.com\/wp-content\/uploads\/2025\/12\/Skaala-kapea-Aava-ikkuna-1920x1280.jpg 1920w\" sizes=\"(max-width: 639px) 98vw, (max-width: 1199px) 64vw, 300px\" \/>\t\t\t\t\t\t\t<\/div>\n\t\t\t<div class=\"grid-item\">\n\t\t\t\t<h2 class=\"introduction-title\">V\u00e4rit ja materiaalit viimeistelev\u00e4t ilmeen<\/h2>\n\t\t\t\t<div>\n\t\t\t\t\t<p>Korkea ikkuna on sisustuksen katseenvangitsija. Lis\u00e4ksi puuosien kuultok\u00e4sittely korostaa puun el\u00e4vyytt\u00e4 ja luonnollisuutta. Puuosat viimeistell\u00e4\u00e4n joko peittomaalilla, kuultok\u00e4sittelyll\u00e4 tai lakalla, jolloin lopputulos voi olla pehme\u00e4n luonnollinen tai halutessasi n\u00e4ytt\u00e4v\u00e4n moderni. <strong>Valitse jokin suosituimmista s\u00e4vyist\u00e4mme tai <a href=\"https:\/\/www.skaala.com\/fi\/ikkunat\/ikkunoiden-varivaihtoehdot\/\">tutustu kaikkiin v\u00e4reihin<\/a>.<\/strong><\/p>\n\t\t\t\t<\/div>\n\t\t\t\t\t\t\t\t\t<div class=\"window-doors-listing-grid\">\n\t\t\t\t\t\t\t\t\t\t\t\t\t<div class=\"window-doors-listing--item\">\n\t\t\t\t\t\t\t\t\t\t\t\t\t\t\t\t\t\t\t\t\t\t\t\t\t<img decoding=\"async\" width=\"2000\" height=\"1126\" src=\"https:\/\/www.skaala.com\/wp-content\/uploads\/2024\/10\/Valkolakka.jpg\" class=\"featured-item\" alt=\"\" srcset=\"https:\/\/www.skaala.com\/wp-content\/uploads\/2024\/10\/Valkolakka.jpg 2000w, https:\/\/www.skaala.com\/wp-content\/uploads\/2024\/10\/Valkolakka-300x169.jpg 300w, https:\/\/www.skaala.com\/wp-content\/uploads\/2024\/10\/Valkolakka-1024x577.jpg 1024w, https:\/\/www.skaala.com\/wp-content\/uploads\/2024\/10\/Valkolakka-768x432.jpg 768w, https:\/\/www.skaala.com\/wp-content\/uploads\/2024\/10\/Valkolakka-101x57.jpg 101w, https:\/\/www.skaala.com\/wp-content\/uploads\/2024\/10\/Valkolakka-1536x865.jpg 1536w, https:\/\/www.skaala.com\/wp-content\/uploads\/2024\/10\/Valkolakka-640x360.jpg 640w, https:\/\/www.skaala.com\/wp-content\/uploads\/2024\/10\/Valkolakka-1200x676.jpg 1200w, https:\/\/www.skaala.com\/wp-content\/uploads\/2024\/10\/Valkolakka-1920x1081.jpg 1920w\" sizes=\"(max-width: 639px) 98vw, (max-width: 1199px) 64vw, 770px\" \/>\t\t\t\t\t\t\t\t\t\t\t\t\t\t\t<\/div>\n\t\t\t\t\t\t\t\t\t\t\t\t\t<div class=\"window-doors-listing--item\">\n\t\t\t\t\t\t\t\t\t\t\t\t\t\t\t\t\t\t\t\t\t\t\t\t\t<img decoding=\"async\" width=\"2000\" height=\"1141\" src=\"https:\/\/www.skaala.com\/wp-content\/uploads\/2024\/10\/Kirkaslakka-1.jpg\" class=\"featured-item\" alt=\"\" srcset=\"https:\/\/www.skaala.com\/wp-content\/uploads\/2024\/10\/Kirkaslakka-1.jpg 2000w, https:\/\/www.skaala.com\/wp-content\/uploads\/2024\/10\/Kirkaslakka-1-300x171.jpg 300w, https:\/\/www.skaala.com\/wp-content\/uploads\/2024\/10\/Kirkaslakka-1-1024x584.jpg 1024w, https:\/\/www.skaala.com\/wp-content\/uploads\/2024\/10\/Kirkaslakka-1-768x438.jpg 768w, https:\/\/www.skaala.com\/wp-content\/uploads\/2024\/10\/Kirkaslakka-1-101x58.jpg 101w, https:\/\/www.skaala.com\/wp-content\/uploads\/2024\/10\/Kirkaslakka-1-1536x876.jpg 1536w, https:\/\/www.skaala.com\/wp-content\/uploads\/2024\/10\/Kirkaslakka-1-640x365.jpg 640w, https:\/\/www.skaala.com\/wp-content\/uploads\/2024\/10\/Kirkaslakka-1-1200x685.jpg 1200w, https:\/\/www.skaala.com\/wp-content\/uploads\/2024\/10\/Kirkaslakka-1-1920x1095.jpg 1920w\" sizes=\"(max-width: 639px) 98vw, (max-width: 1199px) 64vw, 770px\" \/>\t\t\t\t\t\t\t\t\t\t\t\t\t\t\t<\/div>\n\t\t\t\t\t\t\t\t\t\t\t\t\t<div class=\"window-doors-listing--item\">\n\t\t\t\t\t\t\t\t\t\t\t\t\t\t\t\t\t\t\t\t\t\t\t\t\t<img decoding=\"async\" width=\"2000\" height=\"1144\" src=\"https:\/\/www.skaala.com\/wp-content\/uploads\/2024\/10\/Tammi.jpg\" class=\"featured-item\" alt=\"\" srcset=\"https:\/\/www.skaala.com\/wp-content\/uploads\/2024\/10\/Tammi.jpg 2000w, https:\/\/www.skaala.com\/wp-content\/uploads\/2024\/10\/Tammi-300x172.jpg 300w, https:\/\/www.skaala.com\/wp-content\/uploads\/2024\/10\/Tammi-1024x586.jpg 1024w, https:\/\/www.skaala.com\/wp-content\/uploads\/2024\/10\/Tammi-768x439.jpg 768w, https:\/\/www.skaala.com\/wp-content\/uploads\/2024\/10\/Tammi-101x58.jpg 101w, https:\/\/www.skaala.com\/wp-content\/uploads\/2024\/10\/Tammi-1536x879.jpg 1536w, https:\/\/www.skaala.com\/wp-content\/uploads\/2024\/10\/Tammi-640x366.jpg 640w, https:\/\/www.skaala.com\/wp-content\/uploads\/2024\/10\/Tammi-1200x686.jpg 1200w, https:\/\/www.skaala.com\/wp-content\/uploads\/2024\/10\/Tammi-1920x1098.jpg 1920w\" sizes=\"(max-width: 639px) 98vw, (max-width: 1199px) 64vw, 770px\" \/>\t\t\t\t\t\t\t\t\t\t\t\t\t\t\t<\/div>\n\t\t\t\t\t\t\t\t\t\t\t\t\t<div class=\"window-doors-listing--item\">\n\t\t\t\t\t\t\t\t\t\t\t\t\t\t\t\t\t\t\t\t\t\t\t\t\t<img decoding=\"async\" width=\"2000\" height=\"1076\" src=\"https:\/\/www.skaala.com\/wp-content\/uploads\/2024\/10\/Black-effect.jpg\" class=\"featured-item\" alt=\"\" srcset=\"https:\/\/www.skaala.com\/wp-content\/uploads\/2024\/10\/Black-effect.jpg 2000w, https:\/\/www.skaala.com\/wp-content\/uploads\/2024\/10\/Black-effect-300x161.jpg 300w, https:\/\/www.skaala.com\/wp-content\/uploads\/2024\/10\/Black-effect-1024x551.jpg 1024w, https:\/\/www.skaala.com\/wp-content\/uploads\/2024\/10\/Black-effect-768x413.jpg 768w, https:\/\/www.skaala.com\/wp-content\/uploads\/2024\/10\/Black-effect-101x54.jpg 101w, https:\/\/www.skaala.com\/wp-content\/uploads\/2024\/10\/Black-effect-1536x826.jpg 1536w, https:\/\/www.skaala.com\/wp-content\/uploads\/2024\/10\/Black-effect-640x344.jpg 640w, https:\/\/www.skaala.com\/wp-content\/uploads\/2024\/10\/Black-effect-1200x646.jpg 1200w, https:\/\/www.skaala.com\/wp-content\/uploads\/2024\/10\/Black-effect-1920x1033.jpg 1920w\" sizes=\"(max-width: 639px) 98vw, (max-width: 1199px) 64vw, 770px\" \/>\t\t\t\t\t\t\t\t\t\t\t\t\t\t\t<\/div>\n\t\t\t\t\t\t\t\t\t\t\t<\/div>\n\t\t\t\t\t\t\t<\/div>\n\t\t<\/div>\n\n\t<\/div>\n<\/div>\n\n\n\n<div class=\"product-wrapper has-light-blue-background-color\">\n\t<div class=\"featured-product-block window-image-content\">\n\n\t\t<div class=\"featured-product\">\n\t\t\t<div class=\"grid-item\">\n\t\t\t\t\t\t\t\t\t<img decoding=\"async\" width=\"300\" height=\"200\" src=\"https:\/\/www.skaala.com\/wp-content\/uploads\/2025\/07\/Punaiset-lasiliukuovet-asuntomessuilla-25-300x200.jpg\" class=\"featured-item--image\" alt=\"\" srcset=\"https:\/\/www.skaala.com\/wp-content\/uploads\/2025\/07\/Punaiset-lasiliukuovet-asuntomessuilla-25-300x200.jpg 300w, https:\/\/www.skaala.com\/wp-content\/uploads\/2025\/07\/Punaiset-lasiliukuovet-asuntomessuilla-25-1024x683.jpg 1024w, https:\/\/www.skaala.com\/wp-content\/uploads\/2025\/07\/Punaiset-lasiliukuovet-asuntomessuilla-25-768x512.jpg 768w, https:\/\/www.skaala.com\/wp-content\/uploads\/2025\/07\/Punaiset-lasiliukuovet-asuntomessuilla-25-101x67.jpg 101w, https:\/\/www.skaala.com\/wp-content\/uploads\/2025\/07\/Punaiset-lasiliukuovet-asuntomessuilla-25-1536x1024.jpg 1536w, https:\/\/www.skaala.com\/wp-content\/uploads\/2025\/07\/Punaiset-lasiliukuovet-asuntomessuilla-25-640x427.jpg 640w, https:\/\/www.skaala.com\/wp-content\/uploads\/2025\/07\/Punaiset-lasiliukuovet-asuntomessuilla-25-1200x800.jpg 1200w, https:\/\/www.skaala.com\/wp-content\/uploads\/2025\/07\/Punaiset-lasiliukuovet-asuntomessuilla-25-1920x1280.jpg 1920w, https:\/\/www.skaala.com\/wp-content\/uploads\/2025\/07\/Punaiset-lasiliukuovet-asuntomessuilla-25.jpg 2048w\" sizes=\"(max-width: 639px) 98vw, (max-width: 1199px) 64vw, 300px\" \/>\t\t\t\t\t\t\t<\/div>\n\t\t\t<div class=\"grid-item\">\n\t\t\t\t<h2 class=\"introduction-title\">Alumiinipintojen vakiov\u00e4rit korkeisiin ikkunoihin<\/h2>\n\t\t\t\t<div>\n\t\t\t\t\t<p>Korkea ikkuna on julkisivussa vahva elementti, joten ulkopuolen alumiiniv\u00e4rill\u00e4 on iso vaikutus koko talon ilmeeseen. Skaalan alumiinipinnat ovat s\u00e4\u00e4nkest\u00e4v\u00e4\u00e4, jauhemaalattua alumiinia, joka pysyy siistin\u00e4 ilman jatkuvaa huoltoa. Ulkov\u00e4rin m\u00e4\u00e4ritt\u00e4\u00e4 tavallisesti rakennuslupa, mutta vakiov\u00e4rien lis\u00e4ksi voit valita my\u00f6s yksil\u00f6llisemm\u00e4n s\u00e4vyn RAL Classic- tai RR-v\u00e4rikartoista, jos kohteen m\u00e4\u00e4r\u00e4ykset sen sallivat.<\/p>\n\t\t\t\t<\/div>\n\t\t\t\t\t\t\t\t\t<div class=\"window-doors-listing-grid\">\n\t\t\t\t\t\t\t\t\t\t\t\t\t<div class=\"window-doors-listing--item\">\n\t\t\t\t\t\t\t\t\t\t\t\t\t\t\t\t\t\t\t\t\t\t\t\t\t<img decoding=\"async\" width=\"1640\" height=\"924\" src=\"https:\/\/www.skaala.com\/wp-content\/uploads\/2025\/12\/Valkoinen-RAL-9010-1-reunustettu.png\" class=\"featured-item\" alt=\"\" srcset=\"https:\/\/www.skaala.com\/wp-content\/uploads\/2025\/12\/Valkoinen-RAL-9010-1-reunustettu.png 1640w, https:\/\/www.skaala.com\/wp-content\/uploads\/2025\/12\/Valkoinen-RAL-9010-1-reunustettu-300x169.png 300w, https:\/\/www.skaala.com\/wp-content\/uploads\/2025\/12\/Valkoinen-RAL-9010-1-reunustettu-1024x577.png 1024w, https:\/\/www.skaala.com\/wp-content\/uploads\/2025\/12\/Valkoinen-RAL-9010-1-reunustettu-768x433.png 768w, https:\/\/www.skaala.com\/wp-content\/uploads\/2025\/12\/Valkoinen-RAL-9010-1-reunustettu-101x57.png 101w, https:\/\/www.skaala.com\/wp-content\/uploads\/2025\/12\/Valkoinen-RAL-9010-1-reunustettu-1536x865.png 1536w, https:\/\/www.skaala.com\/wp-content\/uploads\/2025\/12\/Valkoinen-RAL-9010-1-reunustettu-640x361.png 640w, https:\/\/www.skaala.com\/wp-content\/uploads\/2025\/12\/Valkoinen-RAL-9010-1-reunustettu-1200x676.png 1200w\" sizes=\"(max-width: 639px) 98vw, (max-width: 1199px) 64vw, 770px\" \/>\t\t\t\t\t\t\t\t\t\t\t\t\t\t\t<\/div>\n\t\t\t\t\t\t\t\t\t\t\t\t\t<div class=\"window-doors-listing--item\">\n\t\t\t\t\t\t\t\t\t\t\t\t\t\t\t\t\t\t\t\t\t\t\t\t\t<img decoding=\"async\" width=\"1640\" height=\"924\" src=\"https:\/\/www.skaala.com\/wp-content\/uploads\/2025\/10\/Tummanharmaa-RAL-7024-1.jpg\" class=\"featured-item\" alt=\"\" srcset=\"https:\/\/www.skaala.com\/wp-content\/uploads\/2025\/10\/Tummanharmaa-RAL-7024-1.jpg 1640w, https:\/\/www.skaala.com\/wp-content\/uploads\/2025\/10\/Tummanharmaa-RAL-7024-1-300x169.jpg 300w, https:\/\/www.skaala.com\/wp-content\/uploads\/2025\/10\/Tummanharmaa-RAL-7024-1-1024x577.jpg 1024w, https:\/\/www.skaala.com\/wp-content\/uploads\/2025\/10\/Tummanharmaa-RAL-7024-1-768x433.jpg 768w, https:\/\/www.skaala.com\/wp-content\/uploads\/2025\/10\/Tummanharmaa-RAL-7024-1-101x57.jpg 101w, https:\/\/www.skaala.com\/wp-content\/uploads\/2025\/10\/Tummanharmaa-RAL-7024-1-1536x865.jpg 1536w, https:\/\/www.skaala.com\/wp-content\/uploads\/2025\/10\/Tummanharmaa-RAL-7024-1-640x361.jpg 640w, https:\/\/www.skaala.com\/wp-content\/uploads\/2025\/10\/Tummanharmaa-RAL-7024-1-1200x676.jpg 1200w\" sizes=\"(max-width: 639px) 98vw, (max-width: 1199px) 64vw, 770px\" \/>\t\t\t\t\t\t\t\t\t\t\t\t\t\t\t<\/div>\n\t\t\t\t\t\t\t\t\t\t\t\t\t<div class=\"window-doors-listing--item\">\n\t\t\t\t\t\t\t\t\t\t\t\t\t\t\t\t\t\t\t\t\t\t\t\t\t<img decoding=\"async\" width=\"1640\" height=\"924\" src=\"https:\/\/www.skaala.com\/wp-content\/uploads\/2025\/10\/Ruskea-RR-32.jpg\" class=\"featured-item\" alt=\"\" srcset=\"https:\/\/www.skaala.com\/wp-content\/uploads\/2025\/10\/Ruskea-RR-32.jpg 1640w, https:\/\/www.skaala.com\/wp-content\/uploads\/2025\/10\/Ruskea-RR-32-300x169.jpg 300w, https:\/\/www.skaala.com\/wp-content\/uploads\/2025\/10\/Ruskea-RR-32-1024x577.jpg 1024w, https:\/\/www.skaala.com\/wp-content\/uploads\/2025\/10\/Ruskea-RR-32-768x433.jpg 768w, https:\/\/www.skaala.com\/wp-content\/uploads\/2025\/10\/Ruskea-RR-32-101x57.jpg 101w, https:\/\/www.skaala.com\/wp-content\/uploads\/2025\/10\/Ruskea-RR-32-1536x865.jpg 1536w, https:\/\/www.skaala.com\/wp-content\/uploads\/2025\/10\/Ruskea-RR-32-640x361.jpg 640w, https:\/\/www.skaala.com\/wp-content\/uploads\/2025\/10\/Ruskea-RR-32-1200x676.jpg 1200w\" sizes=\"(max-width: 639px) 98vw, (max-width: 1199px) 64vw, 770px\" \/>\t\t\t\t\t\t\t\t\t\t\t\t\t\t\t<\/div>\n\t\t\t\t\t\t\t\t\t\t\t\t\t<div class=\"window-doors-listing--item\">\n\t\t\t\t\t\t\t\t\t\t\t\t\t\t\t\t\t\t\t\t\t\t\t\t\t<img decoding=\"async\" width=\"1640\" height=\"924\" src=\"https:\/\/www.skaala.com\/wp-content\/uploads\/2025\/06\/Ruskea-RR-32.jpg\" class=\"featured-item\" alt=\"Ikkunan v\u00e4ri Ruskea RR 32\" srcset=\"https:\/\/www.skaala.com\/wp-content\/uploads\/2025\/06\/Ruskea-RR-32.jpg 1640w, https:\/\/www.skaala.com\/wp-content\/uploads\/2025\/06\/Ruskea-RR-32-300x169.jpg 300w, https:\/\/www.skaala.com\/wp-content\/uploads\/2025\/06\/Ruskea-RR-32-1024x577.jpg 1024w, https:\/\/www.skaala.com\/wp-content\/uploads\/2025\/06\/Ruskea-RR-32-768x433.jpg 768w, https:\/\/www.skaala.com\/wp-content\/uploads\/2025\/06\/Ruskea-RR-32-101x57.jpg 101w, https:\/\/www.skaala.com\/wp-content\/uploads\/2025\/06\/Ruskea-RR-32-1536x865.jpg 1536w, https:\/\/www.skaala.com\/wp-content\/uploads\/2025\/06\/Ruskea-RR-32-640x361.jpg 640w, https:\/\/www.skaala.com\/wp-content\/uploads\/2025\/06\/Ruskea-RR-32-1200x676.jpg 1200w\" sizes=\"(max-width: 639px) 98vw, (max-width: 1199px) 64vw, 770px\" \/>\t\t\t\t\t\t\t\t\t\t\t\t\t\t\t<\/div>\n\t\t\t\t\t\t\t\t\t\t\t<\/div>\n\t\t\t\t\t\t\t<\/div>\n\t\t<\/div>\n\n\t<\/div>\n<\/div>\n\n\n\n\n<div class=\"wp-block-custom-content-area custom-wrapper aligncenter has-light-blue-background-color\"><div class=\"outer-wrap\">\n<a href=\"https:\/\/www.skaala.com\/fi\/ikkunat\/ikkunoiden-varivaihtoehdot\/\" \nid=\"button-block-block_05b8e133015b3a574fb576864cb8b678\" \nclass=\"button-block button\"\ntarget=\"\"\n>Katso kaikki v\u00e4rivaihtoehdot<\/a>\n\n<\/div><\/div>\n\n\n<div class=\"wp-block-custom-content-area custom-wrapper has-dark-gray-background-color\">\n\t<div class=\"outer-wrap\">\n\n\t\t\n\t\t<div class=\"product-card-cols\">\n\t\t\t<div>\n\t\t\t\t<p><h3>Suurten lasipintojen turvallisuus<\/h3>\n<p>Korkea ikkuna vaatii erityist\u00e4 huolellisuutta sek\u00e4 rakenteelta ett\u00e4 lasilta. Esimerkiksi korkeiden, lattiasta kattoon ulottuvien ikkunoiden kanssa on otettava huomioon my\u00f6s turvallisuus.\u00a0 Rakennusm\u00e4\u00e4r\u00e4ysten mukaan ikkunassa on k\u00e4ytett\u00e4v\u00e4 turvalasia muun muassa silloin, jos ikkunan alaosa on alle 70 cm korkeudella lattiasta tai niiss\u00e4 on putoamisvaara.<\/p>\n<p>&nbsp;<\/p>\n<p><strong><a href=\"https:\/\/www.skaala.com\/fi\/turvalasi-on-tavallista-kestavampi\/\">Lue lis\u00e4\u00e4 turvalasista<\/a><\/strong><\/p>\n<\/p>\n\t\t\t<\/div>\n\t\t\t<div>\n\t\t\t\t<p><h3>Viimeistele kokonaisuus lis\u00e4varusteilla<\/h3>\n<p>Skaalan laajasta lis\u00e4varustevalikoimasta l\u00f6yd\u00e4t kaiken tarvitsemasi, jotta korkea ikkuna toimii arjessasi t\u00e4ydellisesti. Voit t\u00e4ydent\u00e4\u00e4 ikkunoiden ilmeen ja helpottaa p\u00e4ivitt\u00e4ist\u00e4 k\u00e4ytt\u00f6\u00e4 s\u00e4lekaihtimilla, hyttysverkoilla, tuuletusmekanismeilla ja kahvoilla.<\/p>\n<p>&nbsp;<\/p>\n<p><strong><a href=\"https:\/\/www.skaala.com\/fi\/ikkunat\/lisavarusteet\/\">Tutustu lis\u00e4varusteisiin<\/a><\/strong><\/p>\n<\/p>\n\t\t\t<\/div>\n\t\t<\/div>\n\n\t<\/div>\n<\/div>\n\n\n\n<div class=\"wp-block-custom-content-area custom-wrapper aligncenter has-light-blue-background-color\">\n\t<div class=\"outer-wrap\">\n\n\t\t<div class=\"window-doors-listing\">\n\t\t\t<h2 class=\"introduction-title\">Valitse sopiva ikkunamalli<\/h2>\n\t\t\t<div>\n\t\t\t\t<p>Valitse koon ja v\u00e4rien lis\u00e4ksi ikkunan malli kohteesi sek\u00e4 sen erityisvaatimusten perusteella. Skaalan ammattilaiset auttavat sinua tarvittaessa suunnittelemaan ja asemoimaan uudet tuotteet rakennukseen sopiviksi, olipa kyseess\u00e4 ikkunaremontti tai uudiskohde.<\/p>\n\t\t\t<\/div>\n\t\t\t\t\t\t\t<div class=\"window-doors-listing-grid\">\n\t\t\t\t\t\t\t\t\t\t\t<div class=\"window-doors-listing--item\">\n\t\t\t\t\t\t\t\t\t\t\t\t\t\t\t\t\t\t\t\t\t\t\t\t\t\t\t\t\t<div class=\"button-wrap\">\n\t\t\t\t\t\t\t\t\t<a class=\"button\" href=\"https:\/\/www.skaala.com\/fi\/kaikki-ikkunat\/sisaanaukeava-kolmilasinen-ikkuna\/\" target=\"\">Sis\u00e4\u00e4naukeavat ikkunat<\/a>\n\t\t\t\t\t\t\t\t<\/div>\n\t\t\t\t\t\t\t\t\t\t\t\t\t<\/div>\n\t\t\t\t\t\t\t\t\t\t\t<div class=\"window-doors-listing--item\">\n\t\t\t\t\t\t\t\t\t\t\t\t\t\t\t\t\t\t\t\t\t\t\t\t\t\t\t\t\t<div class=\"button-wrap\">\n\t\t\t\t\t\t\t\t\t<a class=\"button\" href=\"https:\/\/www.skaala.com\/fi\/kaikki-ikkunat\/ulosaukeava-ikkuna\/\" target=\"\">Ulosaukeavat ikkunat<\/a>\n\t\t\t\t\t\t\t\t<\/div>\n\t\t\t\t\t\t\t\t\t\t\t\t\t<\/div>\n\t\t\t\t\t\t\t\t\t\t\t<div class=\"window-doors-listing--item\">\n\t\t\t\t\t\t\t\t\t\t\t\t\t\t\t\t\t\t\t\t\t\t\t\t\t\t\t\t\t<div class=\"button-wrap\">\n\t\t\t\t\t\t\t\t\t<a class=\"button\" href=\"https:\/\/www.skaala.com\/fi\/kaikki-ikkunat\/kiintea-ikkuna\/\" target=\"\">Kiinte\u00e4t ikkunat<\/a>\n\t\t\t\t\t\t\t\t<\/div>\n\t\t\t\t\t\t\t\t\t\t\t\t\t<\/div>\n\t\t\t\t\t\t\t\t\t\t\t<div class=\"window-doors-listing--item\">\n\t\t\t\t\t\t\t\t\t\t\t\t\t\t\t\t\t\t\t\t\t\t\t\t\t\t\t\t\t<div class=\"button-wrap\">\n\t\t\t\t\t\t\t\t\t<a class=\"button\" href=\"https:\/\/www.skaala.com\/fi\/ikkunat\/erikoisikkunat\/\" target=\"\">Palo- ja erikoisikkunat<\/a>\n\t\t\t\t\t\t\t\t<\/div>\n\t\t\t\t\t\t\t\t\t\t\t\t\t<\/div>\n\t\t\t\t\t\t\t\t\t<\/div>\n\t\t\t\t\t<\/div>\n\n\t<\/div>\n<\/div>\n\n","protected":false},"excerpt":{"rendered":"","protected":false},"author":5,"featured_media":26781,"parent":26396,"menu_order":0,"comment_status":"closed","ping_status":"closed","template":"page-templates\/door-window-template.php","meta":{"_acf_changed":false,"inline_featured_image":false,"footnotes":""},"class_list":["post-25608","page","type-page","status-publish","has-post-thumbnail","hentry"],"acf":[],"_links":{"self":[{"href":"https:\/\/www.skaala.com\/fi\/wp-json\/wp\/v2\/pages\/25608","targetHints":{"allow":["GET"]}}],"collection":[{"href":"https:\/\/www.skaala.com\/fi\/wp-json\/wp\/v2\/pages"}],"about":[{"href":"https:\/\/www.skaala.com\/fi\/wp-json\/wp\/v2\/types\/page"}],"author":[{"embeddable":true,"href":"https:\/\/www.skaala.com\/fi\/wp-json\/wp\/v2\/users\/5"}],"replies":[{"embeddable":true,"href":"https:\/\/www.skaala.com\/fi\/wp-json\/wp\/v2\/comments?post=25608"}],"version-history":[{"count":32,"href":"https:\/\/www.skaala.com\/fi\/wp-json\/wp\/v2\/pages\/25608\/revisions"}],"predecessor-version":[{"id":26892,"href":"https:\/\/www.skaala.com\/fi\/wp-json\/wp\/v2\/pages\/25608\/revisions\/26892"}],"up":[{"embeddable":true,"href":"https:\/\/www.skaala.com\/fi\/wp-json\/wp\/v2\/pages\/26396"}],"wp:featuredmedia":[{"embeddable":true,"href":"https:\/\/www.skaala.com\/fi\/wp-json\/wp\/v2\/media\/26781"}],"wp:attachment":[{"href":"https:\/\/www.skaala.com\/fi\/wp-json\/wp\/v2\/media?parent=25608"}],"curies":[{"name":"wp","href":"https:\/\/api.w.org\/{rel}","templated":true}]}}