{"id":25610,"date":"2025-09-16T17:23:15","date_gmt":"2025-09-16T14:23:15","guid":{"rendered":"https:\/\/www.skaala.com\/?page_id=25610"},"modified":"2025-12-23T10:50:15","modified_gmt":"2025-12-23T08:50:15","slug":"kapeat-ikkunat","status":"publish","type":"page","link":"https:\/\/www.skaala.com\/fi\/ikkunat\/koot-ja-mitat\/kapeat-ikkunat\/","title":{"rendered":"Kapeat ikkunat"},"content":{"rendered":"<div class=\"product-wrapper has-light-blue-background-color\">\n\t<div class=\"featured-product-block\">\n\n\t\t<div class=\"featured-product\">\n\t\t\t<div class=\"grid-item\">\n\t\t\t\t\t\t\t\t\t<img decoding=\"async\" width=\"300\" height=\"200\" src=\"https:\/\/www.skaala.com\/wp-content\/uploads\/2025\/12\/Skaala-kapea-Aava-ikkuna-300x200.jpg\" class=\"featured-item--image\" alt=\"\" srcset=\"https:\/\/www.skaala.com\/wp-content\/uploads\/2025\/12\/Skaala-kapea-Aava-ikkuna-300x200.jpg 300w, https:\/\/www.skaala.com\/wp-content\/uploads\/2025\/12\/Skaala-kapea-Aava-ikkuna-1024x683.jpg 1024w, https:\/\/www.skaala.com\/wp-content\/uploads\/2025\/12\/Skaala-kapea-Aava-ikkuna-768x512.jpg 768w, https:\/\/www.skaala.com\/wp-content\/uploads\/2025\/12\/Skaala-kapea-Aava-ikkuna-101x67.jpg 101w, https:\/\/www.skaala.com\/wp-content\/uploads\/2025\/12\/Skaala-kapea-Aava-ikkuna-1536x1024.jpg 1536w, https:\/\/www.skaala.com\/wp-content\/uploads\/2025\/12\/Skaala-kapea-Aava-ikkuna-2048x1365.jpg 2048w, https:\/\/www.skaala.com\/wp-content\/uploads\/2025\/12\/Skaala-kapea-Aava-ikkuna-640x427.jpg 640w, https:\/\/www.skaala.com\/wp-content\/uploads\/2025\/12\/Skaala-kapea-Aava-ikkuna-1200x800.jpg 1200w, https:\/\/www.skaala.com\/wp-content\/uploads\/2025\/12\/Skaala-kapea-Aava-ikkuna-1920x1280.jpg 1920w\" sizes=\"(max-width: 639px) 98vw, (max-width: 1199px) 64vw, 300px\" \/>\t\t\t\t\t\t\t<\/div>\n\t\t\t<div class=\"grid-item product-info\">\n\t\t\t\t<h1>Kapeat ikkunat<\/h1>\n\t\t\t\t<div class=\"product-description\" style=\"margin: 24px 0;\">\n\t\t\t\t\t<p><p>My\u00f6s kapea ikkuna voi avartaa tilaa ja tuoda sis\u00e4lle lis\u00e4\u00e4 luonnonvaloa. Skaalan kapeat ikkunat ovat tyylik\u00e4s ja k\u00e4yt\u00e4nn\u00f6llinen ratkaisu, kun haluat tuoda kotiisi valoa pystysuunnassa. Ikkunat valmistetaan mittatilausty\u00f6n\u00e4 Skaalan omalla tehtaalla Etel\u00e4-Pohjanmaalla, joten saat juuri oikean kokoisen ikkunan haluamillasi lis\u00e4varusteilla.<\/p>\n<\/p>\n\t\t\t\t<\/div>\n\t\t\t\t\t\t\t\t\t<a class=\"button\" href=\"https:\/\/www.skaala.com\/fi\/verkkokauppa\/\" target=\"\">Verkkokauppa \u2013 ovet ja ikkunat netist\u00e4<\/a>\n\t\t\t\t\t\t\t<\/div>\n\t\t<\/div>\n\n\t<\/div>\n<\/div>\n\n\n\n<div class=\"wp-block-custom-content-area custom-wrapper aligncenter has-light-blue-background-color\">\n\t<div class=\"outer-wrap\">\n\n\t\t<div class=\"window-doors-listing\">\n\t\t\t<h2 class=\"introduction-title\">Kapeat ikkunat eri kokoisina<\/h2>\n\t\t\t<div>\n\t\t\t\t<p>Kapeat ikkunat toimivat erinomaisesti esimerkiksi portaikoissa, kylpyhuoneissa, k\u00e4yt\u00e4viss\u00e4 tai suurempien ikkunapintojen parina. Voit valita avattavan tai kiinte\u00e4n mallin sek\u00e4 leveys- ja korkeussuhteen tilaan sopivissa mitoissa. <strong>Valmistamme ikkunoita my\u00f6s mittatilausty\u00f6n\u00e4 haluamassasi koossa.<\/strong><\/p>\n\t\t\t<\/div>\n\t\t\t\t\t\t\t<div class=\"window-doors-listing-grid\">\n\t\t\t\t\t\t\t\t\t\t\t<div class=\"window-doors-listing--item\">\n\t\t\t\t\t\t\t\t\t\t\t\t\t\t\t\t\t\t\t\t\t\t\t\t\t\t\t\t\t<div class=\"button-wrap\">\n\t\t\t\t\t\t\t\t\t<a class=\"button\" href=\"https:\/\/www.skaala.com\/fi\/ikkunat\/koot-ja-mitat\/9x12\/\" target=\"\">Ikkuna 9X12<\/a>\n\t\t\t\t\t\t\t\t<\/div>\n\t\t\t\t\t\t\t\t\t\t\t\t\t<\/div>\n\t\t\t\t\t\t\t\t\t\t\t<div class=\"window-doors-listing--item\">\n\t\t\t\t\t\t\t\t\t\t\t\t\t\t\t\t\t\t\t\t\t\t\t\t\t\t\t\t\t<div class=\"button-wrap\">\n\t\t\t\t\t\t\t\t\t<a class=\"button\" href=\"https:\/\/www.skaala.com\/fi\/ikkunat\/6x12\/\" target=\"\">Ikkuna 6X12<\/a>\n\t\t\t\t\t\t\t\t<\/div>\n\t\t\t\t\t\t\t\t\t\t\t\t\t<\/div>\n\t\t\t\t\t\t\t\t\t\t\t<div class=\"window-doors-listing--item\">\n\t\t\t\t\t\t\t\t\t\t\t\t\t\t\t\t\t\t\t\t\t\t\t\t\t\t\t\t\t<div class=\"button-wrap\">\n\t\t\t\t\t\t\t\t\t<a class=\"button\" href=\"https:\/\/www.skaala.com\/fi\/ikkunat\/koot-ja-mitat\/6x9\/\" target=\"\">Ikkuna 6X9<\/a>\n\t\t\t\t\t\t\t\t<\/div>\n\t\t\t\t\t\t\t\t\t\t\t\t\t<\/div>\n\t\t\t\t\t\t\t\t\t\t\t<div class=\"window-doors-listing--item\">\n\t\t\t\t\t\t\t\t\t\t\t\t\t\t\t\t\t\t\t\t\t\t\t\t\t\t\t<\/div>\n\t\t\t\t\t\t\t\t\t<\/div>\n\t\t\t\t\t<\/div>\n\n\t<\/div>\n<\/div>\n\n\n\n<div class=\"wp-block-custom-content-area custom-wrapper has-dark-gray-background-color\">\n\t<div class=\"outer-wrap\">\n\n\t\t\t\t\t<h2 class=\"door-columns-title\">Tyylik\u00e4s valonl\u00e4hde pieness\u00e4kin tilassa<\/h2>\n\t\t\n\t\t<div class=\"product-card-cols\">\n\t\t\t<div>\n\t\t\t\t<p><p>Kapeat ikkunat p\u00e4\u00e4st\u00e4v\u00e4t valon virtaamaan pystysuunnassa ja tekev\u00e4t tilasta korkeamman ja ilmavamman tuntuisen. Skaalalla jokainen ikkuna valmistetaan mittatilausty\u00f6n\u00e4 kohteen mittojen mukaan. Olipa kyseess\u00e4 vanhan rakennuksen korjaus tai uuden kodin suunnittelu, Skaalan oma tehdas Ylih\u00e4rm\u00e4ss\u00e4 varmistaa, ett\u00e4 saat t\u00e4ydellisesti istuvan ja energiatehokkaan ikkunan.<\/p>\n<\/p>\n\t\t\t<\/div>\n\t\t\t<div>\n\t\t\t\t<p><p><script type=\"text\/javascript\" async src=\"https:\/\/bot.leadoo.com\/bot\/inpage.js?code=10a190a591cb800a#seamless\"><span data-mce-type=\"bookmark\" style=\"display: inline-block; width: 0px; overflow: hidden; line-height: 0;\" class=\"mce_SELRES_start\">\ufeff<\/span><\/script><\/p>\n<\/p>\n\t\t\t<\/div>\n\t\t<\/div>\n\n\t<\/div>\n<\/div>\n\n\n\n<div class=\"product-wrapper has-light-blue-background-color\">\n\t<div class=\"featured-product-block window-image-content\">\n\n\t\t<div class=\"featured-product\">\n\t\t\t<div class=\"grid-item\">\n\t\t\t\t\t\t\t\t\t<img decoding=\"async\" width=\"300\" height=\"200\" src=\"https:\/\/www.skaala.com\/wp-content\/uploads\/2025\/12\/Nettiresoluutio_E5A3739-300x200.jpg\" class=\"featured-item--image\" alt=\"Arvo-ikkunassa on tyylikk\u00e4\u00e4t piilosaranat\" srcset=\"https:\/\/www.skaala.com\/wp-content\/uploads\/2025\/12\/Nettiresoluutio_E5A3739-300x200.jpg 300w, https:\/\/www.skaala.com\/wp-content\/uploads\/2025\/12\/Nettiresoluutio_E5A3739-1024x683.jpg 1024w, https:\/\/www.skaala.com\/wp-content\/uploads\/2025\/12\/Nettiresoluutio_E5A3739-768x512.jpg 768w, https:\/\/www.skaala.com\/wp-content\/uploads\/2025\/12\/Nettiresoluutio_E5A3739-101x67.jpg 101w, https:\/\/www.skaala.com\/wp-content\/uploads\/2025\/12\/Nettiresoluutio_E5A3739-640x427.jpg 640w, https:\/\/www.skaala.com\/wp-content\/uploads\/2025\/12\/Nettiresoluutio_E5A3739-1200x800.jpg 1200w, https:\/\/www.skaala.com\/wp-content\/uploads\/2025\/12\/Nettiresoluutio_E5A3739.jpg 1500w\" sizes=\"(max-width: 639px) 98vw, (max-width: 1199px) 64vw, 300px\" \/>\t\t\t\t\t\t\t<\/div>\n\t\t\t<div class=\"grid-item\">\n\t\t\t\t<h2 class=\"introduction-title\">Kapean ikkunan v\u00e4rit ja pintak\u00e4sittely<\/h2>\n\t\t\t\t<div>\n\t\t\t\t\t<p>Skaalan kest\u00e4v\u00e4t pintak\u00e4sittelyt ja laadukkaat materiaalit varmistavat, ett\u00e4 ikkunasi s\u00e4ilyv\u00e4t kauniina pitk\u00e4\u00e4n. Puuosat viimeistell\u00e4\u00e4n joko peittomaalilla, kuultok\u00e4sittelyll\u00e4 tai lakalla, jolloin lopputulos voi olla pehme\u00e4n luonnollinen tai n\u00e4ytt\u00e4v\u00e4n moderni. <strong>Valitse jokin suosituimmista s\u00e4vyist\u00e4mme tai <a href=\"https:\/\/www.skaala.com\/fi\/ikkunat\/ikkunoiden-varivaihtoehdot\/\">tutustu kaikkiin v\u00e4reihin<\/a>.<\/strong><\/p>\n\t\t\t\t<\/div>\n\t\t\t\t\t\t\t\t\t<div class=\"window-doors-listing-grid\">\n\t\t\t\t\t\t\t\t\t\t\t\t\t<div class=\"window-doors-listing--item\">\n\t\t\t\t\t\t\t\t\t\t\t\t\t\t\t\t\t\t\t\t\t\t\t\t\t<img decoding=\"async\" width=\"2000\" height=\"1126\" src=\"https:\/\/www.skaala.com\/wp-content\/uploads\/2024\/10\/Valkolakka.jpg\" class=\"featured-item\" alt=\"\" srcset=\"https:\/\/www.skaala.com\/wp-content\/uploads\/2024\/10\/Valkolakka.jpg 2000w, https:\/\/www.skaala.com\/wp-content\/uploads\/2024\/10\/Valkolakka-300x169.jpg 300w, https:\/\/www.skaala.com\/wp-content\/uploads\/2024\/10\/Valkolakka-1024x577.jpg 1024w, https:\/\/www.skaala.com\/wp-content\/uploads\/2024\/10\/Valkolakka-768x432.jpg 768w, https:\/\/www.skaala.com\/wp-content\/uploads\/2024\/10\/Valkolakka-101x57.jpg 101w, https:\/\/www.skaala.com\/wp-content\/uploads\/2024\/10\/Valkolakka-1536x865.jpg 1536w, https:\/\/www.skaala.com\/wp-content\/uploads\/2024\/10\/Valkolakka-640x360.jpg 640w, https:\/\/www.skaala.com\/wp-content\/uploads\/2024\/10\/Valkolakka-1200x676.jpg 1200w, https:\/\/www.skaala.com\/wp-content\/uploads\/2024\/10\/Valkolakka-1920x1081.jpg 1920w\" sizes=\"(max-width: 639px) 98vw, (max-width: 1199px) 64vw, 770px\" \/>\t\t\t\t\t\t\t\t\t\t\t\t\t\t\t<\/div>\n\t\t\t\t\t\t\t\t\t\t\t\t\t<div class=\"window-doors-listing--item\">\n\t\t\t\t\t\t\t\t\t\t\t\t\t\t\t\t\t\t\t\t\t\t\t\t\t<img decoding=\"async\" width=\"2000\" height=\"1141\" src=\"https:\/\/www.skaala.com\/wp-content\/uploads\/2024\/10\/Kirkaslakka-1.jpg\" class=\"featured-item\" alt=\"\" srcset=\"https:\/\/www.skaala.com\/wp-content\/uploads\/2024\/10\/Kirkaslakka-1.jpg 2000w, https:\/\/www.skaala.com\/wp-content\/uploads\/2024\/10\/Kirkaslakka-1-300x171.jpg 300w, https:\/\/www.skaala.com\/wp-content\/uploads\/2024\/10\/Kirkaslakka-1-1024x584.jpg 1024w, https:\/\/www.skaala.com\/wp-content\/uploads\/2024\/10\/Kirkaslakka-1-768x438.jpg 768w, https:\/\/www.skaala.com\/wp-content\/uploads\/2024\/10\/Kirkaslakka-1-101x58.jpg 101w, https:\/\/www.skaala.com\/wp-content\/uploads\/2024\/10\/Kirkaslakka-1-1536x876.jpg 1536w, https:\/\/www.skaala.com\/wp-content\/uploads\/2024\/10\/Kirkaslakka-1-640x365.jpg 640w, https:\/\/www.skaala.com\/wp-content\/uploads\/2024\/10\/Kirkaslakka-1-1200x685.jpg 1200w, https:\/\/www.skaala.com\/wp-content\/uploads\/2024\/10\/Kirkaslakka-1-1920x1095.jpg 1920w\" sizes=\"(max-width: 639px) 98vw, (max-width: 1199px) 64vw, 770px\" \/>\t\t\t\t\t\t\t\t\t\t\t\t\t\t\t<\/div>\n\t\t\t\t\t\t\t\t\t\t\t\t\t<div class=\"window-doors-listing--item\">\n\t\t\t\t\t\t\t\t\t\t\t\t\t\t\t\t\t\t\t\t\t\t\t\t\t<img decoding=\"async\" width=\"2000\" height=\"1144\" src=\"https:\/\/www.skaala.com\/wp-content\/uploads\/2024\/10\/Tammi.jpg\" class=\"featured-item\" alt=\"\" srcset=\"https:\/\/www.skaala.com\/wp-content\/uploads\/2024\/10\/Tammi.jpg 2000w, https:\/\/www.skaala.com\/wp-content\/uploads\/2024\/10\/Tammi-300x172.jpg 300w, https:\/\/www.skaala.com\/wp-content\/uploads\/2024\/10\/Tammi-1024x586.jpg 1024w, https:\/\/www.skaala.com\/wp-content\/uploads\/2024\/10\/Tammi-768x439.jpg 768w, https:\/\/www.skaala.com\/wp-content\/uploads\/2024\/10\/Tammi-101x58.jpg 101w, https:\/\/www.skaala.com\/wp-content\/uploads\/2024\/10\/Tammi-1536x879.jpg 1536w, https:\/\/www.skaala.com\/wp-content\/uploads\/2024\/10\/Tammi-640x366.jpg 640w, https:\/\/www.skaala.com\/wp-content\/uploads\/2024\/10\/Tammi-1200x686.jpg 1200w, https:\/\/www.skaala.com\/wp-content\/uploads\/2024\/10\/Tammi-1920x1098.jpg 1920w\" sizes=\"(max-width: 639px) 98vw, (max-width: 1199px) 64vw, 770px\" \/>\t\t\t\t\t\t\t\t\t\t\t\t\t\t\t<\/div>\n\t\t\t\t\t\t\t\t\t\t\t\t\t<div class=\"window-doors-listing--item\">\n\t\t\t\t\t\t\t\t\t\t\t\t\t\t\t\t\t\t\t\t\t\t\t\t\t<img decoding=\"async\" width=\"2000\" height=\"1076\" src=\"https:\/\/www.skaala.com\/wp-content\/uploads\/2024\/10\/Black-effect.jpg\" class=\"featured-item\" alt=\"\" srcset=\"https:\/\/www.skaala.com\/wp-content\/uploads\/2024\/10\/Black-effect.jpg 2000w, https:\/\/www.skaala.com\/wp-content\/uploads\/2024\/10\/Black-effect-300x161.jpg 300w, https:\/\/www.skaala.com\/wp-content\/uploads\/2024\/10\/Black-effect-1024x551.jpg 1024w, https:\/\/www.skaala.com\/wp-content\/uploads\/2024\/10\/Black-effect-768x413.jpg 768w, https:\/\/www.skaala.com\/wp-content\/uploads\/2024\/10\/Black-effect-101x54.jpg 101w, https:\/\/www.skaala.com\/wp-content\/uploads\/2024\/10\/Black-effect-1536x826.jpg 1536w, https:\/\/www.skaala.com\/wp-content\/uploads\/2024\/10\/Black-effect-640x344.jpg 640w, https:\/\/www.skaala.com\/wp-content\/uploads\/2024\/10\/Black-effect-1200x646.jpg 1200w, https:\/\/www.skaala.com\/wp-content\/uploads\/2024\/10\/Black-effect-1920x1033.jpg 1920w\" sizes=\"(max-width: 639px) 98vw, (max-width: 1199px) 64vw, 770px\" \/>\t\t\t\t\t\t\t\t\t\t\t\t\t\t\t<\/div>\n\t\t\t\t\t\t\t\t\t\t\t<\/div>\n\t\t\t\t\t\t\t<\/div>\n\t\t<\/div>\n\n\t<\/div>\n<\/div>\n\n\n\n<div class=\"product-wrapper has-light-blue-background-color\">\n\t<div class=\"featured-product-block window-image-content\">\n\n\t\t<div class=\"featured-product\">\n\t\t\t<div class=\"grid-item\">\n\t\t\t\t\t\t\t\t\t<img decoding=\"async\" width=\"300\" height=\"200\" src=\"https:\/\/www.skaala.com\/wp-content\/uploads\/2025\/03\/Skaala-Stopvagen-89-95-Fotograf-Mattias-Hamren-19-300x200.jpg\" class=\"featured-item--image\" alt=\"H\u00e5llbara f\u00f6nster fr\u00e5n Skaala\" srcset=\"https:\/\/www.skaala.com\/wp-content\/uploads\/2025\/03\/Skaala-Stopvagen-89-95-Fotograf-Mattias-Hamren-19-300x200.jpg 300w, https:\/\/www.skaala.com\/wp-content\/uploads\/2025\/03\/Skaala-Stopvagen-89-95-Fotograf-Mattias-Hamren-19-1024x683.jpg 1024w, https:\/\/www.skaala.com\/wp-content\/uploads\/2025\/03\/Skaala-Stopvagen-89-95-Fotograf-Mattias-Hamren-19-768x512.jpg 768w, https:\/\/www.skaala.com\/wp-content\/uploads\/2025\/03\/Skaala-Stopvagen-89-95-Fotograf-Mattias-Hamren-19-101x67.jpg 101w, https:\/\/www.skaala.com\/wp-content\/uploads\/2025\/03\/Skaala-Stopvagen-89-95-Fotograf-Mattias-Hamren-19-1536x1024.jpg 1536w, https:\/\/www.skaala.com\/wp-content\/uploads\/2025\/03\/Skaala-Stopvagen-89-95-Fotograf-Mattias-Hamren-19-2048x1365.jpg 2048w, https:\/\/www.skaala.com\/wp-content\/uploads\/2025\/03\/Skaala-Stopvagen-89-95-Fotograf-Mattias-Hamren-19-640x427.jpg 640w, https:\/\/www.skaala.com\/wp-content\/uploads\/2025\/03\/Skaala-Stopvagen-89-95-Fotograf-Mattias-Hamren-19-1200x800.jpg 1200w, https:\/\/www.skaala.com\/wp-content\/uploads\/2025\/03\/Skaala-Stopvagen-89-95-Fotograf-Mattias-Hamren-19-1920x1280.jpg 1920w\" sizes=\"(max-width: 639px) 98vw, (max-width: 1199px) 64vw, 300px\" \/>\t\t\t\t\t\t\t<\/div>\n\t\t\t<div class=\"grid-item\">\n\t\t\t\t<h2 class=\"introduction-title\">Alumiinipintojen vakiov\u00e4rit<\/h2>\n\t\t\t\t<div>\n\t\t\t\t\t<p>Kapeissa ikkunoissa ulkopuolen alumiiniv\u00e4ri korostaa ikkunan muotoa. Skaalan alumiiniverhoiltu ulkopinta on jauhemaalattu, mik\u00e4 tekee siit\u00e4 pitk\u00e4ik\u00e4isen ja helppohoitoisen my\u00f6s vaativissa s\u00e4\u00e4olosuhteissa. Ulkov\u00e4rin m\u00e4\u00e4ritt\u00e4\u00e4 yleens\u00e4 rakennuslupa, mutta vakiov\u00e4rien rinnalla tarjolla on laaja valikoima RAL Classic- ja RR-s\u00e4vyj\u00e4, jos haluat esimerkiksi korostev\u00e4rin tai tismalleen julkisivuun sopivan s\u00e4vyn. Sis\u00e4puolen puuosat voidaan s\u00e4vytt\u00e4\u00e4 erikseen sisustuksen mukaan.<\/p>\n\t\t\t\t<\/div>\n\t\t\t\t\t\t\t\t\t<div class=\"window-doors-listing-grid\">\n\t\t\t\t\t\t\t\t\t\t\t\t\t<div class=\"window-doors-listing--item\">\n\t\t\t\t\t\t\t\t\t\t\t\t\t\t\t\t\t\t\t\t\t\t\t\t\t<img decoding=\"async\" width=\"1640\" height=\"924\" src=\"https:\/\/www.skaala.com\/wp-content\/uploads\/2025\/12\/Valkoinen-RAL-9010-1-reunustettu.png\" class=\"featured-item\" alt=\"\" srcset=\"https:\/\/www.skaala.com\/wp-content\/uploads\/2025\/12\/Valkoinen-RAL-9010-1-reunustettu.png 1640w, https:\/\/www.skaala.com\/wp-content\/uploads\/2025\/12\/Valkoinen-RAL-9010-1-reunustettu-300x169.png 300w, https:\/\/www.skaala.com\/wp-content\/uploads\/2025\/12\/Valkoinen-RAL-9010-1-reunustettu-1024x577.png 1024w, https:\/\/www.skaala.com\/wp-content\/uploads\/2025\/12\/Valkoinen-RAL-9010-1-reunustettu-768x433.png 768w, https:\/\/www.skaala.com\/wp-content\/uploads\/2025\/12\/Valkoinen-RAL-9010-1-reunustettu-101x57.png 101w, https:\/\/www.skaala.com\/wp-content\/uploads\/2025\/12\/Valkoinen-RAL-9010-1-reunustettu-1536x865.png 1536w, https:\/\/www.skaala.com\/wp-content\/uploads\/2025\/12\/Valkoinen-RAL-9010-1-reunustettu-640x361.png 640w, https:\/\/www.skaala.com\/wp-content\/uploads\/2025\/12\/Valkoinen-RAL-9010-1-reunustettu-1200x676.png 1200w\" sizes=\"(max-width: 639px) 98vw, (max-width: 1199px) 64vw, 770px\" \/>\t\t\t\t\t\t\t\t\t\t\t\t\t\t\t<\/div>\n\t\t\t\t\t\t\t\t\t\t\t\t\t<div class=\"window-doors-listing--item\">\n\t\t\t\t\t\t\t\t\t\t\t\t\t\t\t\t\t\t\t\t\t\t\t\t\t<img decoding=\"async\" width=\"1640\" height=\"924\" src=\"https:\/\/www.skaala.com\/wp-content\/uploads\/2025\/10\/Tummanharmaa-RAL-7024-1.jpg\" class=\"featured-item\" alt=\"\" srcset=\"https:\/\/www.skaala.com\/wp-content\/uploads\/2025\/10\/Tummanharmaa-RAL-7024-1.jpg 1640w, https:\/\/www.skaala.com\/wp-content\/uploads\/2025\/10\/Tummanharmaa-RAL-7024-1-300x169.jpg 300w, https:\/\/www.skaala.com\/wp-content\/uploads\/2025\/10\/Tummanharmaa-RAL-7024-1-1024x577.jpg 1024w, https:\/\/www.skaala.com\/wp-content\/uploads\/2025\/10\/Tummanharmaa-RAL-7024-1-768x433.jpg 768w, https:\/\/www.skaala.com\/wp-content\/uploads\/2025\/10\/Tummanharmaa-RAL-7024-1-101x57.jpg 101w, https:\/\/www.skaala.com\/wp-content\/uploads\/2025\/10\/Tummanharmaa-RAL-7024-1-1536x865.jpg 1536w, https:\/\/www.skaala.com\/wp-content\/uploads\/2025\/10\/Tummanharmaa-RAL-7024-1-640x361.jpg 640w, https:\/\/www.skaala.com\/wp-content\/uploads\/2025\/10\/Tummanharmaa-RAL-7024-1-1200x676.jpg 1200w\" sizes=\"(max-width: 639px) 98vw, (max-width: 1199px) 64vw, 770px\" \/>\t\t\t\t\t\t\t\t\t\t\t\t\t\t\t<\/div>\n\t\t\t\t\t\t\t\t\t\t\t\t\t<div class=\"window-doors-listing--item\">\n\t\t\t\t\t\t\t\t\t\t\t\t\t\t\t\t\t\t\t\t\t\t\t\t\t<img decoding=\"async\" width=\"1640\" height=\"924\" src=\"https:\/\/www.skaala.com\/wp-content\/uploads\/2025\/10\/Ruskea-RR-32.jpg\" class=\"featured-item\" alt=\"\" srcset=\"https:\/\/www.skaala.com\/wp-content\/uploads\/2025\/10\/Ruskea-RR-32.jpg 1640w, https:\/\/www.skaala.com\/wp-content\/uploads\/2025\/10\/Ruskea-RR-32-300x169.jpg 300w, https:\/\/www.skaala.com\/wp-content\/uploads\/2025\/10\/Ruskea-RR-32-1024x577.jpg 1024w, https:\/\/www.skaala.com\/wp-content\/uploads\/2025\/10\/Ruskea-RR-32-768x433.jpg 768w, https:\/\/www.skaala.com\/wp-content\/uploads\/2025\/10\/Ruskea-RR-32-101x57.jpg 101w, https:\/\/www.skaala.com\/wp-content\/uploads\/2025\/10\/Ruskea-RR-32-1536x865.jpg 1536w, https:\/\/www.skaala.com\/wp-content\/uploads\/2025\/10\/Ruskea-RR-32-640x361.jpg 640w, https:\/\/www.skaala.com\/wp-content\/uploads\/2025\/10\/Ruskea-RR-32-1200x676.jpg 1200w\" sizes=\"(max-width: 639px) 98vw, (max-width: 1199px) 64vw, 770px\" \/>\t\t\t\t\t\t\t\t\t\t\t\t\t\t\t<\/div>\n\t\t\t\t\t\t\t\t\t\t\t\t\t<div class=\"window-doors-listing--item\">\n\t\t\t\t\t\t\t\t\t\t\t\t\t\t\t\t\t\t\t\t\t\t\t\t\t<img decoding=\"async\" width=\"1640\" height=\"924\" src=\"https:\/\/www.skaala.com\/wp-content\/uploads\/2025\/06\/Musta-RAL-9005.jpg\" class=\"featured-item\" alt=\"Ikkunan v\u00e4ri Musta RAL 9005\" srcset=\"https:\/\/www.skaala.com\/wp-content\/uploads\/2025\/06\/Musta-RAL-9005.jpg 1640w, https:\/\/www.skaala.com\/wp-content\/uploads\/2025\/06\/Musta-RAL-9005-300x169.jpg 300w, https:\/\/www.skaala.com\/wp-content\/uploads\/2025\/06\/Musta-RAL-9005-1024x577.jpg 1024w, https:\/\/www.skaala.com\/wp-content\/uploads\/2025\/06\/Musta-RAL-9005-768x433.jpg 768w, https:\/\/www.skaala.com\/wp-content\/uploads\/2025\/06\/Musta-RAL-9005-101x57.jpg 101w, https:\/\/www.skaala.com\/wp-content\/uploads\/2025\/06\/Musta-RAL-9005-1536x865.jpg 1536w, https:\/\/www.skaala.com\/wp-content\/uploads\/2025\/06\/Musta-RAL-9005-640x361.jpg 640w, https:\/\/www.skaala.com\/wp-content\/uploads\/2025\/06\/Musta-RAL-9005-1200x676.jpg 1200w\" sizes=\"(max-width: 639px) 98vw, (max-width: 1199px) 64vw, 770px\" \/>\t\t\t\t\t\t\t\t\t\t\t\t\t\t\t<\/div>\n\t\t\t\t\t\t\t\t\t\t\t<\/div>\n\t\t\t\t\t\t\t<\/div>\n\t\t<\/div>\n\n\t<\/div>\n<\/div>\n\n\n\n\n<div class=\"wp-block-custom-content-area custom-wrapper aligncenter has-light-blue-background-color\"><div class=\"outer-wrap\">\n<a href=\"https:\/\/www.skaala.com\/fi\/ikkunat\/ikkunoiden-varivaihtoehdot\/\" \nid=\"button-block-block_b1caf779f98f53a32b543f32e701e776\" \nclass=\"button-block button\"\ntarget=\"\"\n>Katso kaikki v\u00e4rivaihtoehdot<\/a>\n\n<\/div><\/div>\n\n\n<div class=\"wp-block-custom-content-area custom-wrapper has-dark-gray-background-color\">\n\t<div class=\"outer-wrap\">\n\n\t\t\n\t\t<div class=\"product-card-cols\">\n\t\t\t<div>\n\t\t\t\t<p><h3>Energiatehokkaat ikkunat<\/h3>\n<p>Kapeakin ikkuna voi olla energians\u00e4\u00e4st\u00e4j\u00e4. Skaalan ikkunat on suunniteltu kest\u00e4m\u00e4\u00e4n pohjoisen s\u00e4\u00e4olosuhteet ja minimoimaan l\u00e4mm\u00f6nhukka. Energiatehokkaimmat mallimme voivat s\u00e4\u00e4st\u00e4\u00e4 jopa 70 % energiankulutuksessa normitasoon verrattuna. Tiivis rakenne ja laadukas lasitus pit\u00e4v\u00e4t sis\u00e4ilman miellytt\u00e4v\u00e4n\u00e4 my\u00f6s talvella.<\/p>\n<p>&nbsp;<\/p>\n<p><strong><a href=\"https:\/\/www.skaala.com\/fi\/energiansaastolaskuri-energiatehokkuus\/\">Laske ikkunoiden energiakulutus energians\u00e4\u00e4st\u00f6laskurilla<\/a><\/strong><\/p>\n<\/p>\n\t\t\t<\/div>\n\t\t\t<div>\n\t\t\t\t<p><h3>Viimeistele ikkunasi ilme lis\u00e4varusteilla<\/h3>\n<p>Voit t\u00e4ydent\u00e4\u00e4 kapeiden ikkunoiden ilmett\u00e4 ja k\u00e4ytt\u00f6mukavuutta monipuolisilla lis\u00e4varusteilla. S\u00e4lekaihtimet, hyttysverkot, tuuletusmekanismit ja k\u00e4ytt\u00f6\u00e4 helpottavat kahvat viimeistelev\u00e4t kokonaisuuden tyylikk\u00e4\u00e4sti.<\/p>\n<p>&nbsp;<\/p>\n<p><strong><a href=\"https:\/\/www.skaala.com\/fi\/ikkunat\/lisavarusteet\/\">Tutustu lis\u00e4varusteisiin<\/a><\/strong><\/p>\n<\/p>\n\t\t\t<\/div>\n\t\t<\/div>\n\n\t<\/div>\n<\/div>\n\n\n\n<div class=\"wp-block-custom-content-area custom-wrapper aligncenter has-light-blue-background-color\">\n\t<div class=\"outer-wrap\">\n\n\t\t<div class=\"window-doors-listing\">\n\t\t\t<h2 class=\"introduction-title\">Oikea malli kapeille ikkunoille<\/h2>\n\t\t\t<div>\n\t\t\t\t<p>Valitse kapeaan ikkunaan v\u00e4rien ja lis\u00e4varusteiden lis\u00e4ksi muut ominaisuudet kohteen vaatimusten mukaan. Skaalan ammattilaiset auttavat sinua ikkunaremontin tai uudiskohteen ikkunoiden suunnittelussa sek\u00e4 asemoinnissa rakennukseen sopivaksi.<\/p>\n\t\t\t<\/div>\n\t\t\t\t\t\t\t<div class=\"window-doors-listing-grid\">\n\t\t\t\t\t\t\t\t\t\t\t<div class=\"window-doors-listing--item\">\n\t\t\t\t\t\t\t\t\t\t\t\t\t\t\t\t\t\t\t\t\t\t\t\t\t\t\t\t\t<div class=\"button-wrap\">\n\t\t\t\t\t\t\t\t\t<a class=\"button\" href=\"https:\/\/www.skaala.com\/fi\/kaikki-ikkunat\/sisaanaukeava-kolmilasinen-ikkuna\/\" target=\"\">Sis\u00e4\u00e4naukeavat ikkunat<\/a>\n\t\t\t\t\t\t\t\t<\/div>\n\t\t\t\t\t\t\t\t\t\t\t\t\t<\/div>\n\t\t\t\t\t\t\t\t\t\t\t<div class=\"window-doors-listing--item\">\n\t\t\t\t\t\t\t\t\t\t\t\t\t\t\t\t\t\t\t\t\t\t\t\t\t\t\t\t\t<div class=\"button-wrap\">\n\t\t\t\t\t\t\t\t\t<a class=\"button\" href=\"https:\/\/www.skaala.com\/fi\/kaikki-ikkunat\/ulosaukeava-ikkuna\/\" target=\"\">Ulosaukeavat ikkunat<\/a>\n\t\t\t\t\t\t\t\t<\/div>\n\t\t\t\t\t\t\t\t\t\t\t\t\t<\/div>\n\t\t\t\t\t\t\t\t\t\t\t<div class=\"window-doors-listing--item\">\n\t\t\t\t\t\t\t\t\t\t\t\t\t\t\t\t\t\t\t\t\t\t\t\t\t\t\t\t\t<div class=\"button-wrap\">\n\t\t\t\t\t\t\t\t\t<a class=\"button\" href=\"https:\/\/www.skaala.com\/fi\/kaikki-ikkunat\/kiintea-ikkuna\/\" target=\"\">Kiinte\u00e4t ikkunat<\/a>\n\t\t\t\t\t\t\t\t<\/div>\n\t\t\t\t\t\t\t\t\t\t\t\t\t<\/div>\n\t\t\t\t\t\t\t\t\t\t\t<div class=\"window-doors-listing--item\">\n\t\t\t\t\t\t\t\t\t\t\t\t\t\t\t\t\t\t\t\t\t\t\t\t\t\t\t\t\t<div class=\"button-wrap\">\n\t\t\t\t\t\t\t\t\t<a class=\"button\" href=\"https:\/\/www.skaala.com\/fi\/ikkunat\/erikoisikkunat\/\" target=\"\">Palo- ja erikoisikkunat<\/a>\n\t\t\t\t\t\t\t\t<\/div>\n\t\t\t\t\t\t\t\t\t\t\t\t\t<\/div>\n\t\t\t\t\t\t\t\t\t<\/div>\n\t\t\t\t\t<\/div>\n\n\t<\/div>\n<\/div>\n\n","protected":false},"excerpt":{"rendered":"","protected":false},"author":5,"featured_media":26789,"parent":26396,"menu_order":0,"comment_status":"closed","ping_status":"closed","template":"page-templates\/door-window-template.php","meta":{"_acf_changed":false,"inline_featured_image":false,"footnotes":""},"class_list":["post-25610","page","type-page","status-publish","has-post-thumbnail","hentry"],"acf":[],"_links":{"self":[{"href":"https:\/\/www.skaala.com\/fi\/wp-json\/wp\/v2\/pages\/25610","targetHints":{"allow":["GET"]}}],"collection":[{"href":"https:\/\/www.skaala.com\/fi\/wp-json\/wp\/v2\/pages"}],"about":[{"href":"https:\/\/www.skaala.com\/fi\/wp-json\/wp\/v2\/types\/page"}],"author":[{"embeddable":true,"href":"https:\/\/www.skaala.com\/fi\/wp-json\/wp\/v2\/users\/5"}],"replies":[{"embeddable":true,"href":"https:\/\/www.skaala.com\/fi\/wp-json\/wp\/v2\/comments?post=25610"}],"version-history":[{"count":15,"href":"https:\/\/www.skaala.com\/fi\/wp-json\/wp\/v2\/pages\/25610\/revisions"}],"predecessor-version":[{"id":27013,"href":"https:\/\/www.skaala.com\/fi\/wp-json\/wp\/v2\/pages\/25610\/revisions\/27013"}],"up":[{"embeddable":true,"href":"https:\/\/www.skaala.com\/fi\/wp-json\/wp\/v2\/pages\/26396"}],"wp:featuredmedia":[{"embeddable":true,"href":"https:\/\/www.skaala.com\/fi\/wp-json\/wp\/v2\/media\/26789"}],"wp:attachment":[{"href":"https:\/\/www.skaala.com\/fi\/wp-json\/wp\/v2\/media?parent=25610"}],"curies":[{"name":"wp","href":"https:\/\/api.w.org\/{rel}","templated":true}]}}