{"id":25612,"date":"2025-09-16T17:24:50","date_gmt":"2025-09-16T14:24:50","guid":{"rendered":"https:\/\/www.skaala.com\/?page_id=25612"},"modified":"2025-12-23T10:51:17","modified_gmt":"2025-12-23T08:51:17","slug":"pienet-ikkunat","status":"publish","type":"page","link":"https:\/\/www.skaala.com\/fi\/ikkunat\/koot-ja-mitat\/pienet-ikkunat\/","title":{"rendered":"Pienet ikkunat"},"content":{"rendered":"<div class=\"product-wrapper has-light-blue-background-color\">\n\t<div class=\"featured-product-block\">\n\n\t\t<div class=\"featured-product\">\n\t\t\t<div class=\"grid-item\">\n\t\t\t\t\t\t\t\t\t<img decoding=\"async\" width=\"300\" height=\"300\" src=\"https:\/\/www.skaala.com\/wp-content\/uploads\/2024\/11\/file-300x300.png\" class=\"featured-item--image\" alt=\"Arvo+ Passivhusf\u00f6nster fr\u00e5n Skaala\" srcset=\"https:\/\/www.skaala.com\/wp-content\/uploads\/2024\/11\/file-300x300.png 300w, https:\/\/www.skaala.com\/wp-content\/uploads\/2024\/11\/file-1024x1024.png 1024w, https:\/\/www.skaala.com\/wp-content\/uploads\/2024\/11\/file-150x150.png 150w, https:\/\/www.skaala.com\/wp-content\/uploads\/2024\/11\/file-768x768.png 768w, https:\/\/www.skaala.com\/wp-content\/uploads\/2024\/11\/file-101x101.png 101w, https:\/\/www.skaala.com\/wp-content\/uploads\/2024\/11\/file-1536x1536.png 1536w, https:\/\/www.skaala.com\/wp-content\/uploads\/2024\/11\/file-2048x2048.png 2048w, https:\/\/www.skaala.com\/wp-content\/uploads\/2024\/11\/file-640x640.png 640w, https:\/\/www.skaala.com\/wp-content\/uploads\/2024\/11\/file-1200x1200.png 1200w, https:\/\/www.skaala.com\/wp-content\/uploads\/2024\/11\/file-1920x1920.png 1920w, https:\/\/www.skaala.com\/wp-content\/uploads\/2024\/11\/file-24x24.png 24w, https:\/\/www.skaala.com\/wp-content\/uploads\/2024\/11\/file-48x48.png 48w, https:\/\/www.skaala.com\/wp-content\/uploads\/2024\/11\/file-96x96.png 96w\" sizes=\"(max-width: 639px) 98vw, (max-width: 1199px) 64vw, 300px\" \/>\t\t\t\t\t\t\t<\/div>\n\t\t\t<div class=\"grid-item product-info\">\n\t\t\t\t<h1>Pienet ikkunat<\/h1>\n\t\t\t\t<div class=\"product-description\" style=\"margin: 24px 0;\">\n\t\t\t\t\t<p><p>Etsitk\u00f6 kotiisi pient\u00e4 ikkunaa? Skaalan pienet ikkunat ovat t\u00e4ydellinen valinta esimerkiksi kylpyhuoneeseen, saunaan, portaikkoon tai muuhun tilaan, joihin tarvitset ikkunan viem\u00e4tt\u00e4 liikaa sein\u00e4pinta-alaa. Skaalan mittatilausikkunat valmistetaan omalla tehtaallamme Etel\u00e4-Pohjanmaalla. Saat erikokoiset ikkunat juuri sinun mittojesi mukaan, energiatehokkuudesta ja kest\u00e4vyydest\u00e4 tinkim\u00e4tt\u00e4.<\/p>\n<\/p>\n\t\t\t\t<\/div>\n\t\t\t\t\t\t\t\t\t<a class=\"button\" href=\"https:\/\/www.skaala.com\/fi\/verkkokauppa\/\" target=\"\">Verkkokauppa \u2013 ovet ja ikkunat netist\u00e4<\/a>\n\t\t\t\t\t\t\t<\/div>\n\t\t<\/div>\n\n\t<\/div>\n<\/div>\n\n\n\n<div class=\"wp-block-custom-content-area custom-wrapper aligncenter has-light-blue-background-color\">\n\t<div class=\"outer-wrap\">\n\n\t\t<div class=\"window-doors-listing\">\n\t\t\t<h2 class=\"introduction-title\">Pienten ikkunoiden kokovaihtoehdot <\/h2>\n\t\t\t<div>\n\t\t\t\t<p>Tarvitsetko neli\u00f6n muotoisen vai kenties leve\u00e4mm\u00e4n tai korkean ikkunan pieness\u00e4 koossa? Valitse kohteeseen sopivat mitat vaihtoehtojen joukosta. <strong>Valmistamme ikkunoita my\u00f6s mittatilausty\u00f6n\u00e4 haluamassasi koossa.<\/strong><\/p>\n\t\t\t<\/div>\n\t\t\t\t\t\t\t<div class=\"window-doors-listing-grid\">\n\t\t\t\t\t\t\t\t\t\t\t<div class=\"window-doors-listing--item\">\n\t\t\t\t\t\t\t\t\t\t\t\t\t\t\t\t\t\t\t\t\t\t\t\t\t\t\t\t\t<div class=\"button-wrap\">\n\t\t\t\t\t\t\t\t\t<a class=\"button\" href=\"https:\/\/www.skaala.com\/fi\/ikkunat\/4x4\/\" target=\"\">Ikkuna 4X4<\/a>\n\t\t\t\t\t\t\t\t<\/div>\n\t\t\t\t\t\t\t\t\t\t\t\t\t<\/div>\n\t\t\t\t\t\t\t\t\t\t\t<div class=\"window-doors-listing--item\">\n\t\t\t\t\t\t\t\t\t\t\t\t\t\t\t\t\t\t\t\t\t\t\t\t\t\t\t\t\t<div class=\"button-wrap\">\n\t\t\t\t\t\t\t\t\t<a class=\"button\" href=\"https:\/\/www.skaala.com\/fi\/ikkunat\/koot-ja-mitat\/5x5\/\" target=\"\">Ikkuna 5X5<\/a>\n\t\t\t\t\t\t\t\t<\/div>\n\t\t\t\t\t\t\t\t\t\t\t\t\t<\/div>\n\t\t\t\t\t\t\t\t\t\t\t<div class=\"window-doors-listing--item\">\n\t\t\t\t\t\t\t\t\t\t\t\t\t\t\t\t\t\t\t\t\t\t\t\t\t\t\t\t\t<div class=\"button-wrap\">\n\t\t\t\t\t\t\t\t\t<a class=\"button\" href=\"https:\/\/www.skaala.com\/fi\/ikkunat\/koot-ja-mitat\/6x6\/\" target=\"\">Ikkunat 6X6<\/a>\n\t\t\t\t\t\t\t\t<\/div>\n\t\t\t\t\t\t\t\t\t\t\t\t\t<\/div>\n\t\t\t\t\t\t\t\t\t<\/div>\n\t\t\t\t\t<\/div>\n\n\t<\/div>\n<\/div>\n\n\n\n<div class=\"wp-block-custom-content-area custom-wrapper has-dark-gray-background-color\">\n\t<div class=\"outer-wrap\">\n\n\t\t\t\t\t<h2 class=\"door-columns-title\">Pienet ikkunat mittatilauksella <\/h2>\n\t\t\n\t\t<div class=\"product-card-cols\">\n\t\t\t<div>\n\t\t\t\t<p><p>Jokainen koti on erilainen. Siksi Skaalalla jokainen ikkuna valmistetaan mittatilausty\u00f6n\u00e4 millintarkasti juuri sinun kohteeseesi sopivaksi. Ikkunavalikoimassamme yhdistyv\u00e4t kotimainen osaaminen ja palkittu tuotekehitys. Valmistamme ikkunat omalla tehtaallamme Ylih\u00e4rm\u00e4ss\u00e4, mink\u00e4 lis\u00e4ksi ikkunoillamme on kotimaisesta laadusta kertova Avainlippu.<\/p>\n<\/p>\n\t\t\t<\/div>\n\t\t\t<div>\n\t\t\t\t<p><p><script type=\"text\/javascript\" async src=\"https:\/\/bot.leadoo.com\/bot\/inpage.js?code=10a190a591cb800a#seamless\"><span data-mce-type=\"bookmark\" style=\"display: inline-block; width: 0px; overflow: hidden; line-height: 0;\" class=\"mce_SELRES_start\">\ufeff<\/span><\/script><br \/>\n<script>\n<\/script><\/p>\n<\/p>\n\t\t\t<\/div>\n\t\t<\/div>\n\n\t<\/div>\n<\/div>\n\n\n\n<div class=\"product-wrapper has-light-blue-background-color\">\n\t<div class=\"featured-product-block window-image-content\">\n\n\t\t<div class=\"featured-product\">\n\t\t\t<div class=\"grid-item\">\n\t\t\t\t\t\t\t\t\t<img decoding=\"async\" width=\"300\" height=\"200\" src=\"https:\/\/www.skaala.com\/wp-content\/uploads\/2025\/05\/Skaala-Jarvenpaa-Sofia-Pollonen-Referenssi-LR-22-300x200.jpg\" class=\"featured-item--image\" alt=\"Uusittu saunan ikkuna\" srcset=\"https:\/\/www.skaala.com\/wp-content\/uploads\/2025\/05\/Skaala-Jarvenpaa-Sofia-Pollonen-Referenssi-LR-22-300x200.jpg 300w, https:\/\/www.skaala.com\/wp-content\/uploads\/2025\/05\/Skaala-Jarvenpaa-Sofia-Pollonen-Referenssi-LR-22-1024x683.jpg 1024w, https:\/\/www.skaala.com\/wp-content\/uploads\/2025\/05\/Skaala-Jarvenpaa-Sofia-Pollonen-Referenssi-LR-22-768x512.jpg 768w, https:\/\/www.skaala.com\/wp-content\/uploads\/2025\/05\/Skaala-Jarvenpaa-Sofia-Pollonen-Referenssi-LR-22-101x67.jpg 101w, https:\/\/www.skaala.com\/wp-content\/uploads\/2025\/05\/Skaala-Jarvenpaa-Sofia-Pollonen-Referenssi-LR-22-1536x1024.jpg 1536w, https:\/\/www.skaala.com\/wp-content\/uploads\/2025\/05\/Skaala-Jarvenpaa-Sofia-Pollonen-Referenssi-LR-22-640x427.jpg 640w, https:\/\/www.skaala.com\/wp-content\/uploads\/2025\/05\/Skaala-Jarvenpaa-Sofia-Pollonen-Referenssi-LR-22-1200x800.jpg 1200w, https:\/\/www.skaala.com\/wp-content\/uploads\/2025\/05\/Skaala-Jarvenpaa-Sofia-Pollonen-Referenssi-LR-22.jpg 1920w\" sizes=\"(max-width: 639px) 98vw, (max-width: 1199px) 64vw, 300px\" \/>\t\t\t\t\t\t\t<\/div>\n\t\t\t<div class=\"grid-item\">\n\t\t\t\t<h2 class=\"introduction-title\">Pienten ikkunoiden v\u00e4rivaihtoehdot<\/h2>\n\t\t\t\t<div>\n\t\t\t\t\t<p>Ikkunan koon lis\u00e4ksi voit sovittaa v\u00e4rin rakennuksen ilmeeseen. Ikkunoiden puuosat viimeistell\u00e4\u00e4n joko peittomaalilla, kuultok\u00e4sittelyll\u00e4 tai lakalla, jolloin lopputulos voi olla pehme\u00e4n luonnollinen tai n\u00e4ytt\u00e4v\u00e4n moderni. Voit valita eri s\u00e4vyt sis\u00e4- ja ulkopuolelle, jolloin sis\u00e4puoli sulautuu sisustukseen. <strong>Valitse jokin suosituimmista s\u00e4vyist\u00e4mme tai <a href=\"https:\/\/www.skaala.com\/fi\/ikkunat\/ikkunoiden-varivaihtoehdot\/\">tutustu kaikkiin v\u00e4reihin<\/a>.<\/strong><\/p>\n\t\t\t\t<\/div>\n\t\t\t\t\t\t\t\t\t<div class=\"window-doors-listing-grid\">\n\t\t\t\t\t\t\t\t\t\t\t\t\t<div class=\"window-doors-listing--item\">\n\t\t\t\t\t\t\t\t\t\t\t\t\t\t\t\t\t\t\t\t\t\t\t\t\t<img decoding=\"async\" width=\"2000\" height=\"1126\" src=\"https:\/\/www.skaala.com\/wp-content\/uploads\/2024\/10\/Valkolakka.jpg\" class=\"featured-item\" alt=\"\" srcset=\"https:\/\/www.skaala.com\/wp-content\/uploads\/2024\/10\/Valkolakka.jpg 2000w, https:\/\/www.skaala.com\/wp-content\/uploads\/2024\/10\/Valkolakka-300x169.jpg 300w, https:\/\/www.skaala.com\/wp-content\/uploads\/2024\/10\/Valkolakka-1024x577.jpg 1024w, https:\/\/www.skaala.com\/wp-content\/uploads\/2024\/10\/Valkolakka-768x432.jpg 768w, https:\/\/www.skaala.com\/wp-content\/uploads\/2024\/10\/Valkolakka-101x57.jpg 101w, https:\/\/www.skaala.com\/wp-content\/uploads\/2024\/10\/Valkolakka-1536x865.jpg 1536w, https:\/\/www.skaala.com\/wp-content\/uploads\/2024\/10\/Valkolakka-640x360.jpg 640w, https:\/\/www.skaala.com\/wp-content\/uploads\/2024\/10\/Valkolakka-1200x676.jpg 1200w, https:\/\/www.skaala.com\/wp-content\/uploads\/2024\/10\/Valkolakka-1920x1081.jpg 1920w\" sizes=\"(max-width: 639px) 98vw, (max-width: 1199px) 64vw, 770px\" \/>\t\t\t\t\t\t\t\t\t\t\t\t\t\t\t<\/div>\n\t\t\t\t\t\t\t\t\t\t\t\t\t<div class=\"window-doors-listing--item\">\n\t\t\t\t\t\t\t\t\t\t\t\t\t\t\t\t\t\t\t\t\t\t\t\t\t<img decoding=\"async\" width=\"2000\" height=\"1141\" src=\"https:\/\/www.skaala.com\/wp-content\/uploads\/2024\/10\/Kirkaslakka-1.jpg\" class=\"featured-item\" alt=\"\" srcset=\"https:\/\/www.skaala.com\/wp-content\/uploads\/2024\/10\/Kirkaslakka-1.jpg 2000w, https:\/\/www.skaala.com\/wp-content\/uploads\/2024\/10\/Kirkaslakka-1-300x171.jpg 300w, https:\/\/www.skaala.com\/wp-content\/uploads\/2024\/10\/Kirkaslakka-1-1024x584.jpg 1024w, https:\/\/www.skaala.com\/wp-content\/uploads\/2024\/10\/Kirkaslakka-1-768x438.jpg 768w, https:\/\/www.skaala.com\/wp-content\/uploads\/2024\/10\/Kirkaslakka-1-101x58.jpg 101w, https:\/\/www.skaala.com\/wp-content\/uploads\/2024\/10\/Kirkaslakka-1-1536x876.jpg 1536w, https:\/\/www.skaala.com\/wp-content\/uploads\/2024\/10\/Kirkaslakka-1-640x365.jpg 640w, https:\/\/www.skaala.com\/wp-content\/uploads\/2024\/10\/Kirkaslakka-1-1200x685.jpg 1200w, https:\/\/www.skaala.com\/wp-content\/uploads\/2024\/10\/Kirkaslakka-1-1920x1095.jpg 1920w\" sizes=\"(max-width: 639px) 98vw, (max-width: 1199px) 64vw, 770px\" \/>\t\t\t\t\t\t\t\t\t\t\t\t\t\t\t<\/div>\n\t\t\t\t\t\t\t\t\t\t\t\t\t<div class=\"window-doors-listing--item\">\n\t\t\t\t\t\t\t\t\t\t\t\t\t\t\t\t\t\t\t\t\t\t\t\t\t<img decoding=\"async\" width=\"2000\" height=\"1144\" src=\"https:\/\/www.skaala.com\/wp-content\/uploads\/2024\/10\/Tammi.jpg\" class=\"featured-item\" alt=\"\" srcset=\"https:\/\/www.skaala.com\/wp-content\/uploads\/2024\/10\/Tammi.jpg 2000w, https:\/\/www.skaala.com\/wp-content\/uploads\/2024\/10\/Tammi-300x172.jpg 300w, https:\/\/www.skaala.com\/wp-content\/uploads\/2024\/10\/Tammi-1024x586.jpg 1024w, https:\/\/www.skaala.com\/wp-content\/uploads\/2024\/10\/Tammi-768x439.jpg 768w, https:\/\/www.skaala.com\/wp-content\/uploads\/2024\/10\/Tammi-101x58.jpg 101w, https:\/\/www.skaala.com\/wp-content\/uploads\/2024\/10\/Tammi-1536x879.jpg 1536w, https:\/\/www.skaala.com\/wp-content\/uploads\/2024\/10\/Tammi-640x366.jpg 640w, https:\/\/www.skaala.com\/wp-content\/uploads\/2024\/10\/Tammi-1200x686.jpg 1200w, https:\/\/www.skaala.com\/wp-content\/uploads\/2024\/10\/Tammi-1920x1098.jpg 1920w\" sizes=\"(max-width: 639px) 98vw, (max-width: 1199px) 64vw, 770px\" \/>\t\t\t\t\t\t\t\t\t\t\t\t\t\t\t<\/div>\n\t\t\t\t\t\t\t\t\t\t\t\t\t<div class=\"window-doors-listing--item\">\n\t\t\t\t\t\t\t\t\t\t\t\t\t\t\t\t\t\t\t\t\t\t\t\t\t<img decoding=\"async\" width=\"2000\" height=\"1076\" src=\"https:\/\/www.skaala.com\/wp-content\/uploads\/2024\/10\/Black-effect.jpg\" class=\"featured-item\" alt=\"\" srcset=\"https:\/\/www.skaala.com\/wp-content\/uploads\/2024\/10\/Black-effect.jpg 2000w, https:\/\/www.skaala.com\/wp-content\/uploads\/2024\/10\/Black-effect-300x161.jpg 300w, https:\/\/www.skaala.com\/wp-content\/uploads\/2024\/10\/Black-effect-1024x551.jpg 1024w, https:\/\/www.skaala.com\/wp-content\/uploads\/2024\/10\/Black-effect-768x413.jpg 768w, https:\/\/www.skaala.com\/wp-content\/uploads\/2024\/10\/Black-effect-101x54.jpg 101w, https:\/\/www.skaala.com\/wp-content\/uploads\/2024\/10\/Black-effect-1536x826.jpg 1536w, https:\/\/www.skaala.com\/wp-content\/uploads\/2024\/10\/Black-effect-640x344.jpg 640w, https:\/\/www.skaala.com\/wp-content\/uploads\/2024\/10\/Black-effect-1200x646.jpg 1200w, https:\/\/www.skaala.com\/wp-content\/uploads\/2024\/10\/Black-effect-1920x1033.jpg 1920w\" sizes=\"(max-width: 639px) 98vw, (max-width: 1199px) 64vw, 770px\" \/>\t\t\t\t\t\t\t\t\t\t\t\t\t\t\t<\/div>\n\t\t\t\t\t\t\t\t\t\t\t<\/div>\n\t\t\t\t\t\t\t<\/div>\n\t\t<\/div>\n\n\t<\/div>\n<\/div>\n\n\n\n<div class=\"product-wrapper has-light-blue-background-color\">\n\t<div class=\"featured-product-block window-image-content\">\n\n\t\t<div class=\"featured-product\">\n\t\t\t<div class=\"grid-item\">\n\t\t\t\t\t\t\t\t\t<img decoding=\"async\" width=\"300\" height=\"200\" src=\"https:\/\/www.skaala.com\/wp-content\/uploads\/2025\/05\/Skaala-Jarvenpaa-Sofia-Pollonen-Referenssi-LR-15-300x200.jpg\" class=\"featured-item--image\" alt=\"uusi alakerran ikkuna\" srcset=\"https:\/\/www.skaala.com\/wp-content\/uploads\/2025\/05\/Skaala-Jarvenpaa-Sofia-Pollonen-Referenssi-LR-15-300x200.jpg 300w, https:\/\/www.skaala.com\/wp-content\/uploads\/2025\/05\/Skaala-Jarvenpaa-Sofia-Pollonen-Referenssi-LR-15-1024x683.jpg 1024w, https:\/\/www.skaala.com\/wp-content\/uploads\/2025\/05\/Skaala-Jarvenpaa-Sofia-Pollonen-Referenssi-LR-15-768x512.jpg 768w, https:\/\/www.skaala.com\/wp-content\/uploads\/2025\/05\/Skaala-Jarvenpaa-Sofia-Pollonen-Referenssi-LR-15-101x67.jpg 101w, https:\/\/www.skaala.com\/wp-content\/uploads\/2025\/05\/Skaala-Jarvenpaa-Sofia-Pollonen-Referenssi-LR-15-1536x1024.jpg 1536w, https:\/\/www.skaala.com\/wp-content\/uploads\/2025\/05\/Skaala-Jarvenpaa-Sofia-Pollonen-Referenssi-LR-15-640x427.jpg 640w, https:\/\/www.skaala.com\/wp-content\/uploads\/2025\/05\/Skaala-Jarvenpaa-Sofia-Pollonen-Referenssi-LR-15-1200x800.jpg 1200w, https:\/\/www.skaala.com\/wp-content\/uploads\/2025\/05\/Skaala-Jarvenpaa-Sofia-Pollonen-Referenssi-LR-15.jpg 1920w\" sizes=\"(max-width: 639px) 98vw, (max-width: 1199px) 64vw, 300px\" \/>\t\t\t\t\t\t\t<\/div>\n\t\t\t<div class=\"grid-item\">\n\t\t\t\t<h2 class=\"introduction-title\">Alumiinipintojen v\u00e4rit pieniin ikkunoihin<\/h2>\n\t\t\t\t<div>\n\t\t\t\t\t<p>Pienen ikkunan alumiinipinta on jauhemaalattua ja kest\u00e4\u00e4 hyvin pohjoisen s\u00e4\u00e4vaihteluja l\u00e4hes huoltovapaasti. Ulkov\u00e4ri m\u00e4\u00e4r\u00e4ytyy useimmiten rakennusluvan mukaan, joten se kannattaa tarkistaa jo suunnitteluvaiheessa. Vakiov\u00e4rein\u00e4 on useita ajattomia s\u00e4vyj\u00e4, kuten valkoinen ja eri harmaan sek\u00e4 mustan s\u00e4vyt, mutta halutessasi ulkopintaan voidaan valita my\u00f6s laajemmin RAL Classic- tai RR-v\u00e4rikartan s\u00e4vyj\u00e4.<\/p>\n\t\t\t\t<\/div>\n\t\t\t\t\t\t\t\t\t<div class=\"window-doors-listing-grid\">\n\t\t\t\t\t\t\t\t\t\t\t\t\t<div class=\"window-doors-listing--item\">\n\t\t\t\t\t\t\t\t\t\t\t\t\t\t\t\t\t\t\t\t\t\t\t\t\t<img decoding=\"async\" width=\"1640\" height=\"924\" src=\"https:\/\/www.skaala.com\/wp-content\/uploads\/2025\/12\/Valkoinen-RAL-9010-1-reunustettu.png\" class=\"featured-item\" alt=\"\" srcset=\"https:\/\/www.skaala.com\/wp-content\/uploads\/2025\/12\/Valkoinen-RAL-9010-1-reunustettu.png 1640w, https:\/\/www.skaala.com\/wp-content\/uploads\/2025\/12\/Valkoinen-RAL-9010-1-reunustettu-300x169.png 300w, https:\/\/www.skaala.com\/wp-content\/uploads\/2025\/12\/Valkoinen-RAL-9010-1-reunustettu-1024x577.png 1024w, https:\/\/www.skaala.com\/wp-content\/uploads\/2025\/12\/Valkoinen-RAL-9010-1-reunustettu-768x433.png 768w, https:\/\/www.skaala.com\/wp-content\/uploads\/2025\/12\/Valkoinen-RAL-9010-1-reunustettu-101x57.png 101w, https:\/\/www.skaala.com\/wp-content\/uploads\/2025\/12\/Valkoinen-RAL-9010-1-reunustettu-1536x865.png 1536w, https:\/\/www.skaala.com\/wp-content\/uploads\/2025\/12\/Valkoinen-RAL-9010-1-reunustettu-640x361.png 640w, https:\/\/www.skaala.com\/wp-content\/uploads\/2025\/12\/Valkoinen-RAL-9010-1-reunustettu-1200x676.png 1200w\" sizes=\"(max-width: 639px) 98vw, (max-width: 1199px) 64vw, 770px\" \/>\t\t\t\t\t\t\t\t\t\t\t\t\t\t\t<\/div>\n\t\t\t\t\t\t\t\t\t\t\t\t\t<div class=\"window-doors-listing--item\">\n\t\t\t\t\t\t\t\t\t\t\t\t\t\t\t\t\t\t\t\t\t\t\t\t\t<img decoding=\"async\" width=\"1640\" height=\"924\" src=\"https:\/\/www.skaala.com\/wp-content\/uploads\/2025\/10\/Tummanharmaa-RAL-7024-1.jpg\" class=\"featured-item\" alt=\"\" srcset=\"https:\/\/www.skaala.com\/wp-content\/uploads\/2025\/10\/Tummanharmaa-RAL-7024-1.jpg 1640w, https:\/\/www.skaala.com\/wp-content\/uploads\/2025\/10\/Tummanharmaa-RAL-7024-1-300x169.jpg 300w, https:\/\/www.skaala.com\/wp-content\/uploads\/2025\/10\/Tummanharmaa-RAL-7024-1-1024x577.jpg 1024w, https:\/\/www.skaala.com\/wp-content\/uploads\/2025\/10\/Tummanharmaa-RAL-7024-1-768x433.jpg 768w, https:\/\/www.skaala.com\/wp-content\/uploads\/2025\/10\/Tummanharmaa-RAL-7024-1-101x57.jpg 101w, https:\/\/www.skaala.com\/wp-content\/uploads\/2025\/10\/Tummanharmaa-RAL-7024-1-1536x865.jpg 1536w, https:\/\/www.skaala.com\/wp-content\/uploads\/2025\/10\/Tummanharmaa-RAL-7024-1-640x361.jpg 640w, https:\/\/www.skaala.com\/wp-content\/uploads\/2025\/10\/Tummanharmaa-RAL-7024-1-1200x676.jpg 1200w\" sizes=\"(max-width: 639px) 98vw, (max-width: 1199px) 64vw, 770px\" \/>\t\t\t\t\t\t\t\t\t\t\t\t\t\t\t<\/div>\n\t\t\t\t\t\t\t\t\t\t\t\t\t<div class=\"window-doors-listing--item\">\n\t\t\t\t\t\t\t\t\t\t\t\t\t\t\t\t\t\t\t\t\t\t\t\t\t<img decoding=\"async\" width=\"1640\" height=\"924\" src=\"https:\/\/www.skaala.com\/wp-content\/uploads\/2025\/10\/Ruskea-RR-32.jpg\" class=\"featured-item\" alt=\"\" srcset=\"https:\/\/www.skaala.com\/wp-content\/uploads\/2025\/10\/Ruskea-RR-32.jpg 1640w, https:\/\/www.skaala.com\/wp-content\/uploads\/2025\/10\/Ruskea-RR-32-300x169.jpg 300w, https:\/\/www.skaala.com\/wp-content\/uploads\/2025\/10\/Ruskea-RR-32-1024x577.jpg 1024w, https:\/\/www.skaala.com\/wp-content\/uploads\/2025\/10\/Ruskea-RR-32-768x433.jpg 768w, https:\/\/www.skaala.com\/wp-content\/uploads\/2025\/10\/Ruskea-RR-32-101x57.jpg 101w, https:\/\/www.skaala.com\/wp-content\/uploads\/2025\/10\/Ruskea-RR-32-1536x865.jpg 1536w, https:\/\/www.skaala.com\/wp-content\/uploads\/2025\/10\/Ruskea-RR-32-640x361.jpg 640w, https:\/\/www.skaala.com\/wp-content\/uploads\/2025\/10\/Ruskea-RR-32-1200x676.jpg 1200w\" sizes=\"(max-width: 639px) 98vw, (max-width: 1199px) 64vw, 770px\" \/>\t\t\t\t\t\t\t\t\t\t\t\t\t\t\t<\/div>\n\t\t\t\t\t\t\t\t\t\t\t\t\t<div class=\"window-doors-listing--item\">\n\t\t\t\t\t\t\t\t\t\t\t\t\t\t\t\t\t\t\t\t\t\t\t\t\t<img decoding=\"async\" width=\"1640\" height=\"924\" src=\"https:\/\/www.skaala.com\/wp-content\/uploads\/2025\/06\/Musta-RAL-9005.jpg\" class=\"featured-item\" alt=\"Ikkunan v\u00e4ri Musta RAL 9005\" srcset=\"https:\/\/www.skaala.com\/wp-content\/uploads\/2025\/06\/Musta-RAL-9005.jpg 1640w, https:\/\/www.skaala.com\/wp-content\/uploads\/2025\/06\/Musta-RAL-9005-300x169.jpg 300w, https:\/\/www.skaala.com\/wp-content\/uploads\/2025\/06\/Musta-RAL-9005-1024x577.jpg 1024w, https:\/\/www.skaala.com\/wp-content\/uploads\/2025\/06\/Musta-RAL-9005-768x433.jpg 768w, https:\/\/www.skaala.com\/wp-content\/uploads\/2025\/06\/Musta-RAL-9005-101x57.jpg 101w, https:\/\/www.skaala.com\/wp-content\/uploads\/2025\/06\/Musta-RAL-9005-1536x865.jpg 1536w, https:\/\/www.skaala.com\/wp-content\/uploads\/2025\/06\/Musta-RAL-9005-640x361.jpg 640w, https:\/\/www.skaala.com\/wp-content\/uploads\/2025\/06\/Musta-RAL-9005-1200x676.jpg 1200w\" sizes=\"(max-width: 639px) 98vw, (max-width: 1199px) 64vw, 770px\" \/>\t\t\t\t\t\t\t\t\t\t\t\t\t\t\t<\/div>\n\t\t\t\t\t\t\t\t\t\t\t<\/div>\n\t\t\t\t\t\t\t<\/div>\n\t\t<\/div>\n\n\t<\/div>\n<\/div>\n\n\n\n\n<div class=\"wp-block-custom-content-area custom-wrapper aligncenter has-light-blue-background-color\"><div class=\"outer-wrap\">\n<a href=\"https:\/\/www.skaala.com\/fi\/ikkunat\/ikkunoiden-varivaihtoehdot\/\" \nid=\"button-block-block_32a64d17da7236111b022774870e2053\" \nclass=\"button-block button\"\ntarget=\"\"\n>Katso kaikki v\u00e4rivaihtoehdot<\/a>\n\n<\/div><\/div>\n\n\n<div class=\"wp-block-custom-content-area custom-wrapper has-dark-gray-background-color\">\n\t<div class=\"outer-wrap\">\n\n\t\t\n\t\t<div class=\"product-card-cols\">\n\t\t\t<div>\n\t\t\t\t<p><h3>Energiatehokas ja pitk\u00e4ik\u00e4inen ratkaisu<\/h3>\n<p>Vaikka ikkuna olisi pieni, Skaalan ikkunoissa on aina suuri energiatehokkuus. Energiatehokkaimmat ikkunamallimme s\u00e4\u00e4st\u00e4v\u00e4t jopa 70 prosenttia energiankulutuksessa normitasoon verrattuna. Huolellisesti tiivistetty rakenne, laadukkaat l\u00e4mp\u00f6lasit ja moderni eristystekniikka pit\u00e4v\u00e4t vedon ja kylm\u00e4n loitolla, jolloin sis\u00e4ilma pysyy miellytt\u00e4v\u00e4n\u00e4 ymp\u00e4ri vuoden.<\/p>\n<p>&nbsp;<\/p>\n<p><strong><a href=\"https:\/\/www.skaala.com\/fi\/energiansaastolaskuri-energiatehokkuus\/\">Laske ikkunoiden energiakulutus<\/a><\/strong><\/p>\n<\/p>\n\t\t\t<\/div>\n\t\t\t<div>\n\t\t\t\t<p><h3>Viimeistele ilme lis\u00e4varusteilla<\/h3>\n<p>Pienikin ikkuna ansaitsee viimeistellyn ulkon\u00e4\u00f6n sek\u00e4 p\u00e4ivitt\u00e4ist\u00e4 k\u00e4ytt\u00f6\u00e4 helpottavat lis\u00e4varusteet. Voit varustella Skaala-ikkunat toiveidesi ja tarpeidesi mukaan esimerkiksi s\u00e4lekaihtimilla, hyttysverkoilla, tuuletusmekanismeilla sek\u00e4 tyylikk\u00e4ill\u00e4 kahvoilla, jotka viimeistelev\u00e4t kokonaisuuden.<\/p>\n<p>&nbsp;<\/p>\n<p><strong><a href=\"https:\/\/www.skaala.com\/fi\/ikkunat\/lisavarusteet\/\">Tutustu lis\u00e4varusteisiin<\/a><\/strong><\/p>\n<\/p>\n\t\t\t<\/div>\n\t\t<\/div>\n\n\t<\/div>\n<\/div>\n\n\n\n<div class=\"wp-block-custom-content-area custom-wrapper aligncenter has-light-blue-background-color\">\n\t<div class=\"outer-wrap\">\n\n\t\t<div class=\"window-doors-listing\">\n\t\t\t<h2 class=\"introduction-title\">Valitse sopiva ikkunamalli<\/h2>\n\t\t\t<div>\n\t\t\t\t<p>Valitse pieneen ikkunaan v\u00e4rien ja lis\u00e4varusteiden lis\u00e4ksi kohteeseesi sopiva ikunamalli. Skaalan ammattilaiset auttavat sinua tarvittaessa ikkunaremontin tai uudiskohteen ikkunoiden suunnittelussa sek\u00e4 niiden asemoinnissa rakennukseen sopivaksi.<\/p>\n\t\t\t<\/div>\n\t\t\t\t\t\t\t<div class=\"window-doors-listing-grid\">\n\t\t\t\t\t\t\t\t\t\t\t<div class=\"window-doors-listing--item\">\n\t\t\t\t\t\t\t\t\t\t\t\t\t\t\t\t\t\t\t\t\t\t\t\t\t\t\t\t\t<div class=\"button-wrap\">\n\t\t\t\t\t\t\t\t\t<a class=\"button\" href=\"https:\/\/www.skaala.com\/fi\/kaikki-ikkunat\/sisaanaukeava-kolmilasinen-ikkuna\/\" target=\"\">Sis\u00e4\u00e4naukeavat ikkunat<\/a>\n\t\t\t\t\t\t\t\t<\/div>\n\t\t\t\t\t\t\t\t\t\t\t\t\t<\/div>\n\t\t\t\t\t\t\t\t\t\t\t<div class=\"window-doors-listing--item\">\n\t\t\t\t\t\t\t\t\t\t\t\t\t\t\t\t\t\t\t\t\t\t\t\t\t\t\t\t\t<div class=\"button-wrap\">\n\t\t\t\t\t\t\t\t\t<a class=\"button\" href=\"https:\/\/www.skaala.com\/fi\/kaikki-ikkunat\/ulosaukeava-ikkuna\/\" target=\"\">Ulosaukeavat ikkunat<\/a>\n\t\t\t\t\t\t\t\t<\/div>\n\t\t\t\t\t\t\t\t\t\t\t\t\t<\/div>\n\t\t\t\t\t\t\t\t\t\t\t<div class=\"window-doors-listing--item\">\n\t\t\t\t\t\t\t\t\t\t\t\t\t\t\t\t\t\t\t\t\t\t\t\t\t\t\t\t\t<div class=\"button-wrap\">\n\t\t\t\t\t\t\t\t\t<a class=\"button\" href=\"https:\/\/www.skaala.com\/fi\/kaikki-ikkunat\/kiintea-ikkuna\/\" target=\"\">Kiinte\u00e4t ikkunat<\/a>\n\t\t\t\t\t\t\t\t<\/div>\n\t\t\t\t\t\t\t\t\t\t\t\t\t<\/div>\n\t\t\t\t\t\t\t\t\t\t\t<div class=\"window-doors-listing--item\">\n\t\t\t\t\t\t\t\t\t\t\t\t\t\t\t\t\t\t\t\t\t\t\t\t\t\t\t\t\t<div class=\"button-wrap\">\n\t\t\t\t\t\t\t\t\t<a class=\"button\" href=\"https:\/\/www.skaala.com\/fi\/ikkunat\/erikoisikkunat\/\" target=\"\">Palo- ja erikoisikkunat<\/a>\n\t\t\t\t\t\t\t\t<\/div>\n\t\t\t\t\t\t\t\t\t\t\t\t\t<\/div>\n\t\t\t\t\t\t\t\t\t<\/div>\n\t\t\t\t\t<\/div>\n\n\t<\/div>\n<\/div>\n\n","protected":false},"excerpt":{"rendered":"","protected":false},"author":5,"featured_media":23052,"parent":26396,"menu_order":0,"comment_status":"closed","ping_status":"closed","template":"page-templates\/door-window-template.php","meta":{"_acf_changed":false,"inline_featured_image":false,"footnotes":""},"class_list":["post-25612","page","type-page","status-publish","has-post-thumbnail","hentry"],"acf":[],"_links":{"self":[{"href":"https:\/\/www.skaala.com\/fi\/wp-json\/wp\/v2\/pages\/25612","targetHints":{"allow":["GET"]}}],"collection":[{"href":"https:\/\/www.skaala.com\/fi\/wp-json\/wp\/v2\/pages"}],"about":[{"href":"https:\/\/www.skaala.com\/fi\/wp-json\/wp\/v2\/types\/page"}],"author":[{"embeddable":true,"href":"https:\/\/www.skaala.com\/fi\/wp-json\/wp\/v2\/users\/5"}],"replies":[{"embeddable":true,"href":"https:\/\/www.skaala.com\/fi\/wp-json\/wp\/v2\/comments?post=25612"}],"version-history":[{"count":29,"href":"https:\/\/www.skaala.com\/fi\/wp-json\/wp\/v2\/pages\/25612\/revisions"}],"predecessor-version":[{"id":27014,"href":"https:\/\/www.skaala.com\/fi\/wp-json\/wp\/v2\/pages\/25612\/revisions\/27014"}],"up":[{"embeddable":true,"href":"https:\/\/www.skaala.com\/fi\/wp-json\/wp\/v2\/pages\/26396"}],"wp:featuredmedia":[{"embeddable":true,"href":"https:\/\/www.skaala.com\/fi\/wp-json\/wp\/v2\/media\/23052"}],"wp:attachment":[{"href":"https:\/\/www.skaala.com\/fi\/wp-json\/wp\/v2\/media?parent=25612"}],"curies":[{"name":"wp","href":"https:\/\/api.w.org\/{rel}","templated":true}]}}