{"id":26396,"date":"2025-11-12T14:29:53","date_gmt":"2025-11-12T12:29:53","guid":{"rendered":"https:\/\/www.skaala.com\/?page_id=26396"},"modified":"2026-04-02T09:56:51","modified_gmt":"2026-04-02T06:56:51","slug":"koot-ja-mitat","status":"publish","type":"page","link":"https:\/\/www.skaala.com\/fi\/ikkunat\/koot-ja-mitat\/","title":{"rendered":"Ikkunoiden koot ja mitat"},"content":{"rendered":"<div class=\"product-wrapper has-light-blue-background-color\">\n\t<div class=\"featured-product-block\">\n\n\t\t<div class=\"featured-product\">\n\t\t\t<div class=\"grid-item\">\n\t\t\t\t\t\t\t\t\t<img decoding=\"async\" width=\"300\" height=\"200\" src=\"https:\/\/www.skaala.com\/wp-content\/uploads\/2025\/11\/Kiinteat-isot-Aava-ikkunat-300x200.jpg\" class=\"featured-item--image\" alt=\"Eri kokoiset ja mittaiset ikkunat sopivat eri huoneisiin\" srcset=\"https:\/\/www.skaala.com\/wp-content\/uploads\/2025\/11\/Kiinteat-isot-Aava-ikkunat-300x200.jpg 300w, https:\/\/www.skaala.com\/wp-content\/uploads\/2025\/11\/Kiinteat-isot-Aava-ikkunat-1024x683.jpg 1024w, https:\/\/www.skaala.com\/wp-content\/uploads\/2025\/11\/Kiinteat-isot-Aava-ikkunat-768x512.jpg 768w, https:\/\/www.skaala.com\/wp-content\/uploads\/2025\/11\/Kiinteat-isot-Aava-ikkunat-101x67.jpg 101w, https:\/\/www.skaala.com\/wp-content\/uploads\/2025\/11\/Kiinteat-isot-Aava-ikkunat-1536x1025.jpg 1536w, https:\/\/www.skaala.com\/wp-content\/uploads\/2025\/11\/Kiinteat-isot-Aava-ikkunat-640x427.jpg 640w, https:\/\/www.skaala.com\/wp-content\/uploads\/2025\/11\/Kiinteat-isot-Aava-ikkunat-1200x800.jpg 1200w, https:\/\/www.skaala.com\/wp-content\/uploads\/2025\/11\/Kiinteat-isot-Aava-ikkunat-1920x1281.jpg 1920w, https:\/\/www.skaala.com\/wp-content\/uploads\/2025\/11\/Kiinteat-isot-Aava-ikkunat.jpg 2048w\" sizes=\"(max-width: 639px) 98vw, (max-width: 1199px) 64vw, 300px\" \/>\t\t\t\t\t\t\t<\/div>\n\t\t\t<div class=\"grid-item product-info\">\n\t\t\t\t<h1>Ikkunoiden koot ja mitat <\/h1>\n\t\t\t\t<div class=\"product-description\" style=\"margin: 24px 0;\">\n\t\t\t\t\t<p><p>Tilaa eri kokoiset <a href=\"https:\/\/www.skaala.com\/fi\/ikkunat\/mittatilausikkunat\/\">ikkunat mittatilauksena<\/a> ja asennettuna. Oikean kokoiset ikkunat ovat oleellinen osa toimivaa ja energiatehokasta rakennuskohdetta. T\u00e4ss\u00e4 k\u00e4ymme l\u00e4pi yleisimm\u00e4t ikkunakoot, mitoitusperiaatteet ja tilanteet, joissa mittatilaus on tarpeen. Olitpa suunnittelemassa uudiskohdetta tai p\u00e4ivitt\u00e4m\u00e4ss\u00e4 vanhoja ikkunoita, l\u00f6yd\u00e4t t\u00e4\u00e4lt\u00e4 keskeiset tiedot mitoista ja niiden k\u00e4yt\u00e4nn\u00f6n soveltamisesta.<\/p>\n<p>&nbsp;<\/p>\n<p>Jos tied\u00e4t jo mit\u00e4 etsit, niin katso sopivan kokoiset ikkunat suoraan verkkokaupastamme.<\/p>\n<\/p>\n\t\t\t\t<\/div>\n\t\t\t\t\t\t\t\t\t<a class=\"button\" href=\"https:\/\/skaala.ikkunaverkkokauppa.fi\/product\/show\/486\" target=\"\" rel=\"noopener\">Verkkokauppa \u2013 osta ikkunat netist\u00e4<\/a>\n\t\t\t\t\t\t\t<\/div>\n\t\t<\/div>\n\n\t<\/div>\n<\/div>\n\n\n\n<div class=\"wp-block-custom-content-area custom-wrapper has-dark-gray-background-color\">\n\t<div class=\"outer-wrap\">\n\n\t\t\n\t\t<div class=\"product-card-cols\">\n\t\t\t<div>\n\t\t\t\t<p><h2>Ikkunat mittatilausty\u00f6n\u00e4<\/h2>\n<p>Jokainen Skaalan ikkuna valmistetaan mittojen mukaan Suomessa, tehtaallamme Ylih\u00e4rm\u00e4ss\u00e4. Ikkunat voidaan toteuttaa avattavina tai kiintein\u00e4 , tarpeidesi mukaan. Saat aina selke\u00e4n tarjouksen sek\u00e4 mahdollisuuden hy\u00f6dynt\u00e4\u00e4 Skaala-rahoitusta.<\/p>\n<p>&nbsp;<\/p>\n<p>Jos et ole varma sopivasta ikkunan koosta, <a href=\"https:\/\/www.skaala.com\/fi\/ota-yhteytta\/\">asiantuntijamme<\/a> auttavat sinua mielell\u00e4\u00e4n valitsemaan tarpeisiisi sopivat ikkunat!<\/p>\n<\/p>\n\t\t\t<\/div>\n\t\t\t<div>\n\t\t\t\t<p><p><script type=\"text\/javascript\" async src=\"https:\/\/bot.leadoo.com\/bot\/inpage.js?code=10a190a591cb800a#seamless\"><\/script><\/p>\n<\/p>\n\t\t\t<\/div>\n\t\t<\/div>\n\n\t<\/div>\n<\/div>\n\n\n\n\n<div class=\"wp-block-custom-content-area custom-wrapper aligncenter has-light-blue-background-color\"><div class=\"outer-wrap\">\t\n\t<div id=\"heading-block-block_0b08299879b70838dffc407b56b5763e\" class=\"heading-block\">\n\t\t<h2 ><span>Yleisi\u00e4 ikkunakokoja<\/span><\/h2>\t<\/div>\n<\/div><\/div>\n\n\n<div class=\"wp-block-custom-content-area custom-wrapper aligncenter has-light-blue-background-color\">\n\t<div class=\"outer-wrap\">\n\n\t\t<div class=\"window-doors-listing\">\n\t\t\t<h2 class=\"introduction-title\">Neli\u00f6ikkunat<\/h2>\n\t\t\t<div>\n\t\t\t\t<p>Tarvitsetko neli\u00f6n muotoisen ikkunan tai kenties muunlaisen <a href=\"https:\/\/www.skaala.com\/fi\/ikkunat\/koot-ja-mitat\/pienet-ikkunat\/\">pienen ikkunan<\/a>? Valitse kohteeseen sopivat mitat vaihtoehtojen joukosta. <strong>Valmistamme ikkunoita my\u00f6s mittatilausty\u00f6n\u00e4 haluamassasi koossa.<\/strong><\/p>\n\t\t\t<\/div>\n\t\t\t\t\t\t\t<div class=\"window-doors-listing-grid\">\n\t\t\t\t\t\t\t\t\t\t\t<div class=\"window-doors-listing--item\">\n\t\t\t\t\t\t\t\t\t\t\t\t\t\t\t\t\t\t\t\t\t\t\t\t\t\t\t\t\t<div class=\"button-wrap\">\n\t\t\t\t\t\t\t\t\t<a class=\"button\" href=\"https:\/\/www.skaala.com\/fi\/ikkunat\/4x4\/\" target=\"\">Ikkuna 4X4<\/a>\n\t\t\t\t\t\t\t\t<\/div>\n\t\t\t\t\t\t\t\t\t\t\t\t\t<\/div>\n\t\t\t\t\t\t\t\t\t\t\t<div class=\"window-doors-listing--item\">\n\t\t\t\t\t\t\t\t\t\t\t\t\t\t\t\t\t\t\t\t\t\t\t\t\t\t\t\t\t<div class=\"button-wrap\">\n\t\t\t\t\t\t\t\t\t<a class=\"button\" href=\"https:\/\/www.skaala.com\/fi\/ikkunat\/koot-ja-mitat\/5x5\/\" target=\"\">Ikkuna 5X5<\/a>\n\t\t\t\t\t\t\t\t<\/div>\n\t\t\t\t\t\t\t\t\t\t\t\t\t<\/div>\n\t\t\t\t\t\t\t\t\t\t\t<div class=\"window-doors-listing--item\">\n\t\t\t\t\t\t\t\t\t\t\t\t\t\t\t\t\t\t\t\t\t\t\t\t\t\t\t\t\t<div class=\"button-wrap\">\n\t\t\t\t\t\t\t\t\t<a class=\"button\" href=\"https:\/\/www.skaala.com\/fi\/ikkunat\/koot-ja-mitat\/6x6\/\" target=\"\">Ikkunat 6X6<\/a>\n\t\t\t\t\t\t\t\t<\/div>\n\t\t\t\t\t\t\t\t\t\t\t\t\t<\/div>\n\t\t\t\t\t\t\t\t\t\t\t<div class=\"window-doors-listing--item\">\n\t\t\t\t\t\t\t\t\t\t\t\t\t\t\t\t\t\t\t\t\t\t\t\t\t\t\t\t\t<div class=\"button-wrap\">\n\t\t\t\t\t\t\t\t\t<a class=\"button\" href=\"https:\/\/www.skaala.com\/fi\/ikkunat\/koot-ja-mitat\/9x9\/\" target=\"\">Ikkunat 9X9<\/a>\n\t\t\t\t\t\t\t\t<\/div>\n\t\t\t\t\t\t\t\t\t\t\t\t\t<\/div>\n\t\t\t\t\t\t\t\t\t\t\t<div class=\"window-doors-listing--item\">\n\t\t\t\t\t\t\t\t\t\t\t\t\t\t\t\t\t\t\t\t\t\t\t\t\t\t\t\t\t<div class=\"button-wrap\">\n\t\t\t\t\t\t\t\t\t<a class=\"button\" href=\"https:\/\/www.skaala.com\/fi\/ikkunat\/koot-ja-mitat\/10x10\/\" target=\"\">Ikkuna 10X10<\/a>\n\t\t\t\t\t\t\t\t<\/div>\n\t\t\t\t\t\t\t\t\t\t\t\t\t<\/div>\n\t\t\t\t\t\t\t\t\t\t\t<div class=\"window-doors-listing--item\">\n\t\t\t\t\t\t\t\t\t\t\t\t\t\t\t\t\t\t\t\t\t\t\t\t\t\t\t\t\t<div class=\"button-wrap\">\n\t\t\t\t\t\t\t\t\t<a class=\"button\" href=\"https:\/\/www.skaala.com\/fi\/ikkunat\/koot-ja-mitat\/12x12\/\" target=\"\">Ikkuna 12X12<\/a>\n\t\t\t\t\t\t\t\t<\/div>\n\t\t\t\t\t\t\t\t\t\t\t\t\t<\/div>\n\t\t\t\t\t\t\t\t\t<\/div>\n\t\t\t\t\t<\/div>\n\n\t<\/div>\n<\/div>\n\n\n\n<div class=\"wp-block-custom-content-area custom-wrapper aligncenter has-light-blue-background-color\">\n\t<div class=\"outer-wrap\">\n\n\t\t<div class=\"window-doors-listing\">\n\t\t\t<h2 class=\"introduction-title\">Isot ikkunat<\/h2>\n\t\t\t<div>\n\t\t\t\t<p>Isojen ja <a href=\"https:\/\/www.skaala.com\/fi\/ikkunat\/koot-ja-mitat\/korkeat-ikkunat\/\">korkeiden ikkunoiden<\/a> valinnassa kannattaa kiinnitt\u00e4\u00e4 erityist\u00e4 huomiota lasin ominaisuuksiin, jotta ne t\u00e4ytt\u00e4v\u00e4t tarvittavat rakennusm\u00e4\u00e4r\u00e4ykset ja soveltuvat pohjoisen s\u00e4\u00e4nvaihteluihin.<strong> <a href=\"https:\/\/www.skaala.com\/fi\/isot-ikkunat\/\">Lue my\u00f6s vinkit isojen ikkunoiden valintaan<\/a>.<\/strong><\/p>\n\t\t\t<\/div>\n\t\t\t\t\t\t\t<div class=\"window-doors-listing-grid\">\n\t\t\t\t\t\t\t\t\t\t\t<div class=\"window-doors-listing--item\">\n\t\t\t\t\t\t\t\t\t\t\t\t\t\t\t\t\t\t\t\t\t\t\t\t\t\t\t\t\t<div class=\"button-wrap\">\n\t\t\t\t\t\t\t\t\t<a class=\"button\" href=\"https:\/\/www.skaala.com\/fi\/ikkunat\/koot-ja-mitat\/10x10\/\" target=\"\">Ikkuna 10X10<\/a>\n\t\t\t\t\t\t\t\t<\/div>\n\t\t\t\t\t\t\t\t\t\t\t\t\t<\/div>\n\t\t\t\t\t\t\t\t\t\t\t<div class=\"window-doors-listing--item\">\n\t\t\t\t\t\t\t\t\t\t\t\t\t\t\t\t\t\t\t\t\t\t\t\t\t\t\t\t\t<div class=\"button-wrap\">\n\t\t\t\t\t\t\t\t\t<a class=\"button\" href=\"https:\/\/www.skaala.com\/fi\/ikkunat\/koot-ja-mitat\/10x12\/\" target=\"\">Ikkunat 10X12<\/a>\n\t\t\t\t\t\t\t\t<\/div>\n\t\t\t\t\t\t\t\t\t\t\t\t\t<\/div>\n\t\t\t\t\t\t\t\t\t\t\t<div class=\"window-doors-listing--item\">\n\t\t\t\t\t\t\t\t\t\t\t\t\t\t\t\t\t\t\t\t\t\t\t\t\t\t\t\t\t<div class=\"button-wrap\">\n\t\t\t\t\t\t\t\t\t<a class=\"button\" href=\"https:\/\/www.skaala.com\/fi\/ikkunat\/koot-ja-mitat\/12x12\/\" target=\"\">Ikkuna 12X12<\/a>\n\t\t\t\t\t\t\t\t<\/div>\n\t\t\t\t\t\t\t\t\t\t\t\t\t<\/div>\n\t\t\t\t\t\t\t\t\t\t\t<div class=\"window-doors-listing--item\">\n\t\t\t\t\t\t\t\t\t\t\t\t\t\t\t\t\t\t\t\t\t\t\t\t\t\t\t\t\t<div class=\"button-wrap\">\n\t\t\t\t\t\t\t\t\t<a class=\"button\" href=\"https:\/\/www.skaala.com\/fi\/ikkunat\/koot-ja-mitat\/9x12\/\" target=\"\">Ikkunat 9X12<\/a>\n\t\t\t\t\t\t\t\t<\/div>\n\t\t\t\t\t\t\t\t\t\t\t\t\t<\/div>\n\t\t\t\t\t\t\t\t\t<\/div>\n\t\t\t\t\t<\/div>\n\n\t<\/div>\n<\/div>\n\n\n\n<div class=\"wp-block-custom-content-area custom-wrapper aligncenter has-light-blue-background-color\">\n\t<div class=\"outer-wrap\">\n\n\t\t<div class=\"window-doors-listing\">\n\t\t\t<h2 class=\"introduction-title\">Leve\u00e4t ja kapeat ikkunat<\/h2>\n\t\t\t<div>\n\t\t\t\t<p>Sopiiko kohteeseesi paremmin <a href=\"https:\/\/www.skaala.com\/fi\/ikkunat\/koot-ja-mitat\/kapeat-ikkunat\/\">kapea<\/a>, <a href=\"https:\/\/www.skaala.com\/fi\/ikkunat\/koot-ja-mitat\/matalat-ikkunat\/\">matala<\/a> tai leve\u00e4 malli? Valitse sopiva ikkunakoko alta tai <strong>tilaa ikkunat haluamillasi mitoilla suoraan <a href=\"https:\/\/skaala.ikkunaverkkokauppa.fi\/product\/show\/486?_gl=1*7r49jz*_gcl_au*MTc3MzY1ODQ5LjE3NjIxNjg5OTQ.*_ga*MTQ0OTc4MzYuMTc2MjE2ODk5Mw..*_ga_R5CKSX4VRC*czE3NjU5NTcwNDAkbzQ2JGcxJHQxNzY1OTYwMjAyJGo2MCRsMCRoMA..*_ga_SMC8KRL0H0*czE3NjU5NTcwNDAkbzQ2JGcxJHQxNzY1OTYwMjAyJGo2MCRsMCRoMA..\" target=\"_blank\" rel=\"noopener\">verkkokaupasta.<\/a><\/strong><\/p>\n\t\t\t<\/div>\n\t\t\t\t\t\t\t<div class=\"window-doors-listing-grid\">\n\t\t\t\t\t\t\t\t\t\t\t<div class=\"window-doors-listing--item\">\n\t\t\t\t\t\t\t\t\t\t\t\t\t\t\t\t\t\t\t\t\t\t\t\t\t\t\t\t\t<div class=\"button-wrap\">\n\t\t\t\t\t\t\t\t\t<a class=\"button\" href=\"https:\/\/www.skaala.com\/fi\/ikkunat\/koot-ja-mitat\/9x4\/\" target=\"\">Ikkunat 9X4<\/a>\n\t\t\t\t\t\t\t\t<\/div>\n\t\t\t\t\t\t\t\t\t\t\t\t\t<\/div>\n\t\t\t\t\t\t\t\t\t\t\t<div class=\"window-doors-listing--item\">\n\t\t\t\t\t\t\t\t\t\t\t\t\t\t\t\t\t\t\t\t\t\t\t\t\t\t\t\t\t<div class=\"button-wrap\">\n\t\t\t\t\t\t\t\t\t<a class=\"button\" href=\"https:\/\/www.skaala.com\/fi\/ikkunat\/koot-ja-mitat\/9x6\/\" target=\"\">Ikkuna 9X6<\/a>\n\t\t\t\t\t\t\t\t<\/div>\n\t\t\t\t\t\t\t\t\t\t\t\t\t<\/div>\n\t\t\t\t\t\t\t\t\t\t\t<div class=\"window-doors-listing--item\">\n\t\t\t\t\t\t\t\t\t\t\t\t\t\t\t\t\t\t\t\t\t\t\t\t\t\t\t\t\t<div class=\"button-wrap\">\n\t\t\t\t\t\t\t\t\t<a class=\"button\" href=\"https:\/\/www.skaala.com\/fi\/ikkunat\/koot-ja-mitat\/12x6\/\" target=\"\">Ikkuna 12X6<\/a>\n\t\t\t\t\t\t\t\t<\/div>\n\t\t\t\t\t\t\t\t\t\t\t\t\t<\/div>\n\t\t\t\t\t\t\t\t\t\t\t<div class=\"window-doors-listing--item\">\n\t\t\t\t\t\t\t\t\t\t\t\t\t\t\t\t\t\t\t\t\t\t\t\t\t\t\t\t\t<div class=\"button-wrap\">\n\t\t\t\t\t\t\t\t\t<a class=\"button\" href=\"https:\/\/www.skaala.com\/fi\/ikkunat\/koot-ja-mitat\/6x9\/\" target=\"\">Ikkunat 6&#215;9<\/a>\n\t\t\t\t\t\t\t\t<\/div>\n\t\t\t\t\t\t\t\t\t\t\t\t\t<\/div>\n\t\t\t\t\t\t\t\t\t\t\t<div class=\"window-doors-listing--item\">\n\t\t\t\t\t\t\t\t\t\t\t\t\t\t\t\t\t\t\t\t\t\t\t\t\t\t\t\t\t<div class=\"button-wrap\">\n\t\t\t\t\t\t\t\t\t<a class=\"button\" href=\"https:\/\/www.skaala.com\/fi\/ikkunat\/koot-ja-mitat\/6x12\/\" target=\"\">Ikkuna 6X12<\/a>\n\t\t\t\t\t\t\t\t<\/div>\n\t\t\t\t\t\t\t\t\t\t\t\t\t<\/div>\n\t\t\t\t\t\t\t\t\t<\/div>\n\t\t\t\t\t<\/div>\n\n\t<\/div>\n<\/div>\n\n\n\n<div class=\"wp-block-custom-content-area custom-wrapper aligncenter has-light-blue-background-color\">\n\t<div class=\"outer-wrap\">\n\n\t\t<div class=\"window-doors-listing\">\n\t\t\t<h2 class=\"introduction-title\">Ikkunoiden puuosien v\u00e4rivaihtoehdot<\/h2>\n\t\t\t<div>\n\t\t\t\t<p>Skaalan mallistosta l\u00f6yd\u00e4t laajan s\u00e4vyvalikoiman, joka sopii niin perinteiseen puutaloon kuin moderniin kivitaloon. Voit valita eri s\u00e4vyt sis\u00e4- ja ulkopuolelle, jolloin sis\u00e4puoli sulautuu sisustukseen. <strong>Valitse jokin suosituimmista s\u00e4vyist\u00e4mme tai <a href=\"https:\/\/www.skaala.com\/fi\/ikkunat\/ikkunoiden-varivaihtoehdot\/\">tutustu kaikkiin v\u00e4reihin<\/a>.<\/strong><\/p>\n\t\t\t<\/div>\n\t\t\t\t\t\t\t<div class=\"window-doors-listing-grid\">\n\t\t\t\t\t\t\t\t\t\t\t<div class=\"window-doors-listing--item\">\n\t\t\t\t\t\t\t\t\t\t\t\t\t\t\t\t\t\t\t\t\t\t<img decoding=\"async\" width=\"2000\" height=\"1126\" src=\"https:\/\/www.skaala.com\/wp-content\/uploads\/2024\/10\/Valkolakka.jpg\" class=\"featured-item\" alt=\"\" srcset=\"https:\/\/www.skaala.com\/wp-content\/uploads\/2024\/10\/Valkolakka.jpg 2000w, https:\/\/www.skaala.com\/wp-content\/uploads\/2024\/10\/Valkolakka-300x169.jpg 300w, https:\/\/www.skaala.com\/wp-content\/uploads\/2024\/10\/Valkolakka-1024x577.jpg 1024w, https:\/\/www.skaala.com\/wp-content\/uploads\/2024\/10\/Valkolakka-768x432.jpg 768w, https:\/\/www.skaala.com\/wp-content\/uploads\/2024\/10\/Valkolakka-101x57.jpg 101w, https:\/\/www.skaala.com\/wp-content\/uploads\/2024\/10\/Valkolakka-1536x865.jpg 1536w, https:\/\/www.skaala.com\/wp-content\/uploads\/2024\/10\/Valkolakka-640x360.jpg 640w, https:\/\/www.skaala.com\/wp-content\/uploads\/2024\/10\/Valkolakka-1200x676.jpg 1200w, https:\/\/www.skaala.com\/wp-content\/uploads\/2024\/10\/Valkolakka-1920x1081.jpg 1920w\" sizes=\"(max-width: 639px) 98vw, (max-width: 1199px) 64vw, 770px\" \/>\t\t\t\t\t\t\t\t\t\t\t\t\t\t\t\t\t\t\t\t<\/div>\n\t\t\t\t\t\t\t\t\t\t\t<div class=\"window-doors-listing--item\">\n\t\t\t\t\t\t\t\t\t\t\t\t\t\t\t\t\t\t\t\t\t\t<img decoding=\"async\" width=\"2000\" height=\"1141\" src=\"https:\/\/www.skaala.com\/wp-content\/uploads\/2024\/10\/Kirkaslakka-1.jpg\" class=\"featured-item\" alt=\"\" srcset=\"https:\/\/www.skaala.com\/wp-content\/uploads\/2024\/10\/Kirkaslakka-1.jpg 2000w, https:\/\/www.skaala.com\/wp-content\/uploads\/2024\/10\/Kirkaslakka-1-300x171.jpg 300w, https:\/\/www.skaala.com\/wp-content\/uploads\/2024\/10\/Kirkaslakka-1-1024x584.jpg 1024w, https:\/\/www.skaala.com\/wp-content\/uploads\/2024\/10\/Kirkaslakka-1-768x438.jpg 768w, https:\/\/www.skaala.com\/wp-content\/uploads\/2024\/10\/Kirkaslakka-1-101x58.jpg 101w, https:\/\/www.skaala.com\/wp-content\/uploads\/2024\/10\/Kirkaslakka-1-1536x876.jpg 1536w, https:\/\/www.skaala.com\/wp-content\/uploads\/2024\/10\/Kirkaslakka-1-640x365.jpg 640w, https:\/\/www.skaala.com\/wp-content\/uploads\/2024\/10\/Kirkaslakka-1-1200x685.jpg 1200w, https:\/\/www.skaala.com\/wp-content\/uploads\/2024\/10\/Kirkaslakka-1-1920x1095.jpg 1920w\" sizes=\"(max-width: 639px) 98vw, (max-width: 1199px) 64vw, 770px\" \/>\t\t\t\t\t\t\t\t\t\t\t\t\t\t\t\t\t\t\t\t<\/div>\n\t\t\t\t\t\t\t\t\t\t\t<div class=\"window-doors-listing--item\">\n\t\t\t\t\t\t\t\t\t\t\t\t\t\t\t\t\t\t\t\t\t\t<img decoding=\"async\" width=\"2000\" height=\"1144\" src=\"https:\/\/www.skaala.com\/wp-content\/uploads\/2024\/10\/Tammi.jpg\" class=\"featured-item\" alt=\"\" srcset=\"https:\/\/www.skaala.com\/wp-content\/uploads\/2024\/10\/Tammi.jpg 2000w, https:\/\/www.skaala.com\/wp-content\/uploads\/2024\/10\/Tammi-300x172.jpg 300w, https:\/\/www.skaala.com\/wp-content\/uploads\/2024\/10\/Tammi-1024x586.jpg 1024w, https:\/\/www.skaala.com\/wp-content\/uploads\/2024\/10\/Tammi-768x439.jpg 768w, https:\/\/www.skaala.com\/wp-content\/uploads\/2024\/10\/Tammi-101x58.jpg 101w, https:\/\/www.skaala.com\/wp-content\/uploads\/2024\/10\/Tammi-1536x879.jpg 1536w, https:\/\/www.skaala.com\/wp-content\/uploads\/2024\/10\/Tammi-640x366.jpg 640w, https:\/\/www.skaala.com\/wp-content\/uploads\/2024\/10\/Tammi-1200x686.jpg 1200w, https:\/\/www.skaala.com\/wp-content\/uploads\/2024\/10\/Tammi-1920x1098.jpg 1920w\" sizes=\"(max-width: 639px) 98vw, (max-width: 1199px) 64vw, 770px\" \/>\t\t\t\t\t\t\t\t\t\t\t\t\t\t\t\t\t\t\t\t<\/div>\n\t\t\t\t\t\t\t\t\t\t\t<div class=\"window-doors-listing--item\">\n\t\t\t\t\t\t\t\t\t\t\t\t\t\t\t\t\t\t\t\t\t\t<img decoding=\"async\" width=\"2000\" height=\"1076\" src=\"https:\/\/www.skaala.com\/wp-content\/uploads\/2024\/10\/Black-effect.jpg\" class=\"featured-item\" alt=\"\" srcset=\"https:\/\/www.skaala.com\/wp-content\/uploads\/2024\/10\/Black-effect.jpg 2000w, https:\/\/www.skaala.com\/wp-content\/uploads\/2024\/10\/Black-effect-300x161.jpg 300w, https:\/\/www.skaala.com\/wp-content\/uploads\/2024\/10\/Black-effect-1024x551.jpg 1024w, https:\/\/www.skaala.com\/wp-content\/uploads\/2024\/10\/Black-effect-768x413.jpg 768w, https:\/\/www.skaala.com\/wp-content\/uploads\/2024\/10\/Black-effect-101x54.jpg 101w, https:\/\/www.skaala.com\/wp-content\/uploads\/2024\/10\/Black-effect-1536x826.jpg 1536w, https:\/\/www.skaala.com\/wp-content\/uploads\/2024\/10\/Black-effect-640x344.jpg 640w, https:\/\/www.skaala.com\/wp-content\/uploads\/2024\/10\/Black-effect-1200x646.jpg 1200w, https:\/\/www.skaala.com\/wp-content\/uploads\/2024\/10\/Black-effect-1920x1033.jpg 1920w\" sizes=\"(max-width: 639px) 98vw, (max-width: 1199px) 64vw, 770px\" \/>\t\t\t\t\t\t\t\t\t\t\t\t\t\t\t\t\t\t\t\t<\/div>\n\t\t\t\t\t\t\t\t\t<\/div>\n\t\t\t\t\t<\/div>\n\n\t<\/div>\n<\/div>\n\n\n\n<div class=\"wp-block-custom-content-area custom-wrapper aligncenter has-light-blue-background-color\">\n\t<div class=\"outer-wrap\">\n\n\t\t<div class=\"window-doors-listing\">\n\t\t\t<h2 class=\"introduction-title\">Alumiinipintojen v\u00e4rit ikkunoihin<\/h2>\n\t\t\t<div>\n\t\t\t\t<p>Ikkunoiden alumiinipinnat kest\u00e4v\u00e4t hyvin pohjoisen s\u00e4\u00e4vaihteluja l\u00e4hes huoltovapaasti. Ulkov\u00e4ri m\u00e4\u00e4r\u00e4ytyy useimmiten rakennusluvan mukaan, joten se kannattaa tarkistaa jo suunnitteluvaiheessa. <\/p>\n\t\t\t<\/div>\n\t\t\t\t\t\t\t<div class=\"window-doors-listing-grid\">\n\t\t\t\t\t\t\t\t\t\t\t<div class=\"window-doors-listing--item\">\n\t\t\t\t\t\t\t\t\t\t\t\t\t\t\t\t\t\t\t\t\t\t<img decoding=\"async\" width=\"1640\" height=\"924\" src=\"https:\/\/www.skaala.com\/wp-content\/uploads\/2025\/06\/Tummanharmaa-RAL-7024-1.jpg\" class=\"featured-item\" alt=\"ikkunan v\u00e4ri Tummanharmaa RAL 7024\" srcset=\"https:\/\/www.skaala.com\/wp-content\/uploads\/2025\/06\/Tummanharmaa-RAL-7024-1.jpg 1640w, https:\/\/www.skaala.com\/wp-content\/uploads\/2025\/06\/Tummanharmaa-RAL-7024-1-300x169.jpg 300w, https:\/\/www.skaala.com\/wp-content\/uploads\/2025\/06\/Tummanharmaa-RAL-7024-1-1024x577.jpg 1024w, https:\/\/www.skaala.com\/wp-content\/uploads\/2025\/06\/Tummanharmaa-RAL-7024-1-768x433.jpg 768w, https:\/\/www.skaala.com\/wp-content\/uploads\/2025\/06\/Tummanharmaa-RAL-7024-1-101x57.jpg 101w, https:\/\/www.skaala.com\/wp-content\/uploads\/2025\/06\/Tummanharmaa-RAL-7024-1-1536x865.jpg 1536w, https:\/\/www.skaala.com\/wp-content\/uploads\/2025\/06\/Tummanharmaa-RAL-7024-1-640x361.jpg 640w, https:\/\/www.skaala.com\/wp-content\/uploads\/2025\/06\/Tummanharmaa-RAL-7024-1-1200x676.jpg 1200w\" sizes=\"(max-width: 639px) 98vw, (max-width: 1199px) 64vw, 770px\" \/>\t\t\t\t\t\t\t\t\t\t\t\t\t\t\t\t\t\t\t\t<\/div>\n\t\t\t\t\t\t\t\t\t\t\t<div class=\"window-doors-listing--item\">\n\t\t\t\t\t\t\t\t\t\t\t\t\t\t\t\t\t\t\t\t\t\t<img decoding=\"async\" width=\"1640\" height=\"924\" src=\"https:\/\/www.skaala.com\/wp-content\/uploads\/2025\/12\/Valkoinen-RAL-9010-1-reunustettu.png\" class=\"featured-item\" alt=\"\" srcset=\"https:\/\/www.skaala.com\/wp-content\/uploads\/2025\/12\/Valkoinen-RAL-9010-1-reunustettu.png 1640w, https:\/\/www.skaala.com\/wp-content\/uploads\/2025\/12\/Valkoinen-RAL-9010-1-reunustettu-300x169.png 300w, https:\/\/www.skaala.com\/wp-content\/uploads\/2025\/12\/Valkoinen-RAL-9010-1-reunustettu-1024x577.png 1024w, https:\/\/www.skaala.com\/wp-content\/uploads\/2025\/12\/Valkoinen-RAL-9010-1-reunustettu-768x433.png 768w, https:\/\/www.skaala.com\/wp-content\/uploads\/2025\/12\/Valkoinen-RAL-9010-1-reunustettu-101x57.png 101w, https:\/\/www.skaala.com\/wp-content\/uploads\/2025\/12\/Valkoinen-RAL-9010-1-reunustettu-1536x865.png 1536w, https:\/\/www.skaala.com\/wp-content\/uploads\/2025\/12\/Valkoinen-RAL-9010-1-reunustettu-640x361.png 640w, https:\/\/www.skaala.com\/wp-content\/uploads\/2025\/12\/Valkoinen-RAL-9010-1-reunustettu-1200x676.png 1200w\" sizes=\"(max-width: 639px) 98vw, (max-width: 1199px) 64vw, 770px\" \/>\t\t\t\t\t\t\t\t\t\t\t\t\t\t\t\t\t\t\t\t<\/div>\n\t\t\t\t\t\t\t\t\t\t\t<div class=\"window-doors-listing--item\">\n\t\t\t\t\t\t\t\t\t\t\t\t\t\t\t\t\t\t\t\t\t\t<img decoding=\"async\" width=\"1640\" height=\"924\" src=\"https:\/\/www.skaala.com\/wp-content\/uploads\/2025\/06\/Ruskea-RR-32.jpg\" class=\"featured-item\" alt=\"Ikkunan v\u00e4ri Ruskea RR 32\" srcset=\"https:\/\/www.skaala.com\/wp-content\/uploads\/2025\/06\/Ruskea-RR-32.jpg 1640w, https:\/\/www.skaala.com\/wp-content\/uploads\/2025\/06\/Ruskea-RR-32-300x169.jpg 300w, https:\/\/www.skaala.com\/wp-content\/uploads\/2025\/06\/Ruskea-RR-32-1024x577.jpg 1024w, https:\/\/www.skaala.com\/wp-content\/uploads\/2025\/06\/Ruskea-RR-32-768x433.jpg 768w, https:\/\/www.skaala.com\/wp-content\/uploads\/2025\/06\/Ruskea-RR-32-101x57.jpg 101w, https:\/\/www.skaala.com\/wp-content\/uploads\/2025\/06\/Ruskea-RR-32-1536x865.jpg 1536w, https:\/\/www.skaala.com\/wp-content\/uploads\/2025\/06\/Ruskea-RR-32-640x361.jpg 640w, https:\/\/www.skaala.com\/wp-content\/uploads\/2025\/06\/Ruskea-RR-32-1200x676.jpg 1200w\" sizes=\"(max-width: 639px) 98vw, (max-width: 1199px) 64vw, 770px\" \/>\t\t\t\t\t\t\t\t\t\t\t\t\t\t\t\t\t\t\t\t<\/div>\n\t\t\t\t\t\t\t\t\t\t\t<div class=\"window-doors-listing--item\">\n\t\t\t\t\t\t\t\t\t\t\t\t\t\t\t\t\t\t\t\t\t\t<img decoding=\"async\" width=\"1640\" height=\"924\" src=\"https:\/\/www.skaala.com\/wp-content\/uploads\/2025\/06\/Musta-RAL-9005.jpg\" class=\"featured-item\" alt=\"Ikkunan v\u00e4ri Musta RAL 9005\" srcset=\"https:\/\/www.skaala.com\/wp-content\/uploads\/2025\/06\/Musta-RAL-9005.jpg 1640w, https:\/\/www.skaala.com\/wp-content\/uploads\/2025\/06\/Musta-RAL-9005-300x169.jpg 300w, https:\/\/www.skaala.com\/wp-content\/uploads\/2025\/06\/Musta-RAL-9005-1024x577.jpg 1024w, https:\/\/www.skaala.com\/wp-content\/uploads\/2025\/06\/Musta-RAL-9005-768x433.jpg 768w, https:\/\/www.skaala.com\/wp-content\/uploads\/2025\/06\/Musta-RAL-9005-101x57.jpg 101w, https:\/\/www.skaala.com\/wp-content\/uploads\/2025\/06\/Musta-RAL-9005-1536x865.jpg 1536w, https:\/\/www.skaala.com\/wp-content\/uploads\/2025\/06\/Musta-RAL-9005-640x361.jpg 640w, https:\/\/www.skaala.com\/wp-content\/uploads\/2025\/06\/Musta-RAL-9005-1200x676.jpg 1200w\" sizes=\"(max-width: 639px) 98vw, (max-width: 1199px) 64vw, 770px\" \/>\t\t\t\t\t\t\t\t\t\t\t\t\t\t\t\t\t\t\t\t<\/div>\n\t\t\t\t\t\t\t\t\t<\/div>\n\t\t\t\t\t<\/div>\n\n\t<\/div>\n<\/div>\n\n\n\n\n<div class=\"wp-block-custom-content-area custom-wrapper aligncenter has-light-blue-background-color\"><div class=\"outer-wrap\">\n<a href=\"https:\/\/www.skaala.com\/fi\/ikkunat\/ikkunoiden-varivaihtoehdot\/\" id=\"button-block-block_5e2499a172ce2c18e5aa750d53cc87d4\" class=\"button-block button\" target=\"\">Katso kaikki v\u00e4rivaihtoehdot<\/a>\n\n<\/div><\/div>\n","protected":false},"excerpt":{"rendered":"","protected":false},"author":1767,"featured_media":26399,"parent":135,"menu_order":0,"comment_status":"closed","ping_status":"closed","template":"page-templates\/door-window-template.php","meta":{"_acf_changed":false,"inline_featured_image":false,"footnotes":""},"class_list":["post-26396","page","type-page","status-publish","has-post-thumbnail","hentry"],"acf":[],"_links":{"self":[{"href":"https:\/\/www.skaala.com\/fi\/wp-json\/wp\/v2\/pages\/26396","targetHints":{"allow":["GET"]}}],"collection":[{"href":"https:\/\/www.skaala.com\/fi\/wp-json\/wp\/v2\/pages"}],"about":[{"href":"https:\/\/www.skaala.com\/fi\/wp-json\/wp\/v2\/types\/page"}],"author":[{"embeddable":true,"href":"https:\/\/www.skaala.com\/fi\/wp-json\/wp\/v2\/users\/1767"}],"replies":[{"embeddable":true,"href":"https:\/\/www.skaala.com\/fi\/wp-json\/wp\/v2\/comments?post=26396"}],"version-history":[{"count":11,"href":"https:\/\/www.skaala.com\/fi\/wp-json\/wp\/v2\/pages\/26396\/revisions"}],"predecessor-version":[{"id":28235,"href":"https:\/\/www.skaala.com\/fi\/wp-json\/wp\/v2\/pages\/26396\/revisions\/28235"}],"up":[{"embeddable":true,"href":"https:\/\/www.skaala.com\/fi\/wp-json\/wp\/v2\/pages\/135"}],"wp:featuredmedia":[{"embeddable":true,"href":"https:\/\/www.skaala.com\/fi\/wp-json\/wp\/v2\/media\/26399"}],"wp:attachment":[{"href":"https:\/\/www.skaala.com\/fi\/wp-json\/wp\/v2\/media?parent=26396"}],"curies":[{"name":"wp","href":"https:\/\/api.w.org\/{rel}","templated":true}]}}