{"id":26620,"date":"2025-12-10T09:29:18","date_gmt":"2025-12-10T07:29:18","guid":{"rendered":"https:\/\/www.skaala.com\/?page_id=26620"},"modified":"2025-12-23T10:44:59","modified_gmt":"2025-12-23T08:44:59","slug":"matalat-ikkunat","status":"publish","type":"page","link":"https:\/\/www.skaala.com\/fi\/ikkunat\/koot-ja-mitat\/matalat-ikkunat\/","title":{"rendered":"Matalat ikkunat"},"content":{"rendered":"<div class=\"product-wrapper has-light-blue-background-color\">\n\t<div class=\"featured-product-block\">\n\n\t\t<div class=\"featured-product\">\n\t\t\t<div class=\"grid-item\">\n\t\t\t\t\t\t\t\t\t<img decoding=\"async\" width=\"200\" height=\"300\" src=\"https:\/\/www.skaala.com\/wp-content\/uploads\/2025\/12\/saunan-ikkuna-200x300.jpg\" class=\"featured-item--image\" alt=\"\" srcset=\"https:\/\/www.skaala.com\/wp-content\/uploads\/2025\/12\/saunan-ikkuna-200x300.jpg 200w, https:\/\/www.skaala.com\/wp-content\/uploads\/2025\/12\/saunan-ikkuna-683x1024.jpg 683w, https:\/\/www.skaala.com\/wp-content\/uploads\/2025\/12\/saunan-ikkuna-101x152.jpg 101w, https:\/\/www.skaala.com\/wp-content\/uploads\/2025\/12\/saunan-ikkuna-640x960.jpg 640w, https:\/\/www.skaala.com\/wp-content\/uploads\/2025\/12\/saunan-ikkuna.jpg 720w\" sizes=\"(max-width: 639px) 98vw, (max-width: 1199px) 64vw, 200px\" \/>\t\t\t\t\t\t\t<\/div>\n\t\t\t<div class=\"grid-item product-info\">\n\t\t\t\t<h1>Matalat ikkunat<\/h1>\n\t\t\t\t<div class=\"product-description\" style=\"margin: 24px 0;\">\n\t\t\t\t\t<p><p>Pienempi ikkunakoko on usein t\u00e4ydellinen valinta valaisemaan sis\u00e4tiloja. Skaalan matalat ikkunat ovat erinomainen valinta esimerkiksi keitti\u00f6\u00f6n, ullakolle, autotalliin ja muihin tiloihin, joissa vaakasuuntainen muoto toimii parhaiten. Skaalan mittatilausikkunat valmistetaan omalla tehtaallamme Etel\u00e4-Pohjanmaalla, juuri kotisi mittojen mukaan. Saat siis kest\u00e4v\u00e4t, energiatehokkaat ja Avainlipulla merkityt ikkunat erikokoisiin tiloihin.<\/p>\n<\/p>\n\t\t\t\t<\/div>\n\t\t\t\t\t\t\t\t\t<a class=\"button\" href=\"https:\/\/www.skaala.com\/fi\/verkkokauppa\/\" target=\"\">Verkkokauppa \u2013 ovet ja ikkunat netist\u00e4<\/a>\n\t\t\t\t\t\t\t<\/div>\n\t\t<\/div>\n\n\t<\/div>\n<\/div>\n\n\n\n<div class=\"wp-block-custom-content-area custom-wrapper aligncenter has-light-blue-background-color\">\n\t<div class=\"outer-wrap\">\n\n\t\t<div class=\"window-doors-listing\">\n\t\t\t<h2 class=\"introduction-title\">Matalien ikkunoiden kokovaihtoehdot<\/h2>\n\t\t\t<div>\n\t\t\t\t<p>Matalat ikkunat sopivat kohteisiin, joissa sein\u00e4pintaa on pystysuunnassa vain rajallisesti tai tilassa ei ole tarvetta suurelle ikkunapinta-alalle. Skaalan mallistosta l\u00f6yd\u00e4t sek\u00e4 kiinte\u00e4t ett\u00e4 avattavat vaihtoehdot mittatilausty\u00f6n\u00e4 valmistettuina.\u00a0<strong>Valitse jokin esimerkkiko&#8217;oista tai tilaa ikkunat mittatilausty\u00f6n\u00e4.<\/strong><\/p>\n\t\t\t<\/div>\n\t\t\t\t\t\t\t<div class=\"window-doors-listing-grid\">\n\t\t\t\t\t\t\t\t\t\t\t<div class=\"window-doors-listing--item\">\n\t\t\t\t\t\t\t\t\t\t\t\t\t\t\t\t\t\t\t\t\t\t\t\t\t\t\t\t\t<div class=\"button-wrap\">\n\t\t\t\t\t\t\t\t\t<a class=\"button\" href=\"https:\/\/www.skaala.com\/fi\/ikkunat\/koot-ja-mitat\/12x6\/\" target=\"\">Ikkuna 12X6<\/a>\n\t\t\t\t\t\t\t\t<\/div>\n\t\t\t\t\t\t\t\t\t\t\t\t\t<\/div>\n\t\t\t\t\t\t\t\t\t\t\t<div class=\"window-doors-listing--item\">\n\t\t\t\t\t\t\t\t\t\t\t\t\t\t\t\t\t\t\t\t\t\t\t\t\t\t\t\t\t<div class=\"button-wrap\">\n\t\t\t\t\t\t\t\t\t<a class=\"button\" href=\"https:\/\/www.skaala.com\/fi\/ikkunat\/koot-ja-mitat\/9x4\/\" target=\"\">Ikkuna 9X4<\/a>\n\t\t\t\t\t\t\t\t<\/div>\n\t\t\t\t\t\t\t\t\t\t\t\t\t<\/div>\n\t\t\t\t\t\t\t\t\t\t\t<div class=\"window-doors-listing--item\">\n\t\t\t\t\t\t\t\t\t\t\t\t\t\t\t\t\t\t\t\t\t\t\t\t\t\t\t\t\t<div class=\"button-wrap\">\n\t\t\t\t\t\t\t\t\t<a class=\"button\" href=\"https:\/\/www.skaala.com\/fi\/ikkunat\/koot-ja-mitat\/9x6\/\" target=\"\">Ikkuna 9X6<\/a>\n\t\t\t\t\t\t\t\t<\/div>\n\t\t\t\t\t\t\t\t\t\t\t\t\t<\/div>\n\t\t\t\t\t\t\t\t\t<\/div>\n\t\t\t\t\t<\/div>\n\n\t<\/div>\n<\/div>\n\n\n\n<div class=\"wp-block-custom-content-area custom-wrapper has-dark-gray-background-color\">\n\t<div class=\"outer-wrap\">\n\n\t\t\n\t\t<div class=\"product-card-cols\">\n\t\t\t<div>\n\t\t\t\t<p><h3>Matalat ikkunat mittatilauksella<\/h3>\n<p>Jokainen tila ja k\u00e4ytt\u00f6tarkoitus on erilainen, ja siksi Skaalan ikkunat valmistetaan mittatilausty\u00f6n\u00e4 juuri sinun kohteeseesi sopivaksi. Kapea karmirakenne ja moderni lasitus varmistavat valoisuuden ilman turhaa l\u00e4mp\u00f6hukkaa.<\/p>\n<p>&nbsp;<\/p>\n<p>Tehtaamme Ylih\u00e4rm\u00e4ss\u00e4 valmistaa erikokoiset ikkunat suomalaisiin koteihin. Voit tilata ikkunat Skaalalta hyvill\u00e4 mielin, sill\u00e4 ikkunoillemme on my\u00f6nnetty Avainlippu, mink\u00e4 lis\u00e4ksi tuotteilla on kattava takuu.<\/p>\n<p>&nbsp;<\/p>\n<\/p>\n\t\t\t<\/div>\n\t\t\t<div>\n\t\t\t\t<p><p><script type=\"text\/javascript\" async src=\"https:\/\/bot.leadoo.com\/bot\/inpage.js?code=10a190a591cb800a#seamless\"><span data-mce-type=\"bookmark\" style=\"display: inline-block; width: 0px; overflow: hidden; line-height: 0;\" class=\"mce_SELRES_start\">\ufeff<\/span><\/script><\/p>\n<\/p>\n\t\t\t<\/div>\n\t\t<\/div>\n\n\t<\/div>\n<\/div>\n\n\n\n<div class=\"product-wrapper has-light-blue-background-color\">\n\t<div class=\"featured-product-block window-image-content\">\n\n\t\t<div class=\"featured-product\">\n\t\t\t<div class=\"grid-item\">\n\t\t\t\t\t\t\t\t\t<img decoding=\"async\" width=\"300\" height=\"200\" src=\"https:\/\/www.skaala.com\/wp-content\/uploads\/2025\/12\/Seglinge-keittion-ikkunat-300x200.jpg\" class=\"featured-item--image\" alt=\"\" srcset=\"https:\/\/www.skaala.com\/wp-content\/uploads\/2025\/12\/Seglinge-keittion-ikkunat-300x200.jpg 300w, https:\/\/www.skaala.com\/wp-content\/uploads\/2025\/12\/Seglinge-keittion-ikkunat-1024x683.jpg 1024w, https:\/\/www.skaala.com\/wp-content\/uploads\/2025\/12\/Seglinge-keittion-ikkunat-768x512.jpg 768w, https:\/\/www.skaala.com\/wp-content\/uploads\/2025\/12\/Seglinge-keittion-ikkunat-101x67.jpg 101w, https:\/\/www.skaala.com\/wp-content\/uploads\/2025\/12\/Seglinge-keittion-ikkunat-1536x1024.jpg 1536w, https:\/\/www.skaala.com\/wp-content\/uploads\/2025\/12\/Seglinge-keittion-ikkunat-2048x1365.jpg 2048w, https:\/\/www.skaala.com\/wp-content\/uploads\/2025\/12\/Seglinge-keittion-ikkunat-640x427.jpg 640w, https:\/\/www.skaala.com\/wp-content\/uploads\/2025\/12\/Seglinge-keittion-ikkunat-1200x800.jpg 1200w, https:\/\/www.skaala.com\/wp-content\/uploads\/2025\/12\/Seglinge-keittion-ikkunat-1920x1280.jpg 1920w\" sizes=\"(max-width: 639px) 98vw, (max-width: 1199px) 64vw, 300px\" \/>\t\t\t\t\t\t\t<\/div>\n\t\t\t<div class=\"grid-item\">\n\t\t\t\t<h2 class=\"introduction-title\">Matalien ikkunoiden eri v\u00e4rit ja materiaalit   <\/h2>\n\t\t\t\t<div>\n\t\t\t\t\t<p>Voit valita eri s\u00e4vyt sis\u00e4- ja ulkopuolelle, jolloin sis\u00e4puoli sulautuu sisustukseen ja ulkopuoli t\u00e4ydent\u00e4\u00e4 julkisivua. Puuosien kuultok\u00e4sittely korostaa puun el\u00e4vyytt\u00e4 ja luonnollisuutta. Voit my\u00f6s valita joko s\u00e4vytt\u00f6m\u00e4n lakkauksen tai s\u00e4vytetyn k\u00e4sittelyn. <strong>Valitse jokin suosituimmista s\u00e4vyist\u00e4mme tai <a href=\"https:\/\/www.skaala.com\/fi\/ikkunat\/ikkunoiden-varivaihtoehdot\/\">tutustu kaikkiin v\u00e4reihin<\/a>.<\/strong><\/p>\n\t\t\t\t<\/div>\n\t\t\t\t\t\t\t\t\t<div class=\"window-doors-listing-grid\">\n\t\t\t\t\t\t\t\t\t\t\t\t\t<div class=\"window-doors-listing--item\">\n\t\t\t\t\t\t\t\t\t\t\t\t\t\t\t\t\t\t\t\t\t\t\t\t\t<img decoding=\"async\" width=\"2000\" height=\"1126\" src=\"https:\/\/www.skaala.com\/wp-content\/uploads\/2024\/10\/Valkolakka.jpg\" class=\"featured-item\" alt=\"\" srcset=\"https:\/\/www.skaala.com\/wp-content\/uploads\/2024\/10\/Valkolakka.jpg 2000w, https:\/\/www.skaala.com\/wp-content\/uploads\/2024\/10\/Valkolakka-300x169.jpg 300w, https:\/\/www.skaala.com\/wp-content\/uploads\/2024\/10\/Valkolakka-1024x577.jpg 1024w, https:\/\/www.skaala.com\/wp-content\/uploads\/2024\/10\/Valkolakka-768x432.jpg 768w, https:\/\/www.skaala.com\/wp-content\/uploads\/2024\/10\/Valkolakka-101x57.jpg 101w, https:\/\/www.skaala.com\/wp-content\/uploads\/2024\/10\/Valkolakka-1536x865.jpg 1536w, https:\/\/www.skaala.com\/wp-content\/uploads\/2024\/10\/Valkolakka-640x360.jpg 640w, https:\/\/www.skaala.com\/wp-content\/uploads\/2024\/10\/Valkolakka-1200x676.jpg 1200w, https:\/\/www.skaala.com\/wp-content\/uploads\/2024\/10\/Valkolakka-1920x1081.jpg 1920w\" sizes=\"(max-width: 639px) 98vw, (max-width: 1199px) 64vw, 770px\" \/>\t\t\t\t\t\t\t\t\t\t\t\t\t\t\t<\/div>\n\t\t\t\t\t\t\t\t\t\t\t\t\t<div class=\"window-doors-listing--item\">\n\t\t\t\t\t\t\t\t\t\t\t\t\t\t\t\t\t\t\t\t\t\t\t\t\t<img decoding=\"async\" width=\"2000\" height=\"1141\" src=\"https:\/\/www.skaala.com\/wp-content\/uploads\/2024\/10\/Kirkaslakka-1.jpg\" class=\"featured-item\" alt=\"\" srcset=\"https:\/\/www.skaala.com\/wp-content\/uploads\/2024\/10\/Kirkaslakka-1.jpg 2000w, https:\/\/www.skaala.com\/wp-content\/uploads\/2024\/10\/Kirkaslakka-1-300x171.jpg 300w, https:\/\/www.skaala.com\/wp-content\/uploads\/2024\/10\/Kirkaslakka-1-1024x584.jpg 1024w, https:\/\/www.skaala.com\/wp-content\/uploads\/2024\/10\/Kirkaslakka-1-768x438.jpg 768w, https:\/\/www.skaala.com\/wp-content\/uploads\/2024\/10\/Kirkaslakka-1-101x58.jpg 101w, https:\/\/www.skaala.com\/wp-content\/uploads\/2024\/10\/Kirkaslakka-1-1536x876.jpg 1536w, https:\/\/www.skaala.com\/wp-content\/uploads\/2024\/10\/Kirkaslakka-1-640x365.jpg 640w, https:\/\/www.skaala.com\/wp-content\/uploads\/2024\/10\/Kirkaslakka-1-1200x685.jpg 1200w, https:\/\/www.skaala.com\/wp-content\/uploads\/2024\/10\/Kirkaslakka-1-1920x1095.jpg 1920w\" sizes=\"(max-width: 639px) 98vw, (max-width: 1199px) 64vw, 770px\" \/>\t\t\t\t\t\t\t\t\t\t\t\t\t\t\t<\/div>\n\t\t\t\t\t\t\t\t\t\t\t\t\t<div class=\"window-doors-listing--item\">\n\t\t\t\t\t\t\t\t\t\t\t\t\t\t\t\t\t\t\t\t\t\t\t\t\t<img decoding=\"async\" width=\"2000\" height=\"1144\" src=\"https:\/\/www.skaala.com\/wp-content\/uploads\/2024\/10\/Tammi.jpg\" class=\"featured-item\" alt=\"\" srcset=\"https:\/\/www.skaala.com\/wp-content\/uploads\/2024\/10\/Tammi.jpg 2000w, https:\/\/www.skaala.com\/wp-content\/uploads\/2024\/10\/Tammi-300x172.jpg 300w, https:\/\/www.skaala.com\/wp-content\/uploads\/2024\/10\/Tammi-1024x586.jpg 1024w, https:\/\/www.skaala.com\/wp-content\/uploads\/2024\/10\/Tammi-768x439.jpg 768w, https:\/\/www.skaala.com\/wp-content\/uploads\/2024\/10\/Tammi-101x58.jpg 101w, https:\/\/www.skaala.com\/wp-content\/uploads\/2024\/10\/Tammi-1536x879.jpg 1536w, https:\/\/www.skaala.com\/wp-content\/uploads\/2024\/10\/Tammi-640x366.jpg 640w, https:\/\/www.skaala.com\/wp-content\/uploads\/2024\/10\/Tammi-1200x686.jpg 1200w, https:\/\/www.skaala.com\/wp-content\/uploads\/2024\/10\/Tammi-1920x1098.jpg 1920w\" sizes=\"(max-width: 639px) 98vw, (max-width: 1199px) 64vw, 770px\" \/>\t\t\t\t\t\t\t\t\t\t\t\t\t\t\t<\/div>\n\t\t\t\t\t\t\t\t\t\t\t\t\t<div class=\"window-doors-listing--item\">\n\t\t\t\t\t\t\t\t\t\t\t\t\t\t\t\t\t\t\t\t\t\t\t\t\t<img decoding=\"async\" width=\"2000\" height=\"1076\" src=\"https:\/\/www.skaala.com\/wp-content\/uploads\/2024\/10\/Black-effect.jpg\" class=\"featured-item\" alt=\"\" srcset=\"https:\/\/www.skaala.com\/wp-content\/uploads\/2024\/10\/Black-effect.jpg 2000w, https:\/\/www.skaala.com\/wp-content\/uploads\/2024\/10\/Black-effect-300x161.jpg 300w, https:\/\/www.skaala.com\/wp-content\/uploads\/2024\/10\/Black-effect-1024x551.jpg 1024w, https:\/\/www.skaala.com\/wp-content\/uploads\/2024\/10\/Black-effect-768x413.jpg 768w, https:\/\/www.skaala.com\/wp-content\/uploads\/2024\/10\/Black-effect-101x54.jpg 101w, https:\/\/www.skaala.com\/wp-content\/uploads\/2024\/10\/Black-effect-1536x826.jpg 1536w, https:\/\/www.skaala.com\/wp-content\/uploads\/2024\/10\/Black-effect-640x344.jpg 640w, https:\/\/www.skaala.com\/wp-content\/uploads\/2024\/10\/Black-effect-1200x646.jpg 1200w, https:\/\/www.skaala.com\/wp-content\/uploads\/2024\/10\/Black-effect-1920x1033.jpg 1920w\" sizes=\"(max-width: 639px) 98vw, (max-width: 1199px) 64vw, 770px\" \/>\t\t\t\t\t\t\t\t\t\t\t\t\t\t\t<\/div>\n\t\t\t\t\t\t\t\t\t\t\t<\/div>\n\t\t\t\t\t\t\t<\/div>\n\t\t<\/div>\n\n\t<\/div>\n<\/div>\n\n\n\n<div class=\"product-wrapper has-light-blue-background-color\">\n\t<div class=\"featured-product-block window-image-content\">\n\n\t\t<div class=\"featured-product\">\n\t\t\t<div class=\"grid-item\">\n\t\t\t\t\t\t\t\t\t<img decoding=\"async\" width=\"300\" height=\"200\" src=\"https:\/\/www.skaala.com\/wp-content\/uploads\/2025\/05\/Skaala-Jarvenpaa-Sofia-Pollonen-Referenssi-LR-12-300x200.jpg\" class=\"featured-item--image\" alt=\"\" srcset=\"https:\/\/www.skaala.com\/wp-content\/uploads\/2025\/05\/Skaala-Jarvenpaa-Sofia-Pollonen-Referenssi-LR-12-300x200.jpg 300w, https:\/\/www.skaala.com\/wp-content\/uploads\/2025\/05\/Skaala-Jarvenpaa-Sofia-Pollonen-Referenssi-LR-12-1024x683.jpg 1024w, https:\/\/www.skaala.com\/wp-content\/uploads\/2025\/05\/Skaala-Jarvenpaa-Sofia-Pollonen-Referenssi-LR-12-768x512.jpg 768w, https:\/\/www.skaala.com\/wp-content\/uploads\/2025\/05\/Skaala-Jarvenpaa-Sofia-Pollonen-Referenssi-LR-12-101x67.jpg 101w, https:\/\/www.skaala.com\/wp-content\/uploads\/2025\/05\/Skaala-Jarvenpaa-Sofia-Pollonen-Referenssi-LR-12-1536x1024.jpg 1536w, https:\/\/www.skaala.com\/wp-content\/uploads\/2025\/05\/Skaala-Jarvenpaa-Sofia-Pollonen-Referenssi-LR-12-640x427.jpg 640w, https:\/\/www.skaala.com\/wp-content\/uploads\/2025\/05\/Skaala-Jarvenpaa-Sofia-Pollonen-Referenssi-LR-12-1200x800.jpg 1200w, https:\/\/www.skaala.com\/wp-content\/uploads\/2025\/05\/Skaala-Jarvenpaa-Sofia-Pollonen-Referenssi-LR-12.jpg 1920w\" sizes=\"(max-width: 639px) 98vw, (max-width: 1199px) 64vw, 300px\" \/>\t\t\t\t\t\t\t<\/div>\n\t\t\t<div class=\"grid-item\">\n\t\t\t\t<h2 class=\"introduction-title\">Alumiinipintojen vakiov\u00e4rit mataliin ikkunoihin<\/h2>\n\t\t\t\t<div>\n\t\t\t\t\t<p>Matalissa ikkunoissa ulkopuolen alumiinipinta on jauhemaalattua alumiinia, joka kest\u00e4\u00e4 kosteutta, auringonvaloa ja pakkasta ilman ruostumista. Rakennuslupa ohjaa useimmiten ulkov\u00e4rin valintaa, ja Skaalalla on valmiina useita vakiov\u00e4rej\u00e4. Tarvittaessa s\u00e4vy voidaan valita my\u00f6s RAL Classic- tai RR-v\u00e4rikartoista rakennuksen tyyliin istuvaksi.<\/p>\n\t\t\t\t<\/div>\n\t\t\t\t\t\t\t\t\t<div class=\"window-doors-listing-grid\">\n\t\t\t\t\t\t\t\t\t\t\t\t\t<div class=\"window-doors-listing--item\">\n\t\t\t\t\t\t\t\t\t\t\t\t\t\t\t\t\t\t\t\t\t\t\t\t\t<img decoding=\"async\" width=\"1640\" height=\"924\" src=\"https:\/\/www.skaala.com\/wp-content\/uploads\/2025\/12\/Valkoinen-RAL-9010-1-reunustettu.png\" class=\"featured-item\" alt=\"\" srcset=\"https:\/\/www.skaala.com\/wp-content\/uploads\/2025\/12\/Valkoinen-RAL-9010-1-reunustettu.png 1640w, https:\/\/www.skaala.com\/wp-content\/uploads\/2025\/12\/Valkoinen-RAL-9010-1-reunustettu-300x169.png 300w, https:\/\/www.skaala.com\/wp-content\/uploads\/2025\/12\/Valkoinen-RAL-9010-1-reunustettu-1024x577.png 1024w, https:\/\/www.skaala.com\/wp-content\/uploads\/2025\/12\/Valkoinen-RAL-9010-1-reunustettu-768x433.png 768w, https:\/\/www.skaala.com\/wp-content\/uploads\/2025\/12\/Valkoinen-RAL-9010-1-reunustettu-101x57.png 101w, https:\/\/www.skaala.com\/wp-content\/uploads\/2025\/12\/Valkoinen-RAL-9010-1-reunustettu-1536x865.png 1536w, https:\/\/www.skaala.com\/wp-content\/uploads\/2025\/12\/Valkoinen-RAL-9010-1-reunustettu-640x361.png 640w, https:\/\/www.skaala.com\/wp-content\/uploads\/2025\/12\/Valkoinen-RAL-9010-1-reunustettu-1200x676.png 1200w\" sizes=\"(max-width: 639px) 98vw, (max-width: 1199px) 64vw, 770px\" \/>\t\t\t\t\t\t\t\t\t\t\t\t\t\t\t<\/div>\n\t\t\t\t\t\t\t\t\t\t\t\t\t<div class=\"window-doors-listing--item\">\n\t\t\t\t\t\t\t\t\t\t\t\t\t\t\t\t\t\t\t\t\t\t\t\t\t<img decoding=\"async\" width=\"1640\" height=\"924\" src=\"https:\/\/www.skaala.com\/wp-content\/uploads\/2025\/10\/Tummanharmaa-RAL-7024-1.jpg\" class=\"featured-item\" alt=\"\" srcset=\"https:\/\/www.skaala.com\/wp-content\/uploads\/2025\/10\/Tummanharmaa-RAL-7024-1.jpg 1640w, https:\/\/www.skaala.com\/wp-content\/uploads\/2025\/10\/Tummanharmaa-RAL-7024-1-300x169.jpg 300w, https:\/\/www.skaala.com\/wp-content\/uploads\/2025\/10\/Tummanharmaa-RAL-7024-1-1024x577.jpg 1024w, https:\/\/www.skaala.com\/wp-content\/uploads\/2025\/10\/Tummanharmaa-RAL-7024-1-768x433.jpg 768w, https:\/\/www.skaala.com\/wp-content\/uploads\/2025\/10\/Tummanharmaa-RAL-7024-1-101x57.jpg 101w, https:\/\/www.skaala.com\/wp-content\/uploads\/2025\/10\/Tummanharmaa-RAL-7024-1-1536x865.jpg 1536w, https:\/\/www.skaala.com\/wp-content\/uploads\/2025\/10\/Tummanharmaa-RAL-7024-1-640x361.jpg 640w, https:\/\/www.skaala.com\/wp-content\/uploads\/2025\/10\/Tummanharmaa-RAL-7024-1-1200x676.jpg 1200w\" sizes=\"(max-width: 639px) 98vw, (max-width: 1199px) 64vw, 770px\" \/>\t\t\t\t\t\t\t\t\t\t\t\t\t\t\t<\/div>\n\t\t\t\t\t\t\t\t\t\t\t\t\t<div class=\"window-doors-listing--item\">\n\t\t\t\t\t\t\t\t\t\t\t\t\t\t\t\t\t\t\t\t\t\t\t\t\t<img decoding=\"async\" width=\"1640\" height=\"924\" src=\"https:\/\/www.skaala.com\/wp-content\/uploads\/2025\/10\/Ruskea-RR-32.jpg\" class=\"featured-item\" alt=\"\" srcset=\"https:\/\/www.skaala.com\/wp-content\/uploads\/2025\/10\/Ruskea-RR-32.jpg 1640w, https:\/\/www.skaala.com\/wp-content\/uploads\/2025\/10\/Ruskea-RR-32-300x169.jpg 300w, https:\/\/www.skaala.com\/wp-content\/uploads\/2025\/10\/Ruskea-RR-32-1024x577.jpg 1024w, https:\/\/www.skaala.com\/wp-content\/uploads\/2025\/10\/Ruskea-RR-32-768x433.jpg 768w, https:\/\/www.skaala.com\/wp-content\/uploads\/2025\/10\/Ruskea-RR-32-101x57.jpg 101w, https:\/\/www.skaala.com\/wp-content\/uploads\/2025\/10\/Ruskea-RR-32-1536x865.jpg 1536w, https:\/\/www.skaala.com\/wp-content\/uploads\/2025\/10\/Ruskea-RR-32-640x361.jpg 640w, https:\/\/www.skaala.com\/wp-content\/uploads\/2025\/10\/Ruskea-RR-32-1200x676.jpg 1200w\" sizes=\"(max-width: 639px) 98vw, (max-width: 1199px) 64vw, 770px\" \/>\t\t\t\t\t\t\t\t\t\t\t\t\t\t\t<\/div>\n\t\t\t\t\t\t\t\t\t\t\t\t\t<div class=\"window-doors-listing--item\">\n\t\t\t\t\t\t\t\t\t\t\t\t\t\t\t\t\t\t\t\t\t\t\t\t\t<img decoding=\"async\" width=\"1640\" height=\"924\" src=\"https:\/\/www.skaala.com\/wp-content\/uploads\/2025\/06\/Musta-RAL-9005.jpg\" class=\"featured-item\" alt=\"Ikkunan v\u00e4ri Musta RAL 9005\" srcset=\"https:\/\/www.skaala.com\/wp-content\/uploads\/2025\/06\/Musta-RAL-9005.jpg 1640w, https:\/\/www.skaala.com\/wp-content\/uploads\/2025\/06\/Musta-RAL-9005-300x169.jpg 300w, https:\/\/www.skaala.com\/wp-content\/uploads\/2025\/06\/Musta-RAL-9005-1024x577.jpg 1024w, https:\/\/www.skaala.com\/wp-content\/uploads\/2025\/06\/Musta-RAL-9005-768x433.jpg 768w, https:\/\/www.skaala.com\/wp-content\/uploads\/2025\/06\/Musta-RAL-9005-101x57.jpg 101w, https:\/\/www.skaala.com\/wp-content\/uploads\/2025\/06\/Musta-RAL-9005-1536x865.jpg 1536w, https:\/\/www.skaala.com\/wp-content\/uploads\/2025\/06\/Musta-RAL-9005-640x361.jpg 640w, https:\/\/www.skaala.com\/wp-content\/uploads\/2025\/06\/Musta-RAL-9005-1200x676.jpg 1200w\" sizes=\"(max-width: 639px) 98vw, (max-width: 1199px) 64vw, 770px\" \/>\t\t\t\t\t\t\t\t\t\t\t\t\t\t\t<\/div>\n\t\t\t\t\t\t\t\t\t\t\t<\/div>\n\t\t\t\t\t\t\t<\/div>\n\t\t<\/div>\n\n\t<\/div>\n<\/div>\n\n\n\n\n<div class=\"wp-block-custom-content-area custom-wrapper aligncenter has-light-blue-background-color\"><div class=\"outer-wrap\">\n<a href=\"https:\/\/www.skaala.com\/fi\/ikkunat\/ikkunoiden-varivaihtoehdot\/\" \nid=\"button-block-block_619a31048ef98c1ee91d8dca2dba2003\" \nclass=\"button-block button\"\ntarget=\"\"\n>Katso kaikki v\u00e4rivaihtoehdot<\/a>\n\n<\/div><\/div>\n\n\n<div class=\"wp-block-custom-content-area custom-wrapper has-dark-gray-background-color\">\n\t<div class=\"outer-wrap\">\n\n\t\t\n\t\t<div class=\"product-card-cols\">\n\t\t\t<div>\n\t\t\t\t<p><h3>Ikkunat pohjoisen olosuhteisiin<\/h3>\n<p>My\u00f6s matalan ikkunan on vastattava energiatehokkuuden ja turvallisuuden vaatimuksin. Energiatehokkaimmat Skaala-ikkunat voivat s\u00e4\u00e4st\u00e4\u00e4 jopa 70 % energiankulutuksessa normitasoon verrattuna. Huolellinen tiivistys, l\u00e4mp\u00f6lasirakenne ja laadukas asennus pit\u00e4v\u00e4t huolen, ett\u00e4 sis\u00e4ilma pysyy miellytt\u00e4v\u00e4n\u00e4 ja veto poissa ymp\u00e4ri vuoden.<\/p>\n<p>&nbsp;<\/p>\n<p><a href=\"https:\/\/www.skaala.com\/fi\/energiansaastolaskuri-energiatehokkuus\/\"><strong>Laske ikkunoiden energiankulutus<\/strong><\/a><\/p>\n<\/p>\n\t\t\t<\/div>\n\t\t\t<div>\n\t\t\t\t<p><h3>Viimeistele ikkunasi lis\u00e4varusteilla<\/h3>\n<p>Matalat ikkunat on helppo r\u00e4\u00e4t\u00e4l\u00f6id\u00e4 tarpeidesi mukaan. Skaalan lis\u00e4varustevalikoimasta l\u00f6yd\u00e4t s\u00e4lekaihtimet, hyttysverkot, tuuletusmekanismit ja kahvat, joilla ehostat ikkunoiden ulkon\u00e4k\u00f6\u00e4 ja helppok\u00e4ytt\u00f6isyytt\u00e4 entisest\u00e4\u00e4n.<\/p>\n<p>&nbsp;<\/p>\n<p><strong><a href=\"https:\/\/www.skaala.com\/fi\/ikkunat\/lisavarusteet\/\">Tutustu lis\u00e4varusteisiin<\/a><\/strong><\/p>\n<\/p>\n\t\t\t<\/div>\n\t\t<\/div>\n\n\t<\/div>\n<\/div>\n\n\n\n<div class=\"wp-block-custom-content-area custom-wrapper aligncenter has-light-blue-background-color\">\n\t<div class=\"outer-wrap\">\n\n\t\t<div class=\"window-doors-listing\">\n\t\t\t<h2 class=\"introduction-title\">Valitse sopiva ikkunamalli<\/h2>\n\t\t\t<div>\n\t\t\t\t<p>Valitse matalan ikkunan koko, v\u00e4rit sek\u00e4 sopiva ikkunamalli, joka t\u00e4ytt\u00e4\u00e4 kohteesi erityisvaatimukset. Skaalan ammattilaiset auttavat sinua tarvittaessa ikkunaremontin tai uudiskohteen ikkunoiden suunnittelussa sek\u00e4 niiden asemoinnissa rakennukseen sopivaksi.<\/p>\n\t\t\t<\/div>\n\t\t\t\t\t\t\t<div class=\"window-doors-listing-grid\">\n\t\t\t\t\t\t\t\t\t\t\t<div class=\"window-doors-listing--item\">\n\t\t\t\t\t\t\t\t\t\t\t\t\t\t\t\t\t\t\t\t\t\t\t\t\t\t\t\t\t<div class=\"button-wrap\">\n\t\t\t\t\t\t\t\t\t<a class=\"button\" href=\"https:\/\/www.skaala.com\/fi\/kaikki-ikkunat\/sisaanaukeava-kolmilasinen-ikkuna\/\" target=\"\">Sis\u00e4\u00e4naukeavat ikkunat<\/a>\n\t\t\t\t\t\t\t\t<\/div>\n\t\t\t\t\t\t\t\t\t\t\t\t\t<\/div>\n\t\t\t\t\t\t\t\t\t\t\t<div class=\"window-doors-listing--item\">\n\t\t\t\t\t\t\t\t\t\t\t\t\t\t\t\t\t\t\t\t\t\t\t\t\t\t\t\t\t<div class=\"button-wrap\">\n\t\t\t\t\t\t\t\t\t<a class=\"button\" href=\"https:\/\/www.skaala.com\/fi\/kaikki-ikkunat\/ulosaukeava-ikkuna\/\" target=\"\">Ulosaukeavat ikkunat<\/a>\n\t\t\t\t\t\t\t\t<\/div>\n\t\t\t\t\t\t\t\t\t\t\t\t\t<\/div>\n\t\t\t\t\t\t\t\t\t\t\t<div class=\"window-doors-listing--item\">\n\t\t\t\t\t\t\t\t\t\t\t\t\t\t\t\t\t\t\t\t\t\t\t\t\t\t\t\t\t<div class=\"button-wrap\">\n\t\t\t\t\t\t\t\t\t<a class=\"button\" href=\"https:\/\/www.skaala.com\/fi\/kaikki-ikkunat\/kiintea-ikkuna\/\" target=\"\">Kiinte\u00e4t ikkunat<\/a>\n\t\t\t\t\t\t\t\t<\/div>\n\t\t\t\t\t\t\t\t\t\t\t\t\t<\/div>\n\t\t\t\t\t\t\t\t\t\t\t<div class=\"window-doors-listing--item\">\n\t\t\t\t\t\t\t\t\t\t\t\t\t\t\t\t\t\t\t\t\t\t\t\t\t\t\t\t\t<div class=\"button-wrap\">\n\t\t\t\t\t\t\t\t\t<a class=\"button\" href=\"https:\/\/www.skaala.com\/fi\/ikkunat\/erikoisikkunat\/\" target=\"\">Palo- ja erikoisikkunat<\/a>\n\t\t\t\t\t\t\t\t<\/div>\n\t\t\t\t\t\t\t\t\t\t\t\t\t<\/div>\n\t\t\t\t\t\t\t\t\t<\/div>\n\t\t\t\t\t<\/div>\n\n\t<\/div>\n<\/div>\n\n","protected":false},"excerpt":{"rendered":"","protected":false},"author":5,"featured_media":26765,"parent":26396,"menu_order":0,"comment_status":"closed","ping_status":"closed","template":"page-templates\/door-window-template.php","meta":{"_acf_changed":false,"inline_featured_image":false,"footnotes":""},"class_list":["post-26620","page","type-page","status-publish","has-post-thumbnail","hentry"],"acf":[],"_links":{"self":[{"href":"https:\/\/www.skaala.com\/fi\/wp-json\/wp\/v2\/pages\/26620","targetHints":{"allow":["GET"]}}],"collection":[{"href":"https:\/\/www.skaala.com\/fi\/wp-json\/wp\/v2\/pages"}],"about":[{"href":"https:\/\/www.skaala.com\/fi\/wp-json\/wp\/v2\/types\/page"}],"author":[{"embeddable":true,"href":"https:\/\/www.skaala.com\/fi\/wp-json\/wp\/v2\/users\/5"}],"replies":[{"embeddable":true,"href":"https:\/\/www.skaala.com\/fi\/wp-json\/wp\/v2\/comments?post=26620"}],"version-history":[{"count":14,"href":"https:\/\/www.skaala.com\/fi\/wp-json\/wp\/v2\/pages\/26620\/revisions"}],"predecessor-version":[{"id":26893,"href":"https:\/\/www.skaala.com\/fi\/wp-json\/wp\/v2\/pages\/26620\/revisions\/26893"}],"up":[{"embeddable":true,"href":"https:\/\/www.skaala.com\/fi\/wp-json\/wp\/v2\/pages\/26396"}],"wp:featuredmedia":[{"embeddable":true,"href":"https:\/\/www.skaala.com\/fi\/wp-json\/wp\/v2\/media\/26765"}],"wp:attachment":[{"href":"https:\/\/www.skaala.com\/fi\/wp-json\/wp\/v2\/media?parent=26620"}],"curies":[{"name":"wp","href":"https:\/\/api.w.org\/{rel}","templated":true}]}}