{"id":27529,"date":"2026-02-26T08:44:11","date_gmt":"2026-02-26T06:44:11","guid":{"rendered":"https:\/\/www.skaala.com\/?page_id=27529"},"modified":"2026-02-26T12:06:02","modified_gmt":"2026-02-26T10:06:02","slug":"kauppiasesittely-mika-nurminen","status":"publish","type":"page","link":"https:\/\/www.skaala.com\/fi\/kauppiasesittely-mika-nurminen\/","title":{"rendered":"Kauppiasesittely Mika Nurminen"},"content":{"rendered":"\n\t<header class=\"featured-hero has-dark-gray-background-color\" role=\"banner\">\n\t\t\t<h1>Mikan Talopalvelu<\/h1>\n\t<\/header>\n\t\n\n\n\n<div id=\"text-image-block_76890bc1daba6381cbb598bec8011c68\" class=\"text-image-block\">\n\t<div class=\"text-image-wrapper\">\n\t\t<div class=\"grid-order-1 image-wrapper\" >\n\t\t\t<img decoding=\"async\" width=\"720\" height=\"866\" src=\"https:\/\/www.skaala.com\/wp-content\/uploads\/2026\/02\/mika-nurminen.jpg\" class=\"\" alt=\"\" srcset=\"https:\/\/www.skaala.com\/wp-content\/uploads\/2026\/02\/mika-nurminen.jpg 720w, https:\/\/www.skaala.com\/wp-content\/uploads\/2026\/02\/mika-nurminen-249x300.jpg 249w, https:\/\/www.skaala.com\/wp-content\/uploads\/2026\/02\/mika-nurminen-101x121.jpg 101w, https:\/\/www.skaala.com\/wp-content\/uploads\/2026\/02\/mika-nurminen-640x770.jpg 640w\" sizes=\"(max-width: 639px) 98vw, (max-width: 1199px) 64vw, 720px\" \/>\t\t<\/div>\n\t\t<div class=\"text-wrapper  grid-order-2  \">\n\t\t\t\t\t\t\t<h2>Skaala-kauppias Mika Nurminen<\/h2>\n\t\t\t\t\t\t\t\t\t\t<div><p><strong>Mietitk\u00f6 ikkunaremonttia, oven uusimista vai uuden kodin rakentamista? Skaalan laadukkaat ikkunat ja ovet ovat varma valinta \u2013 niill\u00e4 parannat asumismukavuutta ja tehostat kodin energiatehokkuutta.<\/strong><\/p>\n<p>&nbsp;<\/p>\n<p>Etsitk\u00f6 luotettavaa kumppania, joka toteuttaa ikkunaremonttiprojektin avaimet k\u00e4teen -palveluna? Mikan Talopalvelu tarjoaa r\u00e4\u00e4t\u00e4l\u00f6idyt ratkaisut tarpeisiisi \u2013 ota yhteytt\u00e4 ja pyyd\u00e4 tarjous ikkunaremontista.<\/p>\n<p>&nbsp;<\/p>\n<p><strong>\u00a0Valitse Pohjois-Savossa kumppaniksi Skaala-kauppias Mikan Talopalvelu.<\/strong><\/p>\n<\/div>\n\t\t\t\t\t\t\t\t<\/div>\n\t<\/div>\n\n<\/div>\n\n\n\n\n\n<div class=\"wp-block-custom-divider-image has-none-overlay divider-image-medium has-background-image\" style=\"background-image:url(https:\/\/www.skaala.com\/wp-content\/uploads\/2026\/02\/Nurminen-ikkunaheijastus.jpg)\"><\/div>\n\n\n\n<div class=\"wp-block-custom-content-area custom-wrapper alignleft has-light-blue-background-color\"><div class=\"outer-wrap\">\t\n\t<div id=\"heading-block-block_87cadbedf3629f3399ecaebc6ba08248\" class=\"heading-block\">\n\t\t<h2 ><span>Mikan Talopalvelu  &#8211; Pitk\u00e4 kokemus kodin ovi- ja ikkunaremonteista  <\/span><\/h2>\t<\/div>\n\n\n\n<a href=\"https:\/\/bot.leadoo.com\/bot\/visual.html?code=cc0ae92c2a45effe\" id=\"button-block-block_9b537584fa6405c4146bb8c90d12d009\" class=\"button-block button\" target=\"_blank\" rel=\"noopener\">Pyyd\u00e4 tarjous tai tilaa ilmainen arviointik\u00e4ynti t\u00e4st\u00e4 <\/a>\n\n\n\n\n<div id=\"text-block-block_d425db1775a4fceac79b7fc29d8cd63b\" class=\"text-block\">\n\t\t\t<p><strong>Kuka olet?<\/strong><br \/>\nOlen Mika Nurminen, toimin yritt\u00e4j\u00e4n\u00e4 Mikan Talopalvelussa, joka on valtuutettu Skaala j\u00e4lleenmyyj\u00e4.<\/p>\n<p>&nbsp;<\/p>\n<p><strong>Mill\u00e4 alueella toimit?<\/strong><br \/>\nMyyntialueeni on Kuopio ja sen ymp\u00e4rist\u00f6.<\/p>\n<p>&nbsp;<\/p>\n<p><strong>Asennatko itse?<\/strong><br \/>\nP\u00e4\u00e4s\u00e4\u00e4nt\u00f6isesti asennan myym\u00e4ni kohteet itse. Isommissa kohteissa tarvittaessa apunani on paikallisia rakennusalan yritt\u00e4ji\u00e4. Teemme tarvittaessa ikkuna- ja oviasennusten lis\u00e4ksi my\u00f6s muita kodin remonttit\u00f6it\u00e4 samalla k\u00e4ynnill\u00e4.<\/p>\n<p>&nbsp;<\/p>\n<p><strong>Kokemuksesi ikkunoiden ja ovien parissa?<\/strong><br \/>\nSkaalan j\u00e4lleenmyyj\u00e4n\u00e4 olen toiminut kolme vuotta, mutta minulla on vuosikymmenten kokemus rakennusalalta. Skaalan tuotteiden lis\u00e4ksi olen myynyt Lakka-kivitaloja 15 vuoden ajan. Olen tehnyt suunnittelua ja toiminut rakennusvalvojana lukemattomissa kohteissa. Olen koulutukseltani rakennusmestari ja rakennusinsin\u00f6\u00f6ri amk sek\u00e4 p\u00e4tev\u00f6itynyt kuntotutkija.<\/p>\n<p>&nbsp;<\/p>\n<p><strong>Miksi asiakkaasi suosittelevat sinua<\/strong><br \/>\nOlen ollut p\u00e4\u00e4suunnittelijana ja vastaavana mestarina yli sadassa omakotitalossa, t\u00e4m\u00e4 auttaa ymm\u00e4rt\u00e4m\u00e4\u00e4n asiakkaiden tarpeita. Hyvin tehty ty\u00f6 muistetaan ja asiakkainani on jo toisen sukupolven talonrakentajia.<\/p>\n<p>&nbsp;<\/p>\n<p><strong>Mik\u00e4 on suosikkiominaisuutesi Skaalan tuotteissa?<\/strong><br \/>\nLaatu. J\u00e4lleenmyyj\u00e4n\u00e4 voin luottaa siihen, ett\u00e4 Skaalan tuotteiden ominaisuudet on suunniteltu kest\u00e4m\u00e4\u00e4n pohjoisia vaativia olosuhteita ja tehtaalta Etel\u00e4-Pohjanmaalta tulee korkealaatuisia tuotteita. Lis\u00e4ksi hinnan muodostumisen avoimuus on hyv\u00e4 &#8211; voin kertoa asiakkaalle tarkasti miten valitut ominaisuudet vaikuttavat loppuhintaan.<\/p>\n<p>&nbsp;<\/p>\n<p><strong>Mik\u00e4 on ikimuistoisin kohteesi?<\/strong><br \/>\nVuosiin mahtuu tietysti paljonkin mieleeni j\u00e4\u00e4neit\u00e4 kohteita, mutta yksi on j\u00e4\u00e4nyt erityisesti mieleeni:<br \/>\n1960-luvun omakotitalon remontin yhteydess\u00e4 olohuoneen 3-ruutuiset ikkunat vaihdettiin. Alkuper\u00e4isi\u00e4 ikkuna-aukkoja suurennettiin ja tilalle asennettiin Skaalan isot kiinte\u00e4t ikkunat. Remontin j\u00e4lkeen asiakas tuli kotiin ja mykistyi muutoksesta. Se palkitsee, kun ehdottaa asiakkaalle alkuper\u00e4isest\u00e4 poikkeavaa ratkaisua, ja lopputulos yll\u00e4tt\u00e4\u00e4 h\u00e4net sanattomaksi, kuten t\u00e4ss\u00e4 tapauksessa k\u00e4vi. Kuva t\u00e4st\u00e4 kohteesta on tuossa seuraavana.<\/p>\n<p>&nbsp;<\/p>\n<p><strong>Oletko somessa?<\/strong><br \/>\nVuodesta 2026 alkaen sosiaalisesta mediasta l\u00f6ytyy aiempaa vahvemmin kohteita ja kuulumisia Kuopion suunnalta. Lis\u00e4ksi kaikki t\u00e4m\u00e4n artikkelin kuvat ovat kohteistani.<\/p>\n\t<\/div>\n\n\n\n\n<a href=\"http:\/\/www.mikan.fi\" id=\"button-block-block_d5844cc3d731c1bb05b686598e96b6fc\" class=\"button-block button\" target=\"\" rel=\"noopener\">Mikan Talopalvelun nettisivut<\/a>\n\n<\/div><\/div>\n\n\n\n<div class=\"wp-block-custom-divider-image has-none-overlay divider-image-medium has-background-image\" style=\"background-image:url(https:\/\/www.skaala.com\/wp-content\/uploads\/2026\/02\/Nurminen-nakyma-ulos.jpg)\"><\/div>\n\n\n\n<div class=\"wp-block-custom-content-area custom-wrapper alignleft has-light-blue-background-color\"><div class=\"outer-wrap\">\t\n\t<div id=\"heading-block-block_0d9a26c744e5a8e42f6556df51f90c87\" class=\"heading-block\">\n\t\t<h2 ><span>Skaala-palvelut \u2013 tutustu ammattilaisten palveluihimme<\/span><\/h2>\t<\/div>\n\n\n\n<div id=\"text-block-block_a8956ddcfa92c6992fab317ad1da8a49\" class=\"text-block\">\n\t\t\t<p><script type=\"text\/javascript\" async src=\"https:\/\/bot.leadoo.com\/bot\/visual.js?code=cc0ae92c2a45effe#seamless\"><\/script><\/p>\n\t<\/div>\n\n\n\n<div id=\"cards-block_afb3ae690696dfa7f680c630a1cc9f32\" class=\"cards-block count-4\">\n<div id=\"cards-block_afb3ae690696dfa7f680c630a1cc9f32\" class=\"cards-block--card\">\n\t\t\t<div class=\"icon-block\" style=\"background-image: url('https:\/\/www.skaala.com\/wp-content\/themes\/skaala-2023\/dist\/assets\/images\/icons\/thumbs-up-gray.svg);\">\n\t\t<\/div>\n\t\t\t\t<h4>Kotimaisuus<\/h4>\n\t\t\t\t<p>Tuotteillamme on Avainlippu-merkki, joka kertoo kotimaisesta ty\u00f6st\u00e4.<\/p>\n\t\t\t<\/div>\n\t<div id=\"cards-block_afb3ae690696dfa7f680c630a1cc9f32\" class=\"cards-block--card\">\n\t\t\t<div class=\"icon-block\" style=\"background-image: url('https:\/\/www.skaala.com\/wp-content\/themes\/skaala-2023\/dist\/assets\/images\/icons\/thumbs-up-gray.svg);\">\n\t\t<\/div>\n\t\t\t\t<h4>Energiatehokkuus<\/h4>\n\t\t\t\t<p>Laadukkaat tuotteemme ovat energiatehokkaita ja s\u00e4\u00e4st\u00e4v\u00e4t energiaa.<\/p>\n\t\t\t<\/div>\n\t<div id=\"cards-block_afb3ae690696dfa7f680c630a1cc9f32\" class=\"cards-block--card\">\n\t\t\t<div class=\"icon-block\" style=\"background-image: url('https:\/\/www.skaala.com\/wp-content\/themes\/skaala-2023\/dist\/assets\/images\/icons\/thumbs-up-gray.svg);\">\n\t\t<\/div>\n\t\t\t\t<h4>Lasiantuntijuus<\/h4>\n\t\t\t\t<p>Skaala-kauppias palvelee asiakkaita luotettavasti ammattitaidolla.<\/p>\n\t\t\t<\/div>\n\t<div id=\"cards-block_afb3ae690696dfa7f680c630a1cc9f32\" class=\"cards-block--card\">\n\t\t\t<div class=\"icon-block\" style=\"background-image: url('https:\/\/www.skaala.com\/wp-content\/themes\/skaala-2023\/dist\/assets\/images\/icons\/thumbs-up-gray.svg);\">\n\t\t<\/div>\n\t\t\t\t<h4>Palvelut<\/h4>\n\t\t\t\t<p>Maksuton mittaus- ja suunnittelupalvelu ja nopea asennus- ja huoltopalvelu.<\/p>\n\t\t\t<\/div>\n\t<\/div>\n<\/div><\/div>\n\n\n\n<div class=\"wp-block-custom-divider-image has-none-overlay divider-image-medium has-background-image\" style=\"background-image:url(https:\/\/www.skaala.com\/wp-content\/uploads\/2026\/02\/Nurminen-hirsitalo-scaled.jpg)\"><\/div>\n\n\n<div class=\"featured-items-block block\">\n\t<div class=\"featured-item\">\n\t\t<div class=\"content-half has-dark-gray-background-color\">\n\t\t\t<div class=\"featured-item--content grid-item\">\n\t\t\t\t\t\t<a class=\"button button-large\" href=\"https:\/\/www.skaala.com\/fi\/suomessa-tehdyt-ikkunat-ja-ovet\/\">Suomessa tehdyt Skaala-tuotteet<\/a>\n\t\t\t\t\t\t<\/div>\n\t\t<\/div>\n\t\t\t\t<div class=\"featured-item--image grid-item\"\n\t\t\t\t\tdata-interchange=\"\n\t\t\t\t\t[https:\/\/www.skaala.com\/wp-content\/uploads\/2025\/04\/Yliharman-tehdas-1024x576.jpg, small], \n\t\t\t\t\t[https:\/\/www.skaala.com\/wp-content\/uploads\/2025\/04\/Yliharman-tehdas-1024x576.jpg, medium], \n\t\t\t\t\t[https:\/\/www.skaala.com\/wp-content\/uploads\/2025\/04\/Yliharman-tehdas-1200x675.jpg, large], \n\t\t\t\t\t[https:\/\/www.skaala.com\/wp-content\/uploads\/2025\/04\/Yliharman-tehdas-1536x864.jpg, xlarge]\"\n\t\t\t\t\t>\n\t\t<\/div>\n\t\t\t<\/div>\n\t\t<div class=\"featured-item\">\n\t\t<div class=\"content-half has-dark-gray-background-color\">\n\t\t\t<div class=\"featured-item--content grid-item\">\n\t\t\t\t\t\t<a class=\"button button-large\" href=\"https:\/\/www.skaala.com\/fi\/omakotitalot-ja-mokit\/ikkunaremontti\/\">Ikkunaremontti Skaalalta\u00a0<\/a>\n\t\t\t\t\t\t<\/div>\n\t\t<\/div>\n\t\t\t\t<div class=\"featured-item--image grid-item\"\n\t\t\t\t\tdata-interchange=\"\n\t\t\t\t\t[https:\/\/www.skaala.com\/wp-content\/uploads\/2020\/05\/AdobeStock_314632668-1024x576.jpg, small], \n\t\t\t\t\t[https:\/\/www.skaala.com\/wp-content\/uploads\/2020\/05\/AdobeStock_314632668-1024x576.jpg, medium], \n\t\t\t\t\t[https:\/\/www.skaala.com\/wp-content\/uploads\/2020\/05\/AdobeStock_314632668-1200x675.jpg, large], \n\t\t\t\t\t[https:\/\/www.skaala.com\/wp-content\/uploads\/2020\/05\/AdobeStock_314632668-1536x864.jpg, xlarge]\"\n\t\t\t\t\t>\n\t\t<\/div>\n\t\t\t<\/div>\n\t\t<div class=\"featured-item\">\n\t\t<div class=\"content-half has-dark-gray-background-color\">\n\t\t\t<div class=\"featured-item--content grid-item\">\n\t\t\t\t\t\t<a class=\"button button-large\" href=\"https:\/\/www.skaala.com\/fi\/omakotitalot-ja-mokit\/\">Omakotitalot ja m\u00f6kit<\/a>\n\t\t\t\t\t\t<\/div>\n\t\t<\/div>\n\t\t\t\t<div class=\"featured-item--image grid-item\"\n\t\t\t\t\tdata-interchange=\"\n\t\t\t\t\t[https:\/\/www.skaala.com\/wp-content\/uploads\/2023\/08\/Isotautoikkunatauto1-1024x1536.jpg, small], \n\t\t\t\t\t[https:\/\/www.skaala.com\/wp-content\/uploads\/2023\/08\/Isotautoikkunatauto1-1024x1536.jpg, medium], \n\t\t\t\t\t[https:\/\/www.skaala.com\/wp-content\/uploads\/2023\/08\/Isotautoikkunatauto1-1200x1800.jpg, large], \n\t\t\t\t\t[https:\/\/www.skaala.com\/wp-content\/uploads\/2023\/08\/Isotautoikkunatauto1-1024x1536.jpg, xlarge]\"\n\t\t\t\t\t>\n\t\t<\/div>\n\t\t\t<\/div>\n\t<\/div>\n","protected":false},"excerpt":{"rendered":"","protected":false},"author":5,"featured_media":25243,"parent":0,"menu_order":0,"comment_status":"closed","ping_status":"closed","template":"","meta":{"_acf_changed":false,"inline_featured_image":false,"footnotes":""},"class_list":["post-27529","page","type-page","status-publish","has-post-thumbnail","hentry"],"acf":[],"_links":{"self":[{"href":"https:\/\/www.skaala.com\/fi\/wp-json\/wp\/v2\/pages\/27529","targetHints":{"allow":["GET"]}}],"collection":[{"href":"https:\/\/www.skaala.com\/fi\/wp-json\/wp\/v2\/pages"}],"about":[{"href":"https:\/\/www.skaala.com\/fi\/wp-json\/wp\/v2\/types\/page"}],"author":[{"embeddable":true,"href":"https:\/\/www.skaala.com\/fi\/wp-json\/wp\/v2\/users\/5"}],"replies":[{"embeddable":true,"href":"https:\/\/www.skaala.com\/fi\/wp-json\/wp\/v2\/comments?post=27529"}],"version-history":[{"count":10,"href":"https:\/\/www.skaala.com\/fi\/wp-json\/wp\/v2\/pages\/27529\/revisions"}],"predecessor-version":[{"id":27563,"href":"https:\/\/www.skaala.com\/fi\/wp-json\/wp\/v2\/pages\/27529\/revisions\/27563"}],"wp:featuredmedia":[{"embeddable":true,"href":"https:\/\/www.skaala.com\/fi\/wp-json\/wp\/v2\/media\/25243"}],"wp:attachment":[{"href":"https:\/\/www.skaala.com\/fi\/wp-json\/wp\/v2\/media?parent=27529"}],"curies":[{"name":"wp","href":"https:\/\/api.w.org\/{rel}","templated":true}]}}