{"id":27613,"date":"2026-04-01T12:27:59","date_gmt":"2026-04-01T09:27:59","guid":{"rendered":"https:\/\/www.skaala.com\/?page_id=27613"},"modified":"2026-04-01T12:28:01","modified_gmt":"2026-04-01T09:28:01","slug":"mittatilausikkunat","status":"publish","type":"page","link":"https:\/\/www.skaala.com\/fi\/ikkunat\/mittatilausikkunat\/","title":{"rendered":"Mittatilausikkunat"},"content":{"rendered":"\n\t<header class=\"featured-hero custom\" role=\"banner\" data-interchange=\"\n\t\t[https:\/\/www.skaala.com\/wp-content\/uploads\/2024\/10\/Skaalan-arvoikkuna-1280x400.jpg, small],\n\t\t[https:\/\/www.skaala.com\/wp-content\/uploads\/2024\/10\/Skaalan-arvoikkuna-1280x400.jpg,medium],\n\t\t[https:\/\/www.skaala.com\/wp-content\/uploads\/2024\/10\/Skaalan-arvoikkuna-1440x400.jpg, large],\n\t\t[https:\/\/www.skaala.com\/wp-content\/uploads\/2024\/10\/Skaalan-arvoikkuna-1920x400.jpg, xlarge]\">\n\t\t\t<h1>Mittatilausikkunat<\/h1>\n\t<\/header>\n\t\n\n\n<div class=\"wp-block-custom-content-area custom-wrapper alignleft has-light-blue-background-color\"><div class=\"outer-wrap\">\t\n\t<div id=\"heading-block-block_9858293fd1eec772dd19967411e9b7bb\" class=\"heading-block\">\n\t\t<h2 ><span>Mittatilausikkunat Skaalalta<\/span><\/h2>\t<\/div>\n\n\n\n<div class=\"wp-block-custom-inner-columns has-two-columns custom-columns\"><div class=\"outer-wrap\">\n<div class=\"wp-block-custom-custom-column custom-column\"><div class=\"inner-wrap\">\n<div id=\"text-block-block_bada4feba455be66f027ae8b9849cf28\" class=\"text-block\">\n\t\t\t<p>Skaalan mittatilausikkunat valmistetaan aina toiveidesi mukaan ja kotisi yksil\u00f6llisiin tarpeisiin. Voit valita ikkunoiden koon, rakenteen, lasituksen, v\u00e4rit ja lis\u00e4varusteet kohteesi mukaan.<\/p>\n<p>&nbsp;<\/p>\n<p>Valmistamme unelmiesi ikkunat mittatilausty\u00f6n\u00e4 tehtaallamme Etel\u00e4-Pohjanmaalla.<\/p>\n<p>&nbsp;<\/p>\n<p><a href=\"https:\/\/www.skaala.com\/fi\/ota-yhteytta\/pyyda-tarjous\/\"><strong>Pyyd\u00e4 tarjous mittatilausikkunoista<\/strong><\/a><\/p>\n\t<\/div>\n\n<\/div><\/div>\n\n\n\n<div class=\"wp-block-custom-custom-column custom-column\"><div class=\"inner-wrap\">\n<div id=\"text-block-block_11fbc90719cfd1f09357986520db1432\" class=\"text-block\">\n\t\t\t<p><script type=\"text\/javascript\" async src=\"https:\/\/bot.leadoo.com\/bot\/inpage.js?code=4722270d#seamless\"><\/script><\/p>\n\t<\/div>\n\n<\/div><\/div>\n<\/div><\/div>\n<\/div><\/div>\n\n\n\n<div class=\"wp-block-custom-content-area custom-wrapper alignleft has-light-blue-background-color\"><div class=\"outer-wrap\">\t\n\t<div id=\"heading-block-block_0aa431c78ad859e56d780026abc67aae\" class=\"heading-block\">\n\t\t<h2 ><span>Tutustu Skaalan mallistoon ja r\u00e4\u00e4t\u00e4l\u00f6i toiveidesi ikkunat! <\/span><\/h2>\t<\/div>\n\n\n\n<div class=\"wp-block-custom-inner-columns has-two-columns custom-columns\"><div class=\"outer-wrap\">\n<div class=\"wp-block-custom-custom-column custom-column\"><div class=\"inner-wrap\">\t\n\t<div id=\"heading-block-block_fc5de6a2086f48831d8d358f2ef49a06\" class=\"heading-block\">\n\t\t<h3 ><span>Sis\u00e4\u00e4naukeavat ikkunat<\/span><\/h3>\t<\/div>\n\n\n\n<div id=\"text-block-block_fb0d4ebcca343eb1546dc50d9cf77a01\" class=\"text-block\">\n\t\t\t<p>Sis\u00e4\u00e4naukeava ikkuna on Suomen yleisin ikkunamalli. Valikoimamme kattaa energiatehokkaat, helppok\u00e4ytt\u00f6iset sek\u00e4 tehokkaasti \u00e4\u00e4nt\u00e4 erist\u00e4v\u00e4t ikkunamallit, mukaan lukien:<\/p>\n<ul>\n<li><a href=\"https:\/\/www.skaala.com\/fi\/arvo-ikkuna-on-tyylikas-ja-energiatehokas\/\">Arvo<\/a> \u2013 kolmilasinen ja energiatehokas ikkuna piilosaranoilla mahdollistaa my\u00f6s isommat lasikoot<\/li>\n<li><a href=\"https:\/\/www.skaala.com\/fi\/kaikki-ikkunat\/matalaenergiaikkuna-arvo\/\">Arvo+<\/a> \u2013 piilosaranoilla ja n\u00e4ytt\u00e4v\u00e4ll\u00e4 kiinte\u00e4ll\u00e4 painikkeella varustettu nelilasinen matalaenergiaikkuna<\/li>\n<li><a href=\"https:\/\/www.skaala.com\/fi\/kaikki-ikkunat\/sisaanaukeava-nelilasinen-matalaenergiaikkuna\/\">Aarre+<\/a> \u2013 ensimm\u00e4inen 2+2-rakenteella valmistettu nelilasinen matalaenergiaikkuna A++-energialuokituksella<\/li>\n<li><a href=\"https:\/\/www.skaala.com\/fi\/kaikki-ikkunat\/sisaanaukeava-kolmilasinen-ikkuna\/\">Aukea<\/a> \u2013 suosittu kolmilasinen ikkuna. Saatavilla my\u00f6s energiatehokkaampi Aukea+-malli.<\/li>\n<\/ul>\n\t<\/div>\n\n\n\n\n<a href=\"https:\/\/www.skaala.com\/fi\/kaikki-ikkunat\/sisaanaukeava-kolmilasinen-ikkuna\/\" \nid=\"button-block-block_80348cbc8ff686daab61461736d70985\" \nclass=\"button-block button\"\ntarget=\"_blank\"\n>Tutustu sis\u00e4\u00e4naukeaviin ikkunoihin  <\/a>\n\n<\/div><\/div>\n\n\n\n<div class=\"wp-block-custom-custom-column custom-column\"><div class=\"inner-wrap\">\n<div id=\"image-block_5fb1e59ca381fbc17634a3534dc5b04d\" class=\"image-block\">\n\t\t\t\t<div class=\"image-container\" style=\"width: px; height: \n\t\tauto;\">\n\t\t\t<img decoding=\"async\" src=\"https:\/\/www.skaala.com\/wp-content\/uploads\/2024\/10\/Arvoikkuna-auki.jpg\" alt=\"\">\n\t\t<\/div>\n\t \n\n\t<\/div>\n\n<\/div><\/div>\n<\/div><\/div>\n\n\n\n<div class=\"wp-block-custom-inner-columns has-two-columns custom-columns\"><div class=\"outer-wrap\">\n<div class=\"wp-block-custom-custom-column custom-column\"><div class=\"inner-wrap\">\t\n\t<div id=\"heading-block-block_4e7090bd9b79813ebca83f9b21b89f1b\" class=\"heading-block\">\n\t\t<h3 ><span>Ulosaukeavat ikkunat<\/span><\/h3>\t<\/div>\n\n\n\n<div id=\"text-block-block_a349b5037d2a1fac34d43655ed367716\" class=\"text-block\">\n\t\t\t<p>Ulosaukeava <a href=\"https:\/\/www.skaala.com\/fi\/kaikki-ikkunat\/ulosaukeava-ikkuna\/\">Aasa-ikkuna<\/a> on erityisen suosittu ikkunamalli Pohjoismaissa. Helppok\u00e4ytt\u00f6inen Aasa-ikkuna\u202fon saatavilla sivusaranoituna, jolloin ikkuna aukeaa ulosp\u00e4in, tai saksisaranoituna eli uloskippaavalla k\u00e4\u00e4nt\u00f6mekanismilla.<\/p>\n<p>&nbsp;<\/p>\n<p>Aasa-ikkuna on saatavana my\u00f6s kiinte\u00e4n\u00e4 mallina, joten voit valita kotiisi sek\u00e4 kiinteit\u00e4 ett\u00e4 avattavia ikkunoita samalla tyylill\u00e4.<\/p>\n\t<\/div>\n\n\n\n\n<a href=\"https:\/\/www.skaala.com\/fi\/kaikki-ikkunat\/ulosaukeava-ikkuna\/\" \nid=\"button-block-block_622c3767fddb9d34b22b7c99b71f1a86\" \nclass=\"button-block button\"\ntarget=\"_blank\"\n>Tutustu ulosaukeaviin ikkunoihin<\/a>\n\n<\/div><\/div>\n\n\n\n<div class=\"wp-block-custom-custom-column custom-column\"><div class=\"inner-wrap\">\n<div id=\"image-block_6c2406b7e4c7e8e1befd73714f0d1460\" class=\"image-block\">\n\t\t\t\t<div class=\"image-container\" style=\"width: px; height: \n\t\tauto;\">\n\t\t\t<img decoding=\"async\" src=\"https:\/\/www.skaala.com\/wp-content\/uploads\/2024\/05\/Ulosaukeava-ikkuna.jpg\" alt=\"\">\n\t\t<\/div>\n\t \n\n\t<\/div>\n\n<\/div><\/div>\n<\/div><\/div>\n\n\n\n<div class=\"wp-block-custom-inner-columns has-two-columns custom-columns\"><div class=\"outer-wrap\">\n<div class=\"wp-block-custom-custom-column custom-column\"><div class=\"inner-wrap\">\t\n\t<div id=\"heading-block-block_77e2be808030aebc8a7bd2e69b495729\" class=\"heading-block\">\n\t\t<h3 ><span>Kiinte\u00e4t ikkunat<\/span><\/h3>\t<\/div>\n\n\n\n<div id=\"text-block-block_650d7e880f96bf25151d3935b916a226\" class=\"text-block\">\n\t\t\t<p>Monessa uudemmassa asunnossa on koneellinen ilmanvaihto, jolloin ikkunoita ei tarvitse avata. N\u00e4ihin kohteisiin sopii kiinte\u00e4 <a href=\"https:\/\/www.skaala.com\/fi\/kaikki-ikkunat\/kiintea-ikkuna\/\">Aava-ikkuna<\/a>, joka toimii erinomaisesti my\u00f6s suurempana maisemaikkunana.<\/p>\n<p>&nbsp;<\/p>\n<p>Energiatehokkaampi Aava+ (U-arvo 0,91) mahdollistaa suuretkin ikkunapinnat sek\u00e4 rakennusm\u00e4\u00e4r\u00e4ykset t\u00e4ytt\u00e4v\u00e4n energiatehokkuuden. Kiinte\u00e4 ikkuna p\u00e4\u00e4st\u00e4\u00e4 sis\u00e4\u00e4n maksimaalisen m\u00e4\u00e4r\u00e4n luonnonvaloa ja se on mahdollista valmistaa jopa noin kahdeksan neli\u00f6metrin kokoisena.<\/p>\n\t<\/div>\n\n\n\n\n<a href=\"https:\/\/www.skaala.com\/fi\/kaikki-ikkunat\/kiintea-ikkuna\/\" \nid=\"button-block-block_44fca8622b6ad8858a0af5501ae4f9e5\" \nclass=\"button-block button\"\ntarget=\"_blank\"\n>Tutustu kiinteisiin ikkunoihin<\/a>\n\n<\/div><\/div>\n\n\n\n<div class=\"wp-block-custom-custom-column custom-column\"><div class=\"inner-wrap\">\n<div id=\"image-block_e11f74b516102b7dd89843e743f271b4\" class=\"image-block\">\n\t\t\t\t<div class=\"image-container\" style=\"width: px; height: \n\t\tauto;\">\n\t\t\t<img decoding=\"async\" src=\"https:\/\/www.skaala.com\/wp-content\/uploads\/2025\/11\/Kiinteat-isot-Aava-ikkunat.jpg\" alt=\"Eri kokoiset ja mittaiset ikkunat sopivat eri huoneisiin\">\n\t\t<\/div>\n\t \n\n\t<\/div>\n\n<\/div><\/div>\n<\/div><\/div>\n\n\n\n<div class=\"wp-block-custom-inner-columns has-two-columns custom-columns\"><div class=\"outer-wrap\">\n<div class=\"wp-block-custom-custom-column custom-column\"><div class=\"inner-wrap\">\t\n\t<div id=\"heading-block-block_eb53041c088735f81c3d21bd300efc4c\" class=\"heading-block\">\n\t\t<h3 ><span>Erikois- ja paloikkunat<\/span><\/h3>\t<\/div>\n\n\n\n<div id=\"text-block-block_1b8ccf7c239c5579331417e063e80d86\" class=\"text-block\">\n\t\t\t<p>Voit tilata my\u00f6s erikoisikkunat mittatilauksena. Monilla kohteilla on omat erityisvaatimuksensa esimerkiksi turvallisuudelle.<\/p>\n<p>&nbsp;<\/p>\n<p><a href=\"https:\/\/www.skaala.com\/wp-content\/uploads\/2025\/10\/Skaala-Paloikkunat.pdf\">Skaalan paloikkunoilla<\/a> on CE-merkint\u00e4 ja EI30-paloluokitus. Paloikkunan normaalia paksumpi erikoislasitus lis\u00e4\u00e4 ikkunan kuumuudenkest\u00e4vyytt\u00e4 sek\u00e4 parantaa \u00e4\u00e4nierist\u00e4vyytt\u00e4 ja auringonsuojausta.<\/p>\n<p>&nbsp;<\/p>\n<p>Muissa kohteissa ikkunan mitat voivat vaatia tavallista poikkeavaa mallia. Esimerkiksi ikkunan vino muoto voi asettaa ikkunoille erikoisvaatimuksia. Suunnittelemme erikoisikkunat tilannekohtaisesti ja r\u00e4\u00e4t\u00e4l\u00f6imme ne tarpeisiisi ikkunatehtaallamme Ylih\u00e4rm\u00e4ss\u00e4.<\/p>\n\t<\/div>\n\n\n\n\n<a href=\"https:\/\/www.skaala.com\/fi\/ikkunat\/erikoisikkunat\/\" \nid=\"button-block-block_549f4519cc711efd605f09a5c280b042\" \nclass=\"button-block button\"\ntarget=\"_blank\"\n>Lue lis\u00e4\u00e4 ja tilaa erikoisikkunat mittatilauksella <\/a>\n\n<\/div><\/div>\n\n\n\n<div class=\"wp-block-custom-custom-column custom-column\"><div class=\"inner-wrap\">\n<div id=\"image-block_5a5e53c6bf42f056fd81c8932f68a978\" class=\"image-block\">\n\t\t\t\t<div class=\"image-container\" style=\"width: px; height: \n\t\tauto;\">\n\t\t\t<img decoding=\"async\" src=\"https:\/\/www.skaala.com\/wp-content\/uploads\/2023\/08\/Omakotitalotautojaautomokitautovalikko.jpg\" alt=\"\">\n\t\t<\/div>\n\t \n\n\t<\/div>\n\n<\/div><\/div>\n<\/div><\/div>\n<\/div><\/div>\n\n\n\n<div class=\"wp-block-custom-content-area custom-wrapper alignleft has-dark-gray-background-color\"><div class=\"outer-wrap\">\t\n\t<div id=\"heading-block-block_86d19052a61b41de5858d87e61b521b1\" class=\"heading-block\">\n\t\t<h2 ><span>Miksi valita Skaalan mittatilausikkunat? <\/span><\/h2>\t<\/div>\n\n\n\t\n\t<div id=\"heading-block-block_0b52d63896e61b5f1f494c4429f514f7\" class=\"heading-block\">\n\t\t<h3 ><span>Valmistus omalla tehtaalla Etel\u00e4-Pohjanmaalla<\/span><\/h3>\t<\/div>\n\n\n\n<div id=\"text-block-block_54bdb70b62018fc29291754343d720fc\" class=\"text-block\">\n\t\t\t<p>Ikkunamme tehd\u00e4\u00e4n mittatilausty\u00f6n\u00e4 Ylih\u00e4rm\u00e4n tehtaallamme Suomessa. N\u00e4in saat juuri omiin tarpeisiisi r\u00e4\u00e4t\u00e4l\u00f6idyt ikkunat. Valitse esimerkiksi ikkunan malli, v\u00e4rit, koko sek\u00e4 tarvittavat lis\u00e4ominaisuudet.<\/p>\n<p>&nbsp;<\/p>\n<p><strong>Mittatilausikkunan r\u00e4\u00e4t\u00e4l\u00f6it\u00e4v\u00e4t ominaisuudet:<\/strong><\/p>\n<ul>\n<li>ikkunamalli (sis\u00e4\u00e4naukeava, ulosaukeava, kiinte\u00e4, erikoismuoto)<\/li>\n<li>ikkunan koko ja jako-osat<\/li>\n<li>energialuokka (kolmi- tai nelilasinen)<\/li>\n<li>lasitusvaihtoehto (huurtumaton, \u00e4\u00e4nieristys, auringonsuoja, turvalasi, n\u00e4k\u00f6suoja, signaali)<\/li>\n<li>lis\u00e4varusteet (kaihtimet, hy\u00f6nteispuite, raitisilmaventtiili, koristeristikko, painikkeet)<\/li>\n<\/ul>\n<p>Skaalan mittatilausikkunat ovat sis\u00e4puolelta maalattua, kuultok\u00e4sitelty\u00e4 tai lakattua puuta ja ulkoa jauhemaalattua alumiinia. Voit valita v\u00e4rit erikseen sek\u00e4 sis\u00e4- ett\u00e4 ulkopuolelle. <strong><a href=\"https:\/\/www.skaala.com\/fi\/ikkunat\/ikkunoiden-varivaihtoehdot\/\">Tutustu ikkunoiden v\u00e4rivaihtoehtoihin.<\/a><\/strong><\/p>\n<p>&nbsp;<\/p>\n\t<\/div>\n\n\n\n\n<a href=\"https:\/\/www.skaala.com\/fi\/ota-yhteytta\/pyyda-tarjous\/\" \nid=\"button-block-block_199905bab0b512bb0267f2cab296ef5c\" \nclass=\"button-block button\"\ntarget=\"_blank\"\n>Pyyd\u00e4 tarjous mittatilausovista \u2192<\/a>\n\n\n\n\t\n\t<div id=\"heading-block-block_91c0c4c9f353b01a5104f06745140130\" class=\"heading-block\">\n\t\t<h3 ><span>Skaala-kauppiaat apunasi ymp\u00e4ri Suomea<\/span><\/h3>\t<\/div>\n\n\n\n<div id=\"text-block-block_f64be47fffe5a1dd62b86dd5a469339a\" class=\"text-block\">\n\t\t\t<p>Hy\u00f6dynn\u00e4 Skaalan maksuton arviointi, kun tarvitset apua uusien ikkunoiden suunnittelussa. Skaalan ammattilaiset auttavat sinua suunnittelemaan ja asemoimaan uudet tuotteet rakennukseen sopiviksi, olipa kyseess\u00e4 <strong><a href=\"https:\/\/www.skaala.com\/fi\/omakotitalot-ja-mokit\/ikkunaremontti\/\">ikkunaremontti<\/a><\/strong> tai <strong><a href=\"https:\/\/www.skaala.com\/fi\/omakotitalot-ja-mokit\/uutta-rakentamassa\/\">uudiskohde<\/a><\/strong>.<\/p>\n\t<\/div>\n\n\n\n\n<a href=\"https:\/\/www.skaala.com\/fi\/yhteystiedot\/\" \nid=\"button-block-block_0b6958262e630cd5649d936a8b96cfbd\" \nclass=\"button-block button\"\ntarget=\"_blank\"\n>Etsi l\u00e4hin Skaala-kauppiaasi<\/a>\n\n\n\n\t\n\t<div id=\"heading-block-block_6e99d007d6bdbc3a8f0085a217868931\" class=\"heading-block\">\n\t\t<h3 ><span>Tutustu ikkunamalleihin Skaalan Showroomilla<\/span><\/h3>\t<\/div>\n\n\n\n<div id=\"text-block-block_39d2f302151d21b8b8bee97d4297d7a2\" class=\"text-block\">\n\t\t\t<p>Skaalan ikkunamallisto on n\u00e4ht\u00e4viss\u00e4 Skaalan Showroomeissa. Vierailu showroomissa on helppo tapa saada lis\u00e4tietoa mittatilausikkunoidemme ominaisuuksista ja lis\u00e4varusteista.<\/p>\n\t<\/div>\n\n\n\n\n<a href=\"https:\/\/www.skaala.com\/fi\/skaala-showroomit-tervetuloa\/\" \nid=\"button-block-block_b6b0238c772179c3d6947363a296de18\" \nclass=\"button-block button\"\ntarget=\"_blank\"\n>Lue lis\u00e4\u00e4 ja varaa palveluaika showroomille<\/a>\n\n\n\n\t\n\t<div id=\"heading-block-block_cd7c0ee6f5af9eaa57f81b87e850306d\" class=\"heading-block\">\n\t\t<h3 ><span>Monipuoliset lasivaihtoehdot <\/span><\/h3>\t<\/div>\n\n\n\n<div id=\"text-block-block_65f22038e0bab372c28098085aba06ef\" class=\"text-block\">\n\t\t\t<p>Skaala-ikkunoihin on saatavilla useita eri lasivaihtoehtoja, joilla lis\u00e4\u00e4t asumismukavuutta. Voit valita ikkunoihin esimerkiksi:<\/p>\n<ul>\n<li>huurtumattoman FrostFree-lasin, joka est\u00e4\u00e4 ikkunoiden ulkopintojen huurtumisen<\/li>\n<li>karkaistun tai laminoidun turvalasin<\/li>\n<li>auringon l\u00e4mp\u00f6s\u00e4teily\u00e4 pys\u00e4ytt\u00e4v\u00e4n auringonsuojalasin<\/li>\n<li>mobiililaitteiden kuuluvuutta edist\u00e4v\u00e4n signaali-ikkunalasin<\/li>\n<li>yksityisyytt\u00e4si parantavan n\u00e4k\u00f6suojalasin<\/li>\n<li>liikenteen melua vaimentavan \u00e4\u00e4nieristyslasin<\/li>\n<\/ul>\n\t<\/div>\n\n\n\n\n<a href=\"https:\/\/www.skaala.com\/fi\/ikkunat\/lasivaihtoehdot\/\" \nid=\"button-block-block_6ff1a971b9a3d08bad5ffede752a705a\" \nclass=\"button-block button\"\ntarget=\"_blank\"\n>Tutustu lasivaihtoehtoihin<\/a>\n\n<\/div><\/div>\n\n\n\n<div class=\"wp-block-custom-content-area custom-wrapper alignleft has-light-blue-background-color\"><div class=\"outer-wrap\">\t\n\t<div id=\"heading-block-block_2300c812e69eb75617c9d471ada558cf\" class=\"heading-block\">\n\t\t<h2 ><span>Ota yhteytt\u00e4 ja pyyd\u00e4 tarjous mittatilausikkunoista<\/span><\/h2>\t<\/div>\n\n\n\n<div id=\"text-block-block_87baaeba37e8b9f6e79817e06477b2e5\" class=\"text-block\">\n\t\t\t<p>Kun tarvitset mittatilausikkunat omakotitaloon, vapaa-ajan asunnolle tai taloyhti\u00f6\u00f6n, ota yhteytt\u00e4 paikalliseen Skaala-kauppiaaseen. Kauppiaamme palvelevat ymp\u00e4ri Suomea.<\/p>\n<p>&nbsp;<\/p>\n<p><script type=\"text\/javascript\" async src=\"https:\/\/bot.leadoo.com\/bot\/visual.js?code=9435664aae2a9324#seamless\"><\/script><\/p>\n\t<\/div>\n\n<\/div><\/div>\n\n\n<div class=\"featured-items-block block\">\n\t<div class=\"featured-item\">\n\t\t<div class=\"content-half has-dark-gray-background-color\">\n\t\t\t<div class=\"featured-item--content grid-item\">\n\t\t\t\t\t\t<a class=\"button button-large\" href=\"https:\/\/www.skaala.com\/fi\/ikkunat\/nain-valitset-ikkunan\/\">N\u00e4in valitset ikkunan<\/a>\n\t\t\t\t\t\t<\/div>\n\t\t<\/div>\n\t\t\t\t<div class=\"featured-item--image grid-item\"\n\t\t\t\t\tdata-interchange=\"\n\t\t\t\t\t[https:\/\/www.skaala.com\/wp-content\/uploads\/2023\/06\/Seglingeautonakymaautoylakerranautoaula-1024x683.jpg, small], \n\t\t\t\t\t[https:\/\/www.skaala.com\/wp-content\/uploads\/2023\/06\/Seglingeautonakymaautoylakerranautoaula-1024x683.jpg, medium], \n\t\t\t\t\t[https:\/\/www.skaala.com\/wp-content\/uploads\/2023\/06\/Seglingeautonakymaautoylakerranautoaula-1200x800.jpg, large], \n\t\t\t\t\t[https:\/\/www.skaala.com\/wp-content\/uploads\/2023\/06\/Seglingeautonakymaautoylakerranautoaula-1536x1024.jpg, xlarge]\"\n\t\t\t\t\t>\n\t\t<\/div>\n\t\t\t<\/div>\n\t\t<div class=\"featured-item\">\n\t\t<div class=\"content-half has-dark-gray-background-color\">\n\t\t\t<div class=\"featured-item--content grid-item\">\n\t\t\t\t\t\t<a class=\"button button-large\" href=\"https:\/\/www.skaala.com\/fi\/ikkunat\/ikkunoiden-hoito-ja-huolto\/\">Ikkunoiden hoito ja huolto<\/a>\n\t\t\t\t\t\t<\/div>\n\t\t<\/div>\n\t\t\t\t<div class=\"featured-item--image grid-item\"\n\t\t\t\t\tdata-interchange=\"\n\t\t\t\t\t[https:\/\/www.skaala.com\/wp-content\/uploads\/2023\/01\/Webbshop-1024x671.jpg, small], \n\t\t\t\t\t[https:\/\/www.skaala.com\/wp-content\/uploads\/2023\/01\/Webbshop-1024x671.jpg, medium], \n\t\t\t\t\t[https:\/\/www.skaala.com\/wp-content\/uploads\/2023\/01\/Webbshop-1200x786.jpg, large], \n\t\t\t\t\t[https:\/\/www.skaala.com\/wp-content\/uploads\/2023\/01\/Webbshop-1536x1006.jpg, xlarge]\"\n\t\t\t\t\t>\n\t\t<\/div>\n\t\t\t<\/div>\n\t\t<div class=\"featured-item\">\n\t\t<div class=\"content-half has-dark-gray-background-color\">\n\t\t\t<div class=\"featured-item--content grid-item\">\n\t\t\t\t\t\t<a class=\"button button-large\" href=\"https:\/\/www.skaala.com\/fi\/omakotitalot-ja-mokit\/ikkunaremontti\/\">Ikkunaremontti Skaalalta\u00a0<\/a>\n\t\t\t\t\t\t<\/div>\n\t\t<\/div>\n\t\t\t\t<div class=\"featured-item--image grid-item\"\n\t\t\t\t\tdata-interchange=\"\n\t\t\t\t\t[https:\/\/www.skaala.com\/wp-content\/uploads\/2020\/05\/AdobeStock_314632668-1024x576.jpg, small], \n\t\t\t\t\t[https:\/\/www.skaala.com\/wp-content\/uploads\/2020\/05\/AdobeStock_314632668-1024x576.jpg, medium], \n\t\t\t\t\t[https:\/\/www.skaala.com\/wp-content\/uploads\/2020\/05\/AdobeStock_314632668-1200x675.jpg, large], \n\t\t\t\t\t[https:\/\/www.skaala.com\/wp-content\/uploads\/2020\/05\/AdobeStock_314632668-1536x864.jpg, xlarge]\"\n\t\t\t\t\t>\n\t\t<\/div>\n\t\t\t<\/div>\n\t<\/div>\n","protected":false},"excerpt":{"rendered":"","protected":false},"author":5,"featured_media":0,"parent":135,"menu_order":0,"comment_status":"closed","ping_status":"closed","template":"","meta":{"_acf_changed":false,"inline_featured_image":false,"footnotes":""},"class_list":["post-27613","page","type-page","status-publish","hentry"],"acf":[],"_links":{"self":[{"href":"https:\/\/www.skaala.com\/fi\/wp-json\/wp\/v2\/pages\/27613","targetHints":{"allow":["GET"]}}],"collection":[{"href":"https:\/\/www.skaala.com\/fi\/wp-json\/wp\/v2\/pages"}],"about":[{"href":"https:\/\/www.skaala.com\/fi\/wp-json\/wp\/v2\/types\/page"}],"author":[{"embeddable":true,"href":"https:\/\/www.skaala.com\/fi\/wp-json\/wp\/v2\/users\/5"}],"replies":[{"embeddable":true,"href":"https:\/\/www.skaala.com\/fi\/wp-json\/wp\/v2\/comments?post=27613"}],"version-history":[{"count":11,"href":"https:\/\/www.skaala.com\/fi\/wp-json\/wp\/v2\/pages\/27613\/revisions"}],"predecessor-version":[{"id":28227,"href":"https:\/\/www.skaala.com\/fi\/wp-json\/wp\/v2\/pages\/27613\/revisions\/28227"}],"up":[{"embeddable":true,"href":"https:\/\/www.skaala.com\/fi\/wp-json\/wp\/v2\/pages\/135"}],"wp:attachment":[{"href":"https:\/\/www.skaala.com\/fi\/wp-json\/wp\/v2\/media?parent=27613"}],"curies":[{"name":"wp","href":"https:\/\/api.w.org\/{rel}","templated":true}]}}