{"id":27658,"date":"2026-03-09T15:48:54","date_gmt":"2026-03-09T13:48:54","guid":{"rendered":"https:\/\/www.skaala.com\/?page_id=27658"},"modified":"2026-04-08T09:08:48","modified_gmt":"2026-04-08T06:08:48","slug":"kauppiasesittely-tuomo-ahonen","status":"publish","type":"page","link":"https:\/\/www.skaala.com\/fi\/kauppiasesittely-tuomo-ahonen\/","title":{"rendered":"Kauppiasesittely &#8211; Tuomo Ahonen"},"content":{"rendered":"\n\t<header class=\"featured-hero has-dark-gray-background-color\" role=\"banner\">\n\t\t\t<h1>Ikkunamestarit Oy<\/h1>\n\t<\/header>\n\t\n\n\n\n<div id=\"text-image-block_1baf6de08454250d2b2bb22516a3b32f\" class=\"text-image-block\">\n\t<div class=\"text-image-wrapper\">\n\t\t<div class=\"grid-order-2 image-wrapper\" >\n\t\t\t<img decoding=\"async\" width=\"2560\" height=\"2560\" src=\"https:\/\/www.skaala.com\/wp-content\/uploads\/2026\/03\/Tuomo-Ahonen-scaled.jpg\" class=\"\" alt=\"\" srcset=\"https:\/\/www.skaala.com\/wp-content\/uploads\/2026\/03\/Tuomo-Ahonen-scaled.jpg 2560w, https:\/\/www.skaala.com\/wp-content\/uploads\/2026\/03\/Tuomo-Ahonen-300x300.jpg 300w, https:\/\/www.skaala.com\/wp-content\/uploads\/2026\/03\/Tuomo-Ahonen-1024x1024.jpg 1024w, https:\/\/www.skaala.com\/wp-content\/uploads\/2026\/03\/Tuomo-Ahonen-150x150.jpg 150w, https:\/\/www.skaala.com\/wp-content\/uploads\/2026\/03\/Tuomo-Ahonen-768x768.jpg 768w, https:\/\/www.skaala.com\/wp-content\/uploads\/2026\/03\/Tuomo-Ahonen-101x101.jpg 101w, https:\/\/www.skaala.com\/wp-content\/uploads\/2026\/03\/Tuomo-Ahonen-1536x1536.jpg 1536w, https:\/\/www.skaala.com\/wp-content\/uploads\/2026\/03\/Tuomo-Ahonen-2048x2048.jpg 2048w, https:\/\/www.skaala.com\/wp-content\/uploads\/2026\/03\/Tuomo-Ahonen-640x640.jpg 640w, https:\/\/www.skaala.com\/wp-content\/uploads\/2026\/03\/Tuomo-Ahonen-1200x1200.jpg 1200w, https:\/\/www.skaala.com\/wp-content\/uploads\/2026\/03\/Tuomo-Ahonen-1920x1920.jpg 1920w, https:\/\/www.skaala.com\/wp-content\/uploads\/2026\/03\/Tuomo-Ahonen-24x24.jpg 24w, https:\/\/www.skaala.com\/wp-content\/uploads\/2026\/03\/Tuomo-Ahonen-48x48.jpg 48w, https:\/\/www.skaala.com\/wp-content\/uploads\/2026\/03\/Tuomo-Ahonen-96x96.jpg 96w\" sizes=\"(max-width: 639px) 98vw, (max-width: 1199px) 64vw, 770px\" \/>\t\t<\/div>\n\t\t<div class=\"text-wrapper  grid-order-1  \">\n\t\t\t\t\t\t\t<h2>Skaala-kauppias Tuomo Ahonen<\/h2>\n\t\t\t\t\t\t\t\t\t\t<div><p><strong>Onko aika uusia ikkunat kotiin tai vapaa-ajanasuntoon? Ikkunaremontti\u00a0 parantaa asumismukavuutta ja pienent\u00e4\u00e4 energiakustannuksia.<\/strong><\/p>\n<p>&nbsp;<\/p>\n<p>Etsitk\u00f6 luotettavaa kumppania, joka toteuttaa ikkunaremonttiprojektin avaimet k\u00e4teen -palveluna?<br \/>\nOikein valitut ja ammattitaidolla asennetut ikkunat ja ovet ovat pitk\u00e4ik\u00e4inen sijoitus, joka maksaa itsens\u00e4 takaisin s\u00e4\u00e4stynein\u00e4 l\u00e4mmityskuluina ja kiinteist\u00f6n arvon nousuna.<\/p>\n<p>&nbsp;<\/p>\n<p>Me tarjoamme r\u00e4\u00e4t\u00e4l\u00f6idyt ratkaisut tarpeisiisi \u2013 ota yhteytt\u00e4 ja pyyd\u00e4 tarjous ikkunaremontista!<\/p>\n<p>&nbsp;<\/p>\n<p><strong>Valitse Pirkanmaalla kumppaniksi Skaala-kauppias Ikkunamestarit Oy.<\/strong><\/p>\n<\/div>\n\t\t\t\t\t\t\t\t<\/div>\n\t<\/div>\n\n<\/div>\n\n\n\n\n\n<div class=\"wp-block-custom-content-area custom-wrapper alignleft has-light-blue-background-color\"><div class=\"outer-wrap\">\t\n\t<div id=\"heading-block-block_6379dc86e166f99e978754cb2819fbe4\" class=\"heading-block\">\n\t\t<h2 ><span>Ikkunamestarit Oy &#8211; Asiakasta kuunnellen<\/span><\/h2>\t<\/div>\n\n\n\n<a href=\"https:\/\/bot.leadoo.com\/bot\/visual.html?code=cc0ae92c2a45effe\" id=\"button-block-block_9a97b66b5c8470f2e8daed62f49287a5\" class=\"button-block button\" target=\"_blank\" rel=\"noopener\">Pyyd\u00e4 tarjous tai tilaa ilmainen arviointik\u00e4ynti t\u00e4st\u00e4 <\/a>\n\n\n\n\n<div id=\"text-block-block_9996699225b07446979472cb94d25e36\" class=\"text-block\">\n\t\t\t<p><strong>Kuka olet<\/strong><br \/>\nIkkunamestari Tuomo Ahonen Tampereelta<\/p>\n<p><strong>Mill\u00e4 alueella toimit?<\/strong><br \/>\nIkkunamestarit myy ja asentaa Skaala-tuotteita Pirkanmaalla<\/p>\n<p><strong>Onko sinulla toimitilat?<\/strong><br \/>\nSkaalan Tampereen Showroomin tilat Onkiniemess\u00e4 palvelevat minua hienosti.<\/p>\n<p><strong>Asennatko tuotteet itse?<\/strong><br \/>\nP\u00e4\u00e4asiassa keskityn myyntiin, ja pari kokenutta asentajaa viimeistelee kohteet.<\/p>\n<p><strong>Kuinka pitk\u00e4 kokemus sinulla on alalta?<\/strong><br \/>\nSkaalan j\u00e4lleenmyyj\u00e4n\u00e4 olen toiminut vuoden 2025 alusta, mutta rakennusalalla olen toiminut yli 7 vuotta. Ja yritt\u00e4j\u00e4kokemusta minulla on yli 25 vuoden ajalta.<\/p>\n<p><strong>Vahvuutesi, eli miksi asiakkaasi suosittelevat sinua?<\/strong><br \/>\nVarmaan useammastakin syyst\u00e4. Osaan l\u00f6yt\u00e4\u00e4 asiakkaan tarpeet enk\u00e4 myy turhia ominaisuuksia, vaan asiakkaan etu edell\u00e4 kohteisiin sopivia ratkaisuja. Toinen asia on asiakassuhteen kokonaisvaltainen hoitaminen: pitk\u00e4n yritt\u00e4j\u00e4urani aikana olen verkostoitunut rakennusalalla toimiviin yritt\u00e4jiin ja osaan vinkata tarvittaessa luotettavan putki- tai s\u00e4hk\u00f6asennusfirman, mik\u00e4li kohteessa sellaiselle on tarvetta.<\/p>\n<p><strong>Mik\u00e4 on parasta Skaalassa?<\/strong><br \/>\nSkaalalla on laadukkaat tuotteet ja hyv\u00e4 maine. Tuotteet ovat hinnaltaan kilpailukykyisi\u00e4.<br \/>\nJ\u00e4lleenmyyj\u00e4n n\u00e4k\u00f6kulmasta yhteisty\u00f6 Skaalan kanssa sujuu erinomaisesti: vaativimpiinkin kohteisiin saa tarvittaessa tukea sek\u00e4 myynnin tekniselt\u00e4 tuelta ett\u00e4 asennustuelta.<\/p>\n<p><strong>Mik\u00e4 on suosikkituotteesi Skaalalla?<\/strong><br \/>\nEhdottomasti Avara-liukuovi. Se on todella hyv\u00e4, laadukas tuote ja hinta-laatusuhteeltaan huippua.<\/p>\n<p><strong>Ikimuistoisin kohteesi?<\/strong><br \/>\nEr\u00e4\u00e4seen j\u00e4rvenrannalla niemenk\u00e4rjess\u00e4 sijaitsevaan 1980-luvun taloon tehtiin isot muutokset. Pienet ikkuna-aukot avattiin ja tilalle asennettiin isot ikkunat j\u00e4rven suuntaan. Toinen, aiemmin t\u00e4ysin umpinainen sein\u00e4, avattiin ja siihen asennettiin liukuovi j\u00e4rvelle p\u00e4in. Muutos oli todella iso ja n\u00e4ytt\u00e4v\u00e4.<\/p>\n<p><strong>Oletko somessa?<\/strong><br \/>\nKyll\u00e4, Ikkunamestarit l\u00f6ytyy Instagramista ja Facebookista<\/p>\n\t<\/div>\n\n\n\n\n<div id=\"image-block_e7c9e6feff6a489f54d6a21fb6d3145c\" class=\"image-block\">\n\t\t\t\t<div class=\"image-container\" style=\"width: px; height: \n\t\tauto;\">\n\t\t\t<img decoding=\"async\" src=\"https:\/\/www.skaala.com\/wp-content\/uploads\/2026\/03\/aukkomuutos-liukuovi.jpg\" alt=\"\">\n\t\t<\/div>\n\t \n\n\t<\/div>\n\n\n\n\n<a href=\"http:\/\/ikkunamestarit.fi\" id=\"button-block-block_1146b2eea60e950218a59cd8487bd065\" class=\"button-block button\" target=\"_blank\" rel=\"noopener\">Katso kauppiaan omat kotisivut<\/a>\n\n\n\n\n<div id=\"image-block_f6f62b04b178869b1bb163603072b54d\" class=\"image-block\">\n\t\t\t\t<div class=\"image-container\" style=\"width: px; height: \n\t\tauto;\">\n\t\t\t<img decoding=\"async\" src=\"https:\/\/www.skaala.com\/wp-content\/uploads\/2026\/03\/ovimuutos.jpg\" alt=\"\">\n\t\t<\/div>\n\t \n\n\t<\/div>\n\n<\/div><\/div>\n\n\n\n<div class=\"wp-block-custom-content-area custom-wrapper alignleft has-light-blue-background-color\"><div class=\"outer-wrap\">\t\n\t<div id=\"heading-block-block_8efba44563e701ea7078d8e9acc85feb\" class=\"heading-block\">\n\t\t<h2 ><span>Skaala-palvelut \u2013 tutustu ammattilaisten palveluihimme<\/span><\/h2>\t<\/div>\n\n\n\n<div id=\"text-block-block_30f6618e493ba4486bde71424d7a1934\" class=\"text-block\">\n\t\t\t<p><script type=\"text\/javascript\" async src=\"https:\/\/bot.leadoo.com\/bot\/visual.js?code=cc0ae92c2a45effe#seamless\"><\/script><\/p>\n\t<\/div>\n\n\n\n<div id=\"cards-block_f9e9bc39cbf3c69451be75bc4471a143\" class=\"cards-block count-4\">\n<div id=\"cards-block_f9e9bc39cbf3c69451be75bc4471a143\" class=\"cards-block--card\">\n\t\t\t<div class=\"icon-block\" style=\"background-image: url('https:\/\/www.skaala.com\/wp-content\/themes\/skaala-2023\/dist\/assets\/images\/icons\/thumbs-up-gray.svg);\">\n\t\t<\/div>\n\t\t\t\t<h4>Kotimaisuus<\/h4>\n\t\t\t\t<p>Tuotteillamme on Avainlippu-merkki, joka kertoo kotimaisesta ty\u00f6st\u00e4.<\/p>\n\t\t\t<\/div>\n\t<div id=\"cards-block_f9e9bc39cbf3c69451be75bc4471a143\" class=\"cards-block--card\">\n\t\t\t<div class=\"icon-block\" style=\"background-image: url('https:\/\/www.skaala.com\/wp-content\/themes\/skaala-2023\/dist\/assets\/images\/icons\/thumbs-up-gray.svg);\">\n\t\t<\/div>\n\t\t\t\t<h4>Energiatehokkuus<\/h4>\n\t\t\t\t<p>Laadukkaat tuotteemme ovat energiatehokkaita ja s\u00e4\u00e4st\u00e4v\u00e4t energiaa.<\/p>\n\t\t\t<\/div>\n\t<div id=\"cards-block_f9e9bc39cbf3c69451be75bc4471a143\" class=\"cards-block--card\">\n\t\t\t<div class=\"icon-block\" style=\"background-image: url('https:\/\/www.skaala.com\/wp-content\/themes\/skaala-2023\/dist\/assets\/images\/icons\/thumbs-up-gray.svg);\">\n\t\t<\/div>\n\t\t\t\t<h4>Lasiantuntijuus<\/h4>\n\t\t\t\t<p>Skaala-kauppias palvelee asiakkaita luotettavasti ammattitaidolla.<\/p>\n\t\t\t<\/div>\n\t<div id=\"cards-block_f9e9bc39cbf3c69451be75bc4471a143\" class=\"cards-block--card\">\n\t\t\t<div class=\"icon-block\" style=\"background-image: url('https:\/\/www.skaala.com\/wp-content\/themes\/skaala-2023\/dist\/assets\/images\/icons\/thumbs-up-gray.svg);\">\n\t\t<\/div>\n\t\t\t\t<h4>Palvelut<\/h4>\n\t\t\t\t<p>Maksuton mittaus- ja suunnittelupalvelu ja nopea asennus- ja huoltopalvelu.<\/p>\n\t\t\t<\/div>\n\t<\/div>\n<\/div><\/div>\n\n\n<div class=\"featured-items-block block\">\n\t<div class=\"featured-item\">\n\t\t<div class=\"content-half has-dark-gray-background-color\">\n\t\t\t<div class=\"featured-item--content grid-item\">\n\t\t\t\t\t\t<a class=\"button button-large\" href=\"https:\/\/www.skaala.com\/fi\/suomessa-tehdyt-ikkunat-ja-ovet\/\">Suomessa tehdyt Skaala-tuotteet<\/a>\n\t\t\t\t\t\t<\/div>\n\t\t<\/div>\n\t\t\t\t<div class=\"featured-item--image grid-item\"\n\t\t\t\t\tdata-interchange=\"\n\t\t\t\t\t[https:\/\/www.skaala.com\/wp-content\/uploads\/2025\/04\/Yliharman-tehdas-1024x576.jpg, small], \n\t\t\t\t\t[https:\/\/www.skaala.com\/wp-content\/uploads\/2025\/04\/Yliharman-tehdas-1024x576.jpg, medium], \n\t\t\t\t\t[https:\/\/www.skaala.com\/wp-content\/uploads\/2025\/04\/Yliharman-tehdas-1200x675.jpg, large], \n\t\t\t\t\t[https:\/\/www.skaala.com\/wp-content\/uploads\/2025\/04\/Yliharman-tehdas-1536x864.jpg, xlarge]\"\n\t\t\t\t\t>\n\t\t<\/div>\n\t\t\t<\/div>\n\t\t<div class=\"featured-item\">\n\t\t<div class=\"content-half has-dark-gray-background-color\">\n\t\t\t<div class=\"featured-item--content grid-item\">\n\t\t\t\t\t\t<a class=\"button button-large\" href=\"https:\/\/www.skaala.com\/fi\/omakotitalot-ja-mokit\/rakentaja\/\">Ikkunaremontti kannattaa<\/a>\n\t\t\t\t\t\t<\/div>\n\t\t<\/div>\n\t\t\t\t<div class=\"featured-item--image grid-item\"\n\t\t\t\t\tdata-interchange=\"\n\t\t\t\t\t[https:\/\/www.skaala.com\/wp-content\/uploads\/2024\/10\/Skaala-Hanko-referenssit-2024-09-HR-03-1024x683.jpg, small], \n\t\t\t\t\t[https:\/\/www.skaala.com\/wp-content\/uploads\/2024\/10\/Skaala-Hanko-referenssit-2024-09-HR-03-1024x683.jpg, medium], \n\t\t\t\t\t[https:\/\/www.skaala.com\/wp-content\/uploads\/2024\/10\/Skaala-Hanko-referenssit-2024-09-HR-03-1200x800.jpg, large], \n\t\t\t\t\t[https:\/\/www.skaala.com\/wp-content\/uploads\/2024\/10\/Skaala-Hanko-referenssit-2024-09-HR-03-1536x1024.jpg, xlarge]\"\n\t\t\t\t\t>\n\t\t<\/div>\n\t\t\t<\/div>\n\t\t<div class=\"featured-item\">\n\t\t<div class=\"content-half has-dark-gray-background-color\">\n\t\t\t<div class=\"featured-item--content grid-item\">\n\t\t\t\t\t\t<a class=\"button button-large\" href=\"https:\/\/www.skaala.com\/fi\/energiansaastolaskuri-energiatehokkuus\/\">Energians\u00e4\u00e4st\u00f6laskuri<\/a>\n\t\t\t\t\t\t<\/div>\n\t\t<\/div>\n\t\t\t\t<div class=\"featured-item--image grid-item\"\n\t\t\t\t\tdata-interchange=\"\n\t\t\t\t\t[https:\/\/www.skaala.com\/wp-content\/uploads\/2023\/03\/tolpatautokwhautovuosikymmenetauto2020-1024x512.jpeg, small], \n\t\t\t\t\t[https:\/\/www.skaala.com\/wp-content\/uploads\/2023\/03\/tolpatautokwhautovuosikymmenetauto2020-1024x512.jpeg, medium], \n\t\t\t\t\t[https:\/\/www.skaala.com\/wp-content\/uploads\/2023\/03\/tolpatautokwhautovuosikymmenetauto2020.jpeg, large], \n\t\t\t\t\t[https:\/\/www.skaala.com\/wp-content\/uploads\/2023\/03\/tolpatautokwhautovuosikymmenetauto2020.jpeg, xlarge]\"\n\t\t\t\t\t>\n\t\t<\/div>\n\t\t\t<\/div>\n\t<\/div>\n","protected":false},"excerpt":{"rendered":"","protected":false},"author":5,"featured_media":25243,"parent":0,"menu_order":0,"comment_status":"closed","ping_status":"closed","template":"","meta":{"_acf_changed":false,"inline_featured_image":false,"footnotes":""},"class_list":["post-27658","page","type-page","status-publish","has-post-thumbnail","hentry"],"acf":[],"_links":{"self":[{"href":"https:\/\/www.skaala.com\/fi\/wp-json\/wp\/v2\/pages\/27658","targetHints":{"allow":["GET"]}}],"collection":[{"href":"https:\/\/www.skaala.com\/fi\/wp-json\/wp\/v2\/pages"}],"about":[{"href":"https:\/\/www.skaala.com\/fi\/wp-json\/wp\/v2\/types\/page"}],"author":[{"embeddable":true,"href":"https:\/\/www.skaala.com\/fi\/wp-json\/wp\/v2\/users\/5"}],"replies":[{"embeddable":true,"href":"https:\/\/www.skaala.com\/fi\/wp-json\/wp\/v2\/comments?post=27658"}],"version-history":[{"count":4,"href":"https:\/\/www.skaala.com\/fi\/wp-json\/wp\/v2\/pages\/27658\/revisions"}],"predecessor-version":[{"id":28271,"href":"https:\/\/www.skaala.com\/fi\/wp-json\/wp\/v2\/pages\/27658\/revisions\/28271"}],"wp:featuredmedia":[{"embeddable":true,"href":"https:\/\/www.skaala.com\/fi\/wp-json\/wp\/v2\/media\/25243"}],"wp:attachment":[{"href":"https:\/\/www.skaala.com\/fi\/wp-json\/wp\/v2\/media?parent=27658"}],"curies":[{"name":"wp","href":"https:\/\/api.w.org\/{rel}","templated":true}]}}