{"id":28021,"date":"2026-03-20T15:36:49","date_gmt":"2026-03-20T13:36:49","guid":{"rendered":"https:\/\/www.skaala.com\/?page_id=28021"},"modified":"2026-04-17T08:55:02","modified_gmt":"2026-04-17T05:55:02","slug":"ranskalaiset-parvekeovet","status":"publish","type":"page","link":"https:\/\/www.skaala.com\/fi\/ovet\/ranskalaiset-parvekeovet\/","title":{"rendered":"Ranskalaiset parvekeovet"},"content":{"rendered":"\n\t<header class=\"featured-hero custom\" role=\"banner\" data-interchange=\"\n\t\t[https:\/\/www.skaala.com\/wp-content\/uploads\/2026\/03\/Skaala_ranskalainen-parvekeovi-Aaria-1280x400.jpg, small],\n\t\t[https:\/\/www.skaala.com\/wp-content\/uploads\/2026\/03\/Skaala_ranskalainen-parvekeovi-Aaria-1280x400.jpg,medium],\n\t\t[https:\/\/www.skaala.com\/wp-content\/uploads\/2026\/03\/Skaala_ranskalainen-parvekeovi-Aaria-1440x400.jpg, large],\n\t\t[https:\/\/www.skaala.com\/wp-content\/uploads\/2026\/03\/Skaala_ranskalainen-parvekeovi-Aaria-1536x400.jpg, xlarge]\">\n\t\t\t<h1>Ranskalaisen parvekkeen ovi<\/h1>\n\t<\/header>\n\t\n\n\n<div class=\"wp-block-custom-content-area custom-wrapper alignleft has-light-blue-background-color\"><div class=\"outer-wrap\">\t\n\t<div id=\"heading-block-block_62cab645c395e31f859f9bcdd608f8b9\" class=\"heading-block\">\n\t\t<h2 ><span>Ranskalaisen parvekkeen ovi<\/span><\/h2>\t<\/div>\n\n\n\n<div id=\"text-block-block_62f781ecabdd9108efde01e01a58c9c2\" class=\"text-block\">\n\t\t\t<div>\n<p><em>Ranskalainen parvekeovi avautuu sis\u00e4\u00e4np\u00e4in ja sopii erinomaisesti pienille parvekkeille, joilla ei ole tilaa avata ovea ulosp\u00e4in.<\/em><\/p>\n<p>&nbsp;<\/p>\n<p class=\"x_MsoNormal\"><span data-olk-copy-source=\"MessageBody\">Skaala Aaria on sis\u00e4\u00e4np\u00e4in aukeava ranskalaisille parvekkeille soveltuva ovimalli. Aaria on yhdistelm\u00e4 oven ja ikkunan parhaita ominaisuuksia: Oviratkaisu koostuu kahdesta ovilehdest\u00e4, jotka aukeavat tuuletusikkunan tavoin yhdest\u00e4 painikkeesta sis\u00e4\u00e4np\u00e4in. Kahden ovilehden ja pitk\u00e4sulkijan ansiosta Aarian rakenne on hyvin \u00e4\u00e4nt\u00e4 erist\u00e4v\u00e4 ja energiatehokas. \u00a0<\/span><\/p>\n<p>&nbsp;<\/p>\n<\/div>\n<div>\n<p class=\"x_MsoNormal\"><span style=\"font-size: inherit;\">Useampi kerroksisien omakotitalojen ja kerrostalojen pienet tuuletusparvekkeet eli ranskalaiset parvekkeet ovat k\u00e4yt\u00e4nn\u00f6llisi\u00e4 siivoukseen ja tuulettamiseen. Parvekkeelle ei kuitenkaan ole tarkoitus menn\u00e4 kokonaan, vaan ulkopuolen kaide on l\u00e4hell\u00e4 oviaukkoa ja ovilehti avautuu sis\u00e4lle huoneistoon.<\/span><\/p>\n<p>&nbsp;<\/p>\n<\/div>\n<div>\n<p class=\"x_MsoNormal\">Skaalan Aaria ranskalainen parvekeovi on helppohoitoinen. Oven ulkoverhous on pitk\u00e4ik\u00e4ist\u00e4 alumiinia ja karmit vankkaa m\u00e4nty\u00e4. Lasituksen koon voi vapaasti valita ja lasitus voidaan r\u00e4\u00e4t\u00e4l\u00f6id\u00e4 k\u00e4ytt\u00f6kohteen vaatimusten, kuten U-arvon, auringonsuojan, turva- ja murtosuojaominaisuuksien ja lapsiturvallisuuden mukaan. Tavanomaista parempaa \u00e4\u00e4nenerist\u00e4vyytt\u00e4 vaadittaessa lasiksi valitaan \u00e4\u00e4nieristyslasi. Painike on ovessa vain sis\u00e4puolella.<\/p>\n<p>&nbsp;<\/p>\n<\/div>\n<div>\n<p class=\"x_MsoNormal\">Aaria-parvekeoven karmisyvyys voidaan valita samaksi kuin viereisiss\u00e4 ikkunoissa (130, 175 tai 210 mm). Aaria-ranskalaisen parvekkeen oven saa my\u00f6s pariovena. Lis\u00e4ksi Skaalan Aaria-oviin on saatavilla my\u00f6s n\u00e4ytt\u00e4v\u00e4 ja turvallinen ulkopuolinen lasikaide integroituna.<\/p>\n<\/div>\n\t<\/div>\n\n\n\n\n<a href=\"https:\/\/www.skaala.com\/fi\/kaikki-ovet\/skaala-aaria-ranskalainen-parvekeovi\/\" \nid=\"button-block-block_eb18aa2a4bd3242d67d2dd6833f06d1b\" \nclass=\"button-block button\"\ntarget=\"\"\n>Tutustu tarkemmin tuotteeseen<\/a>\n\n\n\n\n<a href=\"https:\/\/www.skaala.com\/fi\/ota-yhteytta\/pyyda-tarjous\/\" id=\"button-block-block_9d326c38d9da30a9688463ec6774dc4a\" class=\"button-block button\" target=\"_blank\">Pyyd\u00e4 tarjous<\/a>\n\n<\/div><\/div>\n\n\n\n<div class=\"wp-block-custom-content-area custom-wrapper alignleft has-light-blue-background-color\"><div class=\"outer-wrap\">\t\n\t<div id=\"heading-block-block_e20c638e598240cb6063aeb794c81eec\" class=\"heading-block\">\n\t\t<h2 ><span>Energiatehokkaat ovet ranskalaiselle parvekkeelle<\/span><\/h2>\t<\/div>\n\n\n\n<div id=\"text-block-block_a2defb38130164b1bb2aba29df1904b3\" class=\"text-block\">\n\t\t\t<p>Kolmilasiset ranskalaisen parvekkeen ovet ovat saatavilla eri lasivaihtoehdoilla. Voit valita oveen <a href=\"https:\/\/www.skaala.com\/fi\/turvalasi\/\">turvalasin<\/a>, <a title=\"\u00e4\u00e4nen\" href=\"https:\/\/www.skaala.com\/fi\/aanieristyslasi\/\" target=\"_blank\" rel=\"noopener\">\u00e4\u00e4neneristyslasin<\/a> tai <a href=\"https:\/\/www.skaala.com\/fi\/huurtumaton-lasi\/\" target=\"_blank\" rel=\"noopener\">huurtumattoman lasin<\/a>.<\/p>\n\t<\/div>\n\n<\/div><\/div>\n\n\n\n<div class=\"wp-block-custom-content-area custom-wrapper aligncenter has-dark-gray-background-color\"><div class=\"outer-wrap\">\n<a href=\"https:\/\/skaala.ikkunaverkkokauppa.fi\/product\/show\/484\" id=\"button-block-block_6ecd4f8c14de1f4d3e45760fd55b4441\" class=\"button-block button\" target=\"\" rel=\"noopener\">Laske ovien hinta verkkokaupassa<\/a>\n\n<\/div><\/div>\n\n\n\n<div class=\"wp-block-custom-content-area custom-wrapper alignleft has-light-blue-background-color\"><div class=\"outer-wrap\">\t\n\t<div id=\"heading-block-block_882fe6f549d6417a205520d8664dba09\" class=\"heading-block\">\n\t\t<h2 ><span>Parvekkeen ovet toiveidesi mukaan<\/span><\/h2>\t<\/div>\n\n\n\n<div id=\"text-block-block_c224e37938ff95cf0c79fa81f784a9e6\" class=\"text-block\">\n\t\t\t<p>Kaikki Skaalan parvekkeen ovet on suunniteltu kest\u00e4m\u00e4\u00e4n pohjoisen vaihtelevia olosuhteita. Siksi ne sopivat erinomaisesti niin isoille kuin pienille parvekkeille \u2013 my\u00f6s ranskalaiselle parvekkeelle, jossa ovi altistuu enemm\u00e4n s\u00e4\u00e4nvaihtelulle.<\/p>\n<p>Skaalan valikoimasta l\u00f6yd\u00e4t eri sisustustyyleihin sopivat parvekkeen ovet. Parvekeovien tyylik\u00e4s muotoilu sopii perinteiseen ja moderniin tyyliin, puu- ja kivitaloihin sek\u00e4 oviremonttia vaativiin uudiskohteisiin. Voit valita valmiin ovivaihtoehdon mallistostamme tai muokata oven v\u00e4rin, materiaalin sek\u00e4 lasiaukon koon toiveidesi mukaan. Ranskalaisen parvekeoven sijaan voit valita isommalle parvekkeelle <a href=\"https:\/\/www.skaala.com\/fi\/ovet\/parvekeovet-terassiovet\/\">ulosp\u00e4in aukeavan HDF- tai alumiinipintaisen parvekeoven<\/a>.<\/p>\n<p>&nbsp;<\/p>\n<p>&nbsp;<\/p>\n\t<\/div>\n\n\n\n\t\n\t<div id=\"heading-block-block_bbb85621b18b6c9e2d5bbe3fba0ff2d3\" class=\"heading-block\">\n\t\t<h2 ><span>Skaalan ilmainen arviointik\u00e4ynti<\/span><\/h2>\t<\/div>\n\n\n\n<div id=\"text-block-block_1ea298dc4ec91e45d93d91400de76e0d\" class=\"text-block\">\n\t\t\t<p><strong>Hy\u00f6dynn\u00e4 Skaalan ilmainen arviointik\u00e4ynti, kun tarvitset apua ranskalaisten parvekeovien suunnittelussa.<\/strong><\/p>\n<p>&nbsp;<\/p>\n<p>Skaalan ammattilaiset auttavat sinua suunnittelemaan ja asemoimaan uudet tuotteet rakennukseen sopiviksi, olipa kyseess\u00e4 remontti tai uudiskohde. Kartoitamme tarpeesi ja ovien mitat sek\u00e4 autamme sinua rakennukseen sopivien tuotteiden valinnassa. Huomioimme my\u00f6s olemassa olevat rakenteet ovia suunniteltaessa.<\/p>\n\t<\/div>\n\n\n\n\n<a href=\"https:\/\/www.skaala.com\/fi\/ota-yhteytta\/pyyda-ilmainen-arvio-tai-kartoitus\/\" id=\"button-block-block_0b4325fcd880dc7b7e10ffca399626d5\" class=\"button-block button\" target=\"\">Lue lis\u00e4\u00e4 ja pyyd\u00e4 ilmainen arvio<\/a>\n\n\n\n\n<a href=\"https:\/\/www.skaala.com\/fi\/ota-yhteytta\/pyyda-tarjous\/\" id=\"button-block-block_9d326c38d9da30a9688463ec6774dc4a\" class=\"button-block button\" target=\"_blank\">Pyyd\u00e4 tarjous<\/a>\n\n<\/div><\/div>\n\n\n<div class=\"featured-items-block block\">\n\t<div class=\"featured-item\">\n\t\t<div class=\"content-half has-dark-gray-background-color\">\n\t\t\t<div class=\"featured-item--content grid-item\">\n\t\t\t\t\t\t<a class=\"button button-large\" href=\"https:\/\/www.skaala.com\/fi\/ota-yhteytta\/yhteystiedot\/\">Yhteystiedot &#8211; Etsitk\u00f6 myyj\u00e4\u00e4 alueellasi tai oikeaa yhteyshenkil\u00f6\u00e4 toimistolta?\u00a0<\/a>\n\t\t\t\t\t\t<\/div>\n\t\t<\/div>\n\t\t\t\t<div class=\"featured-item--image grid-item\"\n\t\t\t\t\tdata-interchange=\"\n\t\t\t\t\t[https:\/\/www.skaala.com\/wp-content\/uploads\/2023\/08\/Olohuoneenautoikkunat-1024x1536.jpg, small], \n\t\t\t\t\t[https:\/\/www.skaala.com\/wp-content\/uploads\/2023\/08\/Olohuoneenautoikkunat-1024x1536.jpg, medium], \n\t\t\t\t\t[https:\/\/www.skaala.com\/wp-content\/uploads\/2023\/08\/Olohuoneenautoikkunat-1200x1800.jpg, large], \n\t\t\t\t\t[https:\/\/www.skaala.com\/wp-content\/uploads\/2023\/08\/Olohuoneenautoikkunat-1024x1536.jpg, xlarge]\"\n\t\t\t\t\t>\n\t\t<\/div>\n\t\t\t<\/div>\n\t\t<div class=\"featured-item\">\n\t\t<div class=\"content-half has-dark-gray-background-color\">\n\t\t\t<div class=\"featured-item--content grid-item\">\n\t\t\t\t\t\t<a class=\"button button-large\" href=\"https:\/\/www.skaala.com\/fi\/verkkokauppa\/ikkunaremontti-verkkokaupasta\/\">N\u00e4in tilaat ikkunat ja ovet verkkokaupasta<\/a>\n\t\t\t\t\t\t<\/div>\n\t\t<\/div>\n\t\t\t\t<div class=\"featured-item--image grid-item\"\n\t\t\t\t\tdata-interchange=\"\n\t\t\t\t\t[https:\/\/www.skaala.com\/wp-content\/uploads\/2025\/12\/Seglinge-keittion-ikkunat-1024x683.jpg, small], \n\t\t\t\t\t[https:\/\/www.skaala.com\/wp-content\/uploads\/2025\/12\/Seglinge-keittion-ikkunat-1024x683.jpg, medium], \n\t\t\t\t\t[https:\/\/www.skaala.com\/wp-content\/uploads\/2025\/12\/Seglinge-keittion-ikkunat-1200x800.jpg, large], \n\t\t\t\t\t[https:\/\/www.skaala.com\/wp-content\/uploads\/2025\/12\/Seglinge-keittion-ikkunat-1536x1024.jpg, xlarge]\"\n\t\t\t\t\t>\n\t\t<\/div>\n\t\t\t<\/div>\n\t\t<div class=\"featured-item\">\n\t\t<div class=\"content-half has-dark-gray-background-color\">\n\t\t\t<div class=\"featured-item--content grid-item\">\n\t\t\t\t\t\t<a class=\"button button-large\" href=\"https:\/\/www.skaala.com\/fi\/kestava-kehitys-skaala\/\">Kest\u00e4v\u00e4 kehitys<\/a>\n\t\t\t\t\t\t<\/div>\n\t\t<\/div>\n\t\t\t\t<div class=\"featured-item--image grid-item\"\n\t\t\t\t\tdata-interchange=\"\n\t\t\t\t\t[https:\/\/www.skaala.com\/wp-content\/uploads\/2022\/11\/Seglingeautokallioltaautowww-e1668767520211-1024x499.jpg, small], \n\t\t\t\t\t[https:\/\/www.skaala.com\/wp-content\/uploads\/2022\/11\/Seglingeautokallioltaautowww-e1668767520211-1024x499.jpg, medium], \n\t\t\t\t\t[https:\/\/www.skaala.com\/wp-content\/uploads\/2022\/11\/Seglingeautokallioltaautowww-e1668767520211-1200x584.jpg, large], \n\t\t\t\t\t[https:\/\/www.skaala.com\/wp-content\/uploads\/2022\/11\/Seglingeautokallioltaautowww-e1668767520211-1536x748.jpg, xlarge]\"\n\t\t\t\t\t>\n\t\t<\/div>\n\t\t\t<\/div>\n\t<\/div>\n","protected":false},"excerpt":{"rendered":"","protected":false},"author":5,"featured_media":28031,"parent":137,"menu_order":0,"comment_status":"closed","ping_status":"closed","template":"","meta":{"_acf_changed":false,"inline_featured_image":false,"footnotes":""},"class_list":["post-28021","page","type-page","status-publish","has-post-thumbnail","hentry"],"acf":[],"_links":{"self":[{"href":"https:\/\/www.skaala.com\/fi\/wp-json\/wp\/v2\/pages\/28021","targetHints":{"allow":["GET"]}}],"collection":[{"href":"https:\/\/www.skaala.com\/fi\/wp-json\/wp\/v2\/pages"}],"about":[{"href":"https:\/\/www.skaala.com\/fi\/wp-json\/wp\/v2\/types\/page"}],"author":[{"embeddable":true,"href":"https:\/\/www.skaala.com\/fi\/wp-json\/wp\/v2\/users\/5"}],"replies":[{"embeddable":true,"href":"https:\/\/www.skaala.com\/fi\/wp-json\/wp\/v2\/comments?post=28021"}],"version-history":[{"count":10,"href":"https:\/\/www.skaala.com\/fi\/wp-json\/wp\/v2\/pages\/28021\/revisions"}],"predecessor-version":[{"id":28916,"href":"https:\/\/www.skaala.com\/fi\/wp-json\/wp\/v2\/pages\/28021\/revisions\/28916"}],"up":[{"embeddable":true,"href":"https:\/\/www.skaala.com\/fi\/wp-json\/wp\/v2\/pages\/137"}],"wp:featuredmedia":[{"embeddable":true,"href":"https:\/\/www.skaala.com\/fi\/wp-json\/wp\/v2\/media\/28031"}],"wp:attachment":[{"href":"https:\/\/www.skaala.com\/fi\/wp-json\/wp\/v2\/media?parent=28021"}],"curies":[{"name":"wp","href":"https:\/\/api.w.org\/{rel}","templated":true}]}}