{"id":28074,"date":"2026-03-26T12:46:45","date_gmt":"2026-03-26T10:46:45","guid":{"rendered":"https:\/\/www.skaala.com\/?page_id=28074"},"modified":"2026-03-31T10:10:29","modified_gmt":"2026-03-31T07:10:29","slug":"visio-arvot-ja-missio","status":"publish","type":"page","link":"https:\/\/www.skaala.com\/fi\/visio-arvot-ja-missio\/","title":{"rendered":"Visio, arvot ja missio"},"content":{"rendered":"\n\t<header class=\"featured-hero has-dark-gray-background-color\" role=\"banner\">\n\t\t\t<h1>Skaalan missio, arvot ja visio <\/h1>\n\t<\/header>\n\t\n\n\n<div class=\"wp-block-custom-content-area custom-wrapper alignleft has-light-blue-background-color\"><div class=\"outer-wrap\">\n<div id=\"text-block-block_edbf2e73ad168ca662146e4534ec39bc\" class=\"text-block\">\n\t\t\t<blockquote><p>Laatua, vastuullisuutta ja pohjoisen luonnon kunnioitusta<\/p><\/blockquote>\n\t<\/div>\n\n\n\n\n<div id=\"text-block-block_b1f8d93e0ba489d915b7f48330f5f89e\" class=\"text-block\">\n\t\t\t<p><iframe width=\"560\" height=\"315\" src=\"https:\/\/www.youtube.com\/embed\/0TA5lw4IRY4?si=xyPn0MgNulC63CjC\" title=\"YouTube video player\" frameborder=\"0\" allow=\"accelerometer; autoplay; clipboard-write; encrypted-media; gyroscope; picture-in-picture; web-share\" referrerpolicy=\"strict-origin-when-cross-origin\" allowfullscreen><\/iframe><\/p>\n\t<\/div>\n\n\n\n\t\n\t<div id=\"heading-block-block_9522a51262218ff90938ac8d222fb439\" class=\"heading-block\">\n\t\t<h2 ><span>Meid\u00e4n suuntamme \u2013 missio ja visio <\/span><\/h2>\t<\/div>\n\n\n\n<div id=\"text-block-block_d586297659bca34a0a4c02d280900ef1\" class=\"text-block\">\n\t\t\t<p>Skaalan visio ja missio ohjaavat kaikkea toimintaamme, jotta voimme tarjota asiakkaillemme ja yhteisty\u00f6kumppaneillemme ensiluokkaisia tuotteita ja erinomaista palvelua.<\/p>\n\t<\/div>\n\n\n\n\n<div class=\"wp-block-custom-inner-columns has-one-columns custom-columns\"><div class=\"outer-wrap\">\n<div class=\"wp-block-custom-custom-column custom-column\"><div class=\"inner-wrap\">\t\n\t<div id=\"heading-block-block_eaf30a7d1ccafe00b733a3d1190a8ea6\" class=\"heading-block\">\n\t\t<h3 ><span>Missio: Valmistamme ikkuna- ja oviratkaisut pohjoisen luontoa kunnioittaen <\/span><\/h3>\t<\/div>\n\n\n\n<div id=\"text-block-block_d94d2844a899accfd7739cdd35d36442\" class=\"text-block\">\n\t\t\t<p>Toimintamme ydin kiteytyy missiossamme ja sloganissamme. Skaalan energiatehokkaat ja vastuullisesti Suomessa valmistetut ikkunat ja ovet tekev\u00e4t asumisesta mukavampaa sek\u00e4 parantavat rakennusten energiatehokkuutta. N\u00e4in varmistamme, ett\u00e4 my\u00f6s tulevat sukupolvet saavat nauttia ainutlaatuisesta pohjoisesta luonnosta vuodenaikoineen.<\/p>\n\t<\/div>\n\n\n\n\n<div id=\"image-block_aa57d448d9ba042212d274728ce1480f\" class=\"image-block\">\n\t\t\t\t<div class=\"image-container\" style=\"width: px; height: \n\t\tauto;\">\n\t\t\t<img decoding=\"async\" src=\"https:\/\/www.skaala.com\/wp-content\/uploads\/2025\/05\/Rekry-toimihenkilot-2.jpg\" alt=\"\">\n\t\t<\/div>\n\t \n\n\t<\/div>\n\n\n\n\t\n\t<div id=\"heading-block-block_1b7dec0d66ac584eed0f58a8a8eca16e\" class=\"heading-block\">\n\t\t<h3 ><span>Visio: Huolehtivin, kest\u00e4vin \u2013 halutuin<\/span><\/h3>\t<\/div>\n\n\n\n<div id=\"text-block-block_e400c38dd6108979622f199350fab4b6\" class=\"text-block\">\n\t\t\t<p>Tavoitteenamme on olla ikkuna- ja ovialan ykk\u00f6svalinta niin ty\u00f6ntekij\u00f6ille, asiakkaille kuin yhteisty\u00f6kumppaneillekin. Visiomme toteutuu lasiantuntijuudella, korkealla laadulla sek\u00e4 tarjoamalla kest\u00e4vi\u00e4 ratkaisuja, jotka tuovat asiakkaillemme mielenrauhaa \u2013 kuin kev\u00e4tauringon s\u00e4teet kodin ikkunoissa.<\/p>\n\t<\/div>\n\n\n\n\n<div id=\"image-block_cbfb891423dfcff82d968f39afdb4c1e\" class=\"image-block\">\n\t\t\t\t<div class=\"image-container\" style=\"width: px; height: \n\t\tauto;\">\n\t\t\t<img decoding=\"async\" src=\"https:\/\/www.skaala.com\/wp-content\/uploads\/2025\/12\/Omakotitalon-ikkunat.jpg\" alt=\"\">\n\t\t<\/div>\n\t \n\n\t<\/div>\n\n<\/div><\/div>\n<\/div><\/div>\n\n\n\t\n\t<div id=\"heading-block-block_64410b2c6f6a1dba538638ca01c97ca5\" class=\"heading-block\">\n\t\t<h3 ><span>Arvomme<\/span><\/h3>\t<\/div>\n\n\n\n<div id=\"text-block-block_d4eab56b951821bcd1f5ce8c91ad237b\" class=\"text-block\">\n\t\t\t<p>Yhteiset arvomme ohjaavat arjen toimintaamme ja m\u00e4\u00e4ritt\u00e4v\u00e4t, miten teemme t\u00f6it\u00e4 yhdess\u00e4 kollegoiden, asiakkaiden ja yhteisty\u00f6kumppaneiden kanssa. Arvot ovat meille t\u00e4rke\u00e4t ohjenuorat, joiden pohjalta teemme p\u00e4\u00e4t\u00f6ksi\u00e4 kohti tavoitteidemme saavuttamista sek\u00e4 ihmisten ja maapallon hyvinvoinnin vahvistamista.<\/p>\n\t<\/div>\n\n\n\n<div id=\"cards-block_2de578c1cfab3203a92e90f3fb35c632\" class=\"cards-block count-5\">\n<div id=\"cards-block_2de578c1cfab3203a92e90f3fb35c632\" class=\"cards-block--card\">\n\t\t\t\t<h4>Vastuullisuus<\/h4>\n\t\t\t\t<p>Teemme valintoja, jotka tukevat kest\u00e4v\u00e4\u00e4 kehityst\u00e4 ja kunnioittavat ymp\u00e4rist\u00f6\u00e4.<\/p>\n\t\t\t<\/div>\n\t<div id=\"cards-block_2de578c1cfab3203a92e90f3fb35c632\" class=\"cards-block--card\">\n\t\t\t\t<h4>Hyvinvoiva ty\u00f6yhteis\u00f6 <\/h4>\n\t\t\t\t<p>Uskomme, ett\u00e4 hyvinvoiva tiimi on menestyksen perusta \u2013 yhdess\u00e4 olemme enemm\u00e4n.<\/p>\n\t\t\t<\/div>\n\t<div id=\"cards-block_2de578c1cfab3203a92e90f3fb35c632\" class=\"cards-block--card\">\n\t\t\t\t<h4>Lasiantuntijuus<\/h4>\n\t\t\t\t<p>Rakennamme osaamiselle ja ammattitaidolle, jotta voimme tarjota parasta mahdollista laatua.<\/p>\n\t\t\t<\/div>\n\t<div id=\"cards-block_2de578c1cfab3203a92e90f3fb35c632\" class=\"cards-block--card\">\n\t\t\t\t<h4>Korkea laatu <\/h4>\n\t\t\t\t<p>Laadukkaat tuotteet ja palvelut ovat lupauksemme jokaiselle asiakkaalle.<\/p>\n\t\t\t<\/div>\n\t<div id=\"cards-block_2de578c1cfab3203a92e90f3fb35c632\" class=\"cards-block--card\">\n\t\t\t\t<h4>Mielenrauha <\/h4>\n\t\t\t\t<p>Asiakkaillemme tarjoamme mielenrauhaa siit\u00e4, ett\u00e4 Skaala oli oikea valinta heid\u00e4n kotinsa ja ymp\u00e4rist\u00f6n kannalta.<\/p>\n\t\t\t<\/div>\n\t<\/div>\n\n\n\n\n\t\n\t<div id=\"heading-block-block_bb84902b3fd9adf89885f6d32369e55e\" class=\"heading-block\">\n\t\t<h2 ><span>Toimintapolitiikka<\/span><\/h2>\t<\/div>\n\n\n\n<div id=\"text-block-block_40c13625bb8aae8b0c69b24d87ae2d05\" class=\"text-block\">\n\t\t\t<p>Skaala IFN Oy on suomalainen ikkuna- ja ovivalmistaja, ja tunnettu energiatehokkaista tuotteista.<\/p>\n<p>&nbsp;<\/p>\n<p>Olemme sitoutuneet toimimaan vastuullisesti huomioiden ymp\u00e4rist\u00f6n, talouden ja sosiaalisen hyvinvoinnin. Yrityksen\u00e4 noudatamme hyv\u00e4\u00e4 hallintotapaa ja vaalimme pitk\u00e4aikaisia kumppanuuksia sek\u00e4 asiakkuuksia. Ty\u00f6nantajana pid\u00e4mme huolta ty\u00f6ntekij\u00f6idemme hyvinvoinnista ja turvallisuudesta.<\/p>\n<p>&nbsp;<\/p>\n<p>Strategiamme on olla markkinoiden halutuin ovi- ja ikkunabr\u00e4ndi. Tavoitteenamme on saavuttaa korkea asiakastyytyv\u00e4isyys ylitt\u00e4m\u00e4ll\u00e4 asiakkaan odotukset laadukkaiden tuotteiden ja sujuvan palvelun my\u00f6t\u00e4.<\/p>\n<p>&nbsp;<\/p>\n<p>Olemme sitoutuneet toiminnan jatkuvaan parantamiseen. Asetamme vuosittain laatu-, ymp\u00e4rist\u00f6- ja turvallisuustavoitteita, suunnittelemme ja toteutamme kehitt\u00e4mistoimenpiteit\u00e4 ja seuraamme niiden vaikutuksia osana toimintamme jatkuvaa kehitt\u00e4mist\u00e4. Laadunhallintaj\u00e4rjestelm\u00e4\u00e4 ja ymp\u00e4rist\u00f6j\u00e4rjestelm\u00e4\u00e4 noudatetaan Skaalan kaikessa toiminnassa.<\/p>\n<p>&nbsp;<\/p>\n<p>Tarjoamme asiakkaan tarpeita vastaavia tuotteita ja palveluita kustannustehokkaasti sek\u00e4 kehit\u00e4mme prosessejamme jatkuvasti saamamme asiakaspalautteen perusteella huomioiden kest\u00e4v\u00e4n kehityksen, alan standardit ja muut vaatimukset. Toimimme kaikkien lakis\u00e4\u00e4teisten vaatimusten sek\u00e4 viranomaism\u00e4\u00e4r\u00e4ysten ja -s\u00e4\u00e4nn\u00f6sten mukaisesti. Edellyt\u00e4mme my\u00f6s toimittajiltamme ja muilta yhteisty\u00f6kumppaneiltamme samojen periaatteiden noudattamista.<\/p>\n\t<\/div>\n\n\n\n\n<a href=\"https:\/\/www.skaala.com\/fi\/ota-yhteytta\/\" \nid=\"button-block-block_91accbf920b21a605eb7173a18534961\" \nclass=\"button-block button\"\ntarget=\"\"\n>Ota yhteytt\u00e4<\/a>\n\n<\/div><\/div>\n\n\n\n<div class=\"wp-block-custom-divider-image has-none-overlay divider-image-medium has-background-image\" style=\"background-image:url(https:\/\/www.skaala.com\/wp-content\/uploads\/2026\/03\/fbb5c07721bf4143c9b73b1fb00b82838cb519ad.png)\"><\/div>\n","protected":false},"excerpt":{"rendered":"","protected":false},"author":5,"featured_media":0,"parent":0,"menu_order":0,"comment_status":"closed","ping_status":"closed","template":"","meta":{"_acf_changed":false,"inline_featured_image":false,"footnotes":""},"class_list":["post-28074","page","type-page","status-publish","hentry"],"acf":[],"_links":{"self":[{"href":"https:\/\/www.skaala.com\/fi\/wp-json\/wp\/v2\/pages\/28074","targetHints":{"allow":["GET"]}}],"collection":[{"href":"https:\/\/www.skaala.com\/fi\/wp-json\/wp\/v2\/pages"}],"about":[{"href":"https:\/\/www.skaala.com\/fi\/wp-json\/wp\/v2\/types\/page"}],"author":[{"embeddable":true,"href":"https:\/\/www.skaala.com\/fi\/wp-json\/wp\/v2\/users\/5"}],"replies":[{"embeddable":true,"href":"https:\/\/www.skaala.com\/fi\/wp-json\/wp\/v2\/comments?post=28074"}],"version-history":[{"count":10,"href":"https:\/\/www.skaala.com\/fi\/wp-json\/wp\/v2\/pages\/28074\/revisions"}],"predecessor-version":[{"id":28177,"href":"https:\/\/www.skaala.com\/fi\/wp-json\/wp\/v2\/pages\/28074\/revisions\/28177"}],"wp:attachment":[{"href":"https:\/\/www.skaala.com\/fi\/wp-json\/wp\/v2\/media?parent=28074"}],"curies":[{"name":"wp","href":"https:\/\/api.w.org\/{rel}","templated":true}]}}