{"id":28201,"date":"2026-04-07T10:37:27","date_gmt":"2026-04-07T07:37:27","guid":{"rendered":"https:\/\/www.skaala.com\/?page_id=28201"},"modified":"2026-04-27T09:51:15","modified_gmt":"2026-04-27T06:51:15","slug":"ikkunat-ja-ilmansuunnat-ikkunat-etelaan-pohjoiseen-lanteen-ja-itaan","status":"publish","type":"page","link":"https:\/\/www.skaala.com\/fi\/ikkunat\/ikkunat-ja-ilmansuunnat-ikkunat-etelaan-pohjoiseen-lanteen-ja-itaan\/","title":{"rendered":"Ikkunat ja ilmansuunnat: Mitk\u00e4 ikkunat etel\u00e4\u00e4n, pohjoiseen, l\u00e4nteen ja it\u00e4\u00e4n?"},"content":{"rendered":"\n\t\t<header class=\"featured-hero article\" role=\"banner\" data-interchange=\"[https:\/\/www.skaala.com\/wp-content\/uploads\/2026\/03\/ebfb2c7259c7737ab8d81b1b73a021806252c7de-640x200.jpg, small], [https:\/\/www.skaala.com\/wp-content\/uploads\/2026\/03\/ebfb2c7259c7737ab8d81b1b73a021806252c7de-1280x400.jpg, medium], [https:\/\/www.skaala.com\/wp-content\/uploads\/2026\/03\/ebfb2c7259c7737ab8d81b1b73a021806252c7de-1440x400.jpg, large], [https:\/\/www.skaala.com\/wp-content\/uploads\/2026\/03\/ebfb2c7259c7737ab8d81b1b73a021806252c7de-1920x400.jpg, xlarge]\">\n\t\t\t\t\t<h1>Ikkunat ja ilmansuunnat: Mitk\u00e4 ikkunat etel\u00e4\u00e4n, pohjoiseen, l\u00e4nteen ja it\u00e4\u00e4n?<\/h1>\n\t\t<\/header>\n\t\t\n\n\n<div class=\"wp-block-custom-content-area custom-wrapper alignleft has-light-blue-background-color\"><div class=\"outer-wrap\">\n<div class=\"wp-block-custom-inner-columns has-two-columns custom-columns\"><div class=\"outer-wrap\">\n<div class=\"wp-block-custom-custom-column custom-column\"><div class=\"inner-wrap\">\n<div id=\"text-block-block_c8c3f9e144a966652b4ec13d924194d8\" class=\"text-block\">\n\t\t\t<p>Oletko koskaan miettinyt, kuinka paljon kotisi ikkunoiden suunta suhteessa aurinkoon vaikuttaa valon m\u00e4\u00e4r\u00e4\u00e4n eri vuorokauden aikoina? Valon tulosuunnalla on yll\u00e4tt\u00e4v\u00e4n suuri vaikutus asumismukavuuteen, sis\u00e4l\u00e4mp\u00f6tilaan ja jopa energiankulutukseen.<\/p>\n<p>&nbsp;<\/p>\n<p>Aurinko nousee id\u00e4st\u00e4 ja laskee l\u00e4nteen, joten t\u00e4m\u00e4 on hyv\u00e4 ottaa huomioon my\u00f6s kodin suunnittelussa. Kes\u00e4ll\u00e4 aurinko paistaa etel\u00e4ss\u00e4 suurimman osan p\u00e4iv\u00e4st\u00e4, siin\u00e4 miss\u00e4 talvella p\u00e4iv\u00e4nvalo j\u00e4\u00e4 isossa osassa Suomea vain muutamaan tuntiin.<\/p>\n<p>&nbsp;<\/p>\n<p>Voit hallita valon m\u00e4\u00e4r\u00e4\u00e4 ja l\u00e4mp\u00f6kuormaa oikeilla lasivalinnoilla, ikkunoiden koolla sek\u00e4 lis\u00e4varusteilla, kuten kaihtimilla tai pimennysverhoilla.<\/p>\n\t<\/div>\n\n<\/div><\/div>\n\n\n\n<div class=\"wp-block-custom-custom-column custom-column\"><div class=\"inner-wrap\">\n<div id=\"text-block-block_e0a284494f5ee6f4219306d4c95aa086\" class=\"text-block\">\n\t\t\t<p><script src=\"https:\/\/bot.leadoo.com\/bot\/inpage.js?code=4722270d#seamless\" async=\"\" type=\"text\/javascript\"><\/script><\/p>\n\t<\/div>\n\n<\/div><\/div>\n<\/div><\/div>\n<\/div><\/div>\n\n\n\n<div class=\"wp-block-custom-content-area custom-wrapper alignleft has-light-blue-background-color\"><div class=\"outer-wrap\">\t\n\t<div id=\"heading-block-block_c017df6ea5b45f063641921ad4f0322b\" class=\"heading-block\">\n\t\t<h2 ><span>Ikkunat pohjoiseen<\/span><\/h2>\t<\/div>\n\n\n\n<div class=\"wp-block-custom-inner-columns has-two-columns custom-columns\"><div class=\"outer-wrap\">\n<div class=\"wp-block-custom-custom-column custom-column\"><div class=\"inner-wrap\">\n<div id=\"text-block-block_4d799939de3b75eedb3fddcbf7e32ebd\" class=\"text-block\">\n\t\t\t<p>Jos ikkunastasi avautuu n\u00e4kym\u00e4 pohjoiseen, ei aurinko paista suoraan miss\u00e4\u00e4n vaiheessa p\u00e4iv\u00e4\u00e4. T\u00e4m\u00e4 tarkoittaa, ett\u00e4 tila on himme\u00e4mpi verrattuna muihin huoneisiin, mutta my\u00f6s viile\u00e4mpi. Valo tulee pohjoisen puolella ep\u00e4suorasti pehme\u00e4n\u00e4 ja s\u00e4vylt\u00e4\u00e4n viile\u00e4n\u00e4 hajavalona.<\/p>\n<p>&nbsp;<\/p>\n<p>T\u00e4m\u00e4 kannattaa ottaa huomioon varsinkin kylm\u00e4ss\u00e4 ilmastossa, jolloin pimeimpien kuukausien jokainen valonpilkahdus tulee tarpeeseen.<\/p>\n<p>&nbsp;<\/p>\n<p><strong>Sopii hyvin<\/strong><\/p>\n<p>Auringonvalo voi aiheuttaa heijastuksia esimerkiksi tietokoneen n\u00e4yt\u00f6lt\u00e4 tai h\u00e4ik\u00e4ist\u00e4 silmi\u00e4. Siksi huone, jonka ikkunat avautuvat pohjoiseen, sopii mainiosti esimerkiksi kotitoimistoksi.<\/p>\n<p>&nbsp;<\/p>\n<p>Pohjoisen puoleiset huoneet sopivat hyvin my\u00f6s taulujen tai muiden esineiden esillepanoon, jotka voivat k\u00e4rsi\u00e4 auringon UV-valosta.<\/p>\n<p>&nbsp;<\/p>\n<p>Pohjoinen on loistava valinta my\u00f6s makuuhuoneelle, jos et halua her\u00e4t\u00e4 kes\u00e4isin auringon noustessa jo hyvin varhain. Lis\u00e4ksi huone pysyy viile\u00e4n\u00e4 kes\u00e4helteill\u00e4kin.<\/p>\n\t<\/div>\n\n<\/div><\/div>\n\n\n\n<div class=\"wp-block-custom-custom-column custom-column\"><div class=\"inner-wrap\">\n<div id=\"image-block_08045aae320604ee147233a1410aecd2\" class=\"image-block\">\n\t\t\t\t<div class=\"image-container\" style=\"width: px; height: \n\t\tauto;\">\n\t\t\t<img decoding=\"async\" src=\"https:\/\/www.skaala.com\/wp-content\/uploads\/2025\/12\/Nettiresoluutio_E5A3697-HDR.jpg\" alt=\"\">\n\t\t<\/div>\n\t \n\n\t<\/div>\n\n\n\n\n<div id=\"text-block-block_cdbd53b29e021fca8404776616c845f1\" class=\"text-block\">\n\t\t\t<p><strong>Ota huomioon<\/strong><\/p>\n<p>V\u00e4h\u00e4n valoa saavat huoneet voivat olla kylmempi\u00e4, kun ulkona on viile\u00e4\u00e4 eik\u00e4 auringonvalo l\u00e4mmit\u00e4 sis\u00e4tilaa. Pohjoisen ikkunoissa kannattaa panostaa l\u00e4mm\u00f6nerist\u00e4vyyteen eli mahdollisimman matalaan U-arvoon. Samalla voit kompensoida v\u00e4h\u00e4ist\u00e4 valon m\u00e4\u00e4r\u00e4\u00e4 isommalla ikkunapinta-alalla sek\u00e4 lis\u00e4valaistuksella.<\/p>\n\t<\/div>\n\n<\/div><\/div>\n<\/div><\/div>\n\n\n\n<a href=\"https:\/\/www.skaala.com\/fi\/arvo-ikkuna-on-tyylikas-ja-energiatehokas\/\" \nid=\"button-block-block_c74fa191043ab226c38be0317b59adff\" \nclass=\"button-block button\"\ntarget=\"\"\n>Tutustu energiatehokkaaseen Arvo-ikkunaan<\/a>\n\n<\/div><\/div>\n\n\n\n<div class=\"wp-block-custom-content-area custom-wrapper alignleft has-light-blue-background-color\"><div class=\"outer-wrap\">\t\n\t<div id=\"heading-block-block_b96701effc2b8727bfb5132bde64d791\" class=\"heading-block\">\n\t\t<h2 ><span>Ikkunat it\u00e4\u00e4n<\/span><\/h2>\t<\/div>\n\n\n\n<div class=\"wp-block-custom-inner-columns has-two-columns custom-columns\"><div class=\"outer-wrap\">\n<div class=\"wp-block-custom-custom-column custom-column\"><div class=\"inner-wrap\">\n<div id=\"text-block-block_d8196268e89a4be1e063dda61fbb3ddf\" class=\"text-block\">\n\t\t\t<p>Id\u00e4npuoleisten ikkunoiden l\u00e4mp\u00f6kuorma on maltillisempi kuin etel\u00e4n tai l\u00e4nnen, koska aamuaurinko l\u00e4mmitt\u00e4\u00e4 rakennusta, kun sis\u00e4tilat ovat viile\u00e4t y\u00f6n j\u00e4ljilt\u00e4. Siksi id\u00e4n puolella voi hy\u00f6dynt\u00e4\u00e4 suuriakin ikkunapintoja ilman merkitt\u00e4v\u00e4\u00e4 ylikuumenemisen riski\u00e4.<\/p>\n<p>&nbsp;<\/p>\n<p><strong>Sopii hyvin<\/strong><\/p>\n<p>It\u00e4\u00e4n avautuva ikkuna p\u00e4\u00e4st\u00e4\u00e4 sis\u00e4\u00e4n aamun ensis\u00e4teet, joten se sopii eritt\u00e4in hyvin esimerkiksi keitti\u00f6\u00f6n tai aamupalanurkkaukseen. Jos makuuhuoneesi ikkuna avautuu it\u00e4\u00e4n, pid\u00e4 huoli, ett\u00e4 ikkunassa on riitt\u00e4v\u00e4 himmennys, ellet halua her\u00e4t\u00e4 yhdess\u00e4 auringon kanssa.<\/p>\n<p>&nbsp;<\/p>\n<p>Id\u00e4n puolella voi k\u00e4ytt\u00e4\u00e4 isoja maisemaikkunoita, koska ne eiv\u00e4t ole suorassa auringonvalossa p\u00e4iv\u00e4n kuumimpina hetkin\u00e4. T\u00e4m\u00e4 tekee id\u00e4st\u00e4 hyv\u00e4n suunnan maisemaikkunoille, jos tontin paras n\u00e4kym\u00e4 avautuu sinne p\u00e4in.<\/p>\n<p>&nbsp;<\/p>\n<p><strong>Ota huomioon<\/strong><\/p>\n<p>Pimennyskaihtimet ovat kes\u00e4ll\u00e4 v\u00e4ltt\u00e4m\u00e4tt\u00f6m\u00e4t, jos makuuhuoneen ikkuna avautuu it\u00e4\u00e4n. Id\u00e4n puolella peruslasitus \u2013 kolmi- tai nelilasinen ikkuna \u2013 riitt\u00e4\u00e4 useimmiten ilman erillist\u00e4 aurinkosuojalasia. Harkitse aurinkosuojalasia, jos id\u00e4npuoleiset ikkunat ovat erityisen isot.<\/p>\n<p>&nbsp;<\/p>\n<p><strong>Lue lis\u00e4\u00e4:<\/strong> <a href=\"https:\/\/www.skaala.com\/fi\/isot-ikkunat\/\">7 vinkki\u00e4 isojen ikkunoiden valintaan<\/a><\/p>\n\t<\/div>\n\n<\/div><\/div>\n\n\n\n<div class=\"wp-block-custom-custom-column custom-column\"><div class=\"inner-wrap\">\n<div id=\"image-block_c2d3b6b1a1647e76cf6eff64a617c84e\" class=\"image-block\">\n\t\t\t\t<div class=\"image-container\" style=\"width: px; height: \n\t\tauto;\">\n\t\t\t<img decoding=\"async\" src=\"https:\/\/www.skaala.com\/wp-content\/uploads\/2025\/12\/kiintea-ikkuna-talvimaisema-scaled.jpg\" alt=\"\">\n\t\t<\/div>\n\t \n\n\t<\/div>\n\n<\/div><\/div>\n<\/div><\/div>\n<\/div><\/div>\n\n\n\n<div class=\"wp-block-custom-content-area custom-wrapper alignleft has-light-blue-background-color\"><div class=\"outer-wrap\">\t\n\t<div id=\"heading-block-block_b6d63517720fac457fe1482bea487dc7\" class=\"heading-block\">\n\t\t<h2 ><span>Ikkunat etel\u00e4\u00e4n<\/span><\/h2>\t<\/div>\n\n\n\n<div class=\"wp-block-custom-inner-columns has-two-columns custom-columns\"><div class=\"outer-wrap\">\n<div class=\"wp-block-custom-custom-column custom-column\"><div class=\"inner-wrap\">\n<div id=\"text-block-block_70d8f7362800bef634e010a6ed474508\" class=\"text-block\">\n\t\t\t<p>Etel\u00e4\u00e4n aukeavat ikkunat p\u00e4\u00e4st\u00e4v\u00e4t sis\u00e4\u00e4n paljon auringonvaloa, sill\u00e4 aurinko paistaa etel\u00e4n puolelta aamup\u00e4iv\u00e4st\u00e4 iltap\u00e4iv\u00e4\u00e4n, kes\u00e4kuukausina jopa kymmenen tuntia yht\u00e4jaksoisesti.<\/p>\n<p>&nbsp;<\/p>\n<p>T\u00e4st\u00e4 syyst\u00e4 etel\u00e4n ikkunoista on erityisen paljon iloa talvella, kun kaikki valaisevat ja l\u00e4mmitt\u00e4v\u00e4t auringons\u00e4teet tulevat tarpeeseen. Kes\u00e4ll\u00e4 tilanne voi kuitenkin k\u00e4\u00e4nty\u00e4 p\u00e4\u00e4laelleen ja sis\u00e4tilat voivat kuumeta nopeasti.<\/p>\n<p>&nbsp;<\/p>\n<p><strong>Sopii hyvin<\/strong><\/p>\n<p>Olohuone ja ruokailutila ovat oivallisia etel\u00e4n huoneita, koska niiss\u00e4 nautitaan valosta ja l\u00e4mm\u00f6st\u00e4 mahdollisimman pitk\u00e4\u00e4n. Talvella matala aurinko paistaa l\u00e4hes kohtisuoraan sis\u00e4\u00e4n ja l\u00e4mmitt\u00e4\u00e4 tilaa luonnollisesti, mik\u00e4 v\u00e4hent\u00e4\u00e4 l\u00e4mmitystarvetta.<\/p>\n<p>&nbsp;<\/p>\n<p>Etel\u00e4n ikkunat hy\u00f6tyv\u00e4t eniten auringonsuojalaseista, koska ne altistuvat eniten suoralle auringonpaisteelle. Skaalan auringonsuojalasi torjuu l\u00e4mp\u00f6s\u00e4teily\u00e4, mutta p\u00e4\u00e4st\u00e4\u00e4 luonnonvalon l\u00e4pi. Siten se v\u00e4hent\u00e4\u00e4 kodin sis\u00e4tilojen ylikuumenemista ja viilennystarvetta kes\u00e4isin.<\/p>\n<p>&nbsp;<\/p>\n<p>Auringonsuojalasin selektiivipinnoite tekee ikkunasta tavallista ikkunaa energiatehokkaamman, jolloin huonel\u00e4mp\u00f6tila pysyy tasaisena ymp\u00e4ri vuoden.<\/p>\n\t<\/div>\n\n<\/div><\/div>\n\n\n\n<div class=\"wp-block-custom-custom-column custom-column\"><div class=\"inner-wrap\">\n<div id=\"image-block_7e3f47cde43de9d4e946177aeeaee7dc\" class=\"image-block\">\n\t\t\t\t<div class=\"image-container\" style=\"width: px; height: \n\t\tauto;\">\n\t\t\t<img decoding=\"async\" src=\"https:\/\/www.skaala.com\/wp-content\/uploads\/2024\/10\/Skaala-Tuusula-referenssit-2024-09-HR-04-1-scaled.jpg\" alt=\"Uudet ikkunat paransivat \u00e4\u00e4nieristyst\u00e4, kuva sis\u00e4puolelta\">\n\t\t<\/div>\n\t \n\n\t<\/div>\n\n\n\n\n<div id=\"text-block-block_05fe0a38db487a2b63706297dd94b666\" class=\"text-block\">\n\t\t\t<p><strong>Ota huomioon<\/strong><\/p>\n<p>Valitse auringonsuojalasi v\u00e4hint\u00e4\u00e4n suuriin etel\u00e4npuoleisiin ikkunoihin.<\/p>\n<p>&nbsp;<\/p>\n<p>Esimerkiksi sohvat ja muut kankaiset kalusteet voivat k\u00e4rsi\u00e4 suorasta auringonvalosta, varsinkin kuumimpina kuukausina. Aurinkosuojalasi v\u00e4hent\u00e4\u00e4 UV-s\u00e4teilyn l\u00e4p\u00e4isy\u00e4 ja hidastaa materiaalien kulumista. Valoa tarvitsevat kasvit puolestaan nauttivat saadessaan valoa etel\u00e4\u00e4n aukeavasta ikkunasta.<\/p>\n<p>&nbsp;<\/p>\n<p><strong>Lue lis\u00e4\u00e4:<\/strong> <a href=\"https:\/\/www.skaala.com\/fi\/auringonsuojalasi\/\">Auringonsuojalasi suojaa kotiasi helteelt\u00e4<\/a><\/p>\n\t<\/div>\n\n<\/div><\/div>\n<\/div><\/div>\n<\/div><\/div>\n\n\n\n<div class=\"wp-block-custom-content-area custom-wrapper alignleft has-light-blue-background-color\"><div class=\"outer-wrap\">\t\n\t<div id=\"heading-block-block_2c0c6bd104908ac6a79f7d0911fd889c\" class=\"heading-block\">\n\t\t<h2 ><span>Ikkunat l\u00e4nteen<\/span><\/h2>\t<\/div>\n\n\n\n<div class=\"wp-block-custom-inner-columns has-two-columns custom-columns\"><div class=\"outer-wrap\">\n<div class=\"wp-block-custom-custom-column custom-column\"><div class=\"inner-wrap\">\n<div id=\"text-block-block_5dc097c045c9f870153b0bf96528601a\" class=\"text-block\">\n\t\t\t<p>L\u00e4nteen avautuvat ikkunat saavat valoa iltap\u00e4iv\u00e4st\u00e4 iltaan.<\/p>\n<p>&nbsp;<\/p>\n<p>L\u00e4nsi-ikkunoiden l\u00e4mp\u00f6kuorma kasaantuu iltaan, kun rakennus on jo l\u00e4mmennyt p\u00e4iv\u00e4n aikana. Kes\u00e4helteill\u00e4 l\u00e4nnen puoleiset huoneet voivat olla kodin kuumimpia ja ylikuumeneminen voi jatkua pitk\u00e4lle iltaan asti. Talvella t\u00e4m\u00e4 voi kuitenkin olla my\u00f6nteinen puoli l\u00e4nnen puoleisissa ikkunoissa.<\/p>\n<p>&nbsp;<\/p>\n<p><strong>Sopii hyvin<\/strong><\/p>\n<p>Olohuone ja terassi ovat luontevia tiloja l\u00e4nnen puoleisille ikkunoille. My\u00f6s saunan l\u00f6ylyhuone tai vilvoittelutila l\u00e4nteen on erinomainen valinta. Talvella l\u00e4nsi-ikkunoiden iltap\u00e4iv\u00e4aurinko voi olla miellytt\u00e4v\u00e4 lis\u00e4 kodin l\u00e4mp\u00f6\u00f6n.<\/p>\n<p>&nbsp;<\/p>\n<p><strong>Ota huomioon<\/strong><\/p>\n<p>Harkitse auringonsuojalasia my\u00f6s l\u00e4nteen avautuviin ikkunoihin, sill\u00e4 iltap\u00e4iv\u00e4n l\u00e4mp\u00f6kuorma voi l\u00e4mmitt\u00e4\u00e4 sis\u00e4tiloja merkitt\u00e4v\u00e4sti. Suurissa lasipinnoissa kannattaa tutustua my\u00f6s karkaistuun turvalasiin, joka kest\u00e4\u00e4 l\u00e4mp\u00f6tilavaihteluita.<\/p>\n\t<\/div>\n\n<\/div><\/div>\n\n\n\n<div class=\"wp-block-custom-custom-column custom-column\"><div class=\"inner-wrap\">\n<div id=\"image-block_5921d61774bd311f05f781e90a85d9e6\" class=\"image-block\">\n\t\t\t\t<div class=\"image-container\" style=\"width: px; height: \n\t\tauto;\">\n\t\t\t<img decoding=\"async\" src=\"https:\/\/www.skaala.com\/wp-content\/uploads\/2025\/11\/Kiinteat-isot-Aava-ikkunat.jpg\" alt=\"Eri kokoiset ja mittaiset ikkunat sopivat eri huoneisiin\">\n\t\t<\/div>\n\t \n\n\t<\/div>\n\n\n\n\n<a href=\"https:\/\/www.skaala.com\/fi\/turvalasi-on-tavallista-kestavampi\/\" \nid=\"button-block-block_f1dd7ffd58e74c57049b3fc48bc4f903\" \nclass=\"button-block button\"\ntarget=\"\"\n>Lue lis\u00e4\u00e4 ikkunoiden turvalasista<\/a>\n\n<\/div><\/div>\n<\/div><\/div>\n<\/div><\/div>\n\n\n\n<div class=\"wp-block-custom-content-area custom-wrapper alignleft has-light-blue-background-color\"><div class=\"outer-wrap\">\t\n\t<div id=\"heading-block-block_365fb8905dcea02ca26d021cf96cb92b\" class=\"heading-block\">\n\t\t<h2 ><span>Kaihtimet antavat n\u00e4k\u00f6suojaa ja himment\u00e4v\u00e4t sis\u00e4tiloja<\/span><\/h2>\t<\/div>\n\n\n\n<div class=\"wp-block-custom-inner-columns has-two-columns custom-columns\"><div class=\"outer-wrap\">\n<div class=\"wp-block-custom-custom-column custom-column\"><div class=\"inner-wrap\">\n<div id=\"text-block-block_c23f2dbe813580682559511589bd83ef\" class=\"text-block\">\n\t\t\t<p><strong>Vekkikaihtimet<\/strong> lis\u00e4\u00e4v\u00e4t asumismukavuutta pit\u00e4m\u00e4ll\u00e4 huolen sopivasta sis\u00e4l\u00e4mp\u00f6tilasta, ehk\u00e4isem\u00e4ll\u00e4 auringon h\u00e4ik\u00e4isy\u00e4 sek\u00e4 antamalla n\u00e4k\u00f6suojaa sis\u00e4tiloihin. Vekkikaihtimet sopivat omakotitaloihin, m\u00f6kille sek\u00e4 taloyhti\u00f6ihin, ja ne ovat saatavilla ikkunoiden lis\u00e4ksi parveke- ja lasiliukuoviin.<\/p>\n<p>&nbsp;<\/p>\n<p>Voit valita my\u00f6s <strong>s\u00e4lekaihtimet<\/strong> kahdesta eri vaihtoehdosta: asennettuna ikkunapuitteiden v\u00e4liin tai pinta-asennuksena. Skaalan Arvo- ja Aava-ikkunoihin on saatavilla my\u00f6s aurinkoenergialla toimivat automaattiset Sani-s\u00e4lekaihtimet. Huomaamattomassa ja turvallisessa Sani-s\u00e4lekaihtimessa ei ole lainkaan ulkopuolisia mekanismeja, ja se toimii automaattisesti auringon mukaan. Ohjaaminen tapahtuu kaukos\u00e4\u00e4timell\u00e4.<\/p>\n\t<\/div>\n\n<\/div><\/div>\n\n\n\n<div class=\"wp-block-custom-custom-column custom-column\"><div class=\"inner-wrap\">\n<div id=\"image-block_9a58152ff9e99f100a6d3cbcbc54e865\" class=\"image-block\">\n\t\t\t\t<div class=\"image-container\" style=\"width: px; height: \n\t\tauto;\">\n\t\t\t<img decoding=\"async\" src=\"https:\/\/www.skaala.com\/wp-content\/uploads\/2023\/09\/salekaihtimetautowwwautoauto1-scaled.jpg\" alt=\"S\u00e4lekaihtimet\">\n\t\t<\/div>\n\t \n\n\t<\/div>\n\n<\/div><\/div>\n<\/div><\/div>\n\n\n\n<a href=\"https:\/\/www.skaala.com\/fi\/ikkunat\/lisavarusteet\/\" \nid=\"button-block-block_8803c9820c39a276cb9d8e75c300da22\" \nclass=\"button-block button\"\ntarget=\"\"\n>Ikkunoiden lis\u00e4varusteet<\/a>\n\n<\/div><\/div>\n\n\n\n<div class=\"wp-block-custom-content-area custom-wrapper alignleft has-light-blue-background-color\"><div class=\"outer-wrap\">\t\n\t<div id=\"heading-block-block_af3bf5dce3851a02a47673f2d7586a2a\" class=\"heading-block\">\n\t\t<h2 ><span>Energiatehokkuus ja ilmansuunnat<\/span><\/h2>\t<\/div>\n\n\n\n<div class=\"wp-block-custom-inner-columns has-two-columns custom-columns\"><div class=\"outer-wrap\">\n<div class=\"wp-block-custom-custom-column custom-column\"><div class=\"inner-wrap\">\n<div id=\"text-block-block_f2c1c8ed3ec9b2e7aaaa29b9ae8cc6eb\" class=\"text-block\">\n\t\t\t<p>Ikkunoiden energiatehokkuuteen vaikuttavat kaksi keskeist\u00e4 arvoa, jotka on hyv\u00e4 tuntea uusia ikkunoita valittaessa:<\/p>\n<ul>\n<li><strong>U-arvo <\/strong>kertoo, kuinka hyvin ikkuna erist\u00e4\u00e4 l\u00e4mp\u00f6\u00e4. Mit\u00e4 pienempi U-arvo, sit\u00e4 v\u00e4hemm\u00e4n l\u00e4mp\u00f6\u00e4 karkaa ulos.<\/li>\n<li><strong>G-arvo <\/strong>kertoo, kuinka suuri osa auringon l\u00e4mp\u00f6energiasta p\u00e4\u00e4see lasin l\u00e4pi sis\u00e4\u00e4n.<\/li>\n<\/ul>\n<p>&nbsp;<\/p>\n<p>Ilmansuunta m\u00e4\u00e4ritt\u00e4\u00e4, kumpaan arvoon kannattaa kiinnitt\u00e4\u00e4 erityist\u00e4 huomiota. Etel\u00e4ss\u00e4 ja l\u00e4nness\u00e4 g-arvo korostuu, sill\u00e4 matala g-arvo v\u00e4hent\u00e4\u00e4 sis\u00e4tilojen kuumenemista kes\u00e4ll\u00e4. Pohjoisessa U-arvo on ratkaiseva, koska pohjoisen puoleiset ikkunat eiv\u00e4t saa suoraa auringon l\u00e4mp\u00f6\u00e4.<\/p>\n<p>&nbsp;<\/p>\n<p>Skaalan nelilasiset ikkunat yhdist\u00e4v\u00e4t matalan U-arvon ja tehokkaan auringonsuojan. Esimerkiksi <a href=\"https:\/\/www.skaala.com\/fi\/arvo-ikkuna-on-tyylikas-ja-energiatehokas\/\">Arvo+-ikkunan<\/a> alhainen U-arvo (0,57) on markkinoiden huippuluokkaa ja pit\u00e4\u00e4 kylm\u00e4n loitolla talvisin. Matala G-arvo (29-23) puolestaan v\u00e4hent\u00e4\u00e4 viilennystarvetta vuoden kuumimpina kuukausina.<\/p>\n\t<\/div>\n\n<\/div><\/div>\n\n\n\n<div class=\"wp-block-custom-custom-column custom-column\"><div class=\"inner-wrap\">\n<div id=\"image-block_f9cb9b8e79f3b9830007212e83dd1ce4\" class=\"image-block\">\n\t\t\t\t<div class=\"image-container\" style=\"width: px; height: \n\t\tauto;\">\n\t\t\t<img decoding=\"async\" src=\"https:\/\/www.skaala.com\/wp-content\/uploads\/2024\/10\/Arvoikkuna-auki.jpg\" alt=\"\">\n\t\t<\/div>\n\t \n\n\t<\/div>\n\n\n\n\n<div id=\"text-block-block_a0adf78746d26c1f3e4e134187ae9374\" class=\"text-block\">\n\t\t\t<p><a href=\"https:\/\/www.skaala.com\/fi\/arvo-ikkuna-on-tyylikas-ja-energiatehokas\/\">Lue lis\u00e4\u00e4 energiatehokkaista ikkunoista<\/a> ja <a href=\"https:\/\/www.skaala.com\/fi\/energiansaastolaskuri-energiatehokkuus\/\">laske, kuinka paljon voit s\u00e4\u00e4st\u00e4\u00e4 energiankulutuksessa<\/a>.<\/p>\n\t<\/div>\n\n<\/div><\/div>\n<\/div><\/div>\n<\/div><\/div>\n\n\n\n<div class=\"wp-block-custom-content-area custom-wrapper alignleft has-light-blue-background-color\"><div class=\"outer-wrap\">\t\n\t<div id=\"heading-block-block_f49de1a26ad28d03233ef8427dc56c31\" class=\"heading-block\">\n\t\t<h2 ><span>Mitk\u00e4 ikkunat eri ilmansuuntiin?<\/span><\/h2>\t<\/div>\n\n\n\n<div id=\"text-block-block_c7971445eb4448668408ab991ad57fe3\" class=\"text-block\">\n\t\t\t<ul>\n<li><strong>Etel\u00e4: <\/strong>Valitse auringonsuojalasit talon etel\u00e4npuoleisiin ikkunoihin, sill\u00e4 ne altistuvat eniten auringon paahteelle. Sopivia ikkunoiden lis\u00e4varusteita etel\u00e4n puolella ovat s\u00e4le- ja vekkikaihtimet. Sopivia huoneita: olohuone, ruokatila.<\/li>\n<li><strong>Pohjoinen: <\/strong>Pohjoisen puoleisiin ikkunoihin ei tule suoraa paistetta. Valitse ikkunat, joissa on mahdollisimman pieni U-arvo. Esimerkiksi nelilasinen ikkuna on energiatehokas ja auttaa pit\u00e4m\u00e4\u00e4n huonel\u00e4mp\u00f6tilan miellytt\u00e4v\u00e4n\u00e4. Sopivia huoneita: makuuhuone, ty\u00f6huone, eteinen.<\/li>\n<li><strong>L\u00e4nsi: <\/strong>Harkitse auringonsuojalasia my\u00f6s l\u00e4nteen aukeaviin ikkunoihin. L\u00e4nnest\u00e4 paistava ilta-aurinko voi l\u00e4mmitt\u00e4\u00e4 huonetta, jolloin l\u00e4mp\u00f6 kasaantuu iltaan. Sopivia huoneita: olohuone, sauna, terassi.<\/li>\n<li><strong>It\u00e4: <\/strong>Id\u00e4n puolella voi riitt\u00e4\u00e4 kolmilasinen ikkuna, kunhan varmistat, ett\u00e4 isoissa ikkunoissa on auringonsuoja. Aamuaurinko paistaa id\u00e4st\u00e4, joten hanki tarvittaessa kaihtimet tai pimennysverhot, jos id\u00e4n puoleiset ikkunat p\u00e4\u00e4st\u00e4v\u00e4t valoa makuuhuoneeseen. Sopivia huoneita: keitti\u00f6, makuuhuone.<\/li>\n<\/ul>\n\t<\/div>\n\n<\/div><\/div>\n\n\n\n<div class=\"wp-block-custom-content-area custom-wrapper alignleft has-light-blue-background-color\"><div class=\"outer-wrap\">\t\n\t<div id=\"heading-block-block_7ab3cbc97ced02e5675cb2419046c62e\" class=\"heading-block\">\n\t\t<h2 ><span>Tarvitsetko apua ikkunoiden valinnassa?<\/span><\/h2>\t<\/div>\n\n\n\n<div id=\"text-block-block_899cc66a50cda6b4d0050bffb3f100cb\" class=\"text-block\">\n\t\t\t<p>Jokainen koti on erilainen. Ilmansuuntien lis\u00e4ksi ikkunavalintaan vaikuttavat tontin maastonmuodot, naapurirakennukset, puusto, ymp\u00e4rist\u00f6n melu sek\u00e4 rakennuksen ulkon\u00e4k\u00f6 sis\u00e4- ja ulkopuolella. Skaalan asiantuntijat auttavat sinua valitsemaan juuri oikeat ikkunat jokaiseen ilmansuuntaan.<\/p>\n\t<\/div>\n\n\n\n\n<div id=\"text-block-block_1e1e131d0b7f0b110e2d062ad385c28f\" class=\"text-block\">\n\t\t\t<p style=\"text-align: center;\"><iframe style=\"border: none;\" src=\"https:\/\/bot.leadoo.com\/bot\/visual.html?code=c9de9a12\" width=\"100%\" height=\"500px\"><\/iframe><\/p>\n\t<\/div>\n\n<\/div><\/div>\n","protected":false},"excerpt":{"rendered":"","protected":false},"author":5,"featured_media":27882,"parent":135,"menu_order":0,"comment_status":"closed","ping_status":"closed","template":"","meta":{"_acf_changed":false,"inline_featured_image":false,"footnotes":""},"class_list":["post-28201","page","type-page","status-publish","has-post-thumbnail","hentry"],"acf":[],"_links":{"self":[{"href":"https:\/\/www.skaala.com\/fi\/wp-json\/wp\/v2\/pages\/28201","targetHints":{"allow":["GET"]}}],"collection":[{"href":"https:\/\/www.skaala.com\/fi\/wp-json\/wp\/v2\/pages"}],"about":[{"href":"https:\/\/www.skaala.com\/fi\/wp-json\/wp\/v2\/types\/page"}],"author":[{"embeddable":true,"href":"https:\/\/www.skaala.com\/fi\/wp-json\/wp\/v2\/users\/5"}],"replies":[{"embeddable":true,"href":"https:\/\/www.skaala.com\/fi\/wp-json\/wp\/v2\/comments?post=28201"}],"version-history":[{"count":20,"href":"https:\/\/www.skaala.com\/fi\/wp-json\/wp\/v2\/pages\/28201\/revisions"}],"predecessor-version":[{"id":28267,"href":"https:\/\/www.skaala.com\/fi\/wp-json\/wp\/v2\/pages\/28201\/revisions\/28267"}],"up":[{"embeddable":true,"href":"https:\/\/www.skaala.com\/fi\/wp-json\/wp\/v2\/pages\/135"}],"wp:featuredmedia":[{"embeddable":true,"href":"https:\/\/www.skaala.com\/fi\/wp-json\/wp\/v2\/media\/27882"}],"wp:attachment":[{"href":"https:\/\/www.skaala.com\/fi\/wp-json\/wp\/v2\/media?parent=28201"}],"curies":[{"name":"wp","href":"https:\/\/api.w.org\/{rel}","templated":true}]}}