{"id":515,"date":"2020-04-22T15:05:02","date_gmt":"2020-04-22T12:05:02","guid":{"rendered":"https:\/\/www.skaala.com\/?page_id=515"},"modified":"2026-03-31T10:34:33","modified_gmt":"2026-03-31T07:34:33","slug":"skaalan-tarina","status":"publish","type":"page","link":"https:\/\/www.skaala.com\/fi\/tietoa-skaalasta\/skaalan-tarina\/","title":{"rendered":"Skaalan tarina"},"content":{"rendered":"\n<div class=\"wp-block-custom-content-area custom-wrapper alignleft has-light-blue-background-color\"><div class=\"outer-wrap\">\t\n\t<div id=\"heading-block-block_91b7e32d0c07656411575bfe1217a831\" class=\"heading-block\">\n\t\t<h1 ><span>Skaalan tarina \u2013 70 vuoden kokemus ikkunoista ja ovista<\/span><\/h1>\t<\/div>\n\n\n\n<div id=\"text-block-block_3b0c3ef0a3f3f2ad8f707848f9b9b7ee\" class=\"text-block\">\n\t\t\t<p>Ikkunoita ja ovia valmistava Skaala aloitti toimintansa Etel\u00e4-Pohjanmaalla vuonna 1956 ja on sittemmin kasvanut yhdeksi Suomen tunnetuimmista ikkuna- ja ovibr\u00e4ndeist\u00e4. Kotimainen tuotanto, laadukkaat materiaalit ja kotimainen ty\u00f6 ovat edelleen Skaalan toiminnan ytimess\u00e4.<\/p>\n\t<\/div>\n\n\n\n\n<div id=\"image-block_623010bd5ab482709ec8aa1b09281e73\" class=\"image-block\">\n\t\t\t\t<div class=\"image-container\" style=\"width: px; height: \n\t\tauto;\">\n\t\t\t<img decoding=\"async\" src=\"https:\/\/www.skaala.com\/wp-content\/uploads\/2025\/04\/Skaala-Yliharma-4-2.jpg\" alt=\"\">\n\t\t<\/div>\n\t \n\n\t<\/div>\n\n\n\n\t\n\t<div id=\"heading-block-block_529497ae6280a895b9d2a20d757cba09\" class=\"heading-block\">\n\t\t<h2 ><span>Skaalan varhaiset vuodet \u2013 valikoimassa silityslautoja ja puutarhakalusteita<\/span><\/h2>\t<\/div>\n\n\n\n<div id=\"text-block-block_a7d36bed5a3ebdee3510e400a01d2fb0\" class=\"text-block\">\n\t\t\t<p>Skaalan tarina alkoi vuonna 1956, kun ylih\u00e4rm\u00e4l\u00e4inen <strong>Otto Hautanen<\/strong> perusti paikallisen, puusep\u00e4ntuotteita valmistavan yrityksen. Tuotevalikoimaan kuului aluksi muun muassa puutarhakalusteita ja silityslautoja. Ikkunat ja ovet otettiin mukaan tuotevalikoimaan 1960-luvun alussa. T\u00e4ss\u00e4 vaiheessa puutarhakalusteiden ja silityslautojen myynti oli valtakunnallista, ja ikkunoita ja ovia toimitettiin vain paikallisille asiakkaille.<\/p>\n<p>1970-luvulla ikkunoiden ja ovien merkitys yrityksen liiketoiminnassa kasvoi, ja v\u00e4hitellen muut puusep\u00e4ntuotteet j\u00e4iv\u00e4t pois tuotannosta. Vuonna 1977 Oton vanhimmat pojat, <strong>Jarmo<\/strong> <strong>Hautanen<\/strong> ja <strong>Hannu Hautanen<\/strong>, tulivat mukaan yrityksen toimintaan.<\/p>\n\t<\/div>\n\n\n\n\t\n\t<div id=\"heading-block-block_7f6e421cf83e7945a60c2ab2b5f1cc13\" class=\"heading-block\">\n\t\t<h2 ><span>Skaala 1980-luvulla \u2013 Suomen ensimm\u00e4inen mittatilausikkunoiden valmistaja<\/span><\/h2>\t<\/div>\n\n\n\n<div id=\"text-block-block_f8cfa9e321e4cf595619fa5b9de57240\" class=\"text-block\">\n\t\t\t<p>1980-luvulla yrityksen toiminta laajeni valtakunnalliseksi ja yritys nousi keskisuurten ikkunavalmistajien joukkoon. Se otti suuria harppauksia muun muassa tuotannon automatisoinnin, myynnin ja tuotemallistojen kehitt\u00e4misess\u00e4. Ylih\u00e4rm\u00e4n teollisuusalueella sijaitsevaa tehdasta laajennettiin useasti. Siell\u00e4 otettiin k\u00e4ytt\u00f6\u00f6n integroitu mittatilausikkunoiden valmistuslinja ensimm\u00e4isen\u00e4 Suomessa. Vuosikymmenen lopussa aloitettiin lasink\u00e4sittely ja eristyslasien valmistus. Tuotannonohjausta hoidettiin tietoj\u00e4rjestelm\u00e4ll\u00e4.<\/p>\n\t<\/div>\n\n\n\n\t\n\t<div id=\"heading-block-block_2afc2c6f4f29d0152e00c3c5525267ef\" class=\"heading-block\">\n\t\t<h2 ><span>Skaala 1990-luvulla \u2013 Skaala-tuotemerkki otetaan k\u00e4ytt\u00f6\u00f6n <\/span><\/h2>\t<\/div>\n\n\n\n<div id=\"text-block-block_8a646c7f72a88cda2915465fe078ecbb\" class=\"text-block\">\n\t\t\t<p>1990-luvun alun talouslama ravisteli ikkuna- ja ovialaa voimakkaasti. Haasteellisten aikojen j\u00e4lkeen yrityksen tuotannon kasvu jatkui, ja 1990-luvun aikana se vahvisti asemaansa alan suurimpien keskikokoisten valmistajien joukossa. Edellisell\u00e4 vuosikymmenell\u00e4 alkanut tuotannon ja tuotannonohjauksen modernisointi jatkui, kun k\u00e4ytt\u00f6\u00f6n vihittiin muun muassa tehtaan laajennusosa ja sen my\u00f6t\u00e4 uusi konen\u00e4k\u00f6ohjattu pintak\u00e4sittelylinja.<\/p>\n<p>Yrityksess\u00e4 kehitettiin ikkunoiden teollista mittatilauskonseptia, otettiin k\u00e4ytt\u00f6\u00f6n uudet koneistuslinjat ja aloitettiin erityislasitehtaan kehityshanke. Valmistusprosessia tehostettiin ottamalla k\u00e4ytt\u00f6\u00f6n lean-johtamismenetelm\u00e4. Myynnin j\u00e4rjestelm\u00e4t siirrettiin tietokonepohjaisiksi. Tuotelaatuun panostettiin ottamalla ensimm\u00e4isen\u00e4 Suomessa k\u00e4ytt\u00f6\u00f6n uusi materiaalikonsepti, niin kutsuttu laatupuu.<\/p>\n<p>Skaala-tuotemerkki lanseerattiin 1990-luvulla. Skaala aloitti vientitoiminnan, ja sen asiakkaita olivat suomalaiset hirsitalotehtaat. Hautasten veljeksist\u00e4 kolmas, <strong>Markku Hautanen<\/strong>, aloitti yrityksen toimitusjohtajana vuosikymmenen puoliv\u00e4liss\u00e4.<\/p>\n\t<\/div>\n\n\n\n\t\n\t<div id=\"heading-block-block_7e5f124a9c1f26b7477a35c079607dd8\" class=\"heading-block\">\n\t\t<h2 ><span>Skaala 2000-luvulla \u2013 palkintoja ja 50-vuotisjuhlat<\/span><\/h2>\t<\/div>\n\n\n\n<div id=\"text-block-block_9a2b2ee4ee3b801ae377c1bbef10fdbb\" class=\"text-block\">\n\t\t\t<p>Skaalan kasvu jatkui 2000-luvulla ja se nousi alan suurimpien valmistajien joukkoon Pohjoismaissa. Kasvua tapahtui sek\u00e4 orgaanisesti ett\u00e4 yritysostojen my\u00f6t\u00e4. Myyntikonttorit Isossa-Britanniassa ja Ruotsissa avattiin. Skaala palkittiin useilla kasvuun ja ty\u00f6llist\u00e4miseen liittyvill\u00e4 palkinnoilla. Valtakunnallinen RIL-palkinto matalaenergiaikkunan kehitysty\u00f6st\u00e4 luovutettiin Skaalalle vuonna 2007. Lis\u00e4ksi Skaala nelilasinen Alfa -ikkuna palkittiin TM Rakennusmaailman Testivoittajana \u2013 Skaala Alfa sai ainoana ikkunana t\u00e4ydet viisi t\u00e4hte\u00e4 vuonna 2009.<\/p>\n<p>Yritys kasvatti toimintaansa sis\u00e4ovilla ja asennuspalveluilla. Se my\u00f6s toteutti useita tehdaslaajennuksia, kuten ovitehtaan ja logistiikkatehtaan laajennukset p\u00e4\u00e4tehdasalueella Ylih\u00e4rm\u00e4ss\u00e4. Skaalan 50-vuotisjuhlien p\u00e4\u00e4vieraana ja juhlapuhujana vuonna 2006 oli <strong>Sauli Niinist\u00f6<\/strong>.<\/p>\n\t<\/div>\n\n\n\n\t\n\t<div id=\"heading-block-block_8d98d53bb37bfd4c90bd02c55971f7d0\" class=\"heading-block\">\n\t\t<h2 ><span>Skaala 2010-luvulla: Skaala saa ulkomaisen omistajan<\/span><\/h2>\t<\/div>\n\n\n\n<div id=\"text-block-block_df1b802048d68d1206f91a6da9675e7a\" class=\"text-block\">\n\t\t\t<p class=\"Leipis\">Panostaminen tuotekehitykseen jatkui ja toi Skaalalle useita tunnustuksia. <span style=\"color: #00b0f0;\">Skaala Frostfree \u2013 huurtumaton energiaikkuna <\/span>lanseerattiin vuosikymmenen alussa ja tuote palkittiin Innosuomi-palkinnolla. Lis\u00e4ksi eristyslasivalmistuksessa siirryttiin Superspacer-teknologiaan <span style=\"color: #00b0f0;\">Alfa- ja Beeta -tuotteissa<\/span>. Skaala Alfa cLean -ilmanvaihtoikkuna palkittiin Asuntomarkkinoiden innovaatiopalkinnolla. Skaala-ikkunat palkittiin my\u00f6s Rakennusinsin\u00f6\u00f6rien Liiton toimesta, kun Espooseen valmistunut MERA-matalaenergiakerrostalokonsepti palkittiin vuoden hankkeena.<\/p>\n<p class=\"Leipis\">Skaala investoi jatkuvasti tehdasalueen kehitt\u00e4miseen sek\u00e4 kehitti ymp\u00e4rist\u00f6arvoja painottavan Green Field &amp; Factory -j\u00e4rjestelm\u00e4n. Ylih\u00e4rm\u00e4n tehdasalueen laajennus ja huippumoderni lasinjalostuslinjasto vihittiin k\u00e4ytt\u00f6\u00f6n Skaalan 60-vuotisjuhlissa vuonna 2016. Organisaation toiminnan kasvua tuettiin muun muassa perustamalla tyt\u00e4ryhti\u00f6t Ven\u00e4j\u00e4lle, Ruotsiin ja Isoon-Britanniaan.<\/p>\n<p class=\"Leipis\">Vuonna 2017 enemmist\u00f6osuus Skaalasta myytiin it\u00e4valtalaiselle IFN Holding Ag:lle (Internationales Fenster Netzwerk), joka on johtava eurooppalainen yritysryhm\u00e4 ikkuna-alalla. Kuten Skaala, my\u00f6s IFN on perheyritys, johon kuuluvat esimerkiksi Euroopan johtava ikkunabr\u00e4ndi Internorm, kansainv\u00e4lisesti toimiva julkisivurakentaja GIG,\u00a0 norjalainen verkkokauppatoimija Skanva sek\u00e4 Schlotterer, joka on It\u00e4vallan markkinajohtaja aurinkosuojissa.<\/p>\n<p class=\"Leipis\">Alan huippuammattilaisista koostuvaan yritysryhm\u00e4\u00e4n kuuluminen on auttanut Skaalaa hiomaan toimintaprosessit huippuunsa. Esimerkiksi Skaalan toimitusvarmuus on parantunut omistajanvaihdoksen my\u00f6t\u00e4.<\/p>\n\t<\/div>\n\n\n\n\t\n\t<div id=\"heading-block-block_047e960678372907f0d47efcc3c624aa\" class=\"heading-block\">\n\t\t<h2 ><span>Skaala 2020-luvulla \u2013 katseet vihre\u00e4mm\u00e4ss\u00e4 tulevaisuudessa<\/span><\/h2>\t<\/div>\n\n\n\n<div id=\"text-block-block_c5536bb2a5c9decb6b09164d4c79794e\" class=\"text-block\">\n\t\t\t<p>Skaalassa ajatellaan, ett\u00e4 yksi yritysten t\u00e4rkeimmist\u00e4 teht\u00e4vist\u00e4 ja vastuista 2020-luvulla on pyrki\u00e4 pienent\u00e4m\u00e4\u00e4n ymp\u00e4rist\u00f6n kuormitusta, jotta ilmaston l\u00e4mpenemist\u00e4 onnistutaan hillitsem\u00e4\u00e4n ajoissa. Skaala haluaa olla mukana pienent\u00e4m\u00e4ss\u00e4 energian kokonaiskulutusta ja hillitsem\u00e4ss\u00e4 ilmastonmuutosta tarjoamalla moderneja ja energiatehokkaita ikkuna- ja oviratkaisuja yh\u00e4 laajemmalle asiakaskunnalle Suomessa ja ulkomailla.<\/p>\n<p>Skaala pyrkii edist\u00e4m\u00e4\u00e4n kest\u00e4v\u00e4\u00e4 kehityst\u00e4 kaikessa toiminnassaan, jota vied\u00e4\u00e4n eteenp\u00e4in Green Field &amp; Factory -ohjelmalla. Ohjelman konkreettiset p\u00e4\u00e4kohdat ovat seuraavat:<\/p>\n<p><strong>Skaalan myynti- ja kentt\u00e4toiminnot<\/strong><\/p>\n<ul>\n<li>Saneerauksessa vaihdettavat tuotteet kierr\u00e4tet\u00e4\u00e4n uusiok\u00e4ytt\u00f6\u00f6n ja l\u00e4mp\u00f6energiaksi<\/li>\n<li>Ei kaatopaikkakuormitusta<\/li>\n<li>Kokonaislogistiikka<\/li>\n<li>Yhteisl\u00e4hetysten hy\u00f6dynt\u00e4minen kuljetuksissa<\/li>\n<\/ul>\n<p><strong>Skaalan tuotteet ja tuotanto<\/strong><\/p>\n<ul>\n<li>Tuotteiden suunnittelussa ja valmistuksessa materiaalin optimaalinen hy\u00f6dynt\u00e4minen on ensisijaista<\/li>\n<li>Valmistuksessa syntyv\u00e4n hukan tarkka lajittelu\n<ul>\n<li>materiaalihukka eli puu, alumiini ja lasi k\u00e4ytet\u00e4\u00e4n uudelleen tai kierr\u00e4tet\u00e4\u00e4n uusiok\u00e4ytt\u00f6\u00f6n<\/li>\n<li>Nolla kaatopaikkakuormitus tavoitteena<\/li>\n<\/ul>\n<\/li>\n<li>Skaalan omien komponenttitehtaiden sek\u00e4 ikkuna- ja ovitehtaiden sijainnit v\u00e4hent\u00e4v\u00e4t kuljetusten tarvetta<\/li>\n<\/ul>\n<p><strong>Skaala k\u00e4ytt\u00e4\u00e4 uusiutuvaa energiaa<\/strong><\/p>\n<ul>\n<li>Skaalan omat toimitilat l\u00e4mmitet\u00e4\u00e4n tuotannosta syntyv\u00e4ll\u00e4 bioenergialla<\/li>\n<li>Skaalan tehtailla k\u00e4ytett\u00e4v\u00e4 s\u00e4hk\u00f6energia on 100% on uusiutuvista energial\u00e4hteist\u00e4.<\/li>\n<\/ul>\n\t<\/div>\n\n\n\n\n<a href=\"https:\/\/www.skaala.com\/ikkunat\/\" \nid=\"button-block-block_936f2dc7a2202dc5373c236c91e62b77\" \nclass=\"button-block button\"\ntarget=\"\"\n>tutustu Skaalan energiatehokkaisiin ikkunoihin t\u00e4st\u00e4<\/a>\n\n\n\n\n<a href=\"https:\/\/www.skaala.com\/omakotitalot-ja-mokit\/talvikampanja2021\/\" \nid=\"button-block-block_d269fc4062b67814842db233e6005e2e\" \nclass=\"button-block button\"\ntarget=\"\"\n>tutustu Skaalan energiatehokkaisiin oviin t\u00e4st\u00e4<\/a>\n\n\n\n\n<div id=\"image-block_c8a335a0f6168d9341ed75b0ea18061c\" class=\"image-block\">\n\t\t\t\t<div class=\"image-container\" style=\"width: px; height: \n\t\tauto;\">\n\t\t\t<img decoding=\"async\" src=\"https:\/\/www.skaala.com\/wp-content\/uploads\/2025\/04\/Yliharman-tehdas.jpg\" alt=\"\">\n\t\t<\/div>\n\t \n\n\t<\/div>\n\n<\/div><\/div>\n","protected":false},"excerpt":{"rendered":"","protected":false},"author":5,"featured_media":5038,"parent":148,"menu_order":0,"comment_status":"closed","ping_status":"closed","template":"","meta":{"_acf_changed":false,"inline_featured_image":false,"footnotes":""},"class_list":["post-515","page","type-page","status-publish","has-post-thumbnail","hentry"],"acf":[],"_links":{"self":[{"href":"https:\/\/www.skaala.com\/fi\/wp-json\/wp\/v2\/pages\/515","targetHints":{"allow":["GET"]}}],"collection":[{"href":"https:\/\/www.skaala.com\/fi\/wp-json\/wp\/v2\/pages"}],"about":[{"href":"https:\/\/www.skaala.com\/fi\/wp-json\/wp\/v2\/types\/page"}],"author":[{"embeddable":true,"href":"https:\/\/www.skaala.com\/fi\/wp-json\/wp\/v2\/users\/5"}],"replies":[{"embeddable":true,"href":"https:\/\/www.skaala.com\/fi\/wp-json\/wp\/v2\/comments?post=515"}],"version-history":[{"count":28,"href":"https:\/\/www.skaala.com\/fi\/wp-json\/wp\/v2\/pages\/515\/revisions"}],"predecessor-version":[{"id":28193,"href":"https:\/\/www.skaala.com\/fi\/wp-json\/wp\/v2\/pages\/515\/revisions\/28193"}],"up":[{"embeddable":true,"href":"https:\/\/www.skaala.com\/fi\/wp-json\/wp\/v2\/pages\/148"}],"wp:featuredmedia":[{"embeddable":true,"href":"https:\/\/www.skaala.com\/fi\/wp-json\/wp\/v2\/media\/5038"}],"wp:attachment":[{"href":"https:\/\/www.skaala.com\/fi\/wp-json\/wp\/v2\/media?parent=515"}],"curies":[{"name":"wp","href":"https:\/\/api.w.org\/{rel}","templated":true}]}}