{"id":6209,"date":"2020-05-27T09:59:06","date_gmt":"2020-05-27T06:59:06","guid":{"rendered":"https:\/\/www.skaala.com\/?page_id=6209"},"modified":"2025-10-23T15:51:04","modified_gmt":"2025-10-23T12:51:04","slug":"tietosuojaseloste","status":"publish","type":"page","link":"https:\/\/www.skaala.com\/fi\/tietoa-skaalasta\/tietosuojaseloste\/","title":{"rendered":"Tietosuojaseloste"},"content":{"rendered":"\n<div class=\"wp-block-custom-content-area custom-wrapper alignleft has-light-blue-background-color\"><div class=\"outer-wrap\">\t\n\t<div id=\"heading-block-block_05401137cf873ed44eada99eab817899\" class=\"heading-block\">\n\t\t<h1 ><span>Skaala IFN Oy:n markkinointi- ja asiakasrekisterin tietosuojaseloste<\/span><\/h1>\t<\/div>\n\n\n\n<div id=\"text-block-block_fc42362854c37312b7eb3598ac7f7913\" class=\"text-block\">\n\t\t\t<p><strong>Soveltamislaajuus<\/strong><\/p>\n<p>T\u00e4m\u00e4 tietosuojak\u00e4yt\u00e4nt\u00f6 koskee koko Skaala IFN Oy:t\u00e4, johon viitataan j\u00e4ljemp\u00e4n\u00e4 nimell\u00e4 Skaala.<\/p>\n<p>T\u00e4m\u00e4 k\u00e4yt\u00e4nt\u00f6 on tullut voimaan 25.5.2018, ja sen katsotaan muodostavan henkil\u00f6tietojen k\u00e4sittelyn v\u00e4himm\u00e4isstandardin.<\/p>\n<p><strong>Tietojenk\u00e4sittelyn tarkoitus<\/strong><\/p>\n<p>Skaala k\u00e4sittelee kumppanien, asiakkaiden ja toimittajien henkil\u00f6kohtaisia tietoja vain liiketoimintateht\u00e4v\u00e4n suorittamisen tarkoituksessa ja siihen liittyvien laillisten sek\u00e4 sopimuksellisten velvoitteiden t\u00e4ytt\u00e4miseksi tai oikeutetun edun puitteissa.<\/p>\n<p><strong>Henkil\u00f6kohtaisten tietojen k\u00e4sittelyn periaatteet<\/strong><\/p>\n<p>Skaalan suorittama henkil\u00f6tietojen k\u00e4sittely perustuu tiukkoihin periaatteisiin, joiden puitteissa tietojen suojaa ja turvallisuutta sek\u00e4 liittyvien henkil\u00f6iden oikeuksia pidet\u00e4\u00e4n arvokkaina voimavaroina.<\/p>\n<p><strong>Laillisuus &amp; l\u00e4pin\u00e4kyvyys<\/strong><\/p>\n<p>Tietojen k\u00e4sittely tapahtuu laillisesti sek\u00e4 hyv\u00e4ss\u00e4 uskossa. Henkil\u00f6lle, jota tietojen ker\u00e4ys koskee, ilmoitetaan tietojen ker\u00e4\u00e4misest\u00e4 sek\u00e4 suunnitellusta tietojen k\u00e4sittelyst\u00e4 (tarkoitus).<\/p>\n<p><strong>Kohdentaminen<\/strong><\/p>\n<p>Tietoja ker\u00e4t\u00e4\u00e4n ja k\u00e4ytet\u00e4\u00e4n m\u00e4\u00e4ritettyihin, selke\u00e4sti ilmaistuihin sek\u00e4 legitiimeihin tarkoituksiin. Tietoja ei k\u00e4sitell\u00e4 n\u00e4ist\u00e4 tarkoituksista poikkeavilla tavoilla.<\/p>\n<p><strong>Tietojen minimointi<\/strong><\/p>\n<p>Vain m\u00e4\u00e4ritettyihin tarkoituksiin ehdottomasti vaadittavia tietoja ker\u00e4t\u00e4\u00e4n ja k\u00e4sitell\u00e4\u00e4n.<\/p>\n<p><strong>Tallennuksen rajoitukset ja poistaminen<\/strong><\/p>\n<p>Henkil\u00f6tiedot poistetaan heti, kun niiden ker\u00e4\u00e4misen alkuper\u00e4inen tarkoitus on t\u00e4ytetty ja kun laillisesti m\u00e4\u00e4r\u00e4tty s\u00e4ilytysaika ei est\u00e4 niiden poistamista.<\/p>\n<p><strong>Tietosuoja<\/strong><\/p>\n<p>Henkil\u00f6tiedot ovat tietosuojan alaisia tietoja. Tietoja k\u00e4sitell\u00e4\u00e4n luottamuksellisesti ja luvaton tietoihin p\u00e4\u00e4sy tai niiden muokkaus ja luovutus sek\u00e4 katoaminen ja tuhoutuminen ehk\u00e4ist\u00e4\u00e4n soveltuvin organisatorisin sek\u00e4 teknisin toimenpitein.<\/p>\n<p>Tietojen luottamuksellisuuden, saatavuuden ja t\u00e4ydellisyyden suojaaminen on yksi Skaalan oleellisista teht\u00e4vist\u00e4. T\u00e4m\u00e4 p\u00e4tee yht\u00e4 lailla liike- ja ammattisalaisuuksiin, asiakastietoihin, henkil\u00f6tietoihin ja muihin kriittisiin tietoihin.<\/p>\n<p>T\u00e4t\u00e4 tarkoitusta varten on otettu k\u00e4ytt\u00f6\u00f6n teknisen kehityksen ja kansainv\u00e4lisesti tunnettujen hyvien k\u00e4yt\u00e4nt\u00f6jen sek\u00e4 turvallisuusstandardien mukaisia teknisi\u00e4 ja organisatorisia toimenpiteit\u00e4, joita pyrit\u00e4\u00e4n my\u00f6s parantamaan jatkuvasti.<\/p>\n<p><strong>Asianmukaisuus<\/strong><\/p>\n<p>Henkil\u00f6tiedot tulee pit\u00e4\u00e4 oikeassa, t\u00e4ydellisess\u00e4 ja ajantasaisessa kunnossa. V\u00e4\u00e4rien tai ep\u00e4t\u00e4ydellisten tietojen tarpeelliseksi korjaamiseksi (esim. asianomaisen t\u00e4t\u00e4 pyyt\u00e4ess\u00e4) ryhdyt\u00e4\u00e4n soveltuviin toimenpiteisiin.<\/p>\n<p><strong>Sitoutuminen tietosuojaan<\/strong><\/p>\n<p>Kaikki Skaalan sek\u00e4 sopimuskumppanien ty\u00f6ntekij\u00e4t ovat sopimuksellisesti velvoitettuja tietosuojan yll\u00e4pitoon, ja heit\u00e4 ohjeistetaan s\u00e4\u00e4nn\u00f6llisesti sek\u00e4 tarvittaessa koulutetaan henkil\u00f6tietojen sek\u00e4 muiden kriittisten tietojen k\u00e4sittelyyn liittyen.<\/p>\n<p><strong>Google Analytics<\/strong><\/p>\n<p>T\u00e4m\u00e4 verkkosivu k\u00e4ytt\u00e4\u00e4 Google Analyticsi\u00e4, joka on Google Inc.:in (&#8221;Google&#8221;) tarjoama verkkoanalyysipalvelu. Google Analytics k\u00e4ytt\u00e4\u00e4 niin sanottuja &#8221;ev\u00e4steit\u00e4&#8221;, eli tekstitiedostoja jotka tallennetaan tietokoneellesi ja jotka mahdollistavat verkkosivun k\u00e4ytt\u00f6si analysoinnin. Tallennettuja tietoja ovat esimerkiksi tiedot k\u00e4ytt\u00f6j\u00e4rjestelm\u00e4st\u00e4, selaimesta, IP-osoitteesi, edellisen k\u00e4ym\u00e4si verkkosivun osoite (viittaava URL) ja verkkosivullamme k\u00e4yntisi p\u00e4iv\u00e4m\u00e4\u00e4r\u00e4 sek\u00e4 kellonaika. T\u00e4m\u00e4n tekstitiedoston luomat tiedot verkkosivumme k\u00e4yt\u00f6st\u00e4 l\u00e4hetet\u00e4\u00e4n Googlen palvelimelle USA:han, jossa niit\u00e4 my\u00f6s s\u00e4ilytet\u00e4\u00e4n. Google k\u00e4ytt\u00e4\u00e4 n\u00e4it\u00e4 tietoja arvioidakseen verkkosivuston k\u00e4ytt\u00f6\u00e4, luodakseen raportteja verkkosivuston aktiivisuudesta verkkosivuston operaattorille ja tarjotakseen muita palveluita verkkosivuston ja Internetin k\u00e4ytt\u00f6\u00f6n liittyen. Google voi my\u00f6s luovuttaa n\u00e4it\u00e4 tietoja kolmansille osapuolille, jos laki n\u00e4in vaatii tai jos kolmas osapuoli k\u00e4sittelee n\u00e4it\u00e4 tietoja Googlen puolesta. Google ei koskaan liit\u00e4 IP-osoitettasi muihin tietoihin. Lis\u00e4tietoja t\u00e4st\u00e4 saat suoraan Googlen <a href=\"http:\/\/www.google.com\/intl\/de\/privacypolicy.html#information\" target=\"_blank\" rel=\"noopener\">Tietosuojak\u00e4yt\u00e4nn\u00f6st\u00e4<\/a>.<\/p>\n<p>Voit est\u00e4\u00e4 ev\u00e4steen luomien ja verkkosivuston k\u00e4ytt\u00f6\u00f6si liittyvien tietojen (ml. IP-osoitteesi) ker\u00e4\u00e4misen sek\u00e4 k\u00e4sittelyn Googlen toimesta lataamalla ja asentamalla selainliit\u00e4nn\u00e4isen seuraavan linkin kautta <a href=\"https:\/\/tools.google.com\/dlpage\/gaoptout?hl=de\" target=\"_blank\" rel=\"noopener\">http:\/\/tools.google.com\/dlpage\/gaoptout?hl=de<\/a>.<\/p>\n<p>Huomautamme kuitenkin, ett\u00e4 t\u00e4ss\u00e4 tapauksessa et v\u00e4ltt\u00e4m\u00e4tt\u00e4 pysty k\u00e4ytt\u00e4m\u00e4\u00e4n t\u00e4m\u00e4n verkkosivuston ominaisuuksia t\u00e4ydellisesti. K\u00e4ytt\u00e4m\u00e4ll\u00e4 t\u00e4t\u00e4 verkkosivua hyv\u00e4ksyt, ett\u00e4 Google ker\u00e4\u00e4 ja k\u00e4sittelee tietojasi yll\u00e4 kuvatulla tavalla ja yll\u00e4 kuvattuun tarkoitukseen.<\/p>\n<p><em>Google k\u00e4ytt\u00e4\u00e4 DoubleClick DART -ev\u00e4stett\u00e4<\/em><br \/>\nK\u00e4ytt\u00e4j\u00e4t voivat deaktivoida DART-ev\u00e4steiden k\u00e4yt\u00f6n vierailemalla Googlen mainos- ja sis\u00e4lt\u00f6mainosverkon tietosuoja-asetuksissa. T\u00e4ll\u00f6in ei k\u00e4ytt\u00e4j\u00e4st\u00e4 ker\u00e4t\u00e4 tai tallenneta mit\u00e4\u00e4n v\u00e4litt\u00f6mi\u00e4 henkil\u00f6tietoja, vaan ainoastaan IP-osoite. T\u00e4t\u00e4 tietoa k\u00e4ytet\u00e4\u00e4n automaattiseen tunnistamiseesi, kun seuraavan kerran vierailet verkkosivullamme.<\/p>\n<p>Voit tietysti k\u00e4ytt\u00e4\u00e4 verkkosivustojamme my\u00f6s ilman ev\u00e4steit\u00e4. Jos et halua, ett\u00e4 tunnistamme tietokoneesi, voit est\u00e4\u00e4 ev\u00e4steiden tallentamisen kiintolevyllesi valitsemalla asetuksen &#8221;\u00e4l\u00e4 tallenna ev\u00e4steit\u00e4&#8221; selaimesi asetuksista. Katso asetuksen tarkempi toiminta selaimesi valmistajan ohjeista. Ev\u00e4steiden tallentamatta j\u00e4tt\u00e4minen voi aiheuttaa tarjouksemme toiminnan rajoituksia.<\/p>\n<p><em>Muu k\u00e4ytt\u00e4j\u00e4nseuranta<\/em><br \/>\nK\u00e4yt\u00e4mme Leadoon k\u00e4ytt\u00e4j\u00e4nseurantaa seurataksemme miten k\u00e4ytt\u00e4j\u00e4mme liikkuvat nettisivuillamme ja yhdist\u00e4mme t\u00e4m\u00e4n datan k\u00e4ytt\u00e4j\u00e4n tietoihin, joita ker\u00e4t\u00e4\u00e4n esim. Chat-interaktioiden kautta. Leadoo k\u00e4ytt\u00e4\u00e4 etag-seurantaa joka teknisesti eroaa keksipohjaisesta seurannasta, mutta johon p\u00e4tee samat lainalaisuudet kuin ev\u00e4steisiin. Tarkista Leadoo Marketing Technologies Oyn tietosuojak\u00e4yt\u00e4nt\u00f6 (<a href=\"https:\/\/leadoo.com\/privacy-policy\/\" target=\"_blank\" rel=\"noopener\">https:\/\/leadoo.com\/privacy-policy\/<\/a>) tiet\u00e4\u00e4ksesi enemm\u00e4n siit\u00e4, mit\u00e4 j\u00e4rjestelm\u00e4ss\u00e4 seurataan. GDPR-mieless\u00e4 Skaala toimii kontrollerina ja Leadoo datan prosessorina. Mik\u00e4li et halua ett\u00e4 sinua seurataan voit tyhjent\u00e4\u00e4 selaimesi v\u00e4limuistin. Lis\u00e4tietoja siit\u00e4 miten Leadoo toimii : <a href=\"https:\/\/leadoo.com\/privacy-policy-processor\/\" target=\"_blank\" rel=\"noopener\">https:\/\/leadoo.com\/privacy-policy-processor\/\u00a0<\/a><\/p>\n<p>&nbsp;<\/p>\n<p><strong>Ev\u00e4steet<\/strong><\/p>\n<p>Ev\u00e4steet ovat pieni\u00e4 tekstitiedostoja, joita selaimesi tallentaa tietokoneellesi. Ev\u00e4steet eiv\u00e4t vahingoita tietokonettasi tai sis\u00e4ll\u00e4 viruksia. Me emme lue mit\u00e4\u00e4n henkil\u00f6kohtaisia tietojasi. Voit poistaa ev\u00e4steiden tallennuksen selaimesi asetuksista. T\u00e4ll\u00f6in ev\u00e4steit\u00e4 ei voida en\u00e4\u00e4 tallentaa tietokoneellesi.<\/p>\n<p><strong>S\u00e4hk\u00f6postiturvallisuus<\/strong><\/p>\n<p>Jos l\u00e4het\u00e4t meille s\u00e4hk\u00f6postia, s\u00e4hk\u00f6postiosoitettasi k\u00e4ytet\u00e4\u00e4n vain s\u00e4hk\u00f6postitse k\u00e4ytyyn kirjeenvaihtoon. Huomaathan, ett\u00e4 tietojen v\u00e4litys Internetin kautta voi olla altis haavoittuvuuksille. Tietojen t\u00e4ydellinen suojaus kolmansilta osapuolilta ei ole mahdollista.<\/p>\n<p><strong>Tietosuojan koordinointi<\/strong><\/p>\n<p>Voit ottaa meihin vapaasti yhteytt\u00e4 kysymysten tai oikeuksiasi asianomaisena koskevien asioiden tapauksessa osoitteessa <a href=\"mailto:info@skaala.com\">info@skaala.com<\/a>.<\/p>\n\t<\/div>\n\n\n\n\n<div id=\"text-block-block_cd831addcf6422a5d36c7be7145f4089\" class=\"text-block\">\n\t\t\t<p><strong>REKISTERISELOSTE<\/strong><\/p>\n<p><strong>\u00a0<\/strong><\/p>\n<p><strong>Rekisterin pit\u00e4j\u00e4 ja yhteyshenkil\u00f6<\/strong><\/p>\n<p>Skaala IFN Oy<\/p>\n<p>Yritt\u00e4j\u00e4ntie 25, 62375 Ylih\u00e4rm\u00e4<\/p>\n<p>Vaihde: 010 835 4700<\/p>\n<p>E-mail: <a href=\"mailto:info@skaala.com\">info@skaala.com<\/a><\/p>\n<p>Yhteyshenkil\u00f6: Ilkka Talaskivi<\/p>\n<p>&nbsp;<\/p>\n<p><strong>Rekisterin nimi<\/strong><\/p>\n<p>Skaala IFN Oy:n asiakas- ja markkinointirekisteri<\/p>\n<p>&nbsp;<\/p>\n<p><strong>Henkil\u00f6tietojen k\u00e4sittelyn tarkoitus<\/strong><\/p>\n<p>Henkil\u00f6tietoja k\u00e4sitell\u00e4\u00e4n henkil\u00f6tietolain 8 \u00a7:n perusteella asiakkuuteen ja asialliseen yhteyteen perustuvan suhteen hoitamiseen, kehitt\u00e4miseen ja analysointiin, asiakasviestint\u00e4\u00e4n, markkinoinnin suunnitteluun ja kohdentamiseen, asiakaspalvelun kehitt\u00e4miseen sek\u00e4 liiketoiminnan suunnitteluun ja seurantaan. Rekisterin sis\u00e4lt\u00e4mi\u00e4 henkil\u00f6tietoja voidaan k\u00e4ytt\u00e4\u00e4 lains\u00e4\u00e4d\u00e4nn\u00f6n sallimin tavoin Skaalan suoramarkkinointiin, mielipide- tai markkinatutkimukseen tai muihin n\u00e4ihin rinnastettaviin osoitteellisiin l\u00e4hetyksiin sek\u00e4 asiakasviestint\u00e4\u00e4n my\u00f6s s\u00e4hk\u00f6isi\u00e4 v\u00e4lineit\u00e4 k\u00e4ytt\u00e4en. Henkil\u00f6tietoja k\u00e4ytet\u00e4\u00e4n tai muutoin k\u00e4sitell\u00e4\u00e4n vain tavalla, joka ei ole yhteensopimatonta Henkil\u00f6tietolain 6 \u00a7:ss\u00e4 tarkoitettujen k\u00e4sittelyn tarkoitusten kanssa.<\/p>\n<p><strong>\u00a0<\/strong><\/p>\n<p><strong>Rekisterin tietosis\u00e4lt\u00f6<\/strong><\/p>\n<p>Rekisteriss\u00e4 voidaan k\u00e4sitell\u00e4 seuraavia tietoja:<\/p>\n<p>Yksityisasiakkaat: Nimi, osoite, puhelinnumero, s\u00e4hk\u00f6postiosoite, henkil\u00f6tunnus.<\/p>\n<p>Yritysasiakkaat: Yrityksen nimi, Y-tunnus, toimitusosoite, laskutusosoite, maksuehto, yhteyshenkil\u00f6n nimi, puhelinnumero, s\u00e4hk\u00f6posti.<\/p>\n<p>Muu asiakastieto: alennukset, toimitukset, laskutus, reklamaatiot, takuuasiat ja muut kaupalliset ja palvelun toteuttamisen kannalta tarpeelliset tiedot.<\/p>\n<p><strong>\u00a0<\/strong><\/p>\n<p><strong>S\u00e4\u00e4nn\u00f6nmukaiset tietol\u00e4hteet<\/strong><\/p>\n<p>Rekisterin tietosis\u00e4lt\u00f6 ker\u00e4t\u00e4\u00e4n asiakassuhteen elinkaaren eri vaiheissa.<\/p>\n<ul>\n<li>Rekister\u00f6idyn palvelun tilauksessa ilmoittamat tiedot<\/li>\n<li>Rekister\u00f6idyn rekister\u00f6itymisen yhteydess\u00e4 ilmoittamat tiedot<\/li>\n<li>Asiakassuhteen hoidon yhteydess\u00e4 asiakkaalta ker\u00e4tt\u00e4v\u00e4t tiedot<\/li>\n<li>Kyselyjen ja kilpailujen yhteydess\u00e4 ker\u00e4tt\u00e4v\u00e4t tiedot<\/li>\n<li>Rekister\u00f6idyn www-selailun yhteydess\u00e4 v\u00e4littyv\u00e4t tekniset tiedot<\/li>\n<\/ul>\n<p>&nbsp;<\/p>\n<p><strong>Tietojen s\u00e4\u00e4nn\u00f6nmukaiset luovutukset<\/strong><\/p>\n<p>Tietoja voidaan luovuttaa yhteisty\u00f6kumppaneille sen ollessa v\u00e4ltt\u00e4m\u00e4t\u00f6nt\u00e4 palvelun toteuttamiseksi.<\/p>\n<p>&nbsp;<\/p>\n<p><strong>Tietojen siirto EU:n tai ETA:n ulkopuolelle<\/strong><\/p>\n<p>Tietoja ei luovuteta EU:n tai ETA-alueen ulkopuolelle.<\/p>\n<p><strong>\u00a0<\/strong><\/p>\n<p><strong>Rekisterin suojauksen periaatteet<\/strong><\/p>\n<p>Asiakas- ja markkinointirekisteri\u00e4 yll\u00e4pidet\u00e4\u00e4n rekisterinpit\u00e4j\u00e4n tai rekisterink\u00e4sittelij\u00e4n toimesta. Tietoj\u00e4rjestelm\u00e4 on suojattu k\u00e4ytt\u00e4en asianmukaisia teknisi\u00e4 suojauksia ulkoisia tietomurtoja vastaan. Rekisteri\u00e4 k\u00e4ytt\u00e4v\u00e4t ainoastaan henkil\u00f6t, joiden toimenkuvaan sen k\u00e4ytt\u00f6 kuuluu. Rekisterin k\u00e4ytt\u00f6\u00e4 valvotaan k\u00e4ytt\u00e4j\u00e4tunnuksin ja salasanoin.<\/p>\n<p>Jos rekisteriin saadaan manuaalista tietoaineistoa tai sit\u00e4 tulostetaan, s\u00e4ilytet\u00e4\u00e4n sit\u00e4 lukitussa tilassa. Tarpeeton manuaalinen aineisto h\u00e4vitet\u00e4\u00e4n tietoturvallisesti noudattaen tietojen s\u00e4ilytt\u00e4misest\u00e4 annettuja p\u00e4\u00e4t\u00f6ksi\u00e4 ja ohjeita.<\/p>\n<p>&nbsp;<\/p>\n<p><strong>Tarkastusoikeus<\/strong><\/p>\n<p>Rekister\u00f6idyll\u00e4 on oikeus tarkastaa rekisteriss\u00e4 olevat tietonsa. Pyynt\u00f6 osoitetaan l\u00e4hett\u00e4m\u00e4ll\u00e4 allekirjoitettu tarkastuspyynt\u00f6 rekisterinpit\u00e4j\u00e4lle edell\u00e4 mainittuun osoitteeseen.<\/p>\n<p><strong>\u00a0<\/strong><\/p>\n<p><strong>Oikeus vaatia tiedon korjaamista<\/strong><\/p>\n<p>Rekister\u00f6idyll\u00e4 on oikeus vaatia rekisteriss\u00e4 olevan itse\u00e4\u00e4n koskevan virheellisen tiedon korjausta. Pyynt\u00f6 osoitetaan rekisterinpit\u00e4j\u00e4lle kirjallisesti.<\/p>\n<p><strong>\u00a0<\/strong><\/p>\n<p><strong>Tietojen poistaminen<\/strong><\/p>\n<p>Rekisteriin kirjattavat henkil\u00f6tiedot katselmoidaan s\u00e4\u00e4nn\u00f6llisesti ja tiedot poistetaan Skaalan toimesta, kun niiden s\u00e4ilytt\u00e4miselle ei ole k\u00e4sittelyperustetta.<\/p>\n\t<\/div>\n\n<\/div><\/div>\n","protected":false},"excerpt":{"rendered":"","protected":false},"author":5,"featured_media":1852,"parent":148,"menu_order":0,"comment_status":"closed","ping_status":"closed","template":"","meta":{"_acf_changed":false,"inline_featured_image":false,"footnotes":""},"class_list":["post-6209","page","type-page","status-publish","has-post-thumbnail","hentry"],"acf":[],"_links":{"self":[{"href":"https:\/\/www.skaala.com\/fi\/wp-json\/wp\/v2\/pages\/6209","targetHints":{"allow":["GET"]}}],"collection":[{"href":"https:\/\/www.skaala.com\/fi\/wp-json\/wp\/v2\/pages"}],"about":[{"href":"https:\/\/www.skaala.com\/fi\/wp-json\/wp\/v2\/types\/page"}],"author":[{"embeddable":true,"href":"https:\/\/www.skaala.com\/fi\/wp-json\/wp\/v2\/users\/5"}],"replies":[{"embeddable":true,"href":"https:\/\/www.skaala.com\/fi\/wp-json\/wp\/v2\/comments?post=6209"}],"version-history":[{"count":24,"href":"https:\/\/www.skaala.com\/fi\/wp-json\/wp\/v2\/pages\/6209\/revisions"}],"predecessor-version":[{"id":19351,"href":"https:\/\/www.skaala.com\/fi\/wp-json\/wp\/v2\/pages\/6209\/revisions\/19351"}],"up":[{"embeddable":true,"href":"https:\/\/www.skaala.com\/fi\/wp-json\/wp\/v2\/pages\/148"}],"wp:featuredmedia":[{"embeddable":true,"href":"https:\/\/www.skaala.com\/fi\/wp-json\/wp\/v2\/media\/1852"}],"wp:attachment":[{"href":"https:\/\/www.skaala.com\/fi\/wp-json\/wp\/v2\/media?parent=6209"}],"curies":[{"name":"wp","href":"https:\/\/api.w.org\/{rel}","templated":true}]}}