{"id":6437,"date":"2020-05-27T12:32:57","date_gmt":"2020-05-27T09:32:57","guid":{"rendered":"https:\/\/www.skaala.com\/?page_id=6437"},"modified":"2026-03-18T15:42:44","modified_gmt":"2026-03-18T13:42:44","slug":"ikkunoiden-ja-ovien-takuuehdot","status":"publish","type":"page","link":"https:\/\/www.skaala.com\/fi\/tietoa-skaalasta\/ikkunoiden-ja-ovien-takuuehdot\/","title":{"rendered":"Ikkunoiden ja ovien takuuehdot"},"content":{"rendered":"\n<div class=\"wp-block-custom-content-area custom-wrapper alignleft has-light-blue-background-color\"><div class=\"outer-wrap\">\t\n\t<div id=\"heading-block-block_de8a2d0b7b1e18c689e484ee811b2982\" class=\"heading-block\">\n\t\t<h1 ><span>Skaalan laajennettu tuotetakuu <\/span><\/h1>\t<\/div>\n\n\n\t\n\t<div id=\"heading-block-block_4c2c5f4196a9f8612e330243ba5a58a1\" class=\"heading-block\">\n\t\t<h3 ><span>yksityisille kuluttaja-asiakkaille sek\u00e4 asunto-osakeyhti\u00f6asiakkaille Suomessa<\/span><\/h3>\t<\/div>\n\n\n\n<div id=\"text-block-block_0c9fbc4ef4dd786e7f662b11d7f45c09\" class=\"text-block\">\n\t\t\t<p>Sen lis\u00e4ksi mit\u00e4 Skaalan yleisiss\u00e4 takuuehdoissa on todettu, seuraavat pidennetyt takuuajat ovat voimassa toimitettaessa ikkuna- ja ovituotteita yksityisille kuluttajille ja asunto-osakeyhti\u00f6asiakkaille Suomessa. Kun ikkuna- ja ovituotteita toimitetaan yrityksille tai muille kuin kuluttaja- ja asunto-osakeyhti\u00f6asiakkaille tai muualle kuin Suomeen, p\u00e4tev\u00e4t Skaalan yleiset takuuehdot (tilausvahvistuksessa sek\u00e4 k\u00e4ytt\u00f6ohjeissa) tai urakkasopimukseen kirjatut takuuehdot.<\/p>\n<p>Skaala IFN Oy antaa kuluttaja- ja asunto-osakeyhti\u00f6kaupassa seuraavan valmistajan laajennetun tuotetakuun Suomeen toimittamilleen ikkunoille ja oville 1.2.2021 alkaen.<\/p>\n<p><strong>Kymmenen vuoden takuu<\/strong><\/p>\n<ol>\n<li>Alumiiniprofiilien pintak\u00e4sittelyn pysyvyys.<\/li>\n<li>Maalatut sis\u00e4puoliset puuosat.<\/li>\n<li>Ikkunoiden eristyslasielementtien v\u00e4litilan kosteustiiveys.<\/li>\n<li>Ulko-ovien suoranapysyminen.<\/li>\n<\/ol>\n\t<\/div>\n\n\n\n\n<div id=\"text-block-block_4932a7917e9dc87bf4200c75661fd464\" class=\"text-block\">\n\t\t\t<p><strong>N\u00e4iss\u00e4 takuuehdoissa huomioitavaa:<\/strong><\/p>\n<p>T\u00e4m\u00e4 laajennettu takuu on voimassa vain Suomessa. Laajennettu takuu ei kata mahdollisia v\u00e4rimuutoksia tuotteissa.<\/p>\n<p>Skaala IFN Oy ei vastaa virheest\u00e4, jos<\/p>\n<ol>\n<li>Virhe on aiheutunut sen seurauksena, ett\u00e4 tuote on asennettu Skaalan k\u00e4ytt\u00f6ohjekirjan vastaisesti tai tuotteen s\u00e4\u00e4nn\u00f6llinen huolto ja kunnossapito on laiminly\u00f6ty.<\/li>\n<li>Virhe johtuu normaalin kosteustason (25\u201360% RH%) ylitt\u00e4vist\u00e4 olosuhteista tai ymp\u00e4r\u00f6ivien rakenteiden kosteudesta. Liiallisesta kosteudesta johtuvia vaurioita voivat olla esim. liitoskulmien aukeaminen ja porrastaminen, maalin irtoaminen, puuosissa olevien liimasaumojen porrastaminen, k\u00e4yntiv\u00e4lysongelmat sek\u00e4 metalliosissa ilmenev\u00e4 hapettuminen ja ruostuminen.<\/li>\n<li>Virhe on syntynyt k\u00e4ytt\u00f6virheest\u00e4.<\/li>\n<li>Tuotetta on muutettu tai se on korjattu varaosilla ja\/tai ty\u00f6menetelmill\u00e4 vastoin Skaala IFN Oy:n ohjeita.<\/li>\n<li>Tuote on ollut alttiina tavanomaisesta poikkeaville luonnonvoimille tai ep\u00e4tavallisille l\u00e4mp\u00f6-, korroosio- tai ymp\u00e4rist\u00f6olosuhteille.<\/li>\n<li>Tuotetta ei ole suojattu asianmukaisesti Skaalan ohjeiden mukaisesti varastoitaessa ennen asentamista.<\/li>\n<li>Virhe johtuu kohteen ilmanvaihdosta (ilmankierron tai ilmanvaihdon riitt\u00e4m\u00e4tt\u00f6myys \/ ep\u00e4tasapaino, sis\u00e4ilman liiallinen kosteus).<\/li>\n<li>Virhe johtuu rakennuksen ja\/tai rakenteiden kunnosta, niiden liikkumisesta, el\u00e4misest\u00e4 tai maaper\u00e4n painumisesta.<\/li>\n<li>Mik\u00e4li eristyslasielementtien kanssa k\u00e4ytet\u00e4\u00e4n tummia kaihtimia, takuu l\u00e4mp\u00f6j\u00e4nnitysten osalta ei ole voimassa. Eristyslasielementtien takuussa sovelletaan lis\u00e4ksi Tasolasiyhdistyksen Rakennuslasin takuuehdoissa kohdassa 13.5 m\u00e4\u00e4riteltyj\u00e4 koko- ja muotorajoituksia.<\/li>\n<\/ol>\n<p>Asiakkaan on teht\u00e4v\u00e4 virheilmoitus kolmenkymmenen (30) vuorokauden kuluessa virheen havaitsemisesta.<\/p>\n\t<\/div>\n\n\n\n\t\n\t<div id=\"heading-block-block_4242640b48cc723ba1d6cee133cc43e0\" class=\"heading-block\">\n\t\t<h2 ><span>Ikkunoiden ja ovien yleiset takuuehdot<\/span><\/h2>\t<\/div>\n\n\n\n<div id=\"text-block-block_953b78f8b4d168d9f6de0aeb41c5e643\" class=\"text-block\">\n\t\t\t<p>Seuraavana on kuvattu Skaalan yleiset takuuehdot.<\/p>\n<p>&nbsp;<\/p>\n<p><strong><span style=\"text-decoration: underline;\">Takuu<\/span><\/strong><\/p>\n<p>Skaala IFN Oy my\u00f6nt\u00e4\u00e4 2 vuoden tuotetakuun valmistamilleen tuotteille. Takuu koskee ikkunoiden ja ovien rakennetta, materiaaleja ja lis\u00e4varusteita, jotka on m\u00e4\u00e4ritelty tilausvahvistuksessa. Kaikki tuotteeseen tehdyt rakenteelliset muutokset ilman Skaalan kirjallista hyv\u00e4ksynt\u00e4\u00e4 on kielletty ja ne aiheuttavat takuun raukeamisen. My\u00f6sk\u00e4\u00e4n ulkoisen tekij\u00e4n (mm. vesi, j\u00e4\u00e4, linnut) synnytt\u00e4m\u00e4t vauriot eiv\u00e4t kuulu takuun piiriin.<\/p>\n<p>Takuuaika alkaa tuotteen toimittamisesta asiakkaalle.<\/p>\n<p>Mik\u00e4li tuote korvataan uudella osalla, takuu k\u00e4sitt\u00e4\u00e4:<\/p>\n<ol>\n<li>tuotekaupassa uuden osan toimituksen.<\/li>\n<li>asennuskaupassa uuden osan toimituksen ja asennuksen.<\/li>\n<\/ol>\n<p>&nbsp;<\/p>\n<p><strong>Ikkunoiden takuu<\/strong><\/p>\n<p>Skaala my\u00f6nt\u00e4\u00e4 ikkunoille 2 vuoden rakennetakuun. Takuu on voimassa ainoastaan, jos ikkuna on asennettu ja huollettu ohjeiden mukaisesti eik\u00e4 ikkuna ole mennyt pilalle veden tai auringon vaikutuksesta.<\/p>\n<p>Huom! Tiettyin\u00e4 vuodenaikoina, kun ilman kosteus on suuri saattavat my\u00f6s ikkunat huurtua ulommaisen lasin ulkopinnasta. Huurtuminen eli kondenssi johtuu joko rakennuksen sis\u00e4puolen alhaisesta l\u00e4mp\u00f6tilasta tai ikkunan hyv\u00e4st\u00e4 l\u00e4mm\u00f6nerist\u00e4vyydest\u00e4. Sis\u00e4tiloista tuleva l\u00e4mp\u00f6s\u00e4teily ei ole riitt\u00e4v\u00e4\u00e4 pit\u00e4m\u00e4\u00e4n lasia kuivana. Tavallisimmin kondenssia muodostuu ulkolasin ulkopintaan y\u00f6ll\u00e4 ja aamuh\u00e4m\u00e4r\u00e4ss\u00e4. Kondenssi poistuu ilman l\u00e4mmetess\u00e4 eik\u00e4 se vahingoita ikkunaa. Ajoittainen huurtuminen on hyvin l\u00e4mp\u00f6\u00e4 erist\u00e4v\u00e4n ikkunan ominaisuus. Skaala FrostFree \u2013ikkuna pysyy huurtumattomana kaikissa olosuhteissa. Lue lis\u00e4\u00e4: skaala.com\/ikkunat.html<\/p>\n<p>&nbsp;<\/p>\n<p><strong>Maalatun ulko- ja parvekeoven takuu<\/strong><\/p>\n<p>Skaala my\u00f6nt\u00e4\u00e4 10 vuoden suoranapysymistakuun ja 2 vuoden rakennetakuun valmistamilleen ja asennusohjeiden mukaan oikein asennetuille ovilleen. Ovi ei v\u00e4\u00e4nny pysyv\u00e4sti yli 5 mm.<\/p>\n<p>Takuu on voimassa ainoastaan, jos ovi on asennettu ja huollettu ohjeen mukaisesti eik\u00e4 ovi ole mennyt pilalle veden tai auringon vaikutuksesta. Veden vaikutuksella tarkoitetaan t\u00e4ss\u00e4 yhteydess\u00e4 sit\u00e4, ett\u00e4 rakennuksessa ei ole kunnollista perustusta, ulkopuolella katosta est\u00e4m\u00e4st\u00e4 sadeveden valumisen oven pintaan tai sis\u00e4puolella (esimerkiksi pesuhuoneissa) oven altistumista normaalia suuremmille kosteus- ja l\u00e4mp\u00f6tilavaihteluille ei ole huomioitu\/estetty. Auringon vaikutuksen osalta takuu ei ole voimassa, mik\u00e4li oven huoltoa ei ole tehty Skaalan ohjeiden mukaisesti.<\/p>\n<p>Mustalle peittomaalatulle HDF-levypintaiselle ulko- tai parvekeovelle ei my\u00f6nnet\u00e4 rakenne- eik\u00e4 suoranapysymistakuuta, koska auringon valo ja l\u00e4mp\u00f6 voi aiheuttaa taipuman tai muodonmuutoksen ovirungossa.<\/p>\n<p>&nbsp;<\/p>\n<p><strong>Viilupintaisen ulko- ja parvekeoven takuu<\/strong><\/p>\n<p>Skaala my\u00f6nt\u00e4\u00e4 10 vuoden suoranapysymistakuun ja 2 vuoden rakennetakuun valmistamilleen ja asennusohjeiden mukaan oikein asennetuille ovilleen. Ovi ei v\u00e4\u00e4nny pysyv\u00e4sti yli 5 mm. Takuu on voimassa ainoastaan, jos ovi on asennettu ja huollettu ohjeen mukaisesti eik\u00e4 ovi ole mennyt pilalle veden tai auringon vaikutuksesta. Rakennetakuu ei korvaa suoralle auringonvalolle ja vesisateelle alttiiksi asennetun m\u00e4ntyviilu- tai teakviilipintaisen oven pinnan halkeilua ja v\u00e4rimuutoksia.<\/p>\n<p>Mustalle viilupintaiselle ulko- tai parvekeovelle ei my\u00f6nnet\u00e4 rakenne- eik\u00e4 suoranapysymistakuuta, koska auringon valo ja l\u00e4mp\u00f6 voi aiheuttaa taipuman tai muodonmuutoksen ovirungossa.<\/p>\n<p>&nbsp;<\/p>\n<p><strong>Eristyslasielementin tiiveystakuu<\/strong><\/p>\n<p>Kaikille Skaala-tuotteissa oleville eristyslasielementeille my\u00f6nnet\u00e4\u00e4n 5 vuoden tiiveystakuu. <strong>Huom! Takuu ei kata lasin l\u00e4mp\u00f6shokista johtuvaa rikkoutumista.<\/strong> Tummien kaihtimien tai muiden tummien valonpimennysvarusteiden k\u00e4ytt\u00f6 eristyslasielementin v\u00e4litt\u00f6m\u00e4ss\u00e4 l\u00e4heisyydess\u00e4 lis\u00e4\u00e4v\u00e4t l\u00e4mp\u00f6tilan voimakkaasta noususta johtuvan l\u00e4mp\u00f6shokin riski\u00e4. L\u00e4mp\u00f6shokki voi rikkoa lasielementin. Lue lis\u00e4\u00e4 l\u00e4mp\u00f6shokista <a href=\"https:\/\/www.skaala.com\/fi\/ukk\/mika-on-lamporikko-lamposhokki\/\">t\u00e4\u00e4lt\u00e4.<\/a><\/p>\n<p>&nbsp;<\/p>\n<p><span style=\"text-decoration: underline;\"><strong>Asennustakuu<\/strong><\/span><\/p>\n<p>Skaala IFN Oy:n asentamien ikkunoiden ja ovien asennustakuu on voimassa 2 vuotta ty\u00f6n luovuttamisesta asiakkaalle edellytt\u00e4en, ett\u00e4 Skaalan antamia vastaanotto-, varastointi-, k\u00e4sittely- ja huolto-ohjeita on noudatettu. Mik\u00e4li asennus ei tapahdu Skaala IFN Oy:n toimesta, asennustakuun my\u00f6nt\u00e4\u00e4 asennuksesta vastannut Skaala-kauppias.<\/p>\n\t<\/div>\n\n<\/div><\/div>\n\n\n<div class=\"featured-items-block block\">\n\t<div class=\"featured-item\">\n\t\t<div class=\"content-half has-dark-gray-background-color\">\n\t\t\t<div class=\"featured-item--content grid-item\">\n\t\t\t\t\t\t<a class=\"button button-large\" href=\"https:\/\/www.skaala.com\/fi\/palvelut\/ohjeet\/\">K\u00e4ytt\u00f6ohjeet<\/a>\n\t\t\t\t\t\t<\/div>\n\t\t<\/div>\n\t\t\t\t<div class=\"featured-item--image grid-item\"\n\t\t\t\t\tdata-interchange=\"\n\t\t\t\t\t[https:\/\/www.skaala.com\/wp-content\/uploads\/2023\/08\/Skaalaauto1080x1080autoesite-1024x1024.png, small], \n\t\t\t\t\t[https:\/\/www.skaala.com\/wp-content\/uploads\/2023\/08\/Skaalaauto1080x1080autoesite-1024x1024.png, medium], \n\t\t\t\t\t[https:\/\/www.skaala.com\/wp-content\/uploads\/2023\/08\/Skaalaauto1080x1080autoesite.png, large], \n\t\t\t\t\t[https:\/\/www.skaala.com\/wp-content\/uploads\/2023\/08\/Skaalaauto1080x1080autoesite.png, xlarge]\"\n\t\t\t\t\t>\n\t\t<\/div>\n\t\t\t<\/div>\n\t\t<div class=\"featured-item\">\n\t\t<div class=\"content-half has-dark-gray-background-color\">\n\t\t\t<div class=\"featured-item--content grid-item\">\n\t\t\t\t\t\t<a class=\"button button-large\" href=\"https:\/\/www.skaala.com\/fi\/tietoa-skaalasta\/ikkunoiden-ja-ovien-takuuehdot\/\">Ikkunoiden ja ovien takuuehdot<\/a>\n\t\t\t\t\t\t<\/div>\n\t\t<\/div>\n\t\t\t\t<div class=\"featured-item--image grid-item\"\n\t\t\t\t\tdata-interchange=\"\n\t\t\t\t\t[https:\/\/www.skaala.com\/wp-content\/uploads\/2026\/01\/Skaala-harma-012-1024x684.jpg, small], \n\t\t\t\t\t[https:\/\/www.skaala.com\/wp-content\/uploads\/2026\/01\/Skaala-harma-012-1024x684.jpg, medium], \n\t\t\t\t\t[https:\/\/www.skaala.com\/wp-content\/uploads\/2026\/01\/Skaala-harma-012-1200x802.jpg, large], \n\t\t\t\t\t[https:\/\/www.skaala.com\/wp-content\/uploads\/2026\/01\/Skaala-harma-012-1536x1026.jpg, xlarge]\"\n\t\t\t\t\t>\n\t\t<\/div>\n\t\t\t<\/div>\n\t\t<div class=\"featured-item\">\n\t\t<div class=\"content-half has-dark-gray-background-color\">\n\t\t\t<div class=\"featured-item--content grid-item\">\n\t\t\t\t\t\t<a class=\"button button-large\" href=\"https:\/\/www.skaala.com\/fi\/tietoa-skaalasta\/ikkunoiden-ja-ovien-laatu\/\">Ikkunoiden ja ovien laatu<\/a>\n\t\t\t\t\t\t<\/div>\n\t\t<\/div>\n\t\t\t\t<div class=\"featured-item--image grid-item\"\n\t\t\t\t\tdata-interchange=\"\n\t\t\t\t\t[https:\/\/www.skaala.com\/wp-content\/uploads\/2025\/12\/Seglinge-keittion-ikkuna-rajattu-1024x520.jpg, small], \n\t\t\t\t\t[https:\/\/www.skaala.com\/wp-content\/uploads\/2025\/12\/Seglinge-keittion-ikkuna-rajattu-1024x520.jpg, medium], \n\t\t\t\t\t[https:\/\/www.skaala.com\/wp-content\/uploads\/2025\/12\/Seglinge-keittion-ikkuna-rajattu-1200x610.jpg, large], \n\t\t\t\t\t[https:\/\/www.skaala.com\/wp-content\/uploads\/2025\/12\/Seglinge-keittion-ikkuna-rajattu-1536x780.jpg, xlarge]\"\n\t\t\t\t\t>\n\t\t<\/div>\n\t\t\t<\/div>\n\t\t<div class=\"featured-item\">\n\t\t<div class=\"content-half has-dark-gray-background-color\">\n\t\t\t<div class=\"featured-item--content grid-item\">\n\t\t\t\t\t\t<a class=\"button button-large\" href=\"https:\/\/www.skaala.com\/fi\/ota-yhteytta\/\">Ota yhteytt\u00e4<\/a>\n\t\t\t\t\t\t<\/div>\n\t\t<\/div>\n\t\t\t\t<div class=\"featured-item--image grid-item\"\n\t\t\t\t\tdata-interchange=\"\n\t\t\t\t\t[https:\/\/www.skaala.com\/wp-content\/uploads\/2023\/08\/Skaalaautoisotautoikkunat-1024x682.jpg, small], \n\t\t\t\t\t[https:\/\/www.skaala.com\/wp-content\/uploads\/2023\/08\/Skaalaautoisotautoikkunat-1024x682.jpg, medium], \n\t\t\t\t\t[https:\/\/www.skaala.com\/wp-content\/uploads\/2023\/08\/Skaalaautoisotautoikkunat-1200x800.jpg, large], \n\t\t\t\t\t[https:\/\/www.skaala.com\/wp-content\/uploads\/2023\/08\/Skaalaautoisotautoikkunat-1536x1024.jpg, xlarge]\"\n\t\t\t\t\t>\n\t\t<\/div>\n\t\t\t<\/div>\n\t<\/div>\n\n\n<div class=\"faq-section has-dark-gray-background-color\">\n\t<div class=\"faq-container accordion\" data-accordion data-allow-all-closed=\"true\">\n\t\t<div class=\"section-title\"><h2>Usein kysytyt kysymykset<\/h2><\/div>\n\t\t\t\t<div class=\"archive-link\">\n\t\t\t<a href=\"https:\/\/www.skaala.com\/fi\/ukk\/\" class=\"button\">Katso kaikki kysymykset<\/a>\n\t\t<\/div>\n\t<\/div>\n<\/div>\n","protected":false},"excerpt":{"rendered":"","protected":false},"author":5,"featured_media":27060,"parent":148,"menu_order":0,"comment_status":"closed","ping_status":"closed","template":"","meta":{"_acf_changed":false,"inline_featured_image":false,"footnotes":""},"class_list":["post-6437","page","type-page","status-publish","has-post-thumbnail","hentry"],"acf":[],"_links":{"self":[{"href":"https:\/\/www.skaala.com\/fi\/wp-json\/wp\/v2\/pages\/6437","targetHints":{"allow":["GET"]}}],"collection":[{"href":"https:\/\/www.skaala.com\/fi\/wp-json\/wp\/v2\/pages"}],"about":[{"href":"https:\/\/www.skaala.com\/fi\/wp-json\/wp\/v2\/types\/page"}],"author":[{"embeddable":true,"href":"https:\/\/www.skaala.com\/fi\/wp-json\/wp\/v2\/users\/5"}],"replies":[{"embeddable":true,"href":"https:\/\/www.skaala.com\/fi\/wp-json\/wp\/v2\/comments?post=6437"}],"version-history":[{"count":34,"href":"https:\/\/www.skaala.com\/fi\/wp-json\/wp\/v2\/pages\/6437\/revisions"}],"predecessor-version":[{"id":27940,"href":"https:\/\/www.skaala.com\/fi\/wp-json\/wp\/v2\/pages\/6437\/revisions\/27940"}],"up":[{"embeddable":true,"href":"https:\/\/www.skaala.com\/fi\/wp-json\/wp\/v2\/pages\/148"}],"wp:featuredmedia":[{"embeddable":true,"href":"https:\/\/www.skaala.com\/fi\/wp-json\/wp\/v2\/media\/27060"}],"wp:attachment":[{"href":"https:\/\/www.skaala.com\/fi\/wp-json\/wp\/v2\/media?parent=6437"}],"curies":[{"name":"wp","href":"https:\/\/api.w.org\/{rel}","templated":true}]}}