{"id":6651,"date":"2020-06-10T14:18:15","date_gmt":"2020-06-10T11:18:15","guid":{"rendered":"https:\/\/www.skaala.com\/?page_id=6651"},"modified":"2025-12-16T08:21:08","modified_gmt":"2025-12-16T06:21:08","slug":"esitteet","status":"publish","type":"page","link":"https:\/\/www.skaala.com\/fi\/palvelut\/esitteet\/","title":{"rendered":"Esitteet"},"content":{"rendered":"\n\t\t<header class=\"featured-hero article\" role=\"banner\" data-interchange=\"[https:\/\/www.skaala.com\/wp-content\/uploads\/2023\/08\/Skaalaauto1080x1080autoesite-640x200.png, small], [https:\/\/www.skaala.com\/wp-content\/uploads\/2023\/08\/Skaalaauto1080x1080autoesite-1080x400.png, medium], [https:\/\/www.skaala.com\/wp-content\/uploads\/2023\/08\/Skaalaauto1080x1080autoesite-1080x400.png, large], [https:\/\/www.skaala.com\/wp-content\/uploads\/2023\/08\/Skaalaauto1080x1080autoesite-1080x400.png, xlarge]\">\n\t\t\t\t\t<h1>Esitteet<\/h1>\n\t\t<\/header>\n\t\t\n\n\n<div class=\"wp-block-custom-content-area custom-wrapper aligncenter has-light-blue-background-color\"><div class=\"outer-wrap\">\t\n\t<div id=\"heading-block-block_daddcc38e736f2d05d4ed20a346ffcf8\" class=\"heading-block\">\n\t\t<h2 ><span>Lis\u00e4tietoa tuotteista ja palveluista<\/span><\/h2>\t<\/div>\n\n\n\n<div id=\"text-block-block_7825384641ff3a478815fe9b51c7550a\" class=\"text-block\">\n\t\t\t<p>Skaalan esitteist\u00e4 saat lis\u00e4tietoa mallistomme ikkunoista, ovista ja lis\u00e4varusteista sek\u00e4 Skaalan palveluista. Kattavasta k\u00e4ytt\u00f6- ja huolto-ohjeesta saat apua Skaala-tuotteiden k\u00e4ytt\u00f6\u00f6n ja huoltoon.<\/p>\n<p>Jos sinulla her\u00e4\u00e4 lis\u00e4kysymyksi\u00e4, ole rohkeasti yhteydess\u00e4 asiakaspalveluumme.<\/p>\n\t<\/div>\n\n\n\n\t\n\t<div id=\"heading-block-block_1e4bdfd6b5cbd69de2103f5f80713eef\" class=\"heading-block\">\n\t\t<h2 ><span>Skaalan suomenkieliset esitteet<\/span><\/h2>\t<\/div>\n\n\n<div id=\"file-block-block_dcaddf938e38a63a881763f2e00be9a2\" class=\"file-block\">\n\t<div class=\"grid-container\">\n\t\t\t\t\t<div class=\"files\">\n\t\t\t\t\t\t\t\t<div class=\"file\">\n\t\t\t\t\t\t<a href=\"https:\/\/www.skaala.com\/wp-content\/uploads\/2025\/12\/Skaala-esite-11-25.pdf\" target=\"_blank\" aria-label=\"Avaa tiedosto: Skaala - yleisesite\" class=\"button\">Skaala &#8211; yleisesite<\/a>\n\t\t\t\t\t<\/div>\n\n\t\t\t\t\t\t\t\t\t<div class=\"file\">\n\t\t\t\t\t\t<a href=\"https:\/\/www.skaala.com\/wp-content\/uploads\/2025\/10\/Skaala-Ikkunaremontti-taloyhtiossa.pdf\" target=\"_blank\" aria-label=\"Avaa tiedosto: Skaala - taloyhti\u00f6kumppani\" class=\"button\">Skaala &#8211; taloyhti\u00f6kumppani<\/a>\n\t\t\t\t\t<\/div>\n\n\t\t\t\t\t\t\t\t\t<div class=\"file\">\n\t\t\t\t\t\t<a href=\"https:\/\/www.skaala.com\/wp-content\/uploads\/2025\/12\/Uudet-Arvo-ikkunat.pdf\" target=\"_blank\" aria-label=\"Avaa tiedosto: Arvo-ikkunat piilosaranoilla \" class=\"button\">Arvo-ikkunat piilosaranoilla <\/a>\n\t\t\t\t\t<\/div>\n\n\t\t\t\t\t\t\t\t\t<div class=\"file\">\n\t\t\t\t\t\t<a href=\"https:\/\/www.skaala.com\/wp-content\/uploads\/2025\/10\/Skaala-Sisaanaukeava-Aukea-ikkuna.pdf\" target=\"_blank\" aria-label=\"Avaa tiedosto: Sis\u00e4\u00e4naukeava Aukea-ikkuna\" class=\"button\">Sis\u00e4\u00e4naukeava Aukea-ikkuna<\/a>\n\t\t\t\t\t<\/div>\n\n\t\t\t\t\t\t\t\t\t<div class=\"file\">\n\t\t\t\t\t\t<a href=\"https:\/\/www.skaala.com\/wp-content\/uploads\/2025\/10\/Skaala-Kiintea-ikkuna-Aava.pdf\" target=\"_blank\" aria-label=\"Avaa tiedosto: Aava kiinte\u00e4 ikkuna\" class=\"button\">Aava kiinte\u00e4 ikkuna<\/a>\n\t\t\t\t\t<\/div>\n\n\t\t\t\t\t\t\t\t\t<div class=\"file\">\n\t\t\t\t\t\t<a href=\"https:\/\/www.skaala.com\/wp-content\/uploads\/2025\/10\/Skalaa-Ulosaukeava-ikkuna-Aasa.pdf\" target=\"_blank\" aria-label=\"Avaa tiedosto: Ulosaukeava Aasa-ikkuna\" class=\"button\">Ulosaukeava Aasa-ikkuna<\/a>\n\t\t\t\t\t<\/div>\n\n\t\t\t\t\t\t\t\t\t<div class=\"file\">\n\t\t\t\t\t\t<a href=\"https:\/\/www.skaala.com\/wp-content\/uploads\/2025\/10\/Skaala-Suvi-raitisilmaventtiili.pdf\" target=\"_blank\" aria-label=\"Avaa tiedosto: Suvi-raitisilmaventtiili\" class=\"button\">Suvi-raitisilmaventtiili<\/a>\n\t\t\t\t\t<\/div>\n\n\t\t\t\t\t\t\t\t\t<div class=\"file\">\n\t\t\t\t\t\t<a href=\"https:\/\/www.skaala.com\/wp-content\/uploads\/2025\/10\/Skaala-Ikkunan-hyonteispuite.pdf\" target=\"_blank\" aria-label=\"Avaa tiedosto: Skaala - hy\u00f6nteispuite\" class=\"button\">Skaala &#8211; hy\u00f6nteispuite<\/a>\n\t\t\t\t\t<\/div>\n\n\t\t\t\t\t\t\t\t\t<div class=\"file\">\n\t\t\t\t\t\t<a href=\"https:\/\/www.skaala.com\/wp-content\/uploads\/2023\/12\/Skaala-Signaali-ikkuna-2023.pdf\" target=\"_blank\" aria-label=\"Avaa tiedosto: Skaala - signaali-ikkuna\" class=\"button\">Skaala &#8211; signaali-ikkuna<\/a>\n\t\t\t\t\t<\/div>\n\n\t\t\t\t\t\t\t\t\t<div class=\"file\">\n\t\t\t\t\t\t<a href=\"https:\/\/www.skaala.com\/wp-content\/uploads\/2025\/10\/Skaala-Paloikkunat.pdf\" target=\"_blank\" aria-label=\"Avaa tiedosto: Paloluokitellut ikkunat\" class=\"button\">Paloluokitellut ikkunat<\/a>\n\t\t\t\t\t<\/div>\n\n\t\t\t\t\t\t\t\t\t<div class=\"file\">\n\t\t\t\t\t\t<a href=\"https:\/\/www.skaala.com\/wp-content\/uploads\/2025\/10\/Skaala-Ulko-ovet.pdf\" target=\"_blank\" aria-label=\"Avaa tiedosto: Skaalan ulko-ovet\" class=\"button\">Skaalan ulko-ovet<\/a>\n\t\t\t\t\t<\/div>\n\n\t\t\t\t\t\t\t\t\t<div class=\"file\">\n\t\t\t\t\t\t<a href=\"https:\/\/www.skaala.com\/wp-content\/uploads\/2025\/10\/Skaala-Palo-ovet.pdf\" target=\"_blank\" aria-label=\"Avaa tiedosto: Paloluokitellut ulko-ovet\" class=\"button\">Paloluokitellut ulko-ovet<\/a>\n\t\t\t\t\t<\/div>\n\n\t\t\t\t\t\t\t\t\t<div class=\"file\">\n\t\t\t\t\t\t<a href=\"https:\/\/www.skaala.com\/wp-content\/uploads\/2025\/10\/Skaala-Terassi-ja-parvekeovet.pdf\" target=\"_blank\" aria-label=\"Avaa tiedosto: Terassi- ja parvekeovet\" class=\"button\">Terassi- ja parvekeovet<\/a>\n\t\t\t\t\t<\/div>\n\n\t\t\t\t\t\t\t\t\t<div class=\"file\">\n\t\t\t\t\t\t<a href=\"https:\/\/www.skaala.com\/wp-content\/uploads\/2025\/10\/Skaala-Liukuovet.pdf\" target=\"_blank\" aria-label=\"Avaa tiedosto: Avara Lasiliukuovi\" class=\"button\">Avara Lasiliukuovi<\/a>\n\t\t\t\t\t<\/div>\n\n\t\t\t\t\t\t\t\t\t<div class=\"file\">\n\t\t\t\t\t\t<a href=\"https:\/\/www.skaala.com\/wp-content\/uploads\/2024\/05\/Kerrostaso-ovi-2024.pdf\" target=\"_blank\" aria-label=\"Avaa tiedosto: Kerrostaloasuntojen ovet\" class=\"button\">Kerrostaloasuntojen ovet<\/a>\n\t\t\t\t\t<\/div>\n\n\t\t\t\t\t\t\t\t\t<div class=\"file\">\n\t\t\t\t\t\t<a href=\"https:\/\/www.skaala.com\/wp-content\/uploads\/2025\/02\/Skaala-kayttoohjeet-2025-01.pdf\" target=\"_blank\" aria-label=\"Avaa tiedosto: Skaala - Omistajan k\u00e4sikirja\" class=\"button\">Skaala &#8211; Omistajan k\u00e4sikirja<\/a>\n\t\t\t\t\t<\/div>\n\n\t\t\t\t\t\t\t<\/div>\n\t\t\t<\/div>\n<\/div>\n\n\n\n\t\n\t<div id=\"heading-block-block_87bfb6a330e47c395a74c50903e0857b\" class=\"heading-block\">\n\t\t<h2 ><span>Skaalan muunkieliset esitteet<\/span><\/h2>\t<\/div>\n\n\n<div id=\"file-block-block_ecbb68c398ee4f30efcb3dc6a756ef1b\" class=\"file-block\">\n\t<div class=\"grid-container\">\n\t\t\t\t\t<div class=\"files\">\n\t\t\t\t\t\t\t\t<div class=\"file\">\n\t\t\t\t\t\t<a href=\"https:\/\/www.skaala.com\/wp-content\/uploads\/2024\/11\/Skaala-broshyr-2024.pdf\" target=\"_blank\" aria-label=\"Avaa tiedosto: Skaala - f\u00f6nster och d\u00f6rrar f\u00f6r nordiska f\u00f6rh\u00e5llanden\" class=\"button\">Skaala &#8211; f\u00f6nster och d\u00f6rrar f\u00f6r nordiska f\u00f6rh\u00e5llanden<\/a>\n\t\t\t\t\t<\/div>\n\n\t\t\t\t\t\t\t\t\t<div class=\"file\">\n\t\t\t\t\t\t<a href=\"https:\/\/www.skaala.com\/wp-content\/uploads\/2020\/06\/HAS-HASF-HEBE_www.pdf\" target=\"_blank\" aria-label=\"Avaa tiedosto: Skaala - ett lite b\u00e4ttre f\u00f6nster\" class=\"button\">Skaala &#8211; ett lite b\u00e4ttre f\u00f6nster<\/a>\n\t\t\t\t\t<\/div>\n\n\t\t\t\t\t\t\t\t\t<div class=\"file\">\n\t\t\t\t\t\t<a href=\"https:\/\/www.skaala.com\/wp-content\/uploads\/2025\/02\/Skaala-Owners-manual-2025-01.pdf\" target=\"_blank\" aria-label=\"Avaa tiedosto: Anv\u00e4ndarmanual \" class=\"button\">Anv\u00e4ndarmanual <\/a>\n\t\t\t\t\t<\/div>\n\n\t\t\t\t\t\t\t\t\t<div class=\"file\">\n\t\t\t\t\t\t<a href=\"https:\/\/www.skaala.com\/wp-content\/uploads\/2025\/02\/Skaala-Owners-manual-2025-01.pdf\" target=\"_blank\" aria-label=\"Avaa tiedosto: Instructions for maintenance &#038; use\" class=\"button\">Instructions for maintenance &#038; use<\/a>\n\t\t\t\t\t<\/div>\n\n\t\t\t\t\t\t\t\t\t<div class=\"file\">\n\t\t\t\t\t\t<a href=\"https:\/\/www.skaala.com\/wp-content\/uploads\/2020\/06\/Beeta-2020-product-card.pdf\" target=\"_blank\" aria-label=\"Avaa tiedosto: Skaala Beeta 2020\" class=\"button\">Skaala Beeta 2020<\/a>\n\t\t\t\t\t<\/div>\n\n\t\t\t\t\t\t\t<\/div>\n\t\t\t<\/div>\n<\/div>\n\n<\/div><\/div>\n\n\n\n<div class=\"wp-block-custom-content-area custom-wrapper alignleft has-red-background-color\"><div class=\"outer-wrap\">\n<div class=\"wp-block-custom-inner-columns has-three-columns custom-columns\"><div class=\"outer-wrap\">\n<div class=\"wp-block-custom-custom-column custom-column\"><div class=\"inner-wrap\">\n<a href=\"https:\/\/www.skaala.com\/fi\/ota-yhteytta\/pyyda-ilmainen-arvio-tai-kartoitus\/\" \nid=\"button-block-block_52b452236f6c377aae7177b7c4f2913f\" \nclass=\"button-block button\"\ntarget=\"\"\n>Pyyd\u00e4 ilmainen arvio<\/a>\n\n<\/div><\/div>\n\n\n\n<div class=\"wp-block-custom-custom-column custom-column\"><div class=\"inner-wrap\">\n<a href=\"https:\/\/www.skaala.com\/fi\/ota-yhteytta\/pyyda-tarjous\/\" \nid=\"button-block-block_b28e94b130c0240a358e2ed86abd2e8a\" \nclass=\"button-block button\"\ntarget=\"\"\n>Pyyd\u00e4 tarjous<\/a>\n\n<\/div><\/div>\n\n\n\n<div class=\"wp-block-custom-custom-column custom-column\"><div class=\"inner-wrap\">\n<a href=\"https:\/\/www.skaala.com\/fi\/ota-yhteytta\/pyyda-yhteydenottoa\/\" \nid=\"button-block-block_59a4b05e228afc466d3e855f055d1e4c\" \nclass=\"button-block button\"\ntarget=\"\"\n>Pyyd\u00e4 yhteydenottoa<\/a>\n\n<\/div><\/div>\n<\/div><\/div>\n<\/div><\/div>\n\n\n<div class=\"featured-items-block block\">\n\t<div class=\"featured-item\">\n\t\t<div class=\"content-half has-dark-gray-background-color\">\n\t\t\t<div class=\"featured-item--content grid-item\">\n\t\t\t\t\t\t<a class=\"button button-large\" href=\"https:\/\/www.skaala.com\/fi\/ota-yhteytta\/yhteystiedot\/\">Yhteystiedot &#8211; Etsitk\u00f6 myyj\u00e4\u00e4 alueellasi tai oikeaa yhteyshenkil\u00f6\u00e4 toimistolta?\u00a0<\/a>\n\t\t\t\t\t\t<\/div>\n\t\t<\/div>\n\t\t\t\t<div class=\"featured-item--image grid-item\"\n\t\t\t\t\tdata-interchange=\"\n\t\t\t\t\t[https:\/\/www.skaala.com\/wp-content\/uploads\/2023\/08\/Olohuoneenautoikkunat-1024x1536.jpg, small], \n\t\t\t\t\t[https:\/\/www.skaala.com\/wp-content\/uploads\/2023\/08\/Olohuoneenautoikkunat-1024x1536.jpg, medium], \n\t\t\t\t\t[https:\/\/www.skaala.com\/wp-content\/uploads\/2023\/08\/Olohuoneenautoikkunat-1200x1800.jpg, large], \n\t\t\t\t\t[https:\/\/www.skaala.com\/wp-content\/uploads\/2023\/08\/Olohuoneenautoikkunat-1024x1536.jpg, xlarge]\"\n\t\t\t\t\t>\n\t\t<\/div>\n\t\t\t<\/div>\n\t\t<div class=\"featured-item\">\n\t\t<div class=\"content-half has-dark-gray-background-color\">\n\t\t\t<div class=\"featured-item--content grid-item\">\n\t\t\t\t\t\t<a class=\"button button-large\" href=\"https:\/\/www.skaala.com\/fi\/ikkunat\/\">Ikkunat<\/a>\n\t\t\t\t\t\t<\/div>\n\t\t<\/div>\n\t\t\t\t<div class=\"featured-item--image grid-item\"\n\t\t\t\t\tdata-interchange=\"\n\t\t\t\t\t[https:\/\/www.skaala.com\/wp-content\/uploads\/2024\/09\/Skaala-Kiinteat-ikkunat-koira-1024x682.jpg, small], \n\t\t\t\t\t[https:\/\/www.skaala.com\/wp-content\/uploads\/2024\/09\/Skaala-Kiinteat-ikkunat-koira-1024x682.jpg, medium], \n\t\t\t\t\t[https:\/\/www.skaala.com\/wp-content\/uploads\/2024\/09\/Skaala-Kiinteat-ikkunat-koira-1200x800.jpg, large], \n\t\t\t\t\t[https:\/\/www.skaala.com\/wp-content\/uploads\/2024\/09\/Skaala-Kiinteat-ikkunat-koira-1536x1024.jpg, xlarge]\"\n\t\t\t\t\t>\n\t\t<\/div>\n\t\t\t<\/div>\n\t\t<div class=\"featured-item\">\n\t\t<div class=\"content-half has-dark-gray-background-color\">\n\t\t\t<div class=\"featured-item--content grid-item\">\n\t\t\t\t\t\t<a class=\"button button-large\" href=\"https:\/\/www.skaala.com\/fi\/ovet\/\">Ovet<\/a>\n\t\t\t\t\t\t<\/div>\n\t\t<\/div>\n\t\t\t\t<div class=\"featured-item--image grid-item\"\n\t\t\t\t\tdata-interchange=\"\n\t\t\t\t\t[https:\/\/www.skaala.com\/wp-content\/uploads\/2023\/10\/Skaala-Vantaa-showroom-1024x684.jpg, small], \n\t\t\t\t\t[https:\/\/www.skaala.com\/wp-content\/uploads\/2023\/10\/Skaala-Vantaa-showroom-1024x684.jpg, medium], \n\t\t\t\t\t[https:\/\/www.skaala.com\/wp-content\/uploads\/2023\/10\/Skaala-Vantaa-showroom-1200x802.jpg, large], \n\t\t\t\t\t[https:\/\/www.skaala.com\/wp-content\/uploads\/2023\/10\/Skaala-Vantaa-showroom-1536x1026.jpg, xlarge]\"\n\t\t\t\t\t>\n\t\t<\/div>\n\t\t\t<\/div>\n\t<\/div>\n","protected":false},"excerpt":{"rendered":"","protected":false},"author":5,"featured_media":16295,"parent":139,"menu_order":0,"comment_status":"closed","ping_status":"closed","template":"","meta":{"_acf_changed":false,"inline_featured_image":false,"footnotes":""},"class_list":["post-6651","page","type-page","status-publish","has-post-thumbnail","hentry"],"acf":[],"_links":{"self":[{"href":"https:\/\/www.skaala.com\/fi\/wp-json\/wp\/v2\/pages\/6651","targetHints":{"allow":["GET"]}}],"collection":[{"href":"https:\/\/www.skaala.com\/fi\/wp-json\/wp\/v2\/pages"}],"about":[{"href":"https:\/\/www.skaala.com\/fi\/wp-json\/wp\/v2\/types\/page"}],"author":[{"embeddable":true,"href":"https:\/\/www.skaala.com\/fi\/wp-json\/wp\/v2\/users\/5"}],"replies":[{"embeddable":true,"href":"https:\/\/www.skaala.com\/fi\/wp-json\/wp\/v2\/comments?post=6651"}],"version-history":[{"count":104,"href":"https:\/\/www.skaala.com\/fi\/wp-json\/wp\/v2\/pages\/6651\/revisions"}],"predecessor-version":[{"id":26852,"href":"https:\/\/www.skaala.com\/fi\/wp-json\/wp\/v2\/pages\/6651\/revisions\/26852"}],"up":[{"embeddable":true,"href":"https:\/\/www.skaala.com\/fi\/wp-json\/wp\/v2\/pages\/139"}],"wp:featuredmedia":[{"embeddable":true,"href":"https:\/\/www.skaala.com\/fi\/wp-json\/wp\/v2\/media\/16295"}],"wp:attachment":[{"href":"https:\/\/www.skaala.com\/fi\/wp-json\/wp\/v2\/media?parent=6651"}],"curies":[{"name":"wp","href":"https:\/\/api.w.org\/{rel}","templated":true}]}}