{"id":675,"date":"2020-04-23T14:37:41","date_gmt":"2020-04-23T11:37:41","guid":{"rendered":"https:\/\/www.skaala.com\/?page_id=675"},"modified":"2025-07-11T15:26:44","modified_gmt":"2025-07-11T12:26:44","slug":"huoltopalvelu","status":"publish","type":"page","link":"https:\/\/www.skaala.com\/fi\/palvelut\/huoltopalvelu\/","title":{"rendered":"Skaalan huoltopalvelu"},"content":{"rendered":"\n\t\t<header class=\"featured-hero article\" role=\"banner\" data-interchange=\"[https:\/\/www.skaala.com\/wp-content\/uploads\/2020\/05\/Pate-sorvaa-2-640x200.jpg, small], [https:\/\/www.skaala.com\/wp-content\/uploads\/2020\/05\/Pate-sorvaa-2-1280x400.jpg, medium], [https:\/\/www.skaala.com\/wp-content\/uploads\/2020\/05\/Pate-sorvaa-2-1440x400.jpg, large], [https:\/\/www.skaala.com\/wp-content\/uploads\/2020\/05\/Pate-sorvaa-2-1920x400.jpg, xlarge]\">\n\t\t\t\t\t<h1>Skaalan huoltopalvelu<\/h1>\n\t\t<\/header>\n\t\t\n\n\n<div class=\"wp-block-custom-content-area custom-wrapper alignleft has-light-blue-background-color\"><div class=\"outer-wrap\">\t\n\t<div id=\"heading-block-block_062657cc7b0af808c2a79c6f88cd4a67\" class=\"heading-block\">\n\t\t<h2 ><span>Skaalan huoltopalvelu \u2013 huollamme ovet ja ikkunat<\/span><\/h2>\t<\/div>\n\n\n\n<div id=\"text-block-block_edcfa568b567976e8fe6130412138c6c\" class=\"text-block\">\n\t\t\t<p><strong>Skaalan huoltopalvelu hoitaa Skaala-ikkunoiden ja Skaala-ovien korjauksen ja huollon, esimerkiksi korjausmaalauksen. Huoltopalvelumme kautta voi my\u00f6s tilata varaosia Skaala-tuotteisiin.<\/strong><\/p>\n<p>&nbsp;<\/p>\n<p>K\u00e4\u00e4nny Skaalan huoltopalvelun puoleen, jos Skaala-tuotteet vaativat korjausta tai yll\u00e4pit\u00e4v\u00e4\u00e4 huoltoa. Ikkunat ja ovet voivat vaatia korjausmaalausta, ja k\u00e4yt\u00f6ss\u00e4 kuluvia osia kuten painikkeita tai heloja, voi silloin t\u00e4ll\u00f6in joutua uusimaan. Hoidamme my\u00f6s ikkunoiden venttiilisuodattimien puhdistuksen ja vaihdon.<\/p>\n<p>&nbsp;<\/p>\n<p>S\u00e4\u00e4nn\u00f6llinen huolto, viipym\u00e4tt\u00e4 suoritetut korjaustoimenpiteet ja huolto-ohjeiden noudattaminen takaavat, ett\u00e4 ovet ja ikkunat toimivat moitteettomasti ja pysyv\u00e4t hyv\u00e4nn\u00e4k\u00f6isin\u00e4 jopa vuosikymmeni\u00e4.<\/p>\n<p>&nbsp;<\/p>\n<p>Huoltopalvelumme hoitaa niin suuret kuin pienetkin kohteet omakotitaloista suurempiin taloyhti\u00f6ihin. Taloyhti\u00f6iden on mahdollista tehd\u00e4 kanssamme huoltosopimus s\u00e4\u00e4nn\u00f6llisest\u00e4 <a href=\"https:\/\/www.skaala.com\/fi\/palvelut\/ikkunoiden-ja-ovien-huoltopalvelu\/\">ikkunoiden ja ovien m\u00e4\u00e4r\u00e4aikaishuollosta<\/a>. Palvelemme ymp\u00e4ri Suomen.<\/p>\n\t<\/div>\n\n\n\n\n<div class=\"wp-block-custom-inner-columns has-three-columns custom-columns\"><div class=\"outer-wrap\">\n<div class=\"wp-block-custom-custom-column alignleft custom-column\"><div class=\"inner-wrap\">\n<a href=\"https:\/\/www.skaala.com\/ikkunat\/ikkunoiden-hoito-ja-huolto\/\" \nid=\"button-block-block_5a6ea57949654c7e5062d63f60ff679a\" \nclass=\"button-block button\"\ntarget=\"\"\n>N\u00e4in hoidat ja huollat ikkunoita<\/a>\n\n<\/div><\/div>\n\n\n\n<div class=\"wp-block-custom-custom-column custom-column\"><div class=\"inner-wrap\">\n<a href=\"https:\/\/www.skaala.com\/ovet\/ovien-hoito-ja-huolto\/\" \nid=\"button-block-block_33650d0d398c4715e0e03782241eeac8\" \nclass=\"button-block button\"\ntarget=\"\"\n>N\u00e4in hoidat ja huollat ulko-ovia<\/a>\n\n<\/div><\/div>\n\n\n\n<div class=\"wp-block-custom-custom-column custom-column\"><div class=\"inner-wrap\">\n<a href=\"https:\/\/www.skaala.com\/ovet\/liukuovet\/liukuovien-hoito-ja-huolto\/\" \nid=\"button-block-block_3ee7e7009b665dc38b50ca07b63c7b0f\" \nclass=\"button-block button\"\ntarget=\"\"\n>N\u00e4in hoidat ja huollat liukuovia<\/a>\n\n<\/div><\/div>\n<\/div><\/div>\n\n\n\n<div class=\"wp-block-custom-inner-columns has-three-columns custom-columns\"><div class=\"outer-wrap\">\n<div class=\"wp-block-custom-custom-column custom-column\"><div class=\"inner-wrap\">\n<a href=\"https:\/\/www.skaala.com\/ota-yhteytta\/yhteystiedot\/\" \nid=\"button-block-block_428b3331f86709f3ba72d656c24ab27f\" \nclass=\"button-block button\"\ntarget=\"\"\n>Yhteystiedot<\/a>\n\n<\/div><\/div>\n\n\n\n<div class=\"wp-block-custom-custom-column custom-column\"><div class=\"inner-wrap\">\n<a href=\"https:\/\/upcode.skaala.com\/customer\/\" id=\"button-block-block_343b0dad134f6b57eb0e36d06beaed61\" class=\"button-block button\" target=\"_blank\" rel=\"noopener\">Tilaa huolto t\u00e4st\u00e4<\/a>\n\n<\/div><\/div>\n\n\n\n<div class=\"wp-block-custom-custom-column custom-column\"><div class=\"inner-wrap\">\n<a href=\"https:\/\/www.skaala.com\/fi\/ota-yhteytta\/pyyda-yhteydenottoa\/\" id=\"button-block-block_14ab096e3a83a8af5900b6e287370019\" class=\"button-block button\" target=\"\">Pyyd\u00e4 yhteydenottoa<\/a>\n\n<\/div><\/div>\n<\/div><\/div>\n<\/div><\/div>\n\n\n<div class=\"featured-items-block block\">\n\t<div class=\"featured-item\">\n\t\t<div class=\"content-half has-dark-gray-background-color\">\n\t\t\t<div class=\"featured-item--content grid-item\">\n\t\t\t\t\t\t<a class=\"button button-large\" href=\"https:\/\/www.skaala.com\/fi\/taloyhtiot-ja-julkiset-kohteet\/\">Taloyhti\u00f6t<\/a>\n\t\t\t\t\t\t<\/div>\n\t\t<\/div>\n\t\t\t\t<div class=\"featured-item--image grid-item\"\n\t\t\t\t\tdata-interchange=\"\n\t\t\t\t\t[https:\/\/www.skaala.com\/wp-content\/uploads\/2022\/11\/Skaalaauto2022autoFotografautoMattiasautoHamrenauto30-1024x683.jpg, small], \n\t\t\t\t\t[https:\/\/www.skaala.com\/wp-content\/uploads\/2022\/11\/Skaalaauto2022autoFotografautoMattiasautoHamrenauto30-1024x683.jpg, medium], \n\t\t\t\t\t[https:\/\/www.skaala.com\/wp-content\/uploads\/2022\/11\/Skaalaauto2022autoFotografautoMattiasautoHamrenauto30-1200x800.jpg, large], \n\t\t\t\t\t[https:\/\/www.skaala.com\/wp-content\/uploads\/2022\/11\/Skaalaauto2022autoFotografautoMattiasautoHamrenauto30-1536x1025.jpg, xlarge]\"\n\t\t\t\t\t>\n\t\t<\/div>\n\t\t\t<\/div>\n\t\t<div class=\"featured-item\">\n\t\t<div class=\"content-half has-dark-gray-background-color\">\n\t\t\t<div class=\"featured-item--content grid-item\">\n\t\t\t\t\t\t<a class=\"button button-large\" href=\"https:\/\/www.skaala.com\/fi\/omakotitalot-ja-mokit\/\">Omakotitalot ja m\u00f6kit<\/a>\n\t\t\t\t\t\t<\/div>\n\t\t<\/div>\n\t\t\t\t<div class=\"featured-item--image grid-item\"\n\t\t\t\t\tdata-interchange=\"\n\t\t\t\t\t[https:\/\/www.skaala.com\/wp-content\/uploads\/2023\/08\/Isotautoikkunatauto1-1024x1536.jpg, small], \n\t\t\t\t\t[https:\/\/www.skaala.com\/wp-content\/uploads\/2023\/08\/Isotautoikkunatauto1-1024x1536.jpg, medium], \n\t\t\t\t\t[https:\/\/www.skaala.com\/wp-content\/uploads\/2023\/08\/Isotautoikkunatauto1-1200x1800.jpg, large], \n\t\t\t\t\t[https:\/\/www.skaala.com\/wp-content\/uploads\/2023\/08\/Isotautoikkunatauto1-1024x1536.jpg, xlarge]\"\n\t\t\t\t\t>\n\t\t<\/div>\n\t\t\t<\/div>\n\t\t<div class=\"featured-item\">\n\t\t<div class=\"content-half has-dark-gray-background-color\">\n\t\t\t<div class=\"featured-item--content grid-item\">\n\t\t\t\t\t\t<a class=\"button button-large\" href=\"https:\/\/www.skaala.com\/fi\/tietoa-skaalasta\/\">Tietoa Skaalasta<\/a>\n\t\t\t\t\t\t<\/div>\n\t\t<\/div>\n\t\t\t\t<div class=\"featured-item--image grid-item\"\n\t\t\t\t\tdata-interchange=\"\n\t\t\t\t\t[https:\/\/www.skaala.com\/wp-content\/uploads\/2025\/04\/Yliharman-tehdas-1024x576.jpg, small], \n\t\t\t\t\t[https:\/\/www.skaala.com\/wp-content\/uploads\/2025\/04\/Yliharman-tehdas-1024x576.jpg, medium], \n\t\t\t\t\t[https:\/\/www.skaala.com\/wp-content\/uploads\/2025\/04\/Yliharman-tehdas-1200x675.jpg, large], \n\t\t\t\t\t[https:\/\/www.skaala.com\/wp-content\/uploads\/2025\/04\/Yliharman-tehdas-1536x864.jpg, xlarge]\"\n\t\t\t\t\t>\n\t\t<\/div>\n\t\t\t<\/div>\n\t<\/div>\n","protected":false},"excerpt":{"rendered":"","protected":false},"author":5,"featured_media":1409,"parent":139,"menu_order":0,"comment_status":"closed","ping_status":"closed","template":"","meta":{"_acf_changed":false,"inline_featured_image":false,"footnotes":""},"class_list":["post-675","page","type-page","status-publish","has-post-thumbnail","hentry"],"acf":[],"_links":{"self":[{"href":"https:\/\/www.skaala.com\/fi\/wp-json\/wp\/v2\/pages\/675","targetHints":{"allow":["GET"]}}],"collection":[{"href":"https:\/\/www.skaala.com\/fi\/wp-json\/wp\/v2\/pages"}],"about":[{"href":"https:\/\/www.skaala.com\/fi\/wp-json\/wp\/v2\/types\/page"}],"author":[{"embeddable":true,"href":"https:\/\/www.skaala.com\/fi\/wp-json\/wp\/v2\/users\/5"}],"replies":[{"embeddable":true,"href":"https:\/\/www.skaala.com\/fi\/wp-json\/wp\/v2\/comments?post=675"}],"version-history":[{"count":79,"href":"https:\/\/www.skaala.com\/fi\/wp-json\/wp\/v2\/pages\/675\/revisions"}],"predecessor-version":[{"id":25015,"href":"https:\/\/www.skaala.com\/fi\/wp-json\/wp\/v2\/pages\/675\/revisions\/25015"}],"up":[{"embeddable":true,"href":"https:\/\/www.skaala.com\/fi\/wp-json\/wp\/v2\/pages\/139"}],"wp:featuredmedia":[{"embeddable":true,"href":"https:\/\/www.skaala.com\/fi\/wp-json\/wp\/v2\/media\/1409"}],"wp:attachment":[{"href":"https:\/\/www.skaala.com\/fi\/wp-json\/wp\/v2\/media?parent=675"}],"curies":[{"name":"wp","href":"https:\/\/api.w.org\/{rel}","templated":true}]}}