{"id":8929,"date":"2020-10-09T12:54:07","date_gmt":"2020-10-09T09:54:07","guid":{"rendered":"https:\/\/www.skaala.com\/?page_id=8929"},"modified":"2026-03-11T10:28:06","modified_gmt":"2026-03-11T08:28:06","slug":"verkkokauppa","status":"publish","type":"page","link":"https:\/\/www.skaala.com\/fi\/verkkokauppa\/","title":{"rendered":"Verkkokauppa &#8211; ovet ja ikkunat netist\u00e4"},"content":{"rendered":"\n\t<header class=\"featured-hero custom\" role=\"banner\" data-interchange=\"\n\t\t[https:\/\/www.skaala.com\/wp-content\/uploads\/2025\/08\/Skaala-harma-092-1280x400.jpg, small],\n\t\t[https:\/\/www.skaala.com\/wp-content\/uploads\/2025\/08\/Skaala-harma-092-1280x400.jpg,medium],\n\t\t[https:\/\/www.skaala.com\/wp-content\/uploads\/2025\/08\/Skaala-harma-092-1440x400.jpg, large],\n\t\t[https:\/\/www.skaala.com\/wp-content\/uploads\/2025\/08\/Skaala-harma-092-1920x400.jpg, xlarge]\">\n\t\t\t<h1>Verkkokauppa &#8211; ovet ja ikkunat netist\u00e4<\/h1>\n\t<\/header>\n\t\n\n\n<div class=\"wp-block-custom-content-area custom-wrapper aligncenter has-light-blue-background-color\"><div class=\"outer-wrap\">\t\n\t<div id=\"heading-block-block_55e5ab0da2050769c5e3e3cf5e133964\" class=\"heading-block\">\n\t\t<h3 ><span>Skaala verkkokauppa &#8211; osta ikkunat ja ovet tai varaosat suoraan netist\u00e4<\/span><\/h3>\t<\/div>\n\n\n\n<div id=\"text-block-block_90506bbcfd8adaad3126ae978c5561f5\" class=\"text-block\">\n\t\t\t<p>Tiesitk\u00f6, ett\u00e4 Skaala-verkkokauppa tarjoaa matalan kynnyksen tavan hankkia ikkunat ja ovet? Hahmottele ensin tarvitsemasi tuotteet ja niiden mitat. Sy\u00f6t\u00e4 sen j\u00e4lkeen tiedot Skaala verkkokaupassa ja tilaa tuotteet. Halutessasi voit tilata my\u00f6s asennuksen!<\/p>\n<p>Varaosaverkkokaupasta l\u00f6yd\u00e4t varaosia aiemmin hankittuihin Skaala-tuotteisiin.<\/p>\n<p>Kysy lis\u00e4\u00e4!<\/p>\n\t<\/div>\n\n<\/div><\/div>\n\n\n\n<div class=\"wp-block-custom-content-area custom-wrapper aligncenter has-light-blue-background-color\"><div class=\"outer-wrap\">\n<div class=\"wp-block-custom-inner-columns has-two-columns custom-columns\"><div class=\"outer-wrap\">\n<div class=\"wp-block-custom-custom-column custom-column\"><div class=\"inner-wrap\">\t\n\t<div id=\"heading-block-block_55cc7ec11f5c9926f8feb5efa548ff8e\" class=\"heading-block\">\n\t\t<h2 ><span>Haluatko tiet\u00e4\u00e4 mit\u00e4 uudet ikkunat maksavat?  <\/span><\/h2>\t<\/div>\n\n\n\n<div id=\"text-block-block_d459974196012c23772adab21043b928\" class=\"text-block\">\n\t\t\t<p>Tilaa verkkokaupastamme tarvitsemasi ikkunat ja ovet asennuksella tai ilman.<\/p>\n<p>Voit my\u00f6s tallentaa suunnitelmasi ja pyyt\u00e4\u00e4 asiantuntijaamme avuksi tai tilata ikkunat ja ovet suoraan Skaalan verkkokaupasta!<\/p>\n<p>Valmistamme kaikki ovet ja ikkunat mittojen mukaan.<\/p>\n\t<\/div>\n\n\n\n\n<a href=\"https:\/\/skaala.ikkunaverkkokauppa.fi\/\" id=\"button-block-block_d39c07aa327aca423a7974631ac6369d\" class=\"button-block button\" target=\"_blank\" rel=\"noopener\">T\u00e4st\u00e4 ikkunaverkkokauppaan<\/a>\n\n\n\n\n<a href=\"https:\/\/www.skaala.com\/fi\/ikkunaremontti-verkkokaupasta\/\" id=\"button-block-block_bdc0b50c023dc2f5b9929c6debb06f6d\" class=\"button-block button\" target=\"\">Verkkokaupasta my\u00f6s asennus &#8211; lue lis\u00e4\u00e4 t\u00e4st\u00e4!<\/a>\n\n<\/div><\/div>\n\n\n\n<div class=\"wp-block-custom-custom-column custom-column\"><div class=\"inner-wrap\">\t\n\t<div id=\"heading-block-block_7b73d73b8512314024eec276ac303407\" class=\"heading-block\">\n\t\t<h2 ><span>Haluatko tilata varaosia Skaala-tuotteisiin?<\/span><\/h2>\t<\/div>\n\n\n\n<div id=\"text-block-block_1888585f2bd610fd7959fb29a4beb576\" class=\"text-block\">\n\t\t\t<p>T\u00e4\u00e4lt\u00e4 tilaat k\u00e4tev\u00e4sti tarvikkeet ja varaosat Skaala ikkunoihin ja oviin.<\/p>\n<p>Joitain tuotteita varten tarvitset tietoja tunnistetietotarrasta. Katso siit\u00e4 tilausnumerosi asiointiasi helpottamaan.<\/p>\n<p>Alkuper\u00e4isill\u00e4 varaosilla varmistat tuotteiden toimIvuuden.<\/p>\n\t<\/div>\n\n\n\n\n<a href=\"https:\/\/skaala.omaverkkokauppa.fi\/\" id=\"button-block-block_2a7e6ceae6a3ef44752e610f3252f843\" class=\"button-block button\" target=\"_blank\" rel=\"noopener\">T\u00e4st\u00e4 tilaamaan varaosia<\/a>\n\n\n\n\n<a href=\"https:\/\/www.skaala.com\/fi\/visor-kaihtimet\/\" id=\"button-block-block_df2cdad0a28d28f7928669fd51f74000\" class=\"button-block button\" target=\"\">Tilaa t\u00e4st\u00e4 VISOR PIMENNYSKAIHTIMET<\/a>\n\n<\/div><\/div>\n<\/div><\/div>\n\n\n\n<a href=\"https:\/\/bot.leadoo.com\/bot\/chat.html?code=cd553e35\" id=\"button-block-block_832adf5978fcf0048d1502bd629e2fb7\" class=\"button-block button\" target=\"\" rel=\"noopener\">Keskustele chatissa<\/a>\n\n\n\n<div id=\"cards-block_6f36dd108d8d91c350de4f1f091ab51f\" class=\"cards-block count-3\">\n<div id=\"cards-block_6f36dd108d8d91c350de4f1f091ab51f\" class=\"cards-block--card\">\n\t\t\t<div class=\"icon-block\" style=\"background-image: url('https:\/\/www.skaala.com\/wp-content\/themes\/skaala-2023\/dist\/assets\/images\/icons\/check-square-red.svg);\">\n\t\t<\/div>\n\t\t\t\t<h4>Nopea tilaus 24\/7<\/h4>\n\t\t\t\t<\/div>\n\t<div id=\"cards-block_6f36dd108d8d91c350de4f1f091ab51f\" class=\"cards-block--card\">\n\t\t\t<div class=\"icon-block\" style=\"background-image: url('https:\/\/www.skaala.com\/wp-content\/themes\/skaala-2023\/dist\/assets\/images\/icons\/check-square-red.svg);\">\n\t\t<\/div>\n\t\t\t\t<h4>Selke\u00e4 hinnoittelu<\/h4>\n\t\t\t\t<\/div>\n\t<div id=\"cards-block_6f36dd108d8d91c350de4f1f091ab51f\" class=\"cards-block--card\">\n\t\t\t<div class=\"icon-block\" style=\"background-image: url('https:\/\/www.skaala.com\/wp-content\/themes\/skaala-2023\/dist\/assets\/images\/icons\/check-square-red.svg);\">\n\t\t<\/div>\n\t\t\t\t<h4>Asiantuntija apuna tarvittaessa<\/h4>\n\t\t\t\t<\/div>\n\t<\/div>\n<\/div><\/div>\n\n\n<div class=\"featured-items-block block\">\n\t<div class=\"featured-item\">\n\t\t<div class=\"content-half has-dark-gray-background-color\">\n\t\t\t<div class=\"featured-item--content grid-item\">\n\t\t\t\t\t\t<a class=\"button button-large\" href=\"https:\/\/www.skaala.com\/fi\/verkkokauppa\/ikkunaremontti-verkkokaupasta\/\">N\u00e4in tilaat ikkunat ja ovet verkkokaupasta<\/a>\n\t\t\t\t\t\t<\/div>\n\t\t<\/div>\n\t\t\t\t<div class=\"featured-item--image grid-item\"\n\t\t\t\t\tdata-interchange=\"\n\t\t\t\t\t[https:\/\/www.skaala.com\/wp-content\/uploads\/2025\/12\/Seglinge-keittion-ikkunat-1024x683.jpg, small], \n\t\t\t\t\t[https:\/\/www.skaala.com\/wp-content\/uploads\/2025\/12\/Seglinge-keittion-ikkunat-1024x683.jpg, medium], \n\t\t\t\t\t[https:\/\/www.skaala.com\/wp-content\/uploads\/2025\/12\/Seglinge-keittion-ikkunat-1200x800.jpg, large], \n\t\t\t\t\t[https:\/\/www.skaala.com\/wp-content\/uploads\/2025\/12\/Seglinge-keittion-ikkunat-1536x1024.jpg, xlarge]\"\n\t\t\t\t\t>\n\t\t<\/div>\n\t\t\t<\/div>\n\t\t<div class=\"featured-item\">\n\t\t<div class=\"content-half has-dark-gray-background-color\">\n\t\t\t<div class=\"featured-item--content grid-item\">\n\t\t\t\t\t\t<a class=\"button button-large\" href=\"https:\/\/www.skaala.com\/fi\/ota-yhteytta\/yhteystiedot\/\">Yhteystiedot &#8211; Etsitk\u00f6 myyj\u00e4\u00e4 alueellasi tai oikeaa yhteyshenkil\u00f6\u00e4 toimistolta?\u00a0<\/a>\n\t\t\t\t\t\t<\/div>\n\t\t<\/div>\n\t\t\t\t<div class=\"featured-item--image grid-item\"\n\t\t\t\t\tdata-interchange=\"\n\t\t\t\t\t[https:\/\/www.skaala.com\/wp-content\/uploads\/2023\/08\/Olohuoneenautoikkunat-1024x1536.jpg, small], \n\t\t\t\t\t[https:\/\/www.skaala.com\/wp-content\/uploads\/2023\/08\/Olohuoneenautoikkunat-1024x1536.jpg, medium], \n\t\t\t\t\t[https:\/\/www.skaala.com\/wp-content\/uploads\/2023\/08\/Olohuoneenautoikkunat-1200x1800.jpg, large], \n\t\t\t\t\t[https:\/\/www.skaala.com\/wp-content\/uploads\/2023\/08\/Olohuoneenautoikkunat-1024x1536.jpg, xlarge]\"\n\t\t\t\t\t>\n\t\t<\/div>\n\t\t\t<\/div>\n\t\t<div class=\"featured-item\">\n\t\t<div class=\"content-half has-dark-gray-background-color\">\n\t\t\t<div class=\"featured-item--content grid-item\">\n\t\t\t\t\t\t<a class=\"button button-large\" href=\"https:\/\/www.skaala.com\/fi\/tietoa-skaalasta\/skaalan-tarina\/\">Skaalan tarina<\/a>\n\t\t\t\t\t\t<\/div>\n\t\t<\/div>\n\t\t\t\t<div class=\"featured-item--image grid-item\"\n\t\t\t\t\tdata-interchange=\"\n\t\t\t\t\t[https:\/\/www.skaala.com\/wp-content\/uploads\/2020\/05\/Ylih\u00e4rm\u00e4n-tehdas-ilmakuva-2018-1024x576.jpg, small], \n\t\t\t\t\t[https:\/\/www.skaala.com\/wp-content\/uploads\/2020\/05\/Ylih\u00e4rm\u00e4n-tehdas-ilmakuva-2018-1024x576.jpg, medium], \n\t\t\t\t\t[https:\/\/www.skaala.com\/wp-content\/uploads\/2020\/05\/Ylih\u00e4rm\u00e4n-tehdas-ilmakuva-2018-1200x675.jpg, large], \n\t\t\t\t\t[https:\/\/www.skaala.com\/wp-content\/uploads\/2020\/05\/Ylih\u00e4rm\u00e4n-tehdas-ilmakuva-2018-1536x864.jpg, xlarge]\"\n\t\t\t\t\t>\n\t\t<\/div>\n\t\t\t<\/div>\n\t<\/div>\n","protected":false},"excerpt":{"rendered":"","protected":false},"author":5,"featured_media":25243,"parent":0,"menu_order":0,"comment_status":"closed","ping_status":"closed","template":"","meta":{"_acf_changed":false,"inline_featured_image":false,"footnotes":""},"class_list":["post-8929","page","type-page","status-publish","has-post-thumbnail","hentry"],"acf":[],"_links":{"self":[{"href":"https:\/\/www.skaala.com\/fi\/wp-json\/wp\/v2\/pages\/8929","targetHints":{"allow":["GET"]}}],"collection":[{"href":"https:\/\/www.skaala.com\/fi\/wp-json\/wp\/v2\/pages"}],"about":[{"href":"https:\/\/www.skaala.com\/fi\/wp-json\/wp\/v2\/types\/page"}],"author":[{"embeddable":true,"href":"https:\/\/www.skaala.com\/fi\/wp-json\/wp\/v2\/users\/5"}],"replies":[{"embeddable":true,"href":"https:\/\/www.skaala.com\/fi\/wp-json\/wp\/v2\/comments?post=8929"}],"version-history":[{"count":67,"href":"https:\/\/www.skaala.com\/fi\/wp-json\/wp\/v2\/pages\/8929\/revisions"}],"predecessor-version":[{"id":27699,"href":"https:\/\/www.skaala.com\/fi\/wp-json\/wp\/v2\/pages\/8929\/revisions\/27699"}],"wp:featuredmedia":[{"embeddable":true,"href":"https:\/\/www.skaala.com\/fi\/wp-json\/wp\/v2\/media\/25243"}],"wp:attachment":[{"href":"https:\/\/www.skaala.com\/fi\/wp-json\/wp\/v2\/media?parent=8929"}],"curies":[{"name":"wp","href":"https:\/\/api.w.org\/{rel}","templated":true}]}}