{"id":12340,"date":"2022-02-10T21:13:16","date_gmt":"2022-02-10T19:13:16","guid":{"rendered":"https:\/\/www.skaala.com\/?page_id=12340"},"modified":"2024-09-02T13:22:05","modified_gmt":"2024-09-02T10:22:05","slug":"monterings-och-skotselanvisning","status":"publish","type":"page","link":"https:\/\/www.skaala.com\/sv\/monterings-och-skotselanvisning\/","title":{"rendered":"Monterings- och sk\u00f6tselanvisning"},"content":{"rendered":"\n<div class=\"wp-block-custom-content-area custom-wrapper alignleft has-light-blue-background-color\"><div class=\"outer-wrap\">\t\n\t<div id=\"heading-block-block_1a8283d6f06789b3d55fe2259e9493e7\" class=\"heading-block\">\n\t\t<h1 ><span>Monterings- och  sk\u00f6tselanvisningar<\/span><\/h1>\t<\/div>\n\n\n<div id=\"file-block-block_2a4633d47f7c34e4d93fb2ebbc814018\" class=\"file-block\">\n\t<div class=\"grid-container\">\n\t\t\t\t\t<div class=\"files\">\n\t\t\t\t\t\t\t\t<div class=\"file\">\n\t\t\t\t\t\t<a href=\"https:\/\/www.skaala.com\/wp-content\/uploads\/2022\/02\/Monterinsanvisning-Beeta-2022.pdf\" target=\"_blank\" aria-label=\"Avaa tiedosto: Montageanvisning Skaala f\u00f6nster\" class=\"button\">Montageanvisning Skaala f\u00f6nster<\/a>\n\t\t\t\t\t<\/div>\n\n\t\t\t\t\t\t\t\t\t<div class=\"file\">\n\t\t\t\t\t\t<a href=\"https:\/\/www.skaala.com\/wp-content\/uploads\/2022\/02\/Monteringsanvisning-brandf\u00f6nster.pdf\" target=\"_blank\" aria-label=\"Avaa tiedosto: Montageanvisning Skaala brandf\u00f6nster EI30\" class=\"button\">Montageanvisning Skaala brandf\u00f6nster EI30<\/a>\n\t\t\t\t\t<\/div>\n\n\t\t\t\t\t\t\t\t\t<div class=\"file\">\n\t\t\t\t\t\t<a href=\"https:\/\/www.skaala.com\/wp-content\/uploads\/2023\/06\/21autodoorautoinstallationautomonteringautoasennusauto2.pdf\" target=\"_blank\" aria-label=\"Avaa tiedosto: Montageanvisning Skaala ut\u00e5tg\u00e5ende d\u00f6rr 2+1\" class=\"button\">Montageanvisning Skaala ut\u00e5tg\u00e5ende d\u00f6rr 2+1<\/a>\n\t\t\t\t\t<\/div>\n\n\t\t\t\t\t\t\t\t\t<div class=\"file\">\n\t\t\t\t\t\t<a href=\"https:\/\/www.skaala.com\/wp-content\/uploads\/2022\/02\/100-1215E-A-HebeA-installation-instruction.pdf\" target=\"_blank\" aria-label=\"Avaa tiedosto: Montageavsning Lyft-Skjutd\u00f6rrar\" class=\"button\">Montageavsning Lyft-Skjutd\u00f6rrar<\/a>\n\t\t\t\t\t<\/div>\n\n\t\t\t\t\t\t\t\t\t<div class=\"file\">\n\t\t\t\t\t\t<a href=\"https:\/\/www.skaala.com\/wp-content\/uploads\/2022\/02\/Demontering-av-d\u00f6rrbladet-HEBEA20.pdf\" target=\"_blank\" aria-label=\"Avaa tiedosto: Anvisning om hur man demontera Lyft-Skjutd\u00f6rrens d\u00f6rrblad\" class=\"button\">Anvisning om hur man demontera Lyft-Skjutd\u00f6rrens d\u00f6rrblad<\/a>\n\t\t\t\t\t<\/div>\n\n\t\t\t\t\t\t\t\t\t<div class=\"file\">\n\t\t\t\t\t\t<a href=\"https:\/\/www.skaala.com\/wp-content\/uploads\/2024\/09\/Beeta-anvandning-och-skotselmanual.pdf\" target=\"_blank\" aria-label=\"Avaa tiedosto: Sk\u00f6tselanvisning Skaala ljudf\u00f6nster\" class=\"button\">Sk\u00f6tselanvisning Skaala ljudf\u00f6nster<\/a>\n\t\t\t\t\t<\/div>\n\n\t\t\t\t\t\t\t\t\t<div class=\"file\">\n\t\t\t\t\t\t<a href=\"https:\/\/www.skaala.com\/wp-content\/uploads\/2022\/07\/Skaala-Anvandarmanual-SV-06-22.pdf\" target=\"_blank\" aria-label=\"Avaa tiedosto: Skaala Anv\u00e4ndarmanual\" class=\"button\">Skaala Anv\u00e4ndarmanual<\/a>\n\t\t\t\t\t<\/div>\n\n\t\t\t\t\t\t\t\t\t<div class=\"file\">\n\t\t\t\t\t\t<a href=\"https:\/\/www.skaala.com\/wp-content\/uploads\/2022\/02\/HAS-TT180-sk\u00f6tselanvisning.pdf\" target=\"_blank\" aria-label=\"Avaa tiedosto: Sk\u00f6tselanvisning Skaala ut\u00e5tg\u00e5ende vridf\u00f6nster\" class=\"button\">Sk\u00f6tselanvisning Skaala ut\u00e5tg\u00e5ende vridf\u00f6nster<\/a>\n\t\t\t\t\t<\/div>\n\n\t\t\t\t\t\t\t\t\t<div class=\"file\">\n\t\t\t\t\t\t<a href=\"https:\/\/www.skaala.com\/wp-content\/uploads\/2022\/02\/skaala_continental_dreh_kipp_fonster_bruksanvisning_swe-6.pdf\" target=\"_blank\" aria-label=\"Avaa tiedosto: Sk\u00f6tselanvisning Skaala Dreh-Kipp f\u00f6nster\" class=\"button\">Sk\u00f6tselanvisning Skaala Dreh-Kipp f\u00f6nster<\/a>\n\t\t\t\t\t<\/div>\n\n\t\t\t\t\t\t\t\t\t<div class=\"file\">\n\t\t\t\t\t\t<a href=\"https:\/\/www.skaala.com\/wp-content\/uploads\/2022\/02\/DK-Titan-justeringsanvisning.pdf\" target=\"_blank\" aria-label=\"Avaa tiedosto: Anvisning Justerig av Dreh-Kipp beslag\" class=\"button\">Anvisning Justerig av Dreh-Kipp beslag<\/a>\n\t\t\t\t\t<\/div>\n\n\t\t\t\t\t\t\t\t\t<div class=\"file\">\n\t\t\t\t\t\t<a href=\"https:\/\/www.skaala.com\/wp-content\/uploads\/2022\/02\/BIOBE-ventil.pdf\" target=\"_blank\" aria-label=\"Avaa tiedosto: Anvisning BIOBE ventil\" class=\"button\">Anvisning BIOBE ventil<\/a>\n\t\t\t\t\t<\/div>\n\n\t\t\t\t\t\t\t\t\t<div class=\"file\">\n\t\t\t\t\t\t<a href=\"https:\/\/www.skaala.com\/wp-content\/uploads\/2023\/03\/SkaalaautowindowsautoSwedishautoinstallationautoinstructionsauto2023.pdf\" target=\"_blank\" aria-label=\"Avaa tiedosto: Skaalas installations instructions in English\" class=\"button\">Skaalas installations instructions in English<\/a>\n\t\t\t\t\t<\/div>\n\n\t\t\t\t\t\t\t<\/div>\n\t\t\t<\/div>\n<\/div>\n\n<\/div><\/div>\n","protected":false},"excerpt":{"rendered":"","protected":false},"author":17,"featured_media":0,"parent":0,"menu_order":0,"comment_status":"closed","ping_status":"closed","template":"","meta":{"_acf_changed":false,"inline_featured_image":false,"footnotes":""},"class_list":["post-12340","page","type-page","status-publish","hentry"],"acf":[],"_links":{"self":[{"href":"https:\/\/www.skaala.com\/sv\/wp-json\/wp\/v2\/pages\/12340","targetHints":{"allow":["GET"]}}],"collection":[{"href":"https:\/\/www.skaala.com\/sv\/wp-json\/wp\/v2\/pages"}],"about":[{"href":"https:\/\/www.skaala.com\/sv\/wp-json\/wp\/v2\/types\/page"}],"author":[{"embeddable":true,"href":"https:\/\/www.skaala.com\/sv\/wp-json\/wp\/v2\/users\/17"}],"replies":[{"embeddable":true,"href":"https:\/\/www.skaala.com\/sv\/wp-json\/wp\/v2\/comments?post=12340"}],"version-history":[{"count":24,"href":"https:\/\/www.skaala.com\/sv\/wp-json\/wp\/v2\/pages\/12340\/revisions"}],"predecessor-version":[{"id":21823,"href":"https:\/\/www.skaala.com\/sv\/wp-json\/wp\/v2\/pages\/12340\/revisions\/21823"}],"wp:attachment":[{"href":"https:\/\/www.skaala.com\/sv\/wp-json\/wp\/v2\/media?parent=12340"}],"curies":[{"name":"wp","href":"https:\/\/api.w.org\/{rel}","templated":true}]}}