{"id":12408,"date":"2022-02-16T23:00:29","date_gmt":"2022-02-16T21:00:29","guid":{"rendered":"https:\/\/www.skaala.com\/?page_id=12408"},"modified":"2025-06-25T14:20:22","modified_gmt":"2025-06-25T11:20:22","slug":"expert-pa-ljud-och-energifonster","status":"publish","type":"page","link":"https:\/\/www.skaala.com\/sv\/expert-pa-ljud-och-energifonster\/","title":{"rendered":"Expert p\u00e5 ljudf\u00f6nster"},"content":{"rendered":"\n\t<header class=\"featured-hero custom\" role=\"banner\" data-interchange=\"\n\t\t[https:\/\/www.skaala.com\/wp-content\/uploads\/2022\/11\/Skaalaauto2022autoFotografautoMattiasautoHamrenauto14-1280x400.jpg, small],\n\t\t[https:\/\/www.skaala.com\/wp-content\/uploads\/2022\/11\/Skaalaauto2022autoFotografautoMattiasautoHamrenauto14-1280x400.jpg,medium],\n\t\t[https:\/\/www.skaala.com\/wp-content\/uploads\/2022\/11\/Skaalaauto2022autoFotografautoMattiasautoHamrenauto14-1440x400.jpg, large],\n\t\t[https:\/\/www.skaala.com\/wp-content\/uploads\/2022\/11\/Skaalaauto2022autoFotografautoMattiasautoHamrenauto14-1920x400.jpg, xlarge]\">\n\t\t\t<h1>B\u00e4st mot buller<\/h1>\n\t<\/header>\n\t\n\n\n<div class=\"wp-block-custom-content-area custom-wrapper alignleft has-light-blue-background-color\"><div class=\"outer-wrap\">\n<div id=\"text-block-block_03491205a97e6194aebc760b2931a72b\" class=\"text-block\">\n\t\t\t<h2>V\u00e5ra ljudf\u00f6nster \u00e4r b\u00e4st mot buller<\/h2>\n\t<\/div>\n\n\n\n\t\n\t<div id=\"heading-block-block_ecfe22cf0932421ec956a30650b50b01\" class=\"heading-block\">\n\t\t<h3 ><span>Skaala ljudf\u00f6nster Beeta klarar ljudreduktioner upp till Rw52dB<\/span><\/h3>\t<\/div>\n\n\n\n<div id=\"text-block-block_525025b784dc4227fcf9eccbb6607a22\" class=\"text-block\">\n\t\t\t<p>Det finns tv\u00e5 s\u00e4tt att uppn\u00e5 h\u00f6g ljudreduktion i f\u00f6nster, tjocka glas och stor luftspalt mellan glasen.<\/p>\n<p>&nbsp;<\/p>\n<p>Ljudf\u00f6nster\u00f6nster av 2+1 konstruktion d\u00e4r ytter och innerb\u00e5ge \u00e4r separerade ger d\u00e4rf\u00f6r b\u00e4ttre ljudreduktion \u00e4n en konstruktion med motsvarande glasning i en 3-glas kassett.<\/p>\n<p>&nbsp;<\/p>\n<p><strong>St\u00f6rre karmdjup ger st\u00f6rre ljudreduktion &#8211; enkelt!<\/strong><\/p>\n\t<\/div>\n\n\n\n\n<div id=\"text-block-block_d67a29b320d2761ec589bcce937b32d6\" class=\"text-block\">\n\t\t\t<h3>Parallelh\u00e4ngt konstruktion \u00e4r nyckeln<\/h3>\n\t<\/div>\n\n\n\n\n<div id=\"text-block-block_784ac93fa3fb86314cc250e78979b5d7\" class=\"text-block\">\n\t\t\t<p>V\u00e5rt ljudf\u00f6nster typ<a href=\"https:\/\/www.skaala.com\/sv\/alla-f\u00f6nster\/inatgaende-fonster\/\"> Beeta med parallellh\u00e4ngda b\u00e5gar<\/a> kan tillverkas i olika karmdjup, 131, 175 och 210mm.<\/p>\n<p>&nbsp;<\/p>\n<p>Kostnaden f\u00f6r f\u00f6nstren blir l\u00e4gre, eftersom vi beh\u00f6ver inte anv\u00e4nda tjocka glas eller ljudlaminat i de flesta fallen. Kombinerar vi ljudlaminatglas med v\u00e5ra djupa karmar p\u00e5 210 mm uppn\u00e5r vi en ljudreduktion p\u00e5 52 decibel (RW).<\/p>\n<p>&nbsp;<\/p>\n<p>Dom parallellkopplade b\u00e5garna d\u00e4r ytter och innerb\u00e5ge \u00e4r h\u00e4ngda p\u00e5 sina egna g\u00e5ngj\u00e4rnsupps\u00e4ttningar till\u00e5ter \u00e4ven en n\u00e4tt karm- och b\u00e5gkonstruktion med endast 79mm avst\u00e5nd fr\u00e5n karmkant till glas vilket ger ett ovanligt stort ljusinsl\u00e4pp.<\/p>\n<p>&nbsp;<\/p>\n<p>Den stora glasytan \u00e4r av f\u00f6rdel i m\u00e5nga nyproduktionsprojekt d\u00e4r ljusinsl\u00e4ppet \u00e4r av stor vikt.<\/p>\n\t<\/div>\n\n\n\n\n<div id=\"text-block-block_8b8e3f59ff658a854837a64d796610ab\" class=\"text-block\">\n\t\t\t<h3>Ljudreduktion genom f\u00f6nsterd\u00f6rrar<\/h3>\n\t<\/div>\n\n\n\n\n<div id=\"text-block-block_ae9fefe156bcd3bf025a4c15207473a1\" class=\"text-block\">\n\t\t\t<p style=\"text-align: left;\">N\u00e4r det kommer till f\u00f6nsterd\u00f6rrar klarar in\u00e5tg\u00e5ende modeller en h\u00f6gre ljudreduktion \u00e4n ut\u00e5tg\u00e5ende eftersom konstruktionen \u00e4r lika med v\u00e5rt f\u00f6nster typ Beeta.<\/p>\n<p>&nbsp;<\/p>\n<p style=\"text-align: left;\">V\u00e5ra ut\u00e5tg\u00e5ende f\u00f6nsterd\u00f6rrar av standardmodell som \u00e4r kopplade med en 2+1 glaskombination kan uppn\u00e5 en ljudreduktion p\u00e5 45 decibel (RW).<\/p>\n<p>&nbsp;<\/p>\n<p><iframe title=\"YouTube video player\" src=\"https:\/\/www.youtube.com\/embed\/yVKc7ba_iEg\" width=\"560\" height=\"315\" frameborder=\"0\" allowfullscreen=\"allowfullscreen\"><\/iframe><\/p>\n\t<\/div>\n\n\n\n\t\n\t<div id=\"heading-block-block_9bba8f5e59d69b391e63daac8a740a65\" class=\"heading-block\">\n\t\t<h2 ><span>Specialkonstruktion d\u00e4mpat v\u00e4dring<\/span><\/h2>\t<\/div>\n\n\n\n<div id=\"text-block-block_ac6e2acd5b77083455f77bbf26333773\" class=\"text-block\">\n\t\t\t<p>Ibland finns det ett behov av att kunna v\u00e4dra men \u00e4nd\u00e5 f\u00e5 en viss ljudreduktion, oftast i fall med sm\u00e5 l\u00e4genheter utan tyst sida.<\/p>\n<p>Skaala kan erbjuda en l\u00f6sning med ett helaluminiumf\u00f6nster p\u00e5 utsida som har en luftspalt i underkant och ett inv\u00e4ndig ljudd\u00e4mpat f\u00f6nster.<\/p>\n<p>F\u00f6r mer information se v\u00e5r video nedan eller <a href=\"https:\/\/www.skaala.com\/sv\/kontaktuppgifter\/\">kontakta oss<\/a>.<\/p>\n<p><iframe title=\"YouTube video player\" src=\"https:\/\/www.youtube.com\/embed\/M6xnSfGSAS0\" width=\"560\" height=\"315\" frameborder=\"0\" allowfullscreen=\"allowfullscreen\"><\/iframe><\/p>\n\t<\/div>\n\n\n\n\t\n\t<div id=\"heading-block-block_9baba6f4e582989316c08046ec60b7e8\" class=\"heading-block\">\n\t\t<h2 ><span>Djupa karmar ger f\u00f6rdelar i ROT projekt<\/span><\/h2>\t<\/div>\n\n\n\n<div id=\"text-block-block_a91a9274633e555e3143101835f0158a\" class=\"text-block\">\n\t\t\t<p>V\u00e5ra <a href=\"https:\/\/www.skaala.com\/sv\/alla-f\u00f6nster\/inatgaende-ljudfonster\/\">Beeta f\u00f6nster<\/a> kan v\u00e4ljas med f\u00f6rdel till f\u00f6nsterbytesprojekt, d\u00e4r \u00e4ven fasaden skall <a href=\"https:\/\/www.skaala.com\/sv\/fasadrenovering-fonsterbyte\/\">till\u00e4ggsisoleras<\/a>.<\/p>\n<p>&nbsp;<\/p>\n<p>Vid val av f\u00f6nster med 175 mm karmdjup kommer utsidan av f\u00f6nstret lagom l\u00e5ngt ut f\u00f6r att t\u00e4cka upp distansskillnaden fr\u00e5n till\u00e4ggsisoleringen, samtidigt som insida f\u00f6nster \u00e4r kvar p\u00e5 exakt samma st\u00e4lle som f\u00f6rr.<\/p>\n<p>&nbsp;<\/p>\n<p>BEETA f\u00f6nstrets sm\u00e4ckra design ger samma glasdag\u00f6ppning som ett f\u00f6nster fr\u00e5n till exempel 1950-talet.<br \/>\nF\u00f6r mer information se v\u00e5r video!<\/p>\n\t<\/div>\n\n\n\n\n<div id=\"text-block-block_f26f61e4315c25eda3de3650f856dd3f\" class=\"text-block\">\n\t\t\t<p><a href=\"https:\/\/www.skaala.com\/sv\/tillaggsisoleringsfonster\/\">L\u00e4s mer om v\u00e5rt till\u00e4ggsisoleringsf\u00f6nster\u00a0<\/a><\/p>\n\t<\/div>\n\n\n\n\t\n\t<div id=\"heading-block-block_2689bcfb0f77000a53392534e938ae45\" class=\"heading-block\">\n\t\t<h2 ><span>H\u00e4lsoproblem som orsakas av buller<\/span><\/h2>\t<\/div>\n\n\n\n<div id=\"text-block-block_42ee87fde7e43406c43ca6036de15eb3\" class=\"text-block\">\n\t\t\t<h3>H\u00f6rselskador fr\u00e5n inomhusk\u00e4llor<\/h3>\n<p>Inomhusbuller, s\u00e5som h\u00f6g musik eller buller fr\u00e5n hush\u00e5llsmaskiner, kan leda till h\u00f6rselneds\u00e4ttning och tinnitus. \u00c4ven om det ofta antas att musik \u00e4r mindre skadligt \u00e4n annat buller, \u00e4r det ljudets intensitet och varaktighet som \u00e4r avg\u00f6rande f\u00f6r risken f\u00f6r h\u00f6rselskador.<\/p>\n<p>&nbsp;<\/p>\n<h3>P\u00e5verkan p\u00e5 talf\u00f6rst\u00e5else och kommunikation<\/h3>\n<p>Buller inomhus kan f\u00f6rsv\u00e5ra kommunikation genom att maskera tal, vilket g\u00f6r det sv\u00e5rare att uppfatta och f\u00f6rst\u00e5 samtal. Detta \u00e4r s\u00e4rskilt problematiskt i milj\u00f6er som skolor och arbetsplatser d\u00e4r klar kommunikation \u00e4r avg\u00f6rande.<\/p>\n<p>&nbsp;<\/p>\n<h3>Inl\u00e4rning och kognitiva effekter<\/h3>\n<p>Studier visar att inomhusbuller negativt kan p\u00e5verka prestation och inl\u00e4rning, b\u00e5de f\u00f6r vuxna och barn. Bullret st\u00f6r koncentrationsf\u00f6rm\u00e5gan och kan distrahera fr\u00e5n uppgifter som kr\u00e4ver mental anstr\u00e4ngning. F\u00f6r barn i skolmilj\u00f6 kan buller leda till s\u00e4mre resultat i tal- och l\u00e4sf\u00f6rst\u00e5else samt andra kognitiva funktioner.<\/p>\n<p>&nbsp;<\/p>\n<h3>S\u00f6mnst\u00f6rningar<\/h3>\n<p>\u00c4ven inomhusbuller under nattetid kan st\u00f6ra s\u00f6mnen p\u00e5 liknande s\u00e4tt som utomhusbuller. Detta inkluderar sv\u00e5righeter att somna, nattliga uppvaknanden och generellt st\u00f6rd s\u00f6mn, vilket kan leda till tr\u00f6tthet och minskad funktion under dagtid.<\/p>\n<p>&nbsp;<\/p>\n<h3>Akustiska \u00e5tg\u00e4rder och riktlinjer<\/h3>\n<p>Folkh\u00e4lsomyndigheten rekommenderar i en <a href=\"https:\/\/www.folkhalsomyndigheten.se\/publikationer-och-material\/publikationsarkiv\/h\/halsoeffekter-av-buller-och-hoga-ljudnivaer\/?pub=60532\" target=\"_blank\" rel=\"noopener\">publikation<\/a> specifika riktlinjer f\u00f6r att minimera buller inomhus, inklusive begr\u00e4nsningar av ljudniv\u00e5er i bost\u00e4der och offentliga lokaler. Akustiska \u00e5tg\u00e4rder kan innefatta f\u00f6rb\u00e4ttrad isolering, anv\u00e4ndning av ljudabsorberande material och design\u00e4ndringar f\u00f6r att reducera efterklangstid och ljudspridning.<\/p>\n\t<\/div>\n\n\n\n\n<div class=\"wp-block-custom-inner-columns has-one-columns custom-columns\"><div class=\"outer-wrap\">\n<div class=\"wp-block-custom-custom-column custom-column\"><div class=\"inner-wrap\"><\/div><\/div>\n<\/div><\/div>\n\n\n\n<div id=\"image-block_8580ef16a807145759cb688f6f35eb76\" class=\"image-block\">\n\t\t\t\t<div class=\"image-container\" style=\"width: px; height: \n\t\tauto;\">\n\t\t\t<img decoding=\"async\" src=\"https:\/\/www.skaala.com\/wp-content\/uploads\/2022\/11\/Skaalaauto2022autoFotografautoMattiasautoHamrenauto14-scaled.jpg\" alt=\"Skaalas ljudf\u00f6nster p\u00e5 en \u00e4ldre byggnads fasad, med ett modernt SL-t\u00e5g i f\u00f6rgrunden\">\n\t\t<\/div>\n\t \n\n\t<\/div>\n\n<\/div><\/div>\n\n\n\n<div class=\"wp-block-custom-content-area custom-wrapper alignleft has-light-blue-background-color\"><div class=\"outer-wrap\">\t\n\t<div id=\"heading-block-block_bf6f51ef2e51fc60a3d4bfee657b4b52\" class=\"heading-block\">\n\t\t<h3 ><span>Ritningar<\/span><\/h3>\t<\/div>\n\n\n\n<div class=\"wp-block-custom-inner-columns has-three-columns custom-columns\"><div class=\"outer-wrap\">\n<div class=\"wp-block-custom-custom-column custom-column\"><div class=\"inner-wrap\"><div id=\"file-block-block_3daad695888dd02841fa9bc13b3b4e3d\" class=\"file-block\">\n\t<div class=\"grid-container\">\n\t\t\t\t\t<div class=\"files\">\n\t\t\t\t\t\t\t\t<div class=\"file\">\n\t\t\t\t\t\t<a href=\"https:\/\/www.skaala.com\/wp-content\/uploads\/2022\/02\/1000-465-Beeta2020-131-A-model-.pdf\" target=\"_blank\" aria-label=\"Avaa tiedosto: Beeta med 131 mm karm enluft\" class=\"button\">Beeta med 131 mm karm enluft<\/a>\n\t\t\t\t\t<\/div>\n\n\t\t\t\t\t\t\t\t\t<div class=\"file\">\n\t\t\t\t\t\t<a href=\"https:\/\/www.skaala.com\/wp-content\/uploads\/2022\/02\/1000-466-Beeta2020-131-B-model.pdf\" target=\"_blank\" aria-label=\"Avaa tiedosto: Beeta med 131 mm karm tv\u00e5luft\" class=\"button\">Beeta med 131 mm karm tv\u00e5luft<\/a>\n\t\t\t\t\t<\/div>\n\n\t\t\t\t\t\t\t<\/div>\n\t\t\t<\/div>\n<\/div>\n\n<\/div><\/div>\n\n\n\n<div class=\"wp-block-custom-custom-column custom-column\"><div class=\"inner-wrap\"><div id=\"file-block-block_4e896b6c5efb54561b4bc169b51c3a78\" class=\"file-block\">\n\t<div class=\"grid-container\">\n\t\t\t\t\t<div class=\"files\">\n\t\t\t\t\t\t\t\t<div class=\"file\">\n\t\t\t\t\t\t<a href=\"https:\/\/www.skaala.com\/wp-content\/uploads\/2022\/02\/1000-467-Beeta2020-175-A-model.pdf\" target=\"_blank\" aria-label=\"Avaa tiedosto: Beeta med 175 mm karm enluft\" class=\"button\">Beeta med 175 mm karm enluft<\/a>\n\t\t\t\t\t<\/div>\n\n\t\t\t\t\t\t\t\t\t<div class=\"file\">\n\t\t\t\t\t\t<a href=\"https:\/\/www.skaala.com\/wp-content\/uploads\/2022\/02\/1000-468-Beeta2020-175-B-model.pdf\" target=\"_blank\" aria-label=\"Avaa tiedosto: Beeta med 175 mm karm tv\u00e5luft\" class=\"button\">Beeta med 175 mm karm tv\u00e5luft<\/a>\n\t\t\t\t\t<\/div>\n\n\t\t\t\t\t\t\t<\/div>\n\t\t\t<\/div>\n<\/div>\n\n<\/div><\/div>\n\n\n\n<div class=\"wp-block-custom-custom-column custom-column\"><div class=\"inner-wrap\"><div id=\"file-block-block_266a6ab2098f4d27ee98e3ec39503500\" class=\"file-block\">\n\t<div class=\"grid-container\">\n\t\t\t\t\t<div class=\"files\">\n\t\t\t\t\t\t\t\t<div class=\"file\">\n\t\t\t\t\t\t<a href=\"https:\/\/www.skaala.com\/wp-content\/uploads\/2022\/02\/1000-469-Beeta2020-210-A-model.pdf\" target=\"_blank\" aria-label=\"Avaa tiedosto: Beeta med 210 mm karm enluft\" class=\"button\">Beeta med 210 mm karm enluft<\/a>\n\t\t\t\t\t<\/div>\n\n\t\t\t\t\t\t\t\t\t<div class=\"file\">\n\t\t\t\t\t\t<a href=\"https:\/\/www.skaala.com\/wp-content\/uploads\/2022\/02\/1000-470-Beeta2020-210-B-model.pdf\" target=\"_blank\" aria-label=\"Avaa tiedosto: Beeta med 210 mm karm tv\u00e5luft\" class=\"button\">Beeta med 210 mm karm tv\u00e5luft<\/a>\n\t\t\t\t\t<\/div>\n\n\t\t\t\t\t\t\t<\/div>\n\t\t\t<\/div>\n<\/div>\n\n<\/div><\/div>\n<\/div><\/div>\n<\/div><\/div>\n\n\n\n<div class=\"wp-block-custom-content-area custom-wrapper alignleft has-dark-gray-background-color\"><div class=\"outer-wrap\">\n<div id=\"text-block-block_601a6f0bd8b67d2b667219fc95f551eb\" class=\"text-block\">\n\t\t\t<h4>Kontakta mig f\u00f6r mer information om v\u00e5ra bullerd\u00e4mpande l\u00f6sningar<\/4><\/p>\n\t<\/div>\n\n\n\n\n<div class=\"wp-block-custom-inner-columns has-two-columns custom-columns\"><div class=\"outer-wrap\">\n<div class=\"wp-block-custom-custom-column custom-column\"><div class=\"inner-wrap\">\n<div id=\"image-block_06f580f24be5388f6a08d116a4b5214b\" class=\"image-block\">\n\t\t\t\t<div class=\"image-container\" style=\"width: 150px; height: \n\t\tauto;\">\n\t\t\t<img decoding=\"async\" src=\"https:\/\/www.skaala.com\/wp-content\/uploads\/2024\/08\/Jonas.png\" alt=\"Jonas Hamber Senior Advisor Skaala IFN AB\">\n\t\t<\/div>\n\t \n\n\t<\/div>\n\n<\/div><\/div>\n\n\n\n<div class=\"wp-block-custom-custom-column custom-column\"><div class=\"inner-wrap\">\n<div id=\"text-block-block_00f05e9f99904bf75e30ed0703c7f8cc\" class=\"text-block\">\n\t\t\t<p><strong>Jonas Hamberg<\/strong><\/p>\n<p>Senior Advisor, Project sales<\/p>\n<p>Tel. +46 10 70 30 991<br \/>\njonas.hamberg@skaala.com<\/p>\n\t<\/div>\n\n<\/div><\/div>\n<\/div><\/div>\n<\/div><\/div>\n","protected":false},"excerpt":{"rendered":"","protected":false},"author":17,"featured_media":13614,"parent":0,"menu_order":0,"comment_status":"closed","ping_status":"closed","template":"","meta":{"_acf_changed":false,"inline_featured_image":false,"footnotes":""},"class_list":["post-12408","page","type-page","status-publish","has-post-thumbnail","hentry"],"acf":[],"_links":{"self":[{"href":"https:\/\/www.skaala.com\/sv\/wp-json\/wp\/v2\/pages\/12408","targetHints":{"allow":["GET"]}}],"collection":[{"href":"https:\/\/www.skaala.com\/sv\/wp-json\/wp\/v2\/pages"}],"about":[{"href":"https:\/\/www.skaala.com\/sv\/wp-json\/wp\/v2\/types\/page"}],"author":[{"embeddable":true,"href":"https:\/\/www.skaala.com\/sv\/wp-json\/wp\/v2\/users\/17"}],"replies":[{"embeddable":true,"href":"https:\/\/www.skaala.com\/sv\/wp-json\/wp\/v2\/comments?post=12408"}],"version-history":[{"count":120,"href":"https:\/\/www.skaala.com\/sv\/wp-json\/wp\/v2\/pages\/12408\/revisions"}],"predecessor-version":[{"id":24861,"href":"https:\/\/www.skaala.com\/sv\/wp-json\/wp\/v2\/pages\/12408\/revisions\/24861"}],"wp:featuredmedia":[{"embeddable":true,"href":"https:\/\/www.skaala.com\/sv\/wp-json\/wp\/v2\/media\/13614"}],"wp:attachment":[{"href":"https:\/\/www.skaala.com\/sv\/wp-json\/wp\/v2\/media?parent=12408"}],"curies":[{"name":"wp","href":"https:\/\/api.w.org\/{rel}","templated":true}]}}