{"id":13628,"date":"2022-11-07T15:57:28","date_gmt":"2022-11-07T13:57:28","guid":{"rendered":"https:\/\/www.skaala.com\/?page_id=13628"},"modified":"2025-08-28T08:53:09","modified_gmt":"2025-08-28T05:53:09","slug":"tillaggsisoleringsfonster","status":"publish","type":"page","link":"https:\/\/www.skaala.com\/sv\/tillaggsisoleringsfonster\/","title":{"rendered":"B\u00e4sta resultatet med till\u00e4ggsisoleringsf\u00f6nstret"},"content":{"rendered":"\n\t<header class=\"featured-hero custom\" role=\"banner\" data-interchange=\"\n\t\t[https:\/\/www.skaala.com\/wp-content\/uploads\/2022\/11\/Skaalaauto2022autoFotografautoMattiasautoHamrenauto44-1280x400.jpg, small],\n\t\t[https:\/\/www.skaala.com\/wp-content\/uploads\/2022\/11\/Skaalaauto2022autoFotografautoMattiasautoHamrenauto44-1280x400.jpg,medium],\n\t\t[https:\/\/www.skaala.com\/wp-content\/uploads\/2022\/11\/Skaalaauto2022autoFotografautoMattiasautoHamrenauto44-1440x400.jpg, large],\n\t\t[https:\/\/www.skaala.com\/wp-content\/uploads\/2022\/11\/Skaalaauto2022autoFotografautoMattiasautoHamrenauto44-1920x400.jpg, xlarge]\">\n\t\t\t<h1>B\u00e4sta resultatet med till\u00e4ggsisoleringsf\u00f6nstret<\/h1>\n\t<\/header>\n\t\n\n\n<div class=\"wp-block-custom-content-area custom-wrapper alignleft has-light-blue-background-color\"><div class=\"outer-wrap\">\t\n\t<div id=\"heading-block-block_a9f71df156a70c2df0e73cf36a07725f\" class=\"heading-block\">\n\t\t<h2 ><span>Vill ni byta f\u00f6nster och till\u00e4ggsisolera fasaden samtidigt?<\/span><\/h2>\t<\/div>\n\n\n\t\n\t<div id=\"heading-block-block_0aa71bc074d3fe9fa81b947aebe5237f\" class=\"heading-block\">\n\t\t<h3 ><span>&#8211; V\u00e4lj r\u00e4tt f\u00f6nster!<\/span><\/h3>\t<\/div>\n\n\n\n<div class=\"wp-block-custom-inner-columns has-two-columns custom-columns\"><div class=\"outer-wrap\">\n<div class=\"wp-block-custom-custom-column custom-column\"><div class=\"inner-wrap\">\n<div id=\"image-block_f851389439fe9fbcfeab3000a1c9658a\" class=\"image-block\">\n\t\t\t\t<div class=\"image-container\" style=\"width: 400px; height: \n\t\tauto;\">\n\t\t\t<img decoding=\"async\" src=\"https:\/\/www.skaala.com\/wp-content\/uploads\/2022\/11\/Skaalaauto2022autoFotografautoMattiasautoHamrenauto32-scaled.jpg\" alt=\"Skaalas f\u00f6nster i hus med fasadtill\u00e4ggsisolering\">\n\t\t<\/div>\n\t \n\n\t<\/div>\n\n<\/div><\/div>\n\n\n\n<div class=\"wp-block-custom-custom-column custom-column\"><div class=\"inner-wrap\">\n<div id=\"text-block-block_29fee7dd72119e287dd3cd280a3f07ce\" class=\"text-block\">\n\t\t\t<h3> MED SKAALAS DJUPA F\u00d6NSTERKARMAR P\u00c5 175 MM ELLER 210 MM F\u00c5R NI DET B\u00c4STA RESULTATET VID TILL\u00c4GGSISOLERINGEN!<\/h3>\n\t<\/div>\n\n\n\n\n<div id=\"text-block-block_98201877514f48f88aa5d97e2f18fc71\" class=\"text-block\">\n\t\t\t<p>V\u00e5ra djupa karmar t\u00e4cker distansskillnaden mellan den gamla och nya till\u00e4ggsisolerade fasaden, vilket ger en snygg helhetsbild fr\u00e5n b\u00e5de in- och utsidan.<\/p>\n<p><span class=\"fontstyle2\">F\u00f6nstrens sm\u00e4ckra design ger maximalt ljusinsl\u00e4pp och f\u00f6ljer samma dagm\u00e5tt j\u00e4mf\u00f6rt med f\u00f6nster fr\u00e5n 1930 eller 1940-talet. Detta g\u00f6r f\u00f6nstret till det perfekta valet f\u00f6r att energieffektivisera v\u00e5ra svenska smalhus men \u00e4ven miljonprogrammen.<\/span><\/p>\n\t<\/div>\n\n<\/div><\/div>\n<\/div><\/div>\n\n\n\n<div id=\"text-block-block_afb0de93d6c638d2d26f271cdb61fc6e\" class=\"text-block\">\n\t\t\t<h2>Referens<\/h2>\n\t<\/div>\n\n\n\n\n<div id=\"text-block-block_ee0bb8c169f655fe0af32b72b9d98948\" class=\"text-block\">\n\t\t\t<p><a href=\"https:\/\/mzbygg.se\/\" target=\"_blank\" rel=\"noopener\">MZ Bygg<\/a> och <a href=\"https:\/\/wahlinfastigheter.se\/\" target=\"_blank\" rel=\"noopener\">W\u00e5hlin Fastigheter<\/a> installerar Skaalas Beeta-f\u00f6nster f\u00f6r till\u00e4ggsisolering och bullerreduktion i ett byggprojektet <a href=\"https:\/\/www.skaala.com\/sv\/fasadrenovering-fonsterbyte\/\" target=\"_blank\" rel=\"noopener\">Posten 3<\/a> i Sundbyberg. F\u00f6nstrens djupa karmar och isolerande egenskaper underl\u00e4ttar installationen och bevarar byggnadens ursprungliga utseende. Projektet, planerat att avslutas v\u00e5ren 2024, \u00e4r ett bra exempel f\u00f6r energieffektiva renoveringar.<\/p>\n<p>&nbsp;<\/p>\n<p><a href=\"https:\/\/www.skaala.com\/sv\/fasadrenovering-fonsterbyte\/\">L\u00e4s mer om detta projekt<\/a><\/p>\n\t<\/div>\n\n<\/div><\/div>\n\n\n\n<div class=\"wp-block-custom-content-area custom-wrapper alignleft has-dark-gray-background-color\"><div class=\"outer-wrap\">\n<div id=\"text-block-block_8db0aed198ce819356affdf1a9532fc3\" class=\"text-block\">\n\t\t\t<h2>F\u00f6rdelar med Skaalas f\u00f6nster vid till\u00e4ggsisolering<\/h2>\n\t<\/div>\n\n\n\n\n<div class=\"wp-block-custom-inner-columns has-two-columns custom-columns\"><div class=\"outer-wrap\">\n<div class=\"wp-block-custom-custom-column custom-column\"><div class=\"inner-wrap\">\n<div id=\"text-block-block_d71771ab5b1c356c38a73befb0e90bd6\" class=\"text-block\">\n\t\t\t<ul>\n<li><span class=\"fontstyle0\">Extremt l\u00e5ga U-v\u00e4rden ner till 0,64 W\/m2K vid val av 2+2 glaskonstruktion<\/span><\/li>\n<li><span class=\"fontstyle0\">Mycket bra ljudisolering upp till RW 52 dB<\/span><\/li>\n<li><span class=\"fontstyle0\">Billigare montage &#8211; Vid till\u00e4ggsisolering beh\u00f6ver v\u00e5ra f\u00f6nster inte flyttas ut\u00e5t i fasaden<\/span><\/li>\n<li><span class=\"fontstyle0\">L\u00e4tt att inf\u00e4sta &#8211; inf\u00e4stningspunkter hamnar i befintlig v\u00e4gg och ej i isoleringen. Inget behov av inf\u00e4stningspl\u00e5tar.<\/span><\/li>\n<li><span class=\"fontstyle0\">L\u00e4ttare att dreva, ingen risk f\u00f6r k\u00f6ldbrygga d\u00e5 extra monteringsbeslag inte beh\u00f6ver anv\u00e4ndas<\/span><\/li>\n<li><span class=\"fontstyle0\">F\u00f6nsterkarmen f\u00f6rblir justeringsbar med karmskruv t.ex. Adjufix<\/span><\/li>\n<li><span class=\"fontstyle0\">Den gamla f\u00f6nsterb\u00e4nken kan beh\u00e5llas och beh\u00f6ver ej ers\u00e4ttas<\/span><\/li>\n<li>Of\u00f6r\u00e4ndrat inv\u00e4ndig smyg, inga extra \u00e5tg\u00e4rder<\/li>\n<\/ul>\n\t<\/div>\n\n<\/div><\/div>\n\n\n\n<div class=\"wp-block-custom-custom-column custom-column\"><div class=\"inner-wrap\">\n<div id=\"image-block_1c3af5cd79f56e7c27d7973ffdc5fc79\" class=\"image-block\">\n\t\t\t\t<div class=\"image-container\" style=\"width: 400px; height: \n\t\tauto;\">\n\t\t\t<img decoding=\"async\" src=\"https:\/\/www.skaala.com\/wp-content\/uploads\/2022\/11\/Skaalaauto2022autoFotografautoMattiasautoHamrenauto8-scaled.jpg\" alt=\"N\u00e4rbild av ett Skaala-f\u00f6nster elegant monterat i en till\u00e4ggsisolerad fasad.\">\n\t\t<\/div>\n\t \n\n\t<\/div>\n\n<\/div><\/div>\n<\/div><\/div>\n<\/div><\/div>\n\n\n\n<div class=\"wp-block-custom-content-area custom-wrapper alignleft has-light-blue-background-color\"><div class=\"outer-wrap\">\n<div class=\"wp-block-custom-inner-columns has-three-columns custom-columns\"><div class=\"outer-wrap\">\n<div class=\"wp-block-custom-custom-column custom-column\"><div class=\"inner-wrap\">\n<div id=\"image-block_87fca6f72c0bde250d06abba9c021be8\" class=\"image-block\">\n\t\t\t\t<div class=\"image-container\" style=\"width: 400px; height: \n\t\tauto;\">\n\t\t\t<img decoding=\"async\" src=\"https:\/\/www.skaala.com\/wp-content\/uploads\/2022\/11\/Skaalaauto2022autoFotografautoMattiasautoHamrenauto15-scaled.jpg\" alt=\"Monterat f\u00f6nster omgivet av f\u00e4rsk till\u00e4ggsisolering p\u00e5 fasaden, v\u00e4ntar p\u00e5 putsning\">\n\t\t<\/div>\n\t \n\n\t<\/div>\n\n\n\n\n<div id=\"text-block-block_448d362f6de91d3b9efb5d1f03a75c3d\" class=\"text-block\">\n\t\t\t<p style=\"text-align: center;\">V\u00e5rt f\u00f6nster monteras inv\u00e4ndigt p\u00e5 samma plats som ditt tidigare f\u00f6nster och f\u00f6nsterb\u00e4nken kan sitta kvar. Dessutom f\u00f6rblir b\u00e5de den inv\u00e4ndiga och utv\u00e4ndiga smygen of\u00f6r\u00e4ndrade trots att till\u00e4ggsisoleringen har installerats p\u00e5 fasaden.<\/p>\n\t<\/div>\n\n<\/div><\/div>\n\n\n\n<div class=\"wp-block-custom-custom-column custom-column\"><div class=\"inner-wrap\">\n<div id=\"image-block_c4b70c7ceb47fb0291ca8225b8200a7f\" class=\"image-block\">\n\t\t\t\t<div class=\"image-container\" style=\"width: 400px; height: \n\t\tauto;\">\n\t\t\t<img decoding=\"async\" src=\"https:\/\/www.skaala.com\/wp-content\/uploads\/2022\/11\/Skaalaauto2022autoFotografautoMattiasautoHamrenauto18-scaled.jpg\" alt=\"Skaala-f\u00f6nster nyligen monterat i en till\u00e4ggsisolerad och putsad fasad som v\u00e4ntar p\u00e5 m\u00e5lning.\">\n\t\t<\/div>\n\t \n\n\t<\/div>\n\n\n\n\n<div id=\"text-block-block_1ada2dfa7df86fc94a3deb5ae4901f56\" class=\"text-block\">\n\t\t\t<p style=\"text-align: center;\">F\u00f6nstret kan nu putsas in och ett standard f\u00f6nsterbleck monteras.<\/p>\n\t<\/div>\n\n<\/div><\/div>\n\n\n\n<div class=\"wp-block-custom-custom-column custom-column\"><div class=\"inner-wrap\">\n<div id=\"image-block_ca377ace36598470b1ad0dd0d4285d00\" class=\"image-block\">\n\t\t\t\t<div class=\"image-container\" style=\"width: 400px; height: \n\t\tauto;\">\n\t\t\t<img decoding=\"async\" src=\"https:\/\/www.skaala.com\/wp-content\/uploads\/2022\/11\/Skaalaauto2022autoFotografautoMattiasautoHamrenauto21-scaled.jpg\" alt=\"\"N\u00e4rbild av ett Skaala-f\u00f6nster elegant monterat i en till\u00e4ggsisolerad fasad.\">\n\t\t<\/div>\n\t \n\n\t<\/div>\n\n\n\n\n<div id=\"text-block-block_d6a9e43d47b29160a00e271bd49abe93\" class=\"text-block\">\n\t\t\t<p style=\"text-align: center;\">F\u00e4rdigt resultat &#8211; F\u00f6nstrets sm\u00e4ckra design med med endast 78 mm fr\u00e5n karmkant till glas ger maximalt ljusinsl\u00e4pp.<\/p>\n\t<\/div>\n\n<\/div><\/div>\n<\/div><\/div>\n<\/div><\/div>\n\n\n\n<div class=\"wp-block-custom-content-area custom-wrapper alignleft has-dark-gray-background-color\"><div class=\"outer-wrap\"><div id=\"cards-block_174f8d76468f8794fd95520e8c1a8991\" class=\"cards-block count-1\">\n<div id=\"cards-block_174f8d76468f8794fd95520e8c1a8991\" class=\"cards-block--card\">\n\t\t\t<div class=\"icon-block\" style=\"background-image: url('https:\/\/www.skaala.com\/wp-content\/themes\/skaala-2023\/dist\/assets\/images\/icons\/video-red.svg);\">\n\t\t<\/div>\n\t\t\t\t<h4>V\u00e5rt f\u00f6nster p\u00e5 plats<\/h4>\n\t\t\t\t<p>Jonas Hamberg, senior advisor p\u00e5 Skaala, f\u00f6rklarar konceptet till\u00e4ggsisoleringsf\u00f6nster\r\n\r\n\r\n<iframe width=\"560\" height=\"315\" src=\"https:\/\/www.youtube.com\/embed\/IRP65bZi57E?controls=0\" title=\"YouTube video player\" frameborder=\"0\" allow=\"accelerometer; autoplay; clipboard-write; encrypted-media; gyroscope; picture-in-picture; web-share\" allowfullscreen><\/iframe><\/p>\n\t\t\t<\/div>\n\t<\/div>\n\n\n<div id=\"cards-block_fee47f116dcdb097c7894c78185c7256\" class=\"cards-block count-4\">\n<div id=\"cards-block_fee47f116dcdb097c7894c78185c7256\" class=\"cards-block--card\">\n\t\t\t<div class=\"icon-block\" style=\"background-image: url('https:\/\/www.skaala.com\/wp-content\/themes\/skaala-2023\/dist\/assets\/images\/icons\/sun-red.svg);\">\n\t\t<\/div>\n\t\t\t\t<h4>Varmare<\/h4>\n\t\t\t\t<p>Ett av marknadens b\u00e4sta U-v\u00e4rden 0.64 W\/m2K<\/p>\n\t\t\t<\/div>\n\t<div id=\"cards-block_fee47f116dcdb097c7894c78185c7256\" class=\"cards-block--card\">\n\t\t\t<div class=\"icon-block\" style=\"background-image: url('https:\/\/www.skaala.com\/wp-content\/themes\/skaala-2023\/dist\/assets\/images\/icons\/volume-1-red.svg);\">\n\t\t<\/div>\n\t\t\t\t<h4>Tystare<\/h4>\n\t\t\t\t<p>Extremt bra bullerd\u00e4mpning RW 52 dB<\/p>\n\t\t\t<\/div>\n\t<div id=\"cards-block_fee47f116dcdb097c7894c78185c7256\" class=\"cards-block--card\">\n\t\t\t<div class=\"icon-block\" style=\"background-image: url('https:\/\/www.skaala.com\/wp-content\/themes\/skaala-2023\/dist\/assets\/images\/icons\/gift-red.svg);\">\n\t\t<\/div>\n\t\t\t\t<h4>Billigare<\/h4>\n\t\t\t\t<p>Enklare montage sparar pengar<\/p>\n\t\t\t<\/div>\n\t<div id=\"cards-block_fee47f116dcdb097c7894c78185c7256\" class=\"cards-block--card\">\n\t\t\t<div class=\"icon-block\" style=\"background-image: url('https:\/\/www.skaala.com\/wp-content\/themes\/skaala-2023\/dist\/assets\/images\/icons\/icon-thumbs-up-red.svg);\">\n\t\t<\/div>\n\t\t\t\t<h4>Snyggare<\/h4>\n\t\t\t\t<p>Endast 78 mm dagm\u00e5tt ger maximalt ljusinsl\u00e4pp<\/p>\n\t\t\t<\/div>\n\t<\/div>\n<\/div><\/div>\n\n\n\n<div class=\"wp-block-custom-content-area custom-wrapper alignleft has-light-blue-background-color\"><div class=\"outer-wrap\">\n<div class=\"wp-block-custom-inner-columns has-two-columns custom-columns\"><div class=\"outer-wrap\">\n<div class=\"wp-block-custom-custom-column custom-column\"><div class=\"inner-wrap\">\t\n\t<div id=\"heading-block-block_3205a4fb7e80a57a833a77a234edf9ff\" class=\"heading-block\">\n\t\t<h2 ><span>Skaala BEETA 2020<\/span><\/h2>\t<\/div>\n\n\n\t\n\t<div id=\"heading-block-block_f11d8e012223dcf92ca9b21c1261fe91\" class=\"heading-block\">\n\t\t<h4 ><span>b\u00e4sta l\u00f6sningen f\u00f6r till\u00e4gsisolerade fasader<\/span><\/h4>\t<\/div>\n\n\n\n<div id=\"text-block-block_97659357020cf9154ca416b2365e274d\" class=\"text-block\">\n\t\t\t<ul>\n<li>Karmdjup 115 mm, 131 mm, 175 mm och\u00a0 210 mm<\/li>\n<li>U-v\u00e4rde standard 0,95 W\/m2K<\/li>\n<li>U-v\u00e4rde tillval 0.79 W\/m2K<\/li>\n<li>LT-v\u00e4rde 68 % (standard glas)\n<ul>\n<li>alternativa glas f\u00f6r h\u00f6gre LT-v\u00e4rden finns<\/li>\n<\/ul>\n<\/li>\n<li>Ljudd\u00e4mpning upp till RW 52 dB<\/li>\n<li>Endast 78 mm karm och b\u00e5ge, vilket ger st\u00f6rre ljusinsl\u00e4pp j\u00e4mf\u00f6rd med andra svenska tillverkare<\/li>\n<li>Spanjolettl\u00e5sning<\/li>\n<li>F\u00f6nsterbroms tillval<\/li>\n<li>Hakkolvspanjolett tillval<\/li>\n<li>Handtag standard HOPPE Tokyo<\/li>\n<li>CE-m\u00e4rkt brandf\u00f6nsterutf\u00f6rande EI30 finns<\/li>\n<\/ul>\n\t<\/div>\n\n\n\n\n<div id=\"text-block-block_29ce07359e2e9dab0f06bcecbb17fdd1\" class=\"text-block\">\n\t\t\t<p><a href=\"https:\/\/www.skaala.com\/sv\/alla-f\u00f6nster\/inatgaende-ljudfonster\/\">L\u00e4s mer h\u00e4r<\/a><\/p>\n\t<\/div>\n\n<\/div><\/div>\n\n\n\n<div class=\"wp-block-custom-custom-column custom-column\"><div class=\"inner-wrap\">\n<div id=\"image-block_c3bf17da2635d2322c0e4a78abf45828\" class=\"image-block\">\n\t\t\t\t<div class=\"image-container\" style=\"width: 750px; height: \n\t\tauto;\">\n\t\t\t<img decoding=\"async\" src=\"https:\/\/www.skaala.com\/wp-content\/uploads\/2020\/05\/Beeta-2020_light50.png\" alt=\"Kolmilasinen ikkuna - Skaala beeta ikkunan l\u00e4pileikkauskuva Skaalas ljudf\u00f6nster BEETA Skaalas f\u00f6nster\">\n\t\t<\/div>\n\t \n\n\t<\/div>\n\n<\/div><\/div>\n<\/div><\/div>\n\n\n\n<div class=\"wp-block-custom-inner-columns has-two-columns custom-columns\"><div class=\"outer-wrap\">\n<div class=\"wp-block-custom-custom-column custom-column\"><div class=\"inner-wrap\">\n<div id=\"image-block_aa8d8c4aace99e47686c6daa511d2972\" class=\"image-block\">\n\t\t\t\t<div class=\"image-container\" style=\"width: 250px; height: \n\t\tauto;\">\n\t\t\t<img decoding=\"async\" src=\"https:\/\/www.skaala.com\/wp-content\/uploads\/2020\/05\/Alfa40N_white-outside.png\" alt=\"Nelilasinen Skaalas l\u00e5genergif\u00f6nster ALFA 2+2 glas\">\n\t\t<\/div>\n\t \n\n\t<\/div>\n\n<\/div><\/div>\n\n\n\n<div class=\"wp-block-custom-custom-column custom-column\"><div class=\"inner-wrap\">\t\n\t<div id=\"heading-block-block_78cd0897eaf0149e09712c2aec60c818\" class=\"heading-block\">\n\t\t<h2 ><span>Skaala ALFA 40<\/span><\/h2>\t<\/div>\n\n\n\t\n\t<div id=\"heading-block-block_926e4dfd75a883a9ed335e6f24567608\" class=\"heading-block\">\n\t\t<h4 ><span>V\u00e5rt b\u00e4sta energif\u00f6nster<\/span><\/h4>\t<\/div>\n\n\n\n<div id=\"text-block-block_6d4c52b6090ff2cc53f786b4fe87acdb\" class=\"text-block\">\n\t\t\t<ul>\n<li>Karmdjup 131 mm, 175 mm och\u00a0 210 mm<\/li>\n<li>U-v\u00e4rde standard 0,6 W\/m2K<\/li>\n<li>LT-v\u00e4rde 59 % (standard inklusive FrostFree glas)<\/li>\n<li>LT-v\u00e4rde 64% (utan FrostFree glas)<\/li>\n<li>Ljudd\u00e4mpning upp till RW 51 dB<\/li>\n<li>Endast 83 mm karm och b\u00e5ge, vilket ger st\u00f6rre ljusinsl\u00e4pp j\u00e4mf\u00f6rd med andra svenska tillverkare<\/li>\n<li>Spanjolettl\u00e5sning<\/li>\n<li>F\u00f6nsterbroms tillval<\/li>\n<li>Hakkolvspanjolett tillval<\/li>\n<li>Handtag standard HOPPE Tokyo<\/li>\n<\/ul>\n\t<\/div>\n\n\n\n\n<div id=\"text-block-block_29ce07359e2e9dab0f06bcecbb17fdd1\" class=\"text-block\">\n\t\t\t<p><a href=\"https:\/\/www.skaala.com\/sv\/alla-f\u00f6nster\/inatgaende-ljudfonster\/\">L\u00e4s mer h\u00e4r<\/a><\/p>\n\t<\/div>\n\n<\/div><\/div>\n<\/div><\/div>\n<\/div><\/div>\n\n\n<div class=\"featured-items-block block\">\n\t<div class=\"featured-item\">\n\t\t<div class=\"content-half has-dark-gray-background-color\">\n\t\t\t<div class=\"featured-item--content grid-item\">\n\t\t\t\t\t\t<a class=\"button button-large\" href=\"https:\/\/www.skaala.com\/sv\/kontaktuppgifter\/\">Kontaktuppgifter<\/a>\n\t\t\t\t\t\t<\/div>\n\t\t<\/div>\n\t\t\t\t<div class=\"featured-item--image grid-item\"\n\t\t\t\t\tdata-interchange=\"\n\t\t\t\t\t[https:\/\/www.skaala.com\/wp-content\/uploads\/2024\/04\/quino-al-4SNUcHPiC8c-unsplash-1024x683.jpg, small], \n\t\t\t\t\t[https:\/\/www.skaala.com\/wp-content\/uploads\/2024\/04\/quino-al-4SNUcHPiC8c-unsplash-1024x683.jpg, medium], \n\t\t\t\t\t[https:\/\/www.skaala.com\/wp-content\/uploads\/2024\/04\/quino-al-4SNUcHPiC8c-unsplash-1200x800.jpg, large], \n\t\t\t\t\t[https:\/\/www.skaala.com\/wp-content\/uploads\/2024\/04\/quino-al-4SNUcHPiC8c-unsplash-1536x1024.jpg, xlarge]\"\n\t\t\t\t\t>\n\t\t<\/div>\n\t\t\t<\/div>\n\t<\/div>\n","protected":false},"excerpt":{"rendered":"","protected":false},"author":17,"featured_media":13639,"parent":0,"menu_order":0,"comment_status":"closed","ping_status":"closed","template":"","meta":{"_acf_changed":false,"inline_featured_image":false,"footnotes":""},"class_list":["post-13628","page","type-page","status-publish","has-post-thumbnail","hentry"],"acf":[],"_links":{"self":[{"href":"https:\/\/www.skaala.com\/sv\/wp-json\/wp\/v2\/pages\/13628","targetHints":{"allow":["GET"]}}],"collection":[{"href":"https:\/\/www.skaala.com\/sv\/wp-json\/wp\/v2\/pages"}],"about":[{"href":"https:\/\/www.skaala.com\/sv\/wp-json\/wp\/v2\/types\/page"}],"author":[{"embeddable":true,"href":"https:\/\/www.skaala.com\/sv\/wp-json\/wp\/v2\/users\/17"}],"replies":[{"embeddable":true,"href":"https:\/\/www.skaala.com\/sv\/wp-json\/wp\/v2\/comments?post=13628"}],"version-history":[{"count":169,"href":"https:\/\/www.skaala.com\/sv\/wp-json\/wp\/v2\/pages\/13628\/revisions"}],"predecessor-version":[{"id":25315,"href":"https:\/\/www.skaala.com\/sv\/wp-json\/wp\/v2\/pages\/13628\/revisions\/25315"}],"wp:featuredmedia":[{"embeddable":true,"href":"https:\/\/www.skaala.com\/sv\/wp-json\/wp\/v2\/media\/13639"}],"wp:attachment":[{"href":"https:\/\/www.skaala.com\/sv\/wp-json\/wp\/v2\/media?parent=13628"}],"curies":[{"name":"wp","href":"https:\/\/api.w.org\/{rel}","templated":true}]}}