{"id":17419,"date":"2023-09-28T22:30:57","date_gmt":"2023-09-28T19:30:57","guid":{"rendered":"https:\/\/www.skaala.com\/?page_id=17419"},"modified":"2024-01-05T12:03:58","modified_gmt":"2024-01-05T10:03:58","slug":"skjutdorrar-som-definerar-utrymme","status":"publish","type":"page","link":"https:\/\/www.skaala.com\/sv\/skjutdorrar-som-definerar-utrymme\/","title":{"rendered":"Skjutd\u00f6rrar som definerar utrymme"},"content":{"rendered":"\n<div class=\"animated-hero\">\n\t\t\t<div class=\"animated-hero--image image-0\" style=\"background-image: url(https:\/\/www.skaala.com\/wp-content\/uploads\/2023\/09\/Lasiliukuovi-musta-min-scaled.jpg);\">\n\t\t<\/div>\n\t\t<div class=\"animated-hero--content\">\n\t\t\t\t\t<h1>Skjutd\u00f6rrar som definerar utrymme<span class=\"red-dot\">.<\/span><\/h1>\n\t\t\t<\/div>\n\t\n<\/div>\n\n\t\n\n\n<div class=\"wp-block-custom-content-area custom-wrapper alignleft has-light-blue-background-color\"><div class=\"outer-wrap\">\t\n\t<div id=\"heading-block-block_ebb16f994230927128af063e3f88c008\" class=\"heading-block\">\n\t\t<h2 ><span>Lys upp ditt hem med maximal glasyta<\/span><\/h2>\t<\/div>\n\n\n\n<div id=\"text-block-block_55ec9177ea3ecff3bd81228ce74f9167\" class=\"text-block\">\n\t\t\t<p>Letar du efter skjutd\u00f6rrar som b\u00e5de \u00e4r stilrena och funktionella? Uppt\u00e4ck v\u00e5ra premium skjutd\u00f6rrar av tr\u00e4 och aluminium! Med en glasyta som \u00f6vertr\u00e4ffar m\u00e5nga konkurrerande produkter, garanterar v\u00e5ra d\u00f6rrar att varje rum badar i naturligt ljus.<\/p>\n<p><strong>H\u00f6gsta kvalitet material:<\/strong> Tillverkade av en perfekt kombination av tr\u00e4 och aluminium, erbjuder v\u00e5ra skjutd\u00f6rrar b\u00e5de elegans och h\u00e5llbarhet.<\/p>\n<p><strong>Energieffektiva Skjutd\u00f6rrar med L\u00e5gt U-V\u00e4rde:<\/strong> Med imponerande U-v\u00e4rden ner till 0,7 W\/m2K s\u00e4kerst\u00e4ller v\u00e5ra skjutd\u00f6rrar optimal termisk prestanda, vilket minskar dina energikostnader.<\/p>\n<p><strong>Skjutd\u00f6rrar med Stora Dimensioner: <\/strong>\u00d6ppna upp ditt hem med v\u00e5ra breda skjutd\u00f6rrar, tillg\u00e4ngliga i storlekar upp till 5800 mm. Dessa d\u00f6rrar erbjuder en rymlig k\u00e4nsla och suddar ut gr\u00e4nsen mellan inomhus och utomhus.<\/p>\n<p>&nbsp;<\/p>\n<p><strong>Skjutd\u00f6rrar Som \u00d6ppnas och St\u00e4ngs Med L\u00e4tthet<\/strong><\/p>\n<p>Uppt\u00e4ck skjutd\u00f6rrarnas revolutionerande design som inte bara \u00e4r enkel att man\u00f6vrera, utan ocks\u00e5 erbjuder en s\u00f6ml\u00f6s \u00f6verg\u00e5ng mellan inomhus och utomhus. Tack vare dess glidande mekanism kan du l\u00e4tt \u00f6ppna och st\u00e4nga d\u00f6rren med minimal anstr\u00e4ngning, vilket ger en mjuk och behaglig upplevelse varje g\u00e5ng.<\/p>\n<p>F\u00f6r ytterligare komfort finns \u00e4ven ett alternativ med mjukst\u00e4ngare. Denna tillvalsfunktion s\u00e4kerst\u00e4ller att d\u00f6rren st\u00e4ngs smidigt och tyst, vilket f\u00f6rhindrar pl\u00f6tsliga st\u00f6tar eller slammer. Det \u00e4r inte bara en lyxig touch, utan det f\u00f6rh\u00f6jer ocks\u00e5 upplevelsen av ditt hem.<\/p>\n<p>Vare sig du vill skapa en \u00f6ppen och luftig atmosf\u00e4r i ditt hem eller helt enkelt vill f\u00f6rb\u00e4ttra din in- och utg\u00e5ng, erbjuder skjutd\u00f6rrar en l\u00f6sning som kombinerar stil, funktionalitet och h\u00f6gsta komfort. Satsa p\u00e5 din bekv\u00e4mlighet och njut av den smidiga funktionaliteten som bara skjutd\u00f6rrar kan erbjuda.<\/p>\n\t<\/div>\n\n<\/div><\/div>\n\n\n\n<div class=\"wp-block-custom-content-area custom-wrapper alignleft has-light-blue-background-color\"><div class=\"outer-wrap\">\n<div id=\"image-block_ae84c653a34a3695e4acdaa4d7997088\" class=\"image-block\">\n\t\t\t\t<div class=\"image-container\" style=\"width: px; height: \n\t\tauto;\">\n\t\t\t<img decoding=\"async\" src=\"https:\/\/www.skaala.com\/wp-content\/uploads\/2023\/08\/Mustaautoliukuvovi.jpg\" alt=\"Musta liukuovi\">\n\t\t<\/div>\n\t \n\n\t<\/div>\n\n\n\n\n<div id=\"image-block_00e56c3ce41a4a589de8058fc017388f\" class=\"image-block\">\n\t\t\t\t<div class=\"image-container\" style=\"width: px; height: \n\t\tauto;\">\n\t\t\t<img decoding=\"async\" src=\"https:\/\/www.skaala.com\/wp-content\/uploads\/2023\/08\/Vedinautolasiliukuoveen.jpg\" alt=\"Liukuovin vedin\">\n\t\t<\/div>\n\t \n\n\t<\/div>\n\n\n\n\n<div id=\"text-block-block_45b45cd18e25df3fa7f25faebb825d23\" class=\"text-block\">\n\t\t\t<p><strong>Komplettera med fasta f\u00f6nster:<\/strong> Maximera glasytan genom att kombinera v\u00e5ra skjutd\u00f6rrar med v\u00e5ra sm\u00e4ckra fasta f\u00f6nster. Tillsammans skapar de en estetiskt tilltalande vy med o\u00f6vertr\u00e4ffad ljusgenomstr\u00f6mning.<\/p>\n<p>V\u00e4lj v\u00e5ra tr\u00e4\/aluminium skjutd\u00f6rrar om du v\u00e4rdes\u00e4tter toppdesign, funktion och energieffektivitet. Uppt\u00e4ck en ny dimension av bostadsutrymme med oss idag!<\/p>\n\t<\/div>\n\n\n\n\n<div id=\"image-block_89535cd926d7ae2d4ec95ee0ad24b011\" class=\"image-block\">\n\t\t\t\t<div class=\"image-container\" style=\"width: px; height: \n\t\tauto;\">\n\t\t\t<img decoding=\"async\" src=\"https:\/\/www.skaala.com\/wp-content\/uploads\/2023\/08\/Ikkunatautojaautoovetautovalikko.jpg\" alt=\"J\u00e4rvimaisema Skaalan uusien ikkunoiden takaa\">\n\t\t<\/div>\n\t \n\n\t<\/div>\n\n<\/div><\/div>\n\n\n\t<div class=\"product-wrapper has-dark-gray-background-color\">\n\t\t<div class=\"featured-product--grid \">\n<div class=\"featured-product-block product-doors\">\n\t<div class=\"featured-product\">\n\t\t\t\t\t<div class=\"grid-item\">\n\t\t\t<img class=\"featured-item--image\"\n\t\t\t\t\t\tdata-interchange=\"\n\t\t\t\t\t\t[https:\/\/www.skaala.com\/wp-content\/uploads\/2020\/05\/Poikkileikkaus-HEBEA-550x549-1.png, small], \n\t\t\t\t\t\t[https:\/\/www.skaala.com\/wp-content\/uploads\/2020\/05\/Poikkileikkaus-HEBEA-550x549-1.png, medium], \n\t\t\t\t\t\t[https:\/\/www.skaala.com\/wp-content\/uploads\/2020\/05\/Poikkileikkaus-HEBEA-550x549-1.png, large], \n\t\t\t\t\t\t[https:\/\/www.skaala.com\/wp-content\/uploads\/2020\/05\/Poikkileikkaus-HEBEA-550x549-1.png, xlarge]\"\n\t\t\t\t\t\t>\n\t\t\t<\/img>\n\t\t\t<\/div>\n\t\t\t\t<div class=\"grid-item product-info\">\n\t\t\t<h2>Skaala HEBE<\/h2>\n\t\t\t\t\t\t<div class=\"tags\">\n\t\t\t\t\t\t<\/div>\n\t\t\t<p><a class=\"button\" href=\"https:\/\/www.skaala.com\/sv\/alla-d\u00f6rrar\/skaala-hebe\/\">Se detaljer<\/a><\/p>\n\t\t<\/div>\n\t<\/div>\n<\/div>\n<div class=\"featured-product-block product-windows\">\n\t<div class=\"featured-product\">\n\t\t\t\t\t<div class=\"grid-item\">\n\t\t\t<img class=\"featured-item--image\"\n\t\t\t\t\t\tdata-interchange=\"\n\t\t\t\t\t\t[https:\/\/www.skaala.com\/wp-content\/uploads\/2021\/02\/ULEK_20_inside-1024x769.png, small], \n\t\t\t\t\t\t[https:\/\/www.skaala.com\/wp-content\/uploads\/2021\/02\/ULEK_20_inside-1024x769.png, medium], \n\t\t\t\t\t\t[https:\/\/www.skaala.com\/wp-content\/uploads\/2021\/02\/ULEK_20_inside-1200x901.png, large], \n\t\t\t\t\t\t[https:\/\/www.skaala.com\/wp-content\/uploads\/2021\/02\/ULEK_20_inside-1536x1153.png, xlarge]\"\n\t\t\t\t\t\t>\n\t\t\t<\/img>\n\t\t\t<\/div>\n\t\t\t\t<div class=\"grid-item product-info\">\n\t\t\t<h2>Fasta f\u00f6nster<\/h2>\n\t\t\t\t\t\t\t<p>Skaalas fasta f\u00f6nster representerar en toppmodern l\u00f6sning f\u00f6r bost\u00e4der och kommersiella byggnader som s\u00f6ker maximalt insl\u00e4pp av naturligt ljus med en estetiskt tilltalande design. Dessa f\u00f6nster k\u00e4nnetecknas av sina sm\u00e4ckra och moderna profiler, vilket m\u00f6jligg\u00f6r en n\u00e4stan obruten sikt och en elegant integration i olika fasader. Med en karmbredd p\u00e5 endast 40 mm \u00e4r dessa [&hellip;]<\/p>\t\t\t<div class=\"tags\">\n\t\t\t\t\t\t<\/div>\n\t\t\t<p><a class=\"button\" href=\"https:\/\/www.skaala.com\/sv\/alla-f\u00f6nster\/fasta-fonster\/\">Se detaljer<\/a><\/p>\n\t\t<\/div>\n\t<\/div>\n<\/div>\n<\/div>\n<\/div>\n\n\n<div class=\"featured-items-block block\">\n\t<div class=\"featured-item\">\n\t\t<div class=\"content-half has-dark-gray-background-color\">\n\t\t\t<div class=\"featured-item--content grid-item\">\n\t\t\t\t\t\t<a class=\"button button-large\" href=\"https:\/\/www.skaala.com\/sv\/kontaktuppgifter\/\">Kontaktuppgifter<\/a>\n\t\t\t\t\t\t<\/div>\n\t\t<\/div>\n\t\t\t\t<div class=\"featured-item--image grid-item\"\n\t\t\t\t\tdata-interchange=\"\n\t\t\t\t\t[https:\/\/www.skaala.com\/wp-content\/uploads\/2024\/04\/quino-al-4SNUcHPiC8c-unsplash-1024x683.jpg, small], \n\t\t\t\t\t[https:\/\/www.skaala.com\/wp-content\/uploads\/2024\/04\/quino-al-4SNUcHPiC8c-unsplash-1024x683.jpg, medium], \n\t\t\t\t\t[https:\/\/www.skaala.com\/wp-content\/uploads\/2024\/04\/quino-al-4SNUcHPiC8c-unsplash-1200x800.jpg, large], \n\t\t\t\t\t[https:\/\/www.skaala.com\/wp-content\/uploads\/2024\/04\/quino-al-4SNUcHPiC8c-unsplash-1536x1024.jpg, xlarge]\"\n\t\t\t\t\t>\n\t\t<\/div>\n\t\t\t<\/div>\n\t<\/div>\n","protected":false},"excerpt":{"rendered":"","protected":false},"author":17,"featured_media":16708,"parent":0,"menu_order":0,"comment_status":"closed","ping_status":"closed","template":"","meta":{"_acf_changed":false,"inline_featured_image":false,"footnotes":""},"class_list":["post-17419","page","type-page","status-publish","has-post-thumbnail","hentry"],"acf":[],"_links":{"self":[{"href":"https:\/\/www.skaala.com\/sv\/wp-json\/wp\/v2\/pages\/17419","targetHints":{"allow":["GET"]}}],"collection":[{"href":"https:\/\/www.skaala.com\/sv\/wp-json\/wp\/v2\/pages"}],"about":[{"href":"https:\/\/www.skaala.com\/sv\/wp-json\/wp\/v2\/types\/page"}],"author":[{"embeddable":true,"href":"https:\/\/www.skaala.com\/sv\/wp-json\/wp\/v2\/users\/17"}],"replies":[{"embeddable":true,"href":"https:\/\/www.skaala.com\/sv\/wp-json\/wp\/v2\/comments?post=17419"}],"version-history":[{"count":37,"href":"https:\/\/www.skaala.com\/sv\/wp-json\/wp\/v2\/pages\/17419\/revisions"}],"predecessor-version":[{"id":18088,"href":"https:\/\/www.skaala.com\/sv\/wp-json\/wp\/v2\/pages\/17419\/revisions\/18088"}],"wp:featuredmedia":[{"embeddable":true,"href":"https:\/\/www.skaala.com\/sv\/wp-json\/wp\/v2\/media\/16708"}],"wp:attachment":[{"href":"https:\/\/www.skaala.com\/sv\/wp-json\/wp\/v2\/media?parent=17419"}],"curies":[{"name":"wp","href":"https:\/\/api.w.org\/{rel}","templated":true}]}}