{"id":17636,"date":"2024-01-05T11:45:49","date_gmt":"2024-01-05T09:45:49","guid":{"rendered":"https:\/\/www.skaala.com\/?page_id=17636"},"modified":"2024-04-18T16:26:27","modified_gmt":"2024-04-18T13:26:27","slug":"designers-och-arkitektservice","status":"publish","type":"page","link":"https:\/\/www.skaala.com\/sv\/experts\/designers-och-arkitektservice\/","title":{"rendered":"Designers- och arkitektservice"},"content":{"rendered":"\n\t<header class=\"featured-hero custom\" role=\"banner\" data-interchange=\"\n\t\t[https:\/\/www.skaala.com\/wp-content\/uploads\/2024\/01\/DALL\u00b7E-2024-01-05-09.44.32-A-photorealistic-close-up-image-of-a-modern-architects-desk-in-a-contemporary-office-now-including-a-computer-screen-and-additional-papers.-The-desk-1024x400.png, small],\n\t\t[https:\/\/www.skaala.com\/wp-content\/uploads\/2024\/01\/DALL\u00b7E-2024-01-05-09.44.32-A-photorealistic-close-up-image-of-a-modern-architects-desk-in-a-contemporary-office-now-including-a-computer-screen-and-additional-papers.-The-desk-1024x400.png,medium],\n\t\t[https:\/\/www.skaala.com\/wp-content\/uploads\/2024\/01\/DALL\u00b7E-2024-01-05-09.44.32-A-photorealistic-close-up-image-of-a-modern-architects-desk-in-a-contemporary-office-now-including-a-computer-screen-and-additional-papers.-The-desk-1024x400.png, large],\n\t\t[https:\/\/www.skaala.com\/wp-content\/uploads\/2024\/01\/DALL\u00b7E-2024-01-05-09.44.32-A-photorealistic-close-up-image-of-a-modern-architects-desk-in-a-contemporary-office-now-including-a-computer-screen-and-additional-papers.-The-desk-1024x400.png, xlarge]\">\n\t\t\t<h1>Skaala produkt material<\/h1>\n\t<\/header>\n\t\n\n\n<div class=\"wp-block-custom-content-area custom-wrapper alignleft has-light-blue-background-color\"><div class=\"outer-wrap\">\n<div id=\"text-block-block_8815796ca09a0fc11230fd4ddfca2389\" class=\"text-block\">\n\t\t\t<h2>Uppt\u00e4ck Skaalas Revit-objekt f\u00f6r ditt designprojekt<\/h2>\n<p>&nbsp;<\/p>\n<p>F\u00f6r att effektivisera och berika ert datamodellbaserade designarbete erbjuder vi arkitekter och konstruktionsdesigners tillg\u00e5ng till detaljerad information om Skaalas innovativa f\u00f6nster- och d\u00f6rrprodukter genom Revit-objekt.<\/p>\n<p>Uppt\u00e4ck kvaliteten och precisionen i Skaalas produktdesign med v\u00e5r ProdLib-tj\u00e4nst. H\u00e4r kan ni enkelt ladda ner v\u00e5rt breda produktutbud direkt till ert designprogram, vilket ger en smidig integration i era projekt.<\/p>\n<p>I ProdLib-biblioteket f\u00e5r ni m\u00f6jlighet att utforska och enkelt inf\u00f6rliva v\u00e5ra produkter i era designprojekt. ProdLib \u00e4r utformat f\u00f6r att vara anv\u00e4ndarv\u00e4nligt, fungerar som b\u00e5de ett separat verktyg och en integrerad del av er designmjukvara. Och det b\u00e4sta av allt \u2013 ProdLib \u00e4r helt kostnadsfritt att installera och anv\u00e4nda.<\/p>\n<p>F\u00f6r \u00e4nnu st\u00f6rre tillg\u00e4nglighet kan ni \u00e4ven bl\u00e4ddra i och ladda ner Skaalas <a href=\"https:\/\/www.skaala.com\/sv\/fonster\/\">produktmodeller<\/a> via <a href=\"https:\/\/www.prodlib.com\/skaala\/\" target=\"_blank\" rel=\"noopener\">ProdLibs webbversion.<\/a><\/p>\n<p>Starta er designresa med Skaala idag och ta era projekt till n\u00e4sta niv\u00e5!<\/p>\n\t<\/div>\n\n\n\n\n<div id=\"text-block-block_69278628f5aa8b67755d1df425757aff\" class=\"text-block\">\n\t\t\t<p><iframe id=\"prodlib-iframe\" style=\"width: 100%; height: 450px;\" src=\"https:\/\/www.prodlib.com\/library\/embedded\/Skaala?lang=se\"><\/iframe><\/p>\n\t<\/div>\n\n<\/div><\/div>\n\n\n\n<div class=\"wp-block-custom-content-area custom-wrapper alignleft has-dark-gray-background-color\"><div class=\"outer-wrap\"><div class=\"featured-pages__grid featured-pages-block count-5\">\n\t\t<div class=\"featured-pages__grid--item\">\n\t\t<a href=\"https:\/\/www.skaala.com\/sv\/fonster\/inatgaende-fonster\/\">\n\t\t<div class=\"featured-image\" role=\"banner\" data-interchange=\"[https:\/\/www.skaala.com\/wp-content\/uploads\/2022\/11\/Skaalaauto2022autoFotografautoMattiasautoHamrenauto30-640x427.jpg, small], [https:\/\/www.skaala.com\/wp-content\/uploads\/2022\/11\/Skaalaauto2022autoFotografautoMattiasautoHamrenauto30-1024x683.jpg, medium], [https:\/\/www.skaala.com\/wp-content\/uploads\/2022\/11\/Skaalaauto2022autoFotografautoMattiasautoHamrenauto30-1200x800.jpg, large], [https:\/\/www.skaala.com\/wp-content\/uploads\/2022\/11\/Skaalaauto2022autoFotografautoMattiasautoHamrenauto30-1536x1025.jpg, xlarge]\">\n\t\t\t<p class=\"button\">In\u00e5tg\u00e5ende bullerd\u00e4mpande energif\u00f6nster<\/p>\n\t\t<\/div>\n\t\t<\/a>\n\t<\/div>\n\t\t\t<div class=\"featured-pages__grid--item\">\n\t\t<a href=\"https:\/\/www.skaala.com\/sv\/fonster\/utatgaende-fonster\/\">\n\t\t<div class=\"featured-image\" role=\"banner\" data-interchange=\"[https:\/\/www.skaala.com\/wp-content\/uploads\/2020\/05\/perhe-ikkunan-takana-640x427.jpg, small], [https:\/\/www.skaala.com\/wp-content\/uploads\/2020\/05\/perhe-ikkunan-takana-1024x683.jpg, medium], [https:\/\/www.skaala.com\/wp-content\/uploads\/2020\/05\/perhe-ikkunan-takana-1200x800.jpg, large], [https:\/\/www.skaala.com\/wp-content\/uploads\/2020\/05\/perhe-ikkunan-takana-1536x1024.jpg, xlarge]\">\n\t\t\t<p class=\"button\">Ut\u00e5tg\u00e5ende f\u00f6nster<\/p>\n\t\t<\/div>\n\t\t<\/a>\n\t<\/div>\n\t\t\t<div class=\"featured-pages__grid--item\">\n\t\t<a href=\"https:\/\/www.skaala.com\/sv\/skjutdorrar-som-definerar-utrymme\/\">\n\t\t<div class=\"featured-image\" role=\"banner\" data-interchange=\"[https:\/\/www.skaala.com\/wp-content\/uploads\/2023\/08\/Mustaautoliukuvovi-640x427.jpg, small], [https:\/\/www.skaala.com\/wp-content\/uploads\/2023\/08\/Mustaautoliukuvovi-1024x682.jpg, medium], [https:\/\/www.skaala.com\/wp-content\/uploads\/2023\/08\/Mustaautoliukuvovi-1200x800.jpg, large], [https:\/\/www.skaala.com\/wp-content\/uploads\/2023\/08\/Mustaautoliukuvovi-1536x1024.jpg, xlarge]\">\n\t\t\t<p class=\"button\">Skjutd\u00f6rrar som definerar utrymme<\/p>\n\t\t<\/div>\n\t\t<\/a>\n\t<\/div>\n\t\t\t<div class=\"featured-pages__grid--item\">\n\t\t<a href=\"https:\/\/www.skaala.com\/sv\/fonster\/fasta-fonster\/\">\n\t\t<div class=\"featured-image\" role=\"banner\" data-interchange=\"[https:\/\/www.skaala.com\/wp-content\/uploads\/2020\/05\/Na\u0308kyma\u0308-pa\u0308a\u0308osassa-640x427.jpg, small], [https:\/\/www.skaala.com\/wp-content\/uploads\/2020\/05\/Na\u0308kyma\u0308-pa\u0308a\u0308osassa-1024x683.jpg, medium], [https:\/\/www.skaala.com\/wp-content\/uploads\/2020\/05\/Na\u0308kyma\u0308-pa\u0308a\u0308osassa-1200x800.jpg, large], [https:\/\/www.skaala.com\/wp-content\/uploads\/2020\/05\/Na\u0308kyma\u0308-pa\u0308a\u0308osassa-1536x1024.jpg, xlarge]\">\n\t\t\t<p class=\"button\">Fasta f\u00f6nster<\/p>\n\t\t<\/div>\n\t\t<\/a>\n\t<\/div>\n\t\t\t<div class=\"featured-pages__grid--item\">\n\t\t<a href=\"https:\/\/www.skaala.com\/sv\/dorrar\/ytterdorrar\/\">\n\t\t<div class=\"featured-image\" role=\"banner\" data-interchange=\"[https:\/\/www.skaala.com\/wp-content\/uploads\/2024\/12\/Ulko-ovi-tammiviilu-Savel-1-640x853.jpeg, small], [https:\/\/www.skaala.com\/wp-content\/uploads\/2024\/12\/Ulko-ovi-tammiviilu-Savel-1-1024x1365.jpeg, medium], [https:\/\/www.skaala.com\/wp-content\/uploads\/2024\/12\/Ulko-ovi-tammiviilu-Savel-1-1200x1600.jpeg, large], [https:\/\/www.skaala.com\/wp-content\/uploads\/2024\/12\/Ulko-ovi-tammiviilu-Savel-1-1152x1536.jpeg, xlarge]\">\n\t\t\t<p class=\"button\">Ytterd\u00f6rrar<\/p>\n\t\t<\/div>\n\t\t<\/a>\n\t<\/div>\n\t<\/div>\n<\/div><\/div>\n\n\n\n<div class=\"wp-block-custom-divider-image has-none-overlay divider-image-medium has-background-image\" style=\"background-image:url(undefined)\"><\/div>\n","protected":false},"excerpt":{"rendered":"","protected":false},"author":17,"featured_media":18852,"parent":3338,"menu_order":0,"comment_status":"closed","ping_status":"closed","template":"page-templates\/design-service-tpl.php","meta":{"_acf_changed":false,"inline_featured_image":false,"footnotes":""},"class_list":["post-17636","page","type-page","status-publish","has-post-thumbnail","hentry"],"acf":[],"_links":{"self":[{"href":"https:\/\/www.skaala.com\/sv\/wp-json\/wp\/v2\/pages\/17636","targetHints":{"allow":["GET"]}}],"collection":[{"href":"https:\/\/www.skaala.com\/sv\/wp-json\/wp\/v2\/pages"}],"about":[{"href":"https:\/\/www.skaala.com\/sv\/wp-json\/wp\/v2\/types\/page"}],"author":[{"embeddable":true,"href":"https:\/\/www.skaala.com\/sv\/wp-json\/wp\/v2\/users\/17"}],"replies":[{"embeddable":true,"href":"https:\/\/www.skaala.com\/sv\/wp-json\/wp\/v2\/comments?post=17636"}],"version-history":[{"count":25,"href":"https:\/\/www.skaala.com\/sv\/wp-json\/wp\/v2\/pages\/17636\/revisions"}],"predecessor-version":[{"id":20206,"href":"https:\/\/www.skaala.com\/sv\/wp-json\/wp\/v2\/pages\/17636\/revisions\/20206"}],"up":[{"embeddable":true,"href":"https:\/\/www.skaala.com\/sv\/wp-json\/wp\/v2\/pages\/3338"}],"wp:featuredmedia":[{"embeddable":true,"href":"https:\/\/www.skaala.com\/sv\/wp-json\/wp\/v2\/media\/18852"}],"wp:attachment":[{"href":"https:\/\/www.skaala.com\/sv\/wp-json\/wp\/v2\/media?parent=17636"}],"curies":[{"name":"wp","href":"https:\/\/api.w.org\/{rel}","templated":true}]}}