{"id":17919,"date":"2023-10-12T16:56:16","date_gmt":"2023-10-12T13:56:16","guid":{"rendered":"https:\/\/www.skaala.com\/?page_id=17919"},"modified":"2025-06-25T14:56:10","modified_gmt":"2025-06-25T11:56:10","slug":"chat","status":"publish","type":"page","link":"https:\/\/www.skaala.com\/sv\/chat\/","title":{"rendered":"Chat"},"content":{"rendered":"\n<div class=\"wp-block-custom-content-area custom-wrapper alignleft has-dark-gray-background-color\"><div class=\"outer-wrap\">\t\n\t<div id=\"heading-block-block_e679cd713fd826ac85dc9417845a14a7\" class=\"heading-block\">\n\t\t<h1 ><span>Tr\u00e4ffa Emma, Skaalas AI-expert!<\/span><\/h1>\t<\/div>\n\n\n\n<div id=\"text-block-block_b4ee035f2ce36effed2c36a188b16fcc\" class=\"text-block\">\n\t\t\t<p style=\"text-align: left;\">Du kan chatta med oss n\u00e4r som helst, dygnet runt, genom v\u00e5r dedikerade AI-assistent Emma. Hon \u00e4r h\u00e4r f\u00f6r att ge dig information om v\u00e5ra produkter, erbjuda support n\u00e4r n\u00e5got inte fungerar som det borde och besvara dina fr\u00e5gor g\u00e4llande f\u00f6nster, U-v\u00e4rden och ljudv\u00e4rden. Emma har all den kunskap som kr\u00e4vs f\u00f6r att guida dig genom Skaalas sortiment. Prova att chatta med henne nu!<\/p>\n\t<\/div>\n\n\n\n\n<div id=\"text-block-block_a9658b440d2abd3e506c2dd5110b1ff6\" class=\"text-block\">\n\t\t\t<p><script type='module' src='https:\/\/interfaces.zapier.com\/assets\/web-components\/zapier-interfaces\/zapier-interfaces.esm.js'><\/script><br \/>\n<zapier-interfaces-chatbot-embed is-popup=\"false\" chatbot-id='clnc0fgv4715700ol4w44pae3m' height=\"600px\" width=\"400px\"><\/zapier-interfaces-chatbot-embed><\/p>\n\t<\/div>\n\n<\/div><\/div>\n","protected":false},"excerpt":{"rendered":"","protected":false},"author":17,"featured_media":16403,"parent":0,"menu_order":0,"comment_status":"closed","ping_status":"closed","template":"","meta":{"_acf_changed":false,"inline_featured_image":false,"footnotes":""},"class_list":["post-17919","page","type-page","status-publish","has-post-thumbnail","hentry"],"acf":[],"_links":{"self":[{"href":"https:\/\/www.skaala.com\/sv\/wp-json\/wp\/v2\/pages\/17919","targetHints":{"allow":["GET"]}}],"collection":[{"href":"https:\/\/www.skaala.com\/sv\/wp-json\/wp\/v2\/pages"}],"about":[{"href":"https:\/\/www.skaala.com\/sv\/wp-json\/wp\/v2\/types\/page"}],"author":[{"embeddable":true,"href":"https:\/\/www.skaala.com\/sv\/wp-json\/wp\/v2\/users\/17"}],"replies":[{"embeddable":true,"href":"https:\/\/www.skaala.com\/sv\/wp-json\/wp\/v2\/comments?post=17919"}],"version-history":[{"count":21,"href":"https:\/\/www.skaala.com\/sv\/wp-json\/wp\/v2\/pages\/17919\/revisions"}],"predecessor-version":[{"id":24870,"href":"https:\/\/www.skaala.com\/sv\/wp-json\/wp\/v2\/pages\/17919\/revisions\/24870"}],"wp:featuredmedia":[{"embeddable":true,"href":"https:\/\/www.skaala.com\/sv\/wp-json\/wp\/v2\/media\/16403"}],"wp:attachment":[{"href":"https:\/\/www.skaala.com\/sv\/wp-json\/wp\/v2\/media?parent=17919"}],"curies":[{"name":"wp","href":"https:\/\/api.w.org\/{rel}","templated":true}]}}