{"id":18063,"date":"2023-10-18T12:08:06","date_gmt":"2023-10-18T09:08:06","guid":{"rendered":"https:\/\/www.skaala.com\/?page_id=18063"},"modified":"2024-04-22T15:28:26","modified_gmt":"2024-04-22T12:28:26","slug":"skaalas-p-markt-produktionsprocess","status":"publish","type":"page","link":"https:\/\/www.skaala.com\/sv\/skaalas-p-markt-produktionsprocess\/","title":{"rendered":"P-m\u00e4rkt f\u00f6nsterproduktion"},"content":{"rendered":"\n<div class=\"animated-hero\">\n\t\t\t<div class=\"animated-hero--image image-0\" style=\"background-image: url(https:\/\/www.skaala.com\/wp-content\/uploads\/2023\/10\/Skaala-produktion.jpg);\">\n\t\t<\/div>\n\t\t<div class=\"animated-hero--content\">\n\t\t\t\t\t<h1>Skaalas p-m\u00e4rkt produktionsprocess<span class=\"red-dot\">.<\/span><\/h1>\n\t\t\t<\/div>\n\t\n<\/div>\n\n\t\n\n\n<div class=\"wp-block-custom-content-area custom-wrapper alignleft has-light-blue-background-color\"><div class=\"outer-wrap\">\n<div id=\"text-block-block_969615af2d5f108d38e1f3b96549d7f2\" class=\"text-block\">\n\t\t\t<h2>P-m\u00e4rkt Produktionsprocess: Kvalitet i Varje Steg<\/h2>\n<p>I den moderna marknaden d\u00e4r konsumentf\u00f6rv\u00e4ntningarna v\u00e4xer dagligen, str\u00e4var Skaala efter h\u00f6g kvalitet genom sin P-m\u00e4rkta produktionsprocess. Men varf\u00f6r betyder denna certifiering s\u00e5 mycket f\u00f6r oss, och hur p\u00e5verkar det de <a href=\"https:\/\/www.skaala.com\/sv\/fonster\/\">f\u00f6nster<\/a> och d\u00f6rrar vi erbjuder? L\u00e4r k\u00e4nna Skaalas engagemang f\u00f6r \u00f6verl\u00e4gsen kvalitet.<\/p>\n<p><strong>P-m\u00e4rkning \u2013 Vad Betyder Det?<\/strong><\/p>\n<p><a href=\"https:\/\/www.ri.se\/sites\/default\/files\/2021-11\/CR%20133%2C%20Certifieringsregel%20f%C3%B6r%20Certifiering%20av%20produktionsprocess%20f%C3%B6r%20produktion%20av%20byggprodukter%20%28%E2%80%9DP-m%C3%A4rkt%20produktion%E2%80%9D%29..pdf\" target=\"_blank\" rel=\"noopener\">P-m\u00e4rkning<\/a> visar att en produkt eller tj\u00e4nst inte bara uppfyller lagkrav utan \u00e4ven uppn\u00e5r h\u00f6gre kvalitetsniv\u00e5er. Denna status tilldelas av den oberoende akt\u00f6ren RI.SE, som garanterar att f\u00f6retag verkligen levererar den utlovade kvaliteten.<\/p>\n<p><strong>Skaalas Engagemang f\u00f6r P-m\u00e4rkt Kvalitet<\/strong><\/p>\n<p>I f\u00f6nsterindustrin har produktens p-m\u00e4rkning \u00f6verg\u00e5tt till att omfatta hela produktionsprocessen. Hos Skaala inneb\u00e4r detta ett st\u00e4ndigt engagemang f\u00f6r kvalitet. Vi \u00e4r stolta \u00f6ver att v\u00e5r tillverkningsprocess \u00e4r P-m\u00e4rkt och noggrant inspekterad av RI.SE, vilket senast bekr\u00e4ftades av en mycket positiv \u00e5terkoppling under deras senaste bes\u00f6k.<\/p>\n<p><strong>Varf\u00f6r valde vi en certifierad Process?<\/strong><\/p>\n<ul>\n<li><strong>Tillit:<\/strong> Kunden vet att de f\u00e5r en produkt av h\u00f6g kvalitet.<\/li>\n<li><strong>Marknadsledande:<\/strong> Att ha en P-m\u00e4rkning skiljer ditt f\u00f6retag fr\u00e5n m\u00e4ngden.<\/li>\n<li><strong>F\u00f6rb\u00e4ttring:<\/strong> Kontinuerlig inspektion garanterar st\u00e4ndig utveckling och innovation.<\/li>\n<\/ul>\n<p><strong>Ytterligare Certifieringar<\/strong><\/p>\n<p>F\u00f6rutom v\u00e5r P-m\u00e4rkta certifiering, \u00e4r Skaala ocks\u00e5 certifierat enligt ISO 9001 och ISO 14001. ISO 9001 r\u00f6r kvalitetsledningssystem och s\u00e4kerst\u00e4ller att organisationer levererar konsekvent god kvalitet till sina kunder. ISO 14001 fokuserar p\u00e5 milj\u00f6ledningssystem, vilket inneb\u00e4r att Skaala \u00e4r engagerat i att minimera sin milj\u00f6p\u00e5verkan och st\u00e4ndigt f\u00f6rb\u00e4ttra sina milj\u00f6prestanda. Vi uppfyller \u00e4ven kraven f\u00f6r PEFC ST 2002:2020 och PEFC ST 2001:2020, vilket garanterar ett h\u00e5llbart skogsbruk.<\/p>\n<p><strong>Skaalas Vision<\/strong><\/p>\n<p>V\u00e5r vision p\u00e5 Skaala \u00e4r klar: vi vill vara den mest eftertraktade och omt\u00e4nksamma partnern som garanterar sinnesro f\u00f6r alla som \u00f6nskar h\u00e5llbara och l\u00e5ngvariga f\u00f6nster- och d\u00f6rrl\u00f6sningar. P-m\u00e4rkning och den positiva feedbacken fr\u00e5n RI.SE \u00e4r bara ytterligare bevis p\u00e5 v\u00e5rt engagemang f\u00f6r denna vision.<\/p>\n<p>Skaala st\u00e5r f\u00f6r kvalitet och h\u00e5llbarhet. Med P-m\u00e4rkning, ISO-certifieringar och v\u00e5rt engagemang f\u00f6r h\u00e5llbart skogsbruk, siktar vi konstant p\u00e5 att uppfylla och \u00f6vertr\u00e4ffa f\u00f6rv\u00e4ntningarna.<\/p>\n<p><strong>Mer information\u00a0<\/strong><\/p>\n<ul>\n<li><a href=\"https:\/\/www.ri.se\/sites\/default\/files\/2021-11\/CR%20133%2C%20Certifieringsregel%20f%C3%B6r%20Certifiering%20av%20produktionsprocess%20f%C3%B6r%20produktion%20av%20byggprodukter%20%28%E2%80%9DP-m%C3%A4rkt%20produktion%E2%80%9D%29..pdf\" target=\"_blank\" rel=\"noopener\">RI.SE certiferingsregel CR 133<\/a><\/li>\n<li><a href=\"https:\/\/www.dnv.com\/se\/services\/iso-9001-kvalitetsledning-32759?utm_source=google&amp;utm_medium=cpc&amp;utm_campaign=131602354047&amp;utm_term=&amp;gad=1&amp;gclid=Cj0KCQjwhL6pBhDjARIsAGx8D5-NmXKuvabbGgeXcY0apwtOrNDfgFhMWx7B5eyB915k1-nRg1EYiwIaAp1_EALw_wcB\" target=\"_blank\" rel=\"noopener\">ISO 9001<\/a><\/li>\n<li><a href=\"https:\/\/www.dnv.com\/se\/services\/iso-14001-miljoledning-32754?utm_source=google&amp;utm_medium=cpc&amp;utm_campaign=124453090737&amp;utm_term=iso+certifikat+14001&amp;gad=1&amp;gclid=Cj0KCQjwhL6pBhDjARIsAGx8D5-5xPuniObYcWsRaE2jcYoxrzhUb8p5fgXq1SvVryzqx29BHtGQPsgaAiuWEALw_wcB\" target=\"_blank\" rel=\"noopener\">ISO 14001<\/a><\/li>\n<\/ul>\n\t<\/div>\n\n<\/div><\/div>\n\n\n\t<div class=\"product-wrapper has-dark-gray-background-color\">\n\t\t<div class=\"featured-product--grid \">\n<div class=\"featured-product-block product-windows\">\n\t<div class=\"featured-product\">\n\t\t\t\t\t<div class=\"grid-item\">\n\t\t\t<img class=\"featured-item--image\"\n\t\t\t\t\t\tdata-interchange=\"\n\t\t\t\t\t\t[https:\/\/www.skaala.com\/wp-content\/uploads\/2024\/04\/Beeta-2020_light50-1024x1607.png, small], \n\t\t\t\t\t\t[https:\/\/www.skaala.com\/wp-content\/uploads\/2024\/04\/Beeta-2020_light50-1024x1607.png, medium], \n\t\t\t\t\t\t[https:\/\/www.skaala.com\/wp-content\/uploads\/2024\/04\/Beeta-2020_light50-1200x1883.png, large], \n\t\t\t\t\t\t[https:\/\/www.skaala.com\/wp-content\/uploads\/2024\/04\/Beeta-2020_light50-979x1536.png, xlarge]\"\n\t\t\t\t\t\t>\n\t\t\t<\/img>\n\t\t\t<\/div>\n\t\t\t\t<div class=\"grid-item product-info\">\n\t\t\t<h2>Ljudf\u00f6nster fr\u00e5n Skaala<\/h2>\n\t\t\t\t\t\t\t<p>Ljudf\u00f6nster fr\u00e5n Skaala har en ljudd\u00e4mpande konstruktion som reducerar buller med upp till 52 decibel (RW). Detta g\u00f6r det till ett optimalt val f\u00f6r f\u00f6nsterbyte eller nyproduktion av l\u00e4genheter i Sveriges storst\u00e4der, samt l\u00e4ngs landets huvudv\u00e4gar och j\u00e4rnv\u00e4gar. Med U-v\u00e4rden under 0,8 W\/m\u00b2K erbjuder detta f\u00f6nster utm\u00e4rkt isolering och kan kompletteras med v\u00e5ra kondensfria glas. [&hellip;]<\/p>\t\t\t<div class=\"tags\">\n\t\t\t\t\t\t\t\t\t\t\t\t<p class=\"product-tag\"><\/p>\n\t\t\t\t\t\t\t\t\t\t<\/div>\n\t\t\t<p><a class=\"button\" href=\"https:\/\/www.skaala.com\/sv\/alla-f\u00f6nster\/inatgaende-ljudfonster\/\">Se detaljer<\/a><\/p>\n\t\t<\/div>\n\t<\/div>\n<\/div>\n<div class=\"featured-product-block product-windows\">\n\t<div class=\"featured-product\">\n\t\t\t\t\t<div class=\"grid-item\">\n\t\t\t<img class=\"featured-item--image\"\n\t\t\t\t\t\tdata-interchange=\"\n\t\t\t\t\t\t[https:\/\/www.skaala.com\/wp-content\/uploads\/2021\/02\/ULEK_20_inside-1024x769.png, small], \n\t\t\t\t\t\t[https:\/\/www.skaala.com\/wp-content\/uploads\/2021\/02\/ULEK_20_inside-1024x769.png, medium], \n\t\t\t\t\t\t[https:\/\/www.skaala.com\/wp-content\/uploads\/2021\/02\/ULEK_20_inside-1200x901.png, large], \n\t\t\t\t\t\t[https:\/\/www.skaala.com\/wp-content\/uploads\/2021\/02\/ULEK_20_inside-1536x1153.png, xlarge]\"\n\t\t\t\t\t\t>\n\t\t\t<\/img>\n\t\t\t<\/div>\n\t\t\t\t<div class=\"grid-item product-info\">\n\t\t\t<h2>Fasta f\u00f6nster<\/h2>\n\t\t\t\t\t\t\t<p>Skaalas fasta f\u00f6nster representerar en toppmodern l\u00f6sning f\u00f6r bost\u00e4der och kommersiella byggnader som s\u00f6ker maximalt insl\u00e4pp av naturligt ljus med en estetiskt tilltalande design. Dessa f\u00f6nster k\u00e4nnetecknas av sina sm\u00e4ckra och moderna profiler, vilket m\u00f6jligg\u00f6r en n\u00e4stan obruten sikt och en elegant integration i olika fasader. Med en karmbredd p\u00e5 endast 40 mm \u00e4r dessa [&hellip;]<\/p>\t\t\t<div class=\"tags\">\n\t\t\t\t\t\t<\/div>\n\t\t\t<p><a class=\"button\" href=\"https:\/\/www.skaala.com\/sv\/alla-f\u00f6nster\/fasta-fonster\/\">Se detaljer<\/a><\/p>\n\t\t<\/div>\n\t<\/div>\n<\/div>\n<div class=\"featured-product-block product-windows\">\n\t<div class=\"featured-product\">\n\t\t\t\t\t<div class=\"grid-item\">\n\t\t\t<img class=\"featured-item--image\"\n\t\t\t\t\t\tdata-interchange=\"\n\t\t\t\t\t\t[https:\/\/www.skaala.com\/wp-content\/uploads\/2020\/05\/HAS_2020_outside_PNG_middle-1024x1194.png, small], \n\t\t\t\t\t\t[https:\/\/www.skaala.com\/wp-content\/uploads\/2020\/05\/HAS_2020_outside_PNG_middle-1024x1194.png, medium], \n\t\t\t\t\t\t[https:\/\/www.skaala.com\/wp-content\/uploads\/2020\/05\/HAS_2020_outside_PNG_middle-1200x1400.png, large], \n\t\t\t\t\t\t[https:\/\/www.skaala.com\/wp-content\/uploads\/2020\/05\/HAS_2020_outside_PNG_middle-1317x1536.png, xlarge]\"\n\t\t\t\t\t\t>\n\t\t\t<\/img>\n\t\t\t<\/div>\n\t\t\t\t<div class=\"grid-item product-info\">\n\t\t\t<h2>Ut\u00e5tg\u00e5ende f\u00f6nster<\/h2>\n\t\t\t\t\t\t\t<p>Optimala f\u00f6r b\u00e5de villor och bostadsr\u00e4ttsf\u00f6reningar, v\u00e5ra vridf\u00f6nster fr\u00e5n produktfamiljen som \u00e4ven inkluderar traditionella sidoh\u00e4ngda och fasta f\u00f6nster, \u00e4r det perfekta valet f\u00f6r den som s\u00f6ker en uppgradering med stil och funktion. Varje vridf\u00f6nster kommer med sofistikerade dolda vridbeslag fr\u00e5n ASSA, vilket ger en ren och modern estetik utan synliga beslag. F\u00f6r att s\u00e4kerst\u00e4lla h\u00e5llbarheten [&hellip;]<\/p>\t\t\t<div class=\"tags\">\n\t\t\t\t\t\t<\/div>\n\t\t\t<p><a class=\"button\" href=\"https:\/\/www.skaala.com\/sv\/alla-f\u00f6nster\/utatgaende-vridfonster\/\">Se detaljer<\/a><\/p>\n\t\t<\/div>\n\t<\/div>\n<\/div>\n<\/div>\n<\/div>\n","protected":false},"excerpt":{"rendered":"","protected":false},"author":17,"featured_media":0,"parent":0,"menu_order":0,"comment_status":"closed","ping_status":"closed","template":"","meta":{"_acf_changed":false,"inline_featured_image":false,"footnotes":""},"class_list":["post-18063","page","type-page","status-publish","hentry"],"acf":[],"_links":{"self":[{"href":"https:\/\/www.skaala.com\/sv\/wp-json\/wp\/v2\/pages\/18063","targetHints":{"allow":["GET"]}}],"collection":[{"href":"https:\/\/www.skaala.com\/sv\/wp-json\/wp\/v2\/pages"}],"about":[{"href":"https:\/\/www.skaala.com\/sv\/wp-json\/wp\/v2\/types\/page"}],"author":[{"embeddable":true,"href":"https:\/\/www.skaala.com\/sv\/wp-json\/wp\/v2\/users\/17"}],"replies":[{"embeddable":true,"href":"https:\/\/www.skaala.com\/sv\/wp-json\/wp\/v2\/comments?post=18063"}],"version-history":[{"count":17,"href":"https:\/\/www.skaala.com\/sv\/wp-json\/wp\/v2\/pages\/18063\/revisions"}],"predecessor-version":[{"id":20257,"href":"https:\/\/www.skaala.com\/sv\/wp-json\/wp\/v2\/pages\/18063\/revisions\/20257"}],"wp:attachment":[{"href":"https:\/\/www.skaala.com\/sv\/wp-json\/wp\/v2\/media?parent=18063"}],"curies":[{"name":"wp","href":"https:\/\/api.w.org\/{rel}","templated":true}]}}