{"id":23032,"date":"2024-11-26T15:10:55","date_gmt":"2024-11-26T13:10:55","guid":{"rendered":"https:\/\/www.skaala.com\/?page_id=23032"},"modified":"2024-11-26T15:53:16","modified_gmt":"2024-11-26T13:53:16","slug":"energifonster","status":"publish","type":"page","link":"https:\/\/www.skaala.com\/sv\/energifonster\/","title":{"rendered":"Energif\u00f6nster \u2013 En h\u00e5llbar investering"},"content":{"rendered":"\n\t<header class=\"featured-hero custom\" role=\"banner\" data-interchange=\"\n\t\t[https:\/\/www.skaala.com\/wp-content\/uploads\/2021\/02\/Skaala-kiinte\u00e4t-n\u00e4kym\u00e4-1120x400.jpg, small],\n\t\t[https:\/\/www.skaala.com\/wp-content\/uploads\/2021\/02\/Skaala-kiinte\u00e4t-n\u00e4kym\u00e4-1120x400.jpg,medium],\n\t\t[https:\/\/www.skaala.com\/wp-content\/uploads\/2021\/02\/Skaala-kiinte\u00e4t-n\u00e4kym\u00e4-1120x400.jpg, large],\n\t\t[https:\/\/www.skaala.com\/wp-content\/uploads\/2021\/02\/Skaala-kiinte\u00e4t-n\u00e4kym\u00e4-1120x400.jpg, xlarge]\">\n\t\t\t<h1>Energif\u00f6nster \u2013 En h\u00e5llbar investering<\/h1>\n\t<\/header>\n\t\n\n\n<div class=\"wp-block-custom-content-area custom-wrapper alignleft has-light-blue-background-color\"><div class=\"outer-wrap\">\n<div id=\"text-block-block_096241d3a8a67cd0ea2c60dc7b2d1ab5\" class=\"text-block\">\n\t\t\t<p>Energieffektivitet \u00e4r en av de viktigaste faktorerna n\u00e4r det g\u00e4ller att skapa h\u00e5llbara byggnader och minska b\u00e5de energif\u00f6rbrukning och klimatp\u00e5verkan. Hos Skaala erbjuder vi n\u00e5gra av marknadens mest avancerade och energieffektiva f\u00f6nster som kombinerar \u00f6verl\u00e4gsen prestanda, modern design och milj\u00f6v\u00e4nlighet.<\/p>\n<h3>Marknadens mest energieffektiva l\u00f6sningar<\/h3>\n<p>Skaalas f\u00f6nstermodeller <a href=\"https:\/\/www.skaala.com\/sv\/alla-f\u00f6nster\/lagenergifonster\/\"><strong>Arvo+<\/strong><\/a> och <strong>Alfa<\/strong>\u00a0\u00e4r ledande inom energieffektivitet, med U-v\u00e4rden s\u00e5 l\u00e5ga som 0,57 respektive 0,65\u20130,70. Dessa prestanda \u00e4r resultatet av v\u00e5r innovativa konstruktion, d\u00e4r flerglasl\u00f6sningar, gasfyllning och l\u00e5gemissionsbel\u00e4ggningar (Low-E) samverkar f\u00f6r att ge o\u00f6vertr\u00e4ffad isolering och minimera energif\u00f6rluster.<\/p>\n\t<\/div>\n\n\n\n\n<div id=\"image-block_93b9257af367726bc51849639ac27dfd\" class=\"image-block\">\n\t\t\t\t<div class=\"image-container\" style=\"width: px; height: \n\t\tauto;\">\n\t\t\t<img decoding=\"async\" src=\"https:\/\/www.skaala.com\/wp-content\/uploads\/2024\/05\/Sisaanaukeava-ikkuna.jpg\" alt=\"Energif\u00f6nster fr\u00e5n Skaala\">\n\t\t<\/div>\n\t \n\n\t<\/div>\n\n\n\n\n<div id=\"text-block-block_37dc44349c1fff3480b6ae252a7522a2\" class=\"text-block\">\n\t\t\t<h3>F\u00f6rdelarna med energif\u00f6nster fr\u00e5n Skaala<\/h3>\n<p><strong>1. Maximal energibesparing<\/strong><br \/>\nEnergieffektiva f\u00f6nster hj\u00e4lper till att h\u00e5lla v\u00e4rmen inne under vintern och blockera \u00f6verfl\u00f6dig v\u00e4rmeinstr\u00e5lning under sommaren. Detta minskar behovet av uppv\u00e4rmning och kylning, vilket leder till betydande besparingar p\u00e5 energir\u00e4kningarna.<\/p>\n<p><strong>2. H\u00f6gre inomhuskomfort<\/strong><br \/>\nMed Skaalas f\u00f6nster slipper du drag och kalla ytor n\u00e4ra glaset. Detta skapar en j\u00e4mnare temperatur inomhus och ett mer bekv\u00e4mt boende f\u00f6r hela familjen.<\/p>\n<p><strong>3. Milj\u00f6f\u00f6rdelar<\/strong><br \/>\nL\u00e4gre energif\u00f6rbrukning inneb\u00e4r mindre utsl\u00e4pp av v\u00e4xthusgaser. V\u00e5ra f\u00f6nster bidrar d\u00e4rmed till att minska byggnaders klimatavtryck och st\u00f6dja \u00f6verg\u00e5ngen till ett mer h\u00e5llbart samh\u00e4lle.<\/p>\n<p><strong>4. Kondensfritt glas som standard<\/strong><br \/>\nSkaala var f\u00f6rst med kondensfria energif\u00f6nster och erbjuder idag som tillval v\u00e5r banbrytande <strong>FrostFree-teknologi<\/strong>, som eliminerar utv\u00e4ndig kondensbildning och h\u00e5ller utsikten klar och ren under alla f\u00f6rh\u00e5llanden.<\/p>\n<p><strong>5. \u00d6kad fastighetsv\u00e4rde<\/strong><br \/>\nUppgradering till energieffektiva f\u00f6nster kan h\u00f6ja din fastighets marknadsv\u00e4rde. Allt fler k\u00f6pare s\u00f6ker bost\u00e4der som erbjuder b\u00e5de l\u00e5ga driftkostnader och h\u00e5llbarhet.<\/p>\n<p><strong>6. Ljudd\u00e4mpning f\u00f6r en tystare milj\u00f6<\/strong><br \/>\nSkaalas f\u00f6nster \u00e4r utformade f\u00f6r att reducera <a href=\"https:\/\/www.skaala.com\/sv\/expert-pa-ljud-och-energifonster\/\">yttre buller<\/a>, vilket g\u00f6r dem s\u00e4rskilt attraktiva f\u00f6r bost\u00e4der n\u00e4ra v\u00e4gar, j\u00e4rnv\u00e4gar eller stadsmilj\u00f6er.<\/p>\n<h3>Passar f\u00f6r alla behov<\/h3>\n<p>Oavsett om du bygger nytt, renoverar eller moderniserar ditt hem, har Skaala f\u00f6nster som uppfyller dina krav. V\u00e5ra produkter \u00e4r designade f\u00f6r att uppfylla passivhusstandarder och m\u00f6ta de h\u00f6gsta f\u00f6rv\u00e4ntningarna p\u00e5 prestanda och kvalitet.<\/p>\n<h3>Bygg f\u00f6r framtiden med Skaala<\/h3>\n<p>Genom att v\u00e4lja Skaalas f\u00f6nster investerar du i en h\u00e5llbar l\u00f6sning som inte bara minskar dina energikostnader utan ocks\u00e5 bidrar till en b\u00e4ttre milj\u00f6. Utforska v\u00e5rt sortiment och l\u00e4r dig mer om v\u00e5ra l\u00f6sningar p\u00e5 <a href=\"https:\/\/www.skaala.com\/sv\/fonster\/\">h\u00e4r.<\/a> L\u00e5t oss hj\u00e4lpa dig med att g\u00f6ra r\u00e4tt val f\u00f6r din fastighet och f\u00f6r framtiden.<\/p>\n\t<\/div>\n\n<\/div><\/div>\n","protected":false},"excerpt":{"rendered":"","protected":false},"author":17,"featured_media":20589,"parent":0,"menu_order":0,"comment_status":"closed","ping_status":"closed","template":"","meta":{"_acf_changed":false,"inline_featured_image":false,"footnotes":""},"class_list":["post-23032","page","type-page","status-publish","has-post-thumbnail","hentry"],"acf":[],"_links":{"self":[{"href":"https:\/\/www.skaala.com\/sv\/wp-json\/wp\/v2\/pages\/23032","targetHints":{"allow":["GET"]}}],"collection":[{"href":"https:\/\/www.skaala.com\/sv\/wp-json\/wp\/v2\/pages"}],"about":[{"href":"https:\/\/www.skaala.com\/sv\/wp-json\/wp\/v2\/types\/page"}],"author":[{"embeddable":true,"href":"https:\/\/www.skaala.com\/sv\/wp-json\/wp\/v2\/users\/17"}],"replies":[{"embeddable":true,"href":"https:\/\/www.skaala.com\/sv\/wp-json\/wp\/v2\/comments?post=23032"}],"version-history":[{"count":13,"href":"https:\/\/www.skaala.com\/sv\/wp-json\/wp\/v2\/pages\/23032\/revisions"}],"predecessor-version":[{"id":23062,"href":"https:\/\/www.skaala.com\/sv\/wp-json\/wp\/v2\/pages\/23032\/revisions\/23062"}],"wp:featuredmedia":[{"embeddable":true,"href":"https:\/\/www.skaala.com\/sv\/wp-json\/wp\/v2\/media\/20589"}],"wp:attachment":[{"href":"https:\/\/www.skaala.com\/sv\/wp-json\/wp\/v2\/media?parent=23032"}],"curies":[{"name":"wp","href":"https:\/\/api.w.org\/{rel}","templated":true}]}}