{"id":27650,"date":"2025-11-17T14:13:59","date_gmt":"2025-11-17T12:13:59","guid":{"rendered":"https:\/\/www.skaala.com\/skaala-service\/ohjeet\/"},"modified":"2026-03-18T16:04:42","modified_gmt":"2026-03-18T14:04:42","slug":"anvisningar","status":"publish","type":"page","link":"https:\/\/www.skaala.com\/sv\/skaala-service\/anvisningar\/","title":{"rendered":"Anv\u00e4ndning av Skaala-produkter"},"content":{"rendered":"\n\t<header class=\"featured-hero has-dark-gray-background-color\" role=\"banner\">\n\t\t\t<h1>Anv\u00e4ndning av Skaala-produkter<\/h1>\n\t<\/header>\n\t\n\n\n<div class=\"wp-block-custom-content-area custom-wrapper alignleft has-light-blue-background-color\"><div class=\"outer-wrap\">\t\n\t<div id=\"heading-block-block_3cd2af8ef2fb8db472f28d33034f2913\" class=\"heading-block\">\n\t\t<h2 ><span>Anv\u00e4ndning av Skaala-produkter och tillbeh\u00f6r<\/span><\/h2>\t<\/div>\n\n\n\n<div id=\"text-block-block_39c1c80073a113de3ddb8d683c296c0d\" class=\"text-block\">\n\t\t\t<p>Gratulerar till ett gott val \u2013 Skaalas Nyckelflaggan-m\u00e4rkta produkter tillverkas i v\u00e5ra fabriker, som specialbest\u00e4llda produkter f\u00f6r nordiska f\u00f6rh\u00e5llanden. Vi tillverkar v\u00e5ra produkter med respekt f\u00f6r milj\u00f6n och med material och metoder som s\u00e4kerst\u00e4ller en frisk och dragfri inom-husluft i ditt hem.<\/p>\n<p>I denna sida hittar du de viktigaste instruktionerna f\u00f6r anv\u00e4ndning och underh\u00e5ll av Skaala-produkter. Det rekommenderas att du l\u00e4ser instruktionerna noggrant och underh\u00e5ller Skaala-produkternas skick i enlighet med v\u00e5ra instruktioner och r\u00e5d. Detta g\u00f6r anv\u00e4ndningen av Skaala-produkten s\u00e5 enkel som m\u00f6jligt f\u00f6r dig och s\u00e4kerst\u00e4ller deras l\u00e5ng-<br \/>\nvariga h\u00e5llbarhet.<\/p>\n<p>F\u00f6r oss p\u00e5 Skaala \u00e4r det viktigaste n\u00f6jda kunder. Om du har n\u00e5gra fr\u00e5gor eller feedback ang\u00e5-ende anv\u00e4ndningen eller kvaliteten p\u00e5 produkten, v\u00e4nligen kontakta oss. Du hittar all kontakt-information p\u00e5 v\u00e5r hemsida www.skaala.com.<\/p>\n<p>Tack f\u00f6r att du valt Skaala produkter tillverkade i Finland!<\/p>\n<p>V\u00e4nliga h\u00e4lsningar,<br \/>\nSkaala IFN Oy<\/p>\n\t<\/div>\n\n\n\n\t\n\t<div id=\"heading-block-block_c1cb93e110e66581241de296eec33801\" class=\"heading-block\">\n\t\t<h2 ><span>Anv\u00e4ndning on underh\u00e5ll av Skaala-f\u00f6nster<\/span><\/h2>\t<\/div>\n<\/div><\/div>\n\n\n\n<div class=\"wp-block-custom-content-area custom-wrapper alignleft has-light-blue-background-color\"><div class=\"outer-wrap\">\n<div class=\"wp-block-custom-inner-columns has-two-columns custom-columns\"><div class=\"outer-wrap\">\n<div class=\"wp-block-custom-custom-column custom-column\"><div class=\"inner-wrap\">\n<a href=\"https:\/\/www.skaala.com\/wp-content\/uploads\/2026\/03\/Skaala-anvandarmanual-A5-2026-SV.pdf\" \nid=\"button-block-block_af8879ff64a451b197519c102795d505\" \nclass=\"button-block button\"\ntarget=\"_blank\"\n>Anv\u00e4ndarmanual<\/a>\n\n<\/div><\/div>\n\n\n\n<div class=\"wp-block-custom-custom-column custom-column\"><div class=\"inner-wrap\">\n<a href=\"https:\/\/www.skaala.com\/wp-content\/uploads\/2026\/03\/Skaala-Montering-guide-2026.pdf\" \nid=\"button-block-block_d86213b6a19467f850b6a09cadbdf901\" \nclass=\"button-block button\"\ntarget=\"_blank\"\n>Montering guide<\/a>\n\n<\/div><\/div>\n<\/div><\/div>\n<\/div><\/div>\n\n\n\n<div class=\"wp-block-custom-content-area custom-wrapper alignleft has-light-blue-background-color\"><div class=\"outer-wrap\">\n<div class=\"wp-block-custom-inner-columns has-three-columns custom-columns\"><div class=\"outer-wrap\">\n<div class=\"wp-block-custom-custom-column custom-column\"><div class=\"inner-wrap\">\t\n\t<div id=\"heading-block-block_48dce14d02a5d639a7b2b266f5823aff\" class=\"heading-block\">\n\t\t<h3 ><span>\u00d6lja f\u00f6nstrets beslag<\/span><\/h3>\t<\/div>\n\n\n\n<div id=\"text-block-block_949e65e57717ff99ddce2230efec7996\" class=\"text-block\">\n\t\t\t<p><iframe title=\"YouTube video player\" src=\"https:\/\/www.youtube.com\/embed\/T-MalErA1Yk?si=DJm9rSxM6cvAVscb\" width=\"560\" height=\"315\" frameborder=\"0\" allowfullscreen=\"allowfullscreen\"><\/iframe><\/p>\n\t<\/div>\n\n<\/div><\/div>\n\n\n\n<div class=\"wp-block-custom-custom-column custom-column\"><div class=\"inner-wrap\">\t\n\t<div id=\"heading-block-block_13fb7abe50af24aa12cd3568d2adcbdf\" class=\"heading-block\">\n\t\t<h3 ><span>Montering av f\u00f6nsterhandtag<\/span><\/h3>\t<\/div>\n\n\n\n<div id=\"text-block-block_ee6310848046df8faaa6b0de17c2faab\" class=\"text-block\">\n\t\t\t<p><iframe title=\"YouTube video player\" src=\"https:\/\/www.youtube.com\/embed\/JRwnLIyMm98?si=dDmftlu3lyXtdaYC\" width=\"560\" height=\"315\" frameborder=\"0\" allowfullscreen=\"allowfullscreen\"><\/iframe><\/p>\n\t<\/div>\n\n<\/div><\/div>\n\n\n\n<div class=\"wp-block-custom-custom-column custom-column\"><div class=\"inner-wrap\">\t\n\t<div id=\"heading-block-block_0db34f297ab18e4e75fdc0e6a04e13ba\" class=\"heading-block\">\n\t\t<h3 ><span>Anv\u00e4ndning av persienner<\/span><\/h3>\t<\/div>\n\n\n\n<div id=\"text-block-block_a7b714c8f42d50fe8af798b1af186880\" class=\"text-block\">\n\t\t\t<p><iframe title=\"YouTube video player\" src=\"https:\/\/www.youtube.com\/embed\/vAi0nl9cgxk?si=SxyTrxMgDjW_Jj_P\" width=\"560\" height=\"315\" frameborder=\"0\" allowfullscreen=\"allowfullscreen\"><\/iframe><\/p>\n\t<\/div>\n\n<\/div><\/div>\n<\/div><\/div>\n<\/div><\/div>\n\n\n\n<div class=\"wp-block-custom-content-area custom-wrapper alignleft has-light-blue-background-color\"><div class=\"outer-wrap\">\n<div class=\"wp-block-custom-inner-columns has-three-columns custom-columns\"><div class=\"outer-wrap\">\n<div class=\"wp-block-custom-custom-column custom-column\"><div class=\"inner-wrap\">\t\n\t<div id=\"heading-block-block_355c7a90b07fc0a0a55d41d237dbec5e\" class=\"heading-block\">\n\t\t<h3 ><span> Justering av f\u00f6nstrets ytterb\u00e5ge<\/span><\/h3>\t<\/div>\n\n\n\n<div id=\"text-block-block_9d336acef21a5555313285600ee23490\" class=\"text-block\">\n\t\t\t<p><iframe title=\"YouTube video player\" src=\"https:\/\/www.youtube.com\/embed\/q4VKI6586yQ?si=tE1ExsZdDpWsz0h3\" width=\"560\" height=\"315\" frameborder=\"0\" allowfullscreen=\"allowfullscreen\"><\/iframe><\/p>\n\t<\/div>\n\n<\/div><\/div>\n\n\n\n<div class=\"wp-block-custom-custom-column custom-column\"><div class=\"inner-wrap\">\t\n\t<div id=\"heading-block-block_b62d1639083f3cb8c700fe652ba9cbc0\" class=\"heading-block\">\n\t\t<h3 ><span>Demontering av b\u00e5gar fr\u00e5n karm<\/span><\/h3>\t<\/div>\n\n\n\n<div id=\"text-block-block_5cd87ea25500abee8cae1925060232cd\" class=\"text-block\">\n\t\t\t<p><iframe title=\"YouTube video player\" src=\"https:\/\/www.youtube.com\/embed\/FemMTN8ic30?si=7QPG8yFB90qFe0pB\" width=\"560\" height=\"315\" frameborder=\"0\" allowfullscreen=\"allowfullscreen\"><\/iframe><\/p>\n\t<\/div>\n\n<\/div><\/div>\n\n\n\n<div class=\"wp-block-custom-custom-column custom-column\"><div class=\"inner-wrap\">\t\n\t<div id=\"heading-block-block_597acda4aa86999815de58a0dd3064b5\" class=\"heading-block\">\n\t\t<h3 ><span>Byte av f\u00f6nstrets l\u00e5ngregell\u00e5s<\/span><\/h3>\t<\/div>\n\n\n\n<div id=\"text-block-block_b7a30f5a461e80411dcb842497a50d6d\" class=\"text-block\">\n\t\t\t<p><iframe title=\"YouTube video player\" src=\"https:\/\/www.youtube.com\/embed\/lmkxQdyrMpE?si=r97tVxuN4A0p4Ul4\" width=\"560\" height=\"315\" frameborder=\"0\" allowfullscreen=\"allowfullscreen\"><\/iframe><\/p>\n\t<\/div>\n\n<\/div><\/div>\n<\/div><\/div>\n<\/div><\/div>\n\n\n\n<div class=\"wp-block-custom-content-area custom-wrapper alignleft has-light-blue-background-color\"><div class=\"outer-wrap\">\n<div class=\"wp-block-custom-inner-columns has-three-columns custom-columns\"><div class=\"outer-wrap\">\n<div class=\"wp-block-custom-custom-column custom-column\"><div class=\"inner-wrap\">\t\n\t<div id=\"heading-block-block_22fb82d6ba5fa92f66244966c1f522b3\" class=\"heading-block\">\n\t\t<h3 ><span>Borttagning av insektram<\/span><\/h3>\t<\/div>\n\n\n\n<div id=\"text-block-block_211930bab7d1c29bc11d24989c18b55e\" class=\"text-block\">\n\t\t\t<p><iframe title=\"YouTube video player\" src=\"https:\/\/www.youtube.com\/embed\/NGoMfwAcrn4?si=k0SQbBnG-9Y01A_t\" width=\"560\" height=\"315\" frameborder=\"0\" allowfullscreen=\"allowfullscreen\"><\/iframe><\/p>\n\t<\/div>\n\n<\/div><\/div>\n\n\n\n<div class=\"wp-block-custom-custom-column custom-column\"><div class=\"inner-wrap\">\t\n\t<div id=\"heading-block-block_638737c2545c98d343ac392493240d31\" class=\"heading-block\">\n\t\t<h3 ><span>Montering av insektsram<\/span><\/h3>\t<\/div>\n\n\n\n<div id=\"text-block-block_38fa231446fa2f1a91b95b46c54f808f\" class=\"text-block\">\n\t\t\t<p><iframe title=\"YouTube video player\" src=\"https:\/\/www.youtube.com\/embed\/VITMKw97mpk?si=vAOl-MYPvJyVjpKV\" width=\"560\" height=\"315\" frameborder=\"0\" allowfullscreen=\"allowfullscreen\"><\/iframe><\/p>\n\t<\/div>\n\n<\/div><\/div>\n\n\n\n<div class=\"wp-block-custom-custom-column custom-column\"><div class=\"inner-wrap\">\t\n\t<div id=\"heading-block-block_04d85d0d67ed1c4dd9b5e6c2aa893573\" class=\"heading-block\">\n\t\t<h3 ><span>Byte av insektsn\u00e4t<\/span><\/h3>\t<\/div>\n\n\n\n<div id=\"text-block-block_d6f017f7b5f9b1ce60b45ee4d6a91453\" class=\"text-block\">\n\t\t\t<p><iframe title=\"YouTube video player\" src=\"https:\/\/www.youtube.com\/embed\/xcgpxWE31ag?si=AQ4_S3jATB8GgTdv\" width=\"560\" height=\"315\" frameborder=\"0\" allowfullscreen=\"allowfullscreen\"><\/iframe><\/p>\n\t<\/div>\n\n<\/div><\/div>\n<\/div><\/div>\n<\/div><\/div>\n\n\n\n<div class=\"wp-block-custom-content-area custom-wrapper alignleft has-light-blue-background-color\"><div class=\"outer-wrap\">\n<div class=\"wp-block-custom-inner-columns has-three-columns custom-columns\"><div class=\"outer-wrap\">\n<div class=\"wp-block-custom-custom-column custom-column\"><div class=\"inner-wrap\">\t\n\t<div id=\"heading-block-block_c69f4ed8a0ff72d9f4f973d109f98407\" class=\"heading-block\">\n\t\t<h3 ><span>Underh\u00e5ll av Suvi-tillluftsventil<\/span><\/h3>\t<\/div>\n\n\n\n<div id=\"text-block-block_e3f67de939ce7cf39f475e72860ddb58\" class=\"text-block\">\n\t\t\t<p><iframe title=\"YouTube video player\" src=\"https:\/\/www.youtube.com\/embed\/cAACGt9xNgA?si=WExSd5Hr_2piZs2j\" width=\"560\" height=\"315\" frameborder=\"0\" allowfullscreen=\"allowfullscreen\"><\/iframe><\/p>\n\t<\/div>\n\n<\/div><\/div>\n\n\n\n<div class=\"wp-block-custom-custom-column custom-column\"><div class=\"inner-wrap\">\t\n\t<div id=\"heading-block-block_4ff15978c11c0819bf34401b7a07aca6\" class=\"heading-block\">\n\t\t<h3 ><span>\u00d6ppning av v\u00e4drings-f\u00f6nstrets sp\u00e4rr<\/span><\/h3>\t<\/div>\n\n\n\n<div id=\"text-block-block_d07345bbf9b95f98a20d4f8b94ba20d1\" class=\"text-block\">\n\t\t\t<p><iframe title=\"YouTube video player\" src=\"https:\/\/www.youtube.com\/embed\/8NVxzcnDX2o?si=X8uZFYS3-WIS4PWf\" width=\"560\" height=\"315\" frameborder=\"0\" allowfullscreen=\"allowfullscreen\"><\/iframe><\/p>\n\t<\/div>\n\n<\/div><\/div>\n\n\n\n<div class=\"wp-block-custom-custom-column custom-column\"><div class=\"inner-wrap\">\t\n\t<div id=\"heading-block-block_8a33a995e78d90a8b41b82730d489740\" class=\"heading-block\">\n\t\t<h3 ><span>Byte av t\u00e4tningslister p\u00e5 f\u00f6nster<\/span><\/h3>\t<\/div>\n\n\n\n<div id=\"text-block-block_5eb07b01735cb30c2440024a0ee53d36\" class=\"text-block\">\n\t\t\t<p><iframe title=\"YouTube video player\" src=\"https:\/\/www.youtube.com\/embed\/blK1Axw87Ic?si=uG9Xd5VMKBOJ4nQ-\" width=\"560\" height=\"315\" frameborder=\"0\" allowfullscreen=\"allowfullscreen\"><\/iframe><\/p>\n\t<\/div>\n\n<\/div><\/div>\n<\/div><\/div>\n<\/div><\/div>\n\n\n\n<div class=\"wp-block-custom-content-area custom-wrapper alignleft has-dark-gray-background-color\"><div class=\"outer-wrap\">\t\n\t<div id=\"heading-block-block_520e44bb39a7169107ee7a3b94d29d4e\" class=\"heading-block\">\n\t\t<h2 ><span>Anv\u00e4ndning on underh\u00e5ll av Skaala-d\u00f6rr<\/span><\/h2>\t<\/div>\n<\/div><\/div>\n\n\n\n<div class=\"wp-block-custom-content-area custom-wrapper alignleft has-dark-gray-background-color\"><div class=\"outer-wrap\">\n<div class=\"wp-block-custom-inner-columns has-three-columns custom-columns\"><div class=\"outer-wrap\">\n<div class=\"wp-block-custom-custom-column custom-column\"><div class=\"inner-wrap\">\t\n\t<div id=\"heading-block-block_b4b664ea794f8236f71e84664c8d9d2d\" class=\"heading-block\">\n\t\t<h3 ><span>Underh\u00e5ll av d\u00f6rrens spanjolett<\/span><\/h3>\t<\/div>\n\n\n\n<div id=\"text-block-block_35d9946d99cc7fd8383030b543e595fd\" class=\"text-block\">\n\t\t\t<p><iframe title=\"YouTube video player\" src=\"https:\/\/www.youtube.com\/embed\/hOzhJbiqa6s?si=lKOjdUVGcq3zsLTt\" width=\"560\" height=\"315\" frameborder=\"0\" allowfullscreen=\"allowfullscreen\"><\/iframe><\/p>\n\t<\/div>\n\n<\/div><\/div>\n\n\n\n<div class=\"wp-block-custom-custom-column custom-column\"><div class=\"inner-wrap\">\t\n\t<div id=\"heading-block-block_5917f0a1034bd698833834f38256904e\" class=\"heading-block\">\n\t\t<h3 ><span>Byte av d\u00f6rrt\u00e4tningar<\/span><\/h3>\t<\/div>\n\n\n\n<div id=\"text-block-block_9382d190eeb7eeea6ae1bdaef15f06cb\" class=\"text-block\">\n\t\t\t<p><iframe title=\"YouTube video player\" src=\"https:\/\/www.youtube.com\/embed\/oBQG-yeDsxc?si=-cEeV7yqhyQNldeB\" width=\"560\" height=\"315\" frameborder=\"0\" allowfullscreen=\"allowfullscreen\"><\/iframe><\/p>\n\t<\/div>\n\n<\/div><\/div>\n\n\n\n<div class=\"wp-block-custom-custom-column custom-column\"><div class=\"inner-wrap\">\t\n\t<div id=\"heading-block-block_c2d70cf645384c294b3c927eda3cb102\" class=\"heading-block\">\n\t\t<h3 ><span>Anv\u00e4ndning och underh\u00e5ll av skjutd\u00f6rren<\/span><\/h3>\t<\/div>\n\n\n\n<div id=\"text-block-block_f54d5bb94d44cd6412d4bcc9cbb0fa36\" class=\"text-block\">\n\t\t\t<p><iframe title=\"YouTube video player\" src=\"https:\/\/www.youtube.com\/embed\/ClwjN7d3aho?si=fTTmsaxppWrEoFTO\" width=\"560\" height=\"315\" frameborder=\"0\" allowfullscreen=\"allowfullscreen\"><\/iframe><\/p>\n\t<\/div>\n\n<\/div><\/div>\n<\/div><\/div>\n<\/div><\/div>\n\n\n\n<div class=\"wp-block-custom-content-area custom-wrapper alignleft has-dark-gray-background-color\"><div class=\"outer-wrap\">\n<div class=\"wp-block-custom-inner-columns has-three-columns custom-columns\"><div class=\"outer-wrap\">\n<div class=\"wp-block-custom-custom-column custom-column\"><div class=\"inner-wrap\">\t\n\t<div id=\"heading-block-block_5b2e6acf5e75abd4cc6249c7774140c8\" class=\"heading-block\">\n\t\t<h3 ><span>Avl\u00e4gsnande och montering av d\u00f6rrbladet<\/span><\/h3>\t<\/div>\n\n\n\n<div id=\"text-block-block_af849faefe070a382cce0f20a210218e\" class=\"text-block\">\n\t\t\t<p><iframe title=\"YouTube video player\" src=\"https:\/\/www.youtube.com\/embed\/3-JnAlTr1R4?si=MYlCEL0eNJZEGcLO\" width=\"560\" height=\"315\" frameborder=\"0\" allowfullscreen=\"allowfullscreen\"><\/iframe><\/p>\n\t<\/div>\n\n<\/div><\/div>\n\n\n\n<div class=\"wp-block-custom-custom-column custom-column\"><div class=\"inner-wrap\">\t\n\t<div id=\"heading-block-block_474c74b4ec9f8376b0ebae65bd3d4fbd\" class=\"heading-block\">\n\t\t<h3 ><span>Justering av d\u00f6rrbladet i h\u00f6jdled<\/span><\/h3>\t<\/div>\n\n\n\n<div id=\"text-block-block_397b574d9b07f51002a471a97fee4099\" class=\"text-block\">\n\t\t\t<p><iframe title=\"YouTube video player\" src=\"https:\/\/www.youtube.com\/embed\/p7psPH4pawc?si=qrO7_T42bYvILQZC\" width=\"560\" height=\"315\" frameborder=\"0\" allowfullscreen=\"allowfullscreen\"><\/iframe><\/p>\n\t<\/div>\n\n<\/div><\/div>\n\n\n\n<div class=\"wp-block-custom-custom-column custom-column\"><div class=\"inner-wrap\">\t\n\t<div id=\"heading-block-block_19fe0c4a01efe3af2c95e3e506489675\" class=\"heading-block\">\n\t\t<h3 ><span>Justering av d\u00f6rrbladet i sidled<\/span><\/h3>\t<\/div>\n\n\n\n<div id=\"text-block-block_02c3b55b3fdc9ae948a65c82f75b75cf\" class=\"text-block\">\n\t\t\t<p><iframe title=\"YouTube video player\" src=\"https:\/\/www.youtube.com\/embed\/2MFctnBVmT8?si=YrZ42agIwOM1rfUN\" width=\"560\" height=\"315\" frameborder=\"0\" allowfullscreen=\"allowfullscreen\"><\/iframe><\/p>\n\t<\/div>\n\n<\/div><\/div>\n<\/div><\/div>\n<\/div><\/div>\n\n\n\n<div class=\"wp-block-custom-content-area custom-wrapper alignleft has-dark-gray-background-color\"><div class=\"outer-wrap\">\n<div class=\"wp-block-custom-inner-columns has-three-columns custom-columns\"><div class=\"outer-wrap\">\n<div class=\"wp-block-custom-custom-column custom-column\"><div class=\"inner-wrap\">\t\n\t<div id=\"heading-block-block_e7ec13ba317b6ff10c0536019280f804\" class=\"heading-block\">\n\t\t<h3 ><span>Anv\u00e4ndning av balkongd\u00f6rren<\/span><\/h3>\t<\/div>\n\n\n\n<div id=\"text-block-block_719f153d80acf67279d771e41b348850\" class=\"text-block\">\n\t\t\t<p><iframe title=\"YouTube video player\" src=\"https:\/\/www.youtube.com\/embed\/SQJu0S18Jgs?si=eeYgN7Yq8IspK4NP\" width=\"560\" height=\"315\" frameborder=\"0\" allowfullscreen=\"allowfullscreen\"><\/iframe><\/p>\n\t<\/div>\n\n<\/div><\/div>\n\n\n\n<div class=\"wp-block-custom-custom-column custom-column\"><div class=\"inner-wrap\">\t\n\t<div id=\"heading-block-block_b529e270396f13b2f5c583cfa8da257e\" class=\"heading-block\">\n\t\t<h3 ><span>Sk\u00f6tsel av \u00f6ppningsstoppet till d\u00f6rren<\/span><\/h3>\t<\/div>\n\n\n\n<div id=\"text-block-block_23f1abd81a44aa9e4eb7154061d19b2d\" class=\"text-block\">\n\t\t\t<p><iframe title=\"YouTube video player\" src=\"https:\/\/www.youtube.com\/embed\/hOzhJbiqa6s?si=MOOzuV9FqZ7SiUJ8\" width=\"560\" height=\"315\" frameborder=\"0\" allowfullscreen=\"allowfullscreen\"><\/iframe><\/p>\n\t<\/div>\n\n<\/div><\/div>\n\n\n\n<div class=\"wp-block-custom-custom-column custom-column\"><div class=\"inner-wrap\">\t\n\t<div id=\"heading-block-block_6908104bb509326db4c3e43b1b9c95fd\" class=\"heading-block\">\n\t\t<h3 ><span>Byte av \u00f6ppningsstoppet p\u00e5 d\u00f6rren<\/span><\/h3>\t<\/div>\n\n\n\n<div id=\"text-block-block_6a27f8314db8f96404a4ee2b6f4233ab\" class=\"text-block\">\n\t\t\t<p><iframe title=\"YouTube video player\" src=\"https:\/\/www.youtube.com\/embed\/Vzlo89XSnAM?si=5_LkiFDTVxL6ydXn\" width=\"560\" height=\"315\" frameborder=\"0\" allowfullscreen=\"allowfullscreen\"><\/iframe><\/p>\n\t<\/div>\n\n<\/div><\/div>\n<\/div><\/div>\n<\/div><\/div>\n\n\n\n<div class=\"wp-block-custom-content-area custom-wrapper alignleft has-dark-gray-background-color\"><div class=\"outer-wrap\">\n<div class=\"wp-block-custom-inner-columns has-three-columns custom-columns\"><div class=\"outer-wrap\">\n<div class=\"wp-block-custom-custom-column custom-column\"><div class=\"inner-wrap\">\t\n\t<div id=\"heading-block-block_f3340de9e35aaf5d83d160208958cdd4\" class=\"heading-block\">\n\t\t<h3 ><span>Balkongs\u00f6rrens handtagbyte<\/span><\/h3>\t<\/div>\n\n\n\n<div id=\"text-block-block_86611f359bd71f449bbb976f20a9c4be\" class=\"text-block\">\n\t\t\t<p><iframe title=\"YouTube video player\" src=\"https:\/\/www.youtube.com\/embed\/Kx3lOqyTsvc?si=LOHfc7_qpwEv0amw\" width=\"560\" height=\"315\" frameborder=\"0\" allowfullscreen=\"allowfullscreen\"><\/iframe><\/p>\n\t<\/div>\n\n<\/div><\/div>\n\n\n\n<div class=\"wp-block-custom-custom-column custom-column\"><div class=\"inner-wrap\"><\/div><\/div>\n\n\n\n<div class=\"wp-block-custom-custom-column custom-column\"><div class=\"inner-wrap\"><\/div><\/div>\n<\/div><\/div>\n<\/div><\/div>\n\n\n\n<div class=\"wp-block-custom-divider-image has-none-overlay divider-image-medium has-background-image\" style=\"background-image:url(https:\/\/www.skaala.com\/wp-content\/uploads\/2025\/12\/Skaala_asuntomessut_2021-61-scaled.jpg)\"><\/div>\n","protected":false},"excerpt":{"rendered":"","protected":false},"author":5,"featured_media":16298,"parent":3370,"menu_order":0,"comment_status":"closed","ping_status":"closed","template":"","meta":{"_acf_changed":false,"inline_featured_image":false,"footnotes":""},"class_list":["post-27650","page","type-page","status-publish","has-post-thumbnail","hentry"],"acf":[],"_links":{"self":[{"href":"https:\/\/www.skaala.com\/sv\/wp-json\/wp\/v2\/pages\/27650","targetHints":{"allow":["GET"]}}],"collection":[{"href":"https:\/\/www.skaala.com\/sv\/wp-json\/wp\/v2\/pages"}],"about":[{"href":"https:\/\/www.skaala.com\/sv\/wp-json\/wp\/v2\/types\/page"}],"author":[{"embeddable":true,"href":"https:\/\/www.skaala.com\/sv\/wp-json\/wp\/v2\/users\/5"}],"replies":[{"embeddable":true,"href":"https:\/\/www.skaala.com\/sv\/wp-json\/wp\/v2\/comments?post=27650"}],"version-history":[{"count":9,"href":"https:\/\/www.skaala.com\/sv\/wp-json\/wp\/v2\/pages\/27650\/revisions"}],"predecessor-version":[{"id":27949,"href":"https:\/\/www.skaala.com\/sv\/wp-json\/wp\/v2\/pages\/27650\/revisions\/27949"}],"up":[{"embeddable":true,"href":"https:\/\/www.skaala.com\/sv\/wp-json\/wp\/v2\/pages\/3370"}],"wp:featuredmedia":[{"embeddable":true,"href":"https:\/\/www.skaala.com\/sv\/wp-json\/wp\/v2\/media\/16298"}],"wp:attachment":[{"href":"https:\/\/www.skaala.com\/sv\/wp-json\/wp\/v2\/media?parent=27650"}],"curies":[{"name":"wp","href":"https:\/\/api.w.org\/{rel}","templated":true}]}}