{"id":3320,"date":"2020-05-13T19:15:26","date_gmt":"2020-05-13T16:15:26","guid":{"rendered":"https:\/\/www.skaala.com\/?page_id=3320"},"modified":"2020-07-03T17:31:37","modified_gmt":"2020-07-03T14:31:37","slug":"skaalas-histori","status":"publish","type":"page","link":"https:\/\/www.skaala.com\/sv\/om-oss\/skaalas-histori\/","title":{"rendered":"Skaalas historia"},"content":{"rendered":"\n<div class=\"wp-block-custom-content-area custom-wrapper alignleft has-light-blue-background-color\"><div class=\"outer-wrap\">\t\n\t<div id=\"heading-block-block_5ea02dc365f36\" class=\"heading-block\">\n\t\t<h1 ><span>Pionj\u00e4r inom energieffektivitet<\/span><\/h1>\t<\/div>\n\n\n\t\n\t<div id=\"heading-block-block_5ea02df665f38\" class=\"heading-block\">\n\t\t<h2 ><span>De tidiga \u00e5ren<\/span><\/h2>\t<\/div>\n\n\n\n<div id=\"text-block-block_5ea02e2765f39\" class=\"text-block\">\n\t\t\t<p>\u00c5r 1956 grundade Ylih\u00e4rm\u00e4-bon Otto Hautanen ett lokalt f\u00f6retag som tillverkade snickeriprodukter. Till sortimentet h\u00f6rde i b\u00f6rjan bl.a. tr\u00e4dg\u00e5rdsm\u00f6bler och strykbr\u00e4den.<\/p>\n<p>F\u00f6nster och d\u00f6rrar togs in i sortimentet i b\u00f6rjan p\u00e5 1960-talet. I det h\u00e4r skedet var f\u00f6rs\u00e4ljningen av tr\u00e4dg\u00e5rdsm\u00f6bler och strykbr\u00e4den rikst\u00e4ckande. F\u00f6nster och d\u00f6rrar levererades till kunder i n\u00e4romr\u00e5det.<\/p>\n<p>P\u00e5 1970-talet f\u00f6ll de \u00f6vriga snickeriprodukterna s\u00e5 sm\u00e5ningom bort fr\u00e5n produktionen samtidigt som f\u00f6nster- och d\u00f6rrf\u00f6rs\u00e4ljningens andel av oms\u00e4ttningen steg. \u00c5r 1977 kom Ottos \u00e4ldsta s\u00f6ner, Jarmo och Hannu med in i f\u00f6retagets verksamhet.<\/p>\n\t<\/div>\n\n\n\n\t\n\t<div id=\"heading-block-block_5ea02e9665f3a\" class=\"heading-block\">\n\t\t<h2 ><span>1980- talet<\/span><\/h2>\t<\/div>\n\n\n\n<div id=\"text-block-block_5ea02ea265f3b\" class=\"text-block\">\n\t\t\t<p>P\u00e5 1980-talet gjordes stora framsteg bl.a. n\u00e4r det g\u00e4llde automatisering av produktion, f\u00f6rs\u00e4ljning och produktsortiment.<\/p>\n<p>Fabriken p\u00e5 Ylih\u00e4rm\u00e4s industriomr\u00e5de byggdes ut i flera omg\u00e5ngar. Verksamheten inriktades p\u00e5 f\u00f6nsterproduktion och Finlands f\u00f6rsta integrerade, skr\u00e4ddarsydda f\u00f6nstertillverkningslinjer var i anv\u00e4ndning. I slutet av \u00e5rtiondet p\u00e5b\u00f6rjade man hantering av glas samt tillverkning av egna isolerglas. Produktionskontrollen hanterades av ett informationssystem.<\/p>\n<p>Under detta \u00e5rtionde \u00f6kade verksamheten nationellt och f\u00f6retaget blev en av de medelstora akt\u00f6rerna bland f\u00f6nstertillverkare.<\/p>\n\t<\/div>\n\n\n\n\t\n\t<div id=\"heading-block-block_5ea02ecd65f3c\" class=\"heading-block\">\n\t\t<h2 ><span>1990-talet<\/span><\/h2>\t<\/div>\n\n\n\n<div id=\"text-block-block_5ea02ede65f3d\" class=\"text-block\">\n\t\t\t<p>Den ekonomiska recessionen i b\u00f6rjan av decenniet skakade branschen starkt. Efter utmanande tider fortsatte produktionen att v\u00e4xa och under 1990-talet st\u00e4rkte f\u00f6retaget sin position bland de st\u00f6rre medelstora tillverkarna.<\/p>\n<p>Moderniseringen av produktion och produktionskontroll, som hade p\u00e5b\u00f6rjats under det f\u00f6reg\u00e5ende decenniet, fortsatte n\u00e4r man tog i bruk den utbyggda delen av fabriken och i samband med det den nya ytbehandlingslinjen med optisk \u00f6vervakning.<\/p>\n<p>Konceptet f\u00f6r industriellt tillverkade f\u00f6nster med skr\u00e4ddarsydda m\u00e5tt utvecklades, nya bearbetningslinjer togs i bruk och utvecklingsprojekt f\u00f6r glasningsfabriken k\u00f6rdes ig\u00e5ng. Lean-metoden introducerades i produktionsfl\u00f6det och \u00e4ven f\u00f6rs\u00e4ljningssystem \u00f6verf\u00f6rdes till datorbaserade system.<\/p>\n<p>Det f\u00e4stes uppm\u00e4rksamhet vid produktkvalitetet bl.a. genom att som f\u00f6rsta i Finland ta i bruk ett nytt materialkoncept, ett s.k. kvalitetstr\u00e4d.<\/p>\n<p>Skaala-varum\u00e4rket introducerades och exportverksamheten startade, med finska stockhustillverkare som kunder.<\/p>\n\t<\/div>\n\n\n\n\t\n\t<div id=\"heading-block-block_5ea02f1865f3e\" class=\"heading-block\">\n\t\t<h2 ><span>2000-talet<\/span><\/h2>\t<\/div>\n\n\n\n<div id=\"text-block-block_5ea02f2165f3f\" class=\"text-block\">\n\t\t\t<p>Skaalas tillv\u00e4xt fortsatte och f\u00f6retaget steg till att vara en av branschens st\u00f6rsta tillverkare i Norden.<\/p>\n<p>Tillv\u00e4xten skedde b\u00e5de organiskt och genom f\u00f6rv\u00e4rv. F\u00f6rs\u00e4ljningskontor i Storbritannien och Sverige \u00f6ppnades.<\/p>\n<p>Skaala tilldelades ett flertal utm\u00e4rkelser relaterade till tillv\u00e4xt och syssels\u00e4ttning. Den riksomfattande RIL-priset f\u00f6r l\u00e5genergi-f\u00f6nsterutveckling \u00f6verr\u00e4cktes till Skaala 2007. Dessutom tilldelades Skaala Alfa-f\u00f6nstret titeln som TM Rakennusmaailmas Testvinnare \u2013 Skaala Alfa var det enda f\u00f6nstret som fick fem av fem stj\u00e4rnor 2009.<\/p>\n<p>Flera fabriksutvigdningar genomf\u00f6rdes och verksamheten kom att omfatta \u00e4ven innerd\u00f6rrar och installationsarbeten. Flera f\u00f6rstorningar genomf\u00f6rdes bland annat p\u00e5 huvudfabriksomr\u00e5det i Ylih\u00e4rm\u00e4, bl.a. en ny d\u00f6rrfabrik samt ett logistikcenter<\/p>\n<p>Sauli Niinist\u00f6 var huvudg\u00e4st p\u00e5 Skaalas 50-\u00e5rsjubileum 2006 och fungerade \u00e4ven som festtalare.<\/p>\n\t<\/div>\n\n\n\n\t\n\t<div id=\"heading-block-block_5ea02f5765f40\" class=\"heading-block\">\n\t\t<h2 ><span>2010-talet<\/span><\/h2>\t<\/div>\n\n\n\n<div id=\"text-block-block_5ea02f6165f41\" class=\"text-block\">\n\t\t\t<p>Satsningen p\u00e5\u00a0 produktutveckling fortsatte och gav flera utm\u00e4rkelser till Skaala. Skaala Frostfree \u2013 kondensfria\u00a0 energif\u00f6nster lanserades i b\u00f6rjan av decenniet och produkten tilldelades Innosuomi utm\u00e4rkelsen (fri \u00f6vers\u00e4ttning \u201dInnovationsFinland\u201d). Vid tillverkningen av isoleringsglas \u00f6vergick man till superspacerteknologi i Alfa- och Beeta-produkterna. Skaala Alfa cLean ventilationsf\u00f6nster blev tilldelat Bostadsmarknadens innovationspris. Skaala-f\u00f6nstren bel\u00f6nades ocks\u00e5 av Byggingenj\u00f6rsf\u00f6rbundet, n\u00e4r MERA-l\u00e5genergi-h\u00f6ghuskonceptet i Esbo fick utm\u00e4rkelsen \u00e5rets projekt.<\/p>\n<p>Skaala investerade st\u00e4ndigt i utvecklingen av fabriksomr\u00e5det och utvecklade ett Green Field &amp; Factory system som betonar milj\u00f6v\u00e4rden. Expansionen av fabriken Ylih\u00e4rm\u00e4 och den toppmoderna glasbearbetningslinjen invigdes p\u00e5 Skaalas 60-\u00e5rsjubileum 2016.<\/p>\n<p>Organisationen utvecklades f\u00f6r att svara p\u00e5 \u00f6kad efterfr\u00e5gan, bland annat genom etablering av dotterbolag i Ryssland, Sverige och Storbritannien.<\/p>\n<p>\u00c5r 2017 s\u00e5ldes majoritetsandelen i Skaala till den \u00f6sterrikiska koncernen IFN Holding Ag<\/p>\n\t<\/div>\n\n<\/div><\/div>\n\n\n\n<div class=\"wp-block-custom-content-area custom-wrapper alignleft has-dark-gray-background-color\"><div class=\"outer-wrap\">\t\n\t<div id=\"heading-block-block_5ea02f9a65f42\" class=\"heading-block\">\n\t\t<h2 ><span>H\u00e5llbar utveckling<\/span><\/h2>\t<\/div>\n\n\n\n<div id=\"text-block-block_5ea02fa465f43\" class=\"text-block\">\n\t\t\t<p>Skaala har redan under m\u00e5nga \u00e5r fullf\u00f6ljt kraven f\u00f6r ISO 9001 certifikat f\u00f6r produktion, f\u00f6rs\u00e4ljning och supportfunktioner. Dessutom har Skaala en ISO 14001 milj\u00f6certifiering som \u00e4r ett bevis p\u00e5 att att Skaala har en arbetsmodell f\u00f6r att uppr\u00e4tth\u00e5lla och utveckla f\u00f6retagets milj\u00f6strategi.<\/p>\n<p>Milj\u00f6fr\u00e5gor har implementerats inom ramen f\u00f6r programmet Skaala Green Field &amp; Factory. Som konkreta \u00e5tg\u00e4rder inneb\u00e4r det bland annat \u00e5tervinning av alla f\u00f6nster och d\u00f6rrar vid renoveringsobjekt.<\/p>\n<p>Genom Skaalas satsningar p\u00e5 Safe Field &amp; Factory \u00f6kar arbetsplatsens v\u00e4lbefinnande och arbetss\u00e4kerhet. Konkret har utm\u00e4rkta resultat uppn\u00e5tts, till exempel n\u00e4r det g\u00e4ller arbetsolyckor.<\/p>\n<p>ISO9001 och ISO14001 certifikaten samt Safe Field &amp; Factory-satsningarna m\u00f6jligg\u00f6r en standardiserad och optimal drift i en industriell storskalig arbetsmilj\u00f6. Certifikaten vittnar ocks\u00e5 f\u00f6r utomst\u00e5ende om Skaalas systematiska och moderna arbetsmetoder.<\/p>\n\t<\/div>\n\n<\/div><\/div>\n\n\n\n<div class=\"wp-block-custom-content-area custom-wrapper alignleft has-light-blue-background-color\"><div class=\"outer-wrap\">\t\n\t<div id=\"heading-block-block_5ea02fc065f44\" class=\"heading-block\">\n\t\t<h2 ><span>Milj\u00f6certifikatet ISO14001 och Green Field &#038; Factory -programmet<\/span><\/h2>\t<\/div>\n\n\n\n<div id=\"text-block-block_5ea02fcb65f45\" class=\"text-block\">\n\t\t\t<p>Skaalas produkter och tj\u00e4nster f\u00f6rb\u00e4ttrar energieffektiviteten och minskar koldioxidbelastningen. Skaala str\u00e4var efter att fr\u00e4mja h\u00e5llbar utveckling i all sin verksamhet, och som implementeras genom Green Field &amp; Factory-programmet. Huvudpunkterna i programmet \u00e4r:<\/p>\n<p><strong>F\u00f6rs\u00e4ljnings- och f\u00e4ltfunktioner<\/strong><\/p>\n<ul>\n<li>Alla produkter som ska bytas ut vid renovering g\u00e5r till \u00e5tervinning, antingen f\u00f6r \u00e5teranv\u00e4ndning eller v\u00e4rmeenergi \u2013 ingen deponering<\/li>\n<li><span style=\"font-size: inherit;\">\u00d6vergripande logistik (f\u00f6nster och d\u00f6rrar) \u2013 Utnyttjande av sams\u00e4ndning f\u00f6r transport <\/span><\/li>\n<\/ul>\n<p><strong style=\"font-size: inherit;\">Produkter och produktion<\/strong><\/p>\n<ul>\n<li><span style=\"font-size: inherit;\">Optimal anv\u00e4ndning av material \u00e4r en prioritet inom produktdesign och tillverkning <\/span><\/li>\n<li><span style=\"font-size: inherit;\">Exakt sortering av avfall fr\u00e5n produktion * \u00e5teranv\u00e4nds eller \u00e5tervinns * 0 -deponeringsbelastningsm\u00e5l <\/span><\/li>\n<li><span style=\"font-size: inherit;\">Den geogragiska placeringen av Skaalas egna komponentfabriker samt d\u00f6rr och f\u00f6nsterfabrik minskar behovet av transporter <\/span><\/li>\n<\/ul>\n<p><span style=\"font-size: inherit;\"><strong>F\u00f6rnybar energi<\/strong> <\/span><\/p>\n<ul>\n<li><span style=\"font-size: inherit;\">Skaalas egna fastigheter v\u00e4rms upp med bioenergi-avfall fr\u00e5n den egna produktionen <\/span><\/li>\n<li><span style=\"font-size: inherit;\">Skaalas fabriker anv\u00e4nder koldioxidfri el fr\u00e5n vattenkraft<\/span><\/li>\n<\/ul>\n\t<\/div>\n\n<\/div><\/div>\n","protected":false},"excerpt":{"rendered":"","protected":false},"author":5,"featured_media":5040,"parent":3323,"menu_order":0,"comment_status":"closed","ping_status":"closed","template":"","meta":{"_acf_changed":false,"inline_featured_image":false,"footnotes":""},"class_list":["post-3320","page","type-page","status-publish","has-post-thumbnail","hentry"],"acf":[],"_links":{"self":[{"href":"https:\/\/www.skaala.com\/sv\/wp-json\/wp\/v2\/pages\/3320","targetHints":{"allow":["GET"]}}],"collection":[{"href":"https:\/\/www.skaala.com\/sv\/wp-json\/wp\/v2\/pages"}],"about":[{"href":"https:\/\/www.skaala.com\/sv\/wp-json\/wp\/v2\/types\/page"}],"author":[{"embeddable":true,"href":"https:\/\/www.skaala.com\/sv\/wp-json\/wp\/v2\/users\/5"}],"replies":[{"embeddable":true,"href":"https:\/\/www.skaala.com\/sv\/wp-json\/wp\/v2\/comments?post=3320"}],"version-history":[{"count":7,"href":"https:\/\/www.skaala.com\/sv\/wp-json\/wp\/v2\/pages\/3320\/revisions"}],"predecessor-version":[{"id":7883,"href":"https:\/\/www.skaala.com\/sv\/wp-json\/wp\/v2\/pages\/3320\/revisions\/7883"}],"up":[{"embeddable":true,"href":"https:\/\/www.skaala.com\/sv\/wp-json\/wp\/v2\/pages\/3323"}],"wp:featuredmedia":[{"embeddable":true,"href":"https:\/\/www.skaala.com\/sv\/wp-json\/wp\/v2\/media\/5040"}],"wp:attachment":[{"href":"https:\/\/www.skaala.com\/sv\/wp-json\/wp\/v2\/media?parent=3320"}],"curies":[{"name":"wp","href":"https:\/\/api.w.org\/{rel}","templated":true}]}}