{"id":3332,"date":"2020-05-13T19:24:55","date_gmt":"2020-05-13T16:24:55","guid":{"rendered":"https:\/\/www.skaala.com\/?page_id=3332"},"modified":"2025-04-29T14:07:25","modified_gmt":"2025-04-29T11:07:25","slug":"byggforetag","status":"publish","type":"page","link":"https:\/\/www.skaala.com\/sv\/experts\/byggforetag\/","title":{"rendered":"Byggf\u00f6retag"},"content":{"rendered":"\n\t<header class=\"featured-hero has-dark-gray-background-color\" role=\"banner\">\n\t\t\t<h1>Byggf\u00f6retag<\/h1>\n\t<\/header>\n\t\n\n\n<div class=\"wp-block-custom-content-area custom-wrapper aligncenter has-light-blue-background-color\"><div class=\"outer-wrap\">\t\n\t<div id=\"heading-block-block_043e51f06ca1e50920ea96c230c4f1eb\" class=\"heading-block\">\n\t\t<h2 ><span>Tillf\u00f6rlitlig och korrekt service<\/span><\/h2>\t<\/div>\n\n\n\n<div id=\"text-block-block_4c6b2c2552015cf0dfd7d5c046f82212\" class=\"text-block\">\n\t\t\t<p>Skaala IFN Oy \u00e4r tillr\u00e4cklig stor men ocks\u00e5 smidig.<\/p>\n<p>Skaala \u00e4r grundat 1956 och h\u00f6r till de ledande serviceleverant\u00f6rerna i Norden som har specialiserat sig p\u00e5 f\u00f6nster-, d\u00f6rr- och glasl\u00f6sningar.\u00a0 Vi har l\u00e5ng erfarenthe av kr\u00e4vande project I Norden.<\/p>\n<p>Sedan 2017 har Skaala varit en del av den \u00f6sterrikiska IFN-koncernern som \u00e4r Europas st\u00f6rsta akt\u00f6r inom f\u00f6nstermarknaden.<\/p>\n<p>Skaala \u00e4r ett finl\u00e4ndskt f\u00f6retag d\u00e4r starka traditioner och yrkeskunskaper inom snickeri kombineras med moderna produktionsmetoder och banbrytande produktl\u00f6sningar. Skaala \u00e4r s\u00e4rskilt k\u00e4nt f\u00f6r sin energieffektiva produktfamilj och sitt \u00f6vergripande servicekoncept. Vi erbjuder en total service fr\u00e5n design till tillverkning och underh\u00e5ll.<\/p>\n<p>Vid sidan av den starka positionen p\u00e5 den finl\u00e4ndska marknaden exporteras Skaalas produkter fr\u00e4mst till Sverige.<\/p>\n<p>Skaala har erh\u00e5llit ett flertal priser i anknytning till produktutveckling, kvalitet, energieffektivitet och h\u00e5llbar utveckling.<\/p>\n\t<\/div>\n\n<\/div><\/div>\n\n\n<div class=\"featured-items-block block\">\n\t<div class=\"featured-item\">\n\t\t<div class=\"content-half has-dark-gray-background-color\">\n\t\t\t<div class=\"featured-item--content grid-item\">\n\t\t\t\t\t\t<a class=\"button button-large\" href=\"https:\/\/www.skaala.com\/sv\/kontaktuppgifter\/\">Kontaktuppgifter<\/a>\n\t\t\t\t\t\t<\/div>\n\t\t<\/div>\n\t\t\t\t<div class=\"featured-item--image grid-item\"\n\t\t\t\t\tdata-interchange=\"\n\t\t\t\t\t[https:\/\/www.skaala.com\/wp-content\/uploads\/2024\/04\/quino-al-4SNUcHPiC8c-unsplash-1024x683.jpg, small], \n\t\t\t\t\t[https:\/\/www.skaala.com\/wp-content\/uploads\/2024\/04\/quino-al-4SNUcHPiC8c-unsplash-1024x683.jpg, medium], \n\t\t\t\t\t[https:\/\/www.skaala.com\/wp-content\/uploads\/2024\/04\/quino-al-4SNUcHPiC8c-unsplash-1200x800.jpg, large], \n\t\t\t\t\t[https:\/\/www.skaala.com\/wp-content\/uploads\/2024\/04\/quino-al-4SNUcHPiC8c-unsplash-1536x1024.jpg, xlarge]\"\n\t\t\t\t\t>\n\t\t<\/div>\n\t\t\t<\/div>\n\t\t<div class=\"featured-item\">\n\t\t<div class=\"content-half has-dark-gray-background-color\">\n\t\t\t<div class=\"featured-item--content grid-item\">\n\t\t\t\t\t\t<a class=\"button button-large\" href=\"https:\/\/www.skaala.com\/sv\/om-oss\/\">Om oss<\/a>\n\t\t\t\t\t\t<\/div>\n\t\t<\/div>\n\t\t\t\t<div class=\"featured-item--image grid-item\"\n\t\t\t\t\tdata-interchange=\"\n\t\t\t\t\t[https:\/\/www.skaala.com\/wp-content\/uploads\/2025\/04\/Yliharman-tehdas-1024x576.jpg, small], \n\t\t\t\t\t[https:\/\/www.skaala.com\/wp-content\/uploads\/2025\/04\/Yliharman-tehdas-1024x576.jpg, medium], \n\t\t\t\t\t[https:\/\/www.skaala.com\/wp-content\/uploads\/2025\/04\/Yliharman-tehdas-1200x675.jpg, large], \n\t\t\t\t\t[https:\/\/www.skaala.com\/wp-content\/uploads\/2025\/04\/Yliharman-tehdas-1536x864.jpg, xlarge]\"\n\t\t\t\t\t>\n\t\t<\/div>\n\t\t\t<\/div>\n\t<\/div>\n","protected":false},"excerpt":{"rendered":"","protected":false},"author":5,"featured_media":1424,"parent":3338,"menu_order":0,"comment_status":"closed","ping_status":"closed","template":"","meta":{"_acf_changed":false,"inline_featured_image":false,"footnotes":""},"class_list":["post-3332","page","type-page","status-publish","has-post-thumbnail","hentry"],"acf":[],"_links":{"self":[{"href":"https:\/\/www.skaala.com\/sv\/wp-json\/wp\/v2\/pages\/3332","targetHints":{"allow":["GET"]}}],"collection":[{"href":"https:\/\/www.skaala.com\/sv\/wp-json\/wp\/v2\/pages"}],"about":[{"href":"https:\/\/www.skaala.com\/sv\/wp-json\/wp\/v2\/types\/page"}],"author":[{"embeddable":true,"href":"https:\/\/www.skaala.com\/sv\/wp-json\/wp\/v2\/users\/5"}],"replies":[{"embeddable":true,"href":"https:\/\/www.skaala.com\/sv\/wp-json\/wp\/v2\/comments?post=3332"}],"version-history":[{"count":8,"href":"https:\/\/www.skaala.com\/sv\/wp-json\/wp\/v2\/pages\/3332\/revisions"}],"predecessor-version":[{"id":24312,"href":"https:\/\/www.skaala.com\/sv\/wp-json\/wp\/v2\/pages\/3332\/revisions\/24312"}],"up":[{"embeddable":true,"href":"https:\/\/www.skaala.com\/sv\/wp-json\/wp\/v2\/pages\/3338"}],"wp:featuredmedia":[{"embeddable":true,"href":"https:\/\/www.skaala.com\/sv\/wp-json\/wp\/v2\/media\/1424"}],"wp:attachment":[{"href":"https:\/\/www.skaala.com\/sv\/wp-json\/wp\/v2\/media?parent=3332"}],"curies":[{"name":"wp","href":"https:\/\/api.w.org\/{rel}","templated":true}]}}