{"id":3335,"date":"2020-05-13T19:26:36","date_gmt":"2020-05-13T16:26:36","guid":{"rendered":"https:\/\/www.skaala.com\/?page_id=3335"},"modified":"2020-05-22T10:42:07","modified_gmt":"2020-05-22T07:42:07","slug":"designers","status":"publish","type":"page","link":"https:\/\/www.skaala.com\/sv\/experts\/designers\/","title":{"rendered":"Arkitekter"},"content":{"rendered":"\n\t<header class=\"featured-hero has-dark-gray-background-color\" role=\"banner\">\n\t\t\t<h1>Arkitekter<\/h1>\n\t<\/header>\n\t\n\n\n<div class=\"wp-block-custom-content-area custom-wrapper aligncenter has-light-blue-background-color\"><div class=\"outer-wrap\">\t\n\t<div id=\"heading-block-block_5ea000f2854eb\" class=\"heading-block\">\n\t\t<h2 ><span>Energieffektiva pionerprodukter<\/span><\/h2>\t<\/div>\n\n\n\n<div id=\"text-block-block_5ea000f5854ec\" class=\"text-block\">\n\t\t\t<p>Skaala har erh\u00e5llit ett flertal priser i anknytning till produktutveckling, kvalitet, energieffektivitet och h\u00e5llbar utveckling.<\/p>\n<p>Sedan 2017 har Skaala varit en del av den \u00f6sterrikiska IFN-koncernern som \u00e4r Europas st\u00f6rsta akt\u00f6r inom f\u00f6nstermarknaden.<\/p>\n<p>Skaala \u00e4r grundat 1956 och h\u00f6r till de ledande serviceleverant\u00f6rerna i Norden som har specialiserat sig p\u00e5 f\u00f6nster-, d\u00f6rr- och glasl\u00f6sningar.\u00a0 Vi har l\u00e5ng erfarenthe av kr\u00e4vande project I Norden.<\/p>\n<p>Tj\u00e4nsten \u00e4r avsedd f\u00f6r byggnadsdesign och byggpersonal som beh\u00f6ver detaljerad information om f\u00f6nster och d\u00f6rrar i sitt arbete. Designtj\u00e4nsten tillhandah\u00e5ller nyckelinformation om energieffektivitet, ljudisolering, klassificering och s\u00e4kerhet samt produktspecifik dokumentation f\u00f6r v\u00e5ra vanligaste Skaala-f\u00f6nster- och d\u00f6rrsamlingar.<\/p>\n\t<\/div>\n\n<\/div><\/div>\n\n\n\n<div class=\"wp-block-custom-content-area custom-wrapper aligncenter has-red-background-color\"><div class=\"outer-wrap\">\t\n\t<div id=\"heading-block-block_5ebb9c0898832\" class=\"heading-block\">\n\t\t<h2 ><span>V\u00e4lkommen att titta n\u00e4rmare p\u00e5 v\u00e5ra produktfamiljer!<\/span><\/h2>\t<\/div>\n\n\n\n<div id=\"text-block-block_5ebb9c1498833\" class=\"text-block\">\n\t\t\t<p>Skaala Planner Service erbjuds \u00e4ven som objektsversioner.<\/p>\n<p>Om du saknar n\u00e5gon information, ta v\u00e4nligen kontakt!<\/p>\n<p>&nbsp;<\/p>\n\t<\/div>\n\n\n\n\n\n<\/div><\/div>\n\n\n<div class=\"featured-items-block block\">\n\t<div class=\"featured-item\">\n\t\t<div class=\"content-half has-dark-gray-background-color\">\n\t\t\t<div class=\"featured-item--content grid-item\">\n\t\t\t\t\t\t<a class=\"button button-large\" href=\"https:\/\/www.skaala.com\/sv\/kontaktuppgifter\/\">Kontaktuppgifter<\/a>\n\t\t\t\t\t\t<\/div>\n\t\t<\/div>\n\t\t\t\t<div class=\"featured-item--image grid-item\"\n\t\t\t\t\tdata-interchange=\"\n\t\t\t\t\t[https:\/\/www.skaala.com\/wp-content\/uploads\/2024\/04\/quino-al-4SNUcHPiC8c-unsplash-1024x683.jpg, small], \n\t\t\t\t\t[https:\/\/www.skaala.com\/wp-content\/uploads\/2024\/04\/quino-al-4SNUcHPiC8c-unsplash-1024x683.jpg, medium], \n\t\t\t\t\t[https:\/\/www.skaala.com\/wp-content\/uploads\/2024\/04\/quino-al-4SNUcHPiC8c-unsplash-1200x800.jpg, large], \n\t\t\t\t\t[https:\/\/www.skaala.com\/wp-content\/uploads\/2024\/04\/quino-al-4SNUcHPiC8c-unsplash-1536x1024.jpg, xlarge]\"\n\t\t\t\t\t>\n\t\t<\/div>\n\t\t\t<\/div>\n\t\t<div class=\"featured-item\">\n\t\t<div class=\"content-half has-dark-gray-background-color\">\n\t\t\t<div class=\"featured-item--content grid-item\">\n\t\t\t\t\t\t<a class=\"button button-large\" href=\"https:\/\/www.skaala.com\/sv\/om-oss\/\">Om oss<\/a>\n\t\t\t\t\t\t<\/div>\n\t\t<\/div>\n\t\t\t\t<div class=\"featured-item--image grid-item\"\n\t\t\t\t\tdata-interchange=\"\n\t\t\t\t\t[https:\/\/www.skaala.com\/wp-content\/uploads\/2025\/04\/Yliharman-tehdas-1024x576.jpg, small], \n\t\t\t\t\t[https:\/\/www.skaala.com\/wp-content\/uploads\/2025\/04\/Yliharman-tehdas-1024x576.jpg, medium], \n\t\t\t\t\t[https:\/\/www.skaala.com\/wp-content\/uploads\/2025\/04\/Yliharman-tehdas-1200x675.jpg, large], \n\t\t\t\t\t[https:\/\/www.skaala.com\/wp-content\/uploads\/2025\/04\/Yliharman-tehdas-1536x864.jpg, xlarge]\"\n\t\t\t\t\t>\n\t\t<\/div>\n\t\t\t<\/div>\n\t<\/div>\n","protected":false},"excerpt":{"rendered":"","protected":false},"author":5,"featured_media":16555,"parent":3338,"menu_order":0,"comment_status":"closed","ping_status":"closed","template":"","meta":{"_acf_changed":false,"inline_featured_image":false,"footnotes":""},"class_list":["post-3335","page","type-page","status-publish","has-post-thumbnail","hentry"],"acf":[],"_links":{"self":[{"href":"https:\/\/www.skaala.com\/sv\/wp-json\/wp\/v2\/pages\/3335","targetHints":{"allow":["GET"]}}],"collection":[{"href":"https:\/\/www.skaala.com\/sv\/wp-json\/wp\/v2\/pages"}],"about":[{"href":"https:\/\/www.skaala.com\/sv\/wp-json\/wp\/v2\/types\/page"}],"author":[{"embeddable":true,"href":"https:\/\/www.skaala.com\/sv\/wp-json\/wp\/v2\/users\/5"}],"replies":[{"embeddable":true,"href":"https:\/\/www.skaala.com\/sv\/wp-json\/wp\/v2\/comments?post=3335"}],"version-history":[{"count":10,"href":"https:\/\/www.skaala.com\/sv\/wp-json\/wp\/v2\/pages\/3335\/revisions"}],"predecessor-version":[{"id":5396,"href":"https:\/\/www.skaala.com\/sv\/wp-json\/wp\/v2\/pages\/3335\/revisions\/5396"}],"up":[{"embeddable":true,"href":"https:\/\/www.skaala.com\/sv\/wp-json\/wp\/v2\/pages\/3338"}],"wp:featuredmedia":[{"embeddable":true,"href":"https:\/\/www.skaala.com\/sv\/wp-json\/wp\/v2\/media\/16555"}],"wp:attachment":[{"href":"https:\/\/www.skaala.com\/sv\/wp-json\/wp\/v2\/media?parent=3335"}],"curies":[{"name":"wp","href":"https:\/\/api.w.org\/{rel}","templated":true}]}}