{"id":3338,"date":"2020-05-13T19:32:50","date_gmt":"2020-05-13T16:32:50","guid":{"rendered":"https:\/\/www.skaala.com\/?page_id=3338"},"modified":"2025-08-20T10:34:06","modified_gmt":"2025-08-20T07:34:06","slug":"experts","status":"publish","type":"page","link":"https:\/\/www.skaala.com\/sv\/experts\/","title":{"rendered":"Experter"},"content":{"rendered":"\n<div class=\"animated-hero\">\n\t\t\t<div class=\"animated-hero--image image-0\" style=\"background-image: url(https:\/\/www.skaala.com\/wp-content\/uploads\/2020\/05\/AdobeStock_305978610.jpg);\">\n\t\t<\/div>\n\t\t<div class=\"animated-hero--content\">\n\t\t\t\t\t<h1>Experter<span class=\"red-dot\">.<\/span><\/h1>\n\t\t\t<\/div>\n\t\n<\/div>\n\n\t\n\n\n<div class=\"wp-block-custom-content-area custom-wrapper aligncenter has-light-blue-background-color\"><div class=\"outer-wrap\">\t\n\t<div id=\"heading-block-block_8155e763269bb5462aecceac2e880e6f\" class=\"heading-block\">\n\t\t<h2 ><span>\u00c4r du en expert? S\u00e5 \u00e4r vi!<\/span><\/h2>\t<\/div>\n\n\n\n<div id=\"text-block-block_9069d2e01a7dfc78f2f7999e27bf6291\" class=\"text-block\">\n\t\t\t<p>Skaalas f\u00f6nster och d\u00f6rrar \u2013 H\u00e5llbarhet f\u00f6r framtiden<\/p>\n<p>Vi tillverkar produkterna I Finland efter dina behov med dina tillval och i den f\u00e4rg du \u00f6nskar. Alla v\u00e5ra produkter g\u00e5r att f\u00e5 med s\u00e4kerhetsglas som lever upp till kraven i de senaste byggbest\u00e4mmelserna. Med nya f\u00f6nster och d\u00f6rrar fr\u00e5n Skaala f\u00e5r du ett bekv\u00e4mare hem och sparar uppv\u00e4rmningskostnader.<\/p>\n<p>Professionell och p\u00e5litlig service Vi tar hand om allt, fr\u00e5n b\u00f6rjan till slut. Skaalas service inneh\u00e5ller planering och m\u00e4tning, f\u00e4r att garantera lyckad resultat. Kontakta oss och ber\u00e4tta hur vi kan hj\u00e4lpa till!<\/p>\n\t<\/div>\n\n<\/div><\/div>\n\n\n\n<div class=\"wp-block-custom-content-area custom-wrapper aligncenter has-dark-gray-background-color\"><div class=\"outer-wrap\"><div class=\"featured-pages__grid featured-pages-block count-4\">\n\t\t<div class=\"featured-pages__grid--item\">\n\t\t<a href=\"https:\/\/www.skaala.com\/sv\/experts\/husfabriker\/\">\n\t\t<div class=\"featured-image\" role=\"banner\" data-interchange=\"[https:\/\/www.skaala.com\/wp-content\/uploads\/2022\/12\/TaloautoSensuautoliukuovinakymaautowww-640x426.jpg, small], [https:\/\/www.skaala.com\/wp-content\/uploads\/2022\/12\/TaloautoSensuautoliukuovinakymaautowww-1024x681.jpg, medium], [https:\/\/www.skaala.com\/wp-content\/uploads\/2022\/12\/TaloautoSensuautoliukuovinakymaautowww-1200x798.jpg, large], [https:\/\/www.skaala.com\/wp-content\/uploads\/2022\/12\/TaloautoSensuautoliukuovinakymaautowww-1536x1022.jpg, xlarge]\">\n\t\t\t<p class=\"button\">Husfabriker<\/p>\n\t\t<\/div>\n\t\t<\/a>\n\t<\/div>\n\t\t\t<div class=\"featured-pages__grid--item\">\n\t\t<a href=\"https:\/\/www.skaala.com\/sv\/experts\/jarnaffarer\/\">\n\t\t<div class=\"featured-image\" role=\"banner\" data-interchange=\"[https:\/\/www.skaala.com\/wp-content\/uploads\/2023\/08\/TEKauto0008-640x427.jpg, small], [https:\/\/www.skaala.com\/wp-content\/uploads\/2023\/08\/TEKauto0008-1024x683.jpg, medium], [https:\/\/www.skaala.com\/wp-content\/uploads\/2023\/08\/TEKauto0008-1200x800.jpg, large], [https:\/\/www.skaala.com\/wp-content\/uploads\/2023\/08\/TEKauto0008-1536x1024.jpg, xlarge]\">\n\t\t\t<p class=\"button\">J\u00e4rnhandel<\/p>\n\t\t<\/div>\n\t\t<\/a>\n\t<\/div>\n\t\t\t<div class=\"featured-pages__grid--item\">\n\t\t<a href=\"https:\/\/www.skaala.com\/sv\/experts\/byggforetag\/\">\n\t\t<div class=\"featured-image\" role=\"banner\" data-interchange=\"[https:\/\/www.skaala.com\/wp-content\/uploads\/2020\/05\/Daniel-logistiikka3-640x427.jpg, small], [https:\/\/www.skaala.com\/wp-content\/uploads\/2020\/05\/Daniel-logistiikka3-1024x683.jpg, medium], [https:\/\/www.skaala.com\/wp-content\/uploads\/2020\/05\/Daniel-logistiikka3-1200x800.jpg, large], [https:\/\/www.skaala.com\/wp-content\/uploads\/2020\/05\/Daniel-logistiikka3-1536x1024.jpg, xlarge]\">\n\t\t\t<p class=\"button\">Byggf\u00f6retag<\/p>\n\t\t<\/div>\n\t\t<\/a>\n\t<\/div>\n\t\t\t<div class=\"featured-pages__grid--item\">\n\t\t<a href=\"https:\/\/www.skaala.com\/sv\/experts\/designers\/\">\n\t\t<div class=\"featured-image\" role=\"banner\" data-interchange=\"[https:\/\/www.skaala.com\/wp-content\/uploads\/2023\/08\/Skaalaautolasiliukuovi-640x427.jpg, small], [https:\/\/www.skaala.com\/wp-content\/uploads\/2023\/08\/Skaalaautolasiliukuovi-1024x682.jpg, medium], [https:\/\/www.skaala.com\/wp-content\/uploads\/2023\/08\/Skaalaautolasiliukuovi-1200x800.jpg, large], [https:\/\/www.skaala.com\/wp-content\/uploads\/2023\/08\/Skaalaautolasiliukuovi-1536x1024.jpg, xlarge]\">\n\t\t\t<p class=\"button\">Arkitekter<\/p>\n\t\t<\/div>\n\t\t<\/a>\n\t<\/div>\n\t<\/div>\n<\/div><\/div>\n\n\n<div class=\"featured-items-block block\">\n\t<div class=\"featured-item\">\n\t\t<div class=\"content-half has-dark-gray-background-color\">\n\t\t\t<div class=\"featured-item--content grid-item\">\n\t\t\t\t\t\t<a class=\"button button-large\" href=\"https:\/\/www.skaala.com\/sv\/kontaktuppgifter\/\">Kontaktuppgifter<\/a>\n\t\t\t\t\t\t<\/div>\n\t\t<\/div>\n\t\t\t\t<div class=\"featured-item--image grid-item\"\n\t\t\t\t\tdata-interchange=\"\n\t\t\t\t\t[https:\/\/www.skaala.com\/wp-content\/uploads\/2024\/04\/quino-al-4SNUcHPiC8c-unsplash-1024x683.jpg, small], \n\t\t\t\t\t[https:\/\/www.skaala.com\/wp-content\/uploads\/2024\/04\/quino-al-4SNUcHPiC8c-unsplash-1024x683.jpg, medium], \n\t\t\t\t\t[https:\/\/www.skaala.com\/wp-content\/uploads\/2024\/04\/quino-al-4SNUcHPiC8c-unsplash-1200x800.jpg, large], \n\t\t\t\t\t[https:\/\/www.skaala.com\/wp-content\/uploads\/2024\/04\/quino-al-4SNUcHPiC8c-unsplash-1536x1024.jpg, xlarge]\"\n\t\t\t\t\t>\n\t\t<\/div>\n\t\t\t<\/div>\n\t\t<div class=\"featured-item\">\n\t\t<div class=\"content-half has-dark-gray-background-color\">\n\t\t\t<div class=\"featured-item--content grid-item\">\n\t\t\t\t\t\t<a class=\"button button-large\" href=\"https:\/\/www.skaala.com\/sv\/om-oss\/\">Om oss<\/a>\n\t\t\t\t\t\t<\/div>\n\t\t<\/div>\n\t\t\t\t<div class=\"featured-item--image grid-item\"\n\t\t\t\t\tdata-interchange=\"\n\t\t\t\t\t[https:\/\/www.skaala.com\/wp-content\/uploads\/2025\/04\/Yliharman-tehdas-1024x576.jpg, small], \n\t\t\t\t\t[https:\/\/www.skaala.com\/wp-content\/uploads\/2025\/04\/Yliharman-tehdas-1024x576.jpg, medium], \n\t\t\t\t\t[https:\/\/www.skaala.com\/wp-content\/uploads\/2025\/04\/Yliharman-tehdas-1200x675.jpg, large], \n\t\t\t\t\t[https:\/\/www.skaala.com\/wp-content\/uploads\/2025\/04\/Yliharman-tehdas-1536x864.jpg, xlarge]\"\n\t\t\t\t\t>\n\t\t<\/div>\n\t\t\t<\/div>\n\t<\/div>\n","protected":false},"excerpt":{"rendered":"","protected":false},"author":5,"featured_media":17570,"parent":0,"menu_order":0,"comment_status":"closed","ping_status":"closed","template":"","meta":{"_acf_changed":false,"inline_featured_image":false,"footnotes":""},"class_list":["post-3338","page","type-page","status-publish","has-post-thumbnail","hentry"],"acf":[],"_links":{"self":[{"href":"https:\/\/www.skaala.com\/sv\/wp-json\/wp\/v2\/pages\/3338","targetHints":{"allow":["GET"]}}],"collection":[{"href":"https:\/\/www.skaala.com\/sv\/wp-json\/wp\/v2\/pages"}],"about":[{"href":"https:\/\/www.skaala.com\/sv\/wp-json\/wp\/v2\/types\/page"}],"author":[{"embeddable":true,"href":"https:\/\/www.skaala.com\/sv\/wp-json\/wp\/v2\/users\/5"}],"replies":[{"embeddable":true,"href":"https:\/\/www.skaala.com\/sv\/wp-json\/wp\/v2\/comments?post=3338"}],"version-history":[{"count":9,"href":"https:\/\/www.skaala.com\/sv\/wp-json\/wp\/v2\/pages\/3338\/revisions"}],"predecessor-version":[{"id":25216,"href":"https:\/\/www.skaala.com\/sv\/wp-json\/wp\/v2\/pages\/3338\/revisions\/25216"}],"wp:featuredmedia":[{"embeddable":true,"href":"https:\/\/www.skaala.com\/sv\/wp-json\/wp\/v2\/media\/17570"}],"wp:attachment":[{"href":"https:\/\/www.skaala.com\/sv\/wp-json\/wp\/v2\/media?parent=3338"}],"curies":[{"name":"wp","href":"https:\/\/api.w.org\/{rel}","templated":true}]}}