{"id":3344,"date":"2020-05-13T19:53:36","date_gmt":"2020-05-13T16:53:36","guid":{"rendered":"https:\/\/www.skaala.com\/?page_id=3344"},"modified":"2025-08-20T10:33:13","modified_gmt":"2025-08-20T07:33:13","slug":"dags-for-renovering","status":"publish","type":"page","link":"https:\/\/www.skaala.com\/sv\/enfamiljshusen-och-stugor\/dags-for-renovering\/","title":{"rendered":"Dags f\u00f6r renovering?"},"content":{"rendered":"\n<div class=\"animated-hero\">\n\t\t<div class=\"animated-hero--content\">\n\t\t\t\t\t<h1>Dags f\u00f6r renovering?<span class=\"red-dot\">.<\/span><\/h1>\n\t\t\t<\/div>\n\t\n<\/div>\n\n\t\n\n\n<div class=\"wp-block-custom-content-area custom-wrapper aligncenter has-light-blue-background-color\"><div class=\"outer-wrap\">\t\n\t<div id=\"heading-block-block_6712b5a76bdeb3d7a0740500bd0ad3b5\" class=\"heading-block\">\n\t\t<h2 ><span>Varf\u00f6r l\u00f6nar sig att byta f\u00f6nster?<\/span><\/h2>\t<\/div>\n\n\n<div id=\"cards-block_d61497fe9d23a268f4b8dd609df9a81a\" class=\"cards-block count-5\">\n<div id=\"cards-block_d61497fe9d23a268f4b8dd609df9a81a\" class=\"cards-block--card\">\n\t\t\t<div class=\"icon-block\" style=\"background-image: url('https:\/\/www.skaala.com\/wp-content\/themes\/skaala-2023\/dist\/assets\/images\/icons\/globe-red.svg);\">\n\t\t<\/div>\n\t\t\t\t<h4>Energieffektivitet<\/h4>\n\t\t\t\t<\/div>\n\t<div id=\"cards-block_d61497fe9d23a268f4b8dd609df9a81a\" class=\"cards-block--card\">\n\t\t\t<div class=\"icon-block\" style=\"background-image: url('https:\/\/www.skaala.com\/wp-content\/themes\/skaala-2023\/dist\/assets\/images\/icons\/arrow-up-right-red.svg);\">\n\t\t<\/div>\n\t\t\t\t<h4>\u00d6ka v\u00e4rdet p\u00e5 ditt hus<\/h4>\n\t\t\t\t<\/div>\n\t<div id=\"cards-block_d61497fe9d23a268f4b8dd609df9a81a\" class=\"cards-block--card\">\n\t\t\t<div class=\"icon-block\" style=\"background-image: url('https:\/\/www.skaala.com\/wp-content\/themes\/skaala-2023\/dist\/assets\/images\/icons\/umbrella-red.svg);\">\n\t\t<\/div>\n\t\t\t\t<h4>B\u00e4ttre inomhusluftkvalitet<\/h4>\n\t\t\t\t<\/div>\n\t<div id=\"cards-block_d61497fe9d23a268f4b8dd609df9a81a\" class=\"cards-block--card\">\n\t\t\t<div class=\"icon-block\" style=\"background-image: url('https:\/\/www.skaala.com\/wp-content\/themes\/skaala-2023\/dist\/assets\/images\/icons\/lock-red.svg);\">\n\t\t<\/div>\n\t\t\t\t<h4>S\u00e4krare och l\u00e4ttare att anv\u00e4nda<\/h4>\n\t\t\t\t<\/div>\n\t<div id=\"cards-block_d61497fe9d23a268f4b8dd609df9a81a\" class=\"cards-block--card\">\n\t\t\t<div class=\"icon-block\" style=\"background-image: url('https:\/\/www.skaala.com\/wp-content\/themes\/skaala-2023\/dist\/assets\/images\/icons\/home-red.svg);\">\n\t\t<\/div>\n\t\t\t\t<h4>Nytt utseende<\/h4>\n\t\t\t\t<\/div>\n\t<\/div>\n<\/div><\/div>\n\n\n\n<div class=\"wp-block-custom-content-area custom-wrapper aligncenter has-dark-gray-background-color\"><div class=\"outer-wrap\">\t\n\t<div id=\"heading-block-block_7541e9a25b6a5370cb25941166ccbaf2\" class=\"heading-block\">\n\t\t<h2 ><span>Hur vet man om det \u00e4r dags att byta f\u00f6nster?<\/span><\/h2>\t<\/div>\n\n\n\n<div id=\"text-block-block_4873d7923f3c3dd3929feeeb45ddf0c0\" class=\"text-block\">\n\t\t\t<p>Det finns flera sk\u00e4l till att byta fr\u00e5n gamla f\u00f6nster till moderna. Kvaliteten och funktionerna har utvecklats mycket.\u00a0 Moderna f\u00f6nster sl\u00e4pper ut v\u00e4ldigt lite av v\u00e4rmen som du har inomhus och minskar behovet av uppv\u00e4rmning. Det har skapat m\u00f6jligheten att bygga bra bost\u00e4der med hela v\u00e4ggar i glas. Energieffektiva f\u00f6nster bidrar d\u00e4rf\u00f6r ocks\u00e5 till en minskning av koldioxidutsl\u00e4ppen, vilket \u00e4r bra f\u00f6r klimatet. Ett bra val f\u00f6r dig sj\u00e4lv\u00a0 &#8211; och klimatet.<\/p>\n<p>\u00c4r det dags att byta f\u00f6nster? Idagsmoderna f\u00f6nster inneh\u00e5ller energiglasning \u2013 det g\u00f6r att v\u00e4rmen studsar tillbaka \u00e5t det h\u00e5ll som den kommer ifr\u00e5n. P\u00e5 sommaren en del av v\u00e4rmen fr\u00e5n solen \u00e4r d\u00e4rf\u00f6r studsat tillbaka ut och p\u00e5 vintern h\u00e5lls n\u00e4stan all v\u00e4rme kvar inomhus. Eventuellt kallras minimeras ocks\u00e5 med nya t\u00e4ta och energieffektiva f\u00f6nster.<\/p>\n\t<\/div>\n\n\n\n\n<div class=\"wp-block-custom-inner-columns has-two-columns custom-columns\"><div class=\"outer-wrap\">\n<div class=\"wp-block-custom-custom-column custom-column\"><div class=\"inner-wrap\">\t\n\t<div id=\"heading-block-block_232e5ebff655f812180746708d151f6c\" class=\"heading-block\">\n\t\t<h4 ><span>Du minimerar underh\u00e5llet<\/span><\/h4>\t<\/div>\n\n\n\n<div id=\"text-block-block_820851384bc66c2d57c9173126cec02f\" class=\"text-block\">\n\t\t\t<p>N\u00e4r du byter till Skaalas h\u00f6gkvalitativa f\u00f6nster med aluminiumbekl\u00e4dd utsida kommer de att kr\u00e4va minimalt med underh\u00e5ll. Du beh\u00f6ver inte \u00e4nnu skrapa, putsa, eller m\u00e5la dina f\u00f6nster \u2013 njuta bara.<\/p>\n\t<\/div>\n\n\n\n\t\n\t<div id=\"heading-block-block_d5f5e902d2d8de61c93dc0ba14a6f2cb\" class=\"heading-block\">\n\t\t<h4 ><span>Det blir tystare inomhus<\/span><\/h4>\t<\/div>\n\n\n\n<div id=\"text-block-block_081fafac826a907d7d1ecf65a2c1311f\" class=\"text-block\">\n\t\t\t<p>Ofta kommer du dock inte att m\u00e4rka det, men f\u00f6r m\u00e5nga \u00e4r trafikbuller eller annat st\u00f6rande ljud en del av vardagen. Skaalas f\u00f6nster sl\u00e4pper n\u00e4mligen in betydligt mindre ljud. Om ni bor i ett omr\u00e5de med mycket buller fr\u00e5n till exempel trafik, har extra ljudreducerande f\u00f6nster f\u00f6r oss.<\/p>\n\t<\/div>\n\n<\/div><\/div>\n\n\n\n<div class=\"wp-block-custom-custom-column custom-column\"><div class=\"inner-wrap\">\t\n\t<div id=\"heading-block-block_77c2a6acaa83509d1683caef52b93a11\" class=\"heading-block\">\n\t\t<h4 ><span>\u00c4r det dags att byta f\u00f6nster?<\/span><\/h4>\t<\/div>\n\n\n\n<div id=\"text-block-block_07014ffba631b795ac7ea4729547d256\" class=\"text-block\">\n\t\t\t<p>Idagsmoderna f\u00f6nster inneh\u00e5ller energiglasning \u2013 det g\u00f6r att v\u00e4rmen studsar tillbaka \u00e5t det h\u00e5ll som den kommer ifr\u00e5n. P\u00e5 sommaren en del av v\u00e4rmen fr\u00e5n solen \u00e4r d\u00e4rf\u00f6r studsat tillbaka ut och p\u00e5 vintern h\u00e5lls n\u00e4stan all v\u00e4rme kvar inomhus. Eventuellt kallras minimeras ocks\u00e5 med nya t\u00e4ta och energieffektiva f\u00f6nster.<\/p>\n\t<\/div>\n\n\n\n\t\n\t<div id=\"heading-block-block_d531bd9517ce2e3a0afc98a99a1522e3\" class=\"heading-block\">\n\t\t<h4 ><span>Du kan k\u00e4nna dig tryggare<\/span><\/h4>\t<\/div>\n\n\n\n<div id=\"text-block-block_d2355897adf39ebd6cdd3c94dc9f57dd\" class=\"text-block\">\n\t\t\t<p>Inbrottstjuvar tar sig oftast in genom f\u00f6nster eller f\u00f6nsterd\u00f6rrar. Skaala f\u00f6nster har en rad val som g\u00f6r det sv\u00e5rare f\u00f6r tjuven att forcera dem och d\u00e4rigenom g\u00f6r de ditt hus.<\/p>\n\t<\/div>\n\n<\/div><\/div>\n<\/div><\/div>\n<\/div><\/div>\n\n\n<div class=\"featured-items-block block\">\n\t<div class=\"featured-item\">\n\t\t<div class=\"content-half has-dark-gray-background-color\">\n\t\t\t<div class=\"featured-item--content grid-item\">\n\t\t\t\t\t\t<a class=\"button button-large\" href=\"https:\/\/www.skaala.com\/sv\/fonster\/sa-har-koper-du-fonster\/\">S\u00e5 h\u00e4r v\u00e4ljer du f\u00f6nster<\/a>\n\t\t\t\t\t\t<\/div>\n\t\t<\/div>\n\t\t\t\t<div class=\"featured-item--image grid-item\"\n\t\t\t\t\tdata-interchange=\"\n\t\t\t\t\t[https:\/\/www.skaala.com\/wp-content\/uploads\/2023\/06\/Seglingeautonakymaautoylakerranautoaula-1024x683.jpg, small], \n\t\t\t\t\t[https:\/\/www.skaala.com\/wp-content\/uploads\/2023\/06\/Seglingeautonakymaautoylakerranautoaula-1024x683.jpg, medium], \n\t\t\t\t\t[https:\/\/www.skaala.com\/wp-content\/uploads\/2023\/06\/Seglingeautonakymaautoylakerranautoaula-1200x800.jpg, large], \n\t\t\t\t\t[https:\/\/www.skaala.com\/wp-content\/uploads\/2023\/06\/Seglingeautonakymaautoylakerranautoaula-1536x1024.jpg, xlarge]\"\n\t\t\t\t\t>\n\t\t<\/div>\n\t\t\t<\/div>\n\t\t<div class=\"featured-item\">\n\t\t<div class=\"content-half has-dark-gray-background-color\">\n\t\t\t<div class=\"featured-item--content grid-item\">\n\t\t\t\t\t\t<a class=\"button button-large\" href=\"https:\/\/www.skaala.com\/sv\/kontaktuppgifter\/\">Kontaktuppgifter<\/a>\n\t\t\t\t\t\t<\/div>\n\t\t<\/div>\n\t\t\t\t<div class=\"featured-item--image grid-item\"\n\t\t\t\t\tdata-interchange=\"\n\t\t\t\t\t[https:\/\/www.skaala.com\/wp-content\/uploads\/2024\/04\/quino-al-4SNUcHPiC8c-unsplash-1024x683.jpg, small], \n\t\t\t\t\t[https:\/\/www.skaala.com\/wp-content\/uploads\/2024\/04\/quino-al-4SNUcHPiC8c-unsplash-1024x683.jpg, medium], \n\t\t\t\t\t[https:\/\/www.skaala.com\/wp-content\/uploads\/2024\/04\/quino-al-4SNUcHPiC8c-unsplash-1200x800.jpg, large], \n\t\t\t\t\t[https:\/\/www.skaala.com\/wp-content\/uploads\/2024\/04\/quino-al-4SNUcHPiC8c-unsplash-1536x1024.jpg, xlarge]\"\n\t\t\t\t\t>\n\t\t<\/div>\n\t\t\t<\/div>\n\t<\/div>\n","protected":false},"excerpt":{"rendered":"","protected":false},"author":5,"featured_media":17578,"parent":3357,"menu_order":0,"comment_status":"closed","ping_status":"closed","template":"","meta":{"_acf_changed":false,"inline_featured_image":false,"footnotes":""},"class_list":["post-3344","page","type-page","status-publish","has-post-thumbnail","hentry"],"acf":[],"_links":{"self":[{"href":"https:\/\/www.skaala.com\/sv\/wp-json\/wp\/v2\/pages\/3344","targetHints":{"allow":["GET"]}}],"collection":[{"href":"https:\/\/www.skaala.com\/sv\/wp-json\/wp\/v2\/pages"}],"about":[{"href":"https:\/\/www.skaala.com\/sv\/wp-json\/wp\/v2\/types\/page"}],"author":[{"embeddable":true,"href":"https:\/\/www.skaala.com\/sv\/wp-json\/wp\/v2\/users\/5"}],"replies":[{"embeddable":true,"href":"https:\/\/www.skaala.com\/sv\/wp-json\/wp\/v2\/comments?post=3344"}],"version-history":[{"count":8,"href":"https:\/\/www.skaala.com\/sv\/wp-json\/wp\/v2\/pages\/3344\/revisions"}],"predecessor-version":[{"id":25215,"href":"https:\/\/www.skaala.com\/sv\/wp-json\/wp\/v2\/pages\/3344\/revisions\/25215"}],"up":[{"embeddable":true,"href":"https:\/\/www.skaala.com\/sv\/wp-json\/wp\/v2\/pages\/3357"}],"wp:featuredmedia":[{"embeddable":true,"href":"https:\/\/www.skaala.com\/sv\/wp-json\/wp\/v2\/media\/17578"}],"wp:attachment":[{"href":"https:\/\/www.skaala.com\/sv\/wp-json\/wp\/v2\/media?parent=3344"}],"curies":[{"name":"wp","href":"https:\/\/api.w.org\/{rel}","templated":true}]}}