{"id":3364,"date":"2020-05-14T08:38:34","date_gmt":"2020-05-14T05:38:34","guid":{"rendered":"https:\/\/www.skaala.com\/?page_id=3364"},"modified":"2020-05-22T14:29:35","modified_gmt":"2020-05-22T11:29:35","slug":"underhallsservice","status":"publish","type":"page","link":"https:\/\/www.skaala.com\/sv\/skaala-service\/underhallsservice\/","title":{"rendered":"Underh\u00e5llsservice"},"content":{"rendered":"\n\t<header class=\"featured-hero has-dark-gray-background-color\" role=\"banner\">\n\t\t\t<h1>Underh\u00e5llsservice<\/h1>\n\t<\/header>\n\t\n\n\n<div class=\"wp-block-custom-content-area custom-wrapper alignleft has-light-blue-background-color\"><div class=\"outer-wrap\">\t\n\t<div id=\"heading-block-block_5ea17dcbbf068\" class=\"heading-block\">\n\t\t<h2 ><span>Underh\u00e5llsservice<\/span><\/h2>\t<\/div>\n\n\n\n<div id=\"text-block-block_5ea17dd4bf069\" class=\"text-block\">\n\t\t\t<p>En skr\u00e5ma i m\u00e5lytan? Har f\u00f6nstervredet f\u00f6rsvunnit? Fungerar d\u00f6rren d\u00e5ligt? En t\u00e4tning som h\u00e4nger ut? Knarrar g\u00e5ngj\u00e4rnen? En spricka i glaset?<\/p>\n<p>Om du har en produkt som kr\u00e4ver service, beh\u00f6ver reservdelar eller \u00f6nskar underh\u00e5llande service, ta kontakt med Skaalas kundservice. Vi fixar din produkt snabbt och enkelt.<\/p>\n<p>Med hj\u00e4lp av regelbundet underh\u00e5ll och omedelbara \u00e5tg\u00e4rder vid behov av reparation s\u00e4kerst\u00e4ller du en l\u00e5ng livsl\u00e4ngd och funktion p\u00e5 produkterna. Vi servar b\u00e5de sm\u00e5 och stora anl\u00e4ggningar.<\/p>\n<p>Fr\u00e5n oss f\u00e5r du exempelvis:<\/p>\n<ul>\n<li>Periodiskt underh\u00e5ll<\/li>\n<li>Justering av produkter<\/li>\n<li>Byte av f\u00f6rbrukningsdelar (t.ex. t\u00e4tningar och filter)<\/li>\n<li>Reparationsm\u00e5lningar<\/li>\n<li>Byte av trasiga glas<\/li>\n<li>Fr\u00e5n v\u00e5r n\u00e4tbutik f\u00e5r du original reservdelar levererade direkt hem till dig.<\/li>\n<\/ul>\n<p>Kontakta oss direkt! Du f\u00e5r alltid ett gratis kostnadsf\u00f6rslag fr\u00e5n v\u00e5ra experter.<\/p>\n\t<\/div>\n\n<\/div><\/div>\n\n\n<div class=\"featured-items-block block\">\n\t<div class=\"featured-item\">\n\t\t<div class=\"content-half has-dark-gray-background-color\">\n\t\t\t<div class=\"featured-item--content grid-item\">\n\t\t\t\t\t\t<a class=\"button button-large\" href=\"https:\/\/www.skaala.com\/sv\/kontaktuppgifter\/\">Kontaktuppgifter<\/a>\n\t\t\t\t\t\t<\/div>\n\t\t<\/div>\n\t\t\t\t<div class=\"featured-item--image grid-item\"\n\t\t\t\t\tdata-interchange=\"\n\t\t\t\t\t[https:\/\/www.skaala.com\/wp-content\/uploads\/2024\/04\/quino-al-4SNUcHPiC8c-unsplash-1024x683.jpg, small], \n\t\t\t\t\t[https:\/\/www.skaala.com\/wp-content\/uploads\/2024\/04\/quino-al-4SNUcHPiC8c-unsplash-1024x683.jpg, medium], \n\t\t\t\t\t[https:\/\/www.skaala.com\/wp-content\/uploads\/2024\/04\/quino-al-4SNUcHPiC8c-unsplash-1200x800.jpg, large], \n\t\t\t\t\t[https:\/\/www.skaala.com\/wp-content\/uploads\/2024\/04\/quino-al-4SNUcHPiC8c-unsplash-1536x1024.jpg, xlarge]\"\n\t\t\t\t\t>\n\t\t<\/div>\n\t\t\t<\/div>\n\t\t<div class=\"featured-item\">\n\t\t<div class=\"content-half has-dark-gray-background-color\">\n\t\t\t<div class=\"featured-item--content grid-item\">\n\t\t\t\t\t\t<a class=\"button button-large\" href=\"https:\/\/www.skaala.com\/sv\/om-oss\/\">Om oss<\/a>\n\t\t\t\t\t\t<\/div>\n\t\t<\/div>\n\t\t\t\t<div class=\"featured-item--image grid-item\"\n\t\t\t\t\tdata-interchange=\"\n\t\t\t\t\t[https:\/\/www.skaala.com\/wp-content\/uploads\/2025\/04\/Yliharman-tehdas-1024x576.jpg, small], \n\t\t\t\t\t[https:\/\/www.skaala.com\/wp-content\/uploads\/2025\/04\/Yliharman-tehdas-1024x576.jpg, medium], \n\t\t\t\t\t[https:\/\/www.skaala.com\/wp-content\/uploads\/2025\/04\/Yliharman-tehdas-1200x675.jpg, large], \n\t\t\t\t\t[https:\/\/www.skaala.com\/wp-content\/uploads\/2025\/04\/Yliharman-tehdas-1536x864.jpg, xlarge]\"\n\t\t\t\t\t>\n\t\t<\/div>\n\t\t\t<\/div>\n\t<\/div>\n","protected":false},"excerpt":{"rendered":"","protected":false},"author":5,"featured_media":1412,"parent":3370,"menu_order":0,"comment_status":"closed","ping_status":"closed","template":"","meta":{"_acf_changed":false,"inline_featured_image":false,"footnotes":""},"class_list":["post-3364","page","type-page","status-publish","has-post-thumbnail","hentry"],"acf":[],"_links":{"self":[{"href":"https:\/\/www.skaala.com\/sv\/wp-json\/wp\/v2\/pages\/3364","targetHints":{"allow":["GET"]}}],"collection":[{"href":"https:\/\/www.skaala.com\/sv\/wp-json\/wp\/v2\/pages"}],"about":[{"href":"https:\/\/www.skaala.com\/sv\/wp-json\/wp\/v2\/types\/page"}],"author":[{"embeddable":true,"href":"https:\/\/www.skaala.com\/sv\/wp-json\/wp\/v2\/users\/5"}],"replies":[{"embeddable":true,"href":"https:\/\/www.skaala.com\/sv\/wp-json\/wp\/v2\/comments?post=3364"}],"version-history":[{"count":4,"href":"https:\/\/www.skaala.com\/sv\/wp-json\/wp\/v2\/pages\/3364\/revisions"}],"predecessor-version":[{"id":5720,"href":"https:\/\/www.skaala.com\/sv\/wp-json\/wp\/v2\/pages\/3364\/revisions\/5720"}],"up":[{"embeddable":true,"href":"https:\/\/www.skaala.com\/sv\/wp-json\/wp\/v2\/pages\/3370"}],"wp:featuredmedia":[{"embeddable":true,"href":"https:\/\/www.skaala.com\/sv\/wp-json\/wp\/v2\/media\/1412"}],"wp:attachment":[{"href":"https:\/\/www.skaala.com\/sv\/wp-json\/wp\/v2\/media?parent=3364"}],"curies":[{"name":"wp","href":"https:\/\/api.w.org\/{rel}","templated":true}]}}