{"id":3477,"date":"2020-05-14T13:33:53","date_gmt":"2020-05-14T10:33:53","guid":{"rendered":"https:\/\/www.skaala.com\/?page_id=3477"},"modified":"2025-08-20T10:29:21","modified_gmt":"2025-08-20T07:29:21","slug":"tillval-och-egenskaper","status":"publish","type":"page","link":"https:\/\/www.skaala.com\/sv\/dorrar\/tillval-och-egenskaper\/","title":{"rendered":"Tillval och egenskaper"},"content":{"rendered":"\n\t<header class=\"featured-hero has-dark-gray-background-color\" role=\"banner\">\n\t\t\t<h1>Tillval och egenskaper<\/h1>\n\t<\/header>\n\t\n\n\n<div class=\"wp-block-custom-content-area custom-wrapper aligncenter has-light-blue-background-color\"><div class=\"outer-wrap\">\t\n\t<div id=\"heading-block-block_c3fd1dead16eb15401264117acb619e9\" class=\"heading-block\">\n\t\t<h2 ><span>Din favoritfinish p\u00e5 d\u00f6rren<\/span><\/h2>\t<\/div>\n\n\n\t\n\t<div id=\"heading-block-block_457f0adc0e46f4e50d55904b7da50059\" class=\"heading-block\">\n\t\t<h3 ><span>Rekommenderade f\u00e4rger och tr\u00e4fanertyper<\/span><\/h3>\t<\/div>\n\n\n\n<div id=\"text-block-block_c9016c7fd94eec00655d3df0607b70be\" class=\"text-block\">\n\t\t\t<p>Du kan alltid f\u00e5 dina ytterd\u00f6rrar i \u00f6nskad RAL- eller NCS-f\u00e4rg.<br \/>\nObs! F\u00e4rgerna som visas kan skilja sig en aning fr\u00e5n verkligheten. Kontrollera alltid f\u00e4rgen med hj\u00e4lp av en f\u00e4rgkarta!<\/p>\n\t<\/div>\n\n\n\n\n<div class=\"wp-block-custom-inner-columns has-three-columns custom-columns\"><div class=\"outer-wrap\">\n<div class=\"wp-block-custom-custom-column custom-column\"><div class=\"inner-wrap\">\n<div id=\"image-block_94132c59483d228e57410749427d392b\" class=\"image-block\">\n\t\t\t\t<div class=\"image-container\" style=\"width: px; height: \n\t\tauto;\">\n\t\t\t<img decoding=\"async\" src=\"https:\/\/www.skaala.com\/wp-content\/uploads\/2020\/05\/RAL-9010.jpg\" alt=\"\">\n\t\t<\/div>\n\t \n\n\t<\/div>\n\n\n\n\n<div id=\"text-block-block_8c95529dc22cabe2a891ea550cf83b28\" class=\"text-block\">\n\t\t\t<p>Vit<br \/>\nRAL 9001<\/p>\n\t<\/div>\n\n\n\n\n<div id=\"image-block_a7cacc52536981ec2eb1527238f03aca\" class=\"image-block\">\n\t\t\t\t<div class=\"image-container\" style=\"width: px; height: \n\t\tauto;\">\n\t\t\t<img decoding=\"async\" src=\"https:\/\/www.skaala.com\/wp-content\/uploads\/2020\/05\/RAL-3001.jpg\" alt=\"\">\n\t\t<\/div>\n\t \n\n\t<\/div>\n\n\n\n\n<div id=\"text-block-block_efa6eb6653376b4b8a1e7f45c2afc0f8\" class=\"text-block\">\n\t\t\t<p>R\u00f6d<br \/>\nRAL 3001<\/p>\n\t<\/div>\n\n\n\n\n<div id=\"image-block_ae1f8f61080e29cf1630797d6946925a\" class=\"image-block\">\n\t\t\t\t<div class=\"image-container\" style=\"width: px; height: \n\t\tauto;\">\n\t\t\t<img decoding=\"async\" src=\"https:\/\/www.skaala.com\/wp-content\/uploads\/2020\/05\/tiikki.jpg\" alt=\"\">\n\t\t<\/div>\n\t \n\n\t<\/div>\n\n\n\n\n<div id=\"text-block-block_60b7179121c23c6cf9626b5fc43d0444\" class=\"text-block\">\n\t\t\t<p>Teak<\/p>\n\t<\/div>\n\n<\/div><\/div>\n\n\n\n<div class=\"wp-block-custom-custom-column custom-column\"><div class=\"inner-wrap\">\n<div id=\"image-block_0c8b7bb753e92614d492a846e291fc01\" class=\"image-block\">\n\t\t\t\t<div class=\"image-container\" style=\"width: px; height: \n\t\tauto;\">\n\t\t\t<img decoding=\"async\" src=\"https:\/\/www.skaala.com\/wp-content\/uploads\/2020\/05\/RAL-7040.jpg\" alt=\"\">\n\t\t<\/div>\n\t \n\n\t<\/div>\n\n\n\n\n<div id=\"text-block-block_70e42a5f4a52901b47bd465a77e342cd\" class=\"text-block\">\n\t\t\t<p>Gr\u00e5<br \/>\nRAL 7040<\/p>\n\t<\/div>\n\n\n\n\n<div id=\"image-block_2ca506e6769e33309887adf7dccd5f0a\" class=\"image-block\">\n\t\t\t\t<div class=\"image-container\" style=\"width: 100px; height: \n\t\tauto;\">\n\t\t\t<img decoding=\"async\" src=\"https:\/\/www.skaala.com\/wp-content\/uploads\/2020\/05\/RR32.png\" alt=\"\">\n\t\t<\/div>\n\t \n\n\t<\/div>\n\n\n\n\n<div id=\"text-block-block_64314793ad0d0a6ab2b1efc8aecc5e3f\" class=\"text-block\">\n\t\t\t<p>Brun<br \/>\nRR 32<\/p>\n\t<\/div>\n\n\n\n\n<div id=\"image-block_5b4be9b8e1bb8b88c5f6f5b0882055a2\" class=\"image-block\">\n\t\t\t\t<div class=\"image-container\" style=\"width: px; height: \n\t\tauto;\">\n\t\t\t<img decoding=\"async\" src=\"https:\/\/www.skaala.com\/wp-content\/uploads\/2020\/05\/tammi.jpg\" alt=\"\">\n\t\t<\/div>\n\t \n\n\t<\/div>\n\n\n\n\n<div id=\"text-block-block_e6c32ff233416e8649eddab36bb95b35\" class=\"text-block\">\n\t\t\t<p>Ek<\/p>\n\t<\/div>\n\n<\/div><\/div>\n\n\n\n<div class=\"wp-block-custom-custom-column custom-column\"><div class=\"inner-wrap\">\n<div id=\"image-block_c35497dbb723ed14d144b7fb66c64909\" class=\"image-block\">\n\t\t\t\t<div class=\"image-container\" style=\"width: px; height: \n\t\tauto;\">\n\t\t\t<img decoding=\"async\" src=\"https:\/\/www.skaala.com\/wp-content\/uploads\/2020\/05\/RAL-7024.jpg\" alt=\"\">\n\t\t<\/div>\n\t \n\n\t<\/div>\n\n\n\n\n<div id=\"text-block-block_145eec2406b7e60f1a21199966c78c8c\" class=\"text-block\">\n\t\t\t<p>Gr\u00e5<br \/>\nRAL 7024<\/p>\n\t<\/div>\n\n\n\n\n<div id=\"image-block_ae265ecb26620f78ff9ff624b227e89e\" class=\"image-block\">\n\t\t\t\t<div class=\"image-container\" style=\"width: px; height: \n\t\tauto;\">\n\t\t\t<img decoding=\"async\" src=\"https:\/\/www.skaala.com\/wp-content\/uploads\/2020\/05\/RAL-5019.jpg\" alt=\"\">\n\t\t<\/div>\n\t \n\n\t<\/div>\n\n\n\n\n<div id=\"text-block-block_b2bf43aa98f3e36c771b3003b3ee16b5\" class=\"text-block\">\n\t\t\t<p>Bl\u00e5<br \/>\nRAL 5019<\/p>\n\t<\/div>\n\n\n\n\n<div id=\"image-block_cfb86efac58c35668751c3ea9f9f46be\" class=\"image-block\">\n\t\t\t\t<div class=\"image-container\" style=\"width: 100px; height: \n\t\tauto;\">\n\t\t\t<img decoding=\"async\" src=\"https:\/\/www.skaala.com\/wp-content\/uploads\/2020\/05\/RAL8028.png\" alt=\"\">\n\t\t<\/div>\n\t \n\n\t<\/div>\n\n\n\n\n<div id=\"text-block-block_9f4cbeaf9080689833e18e786430751a\" class=\"text-block\">\n\t\t\t<p>Brun<br \/>\nRAL 8028<\/p>\n\t<\/div>\n\n<\/div><\/div>\n<\/div><\/div>\n<\/div><\/div>\n\n\n\n<div class=\"wp-block-custom-content-area custom-wrapper alignleft has-light-blue-background-color\"><div class=\"outer-wrap\">\t\n\t<div id=\"heading-block-block_dc01c156a957d4703701abb16ba2584c\" class=\"heading-block\">\n\t\t<h2 ><span>Egenskaper<\/span><\/h2>\t<\/div>\n\n\n\n<div class=\"wp-block-custom-inner-columns has-two-columns custom-columns\"><div class=\"outer-wrap\">\n<div class=\"wp-block-custom-custom-column custom-column\"><div class=\"inner-wrap\">\t\n\t<div id=\"heading-block-block_2726fea10669967d48caa7ebc53543da\" class=\"heading-block\">\n\t\t<h4 ><span>Storlek<\/span><\/h4>\t<\/div>\n\n\n\n<div id=\"text-block-block_2fab1854327d53aa74b2bad04a6437aa\" class=\"text-block\">\n\t\t\t<div class=\"fusion-layout-column fusion_builder_column fusion_builder_column_1_2 fusion-builder-column-27 fusion-one-half fusion-column-first 1_2\">\n<div class=\"fusion-column-wrapper\" data-bg-url=\"\">\n<div class=\"accordian fusion-accordian\">\n<div id=\"accordion-3666-1\" class=\"panel-group\">\n<div class=\"fusion-panel panel-default fusion-toggle-no-divider\">\n<div id=\"34911c77bc08c65d0\" class=\"panel-collapse collapse in\">\n<div class=\"panel-body toggle-content fusion-clearfix\">\n<p>Standardstorlek 9M\/10M*21M<\/p>\n<p>Max.bredd 11M och max.h\u00f6jd 23M.<\/p>\n<p>(9M*21M = d\u00f6rran som \u00e4r 89 cm bredd och 209 cm h\u00f6jd inkl. karmen)<\/p>\n<p>Karmdjup 131 mm, 175 mm och 210 mm.<\/p>\n<\/div>\n<\/div>\n<\/div>\n<\/div>\n<\/div>\n<\/div>\n<\/div>\n\t<\/div>\n\n\n\n\t\n\t<div id=\"heading-block-block_c3ce5a2dca5018ac6d5eb8bd690dadf5\" class=\"heading-block\">\n\t\t<h4 ><span>Konstruktion<\/span><\/h4>\t<\/div>\n\n\n\n<div id=\"text-block-block_5344a387cba82f2cb73bb9ea07eea586\" class=\"text-block\">\n\t\t\t<div class=\"panel-heading\">\n<div class=\"fusion-toggle-heading\">\n<div class=\"fusion-panel panel-default fusion-toggle-no-divider\">\n<div id=\"499edfbddb8269b97\" class=\"panel-collapse collapse in\">\n<div class=\"panel-body toggle-content fusion-clearfix\">\n<p>D\u00f6rrbladet \u00e4r en symmetrisk konstruktion f\u00f6rst\u00e4rkt med aluminiumskiva, furustomme, v\u00e4rmeisolering och utv\u00e4ndig v\u00e4derbest\u00e4ndig HDF-skiva.<\/p>\n<p>D\u00f6rrbladet har en tjocklek p\u00e5 75 mm f\u00f6r Alfa-d\u00f6rrar och 62 mm f\u00f6r Beeta-d\u00f6rrar. Den aluminiumst\u00f6dda konstruktionen garanterar h\u00e5llbara och v\u00e4lfungerande d\u00f6rrar. D\u00f6rrbladet \u00e4r formstabil och b\u00f6js inte med \u00e5ren.<\/p>\n<\/div>\n<\/div>\n<\/div>\n<\/div>\n<\/div>\n\t<\/div>\n\n\n\n\t\n\t<div id=\"heading-block-block_06d294318d83147e0d1d3a75b254c24d\" class=\"heading-block\">\n\t\t<h4 ><span>Yta<\/span><\/h4>\t<\/div>\n\n\n\n<div id=\"text-block-block_41262d9d9aca244d186f40bcc1e2cb1f\" class=\"text-block\">\n\t\t\t<div class=\"panel-heading\">\n<div class=\"fusion-toggle-heading\">\n<div class=\"fusion-panel panel-default fusion-toggle-no-divider\">\n<div id=\"7956109f8b54d5025\" class=\"panel-collapse collapse in\">\n<div class=\"panel-body toggle-content fusion-clearfix\">\n<p>V\u00e4derbest\u00e4ndig HDF-skiva, m\u00e5lad eller fanerbekl\u00e4dd. V\u00e5ra reliefd\u00f6rrar har relief p\u00e5 b\u00e5da sidorna av d\u00f6rrbladet.<\/p>\n<p>P\u00e5 sp\u00e5rm\u00f6nstrade d\u00f6rrar finns m\u00f6nstret p\u00e5 utsidan och p\u00e5 best\u00e4llning \u00e4ven p\u00e5 insidan.<\/p>\n<p>Standardf\u00e4rg vit (NCS S 0502-Y). Andra f\u00e4rger p\u00e5 best\u00e4llning. Lasyrbehandlade d\u00f6rrar har lackerade d\u00f6rrskivor, \u00e4deltr\u00e4skivor har behandlas med tr\u00e4olja.<\/p>\n<\/div>\n<\/div>\n<\/div>\n<\/div>\n<\/div>\n\t<\/div>\n\n\n\n\t\n\t<div id=\"heading-block-block_af93bec200ec8cb0404d737d14e85f6c\" class=\"heading-block\">\n\t\t<h4 ><span>Glas<\/span><\/h4>\t<\/div>\n\n\n\n<div id=\"text-block-block_30c408d5980f0c245c14200718536869\" class=\"text-block\">\n\t\t\t<div class=\"panel-heading\">\n<div class=\"fusion-toggle-heading\">\n<div class=\"fusion-panel panel-default fusion-toggle-no-divider\">\n<div id=\"2c0be7f397c81c0cd\" class=\"panel-collapse collapse in\">\n<div class=\"panel-body toggle-content fusion-clearfix\">\n<p>Alfa-d\u00f6rrarna har en glasruta med 3-glas isoleringskassett med superspacer, 2 st. energiglas och argongas.<\/p>\n<p>Beeta-d\u00f6rrar levereras med 1 st. energiglas i glaskassetten.<\/p>\n<p>Standardglaset \u00e4r Crepi, andra alternativ finns p\u00e5 best\u00e4llning.<\/p>\n<\/div>\n<\/div>\n<\/div>\n<\/div>\n<\/div>\n\t<\/div>\n\n<\/div><\/div>\n\n\n\n<div class=\"wp-block-custom-custom-column custom-column\"><div class=\"inner-wrap\">\t\n\t<div id=\"heading-block-block_8b7cfcdd4fbff2f4de7e177e689a6e32\" class=\"heading-block\">\n\t\t<h4 ><span>Beslag<\/span><\/h4>\t<\/div>\n\n\n\n<div id=\"text-block-block_54cfc7e669f8222ae36786fee0063b52\" class=\"text-block\">\n\t\t\t<div class=\"panel-heading\">\n<div class=\"fusion-toggle-heading\"><span style=\"font-size: inherit;\">Standardutf\u00f6randet inkluderar l\u00e5shuset LC 102 (i Sverige ASSA2002) och ett justerbart slutbleck. 3 horisontell och vertikal justerbara g\u00e5ngj\u00e4rn med bakkantss\u00e4kringrn.<\/span><\/div>\n<\/div>\n<div id=\"eec6b5eb501acbb02\" class=\"panel-collapse collapse in\">\n<div class=\"panel-body toggle-content fusion-clearfix\">\n<p>V\u00e5ra altand\u00f6rrar \u00e4r utrustade med en stegl\u00f6s d\u00f6rrbroms med handtag med vred insidan som kan \u00e4ven kombineras med l\u00e5scylinder. I Sverige levererar vi v\u00e5ra altand\u00f6rrar med HOPPE handtag.<\/p>\n<\/div>\n<\/div>\n\t<\/div>\n\n\n\n\t\n\t<div id=\"heading-block-block_98a87704c1ac451bfb19a90594922c21\" class=\"heading-block\">\n\t\t<h4 ><span>Tr\u00f6skel<\/span><\/h4>\t<\/div>\n\n\n\n<div id=\"text-block-block_5a155f11eb9dc51b74c94460f8a7a1e1\" class=\"text-block\">\n\t\t\t<div class=\"panel-heading\">\n<div class=\"fusion-toggle-heading\">Tr\u00f6skel av h\u00e5rdtr\u00e4, slitlist av aluminium.<\/div>\n<\/div>\n\t<\/div>\n\n\n\n\t\n\t<div id=\"heading-block-block_a9741f3847007360972f26f7343e3f93\" class=\"heading-block\">\n\t\t<h4 ><span>T\u00e4tning<\/span><\/h4>\t<\/div>\n\n\n\n<div id=\"text-block-block_bde22eff61091ff48996c6b7c8287ba7\" class=\"text-block\">\n\t\t\t<div class=\"panel-heading\">\n<div class=\"fusion-toggle-heading\">\n<div class=\"fusion-panel panel-default fusion-toggle-no-divider\">\n<div id=\"8852867ec5184608d\" class=\"panel-collapse collapse in\">\n<div class=\"panel-body toggle-content fusion-clearfix\">\n<p>2 lager silikont\u00e4tning<\/p>\n<\/div>\n<\/div>\n<\/div>\n<\/div>\n<\/div>\n\t<\/div>\n\n\n\n\t\n\t<div id=\"heading-block-block_d40085320f3d89ba0b64223f3f53038f\" class=\"heading-block\">\n\t\t<h4 ><span>Tillval<\/span><\/h4>\t<\/div>\n\n\n\n<div id=\"text-block-block_8b6c187df790707fa60e8792334435d4\" class=\"text-block\">\n\t\t\t<div class=\"panel-heading\">\n<ul>\n<li>Handtag och l\u00e5shus, cylinder \u00e4ven med lika l\u00e5sning (Abloy)<\/li>\n<li>S\u00e4kerhetsl\u00e5s<\/li>\n<li>F\u00f6rberedelse f\u00f6r ell\u00e5s<\/li>\n<li>Olika glasalternativ, t.ex. persons\u00e4kerhetsglas, m\u00f6nstrat glas, frostfritt glas och tonat glas<\/li>\n<li>D\u00f6rr\u00f6ga, d\u00f6rrklocka, brevinkast<\/li>\n<li>\u00d6ver- och sidoljus<\/li>\n<li>Sparkpl\u00e5t av rostfritt st\u00e5l eller aluminium<\/li>\n<\/ul>\n<div class=\"fusion-panel panel-default fusion-toggle-no-divider\">\n<div id=\"b088c8f616092399b\" class=\"panel-collapse collapse in\">\n<div class=\"panel-body toggle-content fusion-clearfix\">\n<p><em>Fr\u00e5ga din \u00e5terf\u00f6rs\u00e4ljare om standardutrustning och tillval f\u00f6r Skaala Skandia ytterd\u00f6rrar.<\/em><\/p>\n<\/div>\n<\/div>\n<\/div>\n<div class=\"fusion-panel panel-default fusion-toggle-no-divider\">\n<div class=\"panel-heading\">\n<h4 class=\"panel-title toggle\" data-fontsize=\"24\" data-lineheight=\"30\"><\/h4>\n<\/div>\n<\/div>\n<\/div>\n\t<\/div>\n\n<\/div><\/div>\n<\/div><\/div>\n<\/div><\/div>\n\n\n<div class=\"featured-items-block block\">\n\t<div class=\"featured-item\">\n\t\t<div class=\"content-half has-dark-gray-background-color\">\n\t\t\t<div class=\"featured-item--content grid-item\">\n\t\t\t\t\t\t<a class=\"button button-large\" href=\"https:\/\/www.skaala.com\/sv\/dorrar\/ytterdorrar\/\">Ytterd\u00f6rrar<\/a>\n\t\t\t\t\t\t<\/div>\n\t\t<\/div>\n\t\t\t\t<div class=\"featured-item--image grid-item\"\n\t\t\t\t\tdata-interchange=\"\n\t\t\t\t\t[https:\/\/www.skaala.com\/wp-content\/uploads\/2024\/12\/Ulko-ovi-tammiviilu-Savel-1-1024x1365.jpeg, small], \n\t\t\t\t\t[https:\/\/www.skaala.com\/wp-content\/uploads\/2024\/12\/Ulko-ovi-tammiviilu-Savel-1-1024x1365.jpeg, medium], \n\t\t\t\t\t[https:\/\/www.skaala.com\/wp-content\/uploads\/2024\/12\/Ulko-ovi-tammiviilu-Savel-1-1200x1600.jpeg, large], \n\t\t\t\t\t[https:\/\/www.skaala.com\/wp-content\/uploads\/2024\/12\/Ulko-ovi-tammiviilu-Savel-1-1152x1536.jpeg, xlarge]\"\n\t\t\t\t\t>\n\t\t<\/div>\n\t\t\t<\/div>\n\t\t<div class=\"featured-item\">\n\t\t<div class=\"content-half has-dark-gray-background-color\">\n\t\t\t<div class=\"featured-item--content grid-item\">\n\t\t\t\t\t\t<a class=\"button button-large\" href=\"https:\/\/www.skaala.com\/sv\/?page_id=3515\">Skjutd\u00f6rrar<\/a>\n\t\t\t\t\t\t<\/div>\n\t\t<\/div>\n\t\t\t\t<div class=\"featured-item--image grid-item\"\n\t\t\t\t\tdata-interchange=\"\n\t\t\t\t\t[https:\/\/www.skaala.com\/wp-content\/uploads\/2023\/08\/Lasiliukuoviautomusta-1024x682.jpg, small], \n\t\t\t\t\t[https:\/\/www.skaala.com\/wp-content\/uploads\/2023\/08\/Lasiliukuoviautomusta-1024x682.jpg, medium], \n\t\t\t\t\t[https:\/\/www.skaala.com\/wp-content\/uploads\/2023\/08\/Lasiliukuoviautomusta-1200x800.jpg, large], \n\t\t\t\t\t[https:\/\/www.skaala.com\/wp-content\/uploads\/2023\/08\/Lasiliukuoviautomusta-1536x1024.jpg, xlarge]\"\n\t\t\t\t\t>\n\t\t<\/div>\n\t\t\t<\/div>\n\t\t<div class=\"featured-item\">\n\t\t<div class=\"content-half has-dark-gray-background-color\">\n\t\t\t<div class=\"featured-item--content grid-item\">\n\t\t\t\t\t\t<a class=\"button button-large\" href=\"https:\/\/www.skaala.com\/sv\/dorrar\/balkongdorrar\/\">Altand\u00f6rrar<\/a>\n\t\t\t\t\t\t<\/div>\n\t\t<\/div>\n\t\t\t\t<div class=\"featured-item--image grid-item\"\n\t\t\t\t\tdata-interchange=\"\n\t\t\t\t\t[https:\/\/www.skaala.com\/wp-content\/uploads\/2020\/05\/Kati-kahvilla\u0308-na\u0308kyma\u0308-2-1024x683.jpg, small], \n\t\t\t\t\t[https:\/\/www.skaala.com\/wp-content\/uploads\/2020\/05\/Kati-kahvilla\u0308-na\u0308kyma\u0308-2-1024x683.jpg, medium], \n\t\t\t\t\t[https:\/\/www.skaala.com\/wp-content\/uploads\/2020\/05\/Kati-kahvilla\u0308-na\u0308kyma\u0308-2-1200x800.jpg, large], \n\t\t\t\t\t[https:\/\/www.skaala.com\/wp-content\/uploads\/2020\/05\/Kati-kahvilla\u0308-na\u0308kyma\u0308-2-1536x1024.jpg, xlarge]\"\n\t\t\t\t\t>\n\t\t<\/div>\n\t\t\t<\/div>\n\t\t<div class=\"featured-item\">\n\t\t<div class=\"content-half has-dark-gray-background-color\">\n\t\t\t<div class=\"featured-item--content grid-item\">\n\t\t\t\t\t\t<a class=\"button button-large\" href=\"https:\/\/www.skaala.com\/sv\/kontaktuppgifter\/\">Kontaktuppgifter<\/a>\n\t\t\t\t\t\t<\/div>\n\t\t<\/div>\n\t\t\t\t<div class=\"featured-item--image grid-item\"\n\t\t\t\t\tdata-interchange=\"\n\t\t\t\t\t[https:\/\/www.skaala.com\/wp-content\/uploads\/2024\/04\/quino-al-4SNUcHPiC8c-unsplash-1024x683.jpg, small], \n\t\t\t\t\t[https:\/\/www.skaala.com\/wp-content\/uploads\/2024\/04\/quino-al-4SNUcHPiC8c-unsplash-1024x683.jpg, medium], \n\t\t\t\t\t[https:\/\/www.skaala.com\/wp-content\/uploads\/2024\/04\/quino-al-4SNUcHPiC8c-unsplash-1200x800.jpg, large], \n\t\t\t\t\t[https:\/\/www.skaala.com\/wp-content\/uploads\/2024\/04\/quino-al-4SNUcHPiC8c-unsplash-1536x1024.jpg, xlarge]\"\n\t\t\t\t\t>\n\t\t<\/div>\n\t\t\t<\/div>\n\t<\/div>\n","protected":false},"excerpt":{"rendered":"","protected":false},"author":5,"featured_media":1552,"parent":3524,"menu_order":0,"comment_status":"closed","ping_status":"closed","template":"","meta":{"_acf_changed":false,"inline_featured_image":false,"footnotes":""},"class_list":["post-3477","page","type-page","status-publish","has-post-thumbnail","hentry"],"acf":[],"_links":{"self":[{"href":"https:\/\/www.skaala.com\/sv\/wp-json\/wp\/v2\/pages\/3477","targetHints":{"allow":["GET"]}}],"collection":[{"href":"https:\/\/www.skaala.com\/sv\/wp-json\/wp\/v2\/pages"}],"about":[{"href":"https:\/\/www.skaala.com\/sv\/wp-json\/wp\/v2\/types\/page"}],"author":[{"embeddable":true,"href":"https:\/\/www.skaala.com\/sv\/wp-json\/wp\/v2\/users\/5"}],"replies":[{"embeddable":true,"href":"https:\/\/www.skaala.com\/sv\/wp-json\/wp\/v2\/comments?post=3477"}],"version-history":[{"count":27,"href":"https:\/\/www.skaala.com\/sv\/wp-json\/wp\/v2\/pages\/3477\/revisions"}],"predecessor-version":[{"id":25210,"href":"https:\/\/www.skaala.com\/sv\/wp-json\/wp\/v2\/pages\/3477\/revisions\/25210"}],"up":[{"embeddable":true,"href":"https:\/\/www.skaala.com\/sv\/wp-json\/wp\/v2\/pages\/3524"}],"wp:featuredmedia":[{"embeddable":true,"href":"https:\/\/www.skaala.com\/sv\/wp-json\/wp\/v2\/media\/1552"}],"wp:attachment":[{"href":"https:\/\/www.skaala.com\/sv\/wp-json\/wp\/v2\/media?parent=3477"}],"curies":[{"name":"wp","href":"https:\/\/api.w.org\/{rel}","templated":true}]}}