{"id":3493,"date":"2020-05-14T13:46:55","date_gmt":"2020-05-14T10:46:55","guid":{"rendered":"https:\/\/www.skaala.com\/?page_id=3493"},"modified":"2020-08-19T18:09:12","modified_gmt":"2020-08-19T15:09:12","slug":"lagenhetsdorrar","status":"publish","type":"page","link":"https:\/\/www.skaala.com\/sv\/dorrar\/lagenhetsdorrar\/","title":{"rendered":"L\u00e4genhetsd\u00f6rrar"},"content":{"rendered":"\n<div class=\"wp-block-custom-content-area custom-wrapper aligncenter has-light-blue-background-color\"><div class=\"outer-wrap\">\t\n\t<div id=\"heading-block-block_5eaa97920f7de\" class=\"heading-block\">\n\t\t<h1 ><span>Skaalas h\u00f6gkvalitativa l\u00e4genhetsd\u00f6rrar<\/span><\/h1>\t<\/div>\n\n\n\n<div id=\"text-block-block_5eaa97960f7df\" class=\"text-block\">\n\t\t\t<p>Skaalas l\u00e4genhetsd\u00f6rrar h\u00e5ller h\u00f6g kvalitet och tillverkas p\u00e5 best\u00e4llning i Finland.<\/p>\n<p>Det g\u00e5r \u00e4ven att v\u00e4lja \u00f6nskad d\u00f6rrf\u00e4rg eller fanerbekl\u00e4dnad. D\u00f6rrleveransen omfattar grenfria d\u00f6rrkarmar av kvalitetsvirke och vi har \u00e4ven karmar av \u00e4deltr\u00e4 i en matchande nyans. Skaala tar vid behov \u00e4ven hand om m\u00e4tning av d\u00f6rrar.<\/p>\n<p>L\u00e4genhetsd\u00f6rrar kan endast best\u00e4llas p\u00e5 \u00c5land eller i Finland.<\/p>\n\t<\/div>\n\n<\/div><\/div>\n\n\n\n<div class=\"wp-block-custom-content-area custom-wrapper alignleft has-light-blue-background-color\"><div class=\"outer-wrap\">\t\n\t<div id=\"heading-block-block_5ebc06c67a490\" class=\"heading-block\">\n\t\t<h2 ><span>L\u00e4genhetsd\u00f6rrar f\u00f6r bostadshus<\/span><\/h2>\t<\/div>\n\n\n\n<div class=\"wp-block-custom-inner-columns has-two-columns custom-columns\"><div class=\"outer-wrap\">\n<div class=\"wp-block-custom-custom-column custom-column\"><div class=\"inner-wrap\">\t\n\t<div id=\"heading-block-block_5ebc06da7a491\" class=\"heading-block\">\n\t\t<h4 ><span>Konstruktion<\/span><\/h4>\t<\/div>\n\n\n\n<div id=\"text-block-block_5ebd20ef598c3\" class=\"text-block\">\n\t\t\t<div class=\"fusion-panel panel-default fusion-toggle-no-divider\">\n<div id=\"4257a5d178e608e0f\" class=\"panel-collapse collapse in\">\n<div class=\"panel-body toggle-content fusion-clearfix\">\n<p>Kraftig formbest\u00e4ndig 6 mm MDF-bekl\u00e4dd konstruktion. Kanter av massivt tr\u00e4 som standard. D\u00f6rrskivans tjocklek \u00e4r 40 mm eller 68 mm beroende p\u00e5 ljudisoleringsklass.<\/p>\n<\/div>\n<\/div>\n<\/div>\n\t<\/div>\n\n\n\n\t\n\t<div id=\"heading-block-block_5ebc06fe7a495\" class=\"heading-block\">\n\t\t<h4 ><span>Beslag<\/span><\/h4>\t<\/div>\n\n\n\n<div id=\"text-block-block_5ebd2118598c5\" class=\"text-block\">\n\t\t\t<div class=\"fusion-panel panel-default fusion-toggle-no-divider\">\n<div id=\"2065455cc5f87a2b0\" class=\"panel-collapse collapse in\">\n<div class=\"panel-body toggle-content fusion-clearfix\">\n<p>Levereras som standard med l\u00e5shus LC190 eller 4190 SYM och 110\u00d730 g\u00e5ngj\u00e4rn med h\u00f6jdreglering.<\/p>\n<\/div>\n<\/div>\n<\/div>\n\t<\/div>\n\n\n\n\t\n\t<div id=\"heading-block-block_5ebc072d7a499\" class=\"heading-block\">\n\t\t<h4 ><span>Tr\u00f6skel<\/span><\/h4>\t<\/div>\n\n\n\n<div id=\"text-block-block_5ebd2145598c7\" class=\"text-block\">\n\t\t\t<div class=\"fusion-panel panel-default fusion-toggle-no-divider\">\n<div id=\"ac59529dcd63d8e09\" class=\"panel-collapse collapse in\">\n<div class=\"panel-body toggle-content fusion-clearfix\">\n<p>Tr\u00f6skel av h\u00e5rdtr\u00e4.<\/p>\n<\/div>\n<\/div>\n<\/div>\n\t<\/div>\n\n\n\n\t\n\t<div id=\"heading-block-block_5ebc07567a49d\" class=\"heading-block\">\n\t\t<h4 ><span>V\u00e4rmeisolereing<\/span><\/h4>\t<\/div>\n\n\n\n<div id=\"text-block-block_5ebd217b598c9\" class=\"text-block\">\n\t\t\t<div class=\"fusion-panel panel-default fusion-toggle-no-divider\">\n<div id=\"276a39147cd284e96\" class=\"panel-collapse collapse in\">\n<div class=\"panel-body toggle-content fusion-clearfix\">\n<p>F\u00f6rst\u00e4rkande ljud- och v\u00e4rmeisolering.<\/p>\n<\/div>\n<\/div>\n<\/div>\n\t<\/div>\n\n<\/div><\/div>\n\n\n\n<div class=\"wp-block-custom-custom-column custom-column\"><div class=\"inner-wrap\">\t\n\t<div id=\"heading-block-block_5ebc06de7a492\" class=\"heading-block\">\n\t\t<h4 ><span>Yta<\/span><\/h4>\t<\/div>\n\n\n\n<div id=\"text-block-block_5ebd2102598c4\" class=\"text-block\">\n\t\t\t<div class=\"fusion-panel panel-default fusion-toggle-no-divider\">\n<div id=\"77a85faf9b0f57596\" class=\"panel-collapse collapse in\">\n<div class=\"panel-body toggle-content fusion-clearfix\">\n<p>M\u00e5lad MDF-skiva, lackade och lasyrm\u00e5lade d\u00f6rrar har fanerbekl\u00e4dnad. Standardf\u00e4rg vit (NCS S 0502-Y). Andra f\u00e4rger p\u00e5 best\u00e4llning. Lasyrm\u00e5lade d\u00f6rrar har lackade d\u00f6rrskivor. Sp\u00e5rm\u00f6nster och lister p\u00e5 b\u00e5da sidorna av d\u00f6rrbladet.<\/p>\n<\/div>\n<\/div>\n<\/div>\n\t<\/div>\n\n\n\n\t\n\t<div id=\"heading-block-block_5ebc07027a496\" class=\"heading-block\">\n\t\t<h4 ><span>Karm<\/span><\/h4>\t<\/div>\n\n\n\n<div id=\"text-block-block_5ebd212d598c6\" class=\"text-block\">\n\t\t\t<div class=\"accordian fusion-accordian\">\n<div id=\"accordion-5324-2\" class=\"panel-group\">\n<div class=\"fusion-panel panel-default fusion-toggle-no-divider\">\n<div id=\"fa99170622d1f875b\" class=\"panel-collapse collapse in\">\n<div class=\"panel-body toggle-content fusion-clearfix\">\n<p>D\u00f6rren har som standard m\u00e5lad karm av kvalitetsvirke, karm av \u00e4deltr\u00e4 finns p\u00e5 best\u00e4llning. Standardkarmdjup 92 mm, kan justeras p\u00e5 best\u00e4llning.<\/p>\n<\/div>\n<\/div>\n<\/div>\n<\/div>\n<\/div>\n\t<\/div>\n\n\n\n\t\n\t<div id=\"heading-block-block_5ebc07427a49b\" class=\"heading-block\">\n\t\t<h4 ><span>T\u00e4tning<\/span><\/h4>\t<\/div>\n\n\n\n<div id=\"text-block-block_5ebd2158598c8\" class=\"text-block\">\n\t\t\t<div class=\"fusion-panel panel-default fusion-toggle-no-divider\">\n<div id=\"8aa5e6cfc7d088151\" class=\"panel-collapse collapse in\">\n<div class=\"panel-body toggle-content fusion-clearfix\">\n<p>Dubbla t\u00e4tningslager.<\/p>\n<\/div>\n<\/div>\n<\/div>\n\t<\/div>\n\n<\/div><\/div>\n<\/div><\/div>\n<\/div><\/div>\n\n\n\n<div class=\"wp-block-custom-content-area custom-wrapper aligncenter has-red-background-color\"><div class=\"outer-wrap\">\n<div id=\"text-block-block_5eca26aac84ab\" class=\"text-block\">\n\t\t\t<p>Fr\u00e5ga mera om v\u00e5r l\u00e4genhetsd\u00f6rrar<\/p>\n\t<\/div>\n\n\n\n\n<a href=\"https:\/\/www.skaala.com\/sv\/kontaktuppgifter\/\" \nid=\"button-block-block_5eca26c5c84ac\" \nclass=\"button-block button\"\ntarget=\"\"\n>Ta v\u00e4nligen kontakt<\/a>\n\n<\/div><\/div>\n\n\n<div class=\"featured-items-block block\">\n\t<div class=\"featured-item\">\n\t\t<div class=\"content-half has-dark-gray-background-color\">\n\t\t\t<div class=\"featured-item--content grid-item\">\n\t\t\t\t\t\t<a class=\"button button-large\" href=\"https:\/\/www.skaala.com\/sv\/dorrar\/dorrunderhall\/\">D\u00f6rrunderh\u00e5ll<\/a>\n\t\t\t\t\t\t<\/div>\n\t\t<\/div>\n\t\t\t\t<div class=\"featured-item--image grid-item\"\n\t\t\t\t\tdata-interchange=\"\n\t\t\t\t\t[https:\/\/www.skaala.com\/wp-content\/uploads\/2020\/05\/Skaalan-asennuspavelu-rajattu-1024x1180.jpg, small], \n\t\t\t\t\t[https:\/\/www.skaala.com\/wp-content\/uploads\/2020\/05\/Skaalan-asennuspavelu-rajattu-1024x1180.jpg, medium], \n\t\t\t\t\t[https:\/\/www.skaala.com\/wp-content\/uploads\/2020\/05\/Skaalan-asennuspavelu-rajattu-1200x1383.jpg, large], \n\t\t\t\t\t[https:\/\/www.skaala.com\/wp-content\/uploads\/2020\/05\/Skaalan-asennuspavelu-rajattu-1333x1536.jpg, xlarge]\"\n\t\t\t\t\t>\n\t\t<\/div>\n\t\t\t<\/div>\n\t\t<div class=\"featured-item\">\n\t\t<div class=\"content-half has-dark-gray-background-color\">\n\t\t\t<div class=\"featured-item--content grid-item\">\n\t\t\t\t\t\t<a class=\"button button-large\" href=\"https:\/\/www.skaala.com\/sv\/dorrar\/tillval-och-egenskaper\/\">Tillval och egenskaper<\/a>\n\t\t\t\t\t\t<\/div>\n\t\t<\/div>\n\t\t\t\t<div class=\"featured-item--image grid-item\"\n\t\t\t\t\tdata-interchange=\"\n\t\t\t\t\t[https:\/\/www.skaala.com\/wp-content\/uploads\/2020\/05\/SKAALA_Skandia3-1024x768.jpg, small], \n\t\t\t\t\t[https:\/\/www.skaala.com\/wp-content\/uploads\/2020\/05\/SKAALA_Skandia3-1024x768.jpg, medium], \n\t\t\t\t\t[https:\/\/www.skaala.com\/wp-content\/uploads\/2020\/05\/SKAALA_Skandia3-1200x900.jpg, large], \n\t\t\t\t\t[https:\/\/www.skaala.com\/wp-content\/uploads\/2020\/05\/SKAALA_Skandia3-1536x1152.jpg, xlarge]\"\n\t\t\t\t\t>\n\t\t<\/div>\n\t\t\t<\/div>\n\t\t<div class=\"featured-item\">\n\t\t<div class=\"content-half has-dark-gray-background-color\">\n\t\t\t<div class=\"featured-item--content grid-item\">\n\t\t\t\t\t\t<a class=\"button button-large\" href=\"https:\/\/www.skaala.com\/sv\/kontaktuppgifter\/\">Kontaktuppgifter<\/a>\n\t\t\t\t\t\t<\/div>\n\t\t<\/div>\n\t\t\t\t<div class=\"featured-item--image grid-item\"\n\t\t\t\t\tdata-interchange=\"\n\t\t\t\t\t[https:\/\/www.skaala.com\/wp-content\/uploads\/2024\/04\/quino-al-4SNUcHPiC8c-unsplash-1024x683.jpg, small], \n\t\t\t\t\t[https:\/\/www.skaala.com\/wp-content\/uploads\/2024\/04\/quino-al-4SNUcHPiC8c-unsplash-1024x683.jpg, medium], \n\t\t\t\t\t[https:\/\/www.skaala.com\/wp-content\/uploads\/2024\/04\/quino-al-4SNUcHPiC8c-unsplash-1200x800.jpg, large], \n\t\t\t\t\t[https:\/\/www.skaala.com\/wp-content\/uploads\/2024\/04\/quino-al-4SNUcHPiC8c-unsplash-1536x1024.jpg, xlarge]\"\n\t\t\t\t\t>\n\t\t<\/div>\n\t\t\t<\/div>\n\t\t<div class=\"featured-item\">\n\t\t<div class=\"content-half has-dark-gray-background-color\">\n\t\t\t<div class=\"featured-item--content grid-item\">\n\t\t\t\t\t\t<a class=\"button button-large\" href=\"https:\/\/www.skaala.com\/sv\/om-oss\/\">Om oss<\/a>\n\t\t\t\t\t\t<\/div>\n\t\t<\/div>\n\t\t\t\t<div class=\"featured-item--image grid-item\"\n\t\t\t\t\tdata-interchange=\"\n\t\t\t\t\t[https:\/\/www.skaala.com\/wp-content\/uploads\/2025\/04\/Yliharman-tehdas-1024x576.jpg, small], \n\t\t\t\t\t[https:\/\/www.skaala.com\/wp-content\/uploads\/2025\/04\/Yliharman-tehdas-1024x576.jpg, medium], \n\t\t\t\t\t[https:\/\/www.skaala.com\/wp-content\/uploads\/2025\/04\/Yliharman-tehdas-1200x675.jpg, large], \n\t\t\t\t\t[https:\/\/www.skaala.com\/wp-content\/uploads\/2025\/04\/Yliharman-tehdas-1536x864.jpg, xlarge]\"\n\t\t\t\t\t>\n\t\t<\/div>\n\t\t\t<\/div>\n\t<\/div>\n","protected":false},"excerpt":{"rendered":"","protected":false},"author":5,"featured_media":19525,"parent":3524,"menu_order":0,"comment_status":"closed","ping_status":"closed","template":"","meta":{"_acf_changed":false,"inline_featured_image":false,"footnotes":""},"class_list":["post-3493","page","type-page","status-publish","has-post-thumbnail","hentry"],"acf":[],"_links":{"self":[{"href":"https:\/\/www.skaala.com\/sv\/wp-json\/wp\/v2\/pages\/3493","targetHints":{"allow":["GET"]}}],"collection":[{"href":"https:\/\/www.skaala.com\/sv\/wp-json\/wp\/v2\/pages"}],"about":[{"href":"https:\/\/www.skaala.com\/sv\/wp-json\/wp\/v2\/types\/page"}],"author":[{"embeddable":true,"href":"https:\/\/www.skaala.com\/sv\/wp-json\/wp\/v2\/users\/5"}],"replies":[{"embeddable":true,"href":"https:\/\/www.skaala.com\/sv\/wp-json\/wp\/v2\/comments?post=3493"}],"version-history":[{"count":12,"href":"https:\/\/www.skaala.com\/sv\/wp-json\/wp\/v2\/pages\/3493\/revisions"}],"predecessor-version":[{"id":8443,"href":"https:\/\/www.skaala.com\/sv\/wp-json\/wp\/v2\/pages\/3493\/revisions\/8443"}],"up":[{"embeddable":true,"href":"https:\/\/www.skaala.com\/sv\/wp-json\/wp\/v2\/pages\/3524"}],"wp:featuredmedia":[{"embeddable":true,"href":"https:\/\/www.skaala.com\/sv\/wp-json\/wp\/v2\/media\/19525"}],"wp:attachment":[{"href":"https:\/\/www.skaala.com\/sv\/wp-json\/wp\/v2\/media?parent=3493"}],"curies":[{"name":"wp","href":"https:\/\/api.w.org\/{rel}","templated":true}]}}