{"id":3502,"date":"2020-05-14T13:52:45","date_gmt":"2020-05-14T10:52:45","guid":{"rendered":"https:\/\/www.skaala.com\/?page_id=3502"},"modified":"2020-05-24T10:53:09","modified_gmt":"2020-05-24T07:53:09","slug":"oklassade-dorrar","status":"publish","type":"page","link":"https:\/\/www.skaala.com\/sv\/dorrar\/dorrar-i-offentliga-utrymmen\/oklassade-dorrar\/","title":{"rendered":"Oklassade d\u00f6rrar"},"content":{"rendered":"\n<div class=\"wp-block-custom-content-area custom-wrapper aligncenter has-light-blue-background-color\"><div class=\"outer-wrap\">\t\n\t<div id=\"heading-block-block_5ebb954db2e88\" class=\"heading-block\">\n\t\t<h1 ><span>D\u00f6rrar av h\u00f6g kvalitet till offentliga utrymmen<\/span><\/h1>\t<\/div>\n\n\n\n<div id=\"text-block-block_5ebb9552b2e89\" class=\"text-block\">\n\t\t\t<p>Oklassade d\u00f6rrar anv\u00e4nds p\u00e5 objekt med krav p\u00e5 h\u00e5llbarhet men utan specificerade krav p\u00e5 ljud- eller brandklass. S\u00e5dana slagt\u00e5liga d\u00f6rrar anv\u00e4nds bl.a. p\u00e5 f\u00f6rskolor, skolor, sjukhus och kontorsbyggnader.<\/p>\n<p>Skaalas oklassade d\u00f6rrar h\u00e5ller h\u00f6g kvalitet och tillverkas p\u00e5 best\u00e4llning i Finland. Det g\u00e5r \u00e4ven att v\u00e4lja \u00f6nskad d\u00f6rrf\u00e4rg eller fanerbekl\u00e4dnad. D\u00f6rrleveransen omfattar grenfria d\u00f6rrkarmar av kvalitetsvirke. Vi har \u00e4ven karmar av \u00e4deltr\u00e4 i matchande nyans.<\/p>\n\t<\/div>\n\n<\/div><\/div>\n\n\n\n<div class=\"wp-block-custom-content-area custom-wrapper aligncenter has-dark-gray-background-color\"><div class=\"outer-wrap\">\t\n\t<div id=\"heading-block-block_5eaa928d3bb9c\" class=\"heading-block\">\n\t\t<h2 ><span>Inner- och melland\u00f6rrar (utan krav p\u00e5 ljud- eller brandklass)<\/span><\/h2>\t<\/div>\n\n\n\n<div class=\"wp-block-custom-inner-columns has-two-columns custom-columns\"><div class=\"outer-wrap\">\n<div class=\"wp-block-custom-custom-column custom-column\"><div class=\"inner-wrap\">\t\n\t<div id=\"heading-block-block_5eb94a16c755e\" class=\"heading-block\">\n\t\t<h4 ><span>Konstruktion<\/span><\/h4>\t<\/div>\n\n\n\n<div id=\"text-block-block_5eb94a27c755f\" class=\"text-block\">\n\t\t\t<div class=\"fusion-panel panel-default fusion-toggle-no-divider\">\n<div id=\"e5da6a70a9a057679\" class=\"panel-collapse collapse in\">\n<div class=\"panel-body toggle-content fusion-clearfix\">\n<p>Kraftig formbest\u00e4ndig 6 mm MDF-bekl\u00e4dd konstruktion. Kanter av massivt tr\u00e4 som standard. D\u00f6rrskivans tjocklek \u00e4r 40 mm.<\/p>\n<\/div>\n<\/div>\n<\/div>\n\t<\/div>\n\n\n\n\t\n\t<div id=\"heading-block-block_5eb94b78c756f\" class=\"heading-block\">\n\t\t<h4 ><span>Beslag<\/span><\/h4>\t<\/div>\n\n\n\n<div id=\"text-block-block_5eb94b80c7570\" class=\"text-block\">\n\t\t\t<div class=\"fusion-panel panel-default fusion-toggle-no-divider\">\n<div id=\"c49502770a17894df\" class=\"panel-collapse collapse in\">\n<div class=\"panel-body toggle-content fusion-clearfix\">\n<div class=\"fusion-panel panel-default fusion-toggle-no-divider\">\n<div id=\"ca2905dbbed3a5d3e\" class=\"panel-collapse collapse in\">\n<div class=\"panel-body toggle-content fusion-clearfix\">\n<p>Levereras som standard med l\u00e5shus 2014 eller LC190 och 110\u00d730 g\u00e5ngj\u00e4rn med h\u00f6jdreglering eller symmetriska tappb\u00e4rande kantg\u00e5ngj\u00e4rn.<\/p>\n<\/div>\n<\/div>\n<\/div>\n<\/div>\n<\/div>\n<\/div>\n<div class=\"fusion-panel panel-default fusion-toggle-no-divider\">\n<div class=\"panel-heading\">\n<div class=\"fusion-toggle-icon-wrapper\"><\/div>\n<h4 class=\"panel-title toggle\" data-fontsize=\"24\" data-lineheight=\"30\"><\/h4>\n<\/div>\n<\/div>\n\t<\/div>\n\n\n\n\t\n\t<div id=\"heading-block-block_5eb94ba3c7573\" class=\"heading-block\">\n\t\t<h4 ><span>Tillval<\/span><\/h4>\t<\/div>\n\n\n\n<div id=\"text-block-block_5eb94bafc7574\" class=\"text-block\">\n\t\t\t<div class=\"fusion-panel panel-default fusion-toggle-no-divider\">\n<div id=\"8d8c495d288ec5dc1\" class=\"panel-collapse collapse in\">\n<div class=\"panel-body toggle-content fusion-clearfix\">\n<div class=\"fusion-panel panel-default fusion-toggle-no-divider\">\n<div id=\"8783369e90c7662ca\" class=\"panel-collapse collapse in\">\n<div class=\"panel-body toggle-content fusion-clearfix\">\n<p>Fr\u00e5ga din s\u00e4ljare om standardutrustning och tillval f\u00f6r Skaalas ljud- och brandklassade d\u00f6rrar.<\/p>\n<\/div>\n<\/div>\n<\/div>\n<\/div>\n<\/div>\n<\/div>\n\t<\/div>\n\n\n\n\t\n\t<div id=\"heading-block-block_5eb94a2dc7560\" class=\"heading-block\">\n\t\t<h4 ><span>Yta<\/span><\/h4>\t<\/div>\n\n\n\n<div id=\"text-block-block_5eb94a3cc7561\" class=\"text-block\">\n\t\t\t<div class=\"fusion-panel panel-default fusion-toggle-no-divider\">\n<div id=\"e4497374fa0555be6\" class=\"panel-collapse collapse in\">\n<div class=\"panel-body toggle-content fusion-clearfix\">\n<p>M\u00e5lad MDF-skiva, lackade och lasyrm\u00e5lade d\u00f6rrar har fanerbekl\u00e4dnad. Standardf\u00e4rg vit (NCS S 0502-Y). Andra f\u00e4rger p\u00e5 best\u00e4llning. Lasyrm\u00e5lade d\u00f6rrar har lackade d\u00f6rrskivor. Sp\u00e5rm\u00f6nster och lister p\u00e5 b\u00e5da sidorna av d\u00f6rrbladet.<\/p>\n<\/div>\n<\/div>\n<\/div>\n\t<\/div>\n\n<\/div><\/div>\n\n\n\n<div class=\"wp-block-custom-custom-column custom-column\"><div class=\"inner-wrap\">\t\n\t<div id=\"heading-block-block_5eb94b35c756b\" class=\"heading-block\">\n\t\t<h4 ><span>Karm<\/span><\/h4>\t<\/div>\n\n\n\n<div id=\"text-block-block_5eb94b3cc756c\" class=\"text-block\">\n\t\t\t<div class=\"accordian fusion-accordian\">\n<div id=\"accordion-5311-2\" class=\"panel-group\">\n<div class=\"fusion-panel panel-default fusion-toggle-no-divider\">\n<div id=\"fd4c2b1855ac27321\" class=\"panel-collapse collapse in\">\n<div class=\"panel-body toggle-content fusion-clearfix\">\n<p>D\u00f6rren har som standard m\u00e5lad karm av kvalitetsvirke, karm av \u00e4deltr\u00e4 finns p\u00e5 best\u00e4llning. Standardkarmdjup 92 mm, kan justeras p\u00e5 best\u00e4llning.<\/p>\n<\/div>\n<\/div>\n<\/div>\n<\/div>\n<\/div>\n\t<\/div>\n\n\n\n\t\n\t<div id=\"heading-block-block_5eb94b8ac7571\" class=\"heading-block\">\n\t\t<h4 ><span>Tr\u00f6skel<\/span><\/h4>\t<\/div>\n\n\n\n<div id=\"text-block-block_5eb94b9bc7572\" class=\"text-block\">\n\t\t\t<div class=\"fusion-panel panel-default fusion-toggle-no-divider\">\n<div id=\"67b9c80ee1d832333\" class=\"panel-collapse collapse in\">\n<div class=\"panel-body toggle-content fusion-clearfix\">\n<p>Tr\u00f6skel av h\u00e5rdtr\u00e4. Innerd\u00f6rrar har inte tr\u00f6skel.<\/p>\n<\/div>\n<\/div>\n<\/div>\n\t<\/div>\n\n\n\n\t\n\t<div id=\"heading-block-block_5eb94bb5c7575\" class=\"heading-block\">\n\t\t<h4 ><span>T\u00e4tning<\/span><\/h4>\t<\/div>\n\n\n\n<div id=\"text-block-block_5eb94bbbc7576\" class=\"text-block\">\n\t\t\t<div class=\"fusion-panel panel-default fusion-toggle-no-divider\">\n<div id=\"a21a652b26edc2a9d\" class=\"panel-collapse collapse in\">\n<div class=\"panel-body toggle-content fusion-clearfix\">\n<p>Ett t\u00e4tningslager i karmen.<\/p>\n<\/div>\n<\/div>\n<\/div>\n\t<\/div>\n\n\n\n\t\n\t<div id=\"heading-block-block_5ebc046f7f74d\" class=\"heading-block\">\n\t\t<h4 ><span>V\u00e4rmeisolering<\/span><\/h4>\t<\/div>\n\n\n\n<div id=\"text-block-block_5ebc04787f74e\" class=\"text-block\">\n\t\t\t<div class=\"fusion-panel panel-default fusion-toggle-no-divider\">\n<div id=\"526ac5cd74b680366\" class=\"panel-collapse collapse in\">\n<div class=\"panel-body toggle-content fusion-clearfix\">\n<div class=\"fusion-panel panel-default fusion-toggle-no-divider\">\n<div id=\"7f20edc0903406758\" class=\"panel-collapse collapse in\">\n<div class=\"panel-body toggle-content fusion-clearfix\">\n<p>F\u00f6rst\u00e4rkande polystyrenisolering.<\/p>\n<\/div>\n<\/div>\n<\/div>\n<\/div>\n<\/div>\n<\/div>\n<div class=\"fusion-panel panel-default fusion-toggle-no-divider\">\n<div class=\"panel-heading\">\n<div class=\"fusion-toggle-icon-wrapper\"><\/div>\n<h4 class=\"panel-title toggle\" data-fontsize=\"24\" data-lineheight=\"30\"><\/h4>\n<\/div>\n<\/div>\n\t<\/div>\n\n<\/div><\/div>\n<\/div><\/div>\n<\/div><\/div>\n\n\n\n<div class=\"wp-block-custom-content-area custom-wrapper aligncenter has-red-background-color\"><div class=\"outer-wrap\">\n<div id=\"text-block-block_5eca27bea26fe\" class=\"text-block\">\n\t\t\t<p>Bekanta sig med v\u00e5r innerd\u00f6rrar<\/p>\n\t<\/div>\n\n\n\n\n<a href=\"https:\/\/www.skaala.com\/sv\/kontaktuppgifter\/\" \nid=\"button-block-block_5eca27d4a26ff\" \nclass=\"button-block button\"\ntarget=\"\"\n>Ta v\u00e4nligen kontakt<\/a>\n\n<\/div><\/div>\n\n\n<div class=\"featured-items-block block\">\n\t<div class=\"featured-item\">\n\t\t<div class=\"content-half has-dark-gray-background-color\">\n\t\t\t<div class=\"featured-item--content grid-item\">\n\t\t\t\t\t\t<a class=\"button button-large\" href=\"https:\/\/www.skaala.com\/sv\/dorrar\/tillval-och-egenskaper\/\">Tillval och egenskaper<\/a>\n\t\t\t\t\t\t<\/div>\n\t\t<\/div>\n\t\t\t\t<div class=\"featured-item--image grid-item\"\n\t\t\t\t\tdata-interchange=\"\n\t\t\t\t\t[https:\/\/www.skaala.com\/wp-content\/uploads\/2020\/05\/SKAALA_Skandia3-1024x768.jpg, small], \n\t\t\t\t\t[https:\/\/www.skaala.com\/wp-content\/uploads\/2020\/05\/SKAALA_Skandia3-1024x768.jpg, medium], \n\t\t\t\t\t[https:\/\/www.skaala.com\/wp-content\/uploads\/2020\/05\/SKAALA_Skandia3-1200x900.jpg, large], \n\t\t\t\t\t[https:\/\/www.skaala.com\/wp-content\/uploads\/2020\/05\/SKAALA_Skandia3-1536x1152.jpg, xlarge]\"\n\t\t\t\t\t>\n\t\t<\/div>\n\t\t\t<\/div>\n\t\t<div class=\"featured-item\">\n\t\t<div class=\"content-half has-dark-gray-background-color\">\n\t\t\t<div class=\"featured-item--content grid-item\">\n\t\t\t\t\t\t<a class=\"button button-large\" href=\"https:\/\/www.skaala.com\/sv\/dorrar\/dorrunderhall\/\">D\u00f6rrunderh\u00e5ll<\/a>\n\t\t\t\t\t\t<\/div>\n\t\t<\/div>\n\t\t\t\t<div class=\"featured-item--image grid-item\"\n\t\t\t\t\tdata-interchange=\"\n\t\t\t\t\t[https:\/\/www.skaala.com\/wp-content\/uploads\/2020\/05\/Skaalan-asennuspavelu-rajattu-1024x1180.jpg, small], \n\t\t\t\t\t[https:\/\/www.skaala.com\/wp-content\/uploads\/2020\/05\/Skaalan-asennuspavelu-rajattu-1024x1180.jpg, medium], \n\t\t\t\t\t[https:\/\/www.skaala.com\/wp-content\/uploads\/2020\/05\/Skaalan-asennuspavelu-rajattu-1200x1383.jpg, large], \n\t\t\t\t\t[https:\/\/www.skaala.com\/wp-content\/uploads\/2020\/05\/Skaalan-asennuspavelu-rajattu-1333x1536.jpg, xlarge]\"\n\t\t\t\t\t>\n\t\t<\/div>\n\t\t\t<\/div>\n\t\t<div class=\"featured-item\">\n\t\t<div class=\"content-half has-dark-gray-background-color\">\n\t\t\t<div class=\"featured-item--content grid-item\">\n\t\t\t\t\t\t<a class=\"button button-large\" href=\"https:\/\/www.skaala.com\/sv\/kontaktuppgifter\/\">Kontaktuppgifter<\/a>\n\t\t\t\t\t\t<\/div>\n\t\t<\/div>\n\t\t\t\t<div class=\"featured-item--image grid-item\"\n\t\t\t\t\tdata-interchange=\"\n\t\t\t\t\t[https:\/\/www.skaala.com\/wp-content\/uploads\/2024\/04\/quino-al-4SNUcHPiC8c-unsplash-1024x683.jpg, small], \n\t\t\t\t\t[https:\/\/www.skaala.com\/wp-content\/uploads\/2024\/04\/quino-al-4SNUcHPiC8c-unsplash-1024x683.jpg, medium], \n\t\t\t\t\t[https:\/\/www.skaala.com\/wp-content\/uploads\/2024\/04\/quino-al-4SNUcHPiC8c-unsplash-1200x800.jpg, large], \n\t\t\t\t\t[https:\/\/www.skaala.com\/wp-content\/uploads\/2024\/04\/quino-al-4SNUcHPiC8c-unsplash-1536x1024.jpg, xlarge]\"\n\t\t\t\t\t>\n\t\t<\/div>\n\t\t\t<\/div>\n\t<\/div>\n","protected":false},"excerpt":{"rendered":"","protected":false},"author":5,"featured_media":1544,"parent":3512,"menu_order":0,"comment_status":"closed","ping_status":"closed","template":"","meta":{"_acf_changed":false,"inline_featured_image":false,"footnotes":""},"class_list":["post-3502","page","type-page","status-publish","has-post-thumbnail","hentry"],"acf":[],"_links":{"self":[{"href":"https:\/\/www.skaala.com\/sv\/wp-json\/wp\/v2\/pages\/3502","targetHints":{"allow":["GET"]}}],"collection":[{"href":"https:\/\/www.skaala.com\/sv\/wp-json\/wp\/v2\/pages"}],"about":[{"href":"https:\/\/www.skaala.com\/sv\/wp-json\/wp\/v2\/types\/page"}],"author":[{"embeddable":true,"href":"https:\/\/www.skaala.com\/sv\/wp-json\/wp\/v2\/users\/5"}],"replies":[{"embeddable":true,"href":"https:\/\/www.skaala.com\/sv\/wp-json\/wp\/v2\/comments?post=3502"}],"version-history":[{"count":14,"href":"https:\/\/www.skaala.com\/sv\/wp-json\/wp\/v2\/pages\/3502\/revisions"}],"predecessor-version":[{"id":6061,"href":"https:\/\/www.skaala.com\/sv\/wp-json\/wp\/v2\/pages\/3502\/revisions\/6061"}],"up":[{"embeddable":true,"href":"https:\/\/www.skaala.com\/sv\/wp-json\/wp\/v2\/pages\/3512"}],"wp:featuredmedia":[{"embeddable":true,"href":"https:\/\/www.skaala.com\/sv\/wp-json\/wp\/v2\/media\/1544"}],"wp:attachment":[{"href":"https:\/\/www.skaala.com\/sv\/wp-json\/wp\/v2\/media?parent=3502"}],"curies":[{"name":"wp","href":"https:\/\/api.w.org\/{rel}","templated":true}]}}