{"id":3507,"date":"2020-05-14T13:57:53","date_gmt":"2020-05-14T10:57:53","guid":{"rendered":"https:\/\/www.skaala.com\/?page_id=3507"},"modified":"2020-07-14T14:58:53","modified_gmt":"2020-07-14T11:58:53","slug":"klassificerade-dorrar-ljud-och-brandklassade","status":"publish","type":"page","link":"https:\/\/www.skaala.com\/sv\/dorrar\/dorrar-i-offentliga-utrymmen\/klassificerade-dorrar-ljud-och-brandklassade\/","title":{"rendered":"Klassificerade d\u00f6rrar \u2013 ljud- och brandklassade"},"content":{"rendered":"\n<div class=\"wp-block-custom-content-area custom-wrapper aligncenter has-light-blue-background-color\"><div class=\"outer-wrap\">\t\n\t<div id=\"heading-block-block_5ebb92d81756d\" class=\"heading-block\">\n\t\t<h1 ><span>S\u00e4kerhetsd\u00f6rrar och tekniska d\u00f6rrar fr\u00e5n Skaala<\/span><\/h1>\t<\/div>\n\n\n\n<div id=\"text-block-block_5ebb92de1756e\" class=\"text-block\">\n\t\t\t<p>Ljud- och brandklassade d\u00f6rrar anv\u00e4nds i objekt med krav p\u00e5 ljudisolering och h\u00e5llbarhet, t.ex. f\u00f6rskolor, skolor, sjukhus och kontorsbyggnader. Skaalas ljud- och brandklassade d\u00f6rrar l\u00e4mpar sig v\u00e4l f\u00f6r projekt med ljudkrav p\u00e5 25, 30 eller 35 dB och\/eller brandkrav EI15 eller EI30.<\/p>\n<p>Skaalas ljud- och brandklassade d\u00f6rrar h\u00e5ller h\u00f6g kvalitet och tillverkas p\u00e5 best\u00e4llning i Finland. Det g\u00e5r \u00e4ven att v\u00e4lja \u00f6nskad d\u00f6rrf\u00e4rg eller fanerbekl\u00e4dnad. D\u00f6rrleveransen omfattar grenfria d\u00f6rrkarmar av kvalitetsvirke. Vi har \u00e4ven karmar av \u00e4deltr\u00e4 i matchande nyans. Och naturligtvis, v\u00e5ra tekniska d\u00f6rrar \u00e4r CE-markta.<\/p>\n<p>&nbsp;<\/p>\n\t<\/div>\n\n<\/div><\/div>\n\n\n\n<div class=\"wp-block-custom-content-area custom-wrapper aligncenter has-dark-gray-background-color\"><div class=\"outer-wrap\">\t\n\t<div id=\"heading-block-block_5eaa92e15886e\" class=\"heading-block\">\n\t\t<h2 ><span>Inner- och melland\u00f6rrar \u2013 ljud- och brandklassade<\/span><\/h2>\t<\/div>\n\n\n\n<div class=\"wp-block-custom-inner-columns has-two-columns custom-columns\"><div class=\"outer-wrap\">\n<div class=\"wp-block-custom-custom-column custom-column\"><div class=\"inner-wrap\">\t\n\t<div id=\"heading-block-block_5eb94cf14ac92\" class=\"heading-block\">\n\t\t<h4 ><span>Konstruktion<\/span><\/h4>\t<\/div>\n\n\n\n<div id=\"text-block-block_5eb94cfa4ac93\" class=\"text-block\">\n\t\t\t<div class=\"fusion-panel panel-default fusion-toggle-no-divider\">\n<div id=\"6a4a2dcefb3a1a442\" class=\"panel-collapse collapse in\">\n<div class=\"panel-body toggle-content fusion-clearfix\">\n<div class=\"fusion-panel panel-default fusion-toggle-no-divider\">\n<div id=\"9886854e5952985c3\" class=\"panel-collapse collapse in\">\n<div class=\"panel-body toggle-content fusion-clearfix\">\n<p>Kraftig formbest\u00e4ndig 6 mm MDF-bekl\u00e4dd konstruktion. Kanter av massivt tr\u00e4 som standard. D\u00f6rrskivans tjocklek \u00e4r 40 mm eller 68 mm beroende p\u00e5 ljudisoleringsklass.<\/p>\n<\/div>\n<\/div>\n<\/div>\n<\/div>\n<\/div>\n<\/div>\n\t<\/div>\n\n\n\n\t\n\t<div id=\"heading-block-block_5eb94d424ac98\" class=\"heading-block\">\n\t\t<h4 ><span>Glas<\/span><\/h4>\t<\/div>\n\n\n\n<div id=\"text-block-block_5eb94d514ac99\" class=\"text-block\">\n\t\t\t<div class=\"fusion-panel panel-default fusion-toggle-no-divider\">\n<div id=\"c29955cf87afa39af\" class=\"panel-collapse collapse in\">\n<div class=\"panel-body toggle-content fusion-clearfix\">\n<div class=\"fusion-panel panel-default fusion-toggle-no-divider\">\n<div id=\"42554d5c3e2d9ad8a\" class=\"panel-collapse collapse in\">\n<div class=\"panel-body toggle-content fusion-clearfix\">\n<p>EI15- eller EI30-klassat brandglas beroende p\u00e5 brandklass.<\/p>\n<\/div>\n<\/div>\n<\/div>\n<\/div>\n<\/div>\n<\/div>\n<div class=\"fusion-panel panel-default fusion-toggle-no-divider\">\n<div class=\"panel-heading\">\n<div class=\"fusion-toggle-icon-wrapper\"><\/div>\n<h4 class=\"panel-title toggle\" data-fontsize=\"24\" data-lineheight=\"30\"><\/h4>\n<\/div>\n<\/div>\n\t<\/div>\n\n\n\n\t\n\t<div id=\"heading-block-block_5eb94d8d4ac9e\" class=\"heading-block\">\n\t\t<h4 ><span>Karm<\/span><\/h4>\t<\/div>\n\n\n\n<div id=\"text-block-block_5eb94d9c4ac9f\" class=\"text-block\">\n\t\t\t<div class=\"accordian fusion-accordian\">\n<div id=\"accordion-5883-2\" class=\"panel-group\">\n<div class=\"fusion-panel panel-default fusion-toggle-no-divider\">\n<div id=\"8bb00a72239806228\" class=\"panel-collapse collapse in\">\n<div class=\"panel-body toggle-content fusion-clearfix\">\n<div class=\"accordian fusion-accordian\">\n<div id=\"accordion-5300-2\" class=\"panel-group\">\n<div class=\"fusion-panel panel-default fusion-toggle-no-divider\">\n<div id=\"857b7b869aeeb1fba\" class=\"panel-collapse collapse in\">\n<div class=\"panel-body toggle-content fusion-clearfix\">\n<p>D\u00f6rren har som standard m\u00e5lad karm av kvalitetsvirke, karm av \u00e4deltr\u00e4 finns p\u00e5 best\u00e4llning. Standardkarmdjup 92 mm, kan justeras p\u00e5 best\u00e4llning.<\/p>\n<\/div>\n<\/div>\n<\/div>\n<\/div>\n<\/div>\n<\/div>\n<\/div>\n<\/div>\n<\/div>\n<\/div>\n\t<\/div>\n\n\n\n\t\n\t<div id=\"heading-block-block_5eb94ddc4aca4\" class=\"heading-block\">\n\t\t<h4 ><span>T\u00e4tning<\/span><\/h4>\t<\/div>\n\n\n\n<div id=\"text-block-block_5eb94dec4aca5\" class=\"text-block\">\n\t\t\t<div class=\"fusion-panel panel-default fusion-toggle-no-divider\">\n<div id=\"633c2a56e4c52bb0b\" class=\"panel-collapse collapse in\">\n<div class=\"panel-body toggle-content fusion-clearfix\">\n<div class=\"fusion-panel panel-default fusion-toggle-no-divider\">\n<div id=\"5373788db3a8c5393\" class=\"panel-collapse collapse in\">\n<div class=\"panel-body toggle-content fusion-clearfix\">\n<p>Ett t\u00e4tningslager i karmen. Dubbla t\u00e4tningslager i d\u00f6rrar med en ljudklass p\u00e5 30\u201335 dB.<\/p>\n<\/div>\n<\/div>\n<\/div>\n<\/div>\n<\/div>\n<\/div>\n<div class=\"fusion-panel panel-default fusion-toggle-no-divider\">\n<div class=\"panel-heading\">\n<div class=\"fusion-toggle-icon-wrapper\"><\/div>\n<h4 class=\"panel-title toggle\" data-fontsize=\"24\" data-lineheight=\"30\"><\/h4>\n<\/div>\n<\/div>\n\t<\/div>\n\n\n\n\t\n\t<div id=\"heading-block-block_5ebc02c084ac6\" class=\"heading-block\">\n\t\t<h4 ><span>Tillval<\/span><\/h4>\t<\/div>\n\n\n\n<div id=\"text-block-block_5ebc02d284ac8\" class=\"text-block\">\n\t\t\t<div class=\"fusion-panel panel-default fusion-toggle-no-divider\">\n<div id=\"20c2602a6cac37191\" class=\"panel-collapse collapse in\">\n<div class=\"panel-body toggle-content fusion-clearfix\">\n<div class=\"fusion-panel panel-default fusion-toggle-no-divider\">\n<div id=\"c55ca6873700305d0\" class=\"panel-collapse collapse in\">\n<div class=\"panel-body toggle-content fusion-clearfix\">\n<p>Fr\u00e5ga din s\u00e4ljare om standardutrustning och tillval f\u00f6r Skaalas ljud- och brandklassade d\u00f6rrar.<\/p>\n<\/div>\n<\/div>\n<\/div>\n<\/div>\n<\/div>\n<\/div>\n\t<\/div>\n\n<\/div><\/div>\n\n\n\n<div class=\"wp-block-custom-custom-column custom-column\"><div class=\"inner-wrap\">\t\n\t<div id=\"heading-block-block_5eb94d054ac94\" class=\"heading-block\">\n\t\t<h4 ><span>Yta<\/span><\/h4>\t<\/div>\n\n\n\n<div id=\"text-block-block_5eb94d164ac95\" class=\"text-block\">\n\t\t\t<div class=\"fusion-panel panel-default fusion-toggle-no-divider\">\n<div id=\"90d8958f7e6d2deee\" class=\"panel-collapse collapse in\">\n<div class=\"panel-body toggle-content fusion-clearfix\">\n<p>M\u00e5lad MDF-skiva, lackade och lasyrm\u00e5lade d\u00f6rrar har fanerbekl\u00e4dnad. Standardf\u00e4rg vit (NCS S 0502-Y). Andra f\u00e4rger p\u00e5 best\u00e4llning. Lasyrm\u00e5lade d\u00f6rrar har lackade d\u00f6rrskivor. Sp\u00e5rm\u00f6nster och lister p\u00e5 b\u00e5da sidorna av d\u00f6rrbladet.<\/p>\n<\/div>\n<\/div>\n<\/div>\n<div class=\"fusion-panel panel-default fusion-toggle-no-divider\">\n<div class=\"panel-heading\">\n<h4 class=\"panel-title toggle\" data-fontsize=\"24\" data-lineheight=\"30\"><\/h4>\n<\/div>\n<\/div>\n\t<\/div>\n\n\n\n\t\n\t<div id=\"heading-block-block_5eb94d5f4ac9a\" class=\"heading-block\">\n\t\t<h4 ><span>Beslag<\/span><\/h4>\t<\/div>\n\n\n\n<div id=\"text-block-block_5eb94d6d4ac9b\" class=\"text-block\">\n\t\t\t<div class=\"fusion-panel panel-default fusion-toggle-no-divider\">\n<div id=\"3de2bf182931dccd2\" class=\"panel-collapse collapse in\">\n<div class=\"panel-body toggle-content fusion-clearfix\">\n<div class=\"fusion-panel panel-default fusion-toggle-no-divider\">\n<div id=\"23cc27d909b17d4d0\" class=\"panel-collapse collapse in\">\n<div class=\"panel-body toggle-content fusion-clearfix\">\n<p>Levereras som standard med l\u00e5shus LC190 eller 4190 SYM och 110\u00d730 g\u00e5ngj\u00e4rn med h\u00f6jdreglering.<\/p>\n<\/div>\n<\/div>\n<\/div>\n<\/div>\n<\/div>\n<\/div>\n<div class=\"fusion-panel panel-default fusion-toggle-no-divider\">\n<div class=\"panel-heading\">\n<div class=\"fusion-toggle-icon-wrapper\"><\/div>\n<h4 class=\"panel-title toggle\" data-fontsize=\"24\" data-lineheight=\"30\"><\/h4>\n<\/div>\n<\/div>\n\t<\/div>\n\n\n\n\t\n\t<div id=\"heading-block-block_5eb94da34aca0\" class=\"heading-block\">\n\t\t<h4 ><span>Tr\u00f6skel<\/span><\/h4>\t<\/div>\n\n\n\n<div id=\"text-block-block_5eb94db84aca1\" class=\"text-block\">\n\t\t\t<div class=\"fusion-panel panel-default fusion-toggle-no-divider\">\n<div id=\"0a5dd62ecc5b70b0b\" class=\"panel-collapse collapse in\">\n<div class=\"panel-body toggle-content fusion-clearfix\">\n<div class=\"fusion-panel panel-default fusion-toggle-no-divider\">\n<div id=\"88a1f8c60c4dae1ec\" class=\"panel-collapse collapse in\">\n<div class=\"panel-body toggle-content fusion-clearfix\">\n<p>Tr\u00f6skel av h\u00e5rdtr\u00e4.<\/p>\n<\/div>\n<\/div>\n<\/div>\n<\/div>\n<\/div>\n<\/div>\n\t<\/div>\n\n\n\n\t\n\t<div id=\"heading-block-block_5ebc02a284ac4\" class=\"heading-block\">\n\t\t<h4 ><span>V\u00e4rmeisolering<\/span><\/h4>\t<\/div>\n\n\n\n<div id=\"text-block-block_5ebc02a884ac5\" class=\"text-block\">\n\t\t\t<div class=\"fusion-panel panel-default fusion-toggle-no-divider\">\n<div id=\"11ee8c25565fc43df\" class=\"panel-collapse collapse in\">\n<div class=\"panel-body toggle-content fusion-clearfix\">\n<div class=\"fusion-panel panel-default fusion-toggle-no-divider\">\n<div id=\"c2d8f7ee110122275\" class=\"panel-collapse collapse in\">\n<div class=\"panel-body toggle-content fusion-clearfix\">\n<p>F\u00f6rst\u00e4rkande ljud- och v\u00e4rmeisolering.<\/p>\n<\/div>\n<\/div>\n<\/div>\n<\/div>\n<\/div>\n<\/div>\n<div class=\"fusion-panel panel-default fusion-toggle-no-divider\">\n<div class=\"panel-heading\">\n<div class=\"fusion-toggle-icon-wrapper\"><\/div>\n<h4 class=\"panel-title toggle\" data-fontsize=\"24\" data-lineheight=\"30\"><\/h4>\n<\/div>\n<\/div>\n\t<\/div>\n\n\n\n\t\n\t<div id=\"heading-block-block_5ebc02c384ac7\" class=\"heading-block\">\n\t\t<h4 ><span>Garanti<\/span><\/h4>\t<\/div>\n\n\n\n<div id=\"text-block-block_5ebc02e184ac9\" class=\"text-block\">\n\t\t\t<div class=\"accordian fusion-accordian\">\n<div id=\"accordion-5883-3\" class=\"panel-group\">\n<div class=\"fusion-panel panel-default fusion-toggle-no-divider\">\n<div id=\"b933bd8f250d5f2e6\" class=\"panel-collapse collapse in\">\n<div class=\"panel-body toggle-content fusion-clearfix\">\n<div class=\"accordian fusion-accordian\">\n<div id=\"accordion-5300-3\" class=\"panel-group\">\n<div class=\"fusion-panel panel-default fusion-toggle-no-divider\">\n<div id=\"37e134561b94c5dd8\" class=\"panel-collapse collapse in\">\n<div class=\"panel-body toggle-content fusion-clearfix\">\n<p>Skaala l\u00e4mnar 2 \u00e5rs konstruktionsgaranti p\u00e5 v\u00e5ra ljud- och brandklassade d\u00f6rrar.<\/p>\n<\/div>\n<\/div>\n<\/div>\n<\/div>\n<\/div>\n<\/div>\n<\/div>\n<\/div>\n<\/div>\n<\/div>\n\t<\/div>\n\n<\/div><\/div>\n<\/div><\/div>\n<\/div><\/div>\n\n\n\n<div class=\"wp-block-custom-content-area custom-wrapper aligncenter has-red-background-color\"><div class=\"outer-wrap\">\n<div id=\"text-block-block_5eca25ed50765\" class=\"text-block\">\n\t\t\t<p>Fr\u00e5ga mera om v\u00e5r klassificerade d\u00f6rrar<\/p>\n\t<\/div>\n\n\n\n\n<a href=\"https:\/\/www.skaala.com\/sv\/kontaktuppgifter\/\" \nid=\"button-block-block_5eca260b50766\" \nclass=\"button-block button\"\ntarget=\"\"\n>Ta kontakt<\/a>\n\n<\/div><\/div>\n\n\n<div class=\"featured-items-block block\">\n\t<div class=\"featured-item\">\n\t\t<div class=\"content-half has-dark-gray-background-color\">\n\t\t\t<div class=\"featured-item--content grid-item\">\n\t\t\t\t\t\t<a class=\"button button-large\" href=\"https:\/\/www.skaala.com\/sv\/kontaktuppgifter\/\">Kontaktuppgifter<\/a>\n\t\t\t\t\t\t<\/div>\n\t\t<\/div>\n\t\t\t\t<div class=\"featured-item--image grid-item\"\n\t\t\t\t\tdata-interchange=\"\n\t\t\t\t\t[https:\/\/www.skaala.com\/wp-content\/uploads\/2024\/04\/quino-al-4SNUcHPiC8c-unsplash-1024x683.jpg, small], \n\t\t\t\t\t[https:\/\/www.skaala.com\/wp-content\/uploads\/2024\/04\/quino-al-4SNUcHPiC8c-unsplash-1024x683.jpg, medium], \n\t\t\t\t\t[https:\/\/www.skaala.com\/wp-content\/uploads\/2024\/04\/quino-al-4SNUcHPiC8c-unsplash-1200x800.jpg, large], \n\t\t\t\t\t[https:\/\/www.skaala.com\/wp-content\/uploads\/2024\/04\/quino-al-4SNUcHPiC8c-unsplash-1536x1024.jpg, xlarge]\"\n\t\t\t\t\t>\n\t\t<\/div>\n\t\t\t<\/div>\n\t\t<div class=\"featured-item\">\n\t\t<div class=\"content-half has-dark-gray-background-color\">\n\t\t\t<div class=\"featured-item--content grid-item\">\n\t\t\t\t\t\t<a class=\"button button-large\" href=\"https:\/\/www.skaala.com\/sv\/om-oss\/\">Om oss<\/a>\n\t\t\t\t\t\t<\/div>\n\t\t<\/div>\n\t\t\t\t<div class=\"featured-item--image grid-item\"\n\t\t\t\t\tdata-interchange=\"\n\t\t\t\t\t[https:\/\/www.skaala.com\/wp-content\/uploads\/2025\/04\/Yliharman-tehdas-1024x576.jpg, small], \n\t\t\t\t\t[https:\/\/www.skaala.com\/wp-content\/uploads\/2025\/04\/Yliharman-tehdas-1024x576.jpg, medium], \n\t\t\t\t\t[https:\/\/www.skaala.com\/wp-content\/uploads\/2025\/04\/Yliharman-tehdas-1200x675.jpg, large], \n\t\t\t\t\t[https:\/\/www.skaala.com\/wp-content\/uploads\/2025\/04\/Yliharman-tehdas-1536x864.jpg, xlarge]\"\n\t\t\t\t\t>\n\t\t<\/div>\n\t\t\t<\/div>\n\t<\/div>\n","protected":false},"excerpt":{"rendered":"","protected":false},"author":5,"featured_media":4847,"parent":3512,"menu_order":0,"comment_status":"closed","ping_status":"closed","template":"","meta":{"_acf_changed":false,"inline_featured_image":false,"footnotes":""},"class_list":["post-3507","page","type-page","status-publish","has-post-thumbnail","hentry"],"acf":[],"_links":{"self":[{"href":"https:\/\/www.skaala.com\/sv\/wp-json\/wp\/v2\/pages\/3507","targetHints":{"allow":["GET"]}}],"collection":[{"href":"https:\/\/www.skaala.com\/sv\/wp-json\/wp\/v2\/pages"}],"about":[{"href":"https:\/\/www.skaala.com\/sv\/wp-json\/wp\/v2\/types\/page"}],"author":[{"embeddable":true,"href":"https:\/\/www.skaala.com\/sv\/wp-json\/wp\/v2\/users\/5"}],"replies":[{"embeddable":true,"href":"https:\/\/www.skaala.com\/sv\/wp-json\/wp\/v2\/comments?post=3507"}],"version-history":[{"count":10,"href":"https:\/\/www.skaala.com\/sv\/wp-json\/wp\/v2\/pages\/3507\/revisions"}],"predecessor-version":[{"id":8210,"href":"https:\/\/www.skaala.com\/sv\/wp-json\/wp\/v2\/pages\/3507\/revisions\/8210"}],"up":[{"embeddable":true,"href":"https:\/\/www.skaala.com\/sv\/wp-json\/wp\/v2\/pages\/3512"}],"wp:featuredmedia":[{"embeddable":true,"href":"https:\/\/www.skaala.com\/sv\/wp-json\/wp\/v2\/media\/4847"}],"wp:attachment":[{"href":"https:\/\/www.skaala.com\/sv\/wp-json\/wp\/v2\/media?parent=3507"}],"curies":[{"name":"wp","href":"https:\/\/api.w.org\/{rel}","templated":true}]}}