{"id":3512,"date":"2020-05-14T14:01:02","date_gmt":"2020-05-14T11:01:02","guid":{"rendered":"https:\/\/www.skaala.com\/?page_id=3512"},"modified":"2025-08-20T10:21:04","modified_gmt":"2025-08-20T07:21:04","slug":"dorrar-i-offentliga-utrymmen","status":"publish","type":"page","link":"https:\/\/www.skaala.com\/sv\/dorrar\/dorrar-i-offentliga-utrymmen\/","title":{"rendered":"D\u00f6rrar till offentliga utrymmen"},"content":{"rendered":"\n\t<header class=\"featured-hero has-dark-gray-background-color\" role=\"banner\">\n\t\t\t<h1>D\u00f6rrar till offentliga utrymmen<\/h1>\n\t<\/header>\n\t\n\n\n<div class=\"wp-block-custom-content-area custom-wrapper aligncenter has-light-blue-background-color\"><div class=\"outer-wrap\">\t\n\t<div id=\"heading-block-block_8a286b48e8610549c331f78888821954\" class=\"heading-block\">\n\t\t<h2 ><span>Den r\u00e4tta d\u00f6rren till ditt projekt<\/span><\/h2>\t<\/div>\n\n\n\n<div id=\"text-block-block_489ceaee8e1c519a5a2056cd875eb7ed\" class=\"text-block\">\n\t\t\t<p>S\u00e4kerhetsd\u00f6rrar och brand- och ljudklassade d\u00f6rrar f\u00f6r kunder med h\u00f6gre krav.<\/p>\n<p>Skaala tillverkar, levererar och monterar (endast p\u00e5 \u00c5land och i Finland) olika d\u00f6rrmodeller f\u00f6r offentliga utrymmen som bostadshus, kontorsbyggnader, sjukhus, skolor, f\u00f6rskolor, aff\u00e4rslokaler och motsvarande fastigheter.<\/p>\n<p>Samtliga d\u00f6rrar tillverkas p\u00e5 best\u00e4llning i Finland enligt kundens m\u00e5tt och f\u00e4rgval. D\u00f6rrarna kan \u00e4ven levereras med tr\u00e4fan\u00e9rbekl\u00e4dnad. D\u00f6rrleveransen omfattar grenfria d\u00f6rrkarmar av kvalitetsvirke och vi har \u00e4ven karmar av \u00e4deltr\u00e4 i en matchande nyans.<\/p>\n<p>V\u00e5r gedigna d\u00f6rrkonstruktion garanterar v\u00e4lfungerande d\u00f6rrar under en l\u00e5ng tid.<\/p>\n\t<\/div>\n\n<\/div><\/div>\n\n\n\n<div class=\"wp-block-custom-content-area custom-wrapper aligncenter has-dark-gray-background-color\"><div class=\"outer-wrap\">\t\n\t<div id=\"heading-block-block_4e9aea5937919d0a57c40105dd367d48\" class=\"heading-block\">\n\t\t<h2 ><span>V\u00e5ra produkter<\/span><\/h2>\t<\/div>\n\n\n<div class=\"featured-pages__grid featured-pages-block count-3\">\n\t\t<div class=\"featured-pages__grid--item\">\n\t\t<a href=\"https:\/\/www.skaala.com\/sv\/dorrar\/lagenhetsdorrar\/\">\n\t\t<div class=\"featured-image\" role=\"banner\" data-interchange=\"[https:\/\/www.skaala.com\/wp-content\/uploads\/2024\/03\/Kerrostaso-ovi-puuviilu-640x960.jpg, small], [https:\/\/www.skaala.com\/wp-content\/uploads\/2024\/03\/Kerrostaso-ovi-puuviilu-1024x1536.jpg, medium], [https:\/\/www.skaala.com\/wp-content\/uploads\/2024\/03\/Kerrostaso-ovi-puuviilu-1200x1800.jpg, large], [https:\/\/www.skaala.com\/wp-content\/uploads\/2024\/03\/Kerrostaso-ovi-puuviilu-1024x1536.jpg, xlarge]\">\n\t\t\t<p class=\"button\">L\u00e4genhetsd\u00f6rrar<\/p>\n\t\t<\/div>\n\t\t<\/a>\n\t<\/div>\n\t\t\t<div class=\"featured-pages__grid--item\">\n\t\t<a href=\"https:\/\/www.skaala.com\/sv\/dorrar\/dorrar-i-offentliga-utrymmen\/klassificerade-dorrar-ljud-och-brandklassade\/\">\n\t\t<div class=\"featured-image\" role=\"banner\" data-interchange=\"[https:\/\/www.skaala.com\/wp-content\/uploads\/2020\/05\/WP_20161116_13_51_06_Pro-640x1138.jpg, small], [https:\/\/www.skaala.com\/wp-content\/uploads\/2020\/05\/WP_20161116_13_51_06_Pro-1024x1820.jpg, medium], [https:\/\/www.skaala.com\/wp-content\/uploads\/2020\/05\/WP_20161116_13_51_06_Pro-1200x2133.jpg, large], [https:\/\/www.skaala.com\/wp-content\/uploads\/2020\/05\/WP_20161116_13_51_06_Pro-864x1536.jpg, xlarge]\">\n\t\t\t<p class=\"button\">Klassificerade d\u00f6rrar \u2013 ljud- och brandklassade<\/p>\n\t\t<\/div>\n\t\t<\/a>\n\t<\/div>\n\t\t\t<div class=\"featured-pages__grid--item\">\n\t\t<a href=\"https:\/\/www.skaala.com\/sv\/dorrar\/dorrar-i-offentliga-utrymmen\/oklassade-dorrar\/\">\n\t\t<div class=\"featured-image\" role=\"banner\" data-interchange=\"[https:\/\/www.skaala.com\/wp-content\/uploads\/2020\/05\/SKAALA_Building4-640x480.jpg, small], [https:\/\/www.skaala.com\/wp-content\/uploads\/2020\/05\/SKAALA_Building4-1024x768.jpg, medium], [https:\/\/www.skaala.com\/wp-content\/uploads\/2020\/05\/SKAALA_Building4-1200x900.jpg, large], [https:\/\/www.skaala.com\/wp-content\/uploads\/2020\/05\/SKAALA_Building4-1536x1152.jpg, xlarge]\">\n\t\t\t<p class=\"button\">Oklassade d\u00f6rrar<\/p>\n\t\t<\/div>\n\t\t<\/a>\n\t<\/div>\n\t<\/div>\n<\/div><\/div>\n\n\n\n<div class=\"wp-block-custom-content-area custom-wrapper aligncenter has-dark-gray-background-color\"><div class=\"outer-wrap\">\t\n\t<div id=\"heading-block-block_54dc06261c7ae2e58d5facb5494a66ec\" class=\"heading-block\">\n\t\t<h2 ><span>L\u00e4s mer<\/span><\/h2>\t<\/div>\n<\/div><\/div>\n\n\n<div class=\"featured-items-block block\">\n\t<div class=\"featured-item\">\n\t\t<div class=\"content-half has-dark-gray-background-color\">\n\t\t\t<div class=\"featured-item--content grid-item\">\n\t\t\t\t\t\t<a class=\"button button-large\" href=\"https:\/\/www.skaala.com\/sv\/dorrar\/tillval-och-egenskaper\/\">Tillval och egenskaper<\/a>\n\t\t\t\t\t\t<\/div>\n\t\t<\/div>\n\t\t\t\t<div class=\"featured-item--image grid-item\"\n\t\t\t\t\tdata-interchange=\"\n\t\t\t\t\t[https:\/\/www.skaala.com\/wp-content\/uploads\/2020\/05\/SKAALA_Skandia3-1024x768.jpg, small], \n\t\t\t\t\t[https:\/\/www.skaala.com\/wp-content\/uploads\/2020\/05\/SKAALA_Skandia3-1024x768.jpg, medium], \n\t\t\t\t\t[https:\/\/www.skaala.com\/wp-content\/uploads\/2020\/05\/SKAALA_Skandia3-1200x900.jpg, large], \n\t\t\t\t\t[https:\/\/www.skaala.com\/wp-content\/uploads\/2020\/05\/SKAALA_Skandia3-1536x1152.jpg, xlarge]\"\n\t\t\t\t\t>\n\t\t<\/div>\n\t\t\t<\/div>\n\t\t<div class=\"featured-item\">\n\t\t<div class=\"content-half has-dark-gray-background-color\">\n\t\t\t<div class=\"featured-item--content grid-item\">\n\t\t\t\t\t\t<a class=\"button button-large\" href=\"https:\/\/www.skaala.com\/sv\/dorrar\/dorrunderhall\/\">D\u00f6rrunderh\u00e5ll<\/a>\n\t\t\t\t\t\t<\/div>\n\t\t<\/div>\n\t\t\t\t<div class=\"featured-item--image grid-item\"\n\t\t\t\t\tdata-interchange=\"\n\t\t\t\t\t[https:\/\/www.skaala.com\/wp-content\/uploads\/2020\/05\/Skaalan-asennuspavelu-rajattu-1024x1180.jpg, small], \n\t\t\t\t\t[https:\/\/www.skaala.com\/wp-content\/uploads\/2020\/05\/Skaalan-asennuspavelu-rajattu-1024x1180.jpg, medium], \n\t\t\t\t\t[https:\/\/www.skaala.com\/wp-content\/uploads\/2020\/05\/Skaalan-asennuspavelu-rajattu-1200x1383.jpg, large], \n\t\t\t\t\t[https:\/\/www.skaala.com\/wp-content\/uploads\/2020\/05\/Skaalan-asennuspavelu-rajattu-1333x1536.jpg, xlarge]\"\n\t\t\t\t\t>\n\t\t<\/div>\n\t\t\t<\/div>\n\t\t<div class=\"featured-item\">\n\t\t<div class=\"content-half has-dark-gray-background-color\">\n\t\t\t<div class=\"featured-item--content grid-item\">\n\t\t\t\t\t\t<a class=\"button button-large\" href=\"https:\/\/www.skaala.com\/sv\/kontaktuppgifter\/\">Kontaktuppgifter<\/a>\n\t\t\t\t\t\t<\/div>\n\t\t<\/div>\n\t\t\t\t<div class=\"featured-item--image grid-item\"\n\t\t\t\t\tdata-interchange=\"\n\t\t\t\t\t[https:\/\/www.skaala.com\/wp-content\/uploads\/2024\/04\/quino-al-4SNUcHPiC8c-unsplash-1024x683.jpg, small], \n\t\t\t\t\t[https:\/\/www.skaala.com\/wp-content\/uploads\/2024\/04\/quino-al-4SNUcHPiC8c-unsplash-1024x683.jpg, medium], \n\t\t\t\t\t[https:\/\/www.skaala.com\/wp-content\/uploads\/2024\/04\/quino-al-4SNUcHPiC8c-unsplash-1200x800.jpg, large], \n\t\t\t\t\t[https:\/\/www.skaala.com\/wp-content\/uploads\/2024\/04\/quino-al-4SNUcHPiC8c-unsplash-1536x1024.jpg, xlarge]\"\n\t\t\t\t\t>\n\t\t<\/div>\n\t\t\t<\/div>\n\t<\/div>\n","protected":false},"excerpt":{"rendered":"","protected":false},"author":5,"featured_media":9694,"parent":3524,"menu_order":0,"comment_status":"closed","ping_status":"closed","template":"","meta":{"_acf_changed":false,"inline_featured_image":false,"footnotes":""},"class_list":["post-3512","page","type-page","status-publish","has-post-thumbnail","hentry"],"acf":[],"_links":{"self":[{"href":"https:\/\/www.skaala.com\/sv\/wp-json\/wp\/v2\/pages\/3512","targetHints":{"allow":["GET"]}}],"collection":[{"href":"https:\/\/www.skaala.com\/sv\/wp-json\/wp\/v2\/pages"}],"about":[{"href":"https:\/\/www.skaala.com\/sv\/wp-json\/wp\/v2\/types\/page"}],"author":[{"embeddable":true,"href":"https:\/\/www.skaala.com\/sv\/wp-json\/wp\/v2\/users\/5"}],"replies":[{"embeddable":true,"href":"https:\/\/www.skaala.com\/sv\/wp-json\/wp\/v2\/comments?post=3512"}],"version-history":[{"count":20,"href":"https:\/\/www.skaala.com\/sv\/wp-json\/wp\/v2\/pages\/3512\/revisions"}],"predecessor-version":[{"id":25206,"href":"https:\/\/www.skaala.com\/sv\/wp-json\/wp\/v2\/pages\/3512\/revisions\/25206"}],"up":[{"embeddable":true,"href":"https:\/\/www.skaala.com\/sv\/wp-json\/wp\/v2\/pages\/3524"}],"wp:featuredmedia":[{"embeddable":true,"href":"https:\/\/www.skaala.com\/sv\/wp-json\/wp\/v2\/media\/9694"}],"wp:attachment":[{"href":"https:\/\/www.skaala.com\/sv\/wp-json\/wp\/v2\/media?parent=3512"}],"curies":[{"name":"wp","href":"https:\/\/api.w.org\/{rel}","templated":true}]}}