{"id":3524,"date":"2020-05-14T14:18:04","date_gmt":"2020-05-14T11:18:04","guid":{"rendered":"https:\/\/www.skaala.com\/?page_id=3524"},"modified":"2025-08-20T10:20:28","modified_gmt":"2025-08-20T07:20:28","slug":"dorrar","status":"publish","type":"page","link":"https:\/\/www.skaala.com\/sv\/dorrar\/","title":{"rendered":"D\u00f6rrar"},"content":{"rendered":"\n<div class=\"animated-hero\">\n\t\t\t<div class=\"animated-hero--image image-0\" style=\"background-image: url(https:\/\/www.skaala.com\/wp-content\/uploads\/2021\/03\/skaala-09-e1650974698425.jpg);\">\n\t\t<\/div>\n\t\t<div class=\"animated-hero--content\">\n\t\t\t\t\t<h1>D\u00f6rrar<span class=\"red-dot\">.<\/span><\/h1>\n\t\t\t<\/div>\n\t\n<\/div>\n\n\t\n\n\n<div class=\"wp-block-custom-content-area custom-wrapper aligncenter has-light-blue-background-color\"><div class=\"outer-wrap\">\t\n\t<div id=\"heading-block-block_c224dbc112d66239ee818959f05476c5\" class=\"heading-block\">\n\t\t<h2 ><span>D\u00f6rrar till ditt projekt<\/span><\/h2>\t<\/div>\n\n\n\n<div id=\"text-block-block_63c27a927b642e8452de815507fd91d8\" class=\"text-block\">\n\t\t\t<p>Skaala har ett stort sortiment av energisn\u00e5la ytterd\u00f6rrar och v\u00e5ra ytterd\u00f6rrar l\u00e4mpar sig f\u00f6r s\u00e5v\u00e4l nyproduktion som renovering. V\u00e5r d\u00f6rrkollektion \u00e4r framtagen f\u00f6r att passa b\u00e5de traditionell och modern nordisk arkitektur. Alla d\u00f6rrar tillverkas p\u00e5 best\u00e4llning efter dina m\u00e5tt och behov och du kan v\u00e4lja bland NCS- och RAL-kul\u00f6rer.<\/p>\n<p>Skaalas skjutd\u00f6rr \u00e4r ett samarbete mellan Skaala och v\u00e5rt systerbolag Internorm. Skjutd\u00f6rren har en v\u00e4ldigt snygg och sm\u00e4cker design och erbjuds med mycket l\u00e5ga U-v\u00e4rden.<\/p>\n<p>Skaalas altand\u00f6rrar \u00e4r anpassade till Skaalas f\u00f6nsterkollektion och passar f\u00f6r alla typer av projekt.<\/p>\n<p>Om du bor p\u00e5 \u00c5land eller i Finland kan du \u00e4ven k\u00f6pa v\u00e5ra l\u00e4genhetsd\u00f6rrar.<\/p>\n\t<\/div>\n\n<\/div><\/div>\n\n\n\n<div class=\"wp-block-custom-content-area custom-wrapper aligncenter has-light-blue-background-color\"><div class=\"outer-wrap\">\t\n\t<div id=\"heading-block-block_dc77b3cd55e50b3d344226732a7dcc18\" class=\"heading-block\">\n\t\t<h2 ><span>F\u00f6r mer information<\/span><\/h2>\t<\/div>\n\n\n<div class=\"featured-pages__grid featured-pages-block count-4\">\n\t\t<div class=\"featured-pages__grid--item\">\n\t\t<a href=\"https:\/\/www.skaala.com\/sv\/dorrar\/ytterdorrar\/\">\n\t\t<div class=\"featured-image\" role=\"banner\" data-interchange=\"[https:\/\/www.skaala.com\/wp-content\/uploads\/2024\/12\/Ulko-ovi-tammiviilu-Savel-1-640x853.jpeg, small], [https:\/\/www.skaala.com\/wp-content\/uploads\/2024\/12\/Ulko-ovi-tammiviilu-Savel-1-1024x1365.jpeg, medium], [https:\/\/www.skaala.com\/wp-content\/uploads\/2024\/12\/Ulko-ovi-tammiviilu-Savel-1-1200x1600.jpeg, large], [https:\/\/www.skaala.com\/wp-content\/uploads\/2024\/12\/Ulko-ovi-tammiviilu-Savel-1-1152x1536.jpeg, xlarge]\">\n\t\t\t<p class=\"button\">Ytterd\u00f6rrar<\/p>\n\t\t<\/div>\n\t\t<\/a>\n\t<\/div>\n\t\t\t<div class=\"featured-pages__grid--item\">\n\t\t<a href=\"https:\/\/www.skaala.com\/sv\/dorrar\/balkongdorrar\/\">\n\t\t<div class=\"featured-image\" role=\"banner\" data-interchange=\"[https:\/\/www.skaala.com\/wp-content\/uploads\/2020\/05\/Kati-kahvilla\u0308-na\u0308kyma\u0308-2-640x427.jpg, small], [https:\/\/www.skaala.com\/wp-content\/uploads\/2020\/05\/Kati-kahvilla\u0308-na\u0308kyma\u0308-2-1024x683.jpg, medium], [https:\/\/www.skaala.com\/wp-content\/uploads\/2020\/05\/Kati-kahvilla\u0308-na\u0308kyma\u0308-2-1200x800.jpg, large], [https:\/\/www.skaala.com\/wp-content\/uploads\/2020\/05\/Kati-kahvilla\u0308-na\u0308kyma\u0308-2-1536x1024.jpg, xlarge]\">\n\t\t\t<p class=\"button\">Altand\u00f6rrar<\/p>\n\t\t<\/div>\n\t\t<\/a>\n\t<\/div>\n\t\t\t<div class=\"featured-pages__grid--item\">\n\t\t<a href=\"https:\/\/www.skaala.com\/sv\/?page_id=3515\">\n\t\t<div class=\"featured-image\" role=\"banner\" data-interchange=\"[https:\/\/www.skaala.com\/wp-content\/uploads\/2023\/08\/Lasiliukuoviautomusta-640x427.jpg, small], [https:\/\/www.skaala.com\/wp-content\/uploads\/2023\/08\/Lasiliukuoviautomusta-1024x682.jpg, medium], [https:\/\/www.skaala.com\/wp-content\/uploads\/2023\/08\/Lasiliukuoviautomusta-1200x800.jpg, large], [https:\/\/www.skaala.com\/wp-content\/uploads\/2023\/08\/Lasiliukuoviautomusta-1536x1024.jpg, xlarge]\">\n\t\t\t<p class=\"button\">Skjutd\u00f6rrar<\/p>\n\t\t<\/div>\n\t\t<\/a>\n\t<\/div>\n\t\t\t<div class=\"featured-pages__grid--item\">\n\t\t<a href=\"https:\/\/www.skaala.com\/sv\/dorrar\/dorrar-i-offentliga-utrymmen\/\">\n\t\t<div class=\"featured-image\" role=\"banner\" data-interchange=\"[https:\/\/www.skaala.com\/wp-content\/uploads\/2021\/02\/julkisten-tilojen-ovi-640x432.jpg, small], [https:\/\/www.skaala.com\/wp-content\/uploads\/2021\/02\/julkisten-tilojen-ovi-1024x691.jpg, medium], [https:\/\/www.skaala.com\/wp-content\/uploads\/2021\/02\/julkisten-tilojen-ovi-1200x810.jpg, large], [https:\/\/www.skaala.com\/wp-content\/uploads\/2021\/02\/julkisten-tilojen-ovi-1536x1037.jpg, xlarge]\">\n\t\t\t<p class=\"button\">D\u00f6rrar till offentliga utrymmen<\/p>\n\t\t<\/div>\n\t\t<\/a>\n\t<\/div>\n\t<\/div>\n<\/div><\/div>\n\n\n<div class=\"featured-items-block block\">\n\t<div class=\"featured-item\">\n\t\t<div class=\"content-half has-dark-gray-background-color\">\n\t\t\t<div class=\"featured-item--content grid-item\">\n\t\t\t\t\t\t<a class=\"button button-large\" href=\"https:\/\/www.skaala.com\/sv\/kontaktuppgifter\/pyyda-tarjous\/\">Offertf\u00f6rfr\u00e5gan<\/a>\n\t\t\t\t\t\t<\/div>\n\t\t<\/div>\n\t\t\t\t<div class=\"featured-item--image grid-item\"\n\t\t\t\t\tdata-interchange=\"\n\t\t\t\t\t[https:\/\/www.skaala.com\/wp-content\/uploads\/2023\/08\/Omakotitalotautojaautomokitautovalikko-1024x682.jpg, small], \n\t\t\t\t\t[https:\/\/www.skaala.com\/wp-content\/uploads\/2023\/08\/Omakotitalotautojaautomokitautovalikko-1024x682.jpg, medium], \n\t\t\t\t\t[https:\/\/www.skaala.com\/wp-content\/uploads\/2023\/08\/Omakotitalotautojaautomokitautovalikko-1200x800.jpg, large], \n\t\t\t\t\t[https:\/\/www.skaala.com\/wp-content\/uploads\/2023\/08\/Omakotitalotautojaautomokitautovalikko-1536x1024.jpg, xlarge]\"\n\t\t\t\t\t>\n\t\t<\/div>\n\t\t\t<\/div>\n\t\t<div class=\"featured-item\">\n\t\t<div class=\"content-half has-dark-gray-background-color\">\n\t\t\t<div class=\"featured-item--content grid-item\">\n\t\t\t\t\t\t<a class=\"button button-large\" href=\"https:\/\/www.skaala.com\/sv\/dorrar\/tillval-och-egenskaper\/\">Tillval och egenskaper<\/a>\n\t\t\t\t\t\t<\/div>\n\t\t<\/div>\n\t\t\t\t<div class=\"featured-item--image grid-item\"\n\t\t\t\t\tdata-interchange=\"\n\t\t\t\t\t[https:\/\/www.skaala.com\/wp-content\/uploads\/2020\/05\/SKAALA_Skandia3-1024x768.jpg, small], \n\t\t\t\t\t[https:\/\/www.skaala.com\/wp-content\/uploads\/2020\/05\/SKAALA_Skandia3-1024x768.jpg, medium], \n\t\t\t\t\t[https:\/\/www.skaala.com\/wp-content\/uploads\/2020\/05\/SKAALA_Skandia3-1200x900.jpg, large], \n\t\t\t\t\t[https:\/\/www.skaala.com\/wp-content\/uploads\/2020\/05\/SKAALA_Skandia3-1536x1152.jpg, xlarge]\"\n\t\t\t\t\t>\n\t\t<\/div>\n\t\t\t<\/div>\n\t\t<div class=\"featured-item\">\n\t\t<div class=\"content-half has-dark-gray-background-color\">\n\t\t\t<div class=\"featured-item--content grid-item\">\n\t\t\t\t\t\t<a class=\"button button-large\" href=\"https:\/\/www.skaala.com\/sv\/dorrar\/dorrunderhall\/\">D\u00f6rrunderh\u00e5ll<\/a>\n\t\t\t\t\t\t<\/div>\n\t\t<\/div>\n\t\t\t\t<div class=\"featured-item--image grid-item\"\n\t\t\t\t\tdata-interchange=\"\n\t\t\t\t\t[https:\/\/www.skaala.com\/wp-content\/uploads\/2020\/05\/Skaalan-asennuspavelu-rajattu-1024x1180.jpg, small], \n\t\t\t\t\t[https:\/\/www.skaala.com\/wp-content\/uploads\/2020\/05\/Skaalan-asennuspavelu-rajattu-1024x1180.jpg, medium], \n\t\t\t\t\t[https:\/\/www.skaala.com\/wp-content\/uploads\/2020\/05\/Skaalan-asennuspavelu-rajattu-1200x1383.jpg, large], \n\t\t\t\t\t[https:\/\/www.skaala.com\/wp-content\/uploads\/2020\/05\/Skaalan-asennuspavelu-rajattu-1333x1536.jpg, xlarge]\"\n\t\t\t\t\t>\n\t\t<\/div>\n\t\t\t<\/div>\n\t\t<div class=\"featured-item\">\n\t\t<div class=\"content-half has-dark-gray-background-color\">\n\t\t\t<div class=\"featured-item--content grid-item\">\n\t\t\t\t\t\t<a class=\"button button-large\" href=\"https:\/\/www.skaala.com\/sv\/kontaktuppgifter\/\">Kontaktuppgifter<\/a>\n\t\t\t\t\t\t<\/div>\n\t\t<\/div>\n\t\t\t\t<div class=\"featured-item--image grid-item\"\n\t\t\t\t\tdata-interchange=\"\n\t\t\t\t\t[https:\/\/www.skaala.com\/wp-content\/uploads\/2024\/04\/quino-al-4SNUcHPiC8c-unsplash-1024x683.jpg, small], \n\t\t\t\t\t[https:\/\/www.skaala.com\/wp-content\/uploads\/2024\/04\/quino-al-4SNUcHPiC8c-unsplash-1024x683.jpg, medium], \n\t\t\t\t\t[https:\/\/www.skaala.com\/wp-content\/uploads\/2024\/04\/quino-al-4SNUcHPiC8c-unsplash-1200x800.jpg, large], \n\t\t\t\t\t[https:\/\/www.skaala.com\/wp-content\/uploads\/2024\/04\/quino-al-4SNUcHPiC8c-unsplash-1536x1024.jpg, xlarge]\"\n\t\t\t\t\t>\n\t\t<\/div>\n\t\t\t<\/div>\n\t\t<div class=\"featured-item\">\n\t\t<div class=\"content-half has-dark-gray-background-color\">\n\t\t\t<div class=\"featured-item--content grid-item\">\n\t\t\t\t\t\t<a class=\"button button-large\" href=\"https:\/\/www.skaala.com\/sv\/om-oss\/\">Om oss<\/a>\n\t\t\t\t\t\t<\/div>\n\t\t<\/div>\n\t\t\t\t<div class=\"featured-item--image grid-item\"\n\t\t\t\t\tdata-interchange=\"\n\t\t\t\t\t[https:\/\/www.skaala.com\/wp-content\/uploads\/2025\/04\/Yliharman-tehdas-1024x576.jpg, small], \n\t\t\t\t\t[https:\/\/www.skaala.com\/wp-content\/uploads\/2025\/04\/Yliharman-tehdas-1024x576.jpg, medium], \n\t\t\t\t\t[https:\/\/www.skaala.com\/wp-content\/uploads\/2025\/04\/Yliharman-tehdas-1200x675.jpg, large], \n\t\t\t\t\t[https:\/\/www.skaala.com\/wp-content\/uploads\/2025\/04\/Yliharman-tehdas-1536x864.jpg, xlarge]\"\n\t\t\t\t\t>\n\t\t<\/div>\n\t\t\t<\/div>\n\t<\/div>\n","protected":false},"excerpt":{"rendered":"","protected":false},"author":5,"featured_media":17739,"parent":0,"menu_order":0,"comment_status":"closed","ping_status":"closed","template":"","meta":{"_acf_changed":false,"inline_featured_image":false,"footnotes":""},"class_list":["post-3524","page","type-page","status-publish","has-post-thumbnail","hentry"],"acf":[],"_links":{"self":[{"href":"https:\/\/www.skaala.com\/sv\/wp-json\/wp\/v2\/pages\/3524","targetHints":{"allow":["GET"]}}],"collection":[{"href":"https:\/\/www.skaala.com\/sv\/wp-json\/wp\/v2\/pages"}],"about":[{"href":"https:\/\/www.skaala.com\/sv\/wp-json\/wp\/v2\/types\/page"}],"author":[{"embeddable":true,"href":"https:\/\/www.skaala.com\/sv\/wp-json\/wp\/v2\/users\/5"}],"replies":[{"embeddable":true,"href":"https:\/\/www.skaala.com\/sv\/wp-json\/wp\/v2\/comments?post=3524"}],"version-history":[{"count":38,"href":"https:\/\/www.skaala.com\/sv\/wp-json\/wp\/v2\/pages\/3524\/revisions"}],"predecessor-version":[{"id":25205,"href":"https:\/\/www.skaala.com\/sv\/wp-json\/wp\/v2\/pages\/3524\/revisions\/25205"}],"wp:featuredmedia":[{"embeddable":true,"href":"https:\/\/www.skaala.com\/sv\/wp-json\/wp\/v2\/media\/17739"}],"wp:attachment":[{"href":"https:\/\/www.skaala.com\/sv\/wp-json\/wp\/v2\/media?parent=3524"}],"curies":[{"name":"wp","href":"https:\/\/api.w.org\/{rel}","templated":true}]}}