{"id":3533,"date":"2020-05-14T14:48:32","date_gmt":"2020-05-14T11:48:32","guid":{"rendered":"https:\/\/www.skaala.com\/?page_id=3533"},"modified":"2025-08-20T10:34:45","modified_gmt":"2025-08-20T07:34:45","slug":"fonstertillbehor","status":"publish","type":"page","link":"https:\/\/www.skaala.com\/sv\/fonster\/fonstertillbehor\/","title":{"rendered":"F\u00f6nstertillbeh\u00f6r"},"content":{"rendered":"\n\t<header class=\"featured-hero has-dark-gray-background-color\" role=\"banner\">\n\t\t\t<h1>F\u00f6nstertillbeh\u00f6r<\/h1>\n\t<\/header>\n\t\n\n\n<div class=\"wp-block-custom-content-area custom-wrapper aligncenter has-light-blue-background-color\"><div class=\"outer-wrap\">\t\n\t<div id=\"heading-block-block_95094f33ec3726a1771ecf34a95fef26\" class=\"heading-block\">\n\t\t<h2 ><span>Skr\u00e4ddarsy ditt Skaalaf\u00f6nster<\/span><\/h2>\t<\/div>\n\n\n\n<div id=\"text-block-block_73f56eb5ec22af18a09b5967fc9b316c\" class=\"text-block\">\n\t\t\t<p>Vi tillverkar dina f\u00f6nster efter just dina behov och \u00f6nskem\u00e5l.<\/p>\n\t<\/div>\n\n\n\n\n<div class=\"wp-block-custom-inner-columns has-two-columns custom-columns\"><div class=\"outer-wrap\">\n<div class=\"wp-block-custom-custom-column custom-column\"><div class=\"inner-wrap\">\t\n\t<div id=\"heading-block-block_f9a22c4df9e5af6dcf07dec3519a8220\" class=\"heading-block\">\n\t\t<h4 ><span>V\u00e4dringsbeslag<\/span><\/h4>\t<\/div>\n\n\n\n<div id=\"image-block_b17b61f06f3ba4149c890973627e295d\" class=\"image-block\">\n\t\t\t\t<div class=\"image-container\" style=\"width: 150px; height: \n\t\tauto;\">\n\t\t\t<img decoding=\"async\" src=\"https:\/\/www.skaala.com\/wp-content\/uploads\/2020\/05\/Aukipitolaite.jpg\" alt=\"\">\n\t\t<\/div>\n\t \n\n\t<\/div>\n\n\n\n\n<div id=\"text-block-block_d9910b7de458388a31fc8782cd424ab7\" class=\"text-block\">\n\t\t\t<p>V\u00e5ra f\u00f6nster BEETA och ALFA \u00e4r f\u00f6rsedda med ett kopplingsbeslag som \u00f6ppnar f\u00f6nstrets inner- och ytterb\u00e5ge samtidigt.<\/p>\n<p>Alla v\u00e5ra in\u00e5tg\u00e5ende f\u00f6nster kan f\u00f6rses med en f\u00f6nsterbroms som h\u00e5ller f\u00f6nstret \u00f6ppet i valt l\u00e4ge.<br \/>\nDu kan \u00e4ven v\u00e4lja en barns\u00e4ker v\u00e4dringssp\u00e4rr FIX92\u00a0eller det enklare v\u00e4dringsbeslaget FIX84.<\/p>\n\t<\/div>\n\n\n\n\t\n\t<div id=\"heading-block-block_d63e5264ea4b59b0f51bd77ff9d723fe\" class=\"heading-block\">\n\t\t<h4 ><span>Persienner<\/span><\/h4>\t<\/div>\n\n\n\n<div id=\"image-block_a725fd20c2870fd6c959445f3967b466\" class=\"image-block\">\n\t\t\t\t<div class=\"image-container\" style=\"width: 150px; height: \n\t\tauto;\">\n\t\t\t<img decoding=\"async\" src=\"https:\/\/www.skaala.com\/wp-content\/uploads\/2020\/05\/Integroitu-s\u00e4lekaihdin.jpg\" alt=\"\">\n\t\t<\/div>\n\t \n\n\t<\/div>\n\n\n\n\n<div id=\"text-block-block_84923223c81d27ab45ed67cb078188a9\" class=\"text-block\">\n\t\t\t<p>Vi erbjuder flera olika typer av persienner:<\/p>\n<p>Mellanglaspersienn (f\u00f6r f\u00f6nster med inner- och ytterb\u00e5gar)<\/p>\n<p>Utanp\u00e5liggande persienn f\u00f6r fasta f\u00f6nster eller f\u00f6nster med 3-glasisolerkassett<\/p>\n<p>F\u00f6r v\u00e5ra energiglasf\u00f6nster \u00e4r endast vita persienner m\u00f6jliga<\/p>\n<p>Bilden ovan visar v\u00e5r integrerade mellanglaspersienn Solar Handy som passar BEETA-f\u00f6nstren.<\/p>\n<p>Brandf\u00f6nster kan inte utf\u00f6ras med persienn.<\/p>\n\t<\/div>\n\n\n\n\t\n\t<div id=\"heading-block-block_f722b382e50b8f3b8015517f0cc78106\" class=\"heading-block\">\n\t\t<h4 ><span>F\u00f6nsterkul\u00f6r<\/span><\/h4>\t<\/div>\n\n\n\n<div id=\"image-block_51f7fe4ace41ac3a7505045cc1371f87\" class=\"image-block\">\n\t\t\t\t<div class=\"image-container\" style=\"width: 150px; height: \n\t\tauto;\">\n\t\t\t<img decoding=\"async\" src=\"https:\/\/www.skaala.com\/wp-content\/uploads\/2020\/07\/F\u00e4rg-scaled.jpg\" alt=\"\">\n\t\t<\/div>\n\t \n\n\t<\/div>\n\n\n\n\n<div id=\"text-block-block_672bf25917836c02ea20ef32b7fe1fc7\" class=\"text-block\">\n\t\t\t<p>F\u00f6nstrets aluminium- och tr\u00e4delar kan best\u00e4llas med \u00f6nskade kul\u00f6rer fr\u00e5n RAL- eller NCS-f\u00e4rgkartan.<br \/>\nDet \u00e4r ocks\u00e5 m\u00f6jligt att l\u00e4gga till anodisering av f\u00f6nstrets aluminiumdelar. Till f\u00f6nstrets tr\u00e4delar kan du \u00e4ven v\u00e4lja lasyr efter dina \u00f6nskem\u00e5l.<\/p>\n\t<\/div>\n\n\n\n\t\n\t<div id=\"heading-block-block_8509287e63ee8f64d6b8c382b6b4a3b9\" class=\"heading-block\">\n\t\t<h4 ><span>Lasyr<\/span><\/h4>\t<\/div>\n\n\n\n<div id=\"image-block_a900c3d25fafff268ab8fdd3fc78c6d8\" class=\"image-block\">\n\t\t\t\t<div class=\"image-container\" style=\"width: 350px; height: \n\t\tauto;\">\n\t\t\t<img decoding=\"async\" src=\"https:\/\/www.skaala.com\/wp-content\/uploads\/2020\/08\/puun-vakiov\u00e4rit-scaled-e1656416330919.jpg\" alt=\"\">\n\t\t<\/div>\n\t \n\n\t<\/div>\n\n\n\n\n<div id=\"text-block-block_216ac71f6516919f7cb5d372cba48bc7\" class=\"text-block\">\n\t\t\t<p>F\u00f6nstrets tr\u00e4delar kan \u00e4ven best\u00e4llas i lasyr.<br \/>\nV\u00e5r standardlasyr \u00e4r:<\/p>\n<p>Vitpigmenterad lack<br \/>\nHalm<br \/>\nFura<br \/>\nEk<br \/>\nTeak<br \/>\nValn\u00f6t<br \/>\nEbenholz<br \/>\nKlarlack<\/p>\n<p>Annan kul\u00f6r \u00e4r m\u00f6jlig, fr\u00e5ga oss g\u00e4rna f\u00f6r tillg\u00e4nglighet.<\/p>\n\t<\/div>\n\n<\/div><\/div>\n\n\n\n<div class=\"wp-block-custom-custom-column custom-column\"><div class=\"inner-wrap\">\t\n\t<div id=\"heading-block-block_b8aaa64664db604d91f279d000210da3\" class=\"heading-block\">\n\t\t<h4 ><span>Insektsn\u00e4t<\/span><\/h4>\t<\/div>\n\n\n\n<div id=\"image-block_fe536b0ba07e2760e9e5cf54612f11b9\" class=\"image-block\">\n\t\t\t\t<div class=\"image-container\" style=\"width: 150px; height: \n\t\tauto;\">\n\t\t\t<img decoding=\"async\" src=\"https:\/\/www.skaala.com\/wp-content\/uploads\/2020\/05\/Hy\u00f6nteispuite.jpg\" alt=\"\">\n\t\t<\/div>\n\t \n\n\t<\/div>\n\n\n\n\n<div id=\"text-block-block_97fd9dc9154c0865b5f3755da2213d35\" class=\"text-block\">\n\t\t\t<p>Vi har till v\u00e5ra in\u00e5tg\u00e5ende f\u00f6nster insektsn\u00e4t som tillval.<br \/>\nDu har \u00e4ven m\u00f6jlighet att v\u00e4lja v\u00e5rt allergin\u00e4t som filtrerar upp till 83,75 % (PM1, PM3) sm\u00e5partiklar och upp till 92,8 % pollen ur utomhusluften.<\/p>\n<p>&nbsp;<\/p>\n<p>&nbsp;<\/p>\n\t<\/div>\n\n\n\n\t\n\t<div id=\"heading-block-block_f64f181e9fddcc284574760f7318fb15\" class=\"heading-block\">\n\t\t<h4 ><span>Spr\u00f6js<\/span><\/h4>\t<\/div>\n\n\n\n<div id=\"image-block_83dd5f20232e26edfe9d7263bca6f678\" class=\"image-block\">\n\t\t\t\t<div class=\"image-container\" style=\"width: 150px; height: \n\t\tauto;\">\n\t\t\t<img decoding=\"async\" src=\"https:\/\/www.skaala.com\/wp-content\/uploads\/2020\/05\/Ristikot.jpg\" alt=\"\">\n\t\t<\/div>\n\t \n\n\t<\/div>\n\n\n\n\n<div id=\"text-block-block_e224fd1e69911a2528db8ff0605530e8\" class=\"text-block\">\n\t\t\t<p>Till v\u00e5ra BEETA-f\u00f6nster kan vi erbjuda limmade spr\u00f6js i storlek 25 mm, 30 mm och 60 mm. Spr\u00f6jsen limmas fast p\u00e5 f\u00f6nstrets ytterb\u00e5ge.<\/p>\n<p>F\u00f6nster med isolerglaskassett kan best\u00e4llas med l\u00f6stagbar spr\u00f6js. Spr\u00f6jsen har ett snabbf\u00e4ste och kan tas bort vid reng\u00f6ring av f\u00f6nstret. Denna spr\u00f6js erbjuds i storlek 30 mm och 60 mm.<\/p>\n<p>V\u00e5ra Dreh Kipp- och vridf\u00f6nster kan dessutom utf\u00f6ras med en glasdelande b\u00e5gpost.<\/p>\n\t<\/div>\n\n\n\n\t\n\t<div id=\"heading-block-block_3d8642fd87ee59fe2a98179e8817dd79\" class=\"heading-block\">\n\t\t<h4 ><span>F\u00f6nsterventil<\/span><\/h4>\t<\/div>\n\n\n\n<div id=\"image-block_7cc02dab78988ec0b701b33820f1094b\" class=\"image-block\">\n\t\t\t\t<div class=\"image-container\" style=\"width: 150px; height: \n\t\tauto;\">\n\t\t\t<img decoding=\"async\" src=\"https:\/\/www.skaala.com\/wp-content\/uploads\/2020\/07\/VS-venttiili-kuva-1200x1200-1.jpg\" alt=\"\">\n\t\t<\/div>\n\t \n\n\t<\/div>\n\n\n\n\n<div id=\"text-block-block_38a3813540b16a5734bdae08eba60103\" class=\"text-block\">\n\t\t\t<p>En f\u00f6nsterventil \u00e4r en ventil som installeras i f\u00f6nsterkarmen.<br \/>\nF\u00f6nsterventiler kan anv\u00e4ndas i b\u00e5de nyproduktion och renoveringsprojekt och fungerar i hus med sj\u00e4lvdrag och mekanisk ventilation.<\/p>\n<p>&nbsp;<\/p>\n\t<\/div>\n\n<\/div><\/div>\n<\/div><\/div>\n<\/div><\/div>\n\n\n<div class=\"featured-items-block block\">\n\t<div class=\"featured-item\">\n\t\t<div class=\"content-half has-dark-gray-background-color\">\n\t\t\t<div class=\"featured-item--content grid-item\">\n\t\t\t\t\t\t<a class=\"button button-large\" href=\"https:\/\/www.skaala.com\/sv\/fonster\/\">F\u00f6nster<\/a>\n\t\t\t\t\t\t<\/div>\n\t\t<\/div>\n\t\t\t\t<div class=\"featured-item--image grid-item\"\n\t\t\t\t\tdata-interchange=\"\n\t\t\t\t\t[https:\/\/www.skaala.com\/wp-content\/uploads\/2024\/09\/Skaala-Kiinteat-ikkunat-koira-1024x682.jpg, small], \n\t\t\t\t\t[https:\/\/www.skaala.com\/wp-content\/uploads\/2024\/09\/Skaala-Kiinteat-ikkunat-koira-1024x682.jpg, medium], \n\t\t\t\t\t[https:\/\/www.skaala.com\/wp-content\/uploads\/2024\/09\/Skaala-Kiinteat-ikkunat-koira-1200x800.jpg, large], \n\t\t\t\t\t[https:\/\/www.skaala.com\/wp-content\/uploads\/2024\/09\/Skaala-Kiinteat-ikkunat-koira-1536x1024.jpg, xlarge]\"\n\t\t\t\t\t>\n\t\t<\/div>\n\t\t\t<\/div>\n\t\t<div class=\"featured-item\">\n\t\t<div class=\"content-half has-dark-gray-background-color\">\n\t\t\t<div class=\"featured-item--content grid-item\">\n\t\t\t\t\t\t<a class=\"button button-large\" href=\"https:\/\/www.skaala.com\/sv\/fonster\/fonsterunderhall\/\">F\u00f6nsterunderh\u00e5ll<\/a>\n\t\t\t\t\t\t<\/div>\n\t\t<\/div>\n\t\t\t\t<div class=\"featured-item--image grid-item\"\n\t\t\t\t\tdata-interchange=\"\n\t\t\t\t\t[https:\/\/www.skaala.com\/wp-content\/uploads\/2023\/04\/Lasiliukuoviautonakymaautowww-1024x683.jpg, small], \n\t\t\t\t\t[https:\/\/www.skaala.com\/wp-content\/uploads\/2023\/04\/Lasiliukuoviautonakymaautowww-1024x683.jpg, medium], \n\t\t\t\t\t[https:\/\/www.skaala.com\/wp-content\/uploads\/2023\/04\/Lasiliukuoviautonakymaautowww-1200x800.jpg, large], \n\t\t\t\t\t[https:\/\/www.skaala.com\/wp-content\/uploads\/2023\/04\/Lasiliukuoviautonakymaautowww-1536x1024.jpg, xlarge]\"\n\t\t\t\t\t>\n\t\t<\/div>\n\t\t\t<\/div>\n\t\t<div class=\"featured-item\">\n\t\t<div class=\"content-half has-dark-gray-background-color\">\n\t\t\t<div class=\"featured-item--content grid-item\">\n\t\t\t\t\t\t<a class=\"button button-large\" href=\"https:\/\/www.skaala.com\/sv\/kontaktuppgifter\/\">Kontaktuppgifter<\/a>\n\t\t\t\t\t\t<\/div>\n\t\t<\/div>\n\t\t\t\t<div class=\"featured-item--image grid-item\"\n\t\t\t\t\tdata-interchange=\"\n\t\t\t\t\t[https:\/\/www.skaala.com\/wp-content\/uploads\/2024\/04\/quino-al-4SNUcHPiC8c-unsplash-1024x683.jpg, small], \n\t\t\t\t\t[https:\/\/www.skaala.com\/wp-content\/uploads\/2024\/04\/quino-al-4SNUcHPiC8c-unsplash-1024x683.jpg, medium], \n\t\t\t\t\t[https:\/\/www.skaala.com\/wp-content\/uploads\/2024\/04\/quino-al-4SNUcHPiC8c-unsplash-1200x800.jpg, large], \n\t\t\t\t\t[https:\/\/www.skaala.com\/wp-content\/uploads\/2024\/04\/quino-al-4SNUcHPiC8c-unsplash-1536x1024.jpg, xlarge]\"\n\t\t\t\t\t>\n\t\t<\/div>\n\t\t\t<\/div>\n\t<\/div>\n","protected":false},"excerpt":{"rendered":"","protected":false},"author":5,"featured_media":21844,"parent":3548,"menu_order":0,"comment_status":"closed","ping_status":"closed","template":"","meta":{"_acf_changed":false,"inline_featured_image":false,"footnotes":""},"class_list":["post-3533","page","type-page","status-publish","has-post-thumbnail","hentry"],"acf":[],"_links":{"self":[{"href":"https:\/\/www.skaala.com\/sv\/wp-json\/wp\/v2\/pages\/3533","targetHints":{"allow":["GET"]}}],"collection":[{"href":"https:\/\/www.skaala.com\/sv\/wp-json\/wp\/v2\/pages"}],"about":[{"href":"https:\/\/www.skaala.com\/sv\/wp-json\/wp\/v2\/types\/page"}],"author":[{"embeddable":true,"href":"https:\/\/www.skaala.com\/sv\/wp-json\/wp\/v2\/users\/5"}],"replies":[{"embeddable":true,"href":"https:\/\/www.skaala.com\/sv\/wp-json\/wp\/v2\/comments?post=3533"}],"version-history":[{"count":86,"href":"https:\/\/www.skaala.com\/sv\/wp-json\/wp\/v2\/pages\/3533\/revisions"}],"predecessor-version":[{"id":25217,"href":"https:\/\/www.skaala.com\/sv\/wp-json\/wp\/v2\/pages\/3533\/revisions\/25217"}],"up":[{"embeddable":true,"href":"https:\/\/www.skaala.com\/sv\/wp-json\/wp\/v2\/pages\/3548"}],"wp:featuredmedia":[{"embeddable":true,"href":"https:\/\/www.skaala.com\/sv\/wp-json\/wp\/v2\/media\/21844"}],"wp:attachment":[{"href":"https:\/\/www.skaala.com\/sv\/wp-json\/wp\/v2\/media?parent=3533"}],"curies":[{"name":"wp","href":"https:\/\/api.w.org\/{rel}","templated":true}]}}