{"id":3536,"date":"2020-05-14T14:51:32","date_gmt":"2020-05-14T11:51:32","guid":{"rendered":"https:\/\/www.skaala.com\/?page_id=3536"},"modified":"2025-08-20T10:36:18","modified_gmt":"2025-08-20T07:36:18","slug":"glasalternativ","status":"publish","type":"page","link":"https:\/\/www.skaala.com\/sv\/fonster\/glasalternativ\/","title":{"rendered":"Glasalternativ"},"content":{"rendered":"\n\t<header class=\"featured-hero has-dark-gray-background-color\" role=\"banner\">\n\t\t\t<h1>Glasalternativ<\/h1>\n\t<\/header>\n\t\n\n\n<div class=\"wp-block-custom-content-area custom-wrapper aligncenter has-light-blue-background-color\"><div class=\"outer-wrap\">\t\n\t<div id=\"heading-block-block_c1d133e554bade419406e574af51a1cd\" class=\"heading-block\">\n\t\t<h2 ><span>Vi har glas f\u00f6r alla behov<\/span><\/h2>\t<\/div>\n\n\n\n<div id=\"text-block-block_70de6fd58570a8cb7024c5965dabd1a7\" class=\"text-block\">\n\t\t\t<p>L\u00e5t v\u00e5ra experter hj\u00e4lpa dig!<\/p>\n\t<\/div>\n\n<\/div><\/div>\n\n\n\n<div class=\"wp-block-custom-content-area custom-wrapper aligncenter has-dark-gray-background-color\"><div class=\"outer-wrap\">\t\n\t<div id=\"heading-block-block_638d7abf349b733eee545edfe7de4f1b\" class=\"heading-block\">\n\t\t<h2 ><span>Glasalternativ<\/span><\/h2>\t<\/div>\n\n\n\n<div class=\"wp-block-custom-inner-columns has-two-columns custom-columns\"><div class=\"outer-wrap\">\n<div class=\"wp-block-custom-custom-column custom-column\"><div class=\"inner-wrap\">\t\n\t<div id=\"heading-block-block_7a6ac4e10c58fe7362499a56bcd96dd8\" class=\"heading-block\">\n\t\t<h4 ><span>FrostFree &#8211; kondensfritt glas<\/span><\/h4>\t<\/div>\n\n\n\n<div id=\"text-block-block_dac8515c4f4033a22eb6bcde87d7cdfe\" class=\"text-block\">\n\t\t\t<p>V\u00e5ra kondensfria glas h\u00e5ller f\u00f6nstrets ytterglas helt kondensfritt under alla f\u00f6rh\u00e5llanden. Det kondensfria glaset FrostFree fungerar \u00e4ven vid mycket l\u00e5ga U-v\u00e4rden och passar alla v\u00e5ra f\u00f6nster.<\/p>\n\t<\/div>\n\n\n\n\t\n\t<div id=\"heading-block-block_7a8dbe6678e80369bdcbc4154f8655e6\" class=\"heading-block\">\n\t\t<h4 ><span>Solskyddsglas<\/span><\/h4>\t<\/div>\n\n\n\n<div id=\"text-block-block_8d59abf8d30e201aa07b8057390fee91\" class=\"text-block\">\n\t\t\t<p>V\u00e4lj ett solskyddglas f\u00f6r att minska solv\u00e4rmeinstr\u00e5lningen. Vi har flera olika typer av solskyddsglas och v\u00e5rt mest s\u00e5lda \u00e4r Ipasol 70\/37.<\/p>\n\t<\/div>\n\n\n\n\t\n\t<div id=\"heading-block-block_3161f49c369cd47a202063698b31efd2\" class=\"heading-block\">\n\t\t<h4 ><span>Persons\u00e4kerhetsglas<\/span><\/h4>\t<\/div>\n\n\n\n<div id=\"text-block-block_62e319caff6956373751769f51535c72\" class=\"text-block\">\n\t\t\t<p>Det \u00e4r vackert med stora glasytor i byggnader, men de st\u00e4ller samtidigt krav p\u00e5 persons\u00e4kerhetsglas f\u00f6r att minska risken f\u00f6r personskador. Hos oss hittar du b\u00e5de h\u00e4rdat och laminerat s\u00e4kerhetsglas som kan kombineras med v\u00e5ra f\u00f6nster.<\/p>\n\t<\/div>\n\n<\/div><\/div>\n\n\n\n<div class=\"wp-block-custom-custom-column custom-column\"><div class=\"inner-wrap\">\t\n\t<div id=\"heading-block-block_0d2df1be5499be137385a3f1f7c8fefc\" class=\"heading-block\">\n\t\t<h4 ><span>Signalglas &#8211; f\u00f6rb\u00e4ttra mobilt\u00e4ckningen <\/span><\/h4>\t<\/div>\n\n\n\n<div id=\"text-block-block_db6de163977620f8282bf6b0b8549af3\" class=\"text-block\">\n\t\t\t<p>Signalglas \u00e4r en glastyp som sl\u00e4pper igenom mobilsignaler, vilket f\u00f6rb\u00e4ttrar t\u00e4ckningen f\u00f6r dina mobiltelefoner och andra mobila enheter inomhus. Fungerar b\u00e5de f\u00f6r samtals- och internett\u00e4ckning.<\/p>\n\t<\/div>\n\n\n\n\t\n\t<div id=\"heading-block-block_d42f274f510f09e0d652fff8dec0ffe9\" class=\"heading-block\">\n\t\t<h4 ><span>Ljudreduktionsglas<\/span><\/h4>\t<\/div>\n\n\n\n<div id=\"text-block-block_b7cda9ed05fbb6cd47ed7089b7c0d0bf\" class=\"text-block\">\n\t\t\t<p>P\u00e5 Skaala \u00e4r vi experter p\u00e5 ljudf\u00f6nster. Med r\u00e4tt glaskombination i det f\u00f6nster du best\u00e4ller fr\u00e5n oss kan du uppn\u00e5 ljudreduktionsv\u00e4rden p\u00e5 mer \u00e4n 50 decibel (RW).<\/p>\n\t<\/div>\n\n\n\n\t\n\t<div id=\"heading-block-block_04df983a47bad96ff846f661d400d7da\" class=\"heading-block\">\n\t\t<h4 ><span>Insynsskydd<\/span><\/h4>\t<\/div>\n\n\n\n<div id=\"text-block-block_9b6cf88d67537f9b1a6fe448019c7fc6\" class=\"text-block\">\n\t\t\t<p>Ibland beh\u00f6vs det glas som f\u00f6rhindrar insyn och detta hittar du f\u00f6rst\u00e5s ocks\u00e5 hos oss. Utforska v\u00e5rt utbud av m\u00f6nstrade glas och hitta det insynskydd du \u00f6nskar.<\/p>\n\t<\/div>\n\n<\/div><\/div>\n<\/div><\/div>\n<\/div><\/div>\n\n\n<div class=\"featured-items-block block\">\n\t<div class=\"featured-item\">\n\t\t<div class=\"content-half has-dark-gray-background-color\">\n\t\t\t<div class=\"featured-item--content grid-item\">\n\t\t\t\t\t\t<a class=\"button button-large\" href=\"https:\/\/www.skaala.com\/sv\/fonster\/\">F\u00f6nster<\/a>\n\t\t\t\t\t\t<\/div>\n\t\t<\/div>\n\t\t\t\t<div class=\"featured-item--image grid-item\"\n\t\t\t\t\tdata-interchange=\"\n\t\t\t\t\t[https:\/\/www.skaala.com\/wp-content\/uploads\/2024\/09\/Skaala-Kiinteat-ikkunat-koira-1024x682.jpg, small], \n\t\t\t\t\t[https:\/\/www.skaala.com\/wp-content\/uploads\/2024\/09\/Skaala-Kiinteat-ikkunat-koira-1024x682.jpg, medium], \n\t\t\t\t\t[https:\/\/www.skaala.com\/wp-content\/uploads\/2024\/09\/Skaala-Kiinteat-ikkunat-koira-1200x800.jpg, large], \n\t\t\t\t\t[https:\/\/www.skaala.com\/wp-content\/uploads\/2024\/09\/Skaala-Kiinteat-ikkunat-koira-1536x1024.jpg, xlarge]\"\n\t\t\t\t\t>\n\t\t<\/div>\n\t\t\t<\/div>\n\t\t<div class=\"featured-item\">\n\t\t<div class=\"content-half has-dark-gray-background-color\">\n\t\t\t<div class=\"featured-item--content grid-item\">\n\t\t\t\t\t\t<a class=\"button button-large\" href=\"https:\/\/www.skaala.com\/sv\/fonster\/fonstertillbehor\/\">F\u00f6nstertillbeh\u00f6r<\/a>\n\t\t\t\t\t\t<\/div>\n\t\t<\/div>\n\t\t\t\t<div class=\"featured-item--image grid-item\"\n\t\t\t\t\tdata-interchange=\"\n\t\t\t\t\t[https:\/\/www.skaala.com\/wp-content\/uploads\/2024\/09\/Skaala-Stopvagen-89-95-Fotograf-Mattias-Hamren-3-1024x683.jpg, small], \n\t\t\t\t\t[https:\/\/www.skaala.com\/wp-content\/uploads\/2024\/09\/Skaala-Stopvagen-89-95-Fotograf-Mattias-Hamren-3-1024x683.jpg, medium], \n\t\t\t\t\t[https:\/\/www.skaala.com\/wp-content\/uploads\/2024\/09\/Skaala-Stopvagen-89-95-Fotograf-Mattias-Hamren-3-1200x800.jpg, large], \n\t\t\t\t\t[https:\/\/www.skaala.com\/wp-content\/uploads\/2024\/09\/Skaala-Stopvagen-89-95-Fotograf-Mattias-Hamren-3-1536x1024.jpg, xlarge]\"\n\t\t\t\t\t>\n\t\t<\/div>\n\t\t\t<\/div>\n\t\t<div class=\"featured-item\">\n\t\t<div class=\"content-half has-dark-gray-background-color\">\n\t\t\t<div class=\"featured-item--content grid-item\">\n\t\t\t\t\t\t<a class=\"button button-large\" href=\"https:\/\/www.skaala.com\/sv\/fonster\/fonsterunderhall\/\">F\u00f6nsterunderh\u00e5ll<\/a>\n\t\t\t\t\t\t<\/div>\n\t\t<\/div>\n\t\t\t\t<div class=\"featured-item--image grid-item\"\n\t\t\t\t\tdata-interchange=\"\n\t\t\t\t\t[https:\/\/www.skaala.com\/wp-content\/uploads\/2023\/04\/Lasiliukuoviautonakymaautowww-1024x683.jpg, small], \n\t\t\t\t\t[https:\/\/www.skaala.com\/wp-content\/uploads\/2023\/04\/Lasiliukuoviautonakymaautowww-1024x683.jpg, medium], \n\t\t\t\t\t[https:\/\/www.skaala.com\/wp-content\/uploads\/2023\/04\/Lasiliukuoviautonakymaautowww-1200x800.jpg, large], \n\t\t\t\t\t[https:\/\/www.skaala.com\/wp-content\/uploads\/2023\/04\/Lasiliukuoviautonakymaautowww-1536x1024.jpg, xlarge]\"\n\t\t\t\t\t>\n\t\t<\/div>\n\t\t\t<\/div>\n\t\t<div class=\"featured-item\">\n\t\t<div class=\"content-half has-dark-gray-background-color\">\n\t\t\t<div class=\"featured-item--content grid-item\">\n\t\t\t\t\t\t<a class=\"button button-large\" href=\"https:\/\/www.skaala.com\/sv\/kontaktuppgifter\/\">Kontaktuppgifter<\/a>\n\t\t\t\t\t\t<\/div>\n\t\t<\/div>\n\t\t\t\t<div class=\"featured-item--image grid-item\"\n\t\t\t\t\tdata-interchange=\"\n\t\t\t\t\t[https:\/\/www.skaala.com\/wp-content\/uploads\/2024\/04\/quino-al-4SNUcHPiC8c-unsplash-1024x683.jpg, small], \n\t\t\t\t\t[https:\/\/www.skaala.com\/wp-content\/uploads\/2024\/04\/quino-al-4SNUcHPiC8c-unsplash-1024x683.jpg, medium], \n\t\t\t\t\t[https:\/\/www.skaala.com\/wp-content\/uploads\/2024\/04\/quino-al-4SNUcHPiC8c-unsplash-1200x800.jpg, large], \n\t\t\t\t\t[https:\/\/www.skaala.com\/wp-content\/uploads\/2024\/04\/quino-al-4SNUcHPiC8c-unsplash-1536x1024.jpg, xlarge]\"\n\t\t\t\t\t>\n\t\t<\/div>\n\t\t\t<\/div>\n\t<\/div>\n","protected":false},"excerpt":{"rendered":"","protected":false},"author":5,"featured_media":16599,"parent":3548,"menu_order":0,"comment_status":"closed","ping_status":"closed","template":"","meta":{"_acf_changed":false,"inline_featured_image":false,"footnotes":""},"class_list":["post-3536","page","type-page","status-publish","has-post-thumbnail","hentry"],"acf":[],"_links":{"self":[{"href":"https:\/\/www.skaala.com\/sv\/wp-json\/wp\/v2\/pages\/3536","targetHints":{"allow":["GET"]}}],"collection":[{"href":"https:\/\/www.skaala.com\/sv\/wp-json\/wp\/v2\/pages"}],"about":[{"href":"https:\/\/www.skaala.com\/sv\/wp-json\/wp\/v2\/types\/page"}],"author":[{"embeddable":true,"href":"https:\/\/www.skaala.com\/sv\/wp-json\/wp\/v2\/users\/5"}],"replies":[{"embeddable":true,"href":"https:\/\/www.skaala.com\/sv\/wp-json\/wp\/v2\/comments?post=3536"}],"version-history":[{"count":31,"href":"https:\/\/www.skaala.com\/sv\/wp-json\/wp\/v2\/pages\/3536\/revisions"}],"predecessor-version":[{"id":25219,"href":"https:\/\/www.skaala.com\/sv\/wp-json\/wp\/v2\/pages\/3536\/revisions\/25219"}],"up":[{"embeddable":true,"href":"https:\/\/www.skaala.com\/sv\/wp-json\/wp\/v2\/pages\/3548"}],"wp:featuredmedia":[{"embeddable":true,"href":"https:\/\/www.skaala.com\/sv\/wp-json\/wp\/v2\/media\/16599"}],"wp:attachment":[{"href":"https:\/\/www.skaala.com\/sv\/wp-json\/wp\/v2\/media?parent=3536"}],"curies":[{"name":"wp","href":"https:\/\/api.w.org\/{rel}","templated":true}]}}