{"id":3548,"date":"2020-05-14T15:00:25","date_gmt":"2020-05-14T12:00:25","guid":{"rendered":"https:\/\/www.skaala.com\/?page_id=3548"},"modified":"2024-11-26T16:10:04","modified_gmt":"2024-11-26T14:10:04","slug":"fonster","status":"publish","type":"page","link":"https:\/\/www.skaala.com\/sv\/fonster\/","title":{"rendered":"F\u00f6nster"},"content":{"rendered":"\n\t<header class=\"featured-hero custom\" role=\"banner\" data-interchange=\"\n\t\t[https:\/\/www.skaala.com\/wp-content\/uploads\/2022\/11\/Skaalaauto2022autoFotografautoMattiasautoHamrenauto30-1280x400.jpg, small],\n\t\t[https:\/\/www.skaala.com\/wp-content\/uploads\/2022\/11\/Skaalaauto2022autoFotografautoMattiasautoHamrenauto30-1280x400.jpg,medium],\n\t\t[https:\/\/www.skaala.com\/wp-content\/uploads\/2022\/11\/Skaalaauto2022autoFotografautoMattiasautoHamrenauto30-1440x400.jpg, large],\n\t\t[https:\/\/www.skaala.com\/wp-content\/uploads\/2022\/11\/Skaalaauto2022autoFotografautoMattiasautoHamrenauto30-1920x400.jpg, xlarge]\">\n\t\t\t<h1>F\u00f6nster<\/h1>\n\t<\/header>\n\t\n\n\n<div class=\"wp-block-custom-content-area custom-wrapper alignleft has-light-blue-background-color\"><div class=\"outer-wrap\">\n<div id=\"text-block-block_48fe845d6549b4879f7393ea2d0990ff\" class=\"text-block\">\n\t\t\t<h2>Utforska Skaalas Innovativa F\u00f6nsterl\u00f6sningar<\/h2>\n<p>Skaala \u00e4r ledande inom utvecklingen av h\u00f6gkvalitativa och tekniskt avancerade f\u00f6nsterl\u00f6sningar som m\u00f6ter dagens krav p\u00e5 energieffektivitet, ljudisolering och estetik. V\u00e5rt breda sortiment inkluderar fasta f\u00f6nster, ljudf\u00f6nster, energieffektiva vridf\u00f6nster samt de specialdesignade PanNordic och ALFA f\u00f6nstren.<\/p>\n\t<\/div>\n\n\n\n\n<div class=\"wp-block-custom-inner-columns has-two-columns custom-columns\"><div class=\"outer-wrap\">\n<div class=\"wp-block-custom-custom-column custom-column\"><div class=\"inner-wrap\">\n<div id=\"text-block-block_22b124eda596fbe5b9dd3829eee3e3ba\" class=\"text-block\">\n\t\t\t<h3>Ljudf\u00f6nster<\/h3>\n\t<\/div>\n\n\n\n\n<div id=\"text-block-block_71d6755364672266013bccf273c15213\" class=\"text-block\">\n\t\t\t<p>V\u00e5rt sortiment av ljudf\u00f6nster \u00e4r optimala f\u00f6r urbana milj\u00f6er d\u00e4r <a href=\"https:\/\/www.skaala.com\/sv\/expert-pa-ljud-och-energifonster\/\">bullerreduktion<\/a> \u00e4r essentiellt. Dessa f\u00f6nster kan reducera ljud med upp till 52 dB tack vare deras tjocka glas och omfattande luftspalter. Den parallellh\u00e4ngda konstruktionen \u00f6kar dessutom ljusinsl\u00e4ppet, vilket \u00e4r viktigt i t\u00e4tbebyggda omr\u00e5den.<\/p>\n\t<\/div>\n\n\n\n\n<a href=\"https:\/\/www.skaala.com\/sv\/alla-f\u00f6nster\/inatgaende-ljudfonster\/\" \nid=\"button-block-block_696859a26deb454f7252410e99a06634\" \nclass=\"button-block button\"\ntarget=\"\"\n>Ljudf\u00f6nster fr\u00e5n Skaala<\/a>\n\n<\/div><\/div>\n\n\n\n<div class=\"wp-block-custom-custom-column custom-column\"><div class=\"inner-wrap\">\n<div id=\"image-block_e3a2d2d851b89459531d7ba01b19e379\" class=\"image-block\">\n\t\t\t\t<div class=\"image-container\" style=\"width: 200px; height: \n\t\tauto;\">\n\t\t\t<img decoding=\"async\" src=\"https:\/\/www.skaala.com\/wp-content\/uploads\/2024\/04\/Beeta-2020_light50.png\" alt=\"Beeta f\u00f6nster\">\n\t\t<\/div>\n\t \n\n\t<\/div>\n\n<\/div><\/div>\n<\/div><\/div>\n\n\n\n<div class=\"wp-block-custom-inner-columns has-two-columns custom-columns\"><div class=\"outer-wrap\">\n<div class=\"wp-block-custom-custom-column custom-column\"><div class=\"inner-wrap\">\n<div id=\"text-block-block_6bd2f6952bb077a141600ae5f6f2dfde\" class=\"text-block\">\n\t\t\t<h3>Renoveringsf\u00f6nster<\/h3>\n\t<\/div>\n\n\n\n\n<div id=\"text-block-block_028f0e9315b7107d22dea13e11514a8c\" class=\"text-block\">\n\t\t\t<p>PanNordic f\u00f6nstren kombinerar historisk design med modern funktionalitet. De \u00e4r utformade f\u00f6r att efterlikna glasdagm\u00e5tten fr\u00e5n 1920- till 1950-talets f\u00f6nster, vilket g\u00f6r dem perfekta f\u00f6r <a href=\"https:\/\/www.skaala.com\/sv\/fonsterbyte-historiska-hus\/\">renovering<\/a> av \u00e4ldre byggnader d\u00e4r estetik \u00e4r viktig. Med karmdjup p\u00e5 upp till 210 mm och U-v\u00e4rden s\u00e5 l\u00e5ga som 0,95 W\/m\u00b2K, erbjuder PanNordic-f\u00f6nstren b\u00e5de utm\u00e4rkt ljudreduktion och energiprestanda.<\/p>\n\t<\/div>\n\n\n\n\n<a href=\"https:\/\/www.skaala.com\/sv\/alla-f\u00f6nster\/fonster-till-fonsterbyte\/\" \nid=\"button-block-block_8562972c57cb5ce4a89bf8fe7553d6dc\" \nclass=\"button-block button\"\ntarget=\"\"\n>PanNordic b\u00e4st till f\u00f6nsterbyte<\/a>\n\n<\/div><\/div>\n\n\n\n<div class=\"wp-block-custom-custom-column custom-column\"><div class=\"inner-wrap\">\n<div id=\"image-block_40ed8379abd1a9120f020b29df360488\" class=\"image-block\">\n\t\t\t\t<div class=\"image-container\" style=\"width: 250px; height: \n\t\tauto;\">\n\t\t\t<img decoding=\"async\" src=\"https:\/\/www.skaala.com\/wp-content\/uploads\/2023\/10\/Ikkunakuva.jpg\" alt=\"N\u00e4rbild av ett \u00f6ppnat PanNordic f\u00f6nster med detaljerade m\u00f6tande b\u00e5gar perfekt till f\u00f6nsterbyte\">\n\t\t<\/div>\n\t \n\n\t<\/div>\n\n<\/div><\/div>\n<\/div><\/div>\n\n\n\n<div class=\"wp-block-custom-inner-columns has-two-columns custom-columns\"><div class=\"outer-wrap\">\n<div class=\"wp-block-custom-custom-column custom-column\"><div class=\"inner-wrap\">\n<div id=\"text-block-block_7b1c567fda7e4ff6fa03ce4a5bf087f4\" class=\"text-block\">\n\t\t\t<h3>Energif\u00f6nster<\/h3>\n\t<\/div>\n\n\n\n\n<div id=\"text-block-block_8dc458866641475ac6cc1f5cc117da7f\" class=\"text-block\">\n\t\t\t<p>ALFA-serien representerar Skaalas b\u00e4sta energif\u00f6nster med 4-glas konstruktion, vilket ger en optimal termisk och akustisk prestanda. Med ett standard <a href=\"https:\/\/www.skaala.com\/sv\/fonstervarden\/\">U-v\u00e4rde<\/a> p\u00e5 0,6 W\/m\u00b2K och ljudisolering upp till RW 51 dB, \u00e4r dessa f\u00f6nster idealiska f\u00f6r milj\u00f6er d\u00e4r b\u00e5de v\u00e4rmeisolering och bullerreduktion \u00e4r prioriterade. ALFA-f\u00f6nstrens slanka design bidrar \u00e4ven till ett st\u00f6rre ljusinsl\u00e4pp, vilket f\u00f6rh\u00f6jer b\u00e5de komfort och estetik i hemmet.<\/p>\n\t<\/div>\n\n\n\n\n<a href=\"https:\/\/www.skaala.com\/sv\/alla-f\u00f6nster\/inatgaende-ljudfonster\/\" \nid=\"button-block-block_59439c7a53e82d33625cd6a2a243a3cf\" \nclass=\"button-block button\"\ntarget=\"\"\n>ALFA f\u00f6nster<\/a>\n\n<\/div><\/div>\n\n\n\n<div class=\"wp-block-custom-custom-column custom-column\"><div class=\"inner-wrap\">\n<div id=\"image-block_9afb3753077bec978c50f764be47787f\" class=\"image-block\">\n\t\t\t\t<div class=\"image-container\" style=\"width: 200px; height: \n\t\tauto;\">\n\t\t\t<img decoding=\"async\" src=\"https:\/\/www.skaala.com\/wp-content\/uploads\/2020\/05\/Alfa40N_white-outside.png\" alt=\"Nelilasinen Skaalas l\u00e5genergif\u00f6nster ALFA 2+2 glas\">\n\t\t<\/div>\n\t \n\n\t<\/div>\n\n<\/div><\/div>\n<\/div><\/div>\n\n\n\n<div class=\"wp-block-custom-inner-columns has-two-columns custom-columns\"><div class=\"outer-wrap\">\n<div class=\"wp-block-custom-custom-column custom-column\"><div class=\"inner-wrap\">\n<div id=\"text-block-block_c031918c4864205b3103cdbffc1bc8a4\" class=\"text-block\">\n\t\t\t<h3>L\u00e5genergif\u00f6nster Arvo+<\/h3>\n\t<\/div>\n\n\n\n\n<div id=\"text-block-block_d0c9ab8d05352491b6cbd2362de95fa3\" class=\"text-block\">\n\t\t\t<p>Uppt\u00e4ck Skaalas Arvo+: v\u00e5rt mest avancerade l\u00e5genergif\u00f6nster med ett exceptionellt U-v\u00e4rde p\u00e5 0,57 W\/m\u00b2K. Den innovativa designen inkluderar dolda g\u00e5ngj\u00e4rn och ett smidigt l\u00e5ssystem f\u00f6r en stilren estetik. Med FrostFree-teknologi elimineras utv\u00e4ndig kondens, vilket garanterar en klar utsikt under alla f\u00f6rh\u00e5llanden. Dessutom erbjuder Arvo+ l\u00e5ga g-v\u00e4rden, vilket minskar solv\u00e4rmeinstr\u00e5lningen och bidrar till en behaglig inomhusmilj\u00f6 \u00e5ret runt.<\/p>\n\t<\/div>\n\n\n\n\n<a href=\"https:\/\/www.skaala.com\/sv\/alla-f\u00f6nster\/lagenergifonster\/\" \nid=\"button-block-block_675b48d0d5ad71ea4b3b87bcf56f01ab\" \nclass=\"button-block button\"\ntarget=\"\"\n>Uppt\u00e4ck Arvo+<\/a>\n\n<\/div><\/div>\n\n\n\n<div class=\"wp-block-custom-custom-column custom-column\"><div class=\"inner-wrap\">\n<div id=\"image-block_e25b2c1c3d29381c18fd081746049973\" class=\"image-block\">\n\t\t\t\t<div class=\"image-container\" style=\"width: 300px; height: \n\t\tauto;\">\n\t\t\t<img decoding=\"async\" src=\"https:\/\/www.skaala.com\/wp-content\/uploads\/2024\/11\/file.png\" alt=\"Arvo+ l\u00e5genergif\u00f6nster fr\u00e5n Skaala\">\n\t\t<\/div>\n\t \n\n\t<\/div>\n\n<\/div><\/div>\n<\/div><\/div>\n\n\n\n<div class=\"wp-block-custom-inner-columns has-two-columns custom-columns\"><div class=\"outer-wrap\">\n<div class=\"wp-block-custom-custom-column custom-column\"><div class=\"inner-wrap\">\n<div id=\"text-block-block_8ff5f3482d50cbfedff68c1787b0ac4f\" class=\"text-block\">\n\t\t\t<h3>Energieffektiva Vridf\u00f6nster<\/h3>\n\t<\/div>\n\n\n\n\n<div id=\"text-block-block_02d97fdde048a990cfa2be96b8657e1d\" class=\"text-block\">\n\t\t\t<p>Skaalas vridf\u00f6nster kombinerar sofistikerad design med funktionalitet. Dessa f\u00f6nster, som \u00e4r tillg\u00e4ngliga med karmdjup p\u00e5 115 mm och 131 mm, erbjuder l\u00e5ga U-v\u00e4rden ner till 0,8 W\/m\u00b2K och en ljudisolering p\u00e5 upp till 45 dB. Med dolda vridbeslag och en robust konstruktion garanterar de en h\u00e5llbar och smidig anv\u00e4ndning, vilket g\u00f6r dem till ett utm\u00e4rkt val f\u00f6r b\u00e5de villor och flerbostadshus.<\/p>\n\t<\/div>\n\n\n\n\n<a href=\"https:\/\/www.skaala.com\/sv\/alla-f\u00f6nster\/utatgaende-vridfonster\/\" \nid=\"button-block-block_2b14d3350902f8f9cef7771754553198\" \nclass=\"button-block button\"\ntarget=\"\"\n>Ut\u00e5tg\u00e5ende f\u00f6nster<\/a>\n\n<\/div><\/div>\n\n\n\n<div class=\"wp-block-custom-custom-column custom-column\"><div class=\"inner-wrap\">\n<div id=\"image-block_9fc03c27da9ab16b0f7476df49268d73\" class=\"image-block\">\n\t\t\t\t<div class=\"image-container\" style=\"width: 200px; height: \n\t\tauto;\">\n\t\t\t<img decoding=\"async\" src=\"https:\/\/www.skaala.com\/wp-content\/uploads\/2024\/04\/HAS-3D-inside-PNG-20150929.png\" alt=\"Skaala ut\u00e5tg\u00e5ende f\u00f6nster\">\n\t\t<\/div>\n\t \n\n\t<\/div>\n\n<\/div><\/div>\n<\/div><\/div>\n\n\n\n<div class=\"wp-block-custom-inner-columns has-two-columns custom-columns\"><div class=\"outer-wrap\">\n<div class=\"wp-block-custom-custom-column custom-column\"><div class=\"inner-wrap\">\n<div id=\"text-block-block_f4933d16fa4250beeda355390e356688\" class=\"text-block\">\n\t\t\t<h3>Fasta F\u00f6nster<\/h3>\n\t<\/div>\n\n\n\n\n<div id=\"text-block-block_b089b4f734ba192ced8d2795448c3aac\" class=\"text-block\">\n\t\t\t<p>Skaalas fasta f\u00f6nster \u00e4r designade f\u00f6r att maximera naturligt ljusinsl\u00e4pp. Med sina sm\u00e4ckra profiler p\u00e5 endast 40 mm \u00e4r de kanske marknadens slankaste tr\u00e4\/aluminiumf\u00f6nster. Tillverkade med en 3-glas isolerglaskassett, erbjuder dessa f\u00f6nster utm\u00e4rkta U-v\u00e4rden ner till 0,62 W\/m\u00b2K. Dessutom \u00e4r de tillg\u00e4ngliga i brandklassade utf\u00f6randen enligt EI 30, vilket g\u00f6r dem till ett s\u00e4kert och p\u00e5litligt val f\u00f6r b\u00e5de nybyggnation och renoveringsprojekt.<\/p>\n\t<\/div>\n\n\n\n\n<a href=\"https:\/\/www.skaala.com\/sv\/alla-f\u00f6nster\/fast-fonster\/\" \nid=\"button-block-block_d224267daca5ca99c74a7e7e6dfad71b\" \nclass=\"button-block button\"\ntarget=\"\"\n>Fasta f\u00f6nster<\/a>\n\n<\/div><\/div>\n\n\n\n<div class=\"wp-block-custom-custom-column custom-column\"><div class=\"inner-wrap\">\n<div id=\"image-block_5d6cd910ccb29555a129193eba189921\" class=\"image-block\">\n\t\t\t\t<div class=\"image-container\" style=\"width: 200px; height: \n\t\tauto;\">\n\t\t\t<img decoding=\"async\" src=\"https:\/\/www.skaala.com\/wp-content\/uploads\/2024\/04\/ULEK_20_inside.png\" alt=\"Skaala fasta f\u00f6nster\">\n\t\t<\/div>\n\t \n\n\t<\/div>\n\n<\/div><\/div>\n<\/div><\/div>\n\n\n\n<div class=\"wp-block-custom-inner-columns has-one-columns custom-columns\"><div class=\"outer-wrap\">\n<div class=\"wp-block-custom-custom-column custom-column\"><div class=\"inner-wrap\"><\/div><\/div>\n<\/div><\/div>\n<\/div><\/div>\n\n\n\n<div class=\"wp-block-custom-content-area custom-wrapper aligncenter has-dark-gray-background-color\"><div class=\"outer-wrap\"><div id=\"cards-block_6883ada07fc9a40084c8b210c05abbfd\" class=\"cards-block count-3\">\n<div id=\"cards-block_6883ada07fc9a40084c8b210c05abbfd\" class=\"cards-block--card\">\n\t\t\t<div class=\"icon-block\" style=\"background-image: url('https:\/\/www.skaala.com\/wp-content\/themes\/skaala-2023\/dist\/assets\/images\/icons\/flag-red.svg);\">\n\t\t<\/div>\n\t\t\t\t<h4>Finsk kvalitet<\/h4>\n\t\t\t\t<\/div>\n\t<div id=\"cards-block_6883ada07fc9a40084c8b210c05abbfd\" class=\"cards-block--card\">\n\t\t\t<div class=\"icon-block\" style=\"background-image: url('https:\/\/www.skaala.com\/wp-content\/themes\/skaala-2023\/dist\/assets\/images\/icons\/globe-red.svg);\">\n\t\t<\/div>\n\t\t\t\t<h4>B\u00e4sta l\u00f6sningar f\u00f6r energieffektivitet<\/h4>\n\t\t\t\t<\/div>\n\t<div id=\"cards-block_6883ada07fc9a40084c8b210c05abbfd\" class=\"cards-block--card\">\n\t\t\t<div class=\"icon-block\" style=\"background-image: url('https:\/\/www.skaala.com\/wp-content\/themes\/skaala-2023\/dist\/assets\/images\/icons\/user-red.svg);\">\n\t\t<\/div>\n\t\t\t\t<h4>Professionell och p\u00e5litlig service<\/h4>\n\t\t\t\t<\/div>\n\t<\/div>\n<\/div><\/div>\n\n\n<div class=\"featured-items-block block\">\n\t<div class=\"featured-item\">\n\t\t<div class=\"content-half has-dark-gray-background-color\">\n\t\t\t<div class=\"featured-item--content grid-item\">\n\t\t\t\t\t\t<a class=\"button button-large\" href=\"https:\/\/www.skaala.com\/sv\/fonster\/fonstertillbehor\/\">F\u00f6nstertillbeh\u00f6r<\/a>\n\t\t\t\t\t\t<\/div>\n\t\t<\/div>\n\t\t\t\t<div class=\"featured-item--image grid-item\"\n\t\t\t\t\tdata-interchange=\"\n\t\t\t\t\t[https:\/\/www.skaala.com\/wp-content\/uploads\/2024\/09\/Skaala-Stopvagen-89-95-Fotograf-Mattias-Hamren-3-1024x683.jpg, small], \n\t\t\t\t\t[https:\/\/www.skaala.com\/wp-content\/uploads\/2024\/09\/Skaala-Stopvagen-89-95-Fotograf-Mattias-Hamren-3-1024x683.jpg, medium], \n\t\t\t\t\t[https:\/\/www.skaala.com\/wp-content\/uploads\/2024\/09\/Skaala-Stopvagen-89-95-Fotograf-Mattias-Hamren-3-1200x800.jpg, large], \n\t\t\t\t\t[https:\/\/www.skaala.com\/wp-content\/uploads\/2024\/09\/Skaala-Stopvagen-89-95-Fotograf-Mattias-Hamren-3-1536x1024.jpg, xlarge]\"\n\t\t\t\t\t>\n\t\t<\/div>\n\t\t\t<\/div>\n\t\t<div class=\"featured-item\">\n\t\t<div class=\"content-half has-dark-gray-background-color\">\n\t\t\t<div class=\"featured-item--content grid-item\">\n\t\t\t\t\t\t<a class=\"button button-large\" href=\"https:\/\/www.skaala.com\/sv\/fonster\/glasalternativ\/\">Glasalternativ<\/a>\n\t\t\t\t\t\t<\/div>\n\t\t<\/div>\n\t\t\t\t<div class=\"featured-item--image grid-item\"\n\t\t\t\t\tdata-interchange=\"\n\t\t\t\t\t[https:\/\/www.skaala.com\/wp-content\/uploads\/2023\/08\/Olohuoneenautoikkunat-1024x1536.jpg, small], \n\t\t\t\t\t[https:\/\/www.skaala.com\/wp-content\/uploads\/2023\/08\/Olohuoneenautoikkunat-1024x1536.jpg, medium], \n\t\t\t\t\t[https:\/\/www.skaala.com\/wp-content\/uploads\/2023\/08\/Olohuoneenautoikkunat-1200x1800.jpg, large], \n\t\t\t\t\t[https:\/\/www.skaala.com\/wp-content\/uploads\/2023\/08\/Olohuoneenautoikkunat-1024x1536.jpg, xlarge]\"\n\t\t\t\t\t>\n\t\t<\/div>\n\t\t\t<\/div>\n\t\t<div class=\"featured-item\">\n\t\t<div class=\"content-half has-dark-gray-background-color\">\n\t\t\t<div class=\"featured-item--content grid-item\">\n\t\t\t\t\t\t<a class=\"button button-large\" href=\"https:\/\/www.skaala.com\/sv\/fonster\/sa-har-koper-du-fonster\/\">S\u00e5 h\u00e4r v\u00e4ljer du f\u00f6nster<\/a>\n\t\t\t\t\t\t<\/div>\n\t\t<\/div>\n\t\t\t\t<div class=\"featured-item--image grid-item\"\n\t\t\t\t\tdata-interchange=\"\n\t\t\t\t\t[https:\/\/www.skaala.com\/wp-content\/uploads\/2023\/06\/Seglingeautonakymaautoylakerranautoaula-1024x683.jpg, small], \n\t\t\t\t\t[https:\/\/www.skaala.com\/wp-content\/uploads\/2023\/06\/Seglingeautonakymaautoylakerranautoaula-1024x683.jpg, medium], \n\t\t\t\t\t[https:\/\/www.skaala.com\/wp-content\/uploads\/2023\/06\/Seglingeautonakymaautoylakerranautoaula-1200x800.jpg, large], \n\t\t\t\t\t[https:\/\/www.skaala.com\/wp-content\/uploads\/2023\/06\/Seglingeautonakymaautoylakerranautoaula-1536x1024.jpg, xlarge]\"\n\t\t\t\t\t>\n\t\t<\/div>\n\t\t\t<\/div>\n\t\t<div class=\"featured-item\">\n\t\t<div class=\"content-half has-dark-gray-background-color\">\n\t\t\t<div class=\"featured-item--content grid-item\">\n\t\t\t\t\t\t<a class=\"button button-large\" href=\"https:\/\/www.skaala.com\/sv\/fonster\/fonsterunderhall\/\">F\u00f6nsterunderh\u00e5ll<\/a>\n\t\t\t\t\t\t<\/div>\n\t\t<\/div>\n\t\t\t\t<div class=\"featured-item--image grid-item\"\n\t\t\t\t\tdata-interchange=\"\n\t\t\t\t\t[https:\/\/www.skaala.com\/wp-content\/uploads\/2023\/04\/Lasiliukuoviautonakymaautowww-1024x683.jpg, small], \n\t\t\t\t\t[https:\/\/www.skaala.com\/wp-content\/uploads\/2023\/04\/Lasiliukuoviautonakymaautowww-1024x683.jpg, medium], \n\t\t\t\t\t[https:\/\/www.skaala.com\/wp-content\/uploads\/2023\/04\/Lasiliukuoviautonakymaautowww-1200x800.jpg, large], \n\t\t\t\t\t[https:\/\/www.skaala.com\/wp-content\/uploads\/2023\/04\/Lasiliukuoviautonakymaautowww-1536x1024.jpg, xlarge]\"\n\t\t\t\t\t>\n\t\t<\/div>\n\t\t\t<\/div>\n\t\t<div class=\"featured-item\">\n\t\t<div class=\"content-half has-dark-gray-background-color\">\n\t\t\t<div class=\"featured-item--content grid-item\">\n\t\t\t\t\t\t<a class=\"button button-large\" href=\"https:\/\/www.skaala.com\/sv\/kontaktuppgifter\/\">Kontaktuppgifter<\/a>\n\t\t\t\t\t\t<\/div>\n\t\t<\/div>\n\t\t\t\t<div class=\"featured-item--image grid-item\"\n\t\t\t\t\tdata-interchange=\"\n\t\t\t\t\t[https:\/\/www.skaala.com\/wp-content\/uploads\/2024\/04\/quino-al-4SNUcHPiC8c-unsplash-1024x683.jpg, small], \n\t\t\t\t\t[https:\/\/www.skaala.com\/wp-content\/uploads\/2024\/04\/quino-al-4SNUcHPiC8c-unsplash-1024x683.jpg, medium], \n\t\t\t\t\t[https:\/\/www.skaala.com\/wp-content\/uploads\/2024\/04\/quino-al-4SNUcHPiC8c-unsplash-1200x800.jpg, large], \n\t\t\t\t\t[https:\/\/www.skaala.com\/wp-content\/uploads\/2024\/04\/quino-al-4SNUcHPiC8c-unsplash-1536x1024.jpg, xlarge]\"\n\t\t\t\t\t>\n\t\t<\/div>\n\t\t\t<\/div>\n\t<\/div>\n","protected":false},"excerpt":{"rendered":"","protected":false},"author":5,"featured_media":22024,"parent":0,"menu_order":0,"comment_status":"closed","ping_status":"closed","template":"","meta":{"_acf_changed":false,"inline_featured_image":false,"footnotes":""},"class_list":["post-3548","page","type-page","status-publish","has-post-thumbnail","hentry"],"acf":[],"_links":{"self":[{"href":"https:\/\/www.skaala.com\/sv\/wp-json\/wp\/v2\/pages\/3548","targetHints":{"allow":["GET"]}}],"collection":[{"href":"https:\/\/www.skaala.com\/sv\/wp-json\/wp\/v2\/pages"}],"about":[{"href":"https:\/\/www.skaala.com\/sv\/wp-json\/wp\/v2\/types\/page"}],"author":[{"embeddable":true,"href":"https:\/\/www.skaala.com\/sv\/wp-json\/wp\/v2\/users\/5"}],"replies":[{"embeddable":true,"href":"https:\/\/www.skaala.com\/sv\/wp-json\/wp\/v2\/comments?post=3548"}],"version-history":[{"count":43,"href":"https:\/\/www.skaala.com\/sv\/wp-json\/wp\/v2\/pages\/3548\/revisions"}],"predecessor-version":[{"id":23065,"href":"https:\/\/www.skaala.com\/sv\/wp-json\/wp\/v2\/pages\/3548\/revisions\/23065"}],"wp:featuredmedia":[{"embeddable":true,"href":"https:\/\/www.skaala.com\/sv\/wp-json\/wp\/v2\/media\/22024"}],"wp:attachment":[{"href":"https:\/\/www.skaala.com\/sv\/wp-json\/wp\/v2\/media?parent=3548"}],"curies":[{"name":"wp","href":"https:\/\/api.w.org\/{rel}","templated":true}]}}