{"id":3554,"date":"2020-05-14T15:28:41","date_gmt":"2020-05-14T12:28:41","guid":{"rendered":"https:\/\/www.skaala.com\/?page_id=3554"},"modified":"2025-06-26T14:31:19","modified_gmt":"2025-06-26T11:31:19","slug":"tillval-och-egenskaper-for-skjutdorrar","status":"publish","type":"page","link":"https:\/\/www.skaala.com\/sv\/dorrar\/skjutdorrar\/tillval-och-egenskaper-for-skjutdorrar\/","title":{"rendered":"Tillval och egenskaper f\u00f6r skjutd\u00f6rrar"},"content":{"rendered":"\n\t<header class=\"featured-hero has-dark-gray-background-color\" role=\"banner\">\n\t\t\t<h1>Tillval och egenskaper f\u00f6r skjutd\u00f6rrar<\/h1>\n\t<\/header>\n\t\n\n\n<div class=\"wp-block-custom-content-area custom-wrapper aligncenter has-light-blue-background-color\"><div class=\"outer-wrap\">\t\n\t<div id=\"heading-block-block_dbb3e3b9ac9b90f18f85d267f53c3dc3\" class=\"heading-block\">\n\t\t<h2 ><span>En skjutd\u00f6rr i glas f\u00f6r ditt hem<\/span><\/h2>\t<\/div>\n\n\n\n<div id=\"text-block-block_a13bce3d77512e1084126875378652a0\" class=\"text-block\">\n\t\t\t<div class=\"fusion-text\">\n<div class=\"fusion-text\">\n<p>V\u00e4lj mellan v\u00e5ra olika \u00f6ppningsm\u00f6jligheter:<br \/>\nD\u00f6rren kan kombineras med v\u00e5ra fasta f\u00f6nster ULEK20.<\/p>\n<\/div>\n<div class=\"fusion-builder-row fusion-builder-row-inner fusion-row \">\n<div class=\"fusion-layout-column fusion_builder_column fusion_builder_column_1_4 fusion-one-fourth fusion-column-first 1_4\">\n<div class=\"fusion-column-wrapper\" data-bg-url=\"\"><\/div>\n<\/div>\n<\/div>\n<\/div>\n\t<\/div>\n\n\n\n\n<div class=\"wp-block-custom-inner-columns has-one-columns custom-columns\"><div class=\"outer-wrap\">\n<div class=\"wp-block-custom-custom-column custom-column\"><div class=\"inner-wrap\">\n<div id=\"image-block_7cfc47a37f2d649680cc0e1e83670c12\" class=\"image-block\">\n\t\t\t\t<div class=\"image-container\" style=\"width: px; height: \n\t\tauto;\">\n\t\t\t<img decoding=\"async\" src=\"https:\/\/www.skaala.com\/wp-content\/uploads\/2020\/05\/HebeA-2-osainen-color.jpg\" alt=\"\">\n\t\t<\/div>\n\t \n\n\t<\/div>\n\n\n\n\n<div id=\"text-block-block_f2ae91733d94f67f77f70a14e3e72a80\" class=\"text-block\">\n\t\t\t<div class=\"fusion-text\">\n<p style=\"text-align: center;\">Tv\u00e5delad skjutd\u00f6rr med fast sidoljus. V\u00e4lj v\u00e4nster- eller h\u00f6geh\u00e4ngt.<\/p>\n<\/div>\n\t<\/div>\n\n\n\n\n<div id=\"image-block_61fe544b7188a65b441b74a438b46c51\" class=\"image-block\">\n\t\t\t\t<div class=\"image-container\" style=\"width: px; height: \n\t\tauto;\">\n\t\t\t<img decoding=\"async\" src=\"https:\/\/www.skaala.com\/wp-content\/uploads\/2020\/05\/HebeA-4-osainen-toimintovaihtoehdot-color-.jpg\" alt=\"\">\n\t\t<\/div>\n\t \n\n\t<\/div>\n\n\n\n\n<div id=\"text-block-block_fb2a4cc08864d9cf74bc932b104dff73\" class=\"text-block\">\n\t\t\t<p style=\"text-align: center;\">Skjutd\u00f6rr med fyra luft, tv\u00e5 skjutd\u00f6rrselement i mitten med fasta sidoljus.<\/p>\n\t<\/div>\n\n<\/div><\/div>\n<\/div><\/div>\n<\/div><\/div>\n\n\n\n<div class=\"wp-block-custom-content-area custom-wrapper alignleft has-light-blue-background-color\"><div class=\"outer-wrap\">\t\n\t<div id=\"heading-block-block_486775149e197e04431d5b8ec89aa2d0\" class=\"heading-block\">\n\t\t<h3 ><span>Standardkul\u00f6rer och tr\u00e4fanertyper<\/span><\/h3>\t<\/div>\n\n\n\n<div class=\"wp-block-custom-inner-columns has-three-columns custom-columns\"><div class=\"outer-wrap\">\n<div class=\"wp-block-custom-custom-column custom-column\"><div class=\"inner-wrap\">\n<div id=\"image-block_05bfdd80b32f631b75245d5efc17d368\" class=\"image-block\">\n\t\t\t\t<div class=\"image-container\" style=\"width: px; height: \n\t\tauto;\">\n\t\t\t<img decoding=\"async\" src=\"https:\/\/www.skaala.com\/wp-content\/uploads\/2020\/05\/RAL-9010.jpg\" alt=\"\">\n\t\t<\/div>\n\t \n\n\t<\/div>\n\n\n\n\n<div id=\"text-block-block_ace936185c0cc8aa8e16d5e0ff2bd3be\" class=\"text-block\">\n\t\t\t<p>Vit<br \/>\nRAL 9010<\/p>\n\t<\/div>\n\n\n\n\n<div id=\"image-block_f2df576048480fe7365c5dc1e07d42c2\" class=\"image-block\">\n\t\t\t\t<div class=\"image-container\" style=\"width: 100px; height: \n\t\tauto;\">\n\t\t\t<img decoding=\"async\" src=\"https:\/\/www.skaala.com\/wp-content\/uploads\/2020\/05\/RR32.png\" alt=\"\">\n\t\t<\/div>\n\t \n\n\t<\/div>\n\n\n\n\n<div id=\"text-block-block_91f9d078e88e22868a90482b011dc9a2\" class=\"text-block\">\n\t\t\t<p>M\u00f6rkbrun<br \/>\nRR 32<\/p>\n\t<\/div>\n\n<\/div><\/div>\n\n\n\n<div class=\"wp-block-custom-custom-column custom-column\"><div class=\"inner-wrap\">\n<div id=\"image-block_febc71eda19f8f178acab849b26325d5\" class=\"image-block\">\n\t\t\t\t<div class=\"image-container\" style=\"width: px; height: \n\t\tauto;\">\n\t\t\t<img decoding=\"async\" src=\"https:\/\/www.skaala.com\/wp-content\/uploads\/2020\/05\/RAL-7040.jpg\" alt=\"\">\n\t\t<\/div>\n\t \n\n\t<\/div>\n\n\n\n\n<div id=\"text-block-block_79eb7a97e5f0d17154d87d6b2de8c439\" class=\"text-block\">\n\t\t\t<p>Gr\u00e5<br \/>\nRAL 7040<\/p>\n\t<\/div>\n\n\n\n\n<div id=\"image-block_558a8a2c1bf887fb4ed47da4bc130759\" class=\"image-block\">\n\t\t\t\t<div class=\"image-container\" style=\"width: 100px; height: \n\t\tauto;\">\n\t\t\t<img decoding=\"async\" src=\"https:\/\/www.skaala.com\/wp-content\/uploads\/2020\/05\/RAL9005.png\" alt=\"\">\n\t\t<\/div>\n\t \n\n\t<\/div>\n\n\n\n\n<div id=\"text-block-block_4471cb4099b6c23ab06115b920aa588e\" class=\"text-block\">\n\t\t\t<p>Svart<br \/>\nRAL 9005<\/p>\n\t<\/div>\n\n<\/div><\/div>\n\n\n\n<div class=\"wp-block-custom-custom-column custom-column\"><div class=\"inner-wrap\">\n<div id=\"image-block_686fdd695505df2724e3fa2bc3f17b5b\" class=\"image-block\">\n\t\t\t\t<div class=\"image-container\" style=\"width: px; height: \n\t\tauto;\">\n\t\t\t<img decoding=\"async\" src=\"https:\/\/www.skaala.com\/wp-content\/uploads\/2020\/05\/RAL-7024.jpg\" alt=\"\">\n\t\t<\/div>\n\t \n\n\t<\/div>\n\n\n\n\n<div id=\"text-block-block_83b1361a081ebbed539034ded98a551f\" class=\"text-block\">\n\t\t\t<p>Gr\u00e5<br \/>\nRAL 7024<\/p>\n\t<\/div>\n\n\n\n\n<div id=\"image-block_60dd4cddc49bae27446b41c68d7b247b\" class=\"image-block\">\n\t\t\t\t<div class=\"image-container\" style=\"width: 100px; height: \n\t\tauto;\">\n\t\t\t<img decoding=\"async\" src=\"https:\/\/www.skaala.com\/wp-content\/uploads\/2020\/05\/RAL7021.png\" alt=\"\">\n\t\t<\/div>\n\t \n\n\t<\/div>\n\n\n\n\n<div id=\"text-block-block_b64b547f9e953e5479970d862a3f716b\" class=\"text-block\">\n\t\t\t<p>M\u00f6rkgr\u00e5<br \/>\nRAL 7021<\/p>\n\t<\/div>\n\n<\/div><\/div>\n<\/div><\/div>\n\n\n\n<div id=\"text-block-block_3b3f04f10efc8d020bffd1f58ad5b1d7\" class=\"text-block\">\n\t\t\t<div class=\"fusion-layout-column fusion_builder_column fusion_builder_column_1_1 fusion-builder-column-2 fusion-one-full fusion-column-first fusion-column-last 1_1\">\n<div class=\"fusion-column-wrapper\" data-bg-url=\"\">\n<div class=\"fusion-text\">\n<p>Utsidans aluminiumyta kan pulverlackeras efter dina \u00f6nskem\u00e5l i RAL eller NCS kul\u00f6r. Insidans tr\u00e4ytor m\u00e5las i NCS kul\u00f6r. Du kan \u00e4ven v\u00e4lja lasyr eller vitpigmenterad klarlack.<\/p>\n<\/div>\n<div class=\"fusion-clearfix\"><span style=\"font-size: inherit;\">Obs! Kul\u00f6rerna ovan kan skilja sig fr\u00e5n verkligheten. Kontrollera alltid f\u00e4rgen med hj\u00e4lp av en f\u00e4rgkarta!<\/span><\/div>\n<\/div>\n<\/div>\n<div class=\"fusion-layout-column fusion_builder_column fusion_builder_column_1_1 fusion-builder-column-9 fusion-one-full fusion-column-first fusion-column-last 1_1\">\n<div class=\"fusion-column-wrapper\" data-bg-url=\"\">\n<div class=\"fusion-clearfix\"><\/div>\n<\/div>\n<\/div>\n\t<\/div>\n\n<\/div><\/div>\n\n\n\n<div class=\"wp-block-custom-content-area custom-wrapper alignleft has-light-blue-background-color\"><div class=\"outer-wrap\">\t\n\t<div id=\"heading-block-block_a07fae8752eb130e88ff5c30342d6486\" class=\"heading-block\">\n\t\t<h2 ><span>Egenskaper<\/span><\/h2>\t<\/div>\n\n\n\n<div class=\"wp-block-custom-inner-columns has-two-columns custom-columns\"><div class=\"outer-wrap\">\n<div class=\"wp-block-custom-custom-column custom-column\"><div class=\"inner-wrap\">\t\n\t<div id=\"heading-block-block_1999cfbcaf6890629e825c85026b0bf2\" class=\"heading-block\">\n\t\t<h4 ><span>Konstruktions- och storleksbegr\u00e4nsningar<\/span><\/h4>\t<\/div>\n\n\n\n<div id=\"text-block-block_6de1528951b6c36bad6ca8c8d4b11d76\" class=\"text-block\">\n\t\t\t<p>Skjutd\u00f6rr av tr\u00e4 och aluminium med 3-glas isolerkassett och komposittr\u00f6skel.<\/p>\n<p>Karmdjup 209 mm<\/p>\n\t<\/div>\n\n\n\n\n<div id=\"image-block_e21f529fc946d648c13526d0da7f8138\" class=\"image-block\">\n\t\t\t\t<div class=\"image-container\" style=\"width: px; height: \n\t\tauto;\">\n\t\t\t<img decoding=\"async\" src=\"https:\/\/www.skaala.com\/wp-content\/uploads\/2023\/04\/Lasiliukuoviautokoot.png\" alt=\"\">\n\t\t<\/div>\n\t \n\n\t<\/div>\n\n\n\n\t\n\t<div id=\"heading-block-block_fd9bf75b7997f8c5fa9df93ef834a4e1\" class=\"heading-block\">\n\t\t<h4 ><span>Material<\/span><\/h4>\t<\/div>\n\n\n\n<div id=\"text-block-block_b43a0cbf8adced3b9ae44e9ca2d27e37\" class=\"text-block\">\n\t\t\t<div class=\"fusion-panel panel-default fusion-toggle-no-divider\">\n<div id=\"902d6eae5d9b17da6\" class=\"panel-collapse collapse in\">\n<div class=\"panel-body toggle-content fusion-clearfix\">\n<p>Utsidan av v\u00e4derbest\u00e4ndigt aluminium, insidan av fingerskarvat, grenfritt kvalitetsvirke (furu, t\u00e4ck- eller lasyrm\u00e5lad). Standardf\u00e4rg vit (NCS S 0502-Y).<\/p>\n<\/div>\n<\/div>\n<\/div>\n\t<\/div>\n\n\n\n\t\n\t<div id=\"heading-block-block_50d7c6fe8dc2324ce9b409bced0e614c\" class=\"heading-block\">\n\t\t<h4 ><span>Glas<\/span><\/h4>\t<\/div>\n\n\n\n<div id=\"text-block-block_9027f129b93f72c7af4248cb19d1871a\" class=\"text-block\">\n\t\t\t<div class=\"fusion-panel panel-default fusion-toggle-no-divider\">\n<div id=\"7bf5e8750eddec6ea\" class=\"panel-collapse collapse in\">\n<div class=\"panel-body toggle-content fusion-clearfix\">\n<div class=\"fusion-panel panel-default fusion-toggle-no-divider\">\n<div id=\"caec6776b37d3b61f\" class=\"panel-collapse collapse in\">\n<div class=\"panel-body toggle-content fusion-clearfix\">\n<p>Standard glas 3-glas isolerglaskassett med Superspacer, 2 st. energiglas och argongas<\/p>\n<ul>\n<li>Kondensfritt glas FrostFree<\/li>\n<li>Insynsskyddat glas<\/li>\n<li>S\u00e4kerhetsglas<\/li>\n<li>Ljudisoleringsglas<\/li>\n<li>Signalglas (f\u00f6r f\u00f6rb\u00e4ttrad mobilt\u00e4ckning inomhus)<\/li>\n<\/ul>\n<\/div>\n<\/div>\n<\/div>\n<\/div>\n<\/div>\n<\/div>\n\t<\/div>\n\n\n\n\t\n\t<div id=\"heading-block-block_155f2667ee290693875620b31bd90ef7\" class=\"heading-block\">\n\t\t<h4 ><span>Beslag<\/span><\/h4>\t<\/div>\n\n\n\n<div id=\"text-block-block_6e7e91364db7b35d0d589b333cfd2d78\" class=\"text-block\">\n\t\t\t<div class=\"fusion-panel panel-default fusion-toggle-no-divider\">\n<div id=\"687eae099830bfd3e\" class=\"panel-collapse collapse in\">\n<div class=\"panel-body toggle-content fusion-clearfix\">\n<div class=\"fusion-panel panel-default fusion-toggle-no-divider\">\n<div id=\"59348fbba823acd44\" class=\"panel-collapse collapse in\">\n<div class=\"panel-body toggle-content fusion-clearfix\">\n<p>Spanjolettl\u00e5sning, handtag inv\u00e4ndig (standard)<\/p>\n<p>M\u00f6jlighet f\u00f6r cylinderl\u00e5sning och handtag p\u00e5 in- och utsidan.<\/p>\n<\/div>\n<\/div>\n<\/div>\n<\/div>\n<\/div>\n<\/div>\n\t<\/div>\n\n<\/div><\/div>\n\n\n\n<div class=\"wp-block-custom-custom-column custom-column\"><div class=\"inner-wrap\">\t\n\t<div id=\"heading-block-block_70a1f79b34c828e7432012bca5922454\" class=\"heading-block\">\n\t\t<h4 ><span>Patenterad tr\u00f6skelkonstruktion<\/span><\/h4>\t<\/div>\n\n\n\n<div id=\"text-block-block_73b2058a49205a7410b495ea5707a2a7\" class=\"text-block\">\n\t\t\t<div class=\"fusion-panel panel-default fusion-toggle-no-divider\">\n<div id=\"747d18a1452442cda\" class=\"panel-collapse collapse in\">\n<div class=\"panel-body toggle-content fusion-clearfix\">\n<p>Den l\u00e5ga tr\u00f6skeln kan s\u00e4nkas ner i golvet. V\u00e5r patenterade komposittr\u00f6skel garanterar bruten k\u00f6ldbrygga och en behaglig golvtemperatur \u00e4ven mitt i vintern.<\/p>\n<\/div>\n<\/div>\n<\/div>\n\t<\/div>\n\n\n\n\t\n\t<div id=\"heading-block-block_89f653121ab4fb33502ea082a91c1574\" class=\"heading-block\">\n\t\t<h4 ><span>T\u00e4tning<\/span><\/h4>\t<\/div>\n\n\n\n<div id=\"text-block-block_5c6efe686d997ef27405af19bb4202fb\" class=\"text-block\">\n\t\t\t<div class=\"fusion-panel panel-default fusion-toggle-no-divider\">\n<div id=\"00703f9384652c3b5\" class=\"panel-collapse collapse in\">\n<div class=\"panel-body toggle-content fusion-clearfix\">\n<p>Silikont\u00e4tning med 2 skikt i d\u00f6rren.<\/p>\n<\/div>\n<\/div>\n<\/div>\n\t<\/div>\n\n\n\n\t\n\t<div id=\"heading-block-block_a39d57ca3fca4cf227bbba120763dfb6\" class=\"heading-block\">\n\t\t<h4 ><span>V\u00e4rme- och ljudisolering<\/span><\/h4>\t<\/div>\n\n\n\n<div id=\"text-block-block_7cdc7be51628cb43f5c9c44bc54ae162\" class=\"text-block\">\n\t\t\t<p>V\u00e5ra skjutd\u00f6rrar har mycket god v\u00e4rmeisoleringsf\u00f6rm\u00e5ga. Beroende p\u00e5 val av glas kan du f\u00e5 ett U-v\u00e4rde p\u00e5 s\u00e5 lite som 0,73 W\/m2K<\/p>\n<p>Ljudisoleringsf\u00f6rm\u00e5gan RW 32 dB &#8211; 40 dB<\/p>\n\t<\/div>\n\n<\/div><\/div>\n<\/div><\/div>\n<\/div><\/div>\n\n\n<div class=\"featured-items-block block\">\n\t<div class=\"featured-item\">\n\t\t<div class=\"content-half has-dark-gray-background-color\">\n\t\t\t<div class=\"featured-item--content grid-item\">\n\t\t\t\t\t\t<a class=\"button button-large\" href=\"https:\/\/www.skaala.com\/sv\/fonster\/fasta-fonster\/\">Fasta f\u00f6nster<\/a>\n\t\t\t\t\t\t<\/div>\n\t\t<\/div>\n\t\t\t\t<div class=\"featured-item--image grid-item\"\n\t\t\t\t\tdata-interchange=\"\n\t\t\t\t\t[https:\/\/www.skaala.com\/wp-content\/uploads\/2020\/05\/Na\u0308kyma\u0308-pa\u0308a\u0308osassa-1024x683.jpg, small], \n\t\t\t\t\t[https:\/\/www.skaala.com\/wp-content\/uploads\/2020\/05\/Na\u0308kyma\u0308-pa\u0308a\u0308osassa-1024x683.jpg, medium], \n\t\t\t\t\t[https:\/\/www.skaala.com\/wp-content\/uploads\/2020\/05\/Na\u0308kyma\u0308-pa\u0308a\u0308osassa-1200x800.jpg, large], \n\t\t\t\t\t[https:\/\/www.skaala.com\/wp-content\/uploads\/2020\/05\/Na\u0308kyma\u0308-pa\u0308a\u0308osassa-1536x1024.jpg, xlarge]\"\n\t\t\t\t\t>\n\t\t<\/div>\n\t\t\t<\/div>\n\t\t<div class=\"featured-item\">\n\t\t<div class=\"content-half has-dark-gray-background-color\">\n\t\t\t<div class=\"featured-item--content grid-item\">\n\t\t\t\t\t\t<a class=\"button button-large\" href=\"https:\/\/www.skaala.com\/sv\/dorrar\/skjutdorrar\/underhall-av-glasskjutdorrar\/\">Underh\u00e5ll av glasskjutd\u00f6rrar<\/a>\n\t\t\t\t\t\t<\/div>\n\t\t<\/div>\n\t\t\t\t<div class=\"featured-item--image grid-item\"\n\t\t\t\t\tdata-interchange=\"\n\t\t\t\t\t[https:\/\/www.skaala.com\/wp-content\/uploads\/2023\/05\/skaalaauto08-1024x683.jpg, small], \n\t\t\t\t\t[https:\/\/www.skaala.com\/wp-content\/uploads\/2023\/05\/skaalaauto08-1024x683.jpg, medium], \n\t\t\t\t\t[https:\/\/www.skaala.com\/wp-content\/uploads\/2023\/05\/skaalaauto08-1200x800.jpg, large], \n\t\t\t\t\t[https:\/\/www.skaala.com\/wp-content\/uploads\/2023\/05\/skaalaauto08-1536x1024.jpg, xlarge]\"\n\t\t\t\t\t>\n\t\t<\/div>\n\t\t\t<\/div>\n\t\t<div class=\"featured-item\">\n\t\t<div class=\"content-half has-dark-gray-background-color\">\n\t\t\t<div class=\"featured-item--content grid-item\">\n\t\t\t\t\t\t<a class=\"button button-large\" href=\"https:\/\/www.skaala.com\/sv\/kontaktuppgifter\/\">Kontaktuppgifter<\/a>\n\t\t\t\t\t\t<\/div>\n\t\t<\/div>\n\t\t\t\t<div class=\"featured-item--image grid-item\"\n\t\t\t\t\tdata-interchange=\"\n\t\t\t\t\t[https:\/\/www.skaala.com\/wp-content\/uploads\/2024\/04\/quino-al-4SNUcHPiC8c-unsplash-1024x683.jpg, small], \n\t\t\t\t\t[https:\/\/www.skaala.com\/wp-content\/uploads\/2024\/04\/quino-al-4SNUcHPiC8c-unsplash-1024x683.jpg, medium], \n\t\t\t\t\t[https:\/\/www.skaala.com\/wp-content\/uploads\/2024\/04\/quino-al-4SNUcHPiC8c-unsplash-1200x800.jpg, large], \n\t\t\t\t\t[https:\/\/www.skaala.com\/wp-content\/uploads\/2024\/04\/quino-al-4SNUcHPiC8c-unsplash-1536x1024.jpg, xlarge]\"\n\t\t\t\t\t>\n\t\t<\/div>\n\t\t\t<\/div>\n\t<\/div>\n","protected":false},"excerpt":{"rendered":"","protected":false},"author":5,"featured_media":16441,"parent":3515,"menu_order":0,"comment_status":"closed","ping_status":"closed","template":"","meta":{"_acf_changed":false,"inline_featured_image":false,"footnotes":""},"class_list":["post-3554","page","type-page","status-publish","has-post-thumbnail","hentry"],"acf":[],"_links":{"self":[{"href":"https:\/\/www.skaala.com\/sv\/wp-json\/wp\/v2\/pages\/3554","targetHints":{"allow":["GET"]}}],"collection":[{"href":"https:\/\/www.skaala.com\/sv\/wp-json\/wp\/v2\/pages"}],"about":[{"href":"https:\/\/www.skaala.com\/sv\/wp-json\/wp\/v2\/types\/page"}],"author":[{"embeddable":true,"href":"https:\/\/www.skaala.com\/sv\/wp-json\/wp\/v2\/users\/5"}],"replies":[{"embeddable":true,"href":"https:\/\/www.skaala.com\/sv\/wp-json\/wp\/v2\/comments?post=3554"}],"version-history":[{"count":23,"href":"https:\/\/www.skaala.com\/sv\/wp-json\/wp\/v2\/pages\/3554\/revisions"}],"predecessor-version":[{"id":15651,"href":"https:\/\/www.skaala.com\/sv\/wp-json\/wp\/v2\/pages\/3554\/revisions\/15651"}],"up":[{"embeddable":true,"href":"https:\/\/www.skaala.com\/sv\/wp-json\/wp\/v2\/pages\/3515"}],"wp:featuredmedia":[{"embeddable":true,"href":"https:\/\/www.skaala.com\/sv\/wp-json\/wp\/v2\/media\/16441"}],"wp:attachment":[{"href":"https:\/\/www.skaala.com\/sv\/wp-json\/wp\/v2\/media?parent=3554"}],"curies":[{"name":"wp","href":"https:\/\/api.w.org\/{rel}","templated":true}]}}