{"id":3564,"date":"2020-05-14T15:38:05","date_gmt":"2020-05-14T12:38:05","guid":{"rendered":"https:\/\/www.skaala.com\/?page_id=3564"},"modified":"2025-08-20T10:21:34","modified_gmt":"2025-08-20T07:21:34","slug":"underhall-av-glasskjutdorrar","status":"publish","type":"page","link":"https:\/\/www.skaala.com\/sv\/dorrar\/skjutdorrar\/underhall-av-glasskjutdorrar\/","title":{"rendered":"Underh\u00e5ll av glasskjutd\u00f6rrar"},"content":{"rendered":"\n\t<header class=\"featured-hero has-dark-gray-background-color\" role=\"banner\">\n\t\t\t<h1>Underh\u00e5ll av glasskjutd\u00f6rrar<\/h1>\n\t<\/header>\n\t\n\n\n<div class=\"wp-block-custom-content-area custom-wrapper aligncenter has-light-blue-background-color\"><div class=\"outer-wrap\">\t\n\t<div id=\"heading-block-block_782f9439d0dbdf5d3babf1ee40e4493d\" class=\"heading-block\">\n\t\t<h2 ><span>Underh\u00e5ll av glasskjutd\u00f6rrar<\/span><\/h2>\t<\/div>\n\n\n\n<div id=\"text-block-block_84e6d7665900a61d8be09e2e0f389a49\" class=\"text-block\">\n\t\t\t<p>N\u00e4r du k\u00f6per en skjutd\u00f6rr fr\u00e5n Skaala f\u00e5r du en produkt som \u00e4r designad f\u00f6r ett minimalt underh\u00e5ll. Behovet av underh\u00e5ll varierar beroende p\u00e5 klimat, l\u00e4ge och konstruktion men du f\u00f6rebygger problem genom regelbundet underh\u00e5ll. Notera att garantin endast g\u00e4ller vid korrekt montering och underh\u00e5ll enligt Skaalas anvisningar.<\/p>\n<p><em>Vi rekommenderar att glasskjutd\u00f6rrarnas skick och funktion kontrolleras regelbundet.<\/em><\/p>\n\t<\/div>\n\n<\/div><\/div>\n\n\n\n<div class=\"wp-block-custom-content-area custom-wrapper alignleft has-dark-gray-background-color\"><div class=\"outer-wrap\">\t\n\t<div id=\"heading-block-block_04049dac2eee9bcb2f71616e99944c0a\" class=\"heading-block\">\n\t\t<h2 ><span>Ytor och beslag<\/span><\/h2>\t<\/div>\n\n\n\n<div id=\"text-block-block_362295fdeaf5770285be9c75b43a0c67\" class=\"text-block\">\n\t\t\t<div class=\"fusion-layout-column fusion_builder_column fusion_builder_column_1_1 fusion-builder-column-3 fusion-one-full fusion-column-first fusion-column-last 1_1\">\n<div class=\"fusion-column-wrapper\" data-bg-url=\"\">\n<div class=\"fusion-text\">\n<ul>\n<li>Reng\u00f6r m\u00e5lade ytor och t\u00e4tningar i samband med f\u00f6nstertv\u00e4tt minst en g\u00e5ng per \u00e5r.<\/li>\n<li>L\u00f6sa eller skadade t\u00e4tningar m\u00e5ste ers\u00e4ttas med en motsvarande produkt.<\/li>\n<li>Sm\u00f6rj spanjoletten i samband med reng\u00f6ring.<\/li>\n<li>Kontrollera och reng\u00f6r skenorna.<\/li>\n<li>M\u00e5lade produkter torkas med en fuktig trasa. Anv\u00e4nd ett basiskt reng\u00f6ringsmedel.<\/li>\n<li>Undvik starka l\u00f6sningsmedel eller reng\u00f6ringsmedel d\u00e5 dessa kan p\u00e5verka glansen p\u00e5 m\u00e5lade ytor.<\/li>\n<li>Vid anv\u00e4ndning av m\u00f6gelborttagningsmedel, kontakta f\u00f6rst tillverkaren eftersom vissa m\u00f6gelreng\u00f6ringsmedel kan l\u00f6sa upp f\u00e4rgen.<\/li>\n<li>D\u00f6rrens aluminiumdelar \u00e4r underh\u00e5llsfria. Du m\u00e5ste dock reng\u00f6ra d\u00f6rren regelbundet, minst en g\u00e5ng per \u00e5r.<\/li>\n<\/ul>\n<\/div>\n<\/div>\n<\/div>\n<div class=\"fusion-layout-column fusion_builder_column fusion_builder_column_1_1 fusion-builder-column-4 fusion-one-full fusion-column-first fusion-column-last 1_1\">\n<div class=\"fusion-column-wrapper\" data-bg-url=\"\">\n<div class=\"fusion-text\"><\/div>\n<\/div>\n<\/div>\n\t<\/div>\n\n\n\n\t\n\t<div id=\"heading-block-block_b78e960a8069ad40afa07bd2e4d59bd8\" class=\"heading-block\">\n\t\t<h3 ><span>Glasunderh\u00e5ll<\/span><\/h3>\t<\/div>\n\n\n\n<div id=\"text-block-block_3283085a05a62ffcbb9790eba85a23a5\" class=\"text-block\">\n\t\t\t<div class=\"fusion-text\">\n<ul>\n<li>Anv\u00e4nd ett milt glasreng\u00f6ringsmedel.<\/li>\n<li>Om det finns fl\u00e4ckar p\u00e5 glaset som inte g\u00e5r att f\u00e5 bort med vanligt reng\u00f6ringsmedel, avl\u00e4gsna dem f\u00f6rsiktigt med en glasskrapa.<\/li>\n<li>F\u00f6r borttagning av lim, m\u00e5larf\u00e4rg eller motsvarande rekommenderas xylen som finns att k\u00f6pa bland annat i f\u00e4rghandeln eller v\u00e4lsorterade varuhus. \u00c4ven aceton kan anv\u00e4ndas (anv\u00e4nds exempelvis vid borttagning av nagellack), vilket \u00e4r mer effektivt f\u00f6r borttagning av m\u00e5larf\u00e4rg.<\/li>\n<li>Reng\u00f6r aldrig m\u00e5lade tr\u00e4- eller aluminiumytor med dessa medel, och f\u00f6rs\u00e4kra dig om att medlet inte kommer i kontakt med tr\u00e4- och aluminiumytor vid reng\u00f6ring av glaset.<\/li>\n<li>N\u00e4r du har anv\u00e4nt n\u00e5got av l\u00f6sningsmedlen ovan, var noga med att tv\u00e4tta om f\u00f6nstret efter\u00e5t med ett milt reng\u00f6ringsmedel och vatten.<\/li>\n<li>Puts\/betong som fastnar p\u00e5 glaset i samband med byggnation m\u00e5ste tas bort omg\u00e5ende. Anv\u00e4nd rikligt med vatten, ett milt basiskt reng\u00f6ringsmedel eller xylen.<\/li>\n<li>Undvik att gnugga och f\u00f6rs\u00f6k inte ta bort torr smuts.<\/li>\n<\/ul>\n<p><strong>Vid underh\u00e5ll och reng\u00f6ring av ytbehandlat glas<\/strong>\u00a0(sj\u00e4lvreng\u00f6rande Activ-glas, K-glas och FrostFree-glas) ska du t\u00e4nka p\u00e5 f\u00f6ljande:<\/p>\n<ul>\n<li>Undvik h\u00e5rda och spetsiga verktyg (t.ex. skrapor och st\u00e5lull) eftersom mekanisk gnidning mot glaset kan orsaka skador p\u00e5 glasytan som inte g\u00e5r att reparera.<\/li>\n<li>Se till att glaset inte kommer i kontakt med metallf\u00f6rem\u00e5l.<\/li>\n<li>Undvik kemikalier som kan orsaka best\u00e5ende skador p\u00e5 glasytan.<\/li>\n<li>Anv\u00e4nd aldrig kraftigt sura eller basiska \u00e4mnen.<\/li>\n<li>Reng\u00f6r inte glaset i direkt solljus.<\/li>\n<\/ul>\n<\/div>\n\t<\/div>\n\n<\/div><\/div>\n\n\n\n<div class=\"wp-block-custom-content-area custom-wrapper aligncenter has-light-blue-background-color\"><div class=\"outer-wrap\">\t\n\t<div id=\"heading-block-block_fb4d4e58f115f42e63511b145e95da5b\" class=\"heading-block\">\n\t\t<h2 ><span>LADDA NER V\u00c5R SK\u00d6TSEL- OCH BRUKSANVISNING H\u00c4R<\/span><\/h2>\t<\/div>\n\n\n<div id=\"file-block-block_0a25999afa9b47758b31e47c7747a414\" class=\"file-block\">\n\t<div class=\"grid-container\">\n\t\t\t\t\t<div class=\"files\">\n\t\t\t\t\t\t\t\t<div class=\"file\">\n\t\t\t\t\t\t<a href=\"https:\/\/www.skaala.com\/wp-content\/uploads\/2020\/05\/skaala_skotsel_och_monterings_manual_swe.pdf\" target=\"_blank\" aria-label=\"Avaa tiedosto: Sk\u00f6tsel- och bruksanvisning\" class=\"button\">Sk\u00f6tsel- och bruksanvisning<\/a>\n\t\t\t\t\t<\/div>\n\n\t\t\t\t\t\t\t<\/div>\n\t\t\t<\/div>\n<\/div>\n\n<\/div><\/div>\n\n\n<div class=\"featured-items-block block\">\n\t<div class=\"featured-item\">\n\t\t<div class=\"content-half has-dark-gray-background-color\">\n\t\t\t<div class=\"featured-item--content grid-item\">\n\t\t\t\t\t\t<a class=\"button button-large\" href=\"https:\/\/www.skaala.com\/sv\/kontaktuppgifter\/\">Kontaktuppgifter<\/a>\n\t\t\t\t\t\t<\/div>\n\t\t<\/div>\n\t\t\t\t<div class=\"featured-item--image grid-item\"\n\t\t\t\t\tdata-interchange=\"\n\t\t\t\t\t[https:\/\/www.skaala.com\/wp-content\/uploads\/2024\/04\/quino-al-4SNUcHPiC8c-unsplash-1024x683.jpg, small], \n\t\t\t\t\t[https:\/\/www.skaala.com\/wp-content\/uploads\/2024\/04\/quino-al-4SNUcHPiC8c-unsplash-1024x683.jpg, medium], \n\t\t\t\t\t[https:\/\/www.skaala.com\/wp-content\/uploads\/2024\/04\/quino-al-4SNUcHPiC8c-unsplash-1200x800.jpg, large], \n\t\t\t\t\t[https:\/\/www.skaala.com\/wp-content\/uploads\/2024\/04\/quino-al-4SNUcHPiC8c-unsplash-1536x1024.jpg, xlarge]\"\n\t\t\t\t\t>\n\t\t<\/div>\n\t\t\t<\/div>\n\t<\/div>\n","protected":false},"excerpt":{"rendered":"","protected":false},"author":5,"featured_media":15694,"parent":3515,"menu_order":0,"comment_status":"closed","ping_status":"closed","template":"","meta":{"_acf_changed":false,"inline_featured_image":false,"footnotes":""},"class_list":["post-3564","page","type-page","status-publish","has-post-thumbnail","hentry"],"acf":[],"_links":{"self":[{"href":"https:\/\/www.skaala.com\/sv\/wp-json\/wp\/v2\/pages\/3564","targetHints":{"allow":["GET"]}}],"collection":[{"href":"https:\/\/www.skaala.com\/sv\/wp-json\/wp\/v2\/pages"}],"about":[{"href":"https:\/\/www.skaala.com\/sv\/wp-json\/wp\/v2\/types\/page"}],"author":[{"embeddable":true,"href":"https:\/\/www.skaala.com\/sv\/wp-json\/wp\/v2\/users\/5"}],"replies":[{"embeddable":true,"href":"https:\/\/www.skaala.com\/sv\/wp-json\/wp\/v2\/comments?post=3564"}],"version-history":[{"count":9,"href":"https:\/\/www.skaala.com\/sv\/wp-json\/wp\/v2\/pages\/3564\/revisions"}],"predecessor-version":[{"id":25207,"href":"https:\/\/www.skaala.com\/sv\/wp-json\/wp\/v2\/pages\/3564\/revisions\/25207"}],"up":[{"embeddable":true,"href":"https:\/\/www.skaala.com\/sv\/wp-json\/wp\/v2\/pages\/3515"}],"wp:featuredmedia":[{"embeddable":true,"href":"https:\/\/www.skaala.com\/sv\/wp-json\/wp\/v2\/media\/15694"}],"wp:attachment":[{"href":"https:\/\/www.skaala.com\/sv\/wp-json\/wp\/v2\/media?parent=3564"}],"curies":[{"name":"wp","href":"https:\/\/api.w.org\/{rel}","templated":true}]}}