{"id":5809,"date":"2020-05-22T17:04:29","date_gmt":"2020-05-22T14:04:29","guid":{"rendered":"https:\/\/www.skaala.com\/?page_id=5809"},"modified":"2025-07-11T16:07:18","modified_gmt":"2025-07-11T13:07:18","slug":"utatgaende-fonster","status":"publish","type":"page","link":"https:\/\/www.skaala.com\/sv\/fonster\/utatgaende-fonster\/","title":{"rendered":"Ut\u00e5tg\u00e5ende f\u00f6nster"},"content":{"rendered":"\n\t<header class=\"featured-hero has-dark-gray-background-color\" role=\"banner\">\n\t\t\t<h1>Ut\u00e5tg\u00e5ende f\u00f6nster<\/h1>\n\t<\/header>\n\t\n\n\n<div class=\"wp-block-custom-content-area custom-wrapper aligncenter has-light-blue-background-color\"><div class=\"outer-wrap\">\t\n\t<div id=\"heading-block-block_d20ea0289e616878f44a996518b95f1d\" class=\"heading-block\">\n\t\t<h2 ><span>Flexibilitet \u00e4r nyckelordet f\u00f6r denna produkt<\/span><\/h2>\t<\/div>\n\n\n\n<div id=\"text-block-block_ef22d11a77cb13fb0ee495123f489f74\" class=\"text-block\">\n\t\t\t<p>Finns i fast utf\u00f6rande, traditionellt sidoh\u00e4ngt utf\u00f6rande samt i l\u00e4ttsk\u00f6tt Tilt &amp; Turn-utf\u00f6rande med moderna funktioner. En enhetlig profil hos de olika \u00f6ppningsmekanismerna g\u00f6r dem l\u00e4tt att kombinera. Mekanismen best\u00e5r av en enda knapp, vilket ger ett stilrent utseende. Raka ytor \u00e4r ett utm\u00e4rkt val f\u00f6r moderna byggnader och ger ett fr\u00e4scht utseende f\u00f6r \u00e4ldre fasader.<\/p>\n<p>&nbsp;<\/p>\n<p><strong>Underh\u00e5llsfritt.<\/strong>\u00a0Denna produkt kombinerar de b\u00e4sta egenskaperna hos tv\u00e5 olika material \u2013 det naturliga, v\u00e4rmen och estetiken hos tr\u00e4materialet kombineras med en underh\u00e5llsfri och t\u00e5lig utsida.<\/p>\n<p>&nbsp;<\/p>\n<p><strong>Design.<\/strong>\u00a0Den tunna och moderna profilen garanterar maximalt insl\u00e4pp av naturligt ljus. Ett helt\u00e4ckande utbud av f\u00e4rger ger n\u00e4stan obegr\u00e4nsade m\u00f6jligheter. F\u00f6r aluminiumkomponenterna g\u00e4ller f\u00e4rgkartan RAL Classic, f\u00f6r tr\u00e4komponenterna NCS. Standardf\u00e4rg vit (NCS S 0502-Y).<\/p>\n<p>&nbsp;<\/p>\n<p><strong>Val.<\/strong>\u00a0Aluminiumbekl\u00e4tt tr\u00e4 \u00e4r ett kostnadseffektivt alternativ f\u00f6r aluminiumprodukter. Denna produkt ger varje bostad, kontor eller offentligt utrymme ett merv\u00e4rde d\u00e5 fasadunderh\u00e5llet kan minimeras utan att g\u00f6ra avkall p\u00e5 h\u00f6gkvalitativa och h\u00e5llbara material.<\/p>\n<p>&nbsp;<\/p>\n\t<\/div>\n\n<\/div><\/div>\n\n\n\n<div class=\"wp-block-custom-content-area custom-wrapper alignleft has-light-blue-background-color\"><div class=\"outer-wrap\">\n<div class=\"wp-block-custom-inner-columns has-two-columns custom-columns\"><div class=\"outer-wrap\">\n<div class=\"wp-block-custom-custom-column custom-column\"><div class=\"inner-wrap\">\n<div id=\"image-block_7326216538743f25b6486abb0f81bb08\" class=\"image-block\">\n\t\t\t\t<div class=\"image-container\" style=\"width: px; height: \n\t\tauto;\">\n\t\t\t<img decoding=\"async\" src=\"https:\/\/www.skaala.com\/wp-content\/uploads\/2020\/05\/HAS_2020_inside_PNG-e1660047315644.png\" alt=\"\">\n\t\t<\/div>\n\t \n\n\t<\/div>\n\n<\/div><\/div>\n\n\n\n<div class=\"wp-block-custom-custom-column custom-column\"><div class=\"inner-wrap\">\n<div id=\"text-block-block_c48b02c8829732e618788afa5d404cc4\" class=\"text-block\">\n\t\t\t<p>Skaalas HAS f\u00f6nster\u00a0 Flexibilitet \u00e4r nyckelordet f\u00f6r v\u00e5ra f\u00f6nster, som \u00f6ppnas ut\u00e5t. En tunn och modern profil garanterar maximalt insl\u00e4pp av naturligt ljus.<\/p>\n<p>U-v\u00e4rde 0,79 &#8211; 1,0.<\/p>\n\t<\/div>\n\n<\/div><\/div>\n<\/div><\/div>\n<\/div><\/div>\n\n\n<div class=\"featured-items-block block\">\n\t<div class=\"featured-item\">\n\t\t<div class=\"content-half has-dark-gray-background-color\">\n\t\t\t<div class=\"featured-item--content grid-item\">\n\t\t\t\t\t\t<a class=\"button button-large\" href=\"https:\/\/www.skaala.com\/sv\/fonster\/fonstertillbehor\/\">F\u00f6nstertillbeh\u00f6r<\/a>\n\t\t\t\t\t\t<\/div>\n\t\t<\/div>\n\t\t\t\t<div class=\"featured-item--image grid-item\"\n\t\t\t\t\tdata-interchange=\"\n\t\t\t\t\t[https:\/\/www.skaala.com\/wp-content\/uploads\/2024\/09\/Skaala-Stopvagen-89-95-Fotograf-Mattias-Hamren-3-1024x683.jpg, small], \n\t\t\t\t\t[https:\/\/www.skaala.com\/wp-content\/uploads\/2024\/09\/Skaala-Stopvagen-89-95-Fotograf-Mattias-Hamren-3-1024x683.jpg, medium], \n\t\t\t\t\t[https:\/\/www.skaala.com\/wp-content\/uploads\/2024\/09\/Skaala-Stopvagen-89-95-Fotograf-Mattias-Hamren-3-1200x800.jpg, large], \n\t\t\t\t\t[https:\/\/www.skaala.com\/wp-content\/uploads\/2024\/09\/Skaala-Stopvagen-89-95-Fotograf-Mattias-Hamren-3-1536x1024.jpg, xlarge]\"\n\t\t\t\t\t>\n\t\t<\/div>\n\t\t\t<\/div>\n\t\t<div class=\"featured-item\">\n\t\t<div class=\"content-half has-dark-gray-background-color\">\n\t\t\t<div class=\"featured-item--content grid-item\">\n\t\t\t\t\t\t<a class=\"button button-large\" href=\"https:\/\/www.skaala.com\/sv\/fonster\/glasalternativ\/\">Glasalternativ<\/a>\n\t\t\t\t\t\t<\/div>\n\t\t<\/div>\n\t\t\t\t<div class=\"featured-item--image grid-item\"\n\t\t\t\t\tdata-interchange=\"\n\t\t\t\t\t[https:\/\/www.skaala.com\/wp-content\/uploads\/2023\/08\/Olohuoneenautoikkunat-1024x1536.jpg, small], \n\t\t\t\t\t[https:\/\/www.skaala.com\/wp-content\/uploads\/2023\/08\/Olohuoneenautoikkunat-1024x1536.jpg, medium], \n\t\t\t\t\t[https:\/\/www.skaala.com\/wp-content\/uploads\/2023\/08\/Olohuoneenautoikkunat-1200x1800.jpg, large], \n\t\t\t\t\t[https:\/\/www.skaala.com\/wp-content\/uploads\/2023\/08\/Olohuoneenautoikkunat-1024x1536.jpg, xlarge]\"\n\t\t\t\t\t>\n\t\t<\/div>\n\t\t\t<\/div>\n\t\t<div class=\"featured-item\">\n\t\t<div class=\"content-half has-dark-gray-background-color\">\n\t\t\t<div class=\"featured-item--content grid-item\">\n\t\t\t\t\t\t<a class=\"button button-large\" href=\"https:\/\/www.skaala.com\/sv\/fonster\/fonsterunderhall\/\">F\u00f6nsterunderh\u00e5ll<\/a>\n\t\t\t\t\t\t<\/div>\n\t\t<\/div>\n\t\t\t\t<div class=\"featured-item--image grid-item\"\n\t\t\t\t\tdata-interchange=\"\n\t\t\t\t\t[https:\/\/www.skaala.com\/wp-content\/uploads\/2023\/04\/Lasiliukuoviautonakymaautowww-1024x683.jpg, small], \n\t\t\t\t\t[https:\/\/www.skaala.com\/wp-content\/uploads\/2023\/04\/Lasiliukuoviautonakymaautowww-1024x683.jpg, medium], \n\t\t\t\t\t[https:\/\/www.skaala.com\/wp-content\/uploads\/2023\/04\/Lasiliukuoviautonakymaautowww-1200x800.jpg, large], \n\t\t\t\t\t[https:\/\/www.skaala.com\/wp-content\/uploads\/2023\/04\/Lasiliukuoviautonakymaautowww-1536x1024.jpg, xlarge]\"\n\t\t\t\t\t>\n\t\t<\/div>\n\t\t\t<\/div>\n\t\t<div class=\"featured-item\">\n\t\t<div class=\"content-half has-dark-gray-background-color\">\n\t\t\t<div class=\"featured-item--content grid-item\">\n\t\t\t\t\t\t<a class=\"button button-large\" href=\"https:\/\/www.skaala.com\/sv\/fonster\/sa-har-koper-du-fonster\/\">S\u00e5 h\u00e4r v\u00e4ljer du f\u00f6nster<\/a>\n\t\t\t\t\t\t<\/div>\n\t\t<\/div>\n\t\t\t\t<div class=\"featured-item--image grid-item\"\n\t\t\t\t\tdata-interchange=\"\n\t\t\t\t\t[https:\/\/www.skaala.com\/wp-content\/uploads\/2023\/06\/Seglingeautonakymaautoylakerranautoaula-1024x683.jpg, small], \n\t\t\t\t\t[https:\/\/www.skaala.com\/wp-content\/uploads\/2023\/06\/Seglingeautonakymaautoylakerranautoaula-1024x683.jpg, medium], \n\t\t\t\t\t[https:\/\/www.skaala.com\/wp-content\/uploads\/2023\/06\/Seglingeautonakymaautoylakerranautoaula-1200x800.jpg, large], \n\t\t\t\t\t[https:\/\/www.skaala.com\/wp-content\/uploads\/2023\/06\/Seglingeautonakymaautoylakerranautoaula-1536x1024.jpg, xlarge]\"\n\t\t\t\t\t>\n\t\t<\/div>\n\t\t\t<\/div>\n\t\t<div class=\"featured-item\">\n\t\t<div class=\"content-half has-dark-gray-background-color\">\n\t\t\t<div class=\"featured-item--content grid-item\">\n\t\t\t\t\t\t<a class=\"button button-large\" href=\"https:\/\/www.skaala.com\/sv\/kontaktuppgifter\/\">Kontaktuppgifter<\/a>\n\t\t\t\t\t\t<\/div>\n\t\t<\/div>\n\t\t\t\t<div class=\"featured-item--image grid-item\"\n\t\t\t\t\tdata-interchange=\"\n\t\t\t\t\t[https:\/\/www.skaala.com\/wp-content\/uploads\/2024\/04\/quino-al-4SNUcHPiC8c-unsplash-1024x683.jpg, small], \n\t\t\t\t\t[https:\/\/www.skaala.com\/wp-content\/uploads\/2024\/04\/quino-al-4SNUcHPiC8c-unsplash-1024x683.jpg, medium], \n\t\t\t\t\t[https:\/\/www.skaala.com\/wp-content\/uploads\/2024\/04\/quino-al-4SNUcHPiC8c-unsplash-1200x800.jpg, large], \n\t\t\t\t\t[https:\/\/www.skaala.com\/wp-content\/uploads\/2024\/04\/quino-al-4SNUcHPiC8c-unsplash-1536x1024.jpg, xlarge]\"\n\t\t\t\t\t>\n\t\t<\/div>\n\t\t\t<\/div>\n\t<\/div>\n","protected":false},"excerpt":{"rendered":"","protected":false},"author":5,"featured_media":3615,"parent":3548,"menu_order":0,"comment_status":"closed","ping_status":"closed","template":"","meta":{"_acf_changed":false,"inline_featured_image":false,"footnotes":""},"class_list":["post-5809","page","type-page","status-publish","has-post-thumbnail","hentry"],"acf":[],"_links":{"self":[{"href":"https:\/\/www.skaala.com\/sv\/wp-json\/wp\/v2\/pages\/5809","targetHints":{"allow":["GET"]}}],"collection":[{"href":"https:\/\/www.skaala.com\/sv\/wp-json\/wp\/v2\/pages"}],"about":[{"href":"https:\/\/www.skaala.com\/sv\/wp-json\/wp\/v2\/types\/page"}],"author":[{"embeddable":true,"href":"https:\/\/www.skaala.com\/sv\/wp-json\/wp\/v2\/users\/5"}],"replies":[{"embeddable":true,"href":"https:\/\/www.skaala.com\/sv\/wp-json\/wp\/v2\/comments?post=5809"}],"version-history":[{"count":4,"href":"https:\/\/www.skaala.com\/sv\/wp-json\/wp\/v2\/pages\/5809\/revisions"}],"predecessor-version":[{"id":25023,"href":"https:\/\/www.skaala.com\/sv\/wp-json\/wp\/v2\/pages\/5809\/revisions\/25023"}],"up":[{"embeddable":true,"href":"https:\/\/www.skaala.com\/sv\/wp-json\/wp\/v2\/pages\/3548"}],"wp:featuredmedia":[{"embeddable":true,"href":"https:\/\/www.skaala.com\/sv\/wp-json\/wp\/v2\/media\/3615"}],"wp:attachment":[{"href":"https:\/\/www.skaala.com\/sv\/wp-json\/wp\/v2\/media?parent=5809"}],"curies":[{"name":"wp","href":"https:\/\/api.w.org\/{rel}","templated":true}]}}