{"id":6011,"date":"2020-05-24T09:52:43","date_gmt":"2020-05-24T06:52:43","guid":{"rendered":"https:\/\/www.skaala.com\/?page_id=6011"},"modified":"2024-05-21T10:28:13","modified_gmt":"2024-05-21T07:28:13","slug":"din-expert-pa-ljud-och-energifornster","status":"publish","type":"page","link":"https:\/\/www.skaala.com\/sv\/","title":{"rendered":"Din expert p\u00e5 ljud- och energif\u00f6nster"},"content":{"rendered":"\n\t<header class=\"featured-hero custom\" role=\"banner\" data-interchange=\"\n\t\t[https:\/\/www.skaala.com\/wp-content\/uploads\/2022\/11\/Skaalaauto2022autoFotografautoMattiasautoHamrenauto30-1280x400.jpg, small],\n\t\t[https:\/\/www.skaala.com\/wp-content\/uploads\/2022\/11\/Skaalaauto2022autoFotografautoMattiasautoHamrenauto30-1280x400.jpg,medium],\n\t\t[https:\/\/www.skaala.com\/wp-content\/uploads\/2022\/11\/Skaalaauto2022autoFotografautoMattiasautoHamrenauto30-1440x400.jpg, large],\n\t\t[https:\/\/www.skaala.com\/wp-content\/uploads\/2022\/11\/Skaalaauto2022autoFotografautoMattiasautoHamrenauto30-1920x400.jpg, xlarge]\">\n\t\t\t<h1>Din expert p\u00e5 ljud- och energif\u00f6nster<\/h1>\n\t<\/header>\n\t\n\n\n<div class=\"wp-block-custom-content-area custom-wrapper aligncenter has-light-blue-background-color\"><div class=\"outer-wrap\">\t\n\t<div id=\"heading-block-block_619c9b4d5ce6b0775149dcf0c03ee3b8\" class=\"heading-block\">\n\t\t<h2 ><span>V\u00e4lkommen till Skaala din f\u00f6nsterexpert<\/span><\/h2>\t<\/div>\n\n\n\n<div id=\"text-block-block_83dcecac60c8e8153d825fb26ccd16e0\" class=\"text-block\">\n\t\t\t<p>V\u00e4lkommen till Skaala din expert p\u00e5 innovativa f\u00f6nster- och d\u00f6rrl\u00f6sningar tillverkade i det natursk\u00f6na finska \u00d6sterbotten. Med v\u00e5r djupa expertis och l\u00e5nga tradition inom tillverkning, kombinerar vi modern teknologi med klassiskt hantverk f\u00f6r att skapa produkter som inte bara h\u00f6jer standarden f\u00f6r boendekomfort utan ocks\u00e5 v\u00e4rnar om milj\u00f6n.<\/p>\n\t<\/div>\n\n\n\n\t\n\t<div id=\"heading-block-block_d828d2069b9cae47bed19e26ef95062b\" class=\"heading-block\">\n\t\t<h3 ><span>V\u00e5r Vision och Mission: Engagemang f\u00f6r Nordisk Natur och H\u00e5llbar Utveckling<\/span><\/h3>\t<\/div>\n\n\n\t\n\t<div id=\"heading-block-block_680ff4a23145a03cd95916369e4b8459\" class=\"heading-block\">\n\t\t<h4 ><span>Respekterar V\u00e5r Nordiska Natur<\/span><\/h4>\t<\/div>\n\n\n\n<div id=\"text-block-block_f1984f9149cf488139073f9ba2f0381c\" class=\"text-block\">\n\t\t\t<p>Vi \u00e4r djupt engagerade i att skydda den kraftfulla nordiska naturen, vilket speglar sig i v\u00e5r verksamhet. Med ett ansvarsk\u00e4nnande och framtidsorienterat tillv\u00e4gag\u00e5ngss\u00e4tt str\u00e4var vi efter att alltid vara tv\u00e5 steg f\u00f6re \u2013 detta g\u00f6r oss till en p\u00e5litlig partner n\u00e4r det g\u00e4ller dina f\u00f6nster och d\u00f6rrar.<\/p>\n\t<\/div>\n\n\n\n\t\n\t<div id=\"heading-block-block_60096edf4151e591215fc470a79cc2fd\" class=\"heading-block\">\n\t\t<h4 ><span>H\u00e5llbara L\u00f6sningar f\u00f6r Nordiska F\u00f6rh\u00e5llanden<\/span><\/h4>\t<\/div>\n\n\n\n<div id=\"text-block-block_46da4000802da52298fb726c621f432b\" class=\"text-block\">\n\t\t\t<p>Som ett familje\u00e4gt f\u00f6retag och Finlands ledande varum\u00e4rke inom f\u00f6nster och d\u00f6rrar har vi sedan 1956 tillverkat v\u00e5ra produkter i Finland. Alla v\u00e5ra produkter \u00e4r m\u00e4rkta med Nyckelflaggan som symboliserar h\u00f6g kvalitet och lokal produktion.<\/p>\n\t<\/div>\n\n\n\n\t\n\t<div id=\"heading-block-block_5afae19f210d97711f4d840f77744737\" class=\"heading-block\">\n\t\t<h3 ><span>Experter p\u00e5 Ljud och Energif\u00f6nster<\/span><\/h3>\t<\/div>\n\n\n\n<div id=\"text-block-block_d6539cbf56362848ad57cd61d256767e\" class=\"text-block\">\n\t\t\t<p>V\u00e5r kompetens omfattar avancerade <a href=\"https:\/\/www.skaala.com\/sv\/expert-pa-ljud-och-energifonster\/\">ljud- och energieffektiva f\u00f6nster<\/a> som inte bara minskar energikostnader men ocks\u00e5 \u00f6kar komforten i ditt hem. Vi \u00e4r s\u00e4rskilt stolta \u00f6ver v\u00e5r f\u00f6rm\u00e5ga att leverera skr\u00e4ddarsydda produkter till renoveringsmarknaden, perfekt anpassade f\u00f6r ditt <a href=\"https:\/\/www.skaala.com\/sv\/fonsterbyte-historiska-hus\/\">ROT-projekt<\/a>. V\u00e5ra produkter kombinerar sm\u00e4ckra profiler med m\u00f6tande b\u00e5gar f\u00f6r att b\u00e5de bevara och f\u00f6rh\u00f6ja byggnaders estetiska och funktionella v\u00e4rde.<\/p>\n<p>&nbsp;<\/p>\n\t<\/div>\n\n\n\n\t\n\t<div id=\"heading-block-block_7b5c207e2b49525f759fc44f4d2936d3\" class=\"heading-block\">\n\t\t<h3 ><span>En Del av IFN Holding<\/span><\/h3>\t<\/div>\n\n\n\n<div id=\"text-block-block_cc862cfeb8e6bd9d703182b3418e58fe\" class=\"text-block\">\n\t\t\t<p>Skaala \u00e4r en stolt medlem av IFN Holding, en ledande europeisk f\u00f6retagskoncern inom f\u00f6nsterbranschen. Detta partnerskap f\u00f6rst\u00e4rker v\u00e5rt erbjudande med tillg\u00e5ng till internationella resurser och innovationer produktl\u00f6sningar.<\/p>\n\t<\/div>\n\n\n\n\t\n\t<div id=\"heading-block-block_5d0fd33d263df59528f084f1942beb5f\" class=\"heading-block\">\n\t\t<h3 ><span>V\u00e5rt Uppdrag: F\u00f6rb\u00e4ttra Boendekomfort och Energiutnyttjande<\/span><\/h3>\t<\/div>\n\n\n\n<div id=\"text-block-block_99c92949891a06a957ac4cff0af2b457\" class=\"text-block\">\n\t\t\t<p>V\u00e5rt uppdrag \u00e4r att utnyttja v\u00e5r expertis inom glas f\u00f6r att f\u00f6rb\u00e4ttra boendekomforten och energieffektiviteten genom h\u00e5llbara och h\u00e5llbara l\u00f6sningar. Vi vill se till att den nordiska naturen kan avnjutas av framtida generationer. Vi erbjuder h\u00f6gkvalitativa, h\u00e5llbara f\u00f6nster och d\u00f6rrl\u00f6sningar som garanterar sinnesro f\u00f6r dig som s\u00f6ker det b\u00e4sta f\u00f6r ditt nya eller renoverade hem.<\/p>\n\t<\/div>\n\n\n\n\n<div id=\"image-block_2e4a6fac859a08e10b46832362fac37e\" class=\"image-block\">\n\t\t\t\t<div class=\"image-container\" style=\"width: px; height: \n\t\tauto;\">\n\t\t\t<img decoding=\"async\" src=\"https:\/\/www.skaala.com\/wp-content\/uploads\/2022\/11\/Skaalaauto2022autoFotografautoMattiasautoHamrenauto41-scaled.jpg\" alt=\"N\u00e4rbild av Skaala f\u00f6nster\">\n\t\t<\/div>\n\t \n\n\t<\/div>\n\n\n\n\t\n\t<div id=\"heading-block-block_1d6d3c26ba67891eb97b5a7ce701f2af\" class=\"heading-block\">\n\t\t<h2 ><span>F\u00e5r snabbare hj\u00e4lp av Emma<\/span><\/h2>\t<\/div>\n\n\n\n<div id=\"text-block-block_98f0c5f1436d737e63ada2f6a47d7c6b\" class=\"text-block\">\n\t\t\t<p>Tr\u00e4ffa Emma, Skaalas AI-expert! Du kan <a href=\"https:\/\/www.skaala.com\/sv\/chat\/\">chatta<\/a> med oss n\u00e4r som helst, dygnet runt, genom v\u00e5r dedikerade AI-assistent Emma. Hon \u00e4r h\u00e4r f\u00f6r att ge dig information om v\u00e5ra produkter, erbjuda support n\u00e4r n\u00e5got inte fungerar som det borde och besvara dina fr\u00e5gor g\u00e4llande f\u00f6nster, U-v\u00e4rden och ljudv\u00e4rden. Emma har all den kunskap som kr\u00e4vs f\u00f6r att guida dig genom Skaalas sortiment.<\/p>\n\t<\/div>\n\n<\/div><\/div>\n\n\n<div class=\"latest-by-category\">\n\t<div class=\"left-half grid-item has-dark-gray-background-color\">\n\t\t<div class=\"articles-title\">\n\t\t\t<h1>Nyheter<\/h1>\n\t\t<\/div>\n\t<\/div>\n\t<div class=\"right-half grid-item has-light-blue-background-color\">\n\t<div class=\"articles-grid\">\n\t \n\t\t<div class=\"article-item\">\n\t\t\t\t\t\t\t\t\t<a class=\"flag-button\" href=\"https:\/\/www.skaala.com\/sv\/nyheter\/\">nyheter<i class=\"arrow-right-white\"><\/i><\/a>\n\t\t\t\t\t<a class=\"article-item--link\" href=\"https:\/\/www.skaala.com\/sv\/ny-vd-antti-hautapakka\/\">\n\t\t\t\t\t\t<h3 class=\"article-item--title\" >\n\t\t\t\t\t\t\tAntti Hautapakka blir ny VD f\u00f6r Skaala IFN Oy\t\t\t\t\t\t<\/h3>\n\t\t\t\t\t\t<p class=\"article-item--meta-info\">\n\t\t\t\t\t\t\t03.04.25\t\t\t\t\t\t<\/p>\n\t\t\t\t\t<\/a>\n\n\t \n\t\t\t\t\t \n\t\t<\/div>\n\t \n\t\t\t\t \n\t\t<div class=\"article-item\">\n\t\t\t\t\t\t\t\t\t<a class=\"flag-button\" href=\"https:\/\/www.skaala.com\/sv\/referens\/\">referens<i class=\"arrow-right-white\"><\/i><\/a>\n\t\t\t\t\t<a class=\"article-item--link\" href=\"https:\/\/www.skaala.com\/sv\/fabriken\/\">\n\t\t\t\t\t\t<h3 class=\"article-item--title\" >\n\t\t\t\t\t\t\tFabriken i Nacka Strand\t\t\t\t\t\t<\/h3>\n\t\t\t\t\t\t<p class=\"article-item--meta-info\">\n\t\t\t\t\t\t\t03.12.24\t\t\t\t\t\t<\/p>\n\t\t\t\t\t<\/a>\n\n\t \n\t\t\t\t\t \n\t\t<\/div>\n\t \n\t\t\t\t \n\t\t<div class=\"article-item\">\n\t\t\t\t\t\t\t\t\t<a class=\"flag-button\" href=\"https:\/\/www.skaala.com\/sv\/fonsterskola\/\">fonsterskola<i class=\"arrow-right-white\"><\/i><\/a>\n\t\t\t\t\t<a class=\"article-item--link\" href=\"https:\/\/www.skaala.com\/sv\/kondens-fonster\/\">\n\t\t\t\t\t\t<h3 class=\"article-item--title\" >\n\t\t\t\t\t\t\tKondens p\u00e5 F\u00f6nster: Orsaker och L\u00f6sningar\t\t\t\t\t\t<\/h3>\n\t\t\t\t\t\t<p class=\"article-item--meta-info\">\n\t\t\t\t\t\t\t19.09.24\t\t\t\t\t\t<\/p>\n\t\t\t\t\t<\/a>\n\n\t \n\t\t\t\t\t \n\t\t<\/div>\n\t \n\t\t\t<\/div>\n<\/div>\n<\/div>\n\n\n\n\n<div class=\"featured-items-block block\">\n\t<div class=\"featured-item\">\n\t\t<div class=\"content-half has-dark-gray-background-color\">\n\t\t\t<div class=\"featured-item--content grid-item\">\n\t\t\t\t\t\t<a class=\"button button-large\" href=\"https:\/\/www.skaala.com\/sv\/kontaktuppgifter\/\">Kontaktuppgifter<\/a>\n\t\t\t\t\t\t<\/div>\n\t\t<\/div>\n\t\t\t\t<div class=\"featured-item--image grid-item\"\n\t\t\t\t\tdata-interchange=\"\n\t\t\t\t\t[https:\/\/www.skaala.com\/wp-content\/uploads\/2024\/04\/quino-al-4SNUcHPiC8c-unsplash-1024x683.jpg, small], \n\t\t\t\t\t[https:\/\/www.skaala.com\/wp-content\/uploads\/2024\/04\/quino-al-4SNUcHPiC8c-unsplash-1024x683.jpg, medium], \n\t\t\t\t\t[https:\/\/www.skaala.com\/wp-content\/uploads\/2024\/04\/quino-al-4SNUcHPiC8c-unsplash-1200x800.jpg, large], \n\t\t\t\t\t[https:\/\/www.skaala.com\/wp-content\/uploads\/2024\/04\/quino-al-4SNUcHPiC8c-unsplash-1536x1024.jpg, xlarge]\"\n\t\t\t\t\t>\n\t\t<\/div>\n\t\t\t<\/div>\n\t\t<div class=\"featured-item\">\n\t\t<div class=\"content-half has-dark-gray-background-color\">\n\t\t\t<div class=\"featured-item--content grid-item\">\n\t\t\t\t\t\t<a class=\"button button-large\" href=\"https:\/\/www.skaala.com\/sv\/fonster\/sa-har-koper-du-fonster\/\">S\u00e5 h\u00e4r v\u00e4ljer du f\u00f6nster<\/a>\n\t\t\t\t\t\t<\/div>\n\t\t<\/div>\n\t\t\t\t<div class=\"featured-item--image grid-item\"\n\t\t\t\t\tdata-interchange=\"\n\t\t\t\t\t[https:\/\/www.skaala.com\/wp-content\/uploads\/2023\/06\/Seglingeautonakymaautoylakerranautoaula-1024x683.jpg, small], \n\t\t\t\t\t[https:\/\/www.skaala.com\/wp-content\/uploads\/2023\/06\/Seglingeautonakymaautoylakerranautoaula-1024x683.jpg, medium], \n\t\t\t\t\t[https:\/\/www.skaala.com\/wp-content\/uploads\/2023\/06\/Seglingeautonakymaautoylakerranautoaula-1200x800.jpg, large], \n\t\t\t\t\t[https:\/\/www.skaala.com\/wp-content\/uploads\/2023\/06\/Seglingeautonakymaautoylakerranautoaula-1536x1024.jpg, xlarge]\"\n\t\t\t\t\t>\n\t\t<\/div>\n\t\t\t<\/div>\n\t<\/div>\n","protected":false},"excerpt":{"rendered":"","protected":false},"author":17,"featured_media":10542,"parent":0,"menu_order":0,"comment_status":"closed","ping_status":"closed","template":"","meta":{"_acf_changed":false,"inline_featured_image":false,"footnotes":""},"class_list":["post-6011","page","type-page","status-publish","has-post-thumbnail","hentry"],"acf":[],"_links":{"self":[{"href":"https:\/\/www.skaala.com\/sv\/wp-json\/wp\/v2\/pages\/6011","targetHints":{"allow":["GET"]}}],"collection":[{"href":"https:\/\/www.skaala.com\/sv\/wp-json\/wp\/v2\/pages"}],"about":[{"href":"https:\/\/www.skaala.com\/sv\/wp-json\/wp\/v2\/types\/page"}],"author":[{"embeddable":true,"href":"https:\/\/www.skaala.com\/sv\/wp-json\/wp\/v2\/users\/17"}],"replies":[{"embeddable":true,"href":"https:\/\/www.skaala.com\/sv\/wp-json\/wp\/v2\/comments?post=6011"}],"version-history":[{"count":126,"href":"https:\/\/www.skaala.com\/sv\/wp-json\/wp\/v2\/pages\/6011\/revisions"}],"predecessor-version":[{"id":20841,"href":"https:\/\/www.skaala.com\/sv\/wp-json\/wp\/v2\/pages\/6011\/revisions\/20841"}],"wp:featuredmedia":[{"embeddable":true,"href":"https:\/\/www.skaala.com\/sv\/wp-json\/wp\/v2\/media\/10542"}],"wp:attachment":[{"href":"https:\/\/www.skaala.com\/sv\/wp-json\/wp\/v2\/media?parent=6011"}],"curies":[{"name":"wp","href":"https:\/\/api.w.org\/{rel}","templated":true}]}}